{"id":1638,"date":"2023-09-12T08:32:26","date_gmt":"2023-09-12T08:32:26","guid":{"rendered":"https:\/\/site3.easyceotech.com\/?page_id=1638"},"modified":"2023-09-12T08:33:29","modified_gmt":"2023-09-12T08:33:29","slug":"industrial-manufacturing","status":"publish","type":"page","link":"https:\/\/met3dp.sg\/vi\/industrial-manufacturing\/","title":{"rendered":"S\u1ea3n xu\u1ea5t c\u00f4ng nghi\u1ec7p"},"content":{"rendered":"<div data-elementor-type=\"wp-page\" data-elementor-id=\"1638\" class=\"elementor elementor-1638\" data-elementor-post-type=\"page\">\n\t\t\t\t<div class=\"elementor-element elementor-element-609ee33 e-flex e-con-boxed e-con e-parent\" data-id=\"609ee33\" data-element_type=\"container\" data-e-type=\"container\" data-settings=\"{&quot;background_background&quot;:&quot;classic&quot;}\">\n\t\t\t\t\t<div class=\"e-con-inner\">\n\t\t\t\t<div class=\"elementor-element elementor-element-523b368 elementor-widget elementor-widget-heading\" data-id=\"523b368\" data-element_type=\"widget\" data-e-type=\"widget\" data-widget_type=\"heading.default\">\n\t\t\t\t<div class=\"elementor-widget-container\">\n\t\t\t\t\t<h1 class=\"elementor-heading-title elementor-size-default\">S\u1ea3n xu\u1ea5t c\u00f4ng nghi\u1ec7p<\/h1>\t\t\t\t<\/div>\n\t\t\t\t<\/div>\n\t\t\t\t\t<\/div>\n\t\t\t\t<\/div>\n\t\t<div class=\"elementor-element elementor-element-d18a754 e-flex e-con-boxed e-con e-parent\" data-id=\"d18a754\" data-element_type=\"container\" data-e-type=\"container\">\n\t\t\t\t\t<div class=\"e-con-inner\">\n\t\t<div class=\"elementor-element elementor-element-9bcb66d e-con-full e-flex e-con e-parent\" data-id=\"9bcb66d\" data-element_type=\"container\" data-e-type=\"container\">\n\t\t\t\t<div class=\"elementor-element elementor-element-041b6e9 elementor-widget elementor-widget-image\" data-id=\"041b6e9\" data-element_type=\"widget\" data-e-type=\"widget\" data-widget_type=\"image.default\">\n\t\t\t\t<div class=\"elementor-widget-container\">\n\t\t\t\t\t\t\t\t\t\t\t\t\t\t\t<img fetchpriority=\"high\" decoding=\"async\" width=\"600\" height=\"600\" src=\"https:\/\/met3dp.sg\/wp-content\/uploads\/2023\/09\/w95Fb7EEcjE.jpg\" class=\"attachment-large size-large wp-image-1584\" alt=\"\" srcset=\"https:\/\/met3dp.sg\/wp-content\/uploads\/2023\/09\/w95Fb7EEcjE.jpg 600w, https:\/\/met3dp.sg\/wp-content\/uploads\/2023\/09\/w95Fb7EEcjE-300x300.jpg 300w, https:\/\/met3dp.sg\/wp-content\/uploads\/2023\/09\/w95Fb7EEcjE-150x150.jpg 150w, https:\/\/met3dp.sg\/wp-content\/uploads\/2023\/09\/w95Fb7EEcjE-100x100.jpg 100w\" sizes=\"(max-width: 600px) 100vw, 600px\" title=\"\">\t\t\t\t\t\t\t\t\t\t\t\t\t\t\t<\/div>\n\t\t\t\t<\/div>\n\t\t\t\t<\/div>\n\t\t<div class=\"elementor-element elementor-element-23866d7 e-con-full e-flex e-con e-parent\" data-id=\"23866d7\" data-element_type=\"container\" data-e-type=\"container\">\n\t\t\t\t<div class=\"elementor-element elementor-element-c61b67c elementor-widget elementor-widget-heading\" data-id=\"c61b67c\" data-element_type=\"widget\" data-e-type=\"widget\" data-widget_type=\"heading.default\">\n\t\t\t\t<div class=\"elementor-widget-container\">\n\t\t\t\t\t<h2 class=\"elementor-heading-title elementor-size-default\">S\u1ea3n xu\u1ea5t c\u00f4ng nghi\u1ec7p l\u00e0 m\u1ed9t trong nh\u1eefng thay \u0111\u1ed5i li\u00ean t\u1ee5c. <\/h2>\t\t\t\t<\/div>\n\t\t\t\t<\/div>\n\t\t\t\t<div class=\"elementor-element elementor-element-b59118a elementor-widget elementor-widget-text-editor\" data-id=\"b59118a\" data-element_type=\"widget\" data-e-type=\"widget\" data-widget_type=\"text-editor.default\">\n\t\t\t\t<div class=\"elementor-widget-container\">\n\t\t\t\t\t\t\t\t\t<p class=\"whitespace-pre-wrap\">S\u1ea3n xu\u1ea5t ph\u1ee5 gia cho ph\u00e9p c\u00e1c nh\u00e0 s\u1ea3n xu\u1ea5t c\u00f4ng nghi\u1ec7p s\u1ea3n xu\u1ea5t c\u00e1c th\u00e0nh ph\u1ea7n ph\u1ee9c t\u1ea1p, \u0111\u01b0\u1ee3c t\u1ed1i \u01b0u h\u00f3a. In 3D kim lo\u1ea1i t\u1ea1o \u0111i\u1ec1u ki\u1ec7n cho c\u00e1c thi\u1ebft k\u1ebf kh\u00f4ng th\u1ec3 c\u00f3 v\u1edbi c\u00e1c k\u1ef9 thu\u1eadt tr\u1eeb, h\u1ee3p nh\u1ea5t c\u00e1c c\u1ee5m th\u00e0nh c\u00e1c ph\u1ea7n in duy nh\u1ea5t. \u0110i\u1ec1u n\u00e0y l\u00e0m gi\u1ea3m c\u00e1c b\u01b0\u1edbc s\u1ea3n xu\u1ea5t trong khi c\u1ea3i thi\u1ec7n hi\u1ec7u su\u1ea5t.<\/p><p class=\"whitespace-pre-wrap\">Metal 3DP l\u00e0 \u0111\u1ed1i t\u00e1c l\u00fd t\u01b0\u1edfng cho c\u00e1c c\u00f4ng ty c\u00f4ng nghi\u1ec7p th\u1ef1c hi\u1ec7n AM kim lo\u1ea1i. C\u00e1c h\u1ec7 th\u1ed1ng n\u00f3ng ch\u1ea3y ch\u00f9m tia \u0111i\u1ec7n t\u1eed ch\u1ecdn l\u1ecdc ti\u00ean ti\u1ebfn c\u1ee7a ch\u00fang t\u00f4i v\u01b0\u1ee3t tr\u1ed9i khi l\u00e0m vi\u1ec7c v\u1edbi th\u00e9p, nh\u00f4m, niken, titan v\u00e0 c\u00e1c h\u1ee3p kim s\u1ea3n xu\u1ea5t kh\u00e1c. Qu\u00e1 tr\u00ecnh c\u1ee7a ch\u00fang t\u00f4i \u0111\u1ea1t \u0111\u01b0\u1ee3c c\u00e1c t\u00ednh ch\u1ea5t c\u01a1 h\u1ecdc, \u0111\u1ed9 ch\u00ednh x\u00e1c v\u00e0 ho\u00e0n thi\u1ec7n b\u1ec1 m\u1eb7t c\u1ea7n thi\u1ebft cho c\u00e1c b\u1ed9 ph\u1eadn v\u00e0 d\u1ee5ng c\u1ee5 c\u00f4ng nghi\u1ec7p s\u1eed d\u1ee5ng cu\u1ed1i.<\/p><p class=\"whitespace-pre-wrap\">Ngo\u00e0i ra, Metal 3DP cung c\u1ea5p nhi\u1ec1u l\u1ef1a ch\u1ecdn b\u1ed9t kim lo\u1ea1i \u0111\u01b0\u1ee3c t\u1ed1i \u01b0u h\u00f3a cho m\u00e1y in c\u1ee7a ch\u00fang t\u00f4i. Ch\u00fang bao g\u1ed3m th\u00e9p kh\u00f4ng g\u1ec9, th\u00e9p Maraging, h\u1ee3p kim nh\u00f4m, h\u1ee3p kim \u0111\u1ed3ng, v.v. B\u1ed9t ch\u1ea5t l\u01b0\u1ee3ng cao c\u1ee7a ch\u00fang t\u00f4i \u0111\u1ea3m b\u1ea3o in \u1ea5n \u0111\u00e1ng tin c\u1eady, l\u1eb7p \u0111i l\u1eb7p l\u1ea1i c\u00e1c th\u00e0nh ph\u1ea7n c\u00f4ng nghi\u1ec7p d\u00e0y \u0111\u1eb7c, b\u1ec1n b\u1ec9.<\/p><p class=\"whitespace-pre-wrap\">V\u1edbi chuy\u00ean m\u00f4n gi\u1eefa c\u00e1c ng\u00e0nh c\u00f4ng nghi\u1ec7p, Metal 3DP gi\u00fap c\u00e1c nh\u00e0 s\u1ea3n xu\u1ea5t x\u00e1c nh\u1eadn v\u00e0 \u0111\u1ee7 \u0111i\u1ec1u ki\u1ec7n c\u00e1c b\u1ed9 ph\u1eadn in cho s\u00e0n nh\u00e0 m\u00e1y. B\u1eb1ng c\u00e1ch t\u1eadn d\u1ee5ng c\u00e1c gi\u1ea3i ph\u00e1p s\u1ea3n xu\u1ea5t ph\u1ee5 gia h\u00e0ng \u0111\u1ea7u c\u1ee7a ch\u00fang t\u00f4i, c\u00e1c c\u00f4ng ty c\u00f4ng nghi\u1ec7p c\u00f3 th\u1ec3 n\u1eafm l\u1ea5y in 3D kim lo\u1ea1i \u0111\u1ec3 h\u1ee3p l\u00fd h\u00f3a s\u1ea3n xu\u1ea5t v\u00e0 c\u1ea3i thi\u1ec7n hi\u1ec7u su\u1ea5t m\u1ed9t ph\u1ea7n.<\/p><p class=\"whitespace-pre-wrap\">C\u00e1c \u0111\u1ed1i t\u00e1c 3DP kim lo\u1ea1i v\u1edbi c\u00e1c t\u1ed5 ch\u1ee9c c\u00f4ng nghi\u1ec7p \u0111\u1ec3 th\u1ef1c hi\u1ec7n AM kim lo\u1ea1i v\u00e0 nh\u1eadn ra l\u1ee3i \u00edch c\u1ee7a n\u00f3. Kh\u1ea3 n\u0103ng to\u00e0n di\u1ec7n c\u1ee7a ch\u00fang t\u00f4i tr\u01b0\u1edbc c\u00e1c k\u1ef9 thu\u1eadt ph\u1ee5 gia \u0111\u1ec3 s\u1ea3n xu\u1ea5t th\u1ebf h\u1ec7 ti\u1ebfp theo.<\/p>\t\t\t\t\t\t\t\t<\/div>\n\t\t\t\t<\/div>\n\t\t\t\t<\/div>\n\t\t\t\t\t<\/div>\n\t\t\t\t<\/div>\n\t\t\t\t<\/div>","protected":false},"excerpt":{"rendered":"<p>Industrial Manufacturing The Industrial Manufacturing is one of constant change. Additive manufacturing enables industrial manufacturers to produce complex, optimized components. Metal 3D printing facilitates designs not possible with subtractive techniques, consolidating assemblies into single printed parts. This reduces production steps while improving performance. Metal 3DP is the ideal partner for industrial companies implementing metal AM. [&hellip;]<\/p>\n","protected":false},"author":1,"featured_media":0,"parent":0,"menu_order":0,"comment_status":"closed","ping_status":"closed","template":"","meta":{"footnotes":""},"class_list":["post-1638","page","type-page","status-publish","hentry"],"blocksy_meta":[],"_links":{"self":[{"href":"https:\/\/met3dp.sg\/vi\/wp-json\/wp\/v2\/pages\/1638","targetHints":{"allow":["GET"]}}],"collection":[{"href":"https:\/\/met3dp.sg\/vi\/wp-json\/wp\/v2\/pages"}],"about":[{"href":"https:\/\/met3dp.sg\/vi\/wp-json\/wp\/v2\/types\/page"}],"author":[{"embeddable":true,"href":"https:\/\/met3dp.sg\/vi\/wp-json\/wp\/v2\/users\/1"}],"replies":[{"embeddable":true,"href":"https:\/\/met3dp.sg\/vi\/wp-json\/wp\/v2\/comments?post=1638"}],"version-history":[{"count":4,"href":"https:\/\/met3dp.sg\/vi\/wp-json\/wp\/v2\/pages\/1638\/revisions"}],"predecessor-version":[{"id":1645,"href":"https:\/\/met3dp.sg\/vi\/wp-json\/wp\/v2\/pages\/1638\/revisions\/1645"}],"wp:attachment":[{"href":"https:\/\/met3dp.sg\/vi\/wp-json\/wp\/v2\/media?parent=1638"}],"curies":[{"name":"wp","href":"https:\/\/api.w.org\/{rel}","templated":true}]}}