{"id":1633,"date":"2023-09-12T08:31:20","date_gmt":"2023-09-12T08:31:20","guid":{"rendered":"https:\/\/site3.easyceotech.com\/?page_id=1633"},"modified":"2023-09-12T08:33:23","modified_gmt":"2023-09-12T08:33:23","slug":"energy-sector","status":"publish","type":"page","link":"https:\/\/met3dp.sg\/vi\/energy-sector\/","title":{"rendered":"Ng\u00e0nh n\u0103ng l\u01b0\u1ee3ng"},"content":{"rendered":"<div data-elementor-type=\"wp-page\" data-elementor-id=\"1633\" class=\"elementor elementor-1633\" data-elementor-post-type=\"page\">\n\t\t\t\t<div class=\"elementor-element elementor-element-4b91bc7 e-flex e-con-boxed e-con e-parent\" data-id=\"4b91bc7\" data-element_type=\"container\" data-e-type=\"container\" data-settings=\"{&quot;background_background&quot;:&quot;classic&quot;}\">\n\t\t\t\t\t<div class=\"e-con-inner\">\n\t\t\t\t<div class=\"elementor-element elementor-element-8565365 elementor-widget elementor-widget-heading\" data-id=\"8565365\" data-element_type=\"widget\" data-e-type=\"widget\" data-widget_type=\"heading.default\">\n\t\t\t\t<div class=\"elementor-widget-container\">\n\t\t\t\t\t<h1 class=\"elementor-heading-title elementor-size-default\">Ng\u00e0nh n\u0103ng l\u01b0\u1ee3ng<\/h1>\t\t\t\t<\/div>\n\t\t\t\t<\/div>\n\t\t\t\t\t<\/div>\n\t\t\t\t<\/div>\n\t\t<div class=\"elementor-element elementor-element-aecc530 e-flex e-con-boxed e-con e-parent\" data-id=\"aecc530\" data-element_type=\"container\" data-e-type=\"container\">\n\t\t\t\t\t<div class=\"e-con-inner\">\n\t\t<div class=\"elementor-element elementor-element-0f98921 e-con-full e-flex e-con e-parent\" data-id=\"0f98921\" data-element_type=\"container\" data-e-type=\"container\">\n\t\t\t\t<div class=\"elementor-element elementor-element-1a9c1d7 elementor-widget elementor-widget-image\" data-id=\"1a9c1d7\" data-element_type=\"widget\" data-e-type=\"widget\" data-widget_type=\"image.default\">\n\t\t\t\t<div class=\"elementor-widget-container\">\n\t\t\t\t\t\t\t\t\t\t\t\t\t\t\t<img fetchpriority=\"high\" decoding=\"async\" width=\"600\" height=\"600\" src=\"https:\/\/met3dp.sg\/wp-content\/uploads\/2023\/09\/energy-1.jpg\" class=\"attachment-large size-large wp-image-1583\" alt=\"\" srcset=\"https:\/\/met3dp.sg\/wp-content\/uploads\/2023\/09\/energy-1.jpg 600w, https:\/\/met3dp.sg\/wp-content\/uploads\/2023\/09\/energy-1-300x300.jpg 300w, https:\/\/met3dp.sg\/wp-content\/uploads\/2023\/09\/energy-1-150x150.jpg 150w, https:\/\/met3dp.sg\/wp-content\/uploads\/2023\/09\/energy-1-100x100.jpg 100w\" sizes=\"(max-width: 600px) 100vw, 600px\" title=\"\">\t\t\t\t\t\t\t\t\t\t\t\t\t\t\t<\/div>\n\t\t\t\t<\/div>\n\t\t\t\t<\/div>\n\t\t<div class=\"elementor-element elementor-element-2618746 e-con-full e-flex e-con e-parent\" data-id=\"2618746\" data-element_type=\"container\" data-e-type=\"container\">\n\t\t\t\t<div class=\"elementor-element elementor-element-36c8521 elementor-widget elementor-widget-heading\" data-id=\"36c8521\" data-element_type=\"widget\" data-e-type=\"widget\" data-widget_type=\"heading.default\">\n\t\t\t\t<div class=\"elementor-widget-container\">\n\t\t\t\t\t<h2 class=\"elementor-heading-title elementor-size-default\">Ng\u00e0nh n\u0103ng l\u01b0\u1ee3ng l\u00e0 m\u1ed9t trong nh\u1eefng thay \u0111\u1ed5i li\u00ean t\u1ee5c. <\/h2>\t\t\t\t<\/div>\n\t\t\t\t<\/div>\n\t\t\t\t<div class=\"elementor-element elementor-element-bba5b55 elementor-widget elementor-widget-text-editor\" data-id=\"bba5b55\" data-element_type=\"widget\" data-e-type=\"widget\" data-widget_type=\"text-editor.default\">\n\t\t\t\t<div class=\"elementor-widget-container\">\n\t\t\t\t\t\t\t\t\t<p class=\"whitespace-pre-wrap\">Ng\u00e0nh c\u00f4ng nghi\u1ec7p n\u0103ng l\u01b0\u1ee3ng \u0111ang t\u1eadn d\u1ee5ng s\u1ea3n xu\u1ea5t ph\u1ee5 gia \u0111\u1ec3 s\u1ea3n xu\u1ea5t c\u00e1c b\u1ed9 ph\u1eadn v\u1edbi hi\u1ec7u su\u1ea5t n\u00e2ng cao. In 3D kim lo\u1ea1i cho ph\u00e9p c\u00e1c h\u00ecnh h\u1ecdc ph\u1ee9c t\u1ea1p c\u1ea3i thi\u1ec7n l\u01b0u l\u01b0\u1ee3ng nhi\u1ec7t v\u00e0 ch\u1ea5t l\u1ecfng trong tuabin, van v\u00e0 ph\u1ea7n c\u1ee9ng d\u1ea7u kh\u00ed kh\u00e1c. H\u1ee3p nh\u1ea5t l\u1eafp r\u00e1p th\u00e0nh c\u00e1c b\u1ed9 ph\u1eadn in \u0111\u01a1n c\u0169ng l\u00e0m gi\u1ea3m c\u00e1c b\u01b0\u1edbc s\u1ea3n xu\u1ea5t.<\/p><p class=\"whitespace-pre-wrap\">Metal 3DP l\u00e0 m\u1ed9t \u0111\u1ed1i t\u00e1c l\u00fd t\u01b0\u1edfng cho c\u00e1c c\u00f4ng ty n\u0103ng l\u01b0\u1ee3ng kh\u00e1m ph\u00e1 c\u00e1c k\u1ef9 thu\u1eadt AM kim lo\u1ea1i. C\u00e1c h\u1ec7 th\u1ed1ng n\u00f3ng ch\u1ea3y ch\u00f9m tia \u0111i\u1ec7n t\u1eed ch\u1ecdn l\u1ecdc ti\u00ean ti\u1ebfn c\u1ee7a ch\u00fang t\u00f4i v\u01b0\u1ee3t tr\u1ed9i khi l\u00e0m vi\u1ec7c v\u1edbi h\u1ee3p kim niken, h\u1ee3p kim coban v\u00e0 th\u00e9p kh\u00f4ng g\u1ec9 \u0111\u01b0\u1ee3c s\u1eed d\u1ee5ng r\u1ed9ng r\u00e3i trong c\u00e1c \u1ee9ng d\u1ee5ng n\u0103ng l\u01b0\u1ee3ng. Qu\u00e1 tr\u00ecnh c\u1ee7a ch\u00fang t\u00f4i \u0111\u1ea1t \u0111\u01b0\u1ee3c c\u00e1c t\u00ednh ch\u1ea5t c\u01a1 h\u1ecdc, ho\u00e0n thi\u1ec7n b\u1ec1 m\u1eb7t v\u00e0 \u0111\u1ed9 ch\u00ednh x\u00e1c k\u00edch th\u01b0\u1edbc c\u1ea7n thi\u1ebft cho c\u00e1c th\u00e0nh ph\u1ea7n d\u1ea7u kh\u00ed.<\/p><p class=\"whitespace-pre-wrap\">Ngo\u00e0i ra, Metal 3DP cung c\u1ea5p m\u1ed9t danh m\u1ee5c \u0111\u1ea7u t\u01b0 c\u1ee7a b\u1ed9t kim lo\u1ea1i \u0111\u01b0\u1ee3c t\u1ed1i \u01b0u h\u00f3a cho c\u00e1c m\u00e1y in c\u1ee7a ch\u00fang t\u00f4i. Ch\u00fang bao g\u1ed3m c\u00e1c h\u1ee3p kim niken, coban v\u00e0 th\u00e9p kh\u00f4ng g\u1ec9 th\u01b0\u1eddng \u0111\u01b0\u1ee3c s\u1eed d\u1ee5ng trong ph\u00e1t \u0111i\u1ec7n v\u00e0 d\u1ea7u v\u00e0 kh\u00ed. B\u1ed9t ch\u1ea5t l\u01b0\u1ee3ng cao c\u1ee7a ch\u00fang t\u00f4i \u0111\u1ea3m b\u1ea3o in \u1ea5n \u0111\u00e1ng tin c\u1eady, l\u1eb7p \u0111i l\u1eb7p l\u1ea1i c\u00e1c b\u1ed9 ph\u1eadn n\u0103ng l\u01b0\u1ee3ng d\u00e0y \u0111\u1eb7c, b\u1ec1n b\u1ec9.<\/p><p class=\"whitespace-pre-wrap\">V\u1edbi chuy\u00ean m\u00f4n trong c\u00e1c ng\u00e0nh c\u00f4ng nghi\u1ec7p \u0111\u01b0\u1ee3c quy \u0111\u1ecbnh, Metal 3DP gi\u00fap c\u00e1c c\u00f4ng ty n\u0103ng l\u01b0\u1ee3ng x\u00e1c nh\u1eadn c\u00e1c th\u00e0nh ph\u1ea7n in \u0111\u1ec3 s\u1eed d\u1ee5ng trong l\u0129nh v\u1ef1c n\u00e0y. B\u1eb1ng c\u00e1ch t\u1eadn d\u1ee5ng c\u00e1c h\u1ec7 th\u1ed1ng in 3D h\u00e0ng \u0111\u1ea7u c\u1ee7a ch\u00fang t\u00f4i v\u00e0 b\u1ed9t ph\u00f9 h\u1ee3p, c\u00e1c t\u1ed5 ch\u1ee9c n\u0103ng l\u01b0\u1ee3ng c\u00f3 th\u1ec3 tri\u1ec3n khai AM kim lo\u1ea1i \u0111\u1ec3 c\u1ea3i thi\u1ec7n hi\u1ec7u su\u1ea5t thi\u1ebft b\u1ecb.<\/p><p class=\"whitespace-pre-wrap\">C\u00e1c \u0111\u1ed1i t\u00e1c 3DP kim lo\u1ea1i v\u1edbi ng\u00e0nh n\u0103ng l\u01b0\u1ee3ng \u0111\u1ec3 n\u00e2ng cao c\u00e1c k\u1ef9 thu\u1eadt ph\u1ee5 gia kim lo\u1ea1i. C\u00e1c gi\u1ea3i ph\u00e1p to\u00e0n di\u1ec7n c\u1ee7a ch\u00fang t\u00f4i m\u1edf kh\u00f3a c\u00e1c l\u1ee3i \u00edch c\u1ee7a vi\u1ec7c in 3D cho ph\u1ea7n c\u1ee9ng n\u0103ng l\u01b0\u1ee3ng th\u1ebf h\u1ec7 ti\u1ebfp theo.<\/p>\t\t\t\t\t\t\t\t<\/div>\n\t\t\t\t<\/div>\n\t\t\t\t<\/div>\n\t\t\t\t\t<\/div>\n\t\t\t\t<\/div>\n\t\t\t\t<\/div>","protected":false},"excerpt":{"rendered":"<p>Energy Sector The Energy Sector is one of constant change. The energy industry is leveraging additive manufacturing to produce components with enhanced performance. Metal 3D printing enables complex geometries to improve heat and fluid flow in turbines, valves, and other oil and gas hardware. Consolidating assemblies into single printed parts also reduces manufacturing steps. Metal [&hellip;]<\/p>\n","protected":false},"author":1,"featured_media":0,"parent":0,"menu_order":0,"comment_status":"closed","ping_status":"closed","template":"","meta":{"footnotes":""},"class_list":["post-1633","page","type-page","status-publish","hentry"],"blocksy_meta":[],"_links":{"self":[{"href":"https:\/\/met3dp.sg\/vi\/wp-json\/wp\/v2\/pages\/1633","targetHints":{"allow":["GET"]}}],"collection":[{"href":"https:\/\/met3dp.sg\/vi\/wp-json\/wp\/v2\/pages"}],"about":[{"href":"https:\/\/met3dp.sg\/vi\/wp-json\/wp\/v2\/types\/page"}],"author":[{"embeddable":true,"href":"https:\/\/met3dp.sg\/vi\/wp-json\/wp\/v2\/users\/1"}],"replies":[{"embeddable":true,"href":"https:\/\/met3dp.sg\/vi\/wp-json\/wp\/v2\/comments?post=1633"}],"version-history":[{"count":7,"href":"https:\/\/met3dp.sg\/vi\/wp-json\/wp\/v2\/pages\/1633\/revisions"}],"predecessor-version":[{"id":1642,"href":"https:\/\/met3dp.sg\/vi\/wp-json\/wp\/v2\/pages\/1633\/revisions\/1642"}],"wp:attachment":[{"href":"https:\/\/met3dp.sg\/vi\/wp-json\/wp\/v2\/media?parent=1633"}],"curies":[{"name":"wp","href":"https:\/\/api.w.org\/{rel}","templated":true}]}}