{"id":1628,"date":"2023-09-12T08:29:59","date_gmt":"2023-09-12T08:29:59","guid":{"rendered":"https:\/\/site3.easyceotech.com\/?page_id=1628"},"modified":"2023-09-12T08:30:56","modified_gmt":"2023-09-12T08:30:56","slug":"jewelry-industry","status":"publish","type":"page","link":"https:\/\/met3dp.sg\/vi\/jewelry-industry\/","title":{"rendered":"Ng\u00e0nh c\u00f4ng nghi\u1ec7p trang s\u1ee9c"},"content":{"rendered":"<div data-elementor-type=\"wp-page\" data-elementor-id=\"1628\" class=\"elementor elementor-1628\" data-elementor-post-type=\"page\">\n\t\t\t\t<div class=\"elementor-element elementor-element-0d8c6ff e-flex e-con-boxed e-con e-parent\" data-id=\"0d8c6ff\" data-element_type=\"container\" data-e-type=\"container\" data-settings=\"{&quot;background_background&quot;:&quot;classic&quot;}\">\n\t\t\t\t\t<div class=\"e-con-inner\">\n\t\t\t\t<div class=\"elementor-element elementor-element-cb18ad8 elementor-widget elementor-widget-heading\" data-id=\"cb18ad8\" data-element_type=\"widget\" data-e-type=\"widget\" data-widget_type=\"heading.default\">\n\t\t\t\t<div class=\"elementor-widget-container\">\n\t\t\t\t\t<h1 class=\"elementor-heading-title elementor-size-default\">Ng\u00e0nh c\u00f4ng nghi\u1ec7p trang s\u1ee9c<\/h1>\t\t\t\t<\/div>\n\t\t\t\t<\/div>\n\t\t\t\t\t<\/div>\n\t\t\t\t<\/div>\n\t\t<div class=\"elementor-element elementor-element-ac3046e e-flex e-con-boxed e-con e-parent\" data-id=\"ac3046e\" data-element_type=\"container\" data-e-type=\"container\">\n\t\t\t\t\t<div class=\"e-con-inner\">\n\t\t<div class=\"elementor-element elementor-element-ce0a1ce e-con-full e-flex e-con e-parent\" data-id=\"ce0a1ce\" data-element_type=\"container\" data-e-type=\"container\">\n\t\t\t\t<div class=\"elementor-element elementor-element-c3a1634 elementor-widget elementor-widget-image\" data-id=\"c3a1634\" data-element_type=\"widget\" data-e-type=\"widget\" data-widget_type=\"image.default\">\n\t\t\t\t<div class=\"elementor-widget-container\">\n\t\t\t\t\t\t\t\t\t\t\t\t\t\t\t<img fetchpriority=\"high\" decoding=\"async\" width=\"600\" height=\"600\" src=\"https:\/\/met3dp.sg\/wp-content\/uploads\/2023\/09\/5ngCICAXiH0.jpg\" class=\"attachment-large size-large wp-image-1591\" alt=\"\" srcset=\"https:\/\/met3dp.sg\/wp-content\/uploads\/2023\/09\/5ngCICAXiH0.jpg 600w, https:\/\/met3dp.sg\/wp-content\/uploads\/2023\/09\/5ngCICAXiH0-300x300.jpg 300w, https:\/\/met3dp.sg\/wp-content\/uploads\/2023\/09\/5ngCICAXiH0-150x150.jpg 150w, https:\/\/met3dp.sg\/wp-content\/uploads\/2023\/09\/5ngCICAXiH0-100x100.jpg 100w\" sizes=\"(max-width: 600px) 100vw, 600px\" title=\"\">\t\t\t\t\t\t\t\t\t\t\t\t\t\t\t<\/div>\n\t\t\t\t<\/div>\n\t\t\t\t<\/div>\n\t\t<div class=\"elementor-element elementor-element-239b6a5 e-con-full e-flex e-con e-parent\" data-id=\"239b6a5\" data-element_type=\"container\" data-e-type=\"container\">\n\t\t\t\t<div class=\"elementor-element elementor-element-2d7bcd9 elementor-widget elementor-widget-heading\" data-id=\"2d7bcd9\" data-element_type=\"widget\" data-e-type=\"widget\" data-widget_type=\"heading.default\">\n\t\t\t\t<div class=\"elementor-widget-container\">\n\t\t\t\t\t<h2 class=\"elementor-heading-title elementor-size-default\">Ng\u00e0nh c\u00f4ng nghi\u1ec7p trang s\u1ee9c l\u00e0 m\u1ed9t trong nh\u1eefng thay \u0111\u1ed5i li\u00ean t\u1ee5c. <\/h2>\t\t\t\t<\/div>\n\t\t\t\t<\/div>\n\t\t\t\t<div class=\"elementor-element elementor-element-f39b11f elementor-widget elementor-widget-text-editor\" data-id=\"f39b11f\" data-element_type=\"widget\" data-e-type=\"widget\" data-widget_type=\"text-editor.default\">\n\t\t\t\t<div class=\"elementor-widget-container\">\n\t\t\t\t\t\t\t\t\t<p class=\"whitespace-pre-wrap\">S\u1ea3n xu\u1ea5t ph\u1ee5 gia \u0111ang cho ph\u00e9p c\u00e1c quy\u1ec1n t\u1ef1 do thi\u1ebft k\u1ebf m\u1edbi trong s\u1ea3n xu\u1ea5t trang s\u1ee9c. In 3D kim lo\u1ea1i t\u1ea1o \u0111i\u1ec1u ki\u1ec7n cho c\u00e1c h\u00ecnh d\u1ea1ng ph\u1ee9c t\u1ea1p, h\u1eefu c\u01a1 kh\u00f4ng th\u1ec3 v\u1edbi vi\u1ec7c \u0111\u00fac ho\u1eb7c gia c\u00f4ng CNC. \u0110i\u1ec1u n\u00e0y cho ph\u00e9p c\u00e1c th\u1ee3 kim ho\u00e0n t\u1ea1o ra c\u00e1c m\u1ea3nh nh\u1eb9, tho\u1ea3i m\u00e1i ph\u00f9 h\u1ee3p v\u1edbi kh\u00e1ch h\u00e0ng. C\u00f4ng ngh\u1ec7 c\u0169ng cho ph\u00e9p h\u1ee3p nh\u1ea5t c\u00e1c th\u00e0nh ph\u1ea7n th\u00e0nh m\u1ed9t ph\u1ea7n in duy nh\u1ea5t.<\/p><p class=\"whitespace-pre-wrap\">Metal 3DP l\u00e0 \u0111\u1ed1i t\u00e1c l\u00fd t\u01b0\u1edfng cho c\u00e1c th\u1ee3 kim ho\u00e0n \u00e1p d\u1ee5ng c\u00e1c k\u1ef9 thu\u1eadt AM kim lo\u1ea1i. H\u1ec7 th\u1ed1ng n\u00f3ng ch\u1ea3y ch\u00f9m tia \u0111i\u1ec7n t\u1eed ch\u1ecdn l\u1ecdc ti\u00ean ti\u1ebfn c\u1ee7a ch\u00fang t\u00f4i v\u01b0\u1ee3t tr\u1ed9i khi in c\u00e1c kim lo\u1ea1i qu\u00fd nh\u01b0 v\u00e0ng, b\u1ea1c v\u00e0 h\u1ee3p kim b\u1ea1ch kim. Qu\u00e1 tr\u00ecnh c\u1ee7a ch\u00fang t\u00f4i \u0111\u1ea1t \u0111\u01b0\u1ee3c k\u1ebft th\u00fac b\u1ec1 m\u1eb7t m\u1ecbn v\u00e0 \u0111\u1ed9 ch\u00ednh x\u00e1c k\u00edch th\u01b0\u1edbc c\u1ea7n thi\u1ebft cho \u0111\u1ed3 trang s\u1ee9c.<\/p><p class=\"whitespace-pre-wrap\">Ngo\u00e0i ra, kim lo\u1ea1i 3DP cung c\u1ea5p b\u1ed9t kim lo\u1ea1i qu\u00fd \u0111\u01b0\u1ee3c t\u1ed1i \u01b0u h\u00f3a cho m\u00e1y in c\u1ee7a ch\u00fang t\u00f4i. Ch\u00fang bao g\u1ed3m v\u00e0ng, b\u1ea1c, \u0111\u1ed3ng, v\u00e0 nhi\u1ec1u h\u01a1n n\u1eefa. B\u1ed9t ch\u1ea5t l\u01b0\u1ee3ng cao c\u1ee7a ch\u00fang t\u00f4i \u0111\u1ea3m b\u1ea3o in \u1ea5n \u0111\u00e1ng tin c\u1eady, l\u1eb7p \u0111i l\u1eb7p l\u1ea1i c\u1ee7a nh\u1eefng m\u00f3n \u0111\u1ed3 trang s\u1ee9c d\u00e0y \u0111\u1eb7c, b\u00f3ng b\u1ea9y.<\/p><p class=\"whitespace-pre-wrap\">V\u1edbi chuy\u00ean m\u00f4n v\u1ec1 s\u1ea3n xu\u1ea5t quy m\u00f4 nh\u1ecf, Metal 3DP gi\u00fap c\u00e1c th\u1ee3 kim ho\u00e0n th\u1ef1c hi\u1ec7n in 3D kim lo\u1ea1i \u0111\u1ec3 m\u1edf r\u1ed9ng kh\u1ea3 n\u0103ng thi\u1ebft k\u1ebf. B\u1eb1ng c\u00e1ch t\u1eadn d\u1ee5ng c\u00e1c m\u00e1y in h\u00e0ng \u0111\u1ea7u c\u1ee7a ch\u00fang t\u00f4i v\u00e0 b\u1ed9t kim lo\u1ea1i qu\u00fd \u0111\u01b0\u1ee3c thi\u1ebft k\u1ebf ri\u00eang c\u1ee7a ch\u00fang t\u00f4i, c\u00e1c th\u1ee3 kim ho\u00e0n c\u00f3 th\u1ec3 n\u1eafm l\u1ea5y ph\u1ee5 gia \u0111\u1ec3 cung c\u1ea5p c\u00e1c m\u1ea3nh c\u00f3 gi\u00e1 tr\u1ecb cao, c\u00e1 nh\u00e2n h\u00f3a.<\/p><p class=\"whitespace-pre-wrap\">Metal 3DP cung c\u1ea5p c\u00e1c gi\u1ea3i ph\u00e1p to\u00e0n di\u1ec7n \u0111\u1ec3 n\u00e2ng cao kim lo\u1ea1i AM trong s\u1ea3n xu\u1ea5t trang s\u1ee9c. Kh\u1ea3 n\u0103ng c\u1ee7a ch\u00fang t\u00f4i m\u1edf kh\u00f3a ti\u1ec1m n\u0103ng m\u1edbi trong thi\u1ebft k\u1ebf v\u00e0 s\u1ea3n xu\u1ea5t trang s\u1ee9c.<\/p>\t\t\t\t\t\t\t\t<\/div>\n\t\t\t\t<\/div>\n\t\t\t\t<\/div>\n\t\t\t\t\t<\/div>\n\t\t\t\t<\/div>\n\t\t\t\t<\/div>","protected":false},"excerpt":{"rendered":"<p>Jewelry Industry The Jewelry Industry is one of constant change. Additive manufacturing is enabling new design freedoms in jewelry production. Metal 3D printing facilitates intricate, organic shapes not possible with castings or CNC machining. This allows jewelers to create lightweight, comfortable pieces tailored to customers. The technology also permits consolidation of components into a single [&hellip;]<\/p>\n","protected":false},"author":1,"featured_media":0,"parent":0,"menu_order":0,"comment_status":"closed","ping_status":"closed","template":"","meta":{"footnotes":""},"class_list":["post-1628","page","type-page","status-publish","hentry"],"blocksy_meta":[],"_links":{"self":[{"href":"https:\/\/met3dp.sg\/vi\/wp-json\/wp\/v2\/pages\/1628","targetHints":{"allow":["GET"]}}],"collection":[{"href":"https:\/\/met3dp.sg\/vi\/wp-json\/wp\/v2\/pages"}],"about":[{"href":"https:\/\/met3dp.sg\/vi\/wp-json\/wp\/v2\/types\/page"}],"author":[{"embeddable":true,"href":"https:\/\/met3dp.sg\/vi\/wp-json\/wp\/v2\/users\/1"}],"replies":[{"embeddable":true,"href":"https:\/\/met3dp.sg\/vi\/wp-json\/wp\/v2\/comments?post=1628"}],"version-history":[{"count":4,"href":"https:\/\/met3dp.sg\/vi\/wp-json\/wp\/v2\/pages\/1628\/revisions"}],"predecessor-version":[{"id":1632,"href":"https:\/\/met3dp.sg\/vi\/wp-json\/wp\/v2\/pages\/1628\/revisions\/1632"}],"wp:attachment":[{"href":"https:\/\/met3dp.sg\/vi\/wp-json\/wp\/v2\/media?parent=1628"}],"curies":[{"name":"wp","href":"https:\/\/api.w.org\/{rel}","templated":true}]}}