{"id":1620,"date":"2023-09-12T08:28:47","date_gmt":"2023-09-12T08:28:47","guid":{"rendered":"https:\/\/site3.easyceotech.com\/?page_id=1620"},"modified":"2023-09-12T08:29:49","modified_gmt":"2023-09-12T08:29:49","slug":"automotive-industry","status":"publish","type":"page","link":"https:\/\/met3dp.sg\/vi\/automotive-industry\/","title":{"rendered":"Ng\u00e0nh c\u00f4ng nghi\u1ec7p \u00f4 t\u00f4"},"content":{"rendered":"<div data-elementor-type=\"wp-page\" data-elementor-id=\"1620\" class=\"elementor elementor-1620\" data-elementor-post-type=\"page\">\n\t\t\t\t<div class=\"elementor-element elementor-element-3231981 e-flex e-con-boxed e-con e-parent\" data-id=\"3231981\" data-element_type=\"container\" data-e-type=\"container\" data-settings=\"{&quot;background_background&quot;:&quot;classic&quot;}\">\n\t\t\t\t\t<div class=\"e-con-inner\">\n\t\t\t\t<div class=\"elementor-element elementor-element-d54008a elementor-widget elementor-widget-heading\" data-id=\"d54008a\" data-element_type=\"widget\" data-e-type=\"widget\" data-widget_type=\"heading.default\">\n\t\t\t\t<div class=\"elementor-widget-container\">\n\t\t\t\t\t<h1 class=\"elementor-heading-title elementor-size-default\">Ng\u00e0nh c\u00f4ng nghi\u1ec7p \u00f4 t\u00f4<\/h1>\t\t\t\t<\/div>\n\t\t\t\t<\/div>\n\t\t\t\t\t<\/div>\n\t\t\t\t<\/div>\n\t\t<div class=\"elementor-element elementor-element-fe7ca0a e-flex e-con-boxed e-con e-parent\" data-id=\"fe7ca0a\" data-element_type=\"container\" data-e-type=\"container\">\n\t\t\t\t\t<div class=\"e-con-inner\">\n\t\t<div class=\"elementor-element elementor-element-60fac3c e-con-full e-flex e-con e-parent\" data-id=\"60fac3c\" data-element_type=\"container\" data-e-type=\"container\">\n\t\t\t\t<div class=\"elementor-element elementor-element-de72268 elementor-widget elementor-widget-image\" data-id=\"de72268\" data-element_type=\"widget\" data-e-type=\"widget\" data-widget_type=\"image.default\">\n\t\t\t\t<div class=\"elementor-widget-container\">\n\t\t\t\t\t\t\t\t\t\t\t\t\t\t\t<img fetchpriority=\"high\" decoding=\"async\" width=\"600\" height=\"600\" src=\"https:\/\/met3dp.sg\/wp-content\/uploads\/2023\/09\/car.jpg\" class=\"attachment-large size-large wp-image-1585\" alt=\"\" srcset=\"https:\/\/met3dp.sg\/wp-content\/uploads\/2023\/09\/car.jpg 600w, https:\/\/met3dp.sg\/wp-content\/uploads\/2023\/09\/car-300x300.jpg 300w, https:\/\/met3dp.sg\/wp-content\/uploads\/2023\/09\/car-150x150.jpg 150w, https:\/\/met3dp.sg\/wp-content\/uploads\/2023\/09\/car-100x100.jpg 100w\" sizes=\"(max-width: 600px) 100vw, 600px\" title=\"\">\t\t\t\t\t\t\t\t\t\t\t\t\t\t\t<\/div>\n\t\t\t\t<\/div>\n\t\t\t\t<\/div>\n\t\t<div class=\"elementor-element elementor-element-df5aeac e-con-full e-flex e-con e-parent\" data-id=\"df5aeac\" data-element_type=\"container\" data-e-type=\"container\">\n\t\t\t\t<div class=\"elementor-element elementor-element-c10db38 elementor-widget elementor-widget-heading\" data-id=\"c10db38\" data-element_type=\"widget\" data-e-type=\"widget\" data-widget_type=\"heading.default\">\n\t\t\t\t<div class=\"elementor-widget-container\">\n\t\t\t\t\t<h2 class=\"elementor-heading-title elementor-size-default\">Ng\u00e0nh c\u00f4ng nghi\u1ec7p \u00f4 t\u00f4 l\u00e0 m\u1ed9t trong nh\u1eefng thay \u0111\u1ed5i li\u00ean t\u1ee5c. <\/h2>\t\t\t\t<\/div>\n\t\t\t\t<\/div>\n\t\t\t\t<div class=\"elementor-element elementor-element-c1fc19b elementor-widget elementor-widget-text-editor\" data-id=\"c1fc19b\" data-element_type=\"widget\" data-e-type=\"widget\" data-widget_type=\"text-editor.default\">\n\t\t\t\t<div class=\"elementor-widget-container\">\n\t\t\t\t\t\t\t\t\t<p class=\"whitespace-pre-wrap\">S\u1ea3n xu\u1ea5t ph\u1ee5 gia \u0111ang \u0111\u1ea1t \u0111\u01b0\u1ee3c l\u1ef1c k\u00e9o trong \u00f4 t\u00f4 \u0111\u1ec3 s\u1ea3n xu\u1ea5t c\u00e1c th\u00e0nh ph\u1ea7n nh\u1eb9, \u0111\u01b0\u1ee3c t\u1ed1i \u01b0u h\u00f3a. In 3D kim lo\u1ea1i cho ph\u00e9p c\u00e1c thi\u1ebft k\u1ebf ph\u1ee9c t\u1ea1p gi\u1ea3m tr\u1ecdng l\u01b0\u1ee3ng trong khi gi\u1eef l\u1ea1i \u0111\u1ed9 b\u1ec1n. \u0110i\u1ec1u n\u00e0y l\u00e0 r\u1ea5t quan tr\u1ecdng \u0111\u1ec3 c\u1ea3i thi\u1ec7n hi\u1ec7u qu\u1ea3 v\u00e0 hi\u1ec7u su\u1ea5t nhi\u00ean li\u1ec7u c\u1ee7a xe. H\u1ee3p nh\u1ea5t l\u1eafp r\u00e1p th\u00e0nh c\u00e1c b\u1ed9 ph\u1eadn in duy nh\u1ea5t c\u0169ng h\u1ee3p l\u00fd h\u00f3a s\u1ea3n xu\u1ea5t.<\/p><p class=\"whitespace-pre-wrap\">Metal 3DP l\u00e0 \u0111\u1ed1i t\u00e1c l\u00fd t\u01b0\u1edfng cho c\u00e1c c\u00f4ng ty \u00f4 t\u00f4 tri\u1ec3n khai AM kim lo\u1ea1i. C\u00e1c m\u00e1y in l\u00e0m n\u00f3ng ch\u1ea3y tia \u0111i\u1ec7n t\u1eed ch\u1ecdn l\u1ecdc ti\u00ean ti\u1ebfn c\u1ee7a ch\u00fang t\u00f4i v\u01b0\u1ee3t tr\u1ed9i khi l\u00e0m vi\u1ec7c v\u1edbi c\u00e1c h\u1ee3p kim nh\u00f4m, titan v\u00e0 th\u00e9p th\u01b0\u1eddng \u0111\u01b0\u1ee3c s\u1eed d\u1ee5ng trong s\u1ea3n xu\u1ea5t t\u1ef1 \u0111\u1ed9ng. C\u00e1c h\u1ec7 th\u1ed1ng c\u1ee7a ch\u00fang t\u00f4i \u0111\u1ea1t \u0111\u01b0\u1ee3c \u0111\u1ed9 ch\u00ednh x\u00e1c, ho\u00e0n thi\u1ec7n b\u1ec1 m\u1eb7t v\u00e0 c\u00e1c t\u00ednh ch\u1ea5t c\u01a1 h\u1ecdc c\u1ea7n thi\u1ebft cho c\u00e1c b\u1ed9 ph\u1eadn v\u00e0 d\u1ee5ng c\u1ee5 \u00f4 t\u00f4 s\u1eed d\u1ee5ng cu\u1ed1i.<\/p><p class=\"whitespace-pre-wrap\">Ngo\u00e0i ra, kim lo\u1ea1i 3DP cung c\u1ea5p nhi\u1ec1u l\u1ef1a ch\u1ecdn b\u1ed9t kim lo\u1ea1i \u0111\u01b0\u1ee3c t\u1ed1i \u01b0u h\u00f3a cho m\u00e1y in c\u1ee7a ch\u00fang t\u00f4i. Ch\u00fang bao g\u1ed3m nh\u00f4m, titan, niken, th\u00e9p kh\u00f4ng g\u1ec9, v\u00e0 nhi\u1ec1u h\u01a1n n\u1eefa. B\u1ed9t ch\u1ea5t l\u01b0\u1ee3ng cao c\u1ee7a ch\u00fang t\u00f4i \u0111\u1ea3m b\u1ea3o in \u1ea5n \u0111\u00e1ng tin c\u1eady, l\u1eb7p l\u1ea1i c\u00e1c th\u00e0nh ph\u1ea7n \u00f4 t\u00f4 d\u00e0y \u0111\u1eb7c, b\u1ec1n.<\/p><p class=\"whitespace-pre-wrap\">V\u1edbi chuy\u00ean m\u00f4n s\u00e2u v\u1ec1 c\u00e1c k\u1ef9 thu\u1eadt ph\u1ee5 gia kim lo\u1ea1i, Metal 3DP gi\u00fap c\u00e1c nh\u00e0 s\u1ea3n xu\u1ea5t \u00f4 t\u00f4 x\u00e1c nh\u1eadn c\u00e1c b\u1ed9 ph\u1eadn in \u0111\u1ec3 s\u1ea3n xu\u1ea5t ch\u00ednh. B\u1eb1ng c\u00e1ch t\u1eadn d\u1ee5ng m\u00e1y in 3D h\u00e0ng \u0111\u1ea7u c\u1ee7a ch\u00fang t\u00f4i v\u00e0 b\u1ed9t ph\u00f9 h\u1ee3p, c\u00e1c c\u00f4ng ty \u00f4 t\u00f4 c\u00f3 th\u1ec3 n\u1eafm l\u1ea5y kim lo\u1ea1i AM \u0111\u1ec3 c\u1ea3i thi\u1ec7n s\u1ef1 nhanh nh\u1eb9n c\u1ee7a s\u1ea3n xu\u1ea5t v\u00e0 hi\u1ec7u su\u1ea5t xe.<\/p><p class=\"whitespace-pre-wrap\">C\u00e1c \u0111\u1ed1i t\u00e1c 3DP kim lo\u1ea1i v\u1edbi c\u00e1c t\u1ed5 ch\u1ee9c \u00f4 t\u00f4 \u0111\u1ec3 th\u1ef1c hi\u1ec7n in 3D kim lo\u1ea1i v\u00e0 nh\u1eadn ra l\u1ee3i \u00edch c\u1ee7a n\u00f3. C\u00e1c gi\u1ea3i ph\u00e1p to\u00e0n di\u1ec7n c\u1ee7a ch\u00fang t\u00f4i tr\u01b0\u1edbc s\u1ea3n xu\u1ea5t ph\u1ee5 gia trong ng\u00e0nh c\u00f4ng nghi\u1ec7p \u00f4 t\u00f4.<\/p>\t\t\t\t\t\t\t\t<\/div>\n\t\t\t\t<\/div>\n\t\t\t\t<\/div>\n\t\t\t\t\t<\/div>\n\t\t\t\t<\/div>\n\t\t\t\t<\/div>","protected":false},"excerpt":{"rendered":"<p>Automotive Industry The Automotive Industry is one of constant change. Additive manufacturing is gaining traction in automotive for producing lightweight, optimized components. Metal 3D printing enables complex designs to reduce weight while retaining strength. This is crucial for improving vehicle fuel efficiency and performance. Consolidating assemblies into single printed parts also streamlines production. Metal 3DP [&hellip;]<\/p>\n","protected":false},"author":1,"featured_media":0,"parent":0,"menu_order":0,"comment_status":"closed","ping_status":"closed","template":"","meta":{"footnotes":""},"class_list":["post-1620","page","type-page","status-publish","hentry"],"blocksy_meta":[],"_links":{"self":[{"href":"https:\/\/met3dp.sg\/vi\/wp-json\/wp\/v2\/pages\/1620","targetHints":{"allow":["GET"]}}],"collection":[{"href":"https:\/\/met3dp.sg\/vi\/wp-json\/wp\/v2\/pages"}],"about":[{"href":"https:\/\/met3dp.sg\/vi\/wp-json\/wp\/v2\/types\/page"}],"author":[{"embeddable":true,"href":"https:\/\/met3dp.sg\/vi\/wp-json\/wp\/v2\/users\/1"}],"replies":[{"embeddable":true,"href":"https:\/\/met3dp.sg\/vi\/wp-json\/wp\/v2\/comments?post=1620"}],"version-history":[{"count":7,"href":"https:\/\/met3dp.sg\/vi\/wp-json\/wp\/v2\/pages\/1620\/revisions"}],"predecessor-version":[{"id":1627,"href":"https:\/\/met3dp.sg\/vi\/wp-json\/wp\/v2\/pages\/1620\/revisions\/1627"}],"wp:attachment":[{"href":"https:\/\/met3dp.sg\/vi\/wp-json\/wp\/v2\/media?parent=1620"}],"curies":[{"name":"wp","href":"https:\/\/api.w.org\/{rel}","templated":true}]}}