{"id":1615,"date":"2023-09-12T08:26:57","date_gmt":"2023-09-12T08:26:57","guid":{"rendered":"https:\/\/site3.easyceotech.com\/?page_id=1615"},"modified":"2023-09-12T08:28:06","modified_gmt":"2023-09-12T08:28:06","slug":"healthcare-sector","status":"publish","type":"page","link":"https:\/\/met3dp.sg\/vi\/healthcare-sector\/","title":{"rendered":"L\u0129nh v\u1ef1c ch\u0103m s\u00f3c s\u1ee9c kh\u1ecfe"},"content":{"rendered":"<div data-elementor-type=\"wp-page\" data-elementor-id=\"1615\" class=\"elementor elementor-1615\" data-elementor-post-type=\"page\">\n\t\t\t\t<div class=\"elementor-element elementor-element-c7da117 e-flex e-con-boxed e-con e-parent\" data-id=\"c7da117\" data-element_type=\"container\" data-e-type=\"container\" data-settings=\"{&quot;background_background&quot;:&quot;classic&quot;}\">\n\t\t\t\t\t<div class=\"e-con-inner\">\n\t\t\t\t<div class=\"elementor-element elementor-element-86c9f31 elementor-widget elementor-widget-heading\" data-id=\"86c9f31\" data-element_type=\"widget\" data-e-type=\"widget\" data-widget_type=\"heading.default\">\n\t\t\t\t<div class=\"elementor-widget-container\">\n\t\t\t\t\t<h1 class=\"elementor-heading-title elementor-size-default\">L\u0129nh v\u1ef1c ch\u0103m s\u00f3c s\u1ee9c kh\u1ecfe<\/h1>\t\t\t\t<\/div>\n\t\t\t\t<\/div>\n\t\t\t\t\t<\/div>\n\t\t\t\t<\/div>\n\t\t<div class=\"elementor-element elementor-element-cd163d5 e-flex e-con-boxed e-con e-parent\" data-id=\"cd163d5\" data-element_type=\"container\" data-e-type=\"container\">\n\t\t\t\t\t<div class=\"e-con-inner\">\n\t\t<div class=\"elementor-element elementor-element-1867966 e-con-full e-flex e-con e-parent\" data-id=\"1867966\" data-element_type=\"container\" data-e-type=\"container\">\n\t\t\t\t<div class=\"elementor-element elementor-element-4c82533 elementor-widget elementor-widget-image\" data-id=\"4c82533\" data-element_type=\"widget\" data-e-type=\"widget\" data-widget_type=\"image.default\">\n\t\t\t\t<div class=\"elementor-widget-container\">\n\t\t\t\t\t\t\t\t\t\t\t\t\t\t\t<img fetchpriority=\"high\" decoding=\"async\" width=\"600\" height=\"600\" src=\"https:\/\/met3dp.sg\/wp-content\/uploads\/2023\/09\/implants.jpg\" class=\"attachment-large size-large wp-image-1586\" alt=\"\" srcset=\"https:\/\/met3dp.sg\/wp-content\/uploads\/2023\/09\/implants.jpg 600w, https:\/\/met3dp.sg\/wp-content\/uploads\/2023\/09\/implants-300x300.jpg 300w, https:\/\/met3dp.sg\/wp-content\/uploads\/2023\/09\/implants-150x150.jpg 150w, https:\/\/met3dp.sg\/wp-content\/uploads\/2023\/09\/implants-100x100.jpg 100w\" sizes=\"(max-width: 600px) 100vw, 600px\" title=\"\">\t\t\t\t\t\t\t\t\t\t\t\t\t\t\t<\/div>\n\t\t\t\t<\/div>\n\t\t\t\t<\/div>\n\t\t<div class=\"elementor-element elementor-element-da6c631 e-con-full e-flex e-con e-parent\" data-id=\"da6c631\" data-element_type=\"container\" data-e-type=\"container\">\n\t\t\t\t<div class=\"elementor-element elementor-element-b24b724 elementor-widget elementor-widget-heading\" data-id=\"b24b724\" data-element_type=\"widget\" data-e-type=\"widget\" data-widget_type=\"heading.default\">\n\t\t\t\t<div class=\"elementor-widget-container\">\n\t\t\t\t\t<h2 class=\"elementor-heading-title elementor-size-default\">Ng\u00e0nh ch\u0103m s\u00f3c s\u1ee9c kh\u1ecfe l\u00e0 m\u1ed9t trong nh\u1eefng thay \u0111\u1ed5i li\u00ean t\u1ee5c. <\/h2>\t\t\t\t<\/div>\n\t\t\t\t<\/div>\n\t\t\t\t<div class=\"elementor-element elementor-element-119154f elementor-widget elementor-widget-text-editor\" data-id=\"119154f\" data-element_type=\"widget\" data-e-type=\"widget\" data-widget_type=\"text-editor.default\">\n\t\t\t\t<div class=\"elementor-widget-container\">\n\t\t\t\t\t\t\t\t\t<p class=\"whitespace-pre-wrap\">S\u1ea3n xu\u1ea5t ph\u1ee5 gia \u0111ang chuy\u1ec3n \u0111\u1ed5i s\u1ea3n xu\u1ea5t thi\u1ebft b\u1ecb y t\u1ebf, cho ph\u00e9p c\u1ea5y gh\u00e9p v\u00e0 d\u1ee5ng c\u1ee5 \u0111\u01b0\u1ee3c c\u00e1 nh\u00e2n h\u00f3a. In 3D kim lo\u1ea1i t\u1ea1o \u0111i\u1ec1u ki\u1ec7n cho h\u00ecnh h\u1ecdc ph\u1ee9c t\u1ea1p kh\u00f4ng th\u1ec3 v\u1edbi c\u00e1c k\u1ef9 thu\u1eadt th\u00f4ng th\u01b0\u1eddng. \u0110i\u1ec1u n\u00e0y cho ph\u00e9p ph\u00f9 h\u1ee3p v\u00e0 hi\u1ec7u su\u1ea5t gi\u1ea3i ph\u1eabu h\u01a1n cho c\u1ea5y gh\u00e9p. N\u00f3 c\u0169ng cho ph\u00e9p h\u1ee3p nh\u1ea5t c\u00e1c th\u00e0nh ph\u1ea7n th\u00e0nh c\u00e1c ph\u1ea7n in \u0111\u01a1n.<\/p><p class=\"whitespace-pre-wrap\">Metal 3DP l\u00e0 m\u1ed9t \u0111\u1ed1i t\u00e1c l\u00fd t\u01b0\u1edfng cho c\u00e1c c\u00f4ng ty y t\u1ebf \u00e1p d\u1ee5ng c\u00e1c gi\u1ea3i ph\u00e1p AM kim lo\u1ea1i. C\u00e1c h\u1ec7 th\u1ed1ng n\u00f3ng ch\u1ea3y ch\u00f9m electron ch\u1ecdn l\u1ecdc ti\u00ean ti\u1ebfn c\u1ee7a ch\u00fang t\u00f4i v\u01b0\u1ee3t tr\u1ed9i khi in c\u00e1c h\u1ee3p kim Titanium v\u00e0 Cobalt Chrome th\u01b0\u1eddng \u0111\u01b0\u1ee3c s\u1eed d\u1ee5ng cho c\u1ea5y gh\u00e9p ch\u1ec9nh h\u00ecnh v\u00e0 nha khoa. Qu\u00e1 tr\u00ecnh c\u1ee7a ch\u00fang t\u00f4i \u0111\u1ea1t \u0111\u01b0\u1ee3c c\u00e1c t\u00ednh ch\u1ea5t c\u01a1 h\u1ecdc \u0111\u1eb7c bi\u1ec7t v\u00e0 kh\u1ea3 n\u0103ng t\u01b0\u01a1ng th\u00edch sinh h\u1ecdc c\u1ea7n thi\u1ebft cho c\u00e1c \u1ee9ng d\u1ee5ng c\u1ea5p ph\u1eabu thu\u1eadt. M\u00e1y in c\u1ee7a ch\u00fang t\u00f4i c\u0169ng cung c\u1ea5p \u0111\u1ed9 ch\u00ednh x\u00e1c v\u00e0 ho\u00e0n thi\u1ec7n b\u1ec1 m\u1eb7t c\u1ea7n thi\u1ebft cho c\u00e1c b\u1ed9 ph\u1eadn y t\u1ebf nh\u1ecf, ph\u1ee9c t\u1ea1p.<\/p><p class=\"whitespace-pre-wrap\">Ngo\u00e0i ra, Metal 3DP cung c\u1ea5p m\u1ed9t lo\u1ea1t c\u00e1c lo\u1ea1i b\u1ed9t kim lo\u1ea1i t\u01b0\u01a1ng th\u00edch sinh h\u1ecdc \u0111\u01b0\u1ee3c t\u1ed1i \u01b0u h\u00f3a cho c\u00e1c h\u1ec7 th\u1ed1ng c\u1ee7a ch\u00fang t\u00f4i. Ch\u00fang bao g\u1ed3m Titanium, Cobalt Chrome, Th\u00e9p kh\u00f4ng g\u1ec9, v\u00e0 nhi\u1ec1u h\u01a1n n\u1eefa. B\u1ed9t ch\u1ea5t l\u01b0\u1ee3ng cao c\u1ee7a ch\u00fang t\u00f4i \u0111\u1ea3m b\u1ea3o in \u1ea5n \u0111\u00e1ng tin c\u1eady, l\u1eb7p l\u1ea1i c\u00e1c th\u00e0nh ph\u1ea7n m\u1ea1nh m\u1ebd, m\u1ea1nh m\u1ebd. V\u1edbi chuy\u00ean m\u00f4n trong m\u00f4i tr\u01b0\u1eddng quy \u0111\u1ecbnh, Metal 3DP gi\u00fap kh\u00e1ch h\u00e0ng x\u00e1c nh\u1eadn c\u00e1c b\u1ed9 ph\u1eadn y t\u1ebf \u0111\u01b0\u1ee3c in c\u00e1c ti\u00eau chu\u1ea9n nghi\u00eam ng\u1eb7t.<\/p><p class=\"whitespace-pre-wrap\">B\u1eb1ng c\u00e1ch t\u1eadn d\u1ee5ng kh\u1ea3 n\u0103ng s\u1ea3n xu\u1ea5t ph\u1ee5 gia kim lo\u1ea1i h\u00e0ng \u0111\u1ea7u c\u1ee7a ch\u00fang t\u00f4i, c\u00e1c nh\u00e0 s\u1ea3n xu\u1ea5t thi\u1ebft b\u1ecb y t\u1ebf c\u00f3 th\u1ec3 n\u1eafm b\u1eaft in 3D \u0111\u1ec3 c\u1ea3i thi\u1ec7n k\u1ebft qu\u1ea3 c\u1ee7a b\u1ec7nh nh\u00e2n. Metal 3DP h\u1ee3p t\u00e1c v\u1edbi c\u00e1c t\u1ed5 ch\u1ee9c ch\u0103m s\u00f3c s\u1ee9c kh\u1ecfe \u0111\u1ec3 th\u1ef1c hi\u1ec7n AM kim lo\u1ea1i v\u00e0 m\u1edf kh\u00f3a c\u00e1c l\u1ee3i \u00edch c\u1ee7a n\u00f3 cho y h\u1ecdc c\u00e1 nh\u00e2n.<\/p>\t\t\t\t\t\t\t\t<\/div>\n\t\t\t\t<\/div>\n\t\t\t\t<\/div>\n\t\t\t\t\t<\/div>\n\t\t\t\t<\/div>\n\t\t\t\t<\/div>","protected":false},"excerpt":{"rendered":"<p>Healthcare Sector The Healthcare Sector is one of constant change. Additive manufacturing is transforming medical device production, enabling personalized implants and instruments. Metal 3D printing facilitates complex geometries not possible with conventional techniques. This allows more anatomical fit and performance for implants. It also permits consolidation of components into single printed parts. Metal 3DP is [&hellip;]<\/p>\n","protected":false},"author":1,"featured_media":0,"parent":0,"menu_order":0,"comment_status":"closed","ping_status":"closed","template":"","meta":{"footnotes":""},"class_list":["post-1615","page","type-page","status-publish","hentry"],"blocksy_meta":[],"_links":{"self":[{"href":"https:\/\/met3dp.sg\/vi\/wp-json\/wp\/v2\/pages\/1615","targetHints":{"allow":["GET"]}}],"collection":[{"href":"https:\/\/met3dp.sg\/vi\/wp-json\/wp\/v2\/pages"}],"about":[{"href":"https:\/\/met3dp.sg\/vi\/wp-json\/wp\/v2\/types\/page"}],"author":[{"embeddable":true,"href":"https:\/\/met3dp.sg\/vi\/wp-json\/wp\/v2\/users\/1"}],"replies":[{"embeddable":true,"href":"https:\/\/met3dp.sg\/vi\/wp-json\/wp\/v2\/comments?post=1615"}],"version-history":[{"count":4,"href":"https:\/\/met3dp.sg\/vi\/wp-json\/wp\/v2\/pages\/1615\/revisions"}],"predecessor-version":[{"id":1619,"href":"https:\/\/met3dp.sg\/vi\/wp-json\/wp\/v2\/pages\/1615\/revisions\/1619"}],"wp:attachment":[{"href":"https:\/\/met3dp.sg\/vi\/wp-json\/wp\/v2\/media?parent=1615"}],"curies":[{"name":"wp","href":"https:\/\/api.w.org\/{rel}","templated":true}]}}