{"id":1607,"date":"2023-09-12T08:12:06","date_gmt":"2023-09-12T08:12:06","guid":{"rendered":"https:\/\/site3.easyceotech.com\/?page_id=1607"},"modified":"2023-09-12T08:26:14","modified_gmt":"2023-09-12T08:26:14","slug":"aerospace-industry","status":"publish","type":"page","link":"https:\/\/met3dp.sg\/vi\/aerospace-industry\/","title":{"rendered":"Ng\u00e0nh c\u00f4ng nghi\u1ec7p h\u00e0ng kh\u00f4ng v\u0169 tr\u1ee5"},"content":{"rendered":"<div data-elementor-type=\"wp-page\" data-elementor-id=\"1607\" class=\"elementor elementor-1607\" data-elementor-post-type=\"page\">\n\t\t\t\t<div class=\"elementor-element elementor-element-871d221 e-flex e-con-boxed e-con e-parent\" data-id=\"871d221\" data-element_type=\"container\" data-e-type=\"container\" data-settings=\"{&quot;background_background&quot;:&quot;classic&quot;}\">\n\t\t\t\t\t<div class=\"e-con-inner\">\n\t\t\t\t<div class=\"elementor-element elementor-element-375628f elementor-widget elementor-widget-heading\" data-id=\"375628f\" data-element_type=\"widget\" data-e-type=\"widget\" data-widget_type=\"heading.default\">\n\t\t\t\t<div class=\"elementor-widget-container\">\n\t\t\t\t\t<h1 class=\"elementor-heading-title elementor-size-default\">Ng\u00e0nh c\u00f4ng nghi\u1ec7p h\u00e0ng kh\u00f4ng v\u0169 tr\u1ee5<\/h1>\t\t\t\t<\/div>\n\t\t\t\t<\/div>\n\t\t\t\t\t<\/div>\n\t\t\t\t<\/div>\n\t\t<div class=\"elementor-element elementor-element-9da4c2a e-flex e-con-boxed e-con e-parent\" data-id=\"9da4c2a\" data-element_type=\"container\" data-e-type=\"container\">\n\t\t\t\t\t<div class=\"e-con-inner\">\n\t\t<div class=\"elementor-element elementor-element-b04b777 e-con-full e-flex e-con e-parent\" data-id=\"b04b777\" data-element_type=\"container\" data-e-type=\"container\">\n\t\t\t\t<div class=\"elementor-element elementor-element-34208cb elementor-widget elementor-widget-image\" data-id=\"34208cb\" data-element_type=\"widget\" data-e-type=\"widget\" data-widget_type=\"image.default\">\n\t\t\t\t<div class=\"elementor-widget-container\">\n\t\t\t\t\t\t\t\t\t\t\t\t\t\t\t<img fetchpriority=\"high\" decoding=\"async\" width=\"600\" height=\"600\" src=\"https:\/\/met3dp.sg\/wp-content\/uploads\/2023\/09\/airplane.jpg\" class=\"attachment-large size-large wp-image-1587\" alt=\"\" srcset=\"https:\/\/met3dp.sg\/wp-content\/uploads\/2023\/09\/airplane.jpg 600w, https:\/\/met3dp.sg\/wp-content\/uploads\/2023\/09\/airplane-300x300.jpg 300w, https:\/\/met3dp.sg\/wp-content\/uploads\/2023\/09\/airplane-150x150.jpg 150w, https:\/\/met3dp.sg\/wp-content\/uploads\/2023\/09\/airplane-100x100.jpg 100w\" sizes=\"(max-width: 600px) 100vw, 600px\" title=\"\">\t\t\t\t\t\t\t\t\t\t\t\t\t\t\t<\/div>\n\t\t\t\t<\/div>\n\t\t\t\t<\/div>\n\t\t<div class=\"elementor-element elementor-element-485774c e-con-full e-flex e-con e-parent\" data-id=\"485774c\" data-element_type=\"container\" data-e-type=\"container\">\n\t\t\t\t<div class=\"elementor-element elementor-element-bf7d78a elementor-widget elementor-widget-heading\" data-id=\"bf7d78a\" data-element_type=\"widget\" data-e-type=\"widget\" data-widget_type=\"heading.default\">\n\t\t\t\t<div class=\"elementor-widget-container\">\n\t\t\t\t\t<h2 class=\"elementor-heading-title elementor-size-default\">Ng\u00e0nh c\u00f4ng nghi\u1ec7p h\u00e0ng kh\u00f4ng v\u0169 tr\u1ee5 l\u00e0 m\u1ed9t trong nh\u1eefng thay \u0111\u1ed5i li\u00ean t\u1ee5c. <\/h2>\t\t\t\t<\/div>\n\t\t\t\t<\/div>\n\t\t\t\t<div class=\"elementor-element elementor-element-8de3dee elementor-widget elementor-widget-text-editor\" data-id=\"8de3dee\" data-element_type=\"widget\" data-e-type=\"widget\" data-widget_type=\"text-editor.default\">\n\t\t\t\t<div class=\"elementor-widget-container\">\n\t\t\t\t\t\t\t\t\t<p>L\u0129nh v\u1ef1c h\u00e0ng kh\u00f4ng v\u0169 tr\u1ee5 l\u00e0 m\u1ed9t c\u00f4ng c\u1ee5 \u00e1p d\u1ee5ng ch\u00ednh c\u1ee7a in 3D kim lo\u1ea1i, t\u1eadn d\u1ee5ng c\u00f4ng ngh\u1ec7 \u0111\u1ec3 s\u1ea3n xu\u1ea5t c\u00e1c th\u00e0nh ph\u1ea7n nh\u1eb9, hi\u1ec7u su\u1ea5t cao. S\u1ea3n xu\u1ea5t ph\u1ee5 gia kim lo\u1ea1i cho ph\u00e9p h\u00ecnh h\u1ecdc ph\u1ee9c t\u1ea1p v\u00e0 c\u00e1c t\u1ed5 h\u1ee3p h\u1ee3p nh\u1ea5t, gi\u1ea3m tr\u1ecdng l\u01b0\u1ee3ng v\u00e0 s\u1ed1 l\u01b0\u1ee3ng m\u1ed9t ph\u1ea7n so v\u1edbi s\u1ea3n xu\u1ea5t truy\u1ec1n th\u1ed1ng. \u0110i\u1ec1u n\u00e0y l\u00e0 r\u1ea5t quan tr\u1ecdng \u0111\u1ed1i v\u1edbi m\u00e1y bay v\u00ec m\u1ed7i kg gi\u1ea3m tr\u1ef1c ti\u1ebfp chuy\u1ec3n th\u00e0nh ti\u1ebft ki\u1ec7m nhi\u00ean li\u1ec7u.<\/p><p>Metal 3DP l\u00e0 m\u1ed9t \u0111\u1ed1i t\u00e1c l\u00fd t\u01b0\u1edfng cho c\u00e1c c\u00f4ng ty h\u00e0ng kh\u00f4ng v\u0169 tr\u1ee5 kh\u00e1m ph\u00e1 c\u00e1c k\u1ef9 thu\u1eadt ph\u1ee5 gia. C\u00e1c h\u1ec7 th\u1ed1ng n\u00f3ng ch\u1ea3y tia \u0111i\u1ec7n t\u1eed ch\u1ecdn l\u1ecdc ti\u00ean ti\u1ebfn c\u1ee7a ch\u00fang t\u00f4i v\u01b0\u1ee3t tr\u1ed9i khi in c\u00e1c kim lo\u1ea1i ph\u1ea3n \u1ee9ng nh\u01b0 Titanium v\u00e0 h\u1ee3p kim niken th\u01b0\u1eddng \u0111\u01b0\u1ee3c s\u1eed d\u1ee5ng trong \u0111\u1ed9ng c\u01a1, khung c\u1ea5u tr\u00fac v\u00e0 c\u00e1c th\u00e0nh ph\u1ea7n. Qu\u00e1 tr\u00ecnh \u0111\u1ea1t \u0111\u01b0\u1ee3c c\u00e1c \u0111\u1eb7c t\u00ednh c\u01a1 h\u1ecdc \u0111\u1eb7c bi\u1ec7t \u0111\u00e1p \u1ee9ng c\u00e1c ti\u00eau chu\u1ea9n h\u00e0ng kh\u00f4ng v\u0169 tr\u1ee5. C\u00e1c h\u1ec7 th\u1ed1ng c\u1ee7a ch\u00fang t\u00f4i c\u0169ng cung c\u1ea5p kh\u1ed1i l\u01b0\u1ee3ng x\u00e2y d\u1ef1ng l\u1edbn \u0111\u1ec3 s\u1ea3n xu\u1ea5t c\u00e1c b\u1ed9 ph\u1eadn \u1edf quy m\u00f4.<\/p><p>Ngo\u00e0i ra, Metal 3DP cung c\u1ea5p m\u1ed9t danh m\u1ee5c r\u1ed9ng c\u00e1c lo\u1ea1i b\u1ed9t kim lo\u1ea1i h\u00ecnh c\u1ea7u \u0111\u01b0\u1ee3c t\u1ed1i \u01b0u h\u00f3a cho m\u00e1y in c\u1ee7a ch\u00fang t\u00f4i. Ch\u00fang bao g\u1ed3m titan, nh\u00f4m, coban-chrome, superalloys niken, v.v. B\u1ed9t c\u1ee7a ch\u00fang t\u00f4i \u0111\u1ea3m b\u1ea3o b\u1ea3n in d\u00e0y \u0111\u1eb7c, ch\u1ea5t l\u01b0\u1ee3ng cho c\u00e1c b\u1ed9 ph\u1eadn m\u00e1y bay ho\u1ea1t \u0111\u1ed9ng d\u01b0\u1edbi s\u1ef1 c\u0103ng th\u1eb3ng c\u1ef1c \u0111\u1ed9. V\u1edbi chuy\u00ean m\u00f4n v\u1ec1 h\u00e0ng kh\u00f4ng v\u0169 tr\u1ee5 chuy\u00ean s\u00e2u, Metal 3DP gi\u00fap kh\u00e1ch h\u00e0ng tri\u1ec3n khai AM kim lo\u1ea1i v\u00e0 x\u00e1c nh\u1eadn c\u00e1c b\u1ed9 ph\u1eadn in hi\u1ec7u su\u1ea5t cao cho chuy\u1ebfn bay.<\/p><p>B\u1eb1ng c\u00e1ch t\u1eadn d\u1ee5ng c\u00e1c m\u00e1y in n\u00f3ng ch\u1ea3y electron ch\u1ecdn l\u1ecdc h\u00e0ng \u0111\u1ea7u c\u1ee7a ch\u00fang t\u00f4i v\u00e0 b\u1ed9t kim lo\u1ea1i ph\u00f9 h\u1ee3p, c\u00e1c nh\u00e0 s\u1ea3n xu\u1ea5t h\u00e0ng kh\u00f4ng v\u0169 tr\u1ee5 c\u00f3 th\u1ec3 n\u1eafm l\u1ea5y ph\u1ee5 gia \u0111\u1ec3 h\u1ee3p l\u00fd h\u00f3a s\u1ea3n xu\u1ea5t v\u00e0 \u0111\u1ea1t \u0111\u01b0\u1ee3c c\u00e1c thi\u1ebft k\u1ebf xe th\u1ebf h\u1ec7 ti\u1ebfp theo. Metal 3DP cung c\u1ea5p c\u00e1c gi\u1ea3i ph\u00e1p to\u00e0n di\u1ec7n \u0111\u1ec3 n\u00e2ng cao in 3D kim lo\u1ea1i trong h\u00e0ng kh\u00f4ng.<\/p>\t\t\t\t\t\t\t\t<\/div>\n\t\t\t\t<\/div>\n\t\t\t\t<\/div>\n\t\t\t\t\t<\/div>\n\t\t\t\t<\/div>\n\t\t\t\t<\/div>","protected":false},"excerpt":{"rendered":"<p>Aerospace Industry The Aerospace industry is one of constant change. The aerospace sector is a major adopter of metal 3D printing, leveraging the technology to produce lightweight, high-performance components. Metal additive manufacturing enables complex geometries and consolidated assemblies, reducing weight and part count versus traditional manufacturing. This is critical for aircraft as every kilogram reduced [&hellip;]<\/p>\n","protected":false},"author":1,"featured_media":0,"parent":0,"menu_order":0,"comment_status":"closed","ping_status":"closed","template":"","meta":{"footnotes":""},"class_list":["post-1607","page","type-page","status-publish","hentry"],"blocksy_meta":[],"_links":{"self":[{"href":"https:\/\/met3dp.sg\/vi\/wp-json\/wp\/v2\/pages\/1607","targetHints":{"allow":["GET"]}}],"collection":[{"href":"https:\/\/met3dp.sg\/vi\/wp-json\/wp\/v2\/pages"}],"about":[{"href":"https:\/\/met3dp.sg\/vi\/wp-json\/wp\/v2\/types\/page"}],"author":[{"embeddable":true,"href":"https:\/\/met3dp.sg\/vi\/wp-json\/wp\/v2\/users\/1"}],"replies":[{"embeddable":true,"href":"https:\/\/met3dp.sg\/vi\/wp-json\/wp\/v2\/comments?post=1607"}],"version-history":[{"count":7,"href":"https:\/\/met3dp.sg\/vi\/wp-json\/wp\/v2\/pages\/1607\/revisions"}],"predecessor-version":[{"id":1614,"href":"https:\/\/met3dp.sg\/vi\/wp-json\/wp\/v2\/pages\/1607\/revisions\/1614"}],"wp:attachment":[{"href":"https:\/\/met3dp.sg\/vi\/wp-json\/wp\/v2\/media?parent=1607"}],"curies":[{"name":"wp","href":"https:\/\/api.w.org\/{rel}","templated":true}]}}