{"id":1004,"date":"2023-09-04T03:33:24","date_gmt":"2023-09-04T03:33:24","guid":{"rendered":"https:\/\/site3.easyceotech.com\/?page_id=1004"},"modified":"2023-10-11T03:02:13","modified_gmt":"2023-10-11T03:02:13","slug":"printing-methods","status":"publish","type":"page","link":"https:\/\/met3dp.sg\/vi\/printing-methods\/","title":{"rendered":"\u1ee8ng d\u1ee5ng"},"content":{"rendered":"<div data-elementor-type=\"wp-page\" data-elementor-id=\"1004\" class=\"elementor elementor-1004\" data-elementor-post-type=\"page\">\n\t\t\t\t<div class=\"elementor-element elementor-element-2ea7f01 e-flex e-con-boxed e-con e-parent\" data-id=\"2ea7f01\" data-element_type=\"container\" data-e-type=\"container\" data-settings=\"{&quot;background_background&quot;:&quot;classic&quot;}\">\n\t\t\t\t\t<div class=\"e-con-inner\">\n\t\t\t\t<div class=\"elementor-element elementor-element-9ca996a elementor-widget elementor-widget-heading\" data-id=\"9ca996a\" data-element_type=\"widget\" data-e-type=\"widget\" data-widget_type=\"heading.default\">\n\t\t\t\t<div class=\"elementor-widget-container\">\n\t\t\t\t\t<h1 class=\"elementor-heading-title elementor-size-default\">Ph\u01b0\u01a1ng ph\u00e1p in b\u1ed9t kim lo\u1ea1i 3D<\/h1>\t\t\t\t<\/div>\n\t\t\t\t<\/div>\n\t\t\t\t<div class=\"elementor-element elementor-element-a3ce422 elementor-widget elementor-widget-text-editor\" data-id=\"a3ce422\" data-element_type=\"widget\" data-e-type=\"widget\" data-widget_type=\"text-editor.default\">\n\t\t\t\t<div class=\"elementor-widget-container\">\n\t\t\t\t\t\t\t\t\t<p>Kh\u1ea3 n\u0103ng m\u1edf kh\u00f3a: Kh\u00e1m ph\u00e1 c\u00e1c \u1ee9ng d\u1ee5ng c\u00f4ng nghi\u1ec7p \u0111a d\u1ea1ng c\u1ee7a Metal3DP<\/p>\t\t\t\t\t\t\t\t<\/div>\n\t\t\t\t<\/div>\n\t\t\t\t\t<\/div>\n\t\t\t\t<\/div>\n\t\t<div class=\"elementor-element elementor-element-e4d0497 e-flex e-con-boxed e-con e-parent\" data-id=\"e4d0497\" data-element_type=\"container\" data-e-type=\"container\">\n\t\t\t\t\t<div class=\"e-con-inner\">\n\t\t\t\t<div class=\"elementor-element elementor-element-50adb03 elementor-widget elementor-widget-text-editor\" data-id=\"50adb03\" data-element_type=\"widget\" data-e-type=\"widget\" data-widget_type=\"text-editor.default\">\n\t\t\t\t<div class=\"elementor-widget-container\">\n\t\t\t\t\t\t\t\t\t<p class=\"whitespace-pre-wrap\">In 3D c\u00e1c b\u1ed9 ph\u1eadn kim lo\u1ea1i li\u00ean quan \u0111\u1ebfn vi\u1ec7c tham gia ch\u1ecdn l\u1ecdc c\u00e1c l\u1edbp b\u1ed9t kim lo\u1ea1i t\u1ed1t d\u1ef1a tr\u00ean m\u00f4 h\u00ecnh k\u1ef9 thu\u1eadt s\u1ed1. C\u00f3 m\u1ed9t s\u1ed1 k\u1ef9 thu\u1eadt in \u0111\u01b0\u1ee3c s\u1eed d\u1ee5ng cho h\u1ee3p nh\u1ea5t gi\u01b0\u1eddng b\u1ed9t kim lo\u1ea1i:<\/p><p class=\"whitespace-pre-wrap\"><strong>Laser c\u00f3 ch\u1ecdn l\u1ecdc (SLM)<\/strong> S\u1eed d\u1ee5ng laser c\u00f4ng su\u1ea5t cao \u0111\u1ec3 l\u00e0m tan ch\u1ea3y c\u00f3 ch\u1ecdn l\u1ecdc v\u00e0 h\u1ee3p nh\u1ea5t c\u00e1c h\u1ea1t b\u1ed9t kim lo\u1ea1i v\u1edbi nhau. \u0110i\u1ec1u n\u00e0y t\u1ea1o ra c\u00e1c ph\u1ea7n g\u1ea7n nh\u01b0 ho\u00e0n to\u00e0n d\u00e0y \u0111\u1eb7c v\u1edbi \u0111\u1ed9 ch\u00ednh x\u00e1c cao v\u00e0 c\u00e1c chi ti\u1ebft ph\u1ee9c t\u1ea1p. SLM l\u00e0 l\u00fd t\u01b0\u1edfng cho c\u00e1c kim lo\u1ea1i ph\u1ea3n \u1ee9ng nh\u01b0 Titanium v\u00e0 h\u1ee3p kim niken.<\/p><p class=\"whitespace-pre-wrap\"><strong>Tia \u0111i\u1ec7n t\u1eed tan ch\u1ea3y (EBM)<\/strong> S\u1eed d\u1ee5ng m\u1ed9t ch\u00f9m electron trong ch\u00e2n kh\u00f4ng \u0111\u1ec3 l\u00e0m tan ch\u1ea3y c\u00e1c l\u1edbp b\u1ed9t kim lo\u1ea1i li\u00ean ti\u1ebfp. EBM cho ph\u00e9p in c\u00e1c c\u1ea5u tr\u00fac titan l\u1edbn, ph\u1ee9c t\u1ea1p cho c\u00e1c \u1ee9ng d\u1ee5ng h\u00e0ng kh\u00f4ng v\u0169 tr\u1ee5.<\/p><p class=\"whitespace-pre-wrap\"><strong>N\u00f3ng isostatic nh\u1ea5n (h\u00f4ng)<\/strong> &#8211; \u0110\u00e2y l\u00e0 m\u1ed9t ph\u01b0\u01a1ng ph\u00e1p x\u1eed l\u00fd sau khi \u00e1p d\u1ee5ng nhi\u1ec7t \u0111\u1ed9 cao v\u00e0 \u00e1p su\u1ea5t kh\u00ed \u0111\u1eb3ng h\u01b0\u1edbng \u0111\u1ec3 n\u00e9n v\u00e0 m\u1eadt \u0111\u1ed9 c\u00e1c b\u1ed9 ph\u1eadn kim lo\u1ea1i in 3D. HIP gi\u00fap c\u1ea3i thi\u1ec7n t\u00ednh ch\u1ea5t c\u01a1 h\u1ecdc v\u00e0 t\u00ednh to\u00e0n v\u1eb9n v\u1eadt ch\u1ea5t. N\u00f3 th\u01b0\u1eddng \u0111\u01b0\u1ee3c s\u1eed d\u1ee5ng cho c\u00e1c th\u00e0nh ph\u1ea7n h\u00e0ng kh\u00f4ng v\u0169 tr\u1ee5 quan tr\u1ecdng.<\/p><p class=\"whitespace-pre-wrap\"><strong>\u0110\u00fac kim lo\u1ea1i (MIM)<\/strong> &#8211; B\u1ed9t kim lo\u1ea1i m\u1ecbn \u0111\u01b0\u1ee3c k\u1ebft h\u1ee3p v\u1edbi v\u1eadt li\u1ec7u ch\u1ea5t k\u1ebft d\u00ednh v\u00e0 phun \u0111\u01b0\u1ee3c \u0111\u00fac \u0111\u1ec3 t\u1ea1o ra c\u00e1c b\u1ed9 ph\u1eadn m\u00e0u xanh l\u00e1 c\u00e2y c\u00f3 h\u00ecnh l\u01b0\u1edbi ph\u1ee9c t\u1ea1p. Sau \u0111\u00f3, ch\u1ea5t k\u1ebft d\u00ednh \u0111\u01b0\u1ee3c lo\u1ea1i b\u1ecf v\u00e0 c\u00e1c b\u1ed9 ph\u1eadn kim lo\u1ea1i \u0111\u01b0\u1ee3c thi\u00eau k\u1ebft v\u00e0 m\u1eadt \u0111\u1ed9. MIM cho ph\u00e9p s\u1ea3n xu\u1ea5t hi\u1ec7u qu\u1ea3 v\u1ec1 chi ph\u00ed c\u1ee7a kh\u1ed1i l\u01b0\u1ee3ng l\u1edbn c\u00e1c b\u1ed9 ph\u1eadn kim lo\u1ea1i nh\u1ecf, ph\u1ee9c t\u1ea1p v\u1edbi \u0111\u1ed9 l\u1eb7p l\u1ea1i t\u1ed1t.<\/p><p class=\"whitespace-pre-wrap\">Vi\u1ec7c thi\u00eau k\u1ebft laser kim lo\u1ea1i tr\u1ef1c ti\u1ebfp (DMLS) s\u1eed d\u1ee5ng laser \u0111\u1ec3 l\u00e0m tan ch\u1ea3y m\u1ed9t ph\u1ea7n b\u1ed9t kim lo\u1ea1i th\u00e0nh m\u1ed9t kh\u1ed1i r\u1eafn. DMLS cung c\u1ea5p t\u1ed1c \u0111\u1ed9 v\u00e0 chi ph\u00ed th\u1ea5p h\u01a1n cho m\u1ed9t s\u1ed1 \u1ee9ng d\u1ee5ng. X\u1eed l\u00fd h\u1eadu k\u1ef3 c\u00f3 th\u1ec3 \u0111\u01b0\u1ee3c y\u00eau c\u1ea7u cho m\u1eadt \u0111\u1ed9 \u0111\u1ea7y \u0111\u1ee7.<\/p><p class=\"whitespace-pre-wrap\">Metalbinder c\u1ea7u th\u1ee7 m\u1ed9t ch\u1ea5t li\u00ean k\u1ebft ch\u1ea5t l\u1ecfng l\u00ean c\u00e1c l\u1edbp b\u1ed9t kim lo\u1ea1i \u0111\u1ec3 li\u00ean k\u1ebft c\u00e1c h\u1ea1t. C\u00e1c b\u1ed9 ph\u1eadn m\u00e0u xanh l\u00e1 c\u00e2y sau \u0111\u00f3 \u0111\u01b0\u1ee3c thi\u00eau k\u1ebft trong l\u00f2. K\u1ef9 thu\u1eadt n\u00e0y cho ph\u00e9p s\u1ea3n xu\u1ea5t kh\u1ed1i l\u01b0\u1ee3ng l\u1edbn.<\/p><p class=\"whitespace-pre-wrap\">C\u00e1c \u1ee9ng d\u1ee5ng ch\u00ednh c\u1ee7a in 3D kim lo\u1ea1i bao g\u1ed3m c\u00e1c th\u00e0nh ph\u1ea7n m\u00e1y bay nh\u1eb9, c\u1ea5y gh\u00e9p v\u00e0 ch\u00e2n gi\u1ea3 d\u00e0nh ri\u00eang cho b\u1ec7nh nh\u00e2n trong ch\u0103m s\u00f3c s\u1ee9c kh\u1ecfe, d\u1ee5ng c\u1ee5 \u00e9p phun v\u00e0 c\u00e1c b\u1ed9 ph\u1eadn c\u00f4ng nghi\u1ec7p ph\u1ee9c t\u1ea1p v\u1edbi hi\u1ec7u su\u1ea5t nhi\u1ec7t ho\u1eb7c c\u1ea5u tr\u00fac n\u00e2ng cao. Kh\u1ea3 n\u0103ng t\u1ea1o ra c\u00e1c h\u00ecnh h\u1ecdc ph\u1ee9c t\u1ea1p ch\u01b0a t\u1eebng c\u00f3 b\u1edfi c\u00e1c ph\u01b0\u01a1ng ph\u00e1p truy\u1ec1n th\u1ed1ng l\u00e0m cho in 3D kim lo\u1ea1i r\u1ea5t h\u1ea5p d\u1eabn.<\/p><div class=\"flex gap-0.5 -mx-1 -mt-2 text-stone-500 justify-between items-stretch\"><div class=\"flex gap-0.5\"><div class=\"contents\">\u00a0<\/div><\/div><\/div>\t\t\t\t\t\t\t\t<\/div>\n\t\t\t\t<\/div>\n\t\t\t\t\t<\/div>\n\t\t\t\t<\/div>\n\t\t<div class=\"elementor-element elementor-element-021ce99 e-flex e-con-boxed e-con e-parent\" data-id=\"021ce99\" data-element_type=\"container\" data-e-type=\"container\" data-settings=\"{&quot;background_background&quot;:&quot;classic&quot;}\">\n\t\t\t\t\t<div class=\"e-con-inner\">\n\t\t<div class=\"elementor-element elementor-element-e67372f e-con-full e-flex e-con e-child\" data-id=\"e67372f\" data-element_type=\"container\" data-e-type=\"container\" data-settings=\"{&quot;background_background&quot;:&quot;classic&quot;}\">\n\t\t<div class=\"elementor-element elementor-element-ed4c201 e-flex e-con-boxed e-con e-child\" data-id=\"ed4c201\" data-element_type=\"container\" data-e-type=\"container\" data-settings=\"{&quot;background_background&quot;:&quot;classic&quot;}\">\n\t\t\t\t\t<div class=\"e-con-inner\">\n\t\t\t\t<div class=\"elementor-element elementor-element-0ee55e0 elementor-widget elementor-widget-image\" data-id=\"0ee55e0\" data-element_type=\"widget\" data-e-type=\"widget\" data-widget_type=\"image.default\">\n\t\t\t\t<div class=\"elementor-widget-container\">\n\t\t\t\t\t\t\t\t\t\t\t\t\t\t\t<img fetchpriority=\"high\" decoding=\"async\" width=\"599\" height=\"800\" src=\"https:\/\/met3dp.sg\/wp-content\/uploads\/2023\/09\/Vseires01.jpg\" class=\"attachment-large size-large wp-image-1031\" alt=\"\" srcset=\"https:\/\/met3dp.sg\/wp-content\/uploads\/2023\/09\/Vseires01.jpg 599w, https:\/\/met3dp.sg\/wp-content\/uploads\/2023\/09\/Vseires01-225x300.jpg 225w\" sizes=\"(max-width: 599px) 100vw, 599px\" title=\"\">\t\t\t\t\t\t\t\t\t\t\t\t\t\t\t<\/div>\n\t\t\t\t<\/div>\n\t\t\t\t\t<\/div>\n\t\t\t\t<\/div>\n\t\t<div class=\"elementor-element elementor-element-277e978 e-flex e-con-boxed e-con e-child\" data-id=\"277e978\" data-element_type=\"container\" data-e-type=\"container\" data-settings=\"{&quot;background_background&quot;:&quot;classic&quot;}\">\n\t\t\t\t\t<div class=\"e-con-inner\">\n\t\t\t\t<div class=\"elementor-element elementor-element-b48e4f3 elementor-widget elementor-widget-heading\" data-id=\"b48e4f3\" data-element_type=\"widget\" data-e-type=\"widget\" data-widget_type=\"heading.default\">\n\t\t\t\t<div class=\"elementor-widget-container\">\n\t\t\t\t\t<h3 class=\"elementor-heading-title elementor-size-default\">C\u00f4ng ngh\u1ec7 h\u00f4ng<\/h3>\t\t\t\t<\/div>\n\t\t\t\t<\/div>\n\t\t\t\t<div class=\"elementor-element elementor-element-13728b0 elementor-widget elementor-widget-text-editor\" data-id=\"13728b0\" data-element_type=\"widget\" data-e-type=\"widget\" data-widget_type=\"text-editor.default\">\n\t\t\t\t<div class=\"elementor-widget-container\">\n\t\t\t\t\t\t\t\t\t<p>C\u00f4ng ngh\u1ec7 \u00e9p n\u00f3ng (HIP) n\u00f3ng ho\u1ea1t \u0111\u1ed9ng b\u1eb1ng c\u00e1ch \u0111\u1eb7t s\u1ea3n ph\u1ea9m v\u00e0o m\u1ed9t th\u00f9ng ch\u1ee9a k\u00edn, l\u1ea5p \u0111\u1ea7y n\u00f3 b\u1eb1ng kh\u00ed tr\u01a1 v\u00e0 thi\u00eau k\u1ebft ho\u1eb7c m\u1eadt \u0111\u1ed9 s\u1ea3n ph\u1ea9m \u1edf nhi\u1ec7t \u0111\u1ed9 r\u1ea5t cao<\/p>\t\t\t\t\t\t\t\t<\/div>\n\t\t\t\t<\/div>\n\t\t\t\t<div class=\"elementor-element elementor-element-cdcfbed elementor-widget elementor-widget-button\" data-id=\"cdcfbed\" data-element_type=\"widget\" data-e-type=\"widget\" data-widget_type=\"button.default\">\n\t\t\t\t<div class=\"elementor-widget-container\">\n\t\t\t\t\t\t\t\t\t<div class=\"elementor-button-wrapper\">\n\t\t\t\t\t<a class=\"elementor-button elementor-button-link elementor-size-sm\" href=\"https:\/\/met3dp.sg\/vi\/hip-technology\/\">\n\t\t\t\t\t\t<span class=\"elementor-button-content-wrapper\">\n\t\t\t\t\t\t<span class=\"elementor-button-icon\">\n\t\t\t\t<svg xmlns=\"http:\/\/www.w3.org\/2000\/svg\" xmlns:xlink=\"http:\/\/www.w3.org\/1999\/xlink\" class=\"icon\" viewbox=\"0 0 1024 1024\" width=\"200\" height=\"200\"><path d=\"M873.1 596.2l-164-208C703 380.5 693.8 376 684 376h-64.8c-6.7 0-10.4 7.7-6.3 13l144.3 183H152c-4.4 0-8 3.6-8 8v60c0 4.4 3.6 8 8 8h695.9c26.8 0 41.7-30.8 25.2-51.8z\"><\/path><\/svg>\t\t\t<\/span>\n\t\t\t\t\t\t\t\t\t<span class=\"elementor-button-text\">T\u00ccM HI\u1ec2U TH\u00caM<\/span>\n\t\t\t\t\t<\/span>\n\t\t\t\t\t<\/a>\n\t\t\t\t<\/div>\n\t\t\t\t\t\t\t\t<\/div>\n\t\t\t\t<\/div>\n\t\t\t\t\t<\/div>\n\t\t\t\t<\/div>\n\t\t\t\t<\/div>\n\t\t<div class=\"elementor-element elementor-element-c125703 e-con-full e-flex e-con e-child\" data-id=\"c125703\" data-element_type=\"container\" data-e-type=\"container\" data-settings=\"{&quot;background_background&quot;:&quot;classic&quot;}\">\n\t\t<div class=\"elementor-element elementor-element-5e6c8ea e-flex e-con-boxed e-con e-child\" data-id=\"5e6c8ea\" data-element_type=\"container\" data-e-type=\"container\" data-settings=\"{&quot;background_background&quot;:&quot;classic&quot;}\">\n\t\t\t\t\t<div class=\"e-con-inner\">\n\t\t\t\t<div class=\"elementor-element elementor-element-8836862 elementor-widget elementor-widget-image\" data-id=\"8836862\" data-element_type=\"widget\" data-e-type=\"widget\" data-widget_type=\"image.default\">\n\t\t\t\t<div class=\"elementor-widget-container\">\n\t\t\t\t\t\t\t\t\t\t\t\t\t\t\t<img decoding=\"async\" width=\"600\" height=\"800\" src=\"https:\/\/met3dp.sg\/wp-content\/uploads\/2023\/09\/Vseires04.jpg\" class=\"attachment-large size-large wp-image-1032\" alt=\"\" srcset=\"https:\/\/met3dp.sg\/wp-content\/uploads\/2023\/09\/Vseires04.jpg 600w, https:\/\/met3dp.sg\/wp-content\/uploads\/2023\/09\/Vseires04-225x300.jpg 225w\" sizes=\"(max-width: 600px) 100vw, 600px\" title=\"\">\t\t\t\t\t\t\t\t\t\t\t\t\t\t\t<\/div>\n\t\t\t\t<\/div>\n\t\t\t\t\t<\/div>\n\t\t\t\t<\/div>\n\t\t<div class=\"elementor-element elementor-element-6979a37 e-flex e-con-boxed e-con e-child\" data-id=\"6979a37\" data-element_type=\"container\" data-e-type=\"container\" data-settings=\"{&quot;background_background&quot;:&quot;classic&quot;}\">\n\t\t\t\t\t<div class=\"e-con-inner\">\n\t\t\t\t<div class=\"elementor-element elementor-element-7727ad2 elementor-widget elementor-widget-heading\" data-id=\"7727ad2\" data-element_type=\"widget\" data-e-type=\"widget\" data-widget_type=\"heading.default\">\n\t\t\t\t<div class=\"elementor-widget-container\">\n\t\t\t\t\t<h3 class=\"elementor-heading-title elementor-size-default\">C\u00f4ng ngh\u1ec7 MIM<\/h3>\t\t\t\t<\/div>\n\t\t\t\t<\/div>\n\t\t\t\t<div class=\"elementor-element elementor-element-6ad314e elementor-widget elementor-widget-text-editor\" data-id=\"6ad314e\" data-element_type=\"widget\" data-e-type=\"widget\" data-widget_type=\"text-editor.default\">\n\t\t\t\t<div class=\"elementor-widget-container\">\n\t\t\t\t\t\t\t\t\t<p>C\u00e1c s\u1ea3n ph\u1ea9m MIM c\u00f3 th\u1ec3 ph\u1ee9c t\u1ea1p v\u1ec1 h\u00ecnh d\u1ea1ng, k\u00edch th\u01b0\u1edbc ch\u00ednh x\u00e1c, c\u01b0\u1eddng \u0111\u1ed9 cao v\u00e0 \u0111\u01b0\u1ee3c s\u1ea3n xu\u1ea5t t\u1ef1 \u0111\u1ed9ng v\u1edbi s\u1ed1 l\u01b0\u1ee3ng l\u1edbn, v\u00e0 c\u00f3 th\u1ec3 l\u00e0m gi\u1ea3m \u0111\u00e1ng k\u1ec3 m\u1ee9c \u0111\u1ed9 ph\u1ee9c t\u1ea1p v\u00e0 chi ph\u00ed c\u1ee7a vi\u1ec7c l\u00e0m kim lo\u1ea1i truy\u1ec1n th\u1ed1ng<\/p>\t\t\t\t\t\t\t\t<\/div>\n\t\t\t\t<\/div>\n\t\t\t\t<div class=\"elementor-element elementor-element-c10a31b elementor-widget elementor-widget-button\" data-id=\"c10a31b\" data-element_type=\"widget\" data-e-type=\"widget\" data-widget_type=\"button.default\">\n\t\t\t\t<div class=\"elementor-widget-container\">\n\t\t\t\t\t\t\t\t\t<div class=\"elementor-button-wrapper\">\n\t\t\t\t\t<a class=\"elementor-button elementor-button-link elementor-size-sm\" href=\"https:\/\/met3dp.sg\/vi\/mim-technology\/\">\n\t\t\t\t\t\t<span class=\"elementor-button-content-wrapper\">\n\t\t\t\t\t\t<span class=\"elementor-button-icon\">\n\t\t\t\t<svg xmlns=\"http:\/\/www.w3.org\/2000\/svg\" xmlns:xlink=\"http:\/\/www.w3.org\/1999\/xlink\" class=\"icon\" viewbox=\"0 0 1024 1024\" width=\"200\" height=\"200\"><path d=\"M873.1 596.2l-164-208C703 380.5 693.8 376 684 376h-64.8c-6.7 0-10.4 7.7-6.3 13l144.3 183H152c-4.4 0-8 3.6-8 8v60c0 4.4 3.6 8 8 8h695.9c26.8 0 41.7-30.8 25.2-51.8z\"><\/path><\/svg>\t\t\t<\/span>\n\t\t\t\t\t\t\t\t\t<span class=\"elementor-button-text\">T\u00ccM HI\u1ec2U TH\u00caM<\/span>\n\t\t\t\t\t<\/span>\n\t\t\t\t\t<\/a>\n\t\t\t\t<\/div>\n\t\t\t\t\t\t\t\t<\/div>\n\t\t\t\t<\/div>\n\t\t\t\t\t<\/div>\n\t\t\t\t<\/div>\n\t\t\t\t<\/div>\n\t\t\t\t\t<\/div>\n\t\t\t\t<\/div>\n\t\t<div class=\"elementor-element elementor-element-6f8bbea e-flex e-con-boxed e-con e-parent\" data-id=\"6f8bbea\" data-element_type=\"container\" data-e-type=\"container\" data-settings=\"{&quot;background_background&quot;:&quot;classic&quot;}\">\n\t\t\t\t\t<div class=\"e-con-inner\">\n\t\t<div class=\"elementor-element elementor-element-e45ecd0 e-con-full e-flex e-con e-child\" data-id=\"e45ecd0\" data-element_type=\"container\" data-e-type=\"container\" data-settings=\"{&quot;background_background&quot;:&quot;classic&quot;}\">\n\t\t<div class=\"elementor-element elementor-element-2e22c94 e-flex e-con-boxed e-con e-child\" data-id=\"2e22c94\" data-element_type=\"container\" data-e-type=\"container\" data-settings=\"{&quot;background_background&quot;:&quot;classic&quot;}\">\n\t\t\t\t\t<div class=\"e-con-inner\">\n\t\t\t\t<div class=\"elementor-element elementor-element-c7c3121 elementor-widget elementor-widget-image\" data-id=\"c7c3121\" data-element_type=\"widget\" data-e-type=\"widget\" data-widget_type=\"image.default\">\n\t\t\t\t<div class=\"elementor-widget-container\">\n\t\t\t\t\t\t\t\t\t\t\t\t\t\t\t<img decoding=\"async\" width=\"599\" height=\"800\" src=\"https:\/\/met3dp.sg\/wp-content\/uploads\/2023\/09\/Vseires02.jpg\" class=\"attachment-large size-large wp-image-1034\" alt=\"\" srcset=\"https:\/\/met3dp.sg\/wp-content\/uploads\/2023\/09\/Vseires02.jpg 599w, https:\/\/met3dp.sg\/wp-content\/uploads\/2023\/09\/Vseires02-225x300.jpg 225w\" sizes=\"(max-width: 599px) 100vw, 599px\" title=\"\">\t\t\t\t\t\t\t\t\t\t\t\t\t\t\t<\/div>\n\t\t\t\t<\/div>\n\t\t\t\t\t<\/div>\n\t\t\t\t<\/div>\n\t\t<div class=\"elementor-element elementor-element-fc3d876 e-flex e-con-boxed e-con e-child\" data-id=\"fc3d876\" data-element_type=\"container\" data-e-type=\"container\" data-settings=\"{&quot;background_background&quot;:&quot;classic&quot;}\">\n\t\t\t\t\t<div class=\"e-con-inner\">\n\t\t\t\t<div class=\"elementor-element elementor-element-7a10d39 elementor-widget elementor-widget-heading\" data-id=\"7a10d39\" data-element_type=\"widget\" data-e-type=\"widget\" data-widget_type=\"heading.default\">\n\t\t\t\t<div class=\"elementor-widget-container\">\n\t\t\t\t\t<h3 class=\"elementor-heading-title elementor-size-default\">C\u00f4ng ngh\u1ec7 SLM<\/h3>\t\t\t\t<\/div>\n\t\t\t\t<\/div>\n\t\t\t\t<div class=\"elementor-element elementor-element-e5a93ec elementor-widget elementor-widget-text-editor\" data-id=\"e5a93ec\" data-element_type=\"widget\" data-e-type=\"widget\" data-widget_type=\"text-editor.default\">\n\t\t\t\t<div class=\"elementor-widget-container\">\n\t\t\t\t\t\t\t\t\t<p>SLM, c\u00f2n \u0111\u01b0\u1ee3c g\u1ecdi l\u00e0 tan ch\u1ea3y laser ch\u1ecdn l\u1ecdc, v\u1ec1 nguy\u00ean t\u1eafc t\u01b0\u01a1ng t\u1ef1 nh\u01b0 SLS \u1edf ch\u1ed7 laser \u0111\u01b0\u1ee3c s\u1eed d\u1ee5ng \u0111\u1ec3 l\u00e0m tan ch\u1ea3y v\u00e0 c\u1ee7ng c\u1ed1 b\u1ed9t kim lo\u1ea1i trong m\u1ed9t khu v\u1ef1c \u0111\u01b0\u1ee3c ch\u1ec9 \u0111\u1ecbnh, sau \u0111\u00f3 \u0111\u01b0\u1ee3c \u0111\u00fac trong m\u1ed9t l\u1edbp ng\u0103n x\u1ebfp t\u1eebng l\u1edbp<\/p>\t\t\t\t\t\t\t\t<\/div>\n\t\t\t\t<\/div>\n\t\t\t\t<div class=\"elementor-element elementor-element-90e4be1 elementor-widget elementor-widget-button\" data-id=\"90e4be1\" data-element_type=\"widget\" data-e-type=\"widget\" data-widget_type=\"button.default\">\n\t\t\t\t<div class=\"elementor-widget-container\">\n\t\t\t\t\t\t\t\t\t<div class=\"elementor-button-wrapper\">\n\t\t\t\t\t<a class=\"elementor-button elementor-button-link elementor-size-sm\" href=\"https:\/\/met3dp.sg\/vi\/slm-technology\/\">\n\t\t\t\t\t\t<span class=\"elementor-button-content-wrapper\">\n\t\t\t\t\t\t<span class=\"elementor-button-icon\">\n\t\t\t\t<svg xmlns=\"http:\/\/www.w3.org\/2000\/svg\" xmlns:xlink=\"http:\/\/www.w3.org\/1999\/xlink\" class=\"icon\" viewbox=\"0 0 1024 1024\" width=\"200\" height=\"200\"><path d=\"M873.1 596.2l-164-208C703 380.5 693.8 376 684 376h-64.8c-6.7 0-10.4 7.7-6.3 13l144.3 183H152c-4.4 0-8 3.6-8 8v60c0 4.4 3.6 8 8 8h695.9c26.8 0 41.7-30.8 25.2-51.8z\"><\/path><\/svg>\t\t\t<\/span>\n\t\t\t\t\t\t\t\t\t<span class=\"elementor-button-text\">T\u00ccM HI\u1ec2U TH\u00caM<\/span>\n\t\t\t\t\t<\/span>\n\t\t\t\t\t<\/a>\n\t\t\t\t<\/div>\n\t\t\t\t\t\t\t\t<\/div>\n\t\t\t\t<\/div>\n\t\t\t\t\t<\/div>\n\t\t\t\t<\/div>\n\t\t\t\t<\/div>\n\t\t<div class=\"elementor-element elementor-element-1a008ed e-con-full e-flex e-con e-child\" data-id=\"1a008ed\" data-element_type=\"container\" data-e-type=\"container\" data-settings=\"{&quot;background_background&quot;:&quot;classic&quot;}\">\n\t\t<div class=\"elementor-element elementor-element-3b35a16 e-flex e-con-boxed e-con e-child\" data-id=\"3b35a16\" data-element_type=\"container\" data-e-type=\"container\" data-settings=\"{&quot;background_background&quot;:&quot;classic&quot;}\">\n\t\t\t\t\t<div class=\"e-con-inner\">\n\t\t\t\t<div class=\"elementor-element elementor-element-a7a7a10 elementor-widget elementor-widget-image\" data-id=\"a7a7a10\" data-element_type=\"widget\" data-e-type=\"widget\" data-widget_type=\"image.default\">\n\t\t\t\t<div class=\"elementor-widget-container\">\n\t\t\t\t\t\t\t\t\t\t\t\t\t\t\t<img loading=\"lazy\" decoding=\"async\" width=\"598\" height=\"800\" src=\"https:\/\/met3dp.sg\/wp-content\/uploads\/2023\/09\/Vseires03.jpg\" class=\"attachment-large size-large wp-image-1033\" alt=\"B\u1ed9t h\u1ee3p kim Titanium Molypdenum \" srcset=\"https:\/\/met3dp.sg\/wp-content\/uploads\/2023\/09\/Vseires03.jpg 598w, https:\/\/met3dp.sg\/wp-content\/uploads\/2023\/09\/Vseires03-224x300.jpg 224w\" sizes=\"(max-width: 598px) 100vw, 598px\" title=\"\">\t\t\t\t\t\t\t\t\t\t\t\t\t\t\t<\/div>\n\t\t\t\t<\/div>\n\t\t\t\t\t<\/div>\n\t\t\t\t<\/div>\n\t\t<div class=\"elementor-element elementor-element-3bd0f34 e-flex e-con-boxed e-con e-child\" data-id=\"3bd0f34\" data-element_type=\"container\" data-e-type=\"container\" data-settings=\"{&quot;background_background&quot;:&quot;classic&quot;}\">\n\t\t\t\t\t<div class=\"e-con-inner\">\n\t\t\t\t<div class=\"elementor-element elementor-element-fafbfcc elementor-widget elementor-widget-heading\" data-id=\"fafbfcc\" data-element_type=\"widget\" data-e-type=\"widget\" data-widget_type=\"heading.default\">\n\t\t\t\t<div class=\"elementor-widget-container\">\n\t\t\t\t\t<h3 class=\"elementor-heading-title elementor-size-default\">C\u00f4ng ngh\u1ec7 EBM<\/h3>\t\t\t\t<\/div>\n\t\t\t\t<\/div>\n\t\t\t\t<div class=\"elementor-element elementor-element-768d476 elementor-widget elementor-widget-text-editor\" data-id=\"768d476\" data-element_type=\"widget\" data-e-type=\"widget\" data-widget_type=\"text-editor.default\">\n\t\t\t\t<div class=\"elementor-widget-container\">\n\t\t\t\t\t\t\t\t\t<p>S\u1ef1 n\u00f3ng ch\u1ea3y c\u1ee7a ch\u00f9m electron \u0111\u1ec1 c\u1eadp \u0111\u1ebfn m\u1ed9t ph\u01b0\u01a1ng ph\u00e1p n\u00f3ng ch\u1ea3y ch\u00e2n kh\u00f4ng trong \u0111\u00f3 \u0111\u1ed9ng n\u0103ng c\u1ee7a lu\u1ed3ng ch\u00f9m electron t\u1ed1c \u0111\u1ed9 cao \u0111\u01b0\u1ee3c chuy\u1ec3n th\u00e0nh nhi\u1ec7t nh\u01b0 m\u1ed9t ngu\u1ed3n nhi\u1ec7t \u0111\u1ec3 n\u00f3ng ch\u1ea3y kim lo\u1ea1i d\u01b0\u1edbi ch\u00e2n kh\u00f4ng cao<\/p>\t\t\t\t\t\t\t\t<\/div>\n\t\t\t\t<\/div>\n\t\t\t\t<div class=\"elementor-element elementor-element-d7cb7cb elementor-widget elementor-widget-button\" data-id=\"d7cb7cb\" data-element_type=\"widget\" data-e-type=\"widget\" data-widget_type=\"button.default\">\n\t\t\t\t<div class=\"elementor-widget-container\">\n\t\t\t\t\t\t\t\t\t<div class=\"elementor-button-wrapper\">\n\t\t\t\t\t<a class=\"elementor-button elementor-button-link elementor-size-sm\" href=\"https:\/\/met3dp.sg\/vi\/ebm-technology\/\">\n\t\t\t\t\t\t<span class=\"elementor-button-content-wrapper\">\n\t\t\t\t\t\t<span class=\"elementor-button-icon\">\n\t\t\t\t<svg xmlns=\"http:\/\/www.w3.org\/2000\/svg\" xmlns:xlink=\"http:\/\/www.w3.org\/1999\/xlink\" class=\"icon\" viewbox=\"0 0 1024 1024\" width=\"200\" height=\"200\"><path d=\"M873.1 596.2l-164-208C703 380.5 693.8 376 684 376h-64.8c-6.7 0-10.4 7.7-6.3 13l144.3 183H152c-4.4 0-8 3.6-8 8v60c0 4.4 3.6 8 8 8h695.9c26.8 0 41.7-30.8 25.2-51.8z\"><\/path><\/svg>\t\t\t<\/span>\n\t\t\t\t\t\t\t\t\t<span class=\"elementor-button-text\">T\u00ccM HI\u1ec2U TH\u00caM<\/span>\n\t\t\t\t\t<\/span>\n\t\t\t\t\t<\/a>\n\t\t\t\t<\/div>\n\t\t\t\t\t\t\t\t<\/div>\n\t\t\t\t<\/div>\n\t\t\t\t\t<\/div>\n\t\t\t\t<\/div>\n\t\t\t\t<\/div>\n\t\t\t\t\t<\/div>\n\t\t\t\t<\/div>\n\t\t\t\t<\/div>","protected":false},"excerpt":{"rendered":"<p>3D Printing Metal Powder Printing Methods Unlocking Possibilities: Discover Metal3DP&#8217;s Diverse Industry Applications 3D printing of metal parts involves selectively joining fine metallic powders layer-by-layer based on a digital model. There are several printing techniques used for metal powder bed fusion: Selective Laser Melting (SLM) uses a high-powered laser to selectively melt and fuse metal [&hellip;]<\/p>\n","protected":false},"author":1,"featured_media":0,"parent":0,"menu_order":0,"comment_status":"closed","ping_status":"closed","template":"","meta":{"footnotes":""},"class_list":["post-1004","page","type-page","status-publish","hentry"],"blocksy_meta":[],"_links":{"self":[{"href":"https:\/\/met3dp.sg\/vi\/wp-json\/wp\/v2\/pages\/1004","targetHints":{"allow":["GET"]}}],"collection":[{"href":"https:\/\/met3dp.sg\/vi\/wp-json\/wp\/v2\/pages"}],"about":[{"href":"https:\/\/met3dp.sg\/vi\/wp-json\/wp\/v2\/types\/page"}],"author":[{"embeddable":true,"href":"https:\/\/met3dp.sg\/vi\/wp-json\/wp\/v2\/users\/1"}],"replies":[{"embeddable":true,"href":"https:\/\/met3dp.sg\/vi\/wp-json\/wp\/v2\/comments?post=1004"}],"version-history":[{"count":52,"href":"https:\/\/met3dp.sg\/vi\/wp-json\/wp\/v2\/pages\/1004\/revisions"}],"predecessor-version":[{"id":1923,"href":"https:\/\/met3dp.sg\/vi\/wp-json\/wp\/v2\/pages\/1004\/revisions\/1923"}],"wp:attachment":[{"href":"https:\/\/met3dp.sg\/vi\/wp-json\/wp\/v2\/media?parent=1004"}],"curies":[{"name":"wp","href":"https:\/\/api.w.org\/{rel}","templated":true}]}}