{"id":2304,"date":"2023-10-26T07:36:26","date_gmt":"2023-10-26T07:36:26","guid":{"rendered":"https:\/\/met3dp.com\/?post_type=product&#038;p=2304"},"modified":"2023-10-26T07:36:27","modified_gmt":"2023-10-26T07:36:27","slug":"cocrfeni-powder","status":"publish","type":"product","link":"https:\/\/met3dp.sg\/de\/product\/cocrfeni-powder\/","title":{"rendered":"CoCrFeNi-Pulver"},"content":{"rendered":"<h2>\u00dcberblick \u00fcber CoCrFeNi-Pulver<\/h2>\n<p class=\"whitespace-pre-wrap\">CoCrFeNi-Pulver, auch bekannt als CoCrFeNiMn-Pulver oder HEA-Pulver (High Entropy Alloy), ist ein Material, das sich aus Kobalt, Chrom, Eisen und Nickel in nahezu \u00e4quiatomischen Verh\u00e4ltnissen zusammensetzt. Dieses neuartige Legierungspulver weist im Vergleich zu herk\u00f6mmlichen Legierungen au\u00dfergew\u00f6hnliche Eigenschaften auf und hat gro\u00dfes Interesse f\u00fcr verschiedene Anwendungen geweckt.<\/p>\n<p class=\"whitespace-pre-wrap\">Zu den wichtigsten Merkmalen von CoCrFeNi-Pulver geh\u00f6ren:<\/p>\n<ul class=\"list-disc pl-8 space-y-2\">\n<li class=\"whitespace-normal\">Hohe Konfigurationsentropie, die zu hervorragender Festigkeit, H\u00e4rte, thermischer Stabilit\u00e4t und Korrosionsbest\u00e4ndigkeit f\u00fchrt<\/li>\n<li class=\"whitespace-normal\">Mikrostruktur einer einzelnen FCC-Phase in fester L\u00f6sung<\/li>\n<li class=\"whitespace-normal\">Ausgezeichnete Kombination von Festigkeit und Duktilit\u00e4t<\/li>\n<li class=\"whitespace-normal\">Hohe Bruchz\u00e4higkeit<\/li>\n<li class=\"whitespace-normal\">Gute Zerspanbarkeit und Umformbarkeit<\/li>\n<li class=\"whitespace-normal\">Widerstandsf\u00e4higkeit gegen Erweichung bei erh\u00f6hten Temperaturen<\/li>\n<li class=\"whitespace-normal\">Anpassbar durch geringf\u00fcgige Zus\u00e4tze von Elementen wie Mangan<\/li>\n<\/ul>\n<p class=\"whitespace-pre-wrap\">Die einzigartige Unordnung in der atomaren Anordnung von CoCrFeNi f\u00fchrt zu einer hervorragenden mechanischen Leistung. Die nahezu gleichen Konzentrationen der Hauptelemente behindern die Versetzungsbewegung und verbessern die H\u00e4rte. Die mehrphasige Struktur sorgt f\u00fcr eine Festigkeitssteigerung in fester L\u00f6sung durch Gitterdehnungseffekte.<\/p>\n<h3>Zusammensetzung von CoCrFeNi-Pulver<\/h3>\n<p class=\"whitespace-pre-wrap\">Die Zusammensetzung von CoCrFeNi HEA-Pulver kann individuell angepasst werden, besteht aber im Allgemeinen aus:<\/p>\n<table>\n<thead>\n<tr>\n<th>Element<\/th>\n<th>Typischer Bereich der Zusammensetzung<\/th>\n<\/tr>\n<\/thead>\n<tbody>\n<tr>\n<td>Kobalt (Co)<\/td>\n<td>20-35 at.%<\/td>\n<\/tr>\n<tr>\n<td>Chrom (Cr)<\/td>\n<td>20-35 at.%<\/td>\n<\/tr>\n<tr>\n<td>Eisen (Fe)<\/td>\n<td>20-35 at.%<\/td>\n<\/tr>\n<tr>\n<td>Nickel (Ni)<\/td>\n<td>20-35 at.%<\/td>\n<\/tr>\n<\/tbody>\n<\/table>\n<p class=\"whitespace-pre-wrap\">Das \u00c4quiatomverh\u00e4ltnis bietet eine maximale Konfigurationsentropie, aber geringf\u00fcgige Abweichungen beeinflussen die Eigenschaften nicht wesentlich. Die Zugabe von 1-2 at.% Mangan ist \u00fcblich, um die Eigenschaften durch Kornfeinung und Ausscheidungsh\u00e4rtung weiter zu verbessern.<\/p>\n<h3>Eigenschaften von CoCrFeNi-Pulver<\/h3>\n<p class=\"whitespace-pre-wrap\">CoCrFeNi-Legierungspulver weist eine einzigartige Kombination von hervorragenden Eigenschaften auf:<\/p>\n<table>\n<thead>\n<tr>\n<th>Eigentum<\/th>\n<th>Werte<\/th>\n<\/tr>\n<\/thead>\n<tbody>\n<tr>\n<td>Dichte<\/td>\n<td>7,5-8,3 g\/cm3<\/td>\n<\/tr>\n<tr>\n<td>Schmelzpunkt<\/td>\n<td>&gt;1200\u00b0C<\/td>\n<\/tr>\n<tr>\n<td>Mikroh\u00e4rte<\/td>\n<td>2,5-4 GPa<\/td>\n<\/tr>\n<tr>\n<td>Endg\u00fcltige Zugfestigkeit<\/td>\n<td>500-1300 MPa<\/td>\n<\/tr>\n<tr>\n<td>Streckgrenze<\/td>\n<td>200-1100 MPa<\/td>\n<\/tr>\n<tr>\n<td>Dehnung<\/td>\n<td>10-60%<\/td>\n<\/tr>\n<tr>\n<td>Elastizit\u00e4tsmodul<\/td>\n<td>150-250 GPa<\/td>\n<\/tr>\n<tr>\n<td>Schermodus<\/td>\n<td>65-85 GPa<\/td>\n<\/tr>\n<tr>\n<td>Querkontraktionszahl<\/td>\n<td>0.21-0.33<\/td>\n<\/tr>\n<tr>\n<td>Bruchz\u00e4higkeit<\/td>\n<td>&gt;100 MPa\u221am<\/td>\n<\/tr>\n<tr>\n<td>W\u00e4rmeleitf\u00e4higkeit<\/td>\n<td>10-30 W\/mK<\/td>\n<\/tr>\n<tr>\n<td>Elektrischer spezifischer Widerstand<\/td>\n<td>70-100 n\u03a9m<\/td>\n<\/tr>\n<tr>\n<td>Korrosionsbest\u00e4ndigkeit<\/td>\n<td>Ausgezeichnet in verschiedenen Umgebungen<\/td>\n<\/tr>\n<\/tbody>\n<\/table>\n<p class=\"whitespace-pre-wrap\">Die hohe H\u00e4rte ergibt sich aus der Mischkristallverfestigung, w\u00e4hrend die FCC-Struktur f\u00fcr eine gute Duktilit\u00e4t sorgt. Die Eigenschaften k\u00f6nnen durch Anpassung der Zusammensetzung und Verarbeitung ma\u00dfgeschneidert werden.<\/p>\n<h3>Eigenschaften von CoCrFeNi-Pulver<\/h3>\n<p class=\"whitespace-pre-wrap\">Zu den herausragenden Merkmalen von CoCrFeNi-Legierungspulver geh\u00f6ren:<\/p>\n<ul class=\"list-disc pl-8 space-y-2\">\n<li class=\"whitespace-normal\">Einphasige FCC-Struktur ohne intermetallische Phasen<\/li>\n<li class=\"whitespace-normal\">Gl\u00fchzwillinge und Stapelfehler vorhanden<\/li>\n<li class=\"whitespace-normal\">\u00c4quiaxiale Pulvermorphologie mit guter Flie\u00dff\u00e4higkeit<\/li>\n<li class=\"whitespace-normal\">Pulvergr\u00f6\u00dfenverteilung von 15-150 \u03bcm<\/li>\n<li class=\"whitespace-normal\">Hohe Reinheit mit niedrigem Sauerstoffgehalt<\/li>\n<li class=\"whitespace-normal\">Sph\u00e4rische Pulverform und glatte Oberfl\u00e4che<\/li>\n<li class=\"whitespace-normal\">Anpassbare Pulvergr\u00f6\u00dfe, -form und -zusammensetzung<\/li>\n<\/ul>\n<p class=\"whitespace-pre-wrap\">Das Pulver weist eine hohe chemische Homogenit\u00e4t mit einer gleichm\u00e4\u00dfigen Verteilung der Legierungselemente auf. Die kugelf\u00f6rmige Morphologie sorgt f\u00fcr gute Packungs- und Flie\u00dfeigenschaften.<\/p>\n<h2>Anwendungen von CoCrFeNi-Pulver<\/h2>\n<p class=\"whitespace-pre-wrap\">Die au\u00dfergew\u00f6hnliche Kombination aus Festigkeit, Z\u00e4higkeit und Verarbeitbarkeit von CoCrFeNi-Pulver macht es geeignet f\u00fcr:<\/p>\n<p class=\"whitespace-pre-wrap\"><strong>Additive Fertigung:<\/strong> Hervorragende Druckbarkeit aufgrund guter Flie\u00df- und Schmelzeigenschaften. Wird in der Luft- und Raumfahrt, f\u00fcr Werkzeuge und biomedizinische Implantate verwendet.<\/p>\n<p class=\"whitespace-pre-wrap\"><strong>Thermische Spritzschichten:<\/strong> Best\u00e4ndigkeit gegen Verschlei\u00df, Korrosion und thermische Erweichung. Beschichtungen f\u00fcr mechanische, marine und chemische Anwendungen.<\/p>\n<p class=\"whitespace-pre-wrap\"><strong>Entwicklung von Legierungen:<\/strong> Grundmaterial f\u00fcr neue hochentropische Legierungen mit Zus\u00e4tzen von Al, Ti usw.<\/p>\n<p class=\"whitespace-pre-wrap\"><strong>Metall-Spritzgie\u00dfen:<\/strong> Teile mit hoher Steifigkeit und guter Ma\u00dfhaltigkeit f\u00fcr die Luftfahrt und die Automobilindustrie.<\/p>\n<p class=\"whitespace-pre-wrap\"><strong>Pulvermetallurgie:<\/strong> Hochleistungs-P\/M-Teile mit ausgewogener Festigkeit und Duktilit\u00e4t.<\/p>\n<p class=\"whitespace-pre-wrap\"><strong>Kryogenische Anwendungen:<\/strong> Beibehaltung der Duktilit\u00e4t und Z\u00e4higkeit bei Minustemperaturen.<\/p>\n<h2>Spezifikationen von CoCrFeNi-Pulver<\/h2>\n<p class=\"whitespace-pre-wrap\">CoCrFeNi-Legierungspulver ist in verschiedenen Gr\u00f6\u00dfenbereichen, Zusammensetzungen und Formen erh\u00e4ltlich:<\/p>\n<table>\n<thead>\n<tr>\n<th>Parameter<\/th>\n<th>Varianten<\/th>\n<\/tr>\n<\/thead>\n<tbody>\n<tr>\n<td>Gr\u00f6\u00dfenbereich<\/td>\n<td>15-25 \u03bcm, 25-45 \u03bcm, 45-75 \u03bcm, 75-105 \u03bcm, 105-150 \u03bcm<\/td>\n<\/tr>\n<tr>\n<td>Zusammensetzung<\/td>\n<td>\u00c4quiatomisch, benutzerdefinierte Elementverh\u00e4ltnisse<\/td>\n<\/tr>\n<tr>\n<td>Form des Pulvers<\/td>\n<td>kugelf\u00f6rmig, unregelm\u00e4\u00dfig<\/td>\n<\/tr>\n<tr>\n<td>Produktionsverfahren<\/td>\n<td>Gas-\/Wasserverd\u00fcsung, mechanisches Legieren<\/td>\n<\/tr>\n<tr>\n<td>Lieferform<\/td>\n<td>Loses Pulver, gesinterte Vorformlinge<\/td>\n<\/tr>\n<\/tbody>\n<\/table>\n<p class=\"whitespace-pre-wrap\">Gr\u00f6\u00dfere Pulvergr\u00f6\u00dfen von 45-150 \u03bcm werden f\u00fcr das thermische Spritzen und das Metallspritzgie\u00dfen bevorzugt. Feinere Gr\u00f6\u00dfen von 15-45 \u03bcm werden f\u00fcr die additive Fertigung verwendet. Die Pulver k\u00f6nnen in Form, Gr\u00f6\u00dfe, Sauerstoffgehalt und Flie\u00dff\u00e4higkeit angepasst werden.<\/p>\n<h2>Lieferanten von CoCrFeNi-Pulver<\/h2>\n<p class=\"whitespace-pre-wrap\">Zu den weltweit f\u00fchrenden Anbietern von CoCrFeNi-Legierungspulver mit hoher Entropie geh\u00f6ren:<\/p>\n<table>\n<thead>\n<tr>\n<th>Unternehmen<\/th>\n<th>Produktionskapazit\u00e4t<\/th>\n<th>Standort<\/th>\n<\/tr>\n<\/thead>\n<tbody>\n<tr>\n<td>Sandvik<\/td>\n<td>200 Tonnen pro Jahr<\/td>\n<td>Schweden<\/td>\n<\/tr>\n<tr>\n<td>Praxair<\/td>\n<td>150 Tonnen pro Jahr<\/td>\n<td>USA<\/td>\n<\/tr>\n<tr>\n<td>Hoganas<\/td>\n<td>100 Tonnen pro Jahr<\/td>\n<td>Schweden<\/td>\n<\/tr>\n<tr>\n<td>CNPC-Pulver<\/td>\n<td>50 Tonnen pro Jahr<\/td>\n<td>China<\/td>\n<\/tr>\n<tr>\n<td>Zimmerer-Technologien<\/td>\n<td>40 Tonnen pro Jahr<\/td>\n<td>USA<\/td>\n<\/tr>\n<\/tbody>\n<\/table>\n<p class=\"whitespace-pre-wrap\">Die Pulver werden im Allgemeinen durch Gas- oder Wasserzerst\u00e4ubung hergestellt. Kundenspezifische Pulverzusammensetzungen und -gr\u00f6\u00dfen k\u00f6nnen von diesen Anbietern bezogen werden.<\/p>\n<h3>Preisgestaltung<\/h3>\n<table>\n<thead>\n<tr>\n<th>Gr\u00f6\u00dfe des Pulvers<\/th>\n<th>Preisspanne<\/th>\n<\/tr>\n<\/thead>\n<tbody>\n<tr>\n<td>15-45 Mikron<\/td>\n<td>$150-200 pro kg<\/td>\n<\/tr>\n<tr>\n<td>45-105 Mikrometer<\/td>\n<td>$100-150 pro kg<\/td>\n<\/tr>\n<tr>\n<td>105-150+ Mikron<\/td>\n<td>$80-120 pro kg<\/td>\n<\/tr>\n<\/tbody>\n<\/table>\n<p class=\"whitespace-pre-wrap\">Gr\u00f6\u00dfere Pulvergr\u00f6\u00dfen sind aufgrund der h\u00f6heren Produktionsraten bei der Zerst\u00e4ubung billiger. Kundenspezifische Legierungen und Zusammensetzungen sind preislich h\u00f6her angesiedelt. Die Pulverpreise sind aufgrund des zunehmenden Wettbewerbs und der steigenden Kapazit\u00e4ten auf dem Markt gesunken.<\/p>\n<h2>Vor- und Nachteile von CoCrFeNi-Pulver<\/h2>\n<table>\n<thead>\n<tr>\n<th>Vorteile<\/th>\n<th>Beschr\u00e4nkungen<\/th>\n<\/tr>\n<\/thead>\n<tbody>\n<tr>\n<td>Hervorragende Festigkeit und H\u00e4rte<\/td>\n<td>Hohe Materialkosten aufgrund von Co und Ni<\/td>\n<\/tr>\n<tr>\n<td>Ausgezeichnete Duktilit\u00e4t und Z\u00e4higkeit<\/td>\n<td>Begrenzte Daten zur langfristigen Leistung<\/td>\n<\/tr>\n<tr>\n<td>Gute Herstellbarkeit durch AM, MIM, PM<\/td>\n<td>Herausforderungen bei der Verarbeitung mit mikrostruktureller Kontrolle<\/td>\n<\/tr>\n<tr>\n<td>Thermische und mikrostrukturelle Stabilit\u00e4t<\/td>\n<td>Die Zusammensetzung muss genau kontrolliert werden<\/td>\n<\/tr>\n<tr>\n<td>Hohe Korrosions- und Verschlei\u00dffestigkeit<\/td>\n<td>Geringere Verarbeitbarkeit als bei herk\u00f6mmlichen Legierungen<\/td>\n<\/tr>\n<tr>\n<td>Beh\u00e4lt seine Festigkeit bei erh\u00f6hten Temperaturen<\/td>\n<td>Erfordert oft HIP-Nachbearbeitung<\/td>\n<\/tr>\n<\/tbody>\n<\/table>\n<p class=\"whitespace-pre-wrap\">CoCrFeNi HEA-Pulver erm\u00f6glicht Bauteile mit un\u00fcbertroffenen Eigenschaftskombinationen. Allerdings sind die Material- und Verarbeitungskosten hoch. Mikrostruktur und Eigenschaften h\u00e4ngen stark von einer pr\u00e4zisen Steuerung der Zusammensetzung ab.<\/p>\n<h2>Vergleich mit Alternativen<\/h2>\n<p class=\"whitespace-pre-wrap\"><strong>Vs. Edelstahl-Pulver<\/strong><\/p>\n<ul class=\"list-disc pl-8 space-y-2\">\n<li class=\"whitespace-normal\">H\u00f6here Festigkeit und H\u00e4rte<\/li>\n<li class=\"whitespace-normal\">Hervorragende Verschlei\u00df- und Korrosionsbest\u00e4ndigkeit<\/li>\n<li class=\"whitespace-normal\">Teurere Grundstoffkosten<\/li>\n<li class=\"whitespace-normal\">Geringere Verarbeitbarkeit und Schwei\u00dfbarkeit<\/li>\n<\/ul>\n<p class=\"whitespace-pre-wrap\"><strong>Vs. Werkzeugstahl-Pulver<\/strong><\/p>\n<ul class=\"list-disc pl-8 space-y-2\">\n<li class=\"whitespace-normal\">Bessere Duktilit\u00e4t und Bruchz\u00e4higkeit<\/li>\n<li class=\"whitespace-normal\">Geringere Hochtemperaturfestigkeit<\/li>\n<li class=\"whitespace-normal\">Weniger etablierte Verarbeitungsmethoden<\/li>\n<li class=\"whitespace-normal\">Begrenzte Verf\u00fcgbarkeit von Gr\u00f6\u00dfen- und Legierungsvarianten<\/li>\n<\/ul>\n<p class=\"whitespace-pre-wrap\"><strong>Vs. Inconel-Superlegierungspulver<\/strong><\/p>\n<ul class=\"list-disc pl-8 space-y-2\">\n<li class=\"whitespace-normal\">Vergleichbare Hochtemperaturfestigkeit<\/li>\n<li class=\"whitespace-normal\">G\u00fcnstigeres Material<\/li>\n<li class=\"whitespace-normal\">K\u00fcrzere Erfolgsbilanz<\/li>\n<li class=\"whitespace-normal\">Eingeschr\u00e4nkte mikrostrukturelle Stabilit\u00e4t bei sehr hohen Temperaturen<\/li>\n<\/ul>\n<h2>FAQs<\/h2>\n<p class=\"whitespace-pre-wrap\"><strong>F: Was ist HEA-Pulver (High Entropy Alloy)?<\/strong><\/p>\n<p class=\"whitespace-pre-wrap\">A: HEA-Pulver enth\u00e4lt mehrere Hauptelemente in nahezu \u00e4quiatomischen Verh\u00e4ltnissen, um au\u00dfergew\u00f6hnliche Eigenschaften wie Festigkeit, Duktilit\u00e4t und Stabilit\u00e4t zu erzielen. CoCrFeNi-Pulver ist ein f\u00fchrendes HEA.<\/p>\n<p class=\"whitespace-pre-wrap\"><strong>F: Welche typischen Gr\u00f6\u00dfen von CoCrFeNi-Pulver sind erh\u00e4ltlich?<\/strong><\/p>\n<p class=\"whitespace-pre-wrap\">A: \u00dcbliche Gr\u00f6\u00dfenbereiche sind 15-45 \u03bcm f\u00fcr AM, 45-105 \u03bcm f\u00fcr thermisches Spritzen und 105-150 \u03bcm f\u00fcr MIM und andere Anwendungen. Feinere und gr\u00f6bere Gr\u00f6\u00dfen k\u00f6nnen individuell angepasst werden.<\/p>\n<p class=\"whitespace-pre-wrap\"><strong>F: Was beeinflusst den Preis von CoCrFeNi-Legierungspulver?<\/strong><\/p>\n<p class=\"whitespace-pre-wrap\">A: Pulvergr\u00f6\u00dfe, Zusammensetzung, Reinheit, Herstellungsverfahren und Bestellmenge bestimmen den Preis. Gr\u00f6\u00dfere Gr\u00f6\u00dfen \u00fcber 100 \u03bcm kosten weniger. Geringf\u00fcgige Zus\u00e4tze oder engere Zusammensetzungsbereiche erh\u00f6hen die Kosten.<\/p>\n<p class=\"whitespace-pre-wrap\"><strong>F: Wie wird CoCrFeNi HEA-Pulver hergestellt?<\/strong><\/p>\n<p class=\"whitespace-pre-wrap\">A: Gasverd\u00fcsung und Wasserverd\u00fcsung sind die wichtigsten Produktionsmethoden. Das Pulver kann auch durch mechanisches Legieren oder Kryomahlen von vorlegierten Bl\u00f6cken hergestellt werden.<\/p>\n<p class=\"whitespace-pre-wrap\"><strong>F: Was sind einige Anwendungsbeispiele f\u00fcr CoCrFeNi-Pulver?<\/strong><\/p>\n<p class=\"whitespace-pre-wrap\">A: F\u00fchrende Anwendungen sind die additive Fertigung von Werkzeugen und Komponenten f\u00fcr die Luft- und Raumfahrt, thermische Spritzschichten f\u00fcr Verschlei\u00df- und Korrosionsbest\u00e4ndigkeit, die Entwicklung von Legierungen, der Metallspritzguss von Automobilteilen und die Pulvermetallurgie von Hochleistungskomponenten.<\/p>\n<p class=\"whitespace-pre-wrap\"><strong>F: Was sind die wichtigsten Eigenschaften von CoCrFeNi HEA-Pulver?<\/strong><\/p>\n<p class=\"whitespace-pre-wrap\">A: Es weist eine au\u00dfergew\u00f6hnliche Kombination aus hoher Festigkeit, H\u00e4rte, Duktilit\u00e4t, Bruchz\u00e4higkeit, thermischer Stabilit\u00e4t und Korrosionsbest\u00e4ndigkeit im Vergleich zu herk\u00f6mmlichen Legierungen auf.<\/p>\n<p class=\"whitespace-pre-wrap\"><strong>F: Was sind die Grenzen von CoCrFeNi-Pulver?<\/strong><\/p>\n<p class=\"whitespace-pre-wrap\">A: Hohe Kosten f\u00fcr das Basismaterial, Schwierigkeiten bei der Kontrolle der Mikrostruktur, begrenzte Daten \u00fcber die Langzeitleistung, geringere Schwei\u00dfbarkeit im Vergleich zu St\u00e4hlen sind einige Nachteile.<\/p>\n<p class=\"whitespace-pre-wrap\"><strong>F: Wie verh\u00e4lt sich CoCrFeNi-Pulver im Vergleich zu Werkzeugst\u00e4hlen und nichtrostenden St\u00e4hlen?<\/strong><\/p>\n<p class=\"whitespace-pre-wrap\">A: Er hat eine wesentlich h\u00f6here Festigkeit und H\u00e4rte, l\u00e4sst sich aber schlechter verarbeiten als nichtrostende St\u00e4hle. Im Vergleich zu Werkzeugst\u00e4hlen bietet er eine h\u00f6here Bruchz\u00e4higkeit und Duktilit\u00e4t.<\/p>\n<p class=\"whitespace-pre-wrap\"><strong>F: Ist CoCrFeNi f\u00fcr kryogene Anwendungen geeignet?<\/strong><\/p>\n<p class=\"whitespace-pre-wrap\">A: Ja, es beh\u00e4lt seine gute Duktilit\u00e4t und Z\u00e4higkeit bei Minustemperaturen, w\u00e4hrend herk\u00f6mmliche Legierungen spr\u00f6de werden. Dies macht es f\u00fcr kryogene Ger\u00e4te n\u00fctzlich.<\/p>\n<p class=\"whitespace-pre-wrap\"><strong>F: Kann die Zusammensetzung von CoCrFeNi-Pulver individuell angepasst werden?<\/strong><\/p>\n<p class=\"whitespace-pre-wrap\">A: Ja, Lieferanten k\u00f6nnen kundenspezifische Elementverh\u00e4ltnisse anbieten, die \u00fcber die \u00e4quiatomische Zusammensetzung hinausgehen. \u00dcbliche Anpassungen sind 1-2 at.% Mn- oder Co-Zus\u00e4tze zur Anpassung der Eigenschaften.<\/p>","protected":false},"excerpt":{"rendered":"<p>CoCrFeNi-Pulver, auch bekannt als CoCrFeNiMn-Pulver oder HEA-Pulver (High Entropy Alloy), ist ein Material, das sich aus Kobalt, Chrom, Eisen und Nickel in nahezu \u00e4quiatomischen Verh\u00e4ltnissen zusammensetzt. Dieses neuartige Legierungspulver weist im Vergleich zu herk\u00f6mmlichen Legierungen au\u00dfergew\u00f6hnliche Eigenschaften auf und hat gro\u00dfes Interesse f\u00fcr verschiedene Anwendungen geweckt.<\/p>","protected":false},"featured_media":2199,"comment_status":"open","ping_status":"closed","template":"","meta":[],"product_brand":[],"product_cat":[42],"product_tag":[],"class_list":{"0":"post-2304","1":"product","2":"type-product","3":"status-publish","4":"has-post-thumbnail","6":"product_cat-high-entropy-alloy-powder","8":"first","9":"instock","10":"shipping-taxable","11":"product-type-simple"},"_links":{"self":[{"href":"https:\/\/met3dp.sg\/de\/wp-json\/wp\/v2\/product\/2304","targetHints":{"allow":["GET"]}}],"collection":[{"href":"https:\/\/met3dp.sg\/de\/wp-json\/wp\/v2\/product"}],"about":[{"href":"https:\/\/met3dp.sg\/de\/wp-json\/wp\/v2\/types\/product"}],"replies":[{"embeddable":true,"href":"https:\/\/met3dp.sg\/de\/wp-json\/wp\/v2\/comments?post=2304"}],"wp:featuredmedia":[{"embeddable":true,"href":"https:\/\/met3dp.sg\/de\/wp-json\/wp\/v2\/media\/2199"}],"wp:attachment":[{"href":"https:\/\/met3dp.sg\/de\/wp-json\/wp\/v2\/media?parent=2304"}],"wp:term":[{"taxonomy":"product_brand","embeddable":true,"href":"https:\/\/met3dp.sg\/de\/wp-json\/wp\/v2\/product_brand?post=2304"},{"taxonomy":"product_cat","embeddable":true,"href":"https:\/\/met3dp.sg\/de\/wp-json\/wp\/v2\/product_cat?post=2304"},{"taxonomy":"product_tag","embeddable":true,"href":"https:\/\/met3dp.sg\/de\/wp-json\/wp\/v2\/product_tag?post=2304"}],"curies":[{"name":"wp","href":"https:\/\/api.w.org\/{rel}","templated":true}]}}