{"id":2076,"date":"2023-10-19T01:07:13","date_gmt":"2023-10-19T01:07:13","guid":{"rendered":"https:\/\/met3dp.com\/?post_type=product&#038;p=2076"},"modified":"2023-10-19T01:07:55","modified_gmt":"2023-10-19T01:07:55","slug":"gh3536-alloy-powder","status":"publish","type":"product","link":"https:\/\/met3dp.sg\/de\/product\/gh3536-alloy-powder\/","title":{"rendered":"GH3536 Legierungspulver"},"content":{"rendered":"<p class=\"whitespace-pre-wrap\">Das GH3536-Legierungspulver wurde speziell f\u00fcr die additive Fertigung entwickelt. Durch die Optimierung der Zusammensetzung und der Pulverzerst\u00e4ubungstechniken werden im Vergleich zu herk\u00f6mmlichen Nickelsuperlegierungen hervorragende Eigenschaften erzielt. Zu den wichtigsten Merkmalen von GH3536-Legierungspulver geh\u00f6ren:<\/p>\n<ul class=\"list-disc pl-8 space-y-2\">\n<li class=\"whitespace-normal\">Hohe Festigkeit bei Temperaturen bis zu 760\u00b0C (1400\u00b0F)<\/li>\n<li class=\"whitespace-normal\">Oxidations- und Korrosionsbest\u00e4ndigkeit in rauen Umgebungen<\/li>\n<li class=\"whitespace-normal\">Hervorragende Best\u00e4ndigkeit gegen thermische Erm\u00fcdung und Risswachstum<\/li>\n<li class=\"whitespace-normal\">Gute Bedruckbarkeit und geringe Porosit\u00e4t der gedruckten Teile<\/li>\n<li class=\"whitespace-normal\">Kann zur Optimierung von Festigkeit und Duktilit\u00e4t ausgeh\u00e4rtet werden<\/li>\n<\/ul>\n<p class=\"whitespace-pre-wrap\">Aufgrund dieser Kombination von Eigenschaften eignet sich GH3536 f\u00fcr Bauteile in der Luft- und Raumfahrt, der Energieerzeugung, der \u00d6l- und Gasindustrie sowie der chemischen Verarbeitung, die extremen Temperaturen und Belastungen ausgesetzt sind. Sowohl die Herstellung neuer Teile als auch die Reparatur verschlissener Komponenten k\u00f6nnen von der Verwendung dieses modernen Pulvers profitieren.<\/p>\n<p>&nbsp;<\/p>\n<p><img fetchpriority=\"high\" decoding=\"async\" class=\"size-medium wp-image-2078 aligncenter\" src=\"https:\/\/met3dp.sg\/wp-content\/uploads\/2023\/10\/GH3536-1-300x300.jpg\" alt=\"GH3536 Legierungspulver\" width=\"300\" height=\"300\" title=\"\" srcset=\"https:\/\/met3dp.sg\/wp-content\/uploads\/2023\/10\/GH3536-1-300x300.jpg 300w, https:\/\/met3dp.sg\/wp-content\/uploads\/2023\/10\/GH3536-1-150x150.jpg 150w, https:\/\/met3dp.sg\/wp-content\/uploads\/2023\/10\/GH3536-1-12x12.jpg 12w, https:\/\/met3dp.sg\/wp-content\/uploads\/2023\/10\/GH3536-1-100x100.jpg 100w, https:\/\/met3dp.sg\/wp-content\/uploads\/2023\/10\/GH3536-1.jpg 547w\" sizes=\"(max-width: 300px) 100vw, 300px\" \/><\/p>\n<p>&nbsp;<\/p>\n<h2>GH3536 Legierung Pulverzusammensetzung<\/h2>\n<p class=\"whitespace-pre-wrap\">GH3536 hat eine komplexe Zusammensetzung, die f\u00fcr ein optimales Gleichgewicht der Eigenschaften sorgt. Die nominale Zusammensetzung ist unten dargestellt:<\/p>\n<table>\n<thead>\n<tr>\n<th>Element<\/th>\n<th>Gewicht %<\/th>\n<\/tr>\n<\/thead>\n<tbody>\n<tr>\n<td>Nickel (Ni)<\/td>\n<td>Bilanz<\/td>\n<\/tr>\n<tr>\n<td>Chrom (Cr)<\/td>\n<td>13.5 &#8211; 16.0<\/td>\n<\/tr>\n<tr>\n<td>Kobalt (Co)<\/td>\n<td>12.0 &#8211; 15.0<\/td>\n<\/tr>\n<tr>\n<td>Wolfram (W)<\/td>\n<td>5.0 &#8211; 7.0<\/td>\n<\/tr>\n<tr>\n<td>Tantal (Ta)<\/td>\n<td>3.0 &#8211; 5.0<\/td>\n<\/tr>\n<tr>\n<td>Aluminium (Al)<\/td>\n<td>2.8 &#8211; 3.8<\/td>\n<\/tr>\n<tr>\n<td>Titan (Ti)<\/td>\n<td>0.5 &#8211; 1.5<\/td>\n<\/tr>\n<tr>\n<td>Niobium (Nb)<\/td>\n<td>0.5 &#8211; 1.5<\/td>\n<\/tr>\n<tr>\n<td>Hafnium (Hf)<\/td>\n<td>0.2 &#8211; 0.8<\/td>\n<\/tr>\n<tr>\n<td>Kohlenstoff (C)<\/td>\n<td>0.05 &#8211; 0.15<\/td>\n<\/tr>\n<tr>\n<td>Bor (B)<\/td>\n<td>0.01 &#8211; 0.03<\/td>\n<\/tr>\n<tr>\n<td>Zirkonium (Zr)<\/td>\n<td>0.01 &#8211; 0.05<\/td>\n<\/tr>\n<\/tbody>\n<\/table>\n<p class=\"whitespace-pre-wrap\">Nickel bildet die Matrix, w\u00e4hrend Elemente wie Chrom, Kobalt und Aluminium die Oxidationsbest\u00e4ndigkeit verbessern. Die feuerfesten Elemente Tantal, Wolfram, Niob und Hafnium tragen zur Festigkeit bei erh\u00f6hten Temperaturen bei. Titan und Niob verst\u00e4rken die Legierung durch Karbidbildung. Spuren von Kohlenstoff, Bor und Zirkonium verbessern die Ausscheidungsh\u00e4rtung.<\/p>\n<p class=\"whitespace-pre-wrap\">Die Pulverzusammensetzung ist so konzipiert, dass die Entmischung begrenzt wird und die Zusammensetzung w\u00e4hrend des Drucks gleichm\u00e4\u00dfig bleibt, so dass gleichbleibende Eigenschaften im fertigen Teil gew\u00e4hrleistet sind. Die kugelf\u00f6rmige Pulvermorphologie verbessert au\u00dferdem die Flie\u00dff\u00e4higkeit und die Packungsdichte f\u00fcr eine gute Druckbarkeit.<\/p>\n<h2>GH3536 Legierung Pulvereigenschaften<\/h2>\n<p class=\"whitespace-pre-wrap\">GH3536 weist aufgrund seiner ma\u00dfgeschneiderten Zusammensetzung und seines optimierten Produktionsprozesses eine hervorragende Kombination aus Festigkeit, Duktilit\u00e4t und Umweltbest\u00e4ndigkeit auf. Die wichtigsten Eigenschaften sind im Folgenden zusammengefasst:<\/p>\n<p class=\"whitespace-pre-wrap\"><strong>Mechanische Eigenschaften<\/strong><\/p>\n<table>\n<thead>\n<tr>\n<th>Eigentum<\/th>\n<th>Wie gedruckt<\/th>\n<th>Gealtert<\/th>\n<\/tr>\n<\/thead>\n<tbody>\n<tr>\n<td>Zugfestigkeit<\/td>\n<td>1050 - 1250 MPa (152 - 181 ksi)<\/td>\n<td>1275 - 1400 MPa (185 - 203 ksi)<\/td>\n<\/tr>\n<tr>\n<td>Streckgrenze (0,2% Offset)<\/td>\n<td>900 - 1100 MPa (131 - 160 ksi)<\/td>\n<td>1150 - 1300 MPa (167 - 189 ksi)<\/td>\n<\/tr>\n<tr>\n<td>Dehnung<\/td>\n<td>25 &#8211; 35%<\/td>\n<td>16 &#8211; 22%<\/td>\n<\/tr>\n<tr>\n<td>H\u00e4rte<\/td>\n<td>32 - 38 HRC<\/td>\n<td>36 - 43 HRC<\/td>\n<\/tr>\n<\/tbody>\n<\/table>\n<p class=\"whitespace-pre-wrap\"><strong>Physikalische Eigenschaften<\/strong><\/p>\n<table>\n<thead>\n<tr>\n<th>Eigentum<\/th>\n<th>Typischer Wert<\/th>\n<\/tr>\n<\/thead>\n<tbody>\n<tr>\n<td>Dichte<\/td>\n<td>8,3 g\/cm3<\/td>\n<\/tr>\n<tr>\n<td>Schmelzpunkt<\/td>\n<td>1310\u00b0C (2390\u00b0F)<\/td>\n<\/tr>\n<\/tbody>\n<\/table>\n<p class=\"whitespace-pre-wrap\"><strong>Thermische Eigenschaften<\/strong><\/p>\n<table>\n<thead>\n<tr>\n<th>Eigentum<\/th>\n<th>Temperatur<\/th>\n<\/tr>\n<\/thead>\n<tbody>\n<tr>\n<td>W\u00e4rmeausdehnungskoeffizient<\/td>\n<td>12,8 x 10-6\/\u00b0C bei 20-100\u00b0C<\/td>\n<\/tr>\n<tr>\n<td>W\u00e4rmeleitf\u00e4higkeit<\/td>\n<td>11,4 W\/m-K bei 20\u00b0C<\/td>\n<\/tr>\n<tr>\n<td>Spezifische W\u00e4rme<\/td>\n<td>0,43 J\/g-\u00b0C bei 20\u00b0C<\/td>\n<\/tr>\n<\/tbody>\n<\/table>\n<p class=\"whitespace-pre-wrap\"><strong>Oxidationsbest\u00e4ndigkeit<\/strong><\/p>\n<ul class=\"list-disc pl-8 space-y-2\">\n<li class=\"whitespace-normal\">Widersteht der Oxidation an der Luft bis zu ~980\u00b0C. Es bildet sich eine sch\u00fctzende Cr2O3-Oxidschicht.<\/li>\n<li class=\"whitespace-normal\">Bessere Oxidationsbest\u00e4ndigkeit als Inconel 718 und viele andere Ni-Legierungen.<\/li>\n<\/ul>\n<p class=\"whitespace-pre-wrap\"><strong>Korrosionsbest\u00e4ndigkeit<\/strong><\/p>\n<ul class=\"list-disc pl-8 space-y-2\">\n<li class=\"whitespace-normal\">Ausgezeichnete Best\u00e4ndigkeit gegen Hei\u00dfkorrosion und Sulfidierung.<\/li>\n<li class=\"whitespace-normal\">Best\u00e4ndig gegen viele organische S\u00e4uren, Chloride und Laugen.<\/li>\n<\/ul>\n<p class=\"whitespace-pre-wrap\"><strong>Andere Eigenschaften<\/strong><\/p>\n<ul class=\"list-disc pl-8 space-y-2\">\n<li class=\"whitespace-normal\">Beh\u00e4lt seine Festigkeit und Duktilit\u00e4t auch nach l\u00e4ngerer Einwirkung von bis zu 760\u00b0C.<\/li>\n<li class=\"whitespace-normal\">Ausgezeichnete Lebensdauer bei thermischer Erm\u00fcdung. Widersteht dem Risswachstum.<\/li>\n<li class=\"whitespace-normal\">Niedriger Reibungskoeffizient und Festigkeit gegen Abrieb.<\/li>\n<\/ul>\n<p class=\"whitespace-pre-wrap\">Die Festigkeit von GH3536 im gealterten Zustand \u00fcbertrifft die von herk\u00f6mmlichen Nickelsuperlegierungen wie Inconel 718, wobei die robuste Duktilit\u00e4t erhalten bleibt. Die Legierung ist fester als viele nichtrostende St\u00e4hle bei hohen Temperaturen. Die Oxidationsbest\u00e4ndigkeit n\u00e4hert sich derjenigen von Nickel-Chrom-Legierungen wie Inconel 601. Insgesamt bietet GH3536 eine au\u00dfergew\u00f6hnliche Ausgewogenheit der Eigenschaften f\u00fcr kritische Anwendungen.<\/p>\n<h2>Anwendungen von GH3536 Legierungspulver<\/h2>\n<p class=\"whitespace-pre-wrap\">Die Kombination aus Festigkeit, Umweltbest\u00e4ndigkeit, Bedruckbarkeit und einfacher Nachbearbeitung macht GH3536 zu einem geeigneten Material:<\/p>\n<p class=\"whitespace-pre-wrap\"><strong>Komponenten f\u00fcr die Luft- und Raumfahrt<\/strong><\/p>\n<ul class=\"list-disc pl-8 space-y-2\">\n<li class=\"whitespace-normal\">Turbinenschaufeln, Leitschaufeln, Brennkammern<\/li>\n<li class=\"whitespace-normal\">Strukturelle Teile, Fahrwerk<\/li>\n<li class=\"whitespace-normal\">D\u00fcsen f\u00fcr Raketentriebwerke, Triebwerke<\/li>\n<li class=\"whitespace-normal\">Hei\u00dfe Strukturen f\u00fcr Hyperschallfahrzeuge<\/li>\n<\/ul>\n<p class=\"whitespace-pre-wrap\"><strong>Stromerzeugung<\/strong><\/p>\n<ul class=\"list-disc pl-8 space-y-2\">\n<li class=\"whitespace-normal\">Teile des Hei\u00dfteils von Gasturbinen<\/li>\n<li class=\"whitespace-normal\">W\u00e4rmetauscher, Rekuperatoren<\/li>\n<li class=\"whitespace-normal\">Hitzeschilder, Schutzrohre<\/li>\n<\/ul>\n<p class=\"whitespace-pre-wrap\"><strong>\u00d6l und Gas<\/strong><\/p>\n<ul class=\"list-disc pl-8 space-y-2\">\n<li class=\"whitespace-normal\">Bohrlochwerkzeuge, Bohrlochkopfteile<\/li>\n<li class=\"whitespace-normal\">Ventile, Pumpen f\u00fcr korrosive Medien<\/li>\n<\/ul>\n<p class=\"whitespace-pre-wrap\"><strong>Automobilindustrie<\/strong><\/p>\n<ul class=\"list-disc pl-8 space-y-2\">\n<li class=\"whitespace-normal\">R\u00e4der und Geh\u00e4use f\u00fcr Turbolader<\/li>\n<li class=\"whitespace-normal\">Auspuffkomponenten<\/li>\n<\/ul>\n<p class=\"whitespace-pre-wrap\"><strong>Chemische Verarbeitung<\/strong><\/p>\n<ul class=\"list-disc pl-8 space-y-2\">\n<li class=\"whitespace-normal\">Ventile, Pumpen, Reaktionsbeh\u00e4lter<\/li>\n<li class=\"whitespace-normal\">Rohre f\u00fcr W\u00e4rmetauscher<\/li>\n<\/ul>\n<p class=\"whitespace-pre-wrap\"><strong>Werkzeugbau<\/strong><\/p>\n<ul class=\"list-disc pl-8 space-y-2\">\n<li class=\"whitespace-normal\">Spritzgie\u00dfformen mit konformer K\u00fchlung<\/li>\n<li class=\"whitespace-normal\">Druckgussformen, Hei\u00dfpr\u00e4gewerkzeuge<\/li>\n<\/ul>\n<p class=\"whitespace-pre-wrap\"><strong>Andere<\/strong><\/p>\n<ul class=\"list-disc pl-8 space-y-2\">\n<li class=\"whitespace-normal\">Heizelemente<\/li>\n<li class=\"whitespace-normal\">Beh\u00e4lter f\u00fcr radioaktive Abf\u00e4lle<\/li>\n<li class=\"whitespace-normal\">Spezialverbindungselemente und Federn<\/li>\n<\/ul>\n<p class=\"whitespace-pre-wrap\">GH3536 kann vorhandene Teile aus weniger leistungsf\u00e4higen Materialien ersetzen und so die Haltbarkeit und Effizienz verbessern. Das Pulver eignet sich auch ideal f\u00fcr die Herstellung neuer Konstruktionen, die mit herk\u00f6mmlichen Fertigungsverfahren nicht m\u00f6glich sind. Es erm\u00f6glicht sowohl die Herstellung neuer Teile als auch die Reparatur\/Aufarbeitung verschlissener Komponenten.<\/p>\n<h2>Druck GH3536 Legierungspulver<\/h2>\n<p class=\"whitespace-pre-wrap\">GH3536-Pulver kann erfolgreich mit Laser-Powder-Bed-Fusion- (L-PBF) und Elektronenstrahl-Powder-Bed-Fusion-Verfahren (E-PBF) gedruckt werden. Die kugelf\u00f6rmige Morphologie des Pulvers sorgt f\u00fcr einen guten Fluss und eine gute Packung. Zu den wichtigsten Aspekten geh\u00f6ren:<\/p>\n<p class=\"whitespace-pre-wrap\"><strong>Druckverfahren<\/strong><\/p>\n<ul class=\"list-disc pl-8 space-y-2\">\n<li class=\"whitespace-normal\">Laser- und Elektronenstrahl-Pulverbetttechnologien anwendbar.<\/li>\n<li class=\"whitespace-normal\">F\u00fcr neue Maschinen m\u00fcssen Prozessparameter entwickelt werden.<\/li>\n<li class=\"whitespace-normal\">Inertgas-Kammeratmosph\u00e4re (Argon oder Stickstoff).<\/li>\n<\/ul>\n<p class=\"whitespace-pre-wrap\"><strong>Spezifikation des Pulvers<\/strong><\/p>\n<ul class=\"list-disc pl-8 space-y-2\">\n<li class=\"whitespace-normal\">Partikelgr\u00f6\u00dfenbereich 10-45 \u03bcm, D50 ~25 \u03bcm typisch.<\/li>\n<li class=\"whitespace-normal\">Scheinbare Dichte 2,5-3,5 g\/cm3.<\/li>\n<li class=\"whitespace-normal\">Durchflussmenge 25-35 s (Hall-Durchflussmesser).<\/li>\n<\/ul>\n<p class=\"whitespace-pre-wrap\"><strong>Druckempfehlungen<\/strong><\/p>\n<ul class=\"list-disc pl-8 space-y-2\">\n<li class=\"whitespace-normal\">Das Vorheizen der Grundplatte auf ~150\u00b0C reduziert thermische Spannungen.<\/li>\n<li class=\"whitespace-normal\">Typisch sind Scangeschwindigkeiten von 400-1000 mm\/s.<\/li>\n<li class=\"whitespace-normal\">Schraffurabstand 0,08-0,12 mm f\u00fcr gute Verdichtung.<\/li>\n<li class=\"whitespace-normal\">100% Frischpulver zur Wiederverwendung.<\/li>\n<\/ul>\n<p class=\"whitespace-pre-wrap\"><strong>Nachbearbeitung<\/strong><\/p>\n<ul class=\"list-disc pl-8 space-y-2\">\n<li class=\"whitespace-normal\">Stressabbau: 1080\u00b0C\/2h, luftgek\u00fchlt.<\/li>\n<li class=\"whitespace-normal\">Reifung: 760\u00b0C\/8-16 Std., luftgek\u00fchlt.<\/li>\n<li class=\"whitespace-normal\">Hei\u00dfisostatisches Pressen kann die Porosit\u00e4t weiter verringern.<\/li>\n<\/ul>\n<p class=\"whitespace-pre-wrap\">Bei Optimierung der Parameter sind Dichten \u00fcber 99,8% m\u00f6glich. Das Mikrogef\u00fcge besteht aus feinen, gleichm\u00e4\u00dfigen K\u00f6rnern, die f\u00fcr kritische Anwendungen geeignet sind.<\/p>\n<h2>Spezifikationen f\u00fcr GH3536 Pulver<\/h2>\n<p class=\"whitespace-pre-wrap\">GH3536-Legierungspulver ist im Handel in der unten zusammengefassten Standardgr\u00f6\u00dfenverteilung und -klasse erh\u00e4ltlich. Es k\u00f6nnen auch kundenspezifische Varianten hergestellt werden.<\/p>\n<table>\n<thead>\n<tr>\n<th>Pulvergr\u00f6\u00dfenverteilung<\/th>\n<th><\/th>\n<\/tr>\n<\/thead>\n<tbody>\n<tr>\n<td>D10<\/td>\n<td>10 \u03bcm<\/td>\n<\/tr>\n<tr>\n<td>D50<\/td>\n<td>25 \u03bcm<\/td>\n<\/tr>\n<tr>\n<td>D90<\/td>\n<td>45 \u03bcm<\/td>\n<\/tr>\n<\/tbody>\n<\/table>\n<table>\n<thead>\n<tr>\n<th>Pulver-Klassen<\/th>\n<th>Nominale Durchflussmenge<\/th>\n<th>Scheinbare Dichte<\/th>\n<\/tr>\n<\/thead>\n<tbody>\n<tr>\n<td>Klasse I<\/td>\n<td>25 s<\/td>\n<td>2,5 g\/cm3<\/td>\n<\/tr>\n<tr>\n<td>Klasse II<\/td>\n<td>28 s<\/td>\n<td>2,8 g\/cm3<\/td>\n<\/tr>\n<tr>\n<td>Klasse III<\/td>\n<td>32 s<\/td>\n<td>3,2 g\/cm3<\/td>\n<\/tr>\n<\/tbody>\n<\/table>\n<p class=\"whitespace-pre-wrap\">Andere Spezifikationen:<\/p>\n<ul class=\"list-disc pl-8 space-y-2\">\n<li class=\"whitespace-normal\">Sph\u00e4rische Morphologie mit Satellitenanteil unter 1%.<\/li>\n<li class=\"whitespace-normal\">Sauerstoffgehalt unter 100 ppm.<\/li>\n<li class=\"whitespace-normal\">Ohne Zusatz von Bindemitteln oder Schmiermitteln.<\/li>\n<\/ul>\n<p class=\"whitespace-pre-wrap\">Jede Pulverpartie wird mit einem Analysezertifikat versehen, in dem die Zusammensetzung, die Partikeleigenschaften, die Flie\u00dfgeschwindigkeit und andere Parameter aufgef\u00fchrt sind.<\/p>\n<h2>Handhabung und Lagerung von GH3536<\/h2>\n<p class=\"whitespace-pre-wrap\">Zur Erhaltung der Pulverqualit\u00e4t w\u00e4hrend der Handhabung und Lagerung:<\/p>\n<ul class=\"list-disc pl-8 space-y-2\">\n<li class=\"whitespace-normal\">Versiegelte Pulverbeh\u00e4lter in einer k\u00fchlen, trockenen Umgebung lagern. Trocknungsmittel wird empfohlen.<\/li>\n<li class=\"whitespace-normal\">Vermeiden Sie, dass das Pulver Feuchtigkeit ausgesetzt wird, da dies zu Klumpenbildung und Flie\u00dfproblemen f\u00fchren kann.<\/li>\n<li class=\"whitespace-normal\">Begrenzen Sie Temperaturschwankungen w\u00e4hrend des Transports und der Lagerung.<\/li>\n<li class=\"whitespace-normal\">Beh\u00e4lter nur in einer Handschuhbox oder Argonkammer mit inerter Atmosph\u00e4re \u00f6ffnen.<\/li>\n<li class=\"whitespace-normal\">Offene Beh\u00e4lter sofort verarbeiten, um die Oxidation zu begrenzen. Exponiertes Pulver nicht wiederverwenden.<\/li>\n<li class=\"whitespace-normal\">Geeignete PSA verwenden und Einatmen oder Kontakt mit Haut und Augen vermeiden.<\/li>\n<\/ul>\n<p class=\"whitespace-pre-wrap\">Bei ordnungsgem\u00e4\u00dfer Handhabung ist GH3536-Pulver ab dem Herstellungsdatum mehr als ein Jahr haltbar. Es wird eine FIFO-Bestandsf\u00fchrung empfohlen.<\/p>\n<h2>Sicherheitsdaten f\u00fcr GH3536<\/h2>\n<p class=\"whitespace-pre-wrap\">Da es sich um ein Legierungspulver handelt, das Nickel und andere Elemente enth\u00e4lt, sind bei der Handhabung die \u00fcblichen Sicherheitsvorkehrungen zu treffen:<\/p>\n<ul class=\"list-disc pl-8 space-y-2\">\n<li class=\"whitespace-normal\">PSA verwenden: Geeignete Atemschutzmaske, Handschuhe, Augenschutz, Schutzkleidung.<\/li>\n<li class=\"whitespace-normal\">Bei der Handhabung Hautkontakt und Einatmen von St\u00e4uben vermeiden.<\/li>\n<li class=\"whitespace-normal\">Alle Ger\u00e4te zur Handhabung von Pulver m\u00fcssen ordnungsgem\u00e4\u00df geerdet werden. Inertgas-Handschuhk\u00e4sten empfohlen.<\/li>\n<li class=\"whitespace-normal\">Verwenden Sie eine Staubabsaugung w\u00e4hrend der Reinigungsarbeiten. Vermeiden Sie die Entstehung von Staub in der Luft.<\/li>\n<li class=\"whitespace-normal\">Entsorgen Sie \u00fcbersch\u00fcssiges Pulver und Reinigungsr\u00fcckst\u00e4nde auf geeignete Weise.<\/li>\n<li class=\"whitespace-normal\">Weitere Sicherheitsinformationen finden Sie im SDS-Dokument.<\/li>\n<\/ul>\n<p class=\"whitespace-pre-wrap\">Nickelpulver ist als vermutlich krebserregend eingestuft. Befolgen Sie alle Gesetze und Vorschriften zum sicheren Umgang mit Metallpulver.<\/p>\n<h2>Inspektion von GH3536-Pulver<\/h2>\n<p class=\"whitespace-pre-wrap\">Um sicherzustellen, dassGH3536-Pulver den Anwendungsanforderungen entspricht, k\u00f6nnen die folgenden Pr\u00fcfverfahren angewandt werden:<\/p>\n<p class=\"whitespace-pre-wrap\"><strong>Partikelgr\u00f6\u00dfenverteilung<\/strong><\/p>\n<ul class=\"list-disc pl-8 space-y-2\">\n<li class=\"whitespace-normal\">Laserbeugungsanalyse (ISO 13320)<\/li>\n<li class=\"whitespace-normal\">Siebanalyse (ASTM B214)<\/li>\n<\/ul>\n<p class=\"whitespace-pre-wrap\"><strong>Morphologie und Mikrostruktur<\/strong><\/p>\n<ul class=\"list-disc pl-8 space-y-2\">\n<li class=\"whitespace-normal\">Rasterelektronenmikroskopie<\/li>\n<li class=\"whitespace-normal\">Optische Mikroskopie von montierten und polierten Pr\u00e4paraten<\/li>\n<\/ul>\n<p class=\"whitespace-pre-wrap\"><strong>Zusammensetzung des Pulvers<\/strong><\/p>\n<ul class=\"list-disc pl-8 space-y-2\">\n<li class=\"whitespace-normal\">Induktiv gekoppelte Plasmamassenspektrometrie (ASTM E1097)<\/li>\n<li class=\"whitespace-normal\">Inertgasschmelze f\u00fcr O und N (ASTM E1019)<\/li>\n<\/ul>\n<p class=\"whitespace-pre-wrap\"><strong>Dichte des Pulvers<\/strong><\/p>\n<ul class=\"list-disc pl-8 space-y-2\">\n<li class=\"whitespace-normal\">Scheinbare Dichte (Hall-Durchflussmesser)<\/li>\n<li class=\"whitespace-normal\">Klopfdichte (ASTM B527)<\/li>\n<\/ul>\n<p class=\"whitespace-pre-wrap\"><strong>Flie\u00dff\u00e4higkeit des Pulvers<\/strong><\/p>\n<ul class=\"list-disc pl-8 space-y-2\">\n<li class=\"whitespace-normal\">Hall-Durchflussmesser (ASTM B213)<\/li>\n<li class=\"whitespace-normal\">Revolution Pulveranalysator<\/li>\n<\/ul>\n<p class=\"whitespace-pre-wrap\"><strong>Losannahme<\/strong><\/p>\n<ul class=\"list-disc pl-8 space-y-2\">\n<li class=\"whitespace-normal\">Probenahme nach ASTM B215<\/li>\n<li class=\"whitespace-normal\">Pr\u00fcfen, ob das Pulver den Spezifikationen f\u00fcr Gr\u00f6\u00dfe, Zusammensetzung und Morphologie entspricht<\/li>\n<\/ul>\n<p class=\"whitespace-pre-wrap\">F\u00fcr jede Pulvercharge sollten Tests durchgef\u00fchrt werden, um die Konformit\u00e4t mit den geltenden ASTM-Normen zu \u00fcberpr\u00fcfen. Dies gew\u00e4hrleistet eine gleichbleibend hohe Qualit\u00e4t des Pulverrohstoffs f\u00fcr den Druck.<\/p>\n<h2>FAQs<\/h2>\n<p class=\"whitespace-pre-wrap\"><strong>F: Was macht GH3536 besser als andere Ni-Superlegierungen f\u00fcr AM?<\/strong><\/p>\n<p class=\"whitespace-pre-wrap\">A: GH3536 hat eine h\u00f6here Festigkeit als Arbeitslegierungen wie Inconel 718, wobei die Duktilit\u00e4t erhalten bleibt. Die Pulverzusammensetzung und der Zerst\u00e4ubungsprozess minimieren Segregation und Porosit\u00e4t.<\/p>\n<p class=\"whitespace-pre-wrap\"><strong>F: Muss GH3536 nach dem Druck hei\u00dfisostatisch gepresst werden?<\/strong><\/p>\n<p class=\"whitespace-pre-wrap\">A: HIP kann die innere Porosit\u00e4t weiter reduzieren, ist aber nicht erforderlich, um mit optimierten AM-Parametern hohe Dichten (&gt;99,5%) zu erreichen. HIP kann h\u00f6here Betriebstemperaturen erm\u00f6glichen.<\/p>\n<p class=\"whitespace-pre-wrap\"><strong>F: Welche Nachbearbeitung ist nach dem Druck des GH3536 erforderlich?<\/strong><\/p>\n<p class=\"whitespace-pre-wrap\">A: Nach dem Druck kann eine einfache Spannungsarmgl\u00fchung durchgef\u00fchrt werden. F\u00fcr eine optimale Festigkeit wird eine Alterungsw\u00e4rmebehandlung empfohlen.<\/p>\n<p class=\"whitespace-pre-wrap\"><strong>F: Wie lange sind die Lieferzeiten f\u00fcr den Kauf von GH3536-Pulver?<\/strong><\/p>\n<p class=\"whitespace-pre-wrap\">A: Kleine Lose k\u00f6nnen in 2-4 Wochen geliefert werden. F\u00fcr gro\u00dfe Produktionsmengen sollten Sie je nach Verf\u00fcgbarkeit 3-5 Monate einplanen.<\/p>\n<p class=\"whitespace-pre-wrap\"><strong>F: Enth\u00e4lt GH3536 Aluminium oder Titan, das beim Drucken Probleme verursachen kann?<\/strong><\/p>\n<p class=\"whitespace-pre-wrap\">A: Die Konzentrationen von Al und Ti sind ausgewogen, um eine Oxidation des Pulvers oder eine \u00fcberm\u00e4\u00dfige Reaktion mit dem Schmelzbad w\u00e4hrend des Drucks zu vermeiden.<\/p>\n<p class=\"whitespace-pre-wrap\"><strong>F: Welche Partikelgr\u00f6\u00dfenverteilung wird f\u00fcr den Druck von GH3536 empfohlen?<\/strong><\/p>\n<p class=\"whitespace-pre-wrap\">A: Eine Verteilung mit D10 von 10 \u03bcm, D50 von 25 \u03bcm und D90 von 45 \u03bcm bietet ein gutes Gleichgewicht von Flie\u00dff\u00e4higkeit und Druck.<\/p>\n<p class=\"whitespace-pre-wrap\"><strong>F: Kann der GH3536 f\u00fcr den Druck von Teilen mit \u00dcberh\u00e4ngen und komplexen Geometrien verwendet werden?<\/strong><\/p>\n<p class=\"whitespace-pre-wrap\">A: Ja, GH3536 hat eine ausgezeichnete Druckf\u00e4higkeit f\u00fcr Teile mit \u00dcberh\u00e4ngen von mehr als 45\u00b0 \u00dcberhangwinkel gezeigt.<\/p>\n<h1>Schlussfolgerung<\/h1>\n<p class=\"whitespace-pre-wrap\">Das Nickel-Superlegierungspulver GH3536 bietet eine au\u00dfergew\u00f6hnliche Kombination aus hoher Festigkeit, Temperaturbest\u00e4ndigkeit, Oxidationsbest\u00e4ndigkeit, Druckbarkeit und Nachbearbeitung f\u00fcr anspruchsvolle additive Fertigungsanwendungen in der Luft- und Raumfahrt, der Energieerzeugung, der \u00d6l- und Gasindustrie, der Automobilindustrie und der chemischen Verarbeitung. Die ma\u00dfgeschneiderte Zusammensetzung, die optimierten Pulvereigenschaften und die M\u00f6glichkeit der W\u00e4rmebehandlung erm\u00f6glichen einstellbare Eigenschaften f\u00fcr neue Konstruktionen, die mit konventioneller Fertigung nicht m\u00f6glich sind. Mit der richtigen Handhabung und den richtigen Druckverfahren erm\u00f6glicht GH3536 komplexe, hochleistungsf\u00e4hige Metallteile, die wie nie zuvor geringes Gewicht und Haltbarkeit vereinen.<\/p>\n<div class=\"flex gap-0.5 -mx-1 -mt-2 text-stone-500 justify-between items-stretch\">\n<div class=\"flex gap-0.5\">\n<div class=\"contents\"><\/div>\n<\/div>\n<\/div>","protected":false},"excerpt":{"rendered":"<p>GH3536 Legierungspulver ist ein Superlegierungspulver auf Nickelbasis, das f\u00fcr <a href=\"https:\/\/en.wikipedia.org\/wiki\/3D_printing\">additive Fertigung<\/a> Anwendungen, die eine hohe Festigkeit und Korrosionsbest\u00e4ndigkeit bei hohen Temperaturen erfordern. Als hochentwickeltes pulvermetallurgisches Produkt erm\u00f6glicht GH3536 die Herstellung komplexer Geometrien mit laser- oder elektronenstrahlbasierten Metall-3D-Druckverfahren.<\/p>","protected":false},"featured_media":2077,"comment_status":"open","ping_status":"closed","template":"","meta":[],"product_brand":[],"product_cat":[33,31],"product_tag":[],"class_list":{"0":"post-2076","1":"product","2":"type-product","3":"status-publish","4":"has-post-thumbnail","6":"product_cat-high-temperature-alloy-powder","7":"product_cat-3d-printing-metal-powder","9":"first","10":"instock","11":"shipping-taxable","12":"product-type-simple"},"_links":{"self":[{"href":"https:\/\/met3dp.sg\/de\/wp-json\/wp\/v2\/product\/2076","targetHints":{"allow":["GET"]}}],"collection":[{"href":"https:\/\/met3dp.sg\/de\/wp-json\/wp\/v2\/product"}],"about":[{"href":"https:\/\/met3dp.sg\/de\/wp-json\/wp\/v2\/types\/product"}],"replies":[{"embeddable":true,"href":"https:\/\/met3dp.sg\/de\/wp-json\/wp\/v2\/comments?post=2076"}],"wp:featuredmedia":[{"embeddable":true,"href":"https:\/\/met3dp.sg\/de\/wp-json\/wp\/v2\/media\/2077"}],"wp:attachment":[{"href":"https:\/\/met3dp.sg\/de\/wp-json\/wp\/v2\/media?parent=2076"}],"wp:term":[{"taxonomy":"product_brand","embeddable":true,"href":"https:\/\/met3dp.sg\/de\/wp-json\/wp\/v2\/product_brand?post=2076"},{"taxonomy":"product_cat","embeddable":true,"href":"https:\/\/met3dp.sg\/de\/wp-json\/wp\/v2\/product_cat?post=2076"},{"taxonomy":"product_tag","embeddable":true,"href":"https:\/\/met3dp.sg\/de\/wp-json\/wp\/v2\/product_tag?post=2076"}],"curies":[{"name":"wp","href":"https:\/\/api.w.org\/{rel}","templated":true}]}}