{"id":2067,"date":"2023-10-18T09:52:14","date_gmt":"2023-10-18T09:52:14","guid":{"rendered":"https:\/\/met3dp.com\/?post_type=product&#038;p=2067"},"modified":"2023-10-18T12:00:54","modified_gmt":"2023-10-18T12:00:54","slug":"aermet100-stainless-steel-powder","status":"publish","type":"product","link":"https:\/\/met3dp.sg\/de\/product\/aermet100-stainless-steel-powder\/","title":{"rendered":"AerMet100 Edelstahl-Pulver"},"content":{"rendered":"<p class=\"whitespace-pre-wrap\">AerMet100 Edelstahlpulver ist ein Hochleistungslegierungspulver, das f\u00fcr additive Fertigungsanwendungen entwickelt wurde, die eine hohe Festigkeit und Erm\u00fcdungsbest\u00e4ndigkeit erfordern. Einige der wichtigsten Merkmale dieses Materials sind:<\/p>\n<ul class=\"list-disc pl-8 space-y-2\">\n<li class=\"whitespace-normal\">Hohe Festigkeit und H\u00e4rte - AerMet100 hat eine ausgezeichnete Festigkeit mit einer Zugfestigkeit von \u00fcber 200 ksi und einer H\u00e4rte von 30-36 HRC.<\/li>\n<li class=\"whitespace-normal\">Gute Duktilit\u00e4t - Trotz der hohen Festigkeit verf\u00fcgt AerMet100 \u00fcber eine gute Duktilit\u00e4t und Schlagz\u00e4higkeit. Die Dehnungswerte liegen \u00fcber 10%.<\/li>\n<li class=\"whitespace-normal\">Hervorragende Erm\u00fcdungsbest\u00e4ndigkeit - Die Erm\u00fcdungsgrenze von AerMet100 ist mit etwa 50% Zugfestigkeit sehr hoch. Dies erm\u00f6glicht langlebige Komponenten, die zyklischen Belastungen ausgesetzt sind.<\/li>\n<li class=\"whitespace-normal\">Kriechbest\u00e4ndigkeit - AerMet100 widersteht der Verformung unter Last bei hohen Temperaturen bis zu 700\u00b0C und ist daher f\u00fcr den Einsatz bei hohen Temperaturen geeignet.<\/li>\n<li class=\"whitespace-normal\">Korrosionsbest\u00e4ndigkeit - Die Zusammensetzung aus rostfreiem Stahl bietet Korrosions- und Oxidationsbest\u00e4ndigkeit f\u00fcr den Einsatz in rauen Umgebungen.<\/li>\n<li class=\"whitespace-normal\">Schwei\u00dfbarkeit - Der niedrige Kohlenstoffgehalt erm\u00f6glicht eine gute Schwei\u00dfbarkeit mit Standard-Schmelzschwei\u00dfverfahren.<\/li>\n<li class=\"whitespace-normal\">Kosteneffizienz - AerMet100 ist g\u00fcnstiger als andere exotische Legierungen mit \u00e4hnlichen Eigenschaften.<\/li>\n<\/ul>\n<p class=\"whitespace-pre-wrap\">Dank dieser au\u00dfergew\u00f6hnlichen Ausgewogenheit der Eigenschaften eignet sich AerMet100 f\u00fcr anspruchsvolle Anwendungen in der Luft- und Raumfahrt, in der \u00d6l- und Gasindustrie, im Automobilbau und in der Industrie. Aus AerMet100-Pulver hergestellte Teile zeichnen sich durch ein hohes Verh\u00e4ltnis von Festigkeit zu Gewicht, Langlebigkeit und Zuverl\u00e4ssigkeit unter Betriebslasten aus.<\/p>\n<h2>AerMet100 Edelstahl-Pulver-Zusammensetzung<\/h2>\n<p class=\"whitespace-pre-wrap\">AerMet100 hat eine martensitische Zusammensetzung aus rostfreiem Stahl mit Zus\u00e4tzen von Kobalt, Nickel und Molybd\u00e4n f\u00fcr Festigkeit und H\u00e4rte. Die Nennzusammensetzung ist unten angegeben:<\/p>\n<table>\n<thead>\n<tr>\n<th>Element<\/th>\n<th>Gewicht %<\/th>\n<\/tr>\n<\/thead>\n<tbody>\n<tr>\n<td>Eisen (Fe)<\/td>\n<td>Bilanz<\/td>\n<\/tr>\n<tr>\n<td>Chrom (Cr)<\/td>\n<td>15.0 &#8211; 17.0<\/td>\n<\/tr>\n<tr>\n<td>Nickel (Ni)<\/td>\n<td>7.0 &#8211; 10.0<\/td>\n<\/tr>\n<tr>\n<td>Kobalt (Co)<\/td>\n<td>8.0 &#8211; 10.0<\/td>\n<\/tr>\n<tr>\n<td>Molybd\u00e4n (Mo)<\/td>\n<td>4.0 &#8211; 5.0<\/td>\n<\/tr>\n<tr>\n<td>Mangan (Mn)<\/td>\n<td>&lt; 1.0<\/td>\n<\/tr>\n<tr>\n<td>Silizium (Si)<\/td>\n<td>&lt; 1.0<\/td>\n<\/tr>\n<tr>\n<td>Kohlenstoff (C)<\/td>\n<td>&lt; 0.03<\/td>\n<\/tr>\n<\/tbody>\n<\/table>\n<p class=\"whitespace-pre-wrap\">Die wichtigsten Legierungselemente und ihre Auswirkungen sind:<\/p>\n<ul class=\"list-disc pl-8 space-y-2\">\n<li class=\"whitespace-normal\"><strong>Chrom<\/strong>\u00a0- Bietet Korrosions- und Oxidationsbest\u00e4ndigkeit<\/li>\n<li class=\"whitespace-normal\"><strong>Nickel<\/strong>\u00a0- Erh\u00f6ht die Z\u00e4higkeit und Duktilit\u00e4t<\/li>\n<li class=\"whitespace-normal\"><strong>Kobalt<\/strong>\u00a0- Mischkristallverfestiger, erh\u00f6ht die Festigkeit<\/li>\n<li class=\"whitespace-normal\"><strong>Molybd\u00e4n<\/strong>\u00a0- Mischkristallverfestiger, erh\u00f6ht Festigkeit und Kriechfestigkeit<\/li>\n<li class=\"whitespace-normal\"><strong>Mangan und Silizium<\/strong>\u00a0- Desoxidationsmittel zur Verbesserung der Herstellbarkeit von Pulver<\/li>\n<li class=\"whitespace-normal\"><strong>Kohlenstoff<\/strong>\u00a0- Niedrig gehalten f\u00fcr bessere Schwei\u00dfbarkeit<\/li>\n<\/ul>\n<p class=\"whitespace-pre-wrap\">Die Kombination dieser Elemente verleiht dem rostfreien Stahl AerMet100 seine einzigartigen Eigenschaften.<\/p>\n<h2>AerMet100 Edelstahlpulver Eigenschaften<\/h2>\n<p class=\"whitespace-pre-wrap\">AerMet100 weist die folgenden physikalischen und mechanischen Eigenschaften im AM-Bauzustand und bei der W\u00e4rmebehandlung auf:<\/p>\n<table>\n<thead>\n<tr>\n<th>Eigentum<\/th>\n<th>Wie gebaut<\/th>\n<th>W\u00e4rmebehandelt<\/th>\n<\/tr>\n<\/thead>\n<tbody>\n<tr>\n<td><strong>Dichte<\/strong><\/td>\n<td>7,9 g\/cc<\/td>\n<td>7,9 g\/cc<\/td>\n<\/tr>\n<tr>\n<td><strong>Porosit\u00e4t<\/strong><\/td>\n<td>&lt; 1%<\/td>\n<td>&lt; 1%<\/td>\n<\/tr>\n<tr>\n<td><strong>Oberfl\u00e4chenrauhigkeit (Ra)<\/strong><\/td>\n<td>15-25 \u03bcm<\/td>\n<td>15-25 \u03bcm<\/td>\n<\/tr>\n<tr>\n<td><strong>H\u00e4rte<\/strong><\/td>\n<td>30-35 HRC<\/td>\n<td>34-38 HRC<\/td>\n<\/tr>\n<tr>\n<td><strong>Zugfestigkeit<\/strong><\/td>\n<td>170-190 ksi<\/td>\n<td>190-220 ksi<\/td>\n<\/tr>\n<tr>\n<td><strong>Streckgrenze (0,2% Offset)<\/strong><\/td>\n<td>160-180 ksi<\/td>\n<td>180-210 ksi<\/td>\n<\/tr>\n<tr>\n<td><strong>Dehnung<\/strong><\/td>\n<td>8-13%<\/td>\n<td>10-15%<\/td>\n<\/tr>\n<tr>\n<td><strong>Verkleinerung der Fl\u00e4che<\/strong><\/td>\n<td>15-25%<\/td>\n<td>15-25%<\/td>\n<\/tr>\n<tr>\n<td><strong>Elastizit\u00e4tsmodul<\/strong><\/td>\n<td>27-30 Msi<\/td>\n<td>29-32 Msi<\/td>\n<\/tr>\n<tr>\n<td><strong>CTE (70-400\u00b0C)<\/strong><\/td>\n<td>11-12 \u03bcm\/m\u00b0C<\/td>\n<td>11-12 \u03bcm\/m\u00b0C<\/td>\n<\/tr>\n<tr>\n<td><strong>Leitf\u00e4higkeit<\/strong><\/td>\n<td>25-30% IACS<\/td>\n<td>25-30% IACS<\/td>\n<\/tr>\n<\/tbody>\n<\/table>\n<p class=\"whitespace-pre-wrap\">Aufgrund dieser Eigenschaften eignet sich AerMet100 f\u00fcr hochfeste Strukturbauteile, Befestigungselemente f\u00fcr die Luft- und Raumfahrt, Bohrlochwerkzeuge, Ventile und Pumpen sowie andere kritische Teile, bei denen Erm\u00fcdungsfestigkeit von gr\u00f6\u00dfter Bedeutung ist.<\/p>\n<h2>AerMet100 Edelstahl-Pulver Anwendungen<\/h2>\n<p class=\"whitespace-pre-wrap\">Die einzigartigen Eigenschaften von AerMet100 machen es zu einer hervorragenden Wahl f\u00fcr die folgenden Anwendungen:<\/p>\n<h3>Luft- und Raumfahrt<\/h3>\n<ul class=\"list-disc pl-8 space-y-2\">\n<li class=\"whitespace-normal\">Strukturelle Halterungen, Verstrebungen, Rumpfkomponenten<\/li>\n<li class=\"whitespace-normal\">Fahrwerksteile, Fl\u00fcgelteile, Leitwerk<\/li>\n<li class=\"whitespace-normal\">Motorhalterungen, Auspuffkomponenten<\/li>\n<li class=\"whitespace-normal\">Turbinenschaufeln, Laufr\u00e4der, Verdichterteile<\/li>\n<li class=\"whitespace-normal\">Hochfeste Verbindungselemente, Schrauben, Muttern, Nieten<\/li>\n<\/ul>\n<h3>\u00d6l und Gas<\/h3>\n<ul class=\"list-disc pl-8 space-y-2\">\n<li class=\"whitespace-normal\">Bohrwerkzeuge und Komponenten f\u00fcr Bohrungen<\/li>\n<li class=\"whitespace-normal\">Bohrlochkopfteile, Ventile, Pumpen<\/li>\n<li class=\"whitespace-normal\">Druckbeh\u00e4lter, Rohrformst\u00fccke<\/li>\n<li class=\"whitespace-normal\">Unterwasser-\/Offshore-Strukturteile<\/li>\n<\/ul>\n<h3>Automobilindustrie<\/h3>\n<ul class=\"list-disc pl-8 space-y-2\">\n<li class=\"whitespace-normal\">Komponenten zur Stromerzeugung<\/li>\n<li class=\"whitespace-normal\">Teile von Antriebssystemen wie Zahnr\u00e4der, Wellen<\/li>\n<li class=\"whitespace-normal\">Strukturelle Verstrebungen, Fahrwerkskomponenten<\/li>\n<li class=\"whitespace-normal\">Hochleistungskomponenten f\u00fcr den Rennsport<\/li>\n<\/ul>\n<h3>Industriell<\/h3>\n<ul class=\"list-disc pl-8 space-y-2\">\n<li class=\"whitespace-normal\">Roboterteile, die Verschlei\u00df und St\u00f6\u00dfen ausgesetzt sind<\/li>\n<li class=\"whitespace-normal\">Matrizen, Gussformen, Werkzeugbau<\/li>\n<li class=\"whitespace-normal\">Fluidtechnische Teile wie Ventile und Pumpen<\/li>\n<li class=\"whitespace-normal\">Andere hochzyklisch belastete Komponenten<\/li>\n<\/ul>\n<p class=\"whitespace-pre-wrap\">Die ausgezeichnete Erm\u00fcdungsfestigkeit von AerMet100 macht es zu einem idealen Ersatz f\u00fcr Bauteile, die traditionell aus Titan- oder Nickellegierungen hergestellt werden. Die hohe H\u00e4rte sorgt au\u00dferdem f\u00fcr eine gute Verschlei\u00dffestigkeit.<\/p>\n<h2>AerMet100 Edelstahl-Pulver Spezifikationen<\/h2>\n<p class=\"whitespace-pre-wrap\">AerMet100-Pulverprodukte erf\u00fcllen die folgenden Spezifikationen:<\/p>\n<table>\n<thead>\n<tr>\n<th><strong>Spezifikation<\/strong><\/th>\n<th><strong>Sorte\/Legierung<\/strong><\/th>\n<\/tr>\n<\/thead>\n<tbody>\n<tr>\n<td>AMS 7245<\/td>\n<td>AerMet100<\/td>\n<\/tr>\n<tr>\n<td>ASTM F3056<\/td>\n<td>AlloySpec 23A<\/td>\n<\/tr>\n<tr>\n<td>DIN 17224<\/td>\n<td>X3NiCoMoAl 15-7-3<\/td>\n<\/tr>\n<\/tbody>\n<\/table>\n<p class=\"whitespace-pre-wrap\">Typische Gr\u00f6\u00dfenverteilungen f\u00fcr die AM-Bearbeitung sind:<\/p>\n<table>\n<thead>\n<tr>\n<th><strong>Partikelgr\u00f6\u00dfe<\/strong><\/th>\n<th><strong>Vertrieb<\/strong><\/th>\n<\/tr>\n<\/thead>\n<tbody>\n<tr>\n<td>15-53 \u03bcm<\/td>\n<td>98%<\/td>\n<\/tr>\n<tr>\n<td>&lt;106 \u03bcm<\/td>\n<td>99%<\/td>\n<\/tr>\n<\/tbody>\n<\/table>\n<p class=\"whitespace-pre-wrap\">Die chemische Zusammensetzung muss den zul\u00e4ssigen Bereichen f\u00fcr Elemente wie Cr, Ni, Co, Mo, C usw. entsprechen, wie sie in der Spezifikation AMS 7245 f\u00fcr die Legierung AerMet100 beschrieben sind.<\/p>\n<p class=\"whitespace-pre-wrap\">Die mechanischen Eigenschaften sollten die in AMS 7245 angegebenen Mindestwerte f\u00fcr H\u00e4rte, Zugfestigkeit, Streckgrenze, Dehnung und Fl\u00e4chenreduzierung erf\u00fcllen oder \u00fcbertreffen.<\/p>\n<p class=\"whitespace-pre-wrap\">Zerst\u00f6rungsfreie Pr\u00fcfungen wie die Farbeindringpr\u00fcfung oder die Magnetpulverpr\u00fcfung sollten keine kritischen Fehler oder M\u00e4ngel aufweisen. Das Pulver sollte gut flie\u00dff\u00e4hig sein und keine Klumpenbildung aufweisen.<\/p>\n<h2>AerMet100 Edelstahlpulver Lieferanten und Preisgestaltung<\/h2>\n<p class=\"whitespace-pre-wrap\">AerMet100-Pulver ist bei den folgenden gro\u00dfen Anbietern erh\u00e4ltlich:<\/p>\n<table>\n<thead>\n<tr>\n<th><strong>Anbieter<\/strong><\/th>\n<th><strong>Produkt-Bezeichnung<\/strong><\/th>\n<th><strong>Preisspanne pro kg<\/strong><\/th>\n<\/tr>\n<\/thead>\n<tbody>\n<tr>\n<td>Zimmerer-Zusatzstoff<\/td>\n<td>CarTech AerMet100<\/td>\n<td>$85-110<\/td>\n<\/tr>\n<tr>\n<td>H\u00f6gan\u00e4s<\/td>\n<td>Digitales Metall DM100<\/td>\n<td>$90-120<\/td>\n<\/tr>\n<tr>\n<td>Praxair<\/td>\n<td>TRU100<\/td>\n<td>$80-100<\/td>\n<\/tr>\n<tr>\n<td>Sandvik Fischadler<\/td>\n<td>Fischadler Met 100<\/td>\n<td>$75-95<\/td>\n<\/tr>\n<\/tbody>\n<\/table>\n<p class=\"whitespace-pre-wrap\">Die Preise variieren je nach Auftragsvolumen, Losgr\u00f6\u00dfe, regionalem Vertriebsh\u00e4ndler und anderen Rabatten. Kleinere Forschungsmengen k\u00f6nnen teurer sein als gro\u00dfe Produktionsmengen.<\/p>\n<h2>Lagerung und Handhabung<\/h2>\n<p class=\"whitespace-pre-wrap\">Um die Qualit\u00e4t des AerMet100-Pulvers f\u00fcr die AM-Verwendung zu erhalten, gelten die folgenden Richtlinien f\u00fcr Lagerung und Handhabung:<\/p>\n<ul class=\"list-disc pl-8 space-y-2\">\n<li class=\"whitespace-normal\">Versiegelte Beh\u00e4lter an einem k\u00fchlen, trockenen Ort fern von Feuchtigkeit und Kontaminationsquellen lagern<\/li>\n<li class=\"whitespace-normal\">Vermeiden Sie es, das Pulver \u00fcber l\u00e4ngere Zeit einer hohen Luftfeuchtigkeit (&gt;60% RH) auszusetzen.<\/li>\n<li class=\"whitespace-normal\">Lassen Sie das Pulver auf Raumtemperatur kommen, bevor Sie den Beh\u00e4lter \u00f6ffnen, um Kondensation zu vermeiden.<\/li>\n<li class=\"whitespace-normal\">Sch\u00fctten und Umf\u00fcllen des Pulvers in inerter Umgebung mit m\u00f6glichst geringem Sauerstoffgehalt<\/li>\n<li class=\"whitespace-normal\">Verwenden Sie Pulverhandhabungsger\u00e4te und Zubeh\u00f6r aus kompatiblen Materialien, um eine Kontamination zu vermeiden.<\/li>\n<li class=\"whitespace-normal\">Begrenzen Sie die Wiederverwendung von Pulver auf maximal 2-3 Zyklen, um eine Verschlechterung der Eigenschaften zu vermeiden.<\/li>\n<li class=\"whitespace-normal\">Pr\u00fcfung von gebrauchtem Pulver, um sicherzustellen, dass es noch alle Spezifikationen f\u00fcr die Wiederverwendung erf\u00fcllt<\/li>\n<\/ul>\n<p class=\"whitespace-pre-wrap\">Richtige Lagerung und sorgf\u00e4ltige Handhabung sind der Schl\u00fcssel zur Vermeidung von Oxidation, Verunreinigung oder Ver\u00e4nderungen der Flie\u00dff\u00e4higkeit des Pulvers.<\/p>\n<h2>Informationen zur Sicherheit<\/h2>\n<ul class=\"list-disc pl-8 space-y-2\">\n<li class=\"whitespace-normal\">Beim Umgang mit Pulver PSA tragen - Handschuhe, Atemschutzmaske, Schutzbrille<\/li>\n<li class=\"whitespace-normal\">Vermeiden Sie Hautkontakt, um m\u00f6gliche allergische Reaktionen zu vermeiden.<\/li>\n<li class=\"whitespace-normal\">Verhinderung des Einatmens feiner Pulver \u00fcber einen l\u00e4ngeren Zeitraum<\/li>\n<li class=\"whitespace-normal\">Sorgen Sie f\u00fcr ausreichende Bel\u00fcftung und Staubabsaugung bei der Verarbeitung<\/li>\n<li class=\"whitespace-normal\">Verwenden Sie zum Dosieren und Handhaben von Pulver funkenfreie Werkzeuge<\/li>\n<li class=\"whitespace-normal\">F\u00fcr die Handhabung von Pulver wird eine Inertgasabdeckung empfohlen.<\/li>\n<li class=\"whitespace-normal\">Befolgen Sie alle geltenden Richtlinien f\u00fcr Sicherheitsdatenbl\u00e4tter (SDS)<\/li>\n<li class=\"whitespace-normal\">Gem\u00e4\u00df den \u00f6rtlichen Vorschriften entsorgen und f\u00fcr R\u00fcckhaltung sorgen<\/li>\n<\/ul>\n<p class=\"whitespace-pre-wrap\">AerMet100-Legierungspulver sind im Allgemeinen keine gef\u00e4hrlichen Materialien, aber die Einhaltung grundlegender Sicherheitspraktiken bei Lagerung, Handhabung und Verarbeitung wird empfohlen.<\/p>\n<h2>Inspektion und Pr\u00fcfung<\/h2>\n<p class=\"whitespace-pre-wrap\">Um sicherzustellen, dass AerMet100-Pulver den Spezifikationen entspricht, k\u00f6nnen die folgenden Inspektions- und Testverfahren angewendet werden:<\/p>\n<table>\n<thead>\n<tr>\n<th><strong>Pr\u00fcfverfahren<\/strong><\/th>\n<th><strong>Eigenschaft validiert<\/strong><\/th>\n<\/tr>\n<\/thead>\n<tbody>\n<tr>\n<td>Visuelle Kontrolle<\/td>\n<td>Flie\u00dff\u00e4higkeit des Pulvers, Verunreinigung<\/td>\n<\/tr>\n<tr>\n<td>Rasterelektronenmikroskopie<\/td>\n<td>Partikelgr\u00f6\u00dfenverteilung und Morphologie<\/td>\n<\/tr>\n<tr>\n<td>Energiedispersive R\u00f6ntgenspektroskopie<\/td>\n<td>Legierungschemie, Kontamination<\/td>\n<\/tr>\n<tr>\n<td>R\u00f6ntgenbeugung<\/td>\n<td>Vorhandene Phasen, Kontamination<\/td>\n<\/tr>\n<tr>\n<td>Hall-Durchflussmesser<\/td>\n<td>Durchsatz des Pulvers<\/td>\n<\/tr>\n<tr>\n<td>Scheinbare Dichte<\/td>\n<td>Packungsdichte des Pulvers<\/td>\n<\/tr>\n<tr>\n<td>Pr\u00fcfung der Gewindebohrerdichte<\/td>\n<td>Flie\u00dff\u00e4higkeit des Pulvers<\/td>\n<\/tr>\n<tr>\n<td>Siebanalyse<\/td>\n<td>Partikelgr\u00f6\u00dfenverteilung nach ASTM B214<\/td>\n<\/tr>\n<tr>\n<td>Chemische Analyse<\/td>\n<td>Zusammensetzung nach AMS 7245, Oxide<\/td>\n<\/tr>\n<tr>\n<td>Messung der Dichte<\/td>\n<td>Pulverdichte im Vergleich zu AMS 7245<\/td>\n<\/tr>\n<\/tbody>\n<\/table>\n<p class=\"whitespace-pre-wrap\">Mechanische Pr\u00fcfungen an gedruckten Proben gem\u00e4\u00df AMS 7245 best\u00e4tigen, dass die Eigenschaften des Endprodukts den Anforderungen entsprechen. Zu den Pr\u00fcfmethoden geh\u00f6ren H\u00e4rte, Zugfestigkeit, Charpy-Schlagz\u00e4higkeit, Erm\u00fcdung bei hoher und niedriger Lastspielzahl, Kriechbruch, Bruchz\u00e4higkeit, Korrosion usw.<\/p>\n<h2>AerMet100-Edelstahlpulver Vergleich mit \u00e4hnlichen Materialien<\/h2>\n<p class=\"whitespace-pre-wrap\">AerMet100 ist im Vergleich zu anderen hochfesten martensitischen nichtrostenden St\u00e4hlen wie folgt:<\/p>\n<table>\n<thead>\n<tr>\n<th><strong>Legierung<\/strong><\/th>\n<th><strong>St\u00e4rke<\/strong><\/th>\n<th><strong>Duktilit\u00e4t<\/strong><\/th>\n<th><strong>Schwei\u00dfeignung<\/strong><\/th>\n<th><strong>Kosten<\/strong><\/th>\n<\/tr>\n<\/thead>\n<tbody>\n<tr>\n<td>AerMet100<\/td>\n<td>Sehr hoch<\/td>\n<td>M\u00e4\u00dfig<\/td>\n<td>Messe<\/td>\n<td>M\u00e4\u00dfig<\/td>\n<\/tr>\n<tr>\n<td>17-4PH<\/td>\n<td>Hoch<\/td>\n<td>Niedrig<\/td>\n<td>Schlecht<\/td>\n<td>Niedrig<\/td>\n<\/tr>\n<tr>\n<td>Zoll 465<\/td>\n<td>Sehr hoch<\/td>\n<td>Niedrig<\/td>\n<td>Schlecht<\/td>\n<td>Hoch<\/td>\n<\/tr>\n<tr>\n<td>316L<\/td>\n<td>M\u00e4\u00dfig<\/td>\n<td>Hoch<\/td>\n<td>Ausgezeichnet<\/td>\n<td>Niedrig<\/td>\n<\/tr>\n<tr>\n<td>Inconel 718<\/td>\n<td>Hoch<\/td>\n<td>Hoch<\/td>\n<td>M\u00e4\u00dfig<\/td>\n<td>Sehr hoch<\/td>\n<\/tr>\n<\/tbody>\n<\/table>\n<p class=\"whitespace-pre-wrap\"><strong>Vorteile von AerMet100:<\/strong><\/p>\n<ul class=\"list-disc pl-8 space-y-2\">\n<li class=\"whitespace-normal\">H\u00f6here Festigkeit als 17-4PH und 316L<\/li>\n<li class=\"whitespace-normal\">Bessere Duktilit\u00e4t als Custom 465 f\u00fcr h\u00f6here Schlagz\u00e4higkeit<\/li>\n<li class=\"whitespace-normal\">Besser schwei\u00dfbar als ausscheidungsh\u00e4rtende Legierungen<\/li>\n<li class=\"whitespace-normal\">Niedrigere Kosten als Inconel 718<\/li>\n<\/ul>\n<p class=\"whitespace-pre-wrap\"><strong>Beschr\u00e4nkungen von AerMet100:<\/strong><\/p>\n<ul class=\"list-disc pl-8 space-y-2\">\n<li class=\"whitespace-normal\">Geringere Duktilit\u00e4t\/Bruchz\u00e4higkeit als austenitisches 316L<\/li>\n<li class=\"whitespace-normal\">Schlechtere Schwei\u00dfbarkeit im Vergleich zu 316L<\/li>\n<li class=\"whitespace-normal\">H\u00f6here Kosten als 17-4PH oder 316L<\/li>\n<li class=\"whitespace-normal\">Geringere Festigkeit als Custom 465 im gealterten Zustand<\/li>\n<\/ul>\n<p class=\"whitespace-pre-wrap\">Insgesamt bietet AerMet100 eine optimale Kombination aus Festigkeit, Duktilit\u00e4t, Schwei\u00dfbarkeit und Kosten f\u00fcr Hochleistungsteile, die im AM-Verfahren hergestellt werden.<\/p>\n<h2>FAQ<\/h2>\n<p class=\"whitespace-pre-wrap\"><strong>F: Was sind die wichtigsten Vorteile der AerMet100-Legierung?<\/strong><\/p>\n<p class=\"whitespace-pre-wrap\">A: Die Hauptvorteile von AerMet100 sind seine hohe Festigkeit und H\u00e4rte in Verbindung mit guter Duktilit\u00e4t, ausgezeichneter Erm\u00fcdungsfestigkeit, Kriechfestigkeit, Korrosionsbest\u00e4ndigkeit und moderaten Kosten. Damit ist es f\u00fcr kritische AM-Anwendungen gut geeignet.<\/p>\n<p class=\"whitespace-pre-wrap\"><strong>F: Welche W\u00e4rmebehandlung wird f\u00fcr AerMet100 verwendet?<\/strong><\/p>\n<p class=\"whitespace-pre-wrap\">A: Eine typische W\u00e4rmebehandlung ist eine 1-2-st\u00fcndige L\u00f6sungsgl\u00fchung bei 1040-1080\u00b0C, gefolgt von einer Abk\u00fchlung an der Luft oder im Ofen auf Raumtemperatur und einer anschlie\u00dfenden 4-st\u00fcndigen Aush\u00e4rtung bei 480\u00b0C, um eine optimale Festigkeit und H\u00e4rte zu erreichen.<\/p>\n<p class=\"whitespace-pre-wrap\"><strong>F: Welche Schwei\u00dfverfahren k\u00f6nnen f\u00fcr die Verbindung von AerMet100-Teilen verwendet werden?<\/strong><\/p>\n<p class=\"whitespace-pre-wrap\">A: Schmelzschwei\u00dfverfahren wie GTAW, GMAW und PAW werden f\u00fcr AerMet100 empfohlen, um Risse zu vermeiden und den Verzug zu minimieren. Eine niedrige W\u00e4rmeeinbringung und Peening der Schwei\u00dfn\u00e4hte wird ebenfalls empfohlen. Auch durch Hartl\u00f6ten lassen sich gute Verbindungen herstellen.<\/p>\n<p class=\"whitespace-pre-wrap\"><strong>F: Wie ist AerMet100 im Vergleich zu martensitaush\u00e4rtenden St\u00e4hlen f\u00fcr AM?<\/strong><\/p>\n<p class=\"whitespace-pre-wrap\">A: AerMet100 hat eine h\u00f6here Duktilit\u00e4t, aber eine etwas geringere Festigkeit als martensitaush\u00e4rtende St\u00e4hle wie 18Ni300 oder 18Ni350. Martensitaush\u00e4rtende St\u00e4hle sind schlecht schwei\u00dfbar. AerMet100 ist eine gute, kosteng\u00fcnstige Alternative zu martensitaush\u00e4rtenden St\u00e4hlen.<\/p>\n<p class=\"whitespace-pre-wrap\"><strong>F: Kann AerMet100 nach der AM-Bearbeitung maschinell bearbeitet werden?<\/strong><\/p>\n<p class=\"whitespace-pre-wrap\">A: Ja, AerMet100 kann nach der AM-Bearbeitung bearbeitet werden, wobei jedoch die Auswirkungen der Kaltverfestigung ber\u00fccksichtigt werden m\u00fcssen. Es wird empfohlen, niedrige Schnittkr\u00e4fte, Hartmetallwerkzeuge und ausreichende K\u00fchlmittel zu verwenden. Nach umfangreichen Bearbeitungen kann ein Ausgl\u00fchen erforderlich sein.<\/p>\n<p class=\"whitespace-pre-wrap\"><strong>F: Welcher Partikelgr\u00f6\u00dfenbereich von AerMet100-Pulver ist f\u00fcr AM optimal?<\/strong><\/p>\n<p class=\"whitespace-pre-wrap\">A: Der empfohlene Partikelgr\u00f6\u00dfenbereich f\u00fcr AM ist 15-45 \u03bcm. Feinere Pulver verbessern die Aufl\u00f6sung, k\u00f6nnen sich aber negativ auf die Flie\u00dff\u00e4higkeit auswirken. Gr\u00f6bere Pulver \u00fcber 53 \u03bcm k\u00f6nnen Druckfehler verursachen. Der typische Sweet Spot liegt bei 25-35 \u03bcm.<\/p>","protected":false},"excerpt":{"rendered":"<p class=\"whitespace-pre-wrap\">AerMet100-Edelstahlpulver ist ein hochentwickeltes, hochfestes und korrosionsbest\u00e4ndiges Legierungspulver, das f\u00fcr additive Fertigungsanwendungen entwickelt wurde. Mit seiner einzigartigen Zusammensetzung und seinen Eigenschaften erm\u00f6glicht AerMet100 die Herstellung von Hochleistungsteilen mit 3D-Druckverfahren wie Laser-Pulverbettfusion und <a href=\"https:\/\/en.wikipedia.org\/wiki\/Powder_bed_and_inkjet_head_3D_printing\">Bindemittelaussto\u00df<\/a>.<\/p>\n<p class=\"whitespace-pre-wrap\">Dieser Artikel gibt einen umfassenden \u00dcberblick \u00fcber AerMet100-Edelstahlpulver und behandelt dessen Zusammensetzung, Eigenschaften, Anwendungen, Spezifikationen, Preise, Handhabung, Pr\u00fcfverfahren und andere technische Details.<\/p>","protected":false},"featured_media":2066,"comment_status":"open","ping_status":"closed","template":"","meta":[],"product_brand":[],"product_cat":[31,38],"product_tag":[],"class_list":{"0":"post-2067","1":"product","2":"type-product","3":"status-publish","4":"has-post-thumbnail","6":"product_cat-3d-printing-metal-powder","7":"product_cat-iron-based-alloy-powder","9":"first","10":"instock","11":"shipping-taxable","12":"product-type-simple"},"_links":{"self":[{"href":"https:\/\/met3dp.sg\/de\/wp-json\/wp\/v2\/product\/2067","targetHints":{"allow":["GET"]}}],"collection":[{"href":"https:\/\/met3dp.sg\/de\/wp-json\/wp\/v2\/product"}],"about":[{"href":"https:\/\/met3dp.sg\/de\/wp-json\/wp\/v2\/types\/product"}],"replies":[{"embeddable":true,"href":"https:\/\/met3dp.sg\/de\/wp-json\/wp\/v2\/comments?post=2067"}],"wp:featuredmedia":[{"embeddable":true,"href":"https:\/\/met3dp.sg\/de\/wp-json\/wp\/v2\/media\/2066"}],"wp:attachment":[{"href":"https:\/\/met3dp.sg\/de\/wp-json\/wp\/v2\/media?parent=2067"}],"wp:term":[{"taxonomy":"product_brand","embeddable":true,"href":"https:\/\/met3dp.sg\/de\/wp-json\/wp\/v2\/product_brand?post=2067"},{"taxonomy":"product_cat","embeddable":true,"href":"https:\/\/met3dp.sg\/de\/wp-json\/wp\/v2\/product_cat?post=2067"},{"taxonomy":"product_tag","embeddable":true,"href":"https:\/\/met3dp.sg\/de\/wp-json\/wp\/v2\/product_tag?post=2067"}],"curies":[{"name":"wp","href":"https:\/\/api.w.org\/{rel}","templated":true}]}}