{"id":2058,"date":"2023-10-18T08:57:26","date_gmt":"2023-10-18T08:57:26","guid":{"rendered":"https:\/\/met3dp.com\/?post_type=product&#038;p=2058"},"modified":"2023-10-18T08:58:20","modified_gmt":"2023-10-18T08:58:20","slug":"tinbzrsn-alloy-powder","status":"publish","type":"product","link":"https:\/\/met3dp.sg\/de\/product\/tinbzrsn-alloy-powder\/","title":{"rendered":"TiNbZrSn-Legierungspulver"},"content":{"rendered":"<h2><strong>TiNbZrSn-Legierung Pulverzusammensetzung<\/strong><\/h2>\n<p class=\"whitespace-pre-wrap\">TiNbZrSn-Legierungspulver besteht aus den folgenden Elementen:<\/p>\n<table>\n<thead>\n<tr>\n<th>Element<\/th>\n<th>Gewicht %<\/th>\n<\/tr>\n<\/thead>\n<tbody>\n<tr>\n<td>Titan (Ti)<\/td>\n<td>35-40%<\/td>\n<\/tr>\n<tr>\n<td>Niobium (Nb)<\/td>\n<td>35-40%<\/td>\n<\/tr>\n<tr>\n<td>Zirkonium (Zr)<\/td>\n<td>5-10%<\/td>\n<\/tr>\n<tr>\n<td>Zinn (Sn)<\/td>\n<td>5-10%<\/td>\n<\/tr>\n<\/tbody>\n<\/table>\n<p class=\"whitespace-pre-wrap\">Diese pr\u00e4zise Kombination von Titan, Niob, Zirkonium und Zinn f\u00fchrt zu einer Legierung mit hervorragender Festigkeit, H\u00e4rte und Elastizit\u00e4t im Vergleich zu herk\u00f6mmlichen Legierungen. Insbesondere der Niobgehalt erh\u00f6ht die mechanische Leistungsf\u00e4higkeit erheblich.<\/p>\n<p class=\"whitespace-pre-wrap\">Durch eine sorgf\u00e4ltige Steuerung des Verh\u00e4ltnisses der einzelnen Metalle k\u00f6nnen die Eigenschaften des Legierungspulvers f\u00fcr verschiedene Anwendungen optimiert werden, die ein hohes Verh\u00e4ltnis von Festigkeit zu Gewicht, Korrosionsbest\u00e4ndigkeit, Biokompatibilit\u00e4t oder Hochtemperaturbest\u00e4ndigkeit erfordern.<\/p>\n<h2><strong>TiNbZrSn-Legierung Pulvereigenschaften<\/strong><\/h2>\n<p class=\"whitespace-pre-wrap\">TiNbZrSn-Legierungspulver weist die folgenden au\u00dfergew\u00f6hnlichen Eigenschaften auf:<\/p>\n<table>\n<thead>\n<tr>\n<th>Eigentum<\/th>\n<th>Beschreibung<\/th>\n<\/tr>\n<\/thead>\n<tbody>\n<tr>\n<td>Hohe Festigkeit<\/td>\n<td>Erzielt eine Festigkeit von \u00fcber 1400 MPa, die mit modernen Legierungen f\u00fcr die Luft- und Raumfahrt vergleichbar ist<\/td>\n<\/tr>\n<tr>\n<td>Geringe Dichte<\/td>\n<td>Dichte etwa 6,5 g\/cm3, viel niedriger als Stahl<\/td>\n<\/tr>\n<tr>\n<td>Ausgezeichnete Elastizit\u00e4t<\/td>\n<td>Elastizit\u00e4tsmodul um 100 GPa, was Flexibilit\u00e4t erm\u00f6glicht<\/td>\n<\/tr>\n<tr>\n<td>Hohe H\u00e4rte<\/td>\n<td>Vickersh\u00e4rte \u00fcber 450 HV, bessere Abriebfestigkeit als rostfreier Stahl<\/td>\n<\/tr>\n<tr>\n<td>Gute Korrosionsbest\u00e4ndigkeit<\/td>\n<td>Widersteht Korrosion in rauen Umgebungen<\/td>\n<\/tr>\n<tr>\n<td>Biokompatibilit\u00e4t<\/td>\n<td>Ungiftig und f\u00fcr medizinische Implantate geeignet<\/td>\n<\/tr>\n<tr>\n<td>Hoher Schmelzpunkt<\/td>\n<td>Schmelzen bei \u00fcber 2500\u00b0C, wodurch es f\u00fcr Hochtemperaturanwendungen geeignet ist<\/td>\n<\/tr>\n<\/tbody>\n<\/table>\n<p class=\"whitespace-pre-wrap\">Die Kombination aus hoher Festigkeit, geringem Gewicht, H\u00e4rte und Elastizit\u00e4t ist selten und macht TiNbZrSn zu einem \u00e4u\u00dferst vielseitigen Werkstoff. Er \u00fcbertrifft herk\u00f6mmliche Legierungen wie Edelstahl in mehreren Eigenschaften.<\/p>\n<h2><strong>Herstellung von TiNbZrSn-Legierungspulver<\/strong><\/h2>\n<p class=\"whitespace-pre-wrap\">TiNbZrSn-Legierungspulver kann nach den folgenden fortschrittlichen Verfahren hergestellt werden:<\/p>\n<table>\n<thead>\n<tr>\n<th>Methode<\/th>\n<th>Beschreibung<\/th>\n<\/tr>\n<\/thead>\n<tbody>\n<tr>\n<td>Gaszerst\u00e4ubung<\/td>\n<td>Geschmolzene Legierung wird in feine Tr\u00f6pfchen gespritzt, die sich zu Pulver verfestigen<\/td>\n<\/tr>\n<tr>\n<td>Verfahren mit rotierenden Plasmaelektroden (PREP)<\/td>\n<td>Elektrode rotiert schnell im Plasmalichtbogen und zerf\u00e4llt in Pulver<\/td>\n<\/tr>\n<tr>\n<td>Hydrid-Dehydrid (HDH)<\/td>\n<td>Legierung wird hydriert, mechanisch zu Pulver zerkleinert und dann dehydriert<\/td>\n<\/tr>\n<\/tbody>\n<\/table>\n<p class=\"whitespace-pre-wrap\">Die Gaszerst\u00e4ubung erm\u00f6glicht die Kontrolle der Partikelgr\u00f6\u00dfenverteilung und f\u00fchrt zu einem glatten, kugelf\u00f6rmigen Pulver, das sich ideal f\u00fcr die additive Fertigung eignet. Die PREP- und HDH-Methoden erm\u00f6glichen die wirtschaftliche Herstellung von unregelm\u00e4\u00dfigem Pulver, das sich zum Pressen und Sintern eignet.<\/p>\n<p class=\"whitespace-pre-wrap\">Die Legierungszusammensetzung kann bei diesen Pulverherstellungsverfahren genau eingehalten werden, was gleichbleibende Eigenschaften gew\u00e4hrleistet. Hochreine Inertgasatmosph\u00e4ren verhindern Verunreinigungen.<\/p>\n<h2><strong>TiNbZrSn-Legierungspulver Anwendungen<\/strong><\/h2>\n<p class=\"whitespace-pre-wrap\">Dank seiner ausgewogenen Materialeigenschaften wird TiNbZrSn-Legierungspulver in den folgenden Anwendungen eingesetzt:<\/p>\n<table>\n<thead>\n<tr>\n<th>Industrie<\/th>\n<th>Anmeldung<\/th>\n<\/tr>\n<\/thead>\n<tbody>\n<tr>\n<td>Luft- und Raumfahrt<\/td>\n<td>Flugzeug- und Raketentriebwerkskomponenten, Raumfahrtsysteme<\/td>\n<\/tr>\n<tr>\n<td>Automobilindustrie<\/td>\n<td>Ventilfedern, Befestigungselemente, Antriebe<\/td>\n<\/tr>\n<tr>\n<td>Medizinische<\/td>\n<td>Implantate, Prothesen, Ger\u00e4te<\/td>\n<\/tr>\n<tr>\n<td>Verteidigung<\/td>\n<td>Panzerung, Munition, Ballistik<\/td>\n<\/tr>\n<tr>\n<td>Additive Fertigung<\/td>\n<td>3D-gedruckte Teile mit hoher Festigkeit<\/td>\n<\/tr>\n<tr>\n<td>Chemische Verarbeitung<\/td>\n<td>Korrosionsbest\u00e4ndige Beh\u00e4lter, Rohrleitungen<\/td>\n<\/tr>\n<\/tbody>\n<\/table>\n<p class=\"whitespace-pre-wrap\">Durch die Kombination von Festigkeit, H\u00e4rte und Biokompatibilit\u00e4t eignet sich TiNbZrSn f\u00fcr tragende implantierte Ger\u00e4te wie H\u00fcft- und Kniegelenke. Aufgrund seiner Korrosionsbest\u00e4ndigkeit eignet es sich f\u00fcr Anwendungen in der Schifffahrt, die dem Meerwasser ausgesetzt sind. Und seine Hochtemperaturbest\u00e4ndigkeit ist ein Vorteil in D\u00fcsentriebwerken und Turbinen.<\/p>\n<p class=\"whitespace-pre-wrap\">Im Vergleich zu herk\u00f6mmlichen Legierungen erm\u00f6glicht TiNbZrSn leichtere, festere und langlebigere Komponenten, die in anspruchsvollen Branchen einen Vorteil darstellen.<\/p>\n<h2><strong>TiNbZrSn-Legierungspulver Spezifikationen<\/strong><\/h2>\n<p class=\"whitespace-pre-wrap\">TiNbZrSn-Legierungspulver ist in den folgenden Spezifikationen im Handel erh\u00e4ltlich:<\/p>\n<table>\n<thead>\n<tr>\n<th>Attribut<\/th>\n<th>Einzelheiten<\/th>\n<\/tr>\n<\/thead>\n<tbody>\n<tr>\n<td>Partikelgr\u00f6\u00dfen<\/td>\n<td>15-45 Mikrometer, 45-106 Mikrometer, 106-250 Mikrometer<\/td>\n<\/tr>\n<tr>\n<td>Partikelform<\/td>\n<td>kugelf\u00f6rmig, unregelm\u00e4\u00dfig<\/td>\n<\/tr>\n<tr>\n<td>Reinheit<\/td>\n<td>Bis zu 99,9%<\/td>\n<\/tr>\n<tr>\n<td>Sauerstoffgehalt<\/td>\n<td>Unter 2000 ppm<\/td>\n<\/tr>\n<tr>\n<td>Pulversorten<\/td>\n<td>Klasse 5, 23, 23 ELI<\/td>\n<\/tr>\n<tr>\n<td>Lieferform<\/td>\n<td>Loses Pulver, gesinterte Vorformlinge<\/td>\n<\/tr>\n<\/tbody>\n<\/table>\n<p class=\"whitespace-pre-wrap\">Es ist sowohl gasverd\u00fcstes sph\u00e4risches Pulver als auch unregelm\u00e4\u00dfiges Pulver von HDH oder PREP erh\u00e4ltlich. Kleineres Pulver von 15-45 Mikron eignet sich f\u00fcr die additive Fertigung, die einen guten Fluss und eine gute Packung erfordert. Gr\u00f6\u00dferes Pulver mit 106-250 Mikron wird normalerweise gepresst und gesintert.<\/p>\n<p class=\"whitespace-pre-wrap\">Normen wie ASTM F1805 und ISO 5832 enthalten Zusammensetzungsgrenzen und erforderliche Eigenschaften f\u00fcr biomedizinisches 23 ELI-Pulver. Kundenspezifische Legierungszusammensetzungen und Partikelgr\u00f6\u00dfen k\u00f6nnen ebenfalls hergestellt werden, um die Anforderungen der Anwendung zu erf\u00fcllen.<\/p>\n<h2><strong>TiNbZrSn-Legierungspulver Lieferanten<\/strong><\/h2>\n<p class=\"whitespace-pre-wrap\">Zu den weltweit f\u00fchrenden Anbietern von TiNbZrSn-Legierungspulver geh\u00f6ren:<\/p>\n<table>\n<thead>\n<tr>\n<th>Anbieter<\/th>\n<th>Standort<\/th>\n<\/tr>\n<\/thead>\n<tbody>\n<tr>\n<td>AMETEK<\/td>\n<td>USA<\/td>\n<\/tr>\n<tr>\n<td>CNPC-Pulver<\/td>\n<td>China<\/td>\n<\/tr>\n<tr>\n<td>GKN Hoeganaes<\/td>\n<td>Europa<\/td>\n<\/tr>\n<tr>\n<td>LPW-Technologie<\/td>\n<td>UK<\/td>\n<\/tr>\n<tr>\n<td>Sandvik Fischadler<\/td>\n<td>UK<\/td>\n<\/tr>\n<\/tbody>\n<\/table>\n<p class=\"whitespace-pre-wrap\">Renommierte Anbieter wie diese verf\u00fcgen \u00fcber fortschrittliche eigene Pulverproduktionsanlagen, die mit Gasverd\u00fcsung oder Hydrid-Dehydrid-Verfahren arbeiten. Sie k\u00f6nnen verschiedene Partikelgr\u00f6\u00dfenverteilungen anbieten und die Legierungszusammensetzung nach Bedarf anpassen.<\/p>\n<p class=\"whitespace-pre-wrap\">Kleine Chargen f\u00fcr Prototypen bis hin zu gro\u00dfen kommerziellen Mengen sind erh\u00e4ltlich. Die Lieferanten f\u00fchren strenge Qualit\u00e4tskontrollen und Tests durch, um sicherzustellen, dass das Pulver den Spezifikationen entspricht.<\/p>\n<h2><strong>TiNbZrSn-Legierung Pulver Preisgestaltung<\/strong><\/h2>\n<p class=\"whitespace-pre-wrap\">Als fortschrittliche Speziallegierung hat TiNbZrSn-Pulver einen hohen Preis:<\/p>\n<table>\n<thead>\n<tr>\n<th>Pulversorte<\/th>\n<th>Preisspanne<\/th>\n<\/tr>\n<\/thead>\n<tbody>\n<tr>\n<td>Klasse 5<\/td>\n<td>$350-$500 pro kg<\/td>\n<\/tr>\n<tr>\n<td>Klasse 23<\/td>\n<td>$450-$650 pro kg<\/td>\n<\/tr>\n<tr>\n<td>Klasse 23 ELI<\/td>\n<td>$550-$750 pro kg<\/td>\n<\/tr>\n<\/tbody>\n<\/table>\n<p class=\"whitespace-pre-wrap\">Der Preis h\u00e4ngt von der Bestellmenge, der Korngr\u00f6\u00dfenverteilung, der Form und der Zusammensetzung ab. Kleinere Mengen von feinem, kugelf\u00f6rmigem Pulver sind teurer. Unregelm\u00e4\u00dfiges Pulver und gr\u00f6\u00dfere Chargengr\u00f6\u00dfen bieten Kosteneinsparungen.<\/p>\n<p class=\"whitespace-pre-wrap\">Der Preis ist um ein Vielfaches h\u00f6her als bei herk\u00f6mmlichen Legierungen wie 316L-Edelstahlpulver. Die \u00fcberlegenen Eigenschaften rechtfertigen jedoch die h\u00f6heren Kosten f\u00fcr kritische Anwendungen, die eine maximale Leistung erfordern.<\/p>\n<h2><strong>Handhabung von TiNbZrSn-Legierungspulver<\/strong><\/h2>\n<p class=\"whitespace-pre-wrap\">Sichere Handhabung von TiNbZrSn-Legierungspulver:<\/p>\n<ul class=\"list-disc pl-8 space-y-2\">\n<li class=\"whitespace-normal\">Versiegelte Beh\u00e4lter in einer k\u00fchlen, trockenen Umgebung lagern, um Oxidation und Hydratation zu verhindern<\/li>\n<li class=\"whitespace-normal\">Versch\u00fctten vermeiden, um Pulveransammlungen als Explosionsgefahr zu vermeiden<\/li>\n<li class=\"whitespace-normal\">Erden aller Pulverf\u00f6rderger\u00e4te und Transportbeh\u00e4lter<\/li>\n<li class=\"whitespace-normal\">Beim Umgang mit Pulver Handschuhe und Atemschutz tragen<\/li>\n<li class=\"whitespace-normal\">Verwenden Sie funkenfreie Werkzeuge und Vakuumsysteme mit Inertgas\u00fcberlagerung<\/li>\n<li class=\"whitespace-normal\">Einsatz von Bel\u00fcftung und punktueller Absaugung, sofern erforderlich<\/li>\n<\/ul>\n<p class=\"whitespace-pre-wrap\">Aufgrund der feinen Partikelgr\u00f6\u00dfe ist TiNbZrSn-Pulver entz\u00fcndlich, wenn es dispergiert wird. Eine sorgf\u00e4ltige Handhabung unter Einhaltung von Sicherheitsprotokollen ist unerl\u00e4sslich. Es wird empfohlen, die Handhabung in automatisierten Handschuhk\u00e4sten und Containmentsystemen durchzuf\u00fchren.<\/p>\n<h2><strong>TiNbZrSn-Legierung Pulverinspektion<\/strong><\/h2>\n<p class=\"whitespace-pre-wrap\">TiNbZrSn-Legierungspulver sollte auf seine Eignung gepr\u00fcft werden:<\/p>\n<table>\n<thead>\n<tr>\n<th>Parameter<\/th>\n<th>Methode<\/th>\n<th>Kriterien f\u00fcr die Akzeptanz<\/th>\n<\/tr>\n<\/thead>\n<tbody>\n<tr>\n<td>Partikelgr\u00f6\u00dfenverteilung<\/td>\n<td>Laserbeugung, Siebung<\/td>\n<td>Erf\u00fcllt den angegebenen Bereich<\/td>\n<\/tr>\n<tr>\n<td>Partikelform<\/td>\n<td>SEM-Bildgebung<\/td>\n<td>Sph\u00e4rische, glatte Oberfl\u00e4chen<\/td>\n<\/tr>\n<tr>\n<td>Partikelchemie<\/td>\n<td>EDX\/EDS, ICP-OES<\/td>\n<td>Entspricht der angegebenen Zusammensetzung<\/td>\n<\/tr>\n<tr>\n<td>Sauerstoff\/Stickstoff<\/td>\n<td>Inertgasfusion<\/td>\n<td>Unter 2000 ppm Sauerstoff<\/td>\n<\/tr>\n<tr>\n<td>Scheinbare Dichte<\/td>\n<td>Hall-Durchflussmesser<\/td>\n<td>Besserer Fluss f\u00fcr h\u00f6here Dichte<\/td>\n<\/tr>\n<tr>\n<td>Durchflussmenge<\/td>\n<td>Hall-Durchflussmesser<\/td>\n<td>Flie\u00dft frei durch die \u00d6ffnung<\/td>\n<\/tr>\n<\/tbody>\n<\/table>\n<p class=\"whitespace-pre-wrap\">Mit diesen Tests wird sichergestellt, dass das Pulver den Spezifikationen f\u00fcr Gr\u00f6\u00dfe, Form, Chemie, Sauberkeit und Flie\u00dff\u00e4higkeit entspricht, die f\u00fcr AM- oder Press-und-Sinter-Anwendungen erforderlich sind.<\/p>\n<h2><strong>TiNbZrSn-Legierung Pulverpr\u00fcfung<\/strong><\/h2>\n<p class=\"whitespace-pre-wrap\">Die folgenden weiteren Tests k\u00f6nnen durchgef\u00fchrt werden, um TiNbZrSn-Legierungspulver zu qualifizieren:<\/p>\n<table>\n<thead>\n<tr>\n<th>Test<\/th>\n<th>Methode<\/th>\n<th>Zweck<\/th>\n<\/tr>\n<\/thead>\n<tbody>\n<tr>\n<td>Komprimierbarkeit<\/td>\n<td>Uniaxiales Pressen<\/td>\n<td>Beurteilung der Verdichtungsreaktion<\/td>\n<\/tr>\n<tr>\n<td>Gr\u00fcne St\u00e4rke<\/td>\n<td>Festigkeit bei Querbr\u00fcchen<\/td>\n<td>Messung der Festigkeit vor der Sinterung<\/td>\n<\/tr>\n<tr>\n<td>Dichte nach der Sinterung<\/td>\n<td>Messung der Abmessungen<\/td>\n<td>Gew\u00e4hrleistung einer vollst\u00e4ndigen Konsolidierung<\/td>\n<\/tr>\n<tr>\n<td>Mikrostruktur<\/td>\n<td>Optische Mikroskopie, SEM<\/td>\n<td>Schmelzen, Porosit\u00e4t, K\u00f6rner bewerten<\/td>\n<\/tr>\n<tr>\n<td>H\u00e4rte<\/td>\n<td>Vickers\/Rockwell-Tests<\/td>\n<td>\u00dcberpr\u00fcfung der mechanischen Eigenschaften<\/td>\n<\/tr>\n<tr>\n<td>Zugfestigkeit<\/td>\n<td>ASTM E8<\/td>\n<td>Messung von UTS, Streckung, Dehnung<\/td>\n<\/tr>\n<\/tbody>\n<\/table>\n<p class=\"whitespace-pre-wrap\">Es ist ratsam, gepresste und gesinterte Proben zu testen, um die Verarbeitbarkeit des Pulvers und die endg\u00fcltigen mechanischen Eigenschaften gegen\u00fcber den Konstruktionsanforderungen zu best\u00e4tigen.<\/p>\n<h2><strong>TiNbZrSn-Legierungspulver Vor- und Nachteile<\/strong><\/h2>\n<table>\n<thead>\n<tr>\n<th>Vorteile<\/th>\n<th>Benachteiligungen<\/th>\n<\/tr>\n<\/thead>\n<tbody>\n<tr>\n<td>Au\u00dfergew\u00f6hnliches Verh\u00e4ltnis von St\u00e4rke zu Gewicht<\/td>\n<td>Teuer im Vergleich zu herk\u00f6mmlichen Legierungen<\/td>\n<\/tr>\n<tr>\n<td>H\u00f6here Elastizit\u00e4t als andere hochfeste Legierungen<\/td>\n<td>Geringere Verformbarkeit als bei Titanlegierungen<\/td>\n<\/tr>\n<tr>\n<td>Ausgezeichnete H\u00e4rte und Verschlei\u00dffestigkeit<\/td>\n<td>Erfordert aufgrund der Reaktivit\u00e4t eine vorsichtige Handhabung<\/td>\n<\/tr>\n<tr>\n<td>Widersteht Korrosion in rauen Umgebungen<\/td>\n<td>Schwierig zu bearbeiten und zu schleifen<\/td>\n<\/tr>\n<tr>\n<td>Biokompatibel f\u00fcr medizinische Zwecke<\/td>\n<td>Begrenzte Lieferanten und Verf\u00fcgbarkeit<\/td>\n<\/tr>\n<tr>\n<td>H\u00e4lt extrem hohen Temperaturen stand<\/td>\n<td>Erfordert hei\u00dfisostatisches Pressen zur vollst\u00e4ndigen Verfestigung<\/td>\n<\/tr>\n<\/tbody>\n<\/table>\n<p class=\"whitespace-pre-wrap\">F\u00fcr kritische Anwendungen, bei denen die Leistung schwerer wiegt als die Kosten, bietet TiNbZrSn-Legierungspulver Eigenschaften, die von anderen Legierungen nicht erreicht werden. Die wichtigsten Einschr\u00e4nkungen sind Kosten und Verf\u00fcgbarkeit.<\/p>\n<h2><strong>Vergleich von TiNbZrSn mit anderen Legierungen<\/strong><\/h2>\n<p class=\"whitespace-pre-wrap\">Wie schneidet TiNbZrSn im Vergleich zu anderen Hochleistungslegierungspulvern ab?<\/p>\n<p class=\"whitespace-pre-wrap\"><strong>Im Vergleich zu rostfreiem Stahl<\/strong>:<\/p>\n<ul class=\"list-disc pl-8 space-y-2\">\n<li class=\"whitespace-normal\">2x h\u00f6here Festigkeit<\/li>\n<li class=\"whitespace-normal\">70% geringere Dichte<\/li>\n<li class=\"whitespace-normal\">5x h\u00f6here H\u00e4rte<\/li>\n<li class=\"whitespace-normal\">Bessere Korrosionsbest\u00e4ndigkeit<\/li>\n<\/ul>\n<p class=\"whitespace-pre-wrap\"><strong>Im Vergleich zu Titan-Legierungen<\/strong>:<\/p>\n<ul class=\"list-disc pl-8 space-y-2\">\n<li class=\"whitespace-normal\">50% h\u00f6here Elastizit\u00e4t<\/li>\n<li class=\"whitespace-normal\">20% h\u00f6here H\u00e4rte<\/li>\n<li class=\"whitespace-normal\">Bessere Kriechstromfestigkeit<\/li>\n<li class=\"whitespace-normal\">Geringere Duktilit\u00e4t<\/li>\n<\/ul>\n<p class=\"whitespace-pre-wrap\"><strong>Im Vergleich zu Kobalt-Chrom-Legierungen<\/strong>:<\/p>\n<ul class=\"list-disc pl-8 space-y-2\">\n<li class=\"whitespace-normal\">Geringere Dichte<\/li>\n<li class=\"whitespace-normal\">Keine toxischen Wirkungen<\/li>\n<li class=\"whitespace-normal\">H\u00f6here Betriebstemperatur<\/li>\n<li class=\"whitespace-normal\">Geringere Z\u00e4higkeit<\/li>\n<\/ul>\n<p class=\"whitespace-pre-wrap\"><strong>Im Vergleich zu Ni-Basis-Superlegierungen<\/strong>:<\/p>\n<ul class=\"list-disc pl-8 space-y-2\">\n<li class=\"whitespace-normal\">Leichtere Verarbeitung<\/li>\n<li class=\"whitespace-normal\">Niedrigere Kosten<\/li>\n<li class=\"whitespace-normal\">F\u00e4higkeit, niedrigere Temperaturen zu erreichen<\/li>\n<li class=\"whitespace-normal\">Geringere Kriechfestigkeit<\/li>\n<\/ul>\n<p class=\"whitespace-pre-wrap\">TiNbZrSn bietet also ein optimales Gleichgewicht von Eigenschaften, die in anderen Legierungen nicht zu finden sind, und eignet sich daher f\u00fcr die anspruchsvollsten Anwendungen.<\/p>\n<h2><strong>TiNbZrSn-Legierung Pulver Verwendung Einblicke<\/strong><\/h2>\n<p class=\"whitespace-pre-wrap\">Im Folgenden finden Sie einige wichtige Informationen zur effektiven Verwendung von TiNbZrSn:<\/p>\n<ul class=\"list-disc pl-8 space-y-2\">\n<li class=\"whitespace-normal\">Gasverd\u00fcstes Pulver mit kontrollierter Partikelgr\u00f6\u00dfenverteilung flie\u00dft und verpackt sich am besten f\u00fcr AM<\/li>\n<li class=\"whitespace-normal\">Unregelm\u00e4\u00dfiges Pulver erfordert h\u00f6here Dr\u00fccke zum Verdichten und Sintern<\/li>\n<li class=\"whitespace-normal\">Durch hei\u00dfisostatisches Pressen werden maximale Dichte und Eigenschaften erreicht<\/li>\n<li class=\"whitespace-normal\">Durch Gl\u00fchen lassen sich Duktilit\u00e4t und Z\u00e4higkeit nach Bedarf anpassen.<\/li>\n<li class=\"whitespace-normal\">Nahezu endkonturierte Teile minimieren die kostspielige Bearbeitung von gesinterten Komponenten<\/li>\n<li class=\"whitespace-normal\">Oberfl\u00e4chenbehandlungen verbessern die Verschlei\u00dffestigkeit bei Gleitkontaktanwendungen<\/li>\n<li class=\"whitespace-normal\">Das Verbinden unterschiedlicher Materialien mit TiNbZrSn erfordert die Auswahl eines geeigneten Verfahrens<\/li>\n<li class=\"whitespace-normal\">Strenge Qualifikationen und Tests der Lieferanten helfen, die Qualit\u00e4t und Leistung des Pulvers sicherzustellen<\/li>\n<\/ul>\n<p class=\"whitespace-pre-wrap\">Das Verst\u00e4ndnis der Beziehungen zwischen Verarbeitung, Mikrostruktur und Eigenschaften ist wichtig, um das volle Potenzial dieser au\u00dfergew\u00f6hnlichen Legierung auszusch\u00f6pfen.<\/p>\n<h2><strong>H\u00e4ufig gestellte Fragen<\/strong><\/h2>\n<p class=\"whitespace-pre-wrap\">Hier finden Sie einige h\u00e4ufig gestellte Fragen zu TiNbZrSn-Legierungspulver:<\/p>\n<p class=\"whitespace-pre-wrap\"><strong>F: Ist TiNbZrSn-Pulver f\u00fcr den 3D-Druck geeignet?<\/strong><\/p>\n<p class=\"whitespace-pre-wrap\">A: Ja, gasverd\u00fcstes TiNbZrSn mit kontrollierter Partikelgr\u00f6\u00dfe und hoher Sph\u00e4rizit\u00e4t kann f\u00fcr das Pulverbettschmelzen und AM-Verfahren mit gerichteter Energieabscheidung verwendet werden. Die Parameter m\u00fcssen optimiert werden, um eine hohe Dichte zu erreichen.<\/p>\n<p class=\"whitespace-pre-wrap\"><strong>F: Welche Partikelgr\u00f6\u00dfe ist f\u00fcr die additive Fertigung am besten geeignet?<\/strong><\/p>\n<p class=\"whitespace-pre-wrap\">A: 15-45 Mikrometer werden empfohlen, um einen guten Pulverfluss und eine gute Packung zu gew\u00e4hrleisten. F\u00fcr einige Anwendungen, die dickere Schichten erfordern, wurden auch schon gr\u00f6\u00dfere Formate bis zu 106 Mikron erfolgreich gedruckt.<\/p>\n<p class=\"whitespace-pre-wrap\"><strong>F: Muss TiNbZrSn nach dem AM hei\u00dfisostatisch gepresst werden?<\/strong><\/p>\n<p class=\"whitespace-pre-wrap\">A: HIP hilft, die Dichte zu maximieren, interne Poren zu beseitigen und die mechanischen Eigenschaften zu verbessern. Bei einigen weniger anspruchsvollen Anwendungen k\u00f6nnen gedruckte TiNbZrSn-Teile die Anforderungen jedoch auch ohne HIP erf\u00fcllen.<\/p>\n<p class=\"whitespace-pre-wrap\"><strong>F: K\u00f6nnen Sie die TiNbZrSn-Legierung bearbeiten und schleifen?<\/strong><\/p>\n<p class=\"whitespace-pre-wrap\">A: Ja, aber es erfordert starre Aufspannungen, Hochdruckk\u00fchlmittel, scharfe Hartmetallwerkzeuge und feine Schleifmittel. Die Vorsch\u00fcbe und Geschwindigkeiten m\u00fcssen aufgrund der H\u00e4rte niedriger sein als bei herk\u00f6mmlichen Legierungen.<\/p>\n<p class=\"whitespace-pre-wrap\"><strong>F: Ist TiNbZrSn f\u00fcr biomedizinische Implantate geeignet?<\/strong><\/p>\n<p class=\"whitespace-pre-wrap\">A: Ja, es wird f\u00fcr Knochenplatten, H\u00fcft- und Knieimplantate verwendet, da es biokompatibel ist, einen niedrigen Modul und eine hohe Festigkeit aufweist, die ideal f\u00fcr tragende Vorrichtungen sind. ELI-Pulver der Sorte 23 bietet die erforderliche Reinheit.<\/p>\n<p class=\"whitespace-pre-wrap\"><strong>F: Was sind typische Anwendungen f\u00fcr TiNbZrSn-Legierungen?<\/strong><\/p>\n<p class=\"whitespace-pre-wrap\">A: Komponenten f\u00fcr die Luft- und Raumfahrt, wie z. B. Fahrwerke, Federn und Befestigungselemente f\u00fcr die Automobilindustrie, biomedizinische Implantate, Panzerplatten, Turbinen f\u00fcr die Energieerzeugung sowie Werkzeuge f\u00fcr die Formgebung und das Stanzen von Blechen.<\/p>\n<h1>Schlussfolgerung<\/h1>\n<p class=\"whitespace-pre-wrap\">Zusammenfassend l\u00e4sst sich sagen, dass TiNbZrSn-Legierungspulver eine au\u00dfergew\u00f6hnliche Festigkeit in Verbindung mit einer geringen Dichte, Elastizit\u00e4t und H\u00e4rte bietet, die mit keiner anderen herk\u00f6mmlichen oder modernen Legierung vergleichbar ist. Obwohl die Kosten h\u00f6her sind, rechtfertigen viele kritische Leistungsanwendungen, bei denen optimierte Materialeigenschaften von gr\u00f6\u00dfter Bedeutung sind, die Ausgaben. Mit der erweiterten Verf\u00fcgbarkeit und den laufenden Innovationen werden die einzigartigen F\u00e4higkeiten von TiNbZrSn in den kommenden Jahren in immer mehr Branchen genutzt werden.<\/p>","protected":false},"excerpt":{"rendered":"<p>TiNbZrSn-Legierungspulver ist ein fortschrittlicher Verbundwerkstoff mit au\u00dfergew\u00f6hnlichen Eigenschaften, die ihn f\u00fcr eine Vielzahl anspruchsvoller Anwendungen geeignet machen. Dieser Artikel bietet einen umfassenden \u00dcberblick \u00fcber TiNbZrSn-Pulver, einschlie\u00dflich seiner Zusammensetzung, Eigenschaften, Produktionsmethoden, Anwendungen, Lieferanten und mehr.<\/p>","protected":false},"featured_media":2039,"comment_status":"open","ping_status":"closed","template":"","meta":[],"product_brand":[],"product_cat":[41,31],"product_tag":[],"class_list":{"0":"post-2058","1":"product","2":"type-product","3":"status-publish","4":"has-post-thumbnail","6":"product_cat-titanium-based-alloy-powder","7":"product_cat-3d-printing-metal-powder","9":"first","10":"instock","11":"shipping-taxable","12":"product-type-simple"},"_links":{"self":[{"href":"https:\/\/met3dp.sg\/de\/wp-json\/wp\/v2\/product\/2058","targetHints":{"allow":["GET"]}}],"collection":[{"href":"https:\/\/met3dp.sg\/de\/wp-json\/wp\/v2\/product"}],"about":[{"href":"https:\/\/met3dp.sg\/de\/wp-json\/wp\/v2\/types\/product"}],"replies":[{"embeddable":true,"href":"https:\/\/met3dp.sg\/de\/wp-json\/wp\/v2\/comments?post=2058"}],"wp:featuredmedia":[{"embeddable":true,"href":"https:\/\/met3dp.sg\/de\/wp-json\/wp\/v2\/media\/2039"}],"wp:attachment":[{"href":"https:\/\/met3dp.sg\/de\/wp-json\/wp\/v2\/media?parent=2058"}],"wp:term":[{"taxonomy":"product_brand","embeddable":true,"href":"https:\/\/met3dp.sg\/de\/wp-json\/wp\/v2\/product_brand?post=2058"},{"taxonomy":"product_cat","embeddable":true,"href":"https:\/\/met3dp.sg\/de\/wp-json\/wp\/v2\/product_cat?post=2058"},{"taxonomy":"product_tag","embeddable":true,"href":"https:\/\/met3dp.sg\/de\/wp-json\/wp\/v2\/product_tag?post=2058"}],"curies":[{"name":"wp","href":"https:\/\/api.w.org\/{rel}","templated":true}]}}