{"id":1730,"date":"2023-09-25T02:31:37","date_gmt":"2023-09-25T02:31:37","guid":{"rendered":"https:\/\/site3.easyceotech.com\/?post_type=product&#038;p=1730"},"modified":"2023-10-25T01:16:31","modified_gmt":"2023-10-25T01:16:31","slug":"gh3625-powder-in-2024","status":"publish","type":"product","link":"https:\/\/met3dp.sg\/de\/product\/gh3625-powder-in-2024\/","title":{"rendered":"GH3625-Pulver (Inconel 625-Pulver)"},"content":{"rendered":"<h2>\u00dcbersicht<\/h2>\n<p><img fetchpriority=\"high\" decoding=\"async\" class=\"wp-image-2160 size-full aligncenter\" src=\"https:\/\/met3dp.sg\/wp-content\/uploads\/2023\/09\/in718-powder.jpg\" alt=\"Inconel-Pulver\" width=\"600\" height=\"600\" title=\"\" srcset=\"https:\/\/met3dp.sg\/wp-content\/uploads\/2023\/09\/in718-powder.jpg 600w, https:\/\/met3dp.sg\/wp-content\/uploads\/2023\/09\/in718-powder-300x300.jpg 300w, https:\/\/met3dp.sg\/wp-content\/uploads\/2023\/09\/in718-powder-150x150.jpg 150w, https:\/\/met3dp.sg\/wp-content\/uploads\/2023\/09\/in718-powder-12x12.jpg 12w, https:\/\/met3dp.sg\/wp-content\/uploads\/2023\/09\/in718-powder-100x100.jpg 100w\" sizes=\"(max-width: 600px) 100vw, 600px\" \/><\/p>\n<p class=\"whitespace-pre-wrap\">GH3625-Pulver ist ein Legierungspulver f\u00fcr Metall <a href=\"https:\/\/en.wikipedia.org\/wiki\/3D_printing\" target=\"_blank\" rel=\"noopener\">additive Fertigung<\/a> Verfahren wie selektives Lasersintern (SLS) und direktes Metall-Laser-Sintern (DMLS). Es handelt sich um eine Superlegierung auf Nickelbasis, die eine hohe Festigkeit, Korrosionsbest\u00e4ndigkeit und hervorragende Hochtemperatureigenschaften bietet.<\/p>\n<p class=\"whitespace-pre-wrap\">GH3625 wurde speziell f\u00fcr die additive Fertigung entwickelt, um komplexe, dichte Teile mit au\u00dfergew\u00f6hnlichen mechanischen Eigenschaften herzustellen, die mit denen von bearbeiteten Materialien vergleichbar sind. Es erm\u00f6glicht die Herstellung von Leichtbaukomponenten mit komplexen Geometrien f\u00fcr Luft- und Raumfahrt-, Automobil-, Medizin- und Industrieanwendungen.<\/p>\n<p class=\"whitespace-pre-wrap\">Dieser Leitfaden bietet einen detaillierten \u00dcberblick \u00fcber das GH3625-Pulver und deckt dessen Zusammensetzung, Eigenschaften, Anwendungen, Spezifikationen, Preise, Vorteile und Einschr\u00e4nkungen ab. Es werden Vergleiche mit anderen g\u00e4ngigen Legierungen wie Inconel 718 und Stellite 21 angestellt, um die Leistung und Eignung von GH3625 f\u00fcr verschiedene Anwendungen hervorzuheben. Ein FAQ-Bereich beantwortet wichtige Fragen zu diesem Material.<\/p>\n<h2>GH3625 Pulverzusammensetzung<\/h2>\n<p class=\"whitespace-pre-wrap\">GH3625 verf\u00fcgt \u00fcber eine komplexe chemische Zusammensetzung, die eine Kombination aus hoher Festigkeit, Best\u00e4ndigkeit gegen thermische Erm\u00fcdung, Oxidation und Korrosionsbest\u00e4ndigkeit bietet. Hier ein \u00dcberblick \u00fcber seine Zusammensetzung:<\/p>\n<table>\n<thead>\n<tr>\n<th><strong>Element<\/strong><\/th>\n<th><strong>Gewicht %<\/strong><\/th>\n<\/tr>\n<\/thead>\n<tbody>\n<tr>\n<td>Nickel<\/td>\n<td>Bilanz<\/td>\n<\/tr>\n<tr>\n<td>Chrom<\/td>\n<td>15-17%<\/td>\n<\/tr>\n<tr>\n<td>Kobalt<\/td>\n<td>10%<\/td>\n<\/tr>\n<tr>\n<td>Molybd\u00e4n<\/td>\n<td>8-10%<\/td>\n<\/tr>\n<tr>\n<td>Tantal<\/td>\n<td>5-6%<\/td>\n<\/tr>\n<tr>\n<td>Aluminium<\/td>\n<td>1.2-1.7%<\/td>\n<\/tr>\n<tr>\n<td>Titan<\/td>\n<td>0.5-1.2%<\/td>\n<\/tr>\n<tr>\n<td>Bor<\/td>\n<td>0.01%<\/td>\n<\/tr>\n<\/tbody>\n<\/table>\n<p class=\"whitespace-pre-wrap\">Nickel bildet die Basis dieser Superlegierung und sorgt f\u00fcr Duktilit\u00e4t und Z\u00e4higkeit. Elemente wie Chrom, Kobalt und Molybd\u00e4n tragen durch Mischkristallverfestigung zur Hochtemperaturfestigkeit bei.<\/p>\n<p class=\"whitespace-pre-wrap\">Tantal sorgt f\u00fcr eine Festigung der festen L\u00f6sung und bildet Karbidpartikel zur Ausscheidungsh\u00e4rtung. Aluminium und Titan bilden die Gamma-Prim\u00e4rphase Ni3(Al,Ti) und ergeben hervorragende mechanische Eigenschaften bei hohen Temperaturen. Bor erh\u00f6ht die Korngrenzenfestigkeit.<\/p>\n<p class=\"whitespace-pre-wrap\">Die ausgewogene Zusammensetzung verleiht dem GH3625-Pulver im Vergleich zu ausscheidungsh\u00e4rtenden Edelst\u00e4hlen eine hervorragende Schwei\u00dfbarkeit. Es kann leicht durch hei\u00dfisostatisches Pressen (HIP), W\u00e4rmebehandlung und maschinelle Bearbeitung nachbearbeitet werden.<\/p>\n<h2>GH3625 Pulvereigenschaften<\/h2>\n<p class=\"whitespace-pre-wrap\">GH3625-Pulver verf\u00fcgt \u00fcber die folgenden physikalischen und mechanischen Eigenschaften, die es f\u00fcr anspruchsvolle Anwendungen geeignet machen:<\/p>\n<p class=\"whitespace-pre-wrap\"><strong>GH3625 Pulvereigenschaften<\/strong><\/p>\n<table>\n<thead>\n<tr>\n<th><strong>Eigentum<\/strong><\/th>\n<th><strong>Wert<\/strong><\/th>\n<\/tr>\n<\/thead>\n<tbody>\n<tr>\n<td>Dichte<\/td>\n<td>8,1\u20138,5 g\/cm\u00b3<\/td>\n<\/tr>\n<tr>\n<td>Schmelzpunkt<\/td>\n<td>1260\u20131335 \u00b0C<\/td>\n<\/tr>\n<tr>\n<td>W\u00e4rmeleitf\u00e4higkeit<\/td>\n<td>11-12,5 W\/mK<\/td>\n<\/tr>\n<tr>\n<td>W\u00e4rmeausdehnungskoeffizient<\/td>\n<td>12,5\u201313,5 x 10 <sup>\u20136<\/sup> \/K<\/td>\n<\/tr>\n<tr>\n<td>Elastizit\u00e4tsmodul<\/td>\n<td>156\u2013186 GPa<\/td>\n<\/tr>\n<tr>\n<td>Poissionsverh\u00e4ltnis<\/td>\n<td>0.29-0.33<\/td>\n<\/tr>\n<tr>\n<td>Zugfestigkeit<\/td>\n<td>1050-1280 MPa<\/td>\n<\/tr>\n<tr>\n<td>Streckgrenze (0,2% Offset)<\/td>\n<td>860-1050 MPa<\/td>\n<\/tr>\n<tr>\n<td>Dehnung<\/td>\n<td>8-15%<\/td>\n<\/tr>\n<tr>\n<td>H\u00e4rte<\/td>\n<td>32-38 HRC<\/td>\n<\/tr>\n<\/tbody>\n<\/table>\n<p class=\"whitespace-pre-wrap\">Der hohe Schmelzpunkt, die W\u00e4rmeleitf\u00e4higkeit und der niedrige W\u00e4rmeausdehnungskoeffizient erm\u00f6glichen eine gute Dimensionsstabilit\u00e4t unter Hochtemperatur-Betriebsumgebungen von bis zu 1000 \u00b0C f\u00fcr begrenzte Zeitr\u00e4ume.<\/p>\n<p class=\"whitespace-pre-wrap\">Die Legierung verf\u00fcgt \u00fcber eine ausgezeichnete Zug- und Streckgrenze, die mit Schmiedewerkstoffen vergleichbar ist, sowie \u00fcber eine gute Duktilit\u00e4t und Bruchz\u00e4higkeit. Es weist eine hohe H\u00e4rte sowie Best\u00e4ndigkeit gegen Verschlei\u00df, Abrieb und Abrieb auf.<\/p>\n<p class=\"whitespace-pre-wrap\">Aufgrund dieser Eigenschaften \u00fcbertrifft GH3625 rostfreie St\u00e4hle, Kobaltlegierungen und sogar konkurrierende ausscheidungsh\u00e4rtende Nickel-Superlegierungen in der Hochtemperaturfestigkeit. Es bietet au\u00dferdem eine bessere Schwei\u00dfbarkeit als Inconel 718.<\/p>\n<h2>GH3625 Pulveranwendungen<\/h2>\n<p class=\"whitespace-pre-wrap\">Durch die Kombination aus hoher Festigkeit, H\u00e4rte, Z\u00e4higkeit und thermischer Stabilit\u00e4t eignet sich GH3625 f\u00fcr:<\/p>\n<p class=\"whitespace-pre-wrap\"><strong>GH3625-Anwendungen<\/strong><\/p>\n<table>\n<thead>\n<tr>\n<th><strong>Industrie<\/strong><\/th>\n<th><strong>Komponenten<\/strong><\/th>\n<\/tr>\n<\/thead>\n<tbody>\n<tr>\n<td>Luft- und Raumfahrt<\/td>\n<td>Turbinenschaufeln, Brennkammerteile, D\u00fcsenleitschaufeln<\/td>\n<\/tr>\n<tr>\n<td>Automobilindustrie<\/td>\n<td>Turboladerr\u00e4der, Kr\u00fcmmer, Ventile<\/td>\n<\/tr>\n<tr>\n<td>\u00d6l und Gas<\/td>\n<td>Bohrlochkopfteile, Bohrlochwerkzeuge, Ventile<\/td>\n<\/tr>\n<tr>\n<td>Stromerzeugung<\/td>\n<td>W\u00e4rmetauscher, Brennerkomponenten<\/td>\n<\/tr>\n<tr>\n<td>Chemische Verarbeitung<\/td>\n<td>Pumpenlaufr\u00e4der, Ventile, Reaktionsgef\u00e4\u00dfe<\/td>\n<\/tr>\n<tr>\n<td>Medizinische<\/td>\n<td>Zahnimplantate, Prothetik, chirurgische Instrumente<\/td>\n<\/tr>\n<\/tbody>\n<\/table>\n<p class=\"whitespace-pre-wrap\">Die M\u00f6glichkeit, komplexe Geometrien in 3D zu drucken, erm\u00f6glicht die Konsolidierung mehrerer Teile zu einzelnen Komponenten und leichten Gitterstrukturen. Dies erm\u00f6glicht ein schnelleres Drucken einteiliger Komponenten im Vergleich zum Zusammenbau mehrerer Abschnitte.<\/p>\n<p class=\"whitespace-pre-wrap\">GH3625 wird zum Drucken von Schaufeln, Laufr\u00e4dern, Platten, Scheiben, Rohren mit konformen K\u00fchlkan\u00e4len und anderen gesch\u00e4ftskritischen Komponenten verwendet, die unter hohen Dr\u00fccken und Temperaturen arbeiten.<\/p>\n<h2>GH3625-Pulverspezifikationen<\/h2>\n<p class=\"whitespace-pre-wrap\">GH3625-Pulver f\u00fcr AM-Prozesse ist in verschiedenen Gr\u00f6\u00dfenverteilungen, Formen und Formulierungen von verschiedenen Pulverherstellern erh\u00e4ltlich.<\/p>\n<p class=\"whitespace-pre-wrap\"><strong>GH3625 Pulvertypen<\/strong><\/p>\n<table>\n<thead>\n<tr>\n<th><strong>Spezifikation<\/strong><\/th>\n<th><strong>Einzelheiten<\/strong><\/th>\n<\/tr>\n<\/thead>\n<tbody>\n<tr>\n<td>Partikelgr\u00f6\u00dfenverteilung<\/td>\n<td>15-45 \u03bcm, 15-53 \u03bcm, 53-150 \u03bcm<\/td>\n<\/tr>\n<tr>\n<td>Partikelform<\/td>\n<td>Sph\u00e4risch, Satellit, Polyeder<\/td>\n<\/tr>\n<tr>\n<td>Legierungsmodifikationen<\/td>\n<td>Mit B, C, Zr, Nb, Ta<\/td>\n<\/tr>\n<tr>\n<td>Herstellungsmethode<\/td>\n<td>Gaszerst\u00e4ubung, Plasmazerst\u00e4ubung<\/td>\n<\/tr>\n<\/tbody>\n<\/table>\n<p class=\"whitespace-pre-wrap\">Durch Gaszerst\u00e4ubung und Plasmazerst\u00e4ubung entstehen kugelf\u00f6rmige Pulver, die optimal f\u00fcr SLS\/DMLS-Prozesse geeignet sind. Satellitenpulver haben eine h\u00f6here Klopfdichte und verbessern die Pulverflie\u00dff\u00e4higkeit.<\/p>\n<p class=\"whitespace-pre-wrap\">Kleinere 15\u201345 \u03bcm-Pulver bieten eine hohe Aufl\u00f6sung und Oberfl\u00e4cheng\u00fcte, w\u00e4hrend gr\u00f6\u00dfere 53\u2013150 \u03bcm-Pulver schnellere Aufbaugeschwindigkeiten erm\u00f6glichen. Zur Anpassung der Materialeigenschaften werden verschiedene Legierungszus\u00e4tze wie Bor, Kohlenstoff, Zirkonium, Niob und Tantal verwendet.<\/p>\n<p class=\"whitespace-pre-wrap\"><strong>GH3625 Pulverstandards<\/strong><\/p>\n<table>\n<thead>\n<tr>\n<th><strong>Standard<\/strong><\/th>\n<th><strong>Beschreibung<\/strong><\/th>\n<\/tr>\n<\/thead>\n<tbody>\n<tr>\n<td>ASTM F3056<\/td>\n<td>Standardspezifikation f\u00fcr die additive Fertigung von Nickellegierungen<\/td>\n<\/tr>\n<tr>\n<td>AMS7016<\/td>\n<td>Nickellegierungspulver f\u00fcr den Einsatz bei hohen Temperaturen<\/td>\n<\/tr>\n<tr>\n<td>ASME B46.1<\/td>\n<td>Anforderungen an die Oberfl\u00e4chenbeschaffenheit<\/td>\n<\/tr>\n<\/tbody>\n<\/table>\n<p class=\"whitespace-pre-wrap\">GH3625-Pulver ist auf der Grundlage von Zusammensetzungsgrenzen, Partikelgr\u00f6\u00dfenverteilung, Morphologie, Flie\u00dff\u00e4higkeit, scheinbarer Dichte und Mikrostruktur gem\u00e4\u00df ASTM F3056 qualifiziert. Zus\u00e4tzliche Tests gem\u00e4\u00df den Anwendungsstandards sind erforderlich.<\/p>\n<h2>GH3625 Pulverpreise<\/h2>\n<p class=\"whitespace-pre-wrap\">GH3625-Pulver ist aufgrund der komplexen Zusammensetzung und propriet\u00e4ren Natur teurer als Edelstahlpulver. Hier sind typische Preisspannen:<\/p>\n<p class=\"whitespace-pre-wrap\"><strong>GH3625 Pulverkosten<\/strong><\/p>\n<table>\n<thead>\n<tr>\n<th><strong>Pulversorte<\/strong><\/th>\n<th><strong>Preisspanne<\/strong><\/th>\n<\/tr>\n<\/thead>\n<tbody>\n<tr>\n<td>GH3625<\/td>\n<td>$90-200 pro kg<\/td>\n<\/tr>\n<tr>\n<td>GH3625 + Bor<\/td>\n<td>$110-250 pro kg<\/td>\n<\/tr>\n<tr>\n<td>GH3625 + Kohlenstoff<\/td>\n<td>$100-220 pro kg<\/td>\n<\/tr>\n<\/tbody>\n<\/table>\n<p class=\"whitespace-pre-wrap\">Die Preise variieren je nach Bestellmenge, Partikelgr\u00f6\u00dfenverteilung, Form, Herstellungsmethode, Lieferant und zus\u00e4tzlichen Pulvercharakterisierungs- oder Qualifizierungsanforderungen.<\/p>\n<h2>GH3625 Pulver Vor- und Nachteile<\/h2>\n<p class=\"whitespace-pre-wrap\">GH3625 hat die folgenden Vorteile, die es zu einer beliebten Wahl machen:<\/p>\n<p class=\"whitespace-pre-wrap\"><strong>GH3625 Vorteile<\/strong><\/p>\n<ul class=\"list-disc pl-8 space-y-2\">\n<li class=\"whitespace-normal\">Hervorragende Festigkeit und H\u00e4rte bis 1000 \u00b0C<\/li>\n<li class=\"whitespace-normal\">Gute Korrosions- und Oxidationsbest\u00e4ndigkeit<\/li>\n<li class=\"whitespace-normal\">Zur Nachbearbeitung schwei\u00dfbar<\/li>\n<li class=\"whitespace-normal\">H\u00f6here Duktilit\u00e4t als Inconel 718<\/li>\n<li class=\"whitespace-normal\">Kann durch W\u00e4rmebehandlung ausgeh\u00e4rtet werden<\/li>\n<li class=\"whitespace-normal\">Komplexe Geometrien durch AM erm\u00f6glicht<\/li>\n<li class=\"whitespace-normal\">Schneller und g\u00fcnstiger als Gussteile<\/li>\n<li class=\"whitespace-normal\">Reduziert die Anzahl der Teile durch Konsolidierung<\/li>\n<\/ul>\n<p class=\"whitespace-pre-wrap\"><strong>GH3625 Nachteile<\/strong><\/p>\n<ul class=\"list-disc pl-8 space-y-2\">\n<li class=\"whitespace-normal\">Teurer als Edelstahl<\/li>\n<li class=\"whitespace-normal\">Geringere Festigkeit als Inconel 718 \u00fcber 550 \u00b0C<\/li>\n<li class=\"whitespace-normal\">Anf\u00e4llig f\u00fcr Rissbildung durch Dehnungsalterung<\/li>\n<li class=\"whitespace-normal\">Erfordert hei\u00dfisostatisches Pressen (HIP)<\/li>\n<li class=\"whitespace-normal\">Schwierig zu bearbeiten \u2013 erfordert Spezialwerkzeuge<\/li>\n<li class=\"whitespace-normal\">Begrenzte Lieferantendaten zur langfristigen Leistung<\/li>\n<\/ul>\n<p class=\"whitespace-pre-wrap\">Durch die richtige Auswahl der AM-Prozessparameter und Nachbearbeitung werden einige der Einschr\u00e4nkungen des GH3625-Pulvers gemildert.<\/p>\n<h2>Vergleich von GH3625 mit <a href=\"https:\/\/met3dp.sg\/de\/inconel-718-alloy-powder\/\">Inconel 718<\/a> und Stellit 21<\/h2>\n<p class=\"whitespace-pre-wrap\">GH3625 nimmt in Bezug auf Eigenschaften und Kosten eine Nische zwischen Inconel 718 und Stellite 21 ein:<\/p>\n<p class=\"whitespace-pre-wrap\"><strong>Legierungsvergleich<\/strong><\/p>\n<table>\n<thead>\n<tr>\n<th><strong>Eigentum<\/strong><\/th>\n<th><strong>GH3625<\/strong><\/th>\n<th><strong>Inconel 718<\/strong><\/th>\n<th><strong>Stellit 21<\/strong><\/th>\n<\/tr>\n<\/thead>\n<tbody>\n<tr>\n<td>Kosten<\/td>\n<td>Mittel<\/td>\n<td>Hoch<\/td>\n<td>Niedrig<\/td>\n<\/tr>\n<tr>\n<td>Dichte<\/td>\n<td>Hoch<\/td>\n<td>Mittel<\/td>\n<td>Hoch<\/td>\n<\/tr>\n<tr>\n<td>St\u00e4rke<\/td>\n<td>Mittel<\/td>\n<td>Sehr hoch<\/td>\n<td>Mittel<\/td>\n<\/tr>\n<tr>\n<td>H\u00e4rte<\/td>\n<td>Hoch<\/td>\n<td>Mittel<\/td>\n<td>Sehr hoch<\/td>\n<\/tr>\n<tr>\n<td>Abnutzungswiderstand<\/td>\n<td>Mittel<\/td>\n<td>Niedrig<\/td>\n<td>Sehr hoch<\/td>\n<\/tr>\n<tr>\n<td>Korrosionsbest\u00e4ndigkeit<\/td>\n<td>Mittel<\/td>\n<td>Hoch<\/td>\n<td>Mittel<\/td>\n<\/tr>\n<tr>\n<td>Oxidationsbest\u00e4ndigkeit<\/td>\n<td>Mittel<\/td>\n<td>Hoch<\/td>\n<td>Mittel<\/td>\n<\/tr>\n<tr>\n<td>Thermische Stabilit\u00e4t<\/td>\n<td>Bis 1000\u00b0C<\/td>\n<td>Bis zu 700\u00b0C<\/td>\n<td>Bis 900\u00b0C<\/td>\n<\/tr>\n<tr>\n<td>Schwei\u00dfeignung<\/td>\n<td>Gut<\/td>\n<td>Schlecht<\/td>\n<td>Mittel<\/td>\n<\/tr>\n<tr>\n<td>Herstellbarkeit<\/td>\n<td>Mittel<\/td>\n<td>Schwierig<\/td>\n<td>Einfach<\/td>\n<\/tr>\n<\/tbody>\n<\/table>\n<p class=\"whitespace-pre-wrap\">GH3625 erreicht oder \u00fcbertrifft die Leistung von Stellite 21-Kobaltlegierungen in Bezug auf Verschlei\u00df- und Korrosionsbest\u00e4ndigkeit, ist jedoch kosteng\u00fcnstiger. Es n\u00e4hert sich der Festigkeit von Inconel 718 bis 550 \u00b0C und bietet eine bessere Schwei\u00dfbarkeit und Herstellbarkeit.<\/p>\n<p class=\"whitespace-pre-wrap\">Dies macht es zu einer kosteng\u00fcnstigen Alternative f\u00fcr viele Anwendungen, bei denen eine Leistung zwischen diesen Standardlegierungen erforderlich ist. Ein weiterer Vorteil ist die M\u00f6glichkeit, komplexe Geometrien in 3D zu drucken.<\/p>\n<h2>GH3625 Pulver \u2013 FAQs<\/h2>\n<p class=\"whitespace-pre-wrap\"><strong>F: Was ist GH3625-Pulver?<\/strong><\/p>\n<p class=\"whitespace-pre-wrap\">A: GH3625 ist ein Superlegierungspulver auf Nickelbasis, das speziell f\u00fcr additive Fertigungsprozesse wie selektives Lasersintern (SLS) und direktes Metall-Lasersintern (DMLS) entwickelt wurde. Es bietet eine hervorragende Kombination aus Hochtemperaturfestigkeit, H\u00e4rte, Verschlei\u00df- und Korrosionsbest\u00e4ndigkeit.<\/p>\n<p class=\"whitespace-pre-wrap\"><strong>F: Wof\u00fcr wird GH3625-Pulver verwendet?<\/strong><\/p>\n<p class=\"whitespace-pre-wrap\">A: GH3625-Pulver wird zum 3D-Druck kritischer Komponenten wie Turbinenschaufeln, Verteiler, Laufr\u00e4der und W\u00e4rmetauscher verwendet, die hohe mechanische Eigenschaften, Dimensionsstabilit\u00e4t und thermische Best\u00e4ndigkeit bis zu 1000 \u00b0C erfordern. Es findet Anwendungen in der Luft- und Raumfahrt-, Automobil-, Energie-, chemischen Verarbeitungs- und Medizinindustrie.<\/p>\n<p class=\"whitespace-pre-wrap\"><strong>F: Welche Metall-3D-Druckprozesse verwenden GH3625-Pulver?<\/strong><\/p>\n<p class=\"whitespace-pre-wrap\">A: Selektives Lasersintern (SLS) und direktes Metalllasersintern (DMLS) sind 3D-Druckverfahren mit Pulverbettfusion, die \u00fcblicherweise mit GH3625-Pulver verwendet werden. Binder Jetting ist auch f\u00fcr GH3625 geeignet.<\/p>\n<p class=\"whitespace-pre-wrap\"><strong>F: Welche Materialeigenschaften hat GH3625?<\/strong><\/p>\n<p class=\"whitespace-pre-wrap\">A: GH3625 hat eine ausgezeichnete Zugfestigkeit von 1050\u20131280 MPa, eine Streckgrenze von 860\u20131050 MPa und eine H\u00e4rte von 32\u201338 HRC, \u00e4hnlich wie bearbeitete Materialien. Es weist eine gute Duktilit\u00e4t von 8-15% Dehnung und eine hohe Best\u00e4ndigkeit gegen Verschlei\u00df, Abrieb, Abrieb und Korrosion auf. Die thermischen Eigenschaften erm\u00f6glichen den Einsatz bis 1000\u00b0C.<\/p>\n<p class=\"whitespace-pre-wrap\"><strong>F: Erfordert GH3625-Pulver eine W\u00e4rmebehandlung?<\/strong><\/p>\n<p class=\"whitespace-pre-wrap\">A: Ja, mit SLS\/DMLS gedruckte GH3625-Teile erfordern hei\u00dfisostatisches Pressen (HIP) mit anschlie\u00dfender W\u00e4rmebehandlung, um optimale mechanische Eigenschaften, Materialkonsolidierung und Mikrostruktur zu erreichen. HIP hilft, innere Poren und Hohlr\u00e4ume zu schlie\u00dfen.<\/p>\n<p class=\"whitespace-pre-wrap\"><strong>F: Ist GH3625 schwei\u00dfbar?<\/strong><\/p>\n<p class=\"whitespace-pre-wrap\">A: GH3625 ist so konzipiert, dass es im Vergleich zu ausscheidungsh\u00e4rtenden Edelst\u00e4hlen und Inconel 718 eine hervorragende Schwei\u00dfbarkeit aufweist. Dies erm\u00f6glicht die Reparatur und Verbindung von AM GH3625-Teilen durch Schwei\u00dfen. Um eine Rissbildung zu verhindern, kann nach dem Schwei\u00dfen ein Spannungsabbau erforderlich sein.<\/p>\n<p class=\"whitespace-pre-wrap\"><strong>F: Ist GH3625 bearbeitbar?<\/strong><\/p>\n<p class=\"whitespace-pre-wrap\">A: GH3625 ist im Vergleich zu Edelstahl schwer zu bearbeiten und erfordert eine Hochgeschwindigkeitsbearbeitung mit speziellen Hartmetallwerkzeugen. Der Werkzeugverschlei\u00df ist h\u00f6her, daher sind optimale Vorsch\u00fcbe, Geschwindigkeiten und Werkzeugwege erforderlich.<\/p>\n<p class=\"whitespace-pre-wrap\"><strong>F: Wie viel kostet GH3625-Pulver?<\/strong><\/p>\n<p class=\"whitespace-pre-wrap\">A: GH3625 kostet in der Regel zwischen $90 und 250 pro kg, je nach Bestellgr\u00f6\u00dfe, Partikelgr\u00f6\u00dfenverteilung, Herstellungsverfahren und zus\u00e4tzlichen Test-\/Qualifizierungsanforderungen. Es ist teurer als Edelstahlpulver, aber kosteng\u00fcnstiger als Inconel 718.<\/p>\n<h2>Schlussfolgerung<\/h2>\n<p class=\"whitespace-pre-wrap\">GH3625 ist eine fortschrittliche Superlegierung auf Nickelbasis, die speziell f\u00fcr die additive Fertigung von Hochleistungskomponenten entwickelt wurde. Es bietet die Vorteile sowohl herk\u00f6mmlicher Legierungen als auch die durch AM erm\u00f6glichte Designflexibilit\u00e4t.<\/p>\n<p class=\"whitespace-pre-wrap\">Sorgf\u00e4ltig kontrollierte Pulvereigenschaften und spezielle Parameteroptimierung erm\u00f6glichen die Aussch\u00f6pfung des vollen Potenzials von GH3625. Aufgrund seiner Eigenschaften und Kosteneffizienz entwickelt sich GH3625 zu einer praktikablen Alternative zu herk\u00f6mmlichen Legierungen f\u00fcr kritische Anwendungen in der Luft- und Raumfahrt, im Automobilbau, im Energiesektor und in der Industrie.<\/p>","protected":false},"excerpt":{"rendered":"<p>GH3625 ist eine mit Mo-Nb verst\u00e4rkte Hochtemperaturlegierung auf Nickelbasis. Sie hat eine hohe Korrosions- und Oxidationsbest\u00e4ndigkeit, insbesondere gegen Spannungskorrosion in Salzspr\u00fchnebelatmosph\u00e4re.<br \/>\nDie maximale Dauergebrauchstemperatur der Legierung liegt bei 950\u00b0C, und die Legierung hat gute Zug- und Erm\u00fcdungseigenschaften unter 980\u00b0C.<\/p>","protected":false},"featured_media":2051,"comment_status":"open","ping_status":"closed","template":"","meta":[],"product_brand":[],"product_cat":[33],"product_tag":[],"class_list":{"0":"post-1730","1":"product","2":"type-product","3":"status-publish","4":"has-post-thumbnail","6":"product_cat-high-temperature-alloy-powder","8":"first","9":"instock","10":"shipping-taxable","11":"product-type-simple"},"_links":{"self":[{"href":"https:\/\/met3dp.sg\/de\/wp-json\/wp\/v2\/product\/1730","targetHints":{"allow":["GET"]}}],"collection":[{"href":"https:\/\/met3dp.sg\/de\/wp-json\/wp\/v2\/product"}],"about":[{"href":"https:\/\/met3dp.sg\/de\/wp-json\/wp\/v2\/types\/product"}],"replies":[{"embeddable":true,"href":"https:\/\/met3dp.sg\/de\/wp-json\/wp\/v2\/comments?post=1730"}],"wp:featuredmedia":[{"embeddable":true,"href":"https:\/\/met3dp.sg\/de\/wp-json\/wp\/v2\/media\/2051"}],"wp:attachment":[{"href":"https:\/\/met3dp.sg\/de\/wp-json\/wp\/v2\/media?parent=1730"}],"wp:term":[{"taxonomy":"product_brand","embeddable":true,"href":"https:\/\/met3dp.sg\/de\/wp-json\/wp\/v2\/product_brand?post=1730"},{"taxonomy":"product_cat","embeddable":true,"href":"https:\/\/met3dp.sg\/de\/wp-json\/wp\/v2\/product_cat?post=1730"},{"taxonomy":"product_tag","embeddable":true,"href":"https:\/\/met3dp.sg\/de\/wp-json\/wp\/v2\/product_tag?post=1730"}],"curies":[{"name":"wp","href":"https:\/\/api.w.org\/{rel}","templated":true}]}}