{"id":1720,"date":"2023-09-21T07:35:09","date_gmt":"2023-09-21T07:35:09","guid":{"rendered":"https:\/\/site3.easyceotech.com\/?post_type=product&#038;p=1720"},"modified":"2023-10-18T12:20:53","modified_gmt":"2023-10-18T12:20:53","slug":"cuzn40-powder","status":"publish","type":"product","link":"https:\/\/met3dp.sg\/de\/product\/cuzn40-powder\/","title":{"rendered":"CuZn40-Pulver"},"content":{"rendered":"<h2>CuZn40-Pulver \u00dcbersicht<\/h2>\n<p class=\"whitespace-pre-wrap\">CuZn40, auch als Messingpulver bekannt, ist eine Kupfer-Zink-Legierung, die aus 40% Zink und einem Rest Kupfer besteht. Es bietet eine hervorragende Kombination aus Festigkeit, Duktilit\u00e4t, Korrosionsbest\u00e4ndigkeit, Bearbeitbarkeit und wirtschaftlichem Preis, was es zu einem der am h\u00e4ufigsten verwendeten Legierungspulver macht.<\/p>\n<h2>CuZn40-Pulver-Zusammensetzung<\/h2>\n<p class=\"whitespace-pre-wrap\">Die Zusammensetzung von CuZn40-Messingpulver ist:<\/p>\n<table>\n<thead>\n<tr>\n<th>Element<\/th>\n<th>Zusammensetzung<\/th>\n<\/tr>\n<\/thead>\n<tbody>\n<tr>\n<td>Kupfer (Cu)<\/td>\n<td>Bilanz<\/td>\n<\/tr>\n<tr>\n<td>Zink (Zn)<\/td>\n<td>39-41%<\/td>\n<\/tr>\n<\/tbody>\n<\/table>\n<ul class=\"list-disc pl-8 space-y-2\">\n<li class=\"whitespace-normal\">Kupfer bildet die Hauptmatrix, die ihm Duktilit\u00e4t und Korrosionsbest\u00e4ndigkeit verleiht.<\/li>\n<li class=\"whitespace-normal\">Zink sorgt f\u00fcr eine Festigkeitssteigerung des Mischkristalls und verbessert die Bearbeitbarkeit.<\/li>\n<\/ul>\n<p class=\"whitespace-pre-wrap\">Diese Zusammensetzung wird aufgrund der Verbesserungen durch den Zinkgehalt von 40% als \"frei zerspanbares Messing\" oder \"hoch zerspanbares Messing\" bezeichnet.<\/p>\n<p class=\"whitespace-pre-wrap\">Einige Sorten k\u00f6nnen geringe Bleizus\u00e4tze von bis zu 0,5% enthalten, um die Bearbeitbarkeit weiter zu verbessern. Bleifreies CuZn40-Pulver wird aus Gr\u00fcnden des Lebensmittelkontakts und der Umweltsicherheit bevorzugt.<\/p>\n<p><img fetchpriority=\"high\" decoding=\"async\" class=\"size-medium wp-image-1409 aligncenter\" src=\"https:\/\/met3dp.sg\/wp-content\/uploads\/2023\/09\/ed7a94ec-3c10-4b1b-87ed--300x300.jpg\" alt=\"CuZn40\" width=\"300\" height=\"300\" title=\"\" srcset=\"https:\/\/met3dp.sg\/wp-content\/uploads\/2023\/09\/ed7a94ec-3c10-4b1b-87ed--300x300.jpg 300w, https:\/\/met3dp.sg\/wp-content\/uploads\/2023\/09\/ed7a94ec-3c10-4b1b-87ed--100x100.jpg 100w, https:\/\/met3dp.sg\/wp-content\/uploads\/2023\/09\/ed7a94ec-3c10-4b1b-87ed--150x150.jpg 150w, https:\/\/met3dp.sg\/wp-content\/uploads\/2023\/09\/ed7a94ec-3c10-4b1b-87ed-.jpg 600w\" sizes=\"(max-width: 300px) 100vw, 300px\" \/><\/p>\n<h2>Eigenschaften von CuZn40-Pulver<\/h2>\n<p class=\"whitespace-pre-wrap\">CuZn40-Pulver bietet eine vielseitige Mischung von Eigenschaften, die es f\u00fcr eine breite Verwendung in verschiedenen Branchen geeignet macht:<\/p>\n<table>\n<thead>\n<tr>\n<th>Eigentum<\/th>\n<th>Wert<\/th>\n<\/tr>\n<\/thead>\n<tbody>\n<tr>\n<td>Dichte<\/td>\n<td>8,4-8,8 g\/cm3<\/td>\n<\/tr>\n<tr>\n<td>Schmelzpunkt<\/td>\n<td>900-920\u00b0C<\/td>\n<\/tr>\n<tr>\n<td>Elektrische Leitf\u00e4higkeit<\/td>\n<td>26% IACS<\/td>\n<\/tr>\n<tr>\n<td>W\u00e4rmeleitf\u00e4higkeit<\/td>\n<td>120 W\/m-K<\/td>\n<\/tr>\n<tr>\n<td>W\u00e4rmeausdehnungskoeffizient<\/td>\n<td>20 x 10<sup>-6<\/sup> \/\u00b0C<\/td>\n<\/tr>\n<tr>\n<td>Elastizit\u00e4tsmodul<\/td>\n<td>97-110 GPa<\/td>\n<\/tr>\n<tr>\n<td>Zugfestigkeit<\/td>\n<td>330-550 MPa<\/td>\n<\/tr>\n<tr>\n<td>Dehnung<\/td>\n<td>15-40%<\/td>\n<\/tr>\n<tr>\n<td>H\u00e4rte<\/td>\n<td>80-90 Brinell<\/td>\n<\/tr>\n<tr>\n<td>Thermische Stabilit\u00e4t<\/td>\n<td>Gut, bis zu 400\u00b0C<\/td>\n<\/tr>\n<\/tbody>\n<\/table>\n<ul class=\"list-disc pl-8 space-y-2\">\n<li class=\"whitespace-normal\"><strong>Ausgezeichnete Verformbarkeit und Duktilit\u00e4t<\/strong>\u00a0- Die hohe Dehnung erm\u00f6glicht eine umfangreiche Kaltverformung und Umformung.<\/li>\n<li class=\"whitespace-normal\"><strong>Gute Bearbeitbarkeit und Oberfl\u00e4che<\/strong>\u00a0- Verringerung der Bearbeitungskr\u00e4fte im Vergleich zu Kupferlegierungen mit weniger oder gar keinem Zink.<\/li>\n<li class=\"whitespace-normal\"><strong>Hohe Festigkeit<\/strong>\u00a0- Bis zu doppelt so stark wie Kupfer aufgrund von Zink in fester L\u00f6sung.<\/li>\n<li class=\"whitespace-normal\"><strong>Korrosionsbest\u00e4ndig<\/strong>\u00a0-bildet in der Atmosph\u00e4re eine sch\u00fctzende Oxidschicht. Besser als reine Kohlenstoffst\u00e4hle.<\/li>\n<li class=\"whitespace-normal\"><strong>Nicht-magnetisch<\/strong>\u00a0- Geeignet f\u00fcr Anwendungen, die minimale magnetische Eigenschaften erfordern.<\/li>\n<li class=\"whitespace-normal\"><strong>Gute thermische Stabilit\u00e4t<\/strong>\u00a0- Die Abmessungen sind bei Temperaturwechseln bis zu 400\u00b0C stabil.<\/li>\n<\/ul>\n<p class=\"whitespace-pre-wrap\">Dank dieser Kombination aus Festigkeit, Duktilit\u00e4t, thermischen und elektrischen Eigenschaften eignet sich CuZn40 f\u00fcr einen breiten Einsatz in der Elektro-, Automobil-, Schiffs- und Industrietechnik.<\/p>\n<h2>Anwendungen von CuZn40-Pulver<\/h2>\n<p class=\"whitespace-pre-wrap\">Die vielseitigen Eigenschaften von CuZn40-Pulver eignen sich f\u00fcr die folgenden Anwendungen:<\/p>\n<table>\n<thead>\n<tr>\n<th>Anmeldung<\/th>\n<th>Vorteile<\/th>\n<\/tr>\n<\/thead>\n<tbody>\n<tr>\n<td>Elektrische Anschl\u00fcsse<\/td>\n<td>Hohe Festigkeit, gute Leitf\u00e4higkeit, Korrosionsbest\u00e4ndigkeit<\/td>\n<\/tr>\n<tr>\n<td>Befestigungselemente, Zahnr\u00e4der<\/td>\n<td>Gute Bearbeitbarkeit, Verschlei\u00dffestigkeit<\/td>\n<\/tr>\n<tr>\n<td>Lager, Buchsen<\/td>\n<td>Kompatibel mit rotierenden Wellen, gute Schmierf\u00e4higkeit<\/td>\n<\/tr>\n<tr>\n<td>Schwei\u00dfdr\u00e4hte<\/td>\n<td>Kompatibilit\u00e4t mit Stahl, gute L\u00f6tbarkeit<\/td>\n<\/tr>\n<tr>\n<td>Dekorative Teile<\/td>\n<td>Attraktive goldene Farbe, gute Verarbeitung<\/td>\n<\/tr>\n<tr>\n<td>Thermisches Management<\/td>\n<td>H\u00f6here W\u00e4rmeleitf\u00e4higkeit als St\u00e4hle<\/td>\n<\/tr>\n<\/tbody>\n<\/table>\n<ul class=\"list-disc pl-8 space-y-2\">\n<li class=\"whitespace-normal\"><strong>Elektrische Steckverbinder und Kontakte<\/strong>\u00a0- Aufgrund seiner Festigkeit, Leitf\u00e4higkeit und seines Kostenvorteils gegen\u00fcber anderen Materialien wird es h\u00e4ufig f\u00fcr Stifte und Steckverbinder verwendet.<\/li>\n<li class=\"whitespace-normal\"><strong>Bearbeitete Teile<\/strong>\u00a0- Geeignet f\u00fcr Muttern, Bolzen, Zahnr\u00e4der, Ventile usw. aufgrund der hervorragenden Bearbeitbarkeit.<\/li>\n<li class=\"whitespace-normal\"><strong>Lager und Buchsen<\/strong>\u00a0- Kompatibel mit Stahlwellen und bietet gute Verschlei\u00dffestigkeit und Schmierf\u00e4higkeit.<\/li>\n<li class=\"whitespace-normal\"><strong>Schwei\u00dfzusatzwerkstoffe<\/strong>\u00a0- Beliebt in Cu-Zn-F\u00fcllst\u00e4ben und L\u00f6tlegierungen zum Verbinden von Stahlteilen.<\/li>\n<li class=\"whitespace-normal\"><strong>Dekoratives Zubeh\u00f6r<\/strong>\u00a0- Bietet eine \u00e4sthetische Goldoberfl\u00e4che f\u00fcr dekorative Teile und Schmuck.<\/li>\n<li class=\"whitespace-normal\"><strong>Thermische Komponenten<\/strong>\u00a0- Wird in W\u00e4rmetauschern und W\u00e4rmemanagementteilen verwendet, die seine h\u00f6here W\u00e4rmeleitf\u00e4higkeit nutzen.<\/li>\n<\/ul>\n<p class=\"whitespace-pre-wrap\">CuZn40-Pulver ist aufgrund seiner vielseitigen Eigenschaften, seiner Leistungsf\u00e4higkeit und seiner wirtschaftlichen Preisgestaltung in allen Industriezweigen weit verbreitet.<\/p>\n<h2>CuZn40-Pulver Spezifikationen<\/h2>\n<p class=\"whitespace-pre-wrap\">CuZn40-Pulver ist in verschiedenen Gr\u00f6\u00dfenordnungen, Formen und Reinheitsgraden erh\u00e4ltlich:<\/p>\n<table>\n<thead>\n<tr>\n<th>Spezifikation<\/th>\n<th>Optionen<\/th>\n<\/tr>\n<\/thead>\n<tbody>\n<tr>\n<td>Partikelgr\u00f6\u00dfenverteilung<\/td>\n<td>10 - 150 Mikrometer<\/td>\n<\/tr>\n<tr>\n<td>Mittlere Partikelgr\u00f6\u00dfe<\/td>\n<td>20, 45, 60, 100 Mikrometer<\/td>\n<\/tr>\n<tr>\n<td>Form des Pulvers<\/td>\n<td>Unregelm\u00e4\u00dfig, kugelf\u00f6rmig<\/td>\n<\/tr>\n<tr>\n<td>Scheinbare Dichte<\/td>\n<td>Theoretisch bis zu 75%<\/td>\n<\/tr>\n<tr>\n<td>Durchflussmenge<\/td>\n<td>Bis zu 25 s\/50g<\/td>\n<\/tr>\n<tr>\n<td>Reinheit<\/td>\n<td>Bis zu 99,9%<\/td>\n<\/tr>\n<tr>\n<td>Legierungsvarianten<\/td>\n<td>CuZn10, CuZn30, CuZn37<\/td>\n<\/tr>\n<\/tbody>\n<\/table>\n<ul class=\"list-disc pl-8 space-y-2\">\n<li class=\"whitespace-normal\">Kleinere Partikelgr\u00f6\u00dfen unter 45 Mikron erm\u00f6glichen eine st\u00e4rkere Verdichtung, verringern jedoch die Flie\u00dff\u00e4higkeit.<\/li>\n<li class=\"whitespace-normal\">Kugelf\u00f6rmiges Pulver bietet eine bessere Flie\u00dff\u00e4higkeit und Packungsdichte, die f\u00fcr die additive Fertigung geeignet ist.<\/li>\n<li class=\"whitespace-normal\">H\u00f6here Sch\u00fcttdichte und Flie\u00dfgeschwindigkeiten verbessern die Handhabung und Verarbeitung von Pulver.<\/li>\n<li class=\"whitespace-normal\">Hochreine Varianten sind f\u00fcr anspruchsvollere Anwendungen erh\u00e4ltlich.<\/li>\n<li class=\"whitespace-normal\">Verschiedene Zinkgehalte zwischen 10-40% f\u00fcr unterschiedliche Festigkeit und Verformbarkeit verf\u00fcgbar.<\/li>\n<\/ul>\n<p class=\"whitespace-pre-wrap\">CuZn40-Pulver kann in Bezug auf Partikelgr\u00f6\u00dfe, Form, Dichte, Flie\u00dfeigenschaften und Legierungszusammensetzung je nach den Anforderungen der Anwendung angepasst werden.<\/p>\n<h2>Konsolidierungsmethoden f\u00fcr CuZn40-Pulver<\/h2>\n<p class=\"whitespace-pre-wrap\">CuZn40-Pulver kann mit Techniken wie diesen zu Bauteilen voller Dichte verarbeitet werden:<\/p>\n<table>\n<thead>\n<tr>\n<th>Methode<\/th>\n<th>Einzelheiten<\/th>\n<\/tr>\n<\/thead>\n<tbody>\n<tr>\n<td>Verdichtung + Sinterung<\/td>\n<td>\u00c4ltere wirtschaftliche Methode mit Formgrenzen.<\/td>\n<\/tr>\n<tr>\n<td>Metall-Spritzgie\u00dfen (MIM)<\/td>\n<td>Netzformteile mit hervorragender Pr\u00e4zision und Oberfl\u00e4cheng\u00fcte.<\/td>\n<\/tr>\n<tr>\n<td>Additive Fertigung<\/td>\n<td>Direktes Drucken von komplexen, dichten Teilen aus CAD-Modellen.<\/td>\n<\/tr>\n<tr>\n<td>Hei\u00df-Extrusion<\/td>\n<td>F\u00fcr einfache, achsensymmetrische Formen wie St\u00e4be und Rohre.<\/td>\n<\/tr>\n<tr>\n<td>Walzenverdichtung<\/td>\n<td>F\u00fcr Bleche und B\u00e4nder, die eine gute Dehnbarkeit erfordern.<\/td>\n<\/tr>\n<\/tbody>\n<\/table>\n<ul class=\"list-disc pl-8 space-y-2\">\n<li class=\"whitespace-normal\">Das Pressen und anschlie\u00dfende Sintern wird h\u00e4ufig verwendet, erfordert jedoch eine Nachbearbeitung, um eine vollst\u00e4ndige Verdichtung zu erreichen.<\/li>\n<li class=\"whitespace-normal\">MIM bietet h\u00f6chste Pr\u00e4zision und Oberfl\u00e4cheng\u00fcte, erfordert aber hohe St\u00fcckzahlen, um die Werkzeugkosten zu rechtfertigen.<\/li>\n<li class=\"whitespace-normal\">Additive Fertigungsverfahren wie Binder Jetting und Fused Deposition Modeling werden aufgrund ihrer Designflexibilit\u00e4t immer beliebter.<\/li>\n<li class=\"whitespace-normal\">Strangpressen und Walzen eignen sich gut f\u00fcr einfache Geometrien wie Stangen, Bleche usw. und nutzen die Duktilit\u00e4t.<\/li>\n<\/ul>\n<p class=\"whitespace-pre-wrap\">Das Konsolidierungsverfahren steuert die endg\u00fcltigen Eigenschaften wie Dichte, Pr\u00e4zision, Oberfl\u00e4cheng\u00fcte und Mikrostruktur.<\/p>\n<h2>W\u00e4rmebehandlung von CuZn40-Teilen<\/h2>\n<p class=\"whitespace-pre-wrap\">Die W\u00e4rmebehandlung von CuZn40-Teilen tr\u00e4gt zur Anpassung einer Reihe mechanischer Eigenschaften bei:<\/p>\n<table>\n<thead>\n<tr>\n<th>W\u00e4rmebehandlung<\/th>\n<th>Zweck<\/th>\n<\/tr>\n<\/thead>\n<tbody>\n<tr>\n<td>L\u00f6sungsgl\u00fchen<\/td>\n<td>Wiederherstellung der Duktilit\u00e4t nach Kaltverformung<\/td>\n<\/tr>\n<tr>\n<td>Stressabbau<\/td>\n<td>Beseitigt Eigenspannungen<\/td>\n<\/tr>\n<tr>\n<td>Aush\u00e4rtung durch Niederschlag<\/td>\n<td>Verfestigung durch Alterung nach der L\u00f6sungsgebung<\/td>\n<\/tr>\n<\/tbody>\n<\/table>\n<ul class=\"list-disc pl-8 space-y-2\">\n<li class=\"whitespace-normal\">Durch das Gl\u00fchen bei 700-900\u00b0C und die anschlie\u00dfende langsame Abk\u00fchlung wird die Legierung weicher, da die Auswirkungen der Kaltverformung beseitigt werden und eine weitere Umformung m\u00f6glich ist.<\/li>\n<li class=\"whitespace-normal\">Die Aush\u00e4rtung bei niedrigen Temperaturen im Bereich von 150-350\u00b0C f\u00fchrt zur Ausscheidung einer kupferreichen Phase, die die Festigkeit bis auf 50% erh\u00f6ht, jedoch mit einem Verlust an Duktilit\u00e4t.<\/li>\n<li class=\"whitespace-normal\">Das Spannungsarmgl\u00fchen bei 300-500 \u00b0C tr\u00e4gt zum Abbau von Eigenspannungen aus der vorherigen Formgebung bei.<\/li>\n<\/ul>\n<p class=\"whitespace-pre-wrap\">Die W\u00e4rmebehandlung erweitert die Vielseitigkeit der CuZn40-Legierung, indem sie eine Verbesserung der Eigenschaften je nach Anwendungsbedarf erm\u00f6glicht.<\/p>\n<h2>Vergleich von CuZn40 mit Alternativen<\/h2>\n<p class=\"whitespace-pre-wrap\">Hier sehen Sie, wie CuZn40 im Vergleich zu anderen g\u00e4ngigen Kupferlegierungspulvern abschneidet:<\/p>\n<table>\n<thead>\n<tr>\n<th>Legierung<\/th>\n<th>CuZn40<\/th>\n<th>CuSn6<\/th>\n<th>CuNi18Zn20<\/th>\n<th>Bronze<\/th>\n<\/tr>\n<\/thead>\n<tbody>\n<tr>\n<td>St\u00e4rke<\/td>\n<td>Hoch<\/td>\n<td>Mittel<\/td>\n<td>H\u00f6chste<\/td>\n<td>Mittel<\/td>\n<\/tr>\n<tr>\n<td>Duktilit\u00e4t<\/td>\n<td>Hoch<\/td>\n<td>Mittel<\/td>\n<td>Niedrig<\/td>\n<td>Mittel<\/td>\n<\/tr>\n<tr>\n<td>Korrosionsbest\u00e4ndigkeit<\/td>\n<td>Gut<\/td>\n<td>Ausgezeichnet<\/td>\n<td>Ausgezeichnet<\/td>\n<td>Ausgezeichnet<\/td>\n<\/tr>\n<tr>\n<td>W\u00e4rmeleitf\u00e4higkeit<\/td>\n<td>120 W\/m-K<\/td>\n<td>50 W\/m-K<\/td>\n<td>20 W\/m-K<\/td>\n<td>60 W\/m-K<\/td>\n<\/tr>\n<tr>\n<td>Kosten<\/td>\n<td>Niedrig<\/td>\n<td>Hoch<\/td>\n<td>Hoch<\/td>\n<td>Mittel<\/td>\n<\/tr>\n<\/tbody>\n<\/table>\n<ul class=\"list-disc pl-8 space-y-2\">\n<li class=\"whitespace-normal\">CuSn6 hat eine bessere Korrosionsbest\u00e4ndigkeit, aber eine geringere Festigkeit und W\u00e4rmeleitf\u00e4higkeit. Teurer.<\/li>\n<li class=\"whitespace-normal\">CuNi18Zn20 hat die h\u00f6chste Festigkeit, aber die geringste Duktilit\u00e4t und W\u00e4rmeleitf\u00e4higkeit.<\/li>\n<li class=\"whitespace-normal\">Bronzen wie CuSn10 bieten eine ausgezeichnete Korrosionsbest\u00e4ndigkeit, aber nur eine m\u00e4\u00dfige Festigkeit.<\/li>\n<li class=\"whitespace-normal\">CuZn40 bietet die ausgewogensten Gesamteigenschaften und hat die niedrigsten Kosten.<\/li>\n<\/ul>\n<p class=\"whitespace-pre-wrap\">Aufgrund seiner gut abgerundeten Eigenschaften, seiner ausgezeichneten Formbarkeit, seiner Bearbeitbarkeit und seiner niedrigen Kosten ist CuZn40 das beliebteste Kupferlegierungspulver f\u00fcr eine breite Verwendung in allen Industriesegmenten.<\/p>\n<h2>CuZn40-Pulver Hersteller<\/h2>\n<p class=\"whitespace-pre-wrap\">CuZn40-Pulver wird weltweit in gro\u00dfen Mengen von gro\u00dfen Metallpulverherstellern produziert:<\/p>\n<table>\n<thead>\n<tr>\n<th>Hersteller<\/th>\n<th>Land<\/th>\n<\/tr>\n<\/thead>\n<tbody>\n<tr>\n<td>Hoganas<\/td>\n<td>Schweden<\/td>\n<\/tr>\n<tr>\n<td>CNPC<\/td>\n<td>China<\/td>\n<\/tr>\n<tr>\n<td>Miyou-Gruppe<\/td>\n<td>China<\/td>\n<\/tr>\n<tr>\n<td>GKN Hoeganaes<\/td>\n<td>USA<\/td>\n<\/tr>\n<tr>\n<td>Jien Nickel<\/td>\n<td>Taiwan<\/td>\n<\/tr>\n<tr>\n<td>SCM Metallprodukte<\/td>\n<td>Japan<\/td>\n<\/tr>\n<\/tbody>\n<\/table>\n<p class=\"whitespace-pre-wrap\">Seri\u00f6se Hersteller unterliegen einer strengen Qualit\u00e4tskontrolle und halten sich an internationale Standards f\u00fcr Zusammensetzung, Partikelgr\u00f6\u00dfenverteilung, scheinbare Dichte und Verunreinigungsgrade.<\/p>\n<p class=\"whitespace-pre-wrap\">Sie k\u00f6nnen die Zusammensetzung von CuZn40-Pulver und Eigenschaften wie Partikelform, Dichte, Flie\u00dfgeschwindigkeit usw. auf der Grundlage der Kundenanforderungen f\u00fcr ihre spezifische Anwendung anpassen.<\/p>\n<h2>Preise f\u00fcr CuZn40-Pulver<\/h2>\n<p class=\"whitespace-pre-wrap\">CuZn40 ist ein weit verbreitetes, kommerziell hergestelltes Legierungspulver und recht wirtschaftlich. Ein Richtpreis ist:<\/p>\n<table>\n<thead>\n<tr>\n<th>Pulver Typ<\/th>\n<th>Partikelgr\u00f6\u00dfe<\/th>\n<th>Preis ($\/kg)<\/th>\n<\/tr>\n<\/thead>\n<tbody>\n<tr>\n<td>Zum Pressen<\/td>\n<td>Unter 150 Mikrometer<\/td>\n<td>$5-15<\/td>\n<\/tr>\n<tr>\n<td>Zum Sintern<\/td>\n<td>45-150 Mikrometer<\/td>\n<td>$8-20<\/td>\n<\/tr>\n<tr>\n<td>F\u00fcr MIM<\/td>\n<td>10-20 Mikrometer<\/td>\n<td>$12-25<\/td>\n<\/tr>\n<tr>\n<td>F\u00fcr AM<\/td>\n<td>15-45 Mikrometer<\/td>\n<td>$15-30<\/td>\n<\/tr>\n<tr>\n<td>Hohe Reinheit<\/td>\n<td>Bis zu 5 Mikrometer<\/td>\n<td>$25-40<\/td>\n<\/tr>\n<\/tbody>\n<\/table>\n<ul class=\"list-disc pl-8 space-y-2\">\n<li class=\"whitespace-normal\">Unregelm\u00e4\u00dfig geformtes Pulver zum Pressen und Sintern ist am wirtschaftlichsten.<\/li>\n<li class=\"whitespace-normal\">Sph\u00e4risches Pulver f\u00fcr MIM und AM ist aufgrund des Gaszerst\u00e4ubungsverfahrens teurer.<\/li>\n<li class=\"whitespace-normal\">Kleinere Partikelgr\u00f6\u00dfen und hochreine Qualit\u00e4ten ziehen einen Preisaufschlag nach sich.<\/li>\n<li class=\"whitespace-normal\">Bei Gro\u00dfbestellungen in Tonnen kann der Preis pro Kilogramm weiter gesenkt werden.<\/li>\n<\/ul>\n<p class=\"whitespace-pre-wrap\">CuZn40-Pulver ist aufgrund seiner breiten kommerziellen Verwendung, die eine wirtschaftliche Produktion in gro\u00dfen Mengen erm\u00f6glicht, preislich wettbewerbsf\u00e4hig.<\/p>\n<h2>Gesundheits- und Sicherheitsvorkehrungen f\u00fcr CuZn40-Pulver<\/h2>\n<p class=\"whitespace-pre-wrap\">Wie jedes feine Metallpulver muss auch CuZn40-Pulver sicher gehandhabt werden:<\/p>\n<table>\n<thead>\n<tr>\n<th>Gef\u00e4hrdung<\/th>\n<th>Vorsichtsma\u00dfnahmen<\/th>\n<th>PSA<\/th>\n<\/tr>\n<\/thead>\n<tbody>\n<tr>\n<td>Einatmen<\/td>\n<td>Das Einatmen von Pulverstaub vermeiden. F\u00fcr Bel\u00fcftung sorgen<\/td>\n<td>Atemschutzmaske<\/td>\n<\/tr>\n<tr>\n<td>Hautkontakt<\/td>\n<td>Handschuhe tragen. Nach Kontakt waschen.<\/td>\n<td>Handschuhe<\/td>\n<\/tr>\n<tr>\n<td>Augenkontakt<\/td>\n<td>Schutzbrille tragen. Bei Ber\u00fchrung absp\u00fclen.<\/td>\n<td>Schutzbrille<\/td>\n<\/tr>\n<tr>\n<td>Verschlucken<\/td>\n<td>Vermeiden Sie Hand-Mund-Kontakt. H\u00e4nde waschen.<\/td>\n<td>&#8211;<\/td>\n<\/tr>\n<tr>\n<td>Staubexplosion<\/td>\n<td>Vermeiden Sie Pulverwolken. Bodenausr\u00fcstung.<\/td>\n<td>&#8211;<\/td>\n<\/tr>\n<\/tbody>\n<\/table>\n<ul class=\"list-disc pl-8 space-y-2\">\n<li class=\"whitespace-normal\">Beim Umgang mit Pulver PSA - Atemschutz, Handschuhe, Schutzbrille - verwenden.<\/li>\n<li class=\"whitespace-normal\">Hautkontakt vermeiden. Nach der Exposition waschen.<\/li>\n<li class=\"whitespace-normal\">Versiegelte Beh\u00e4lter fern von Funken und Flammen lagern.<\/li>\n<li class=\"whitespace-normal\">Sorgen Sie f\u00fcr eine ordnungsgem\u00e4\u00dfe Bel\u00fcftung und Staubabsaugung.<\/li>\n<li class=\"whitespace-normal\">Vollst\u00e4ndige Sicherheitsrichtlinien finden Sie im Sicherheitsdatenblatt und in den \u00f6rtlichen Vorschriften.<\/li>\n<\/ul>\n<p class=\"whitespace-pre-wrap\">Richtige Vorsichtsma\u00dfnahmen und PSA bei der Lagerung, Handhabung und Verarbeitung minimieren die Gesundheits- und Sicherheitsrisiken.<\/p>\n<h2>Inspektion und Pr\u00fcfung von CuZn40-Pulver<\/h2>\n<p class=\"whitespace-pre-wrap\">Um die Qualit\u00e4t sicherzustellen, sollte CuZn40-Pulver wie folgt gepr\u00fcft werden:<\/p>\n<table>\n<thead>\n<tr>\n<th>Parameter<\/th>\n<th>Methode<\/th>\n<th>Spezifikation<\/th>\n<\/tr>\n<\/thead>\n<tbody>\n<tr>\n<td>Chemische Zusammensetzung<\/td>\n<td>Verbrennungsanalyse oder XRF<\/td>\n<td>Zn 40% \u00b1 1%, Pb &lt; 1000 ppm<\/td>\n<\/tr>\n<tr>\n<td>Partikelgr\u00f6\u00dfenverteilung<\/td>\n<td>Siebung, Laserbeugung<\/td>\n<td>D10, D50, D90 in Reichweite<\/td>\n<\/tr>\n<tr>\n<td>Scheinbare Dichte<\/td>\n<td>Hall-Durchflussmesser<\/td>\n<td>Minimum angegeben<\/td>\n<\/tr>\n<tr>\n<td>Durchflussmenge<\/td>\n<td>Hall-Durchflussmesser<\/td>\n<td>Maximal angegeben<\/td>\n<\/tr>\n<tr>\n<td>Verunreinigungen<\/td>\n<td>ICP- oder LECO-Analyse<\/td>\n<td>Wenig Sauerstoff und Stickstoff<\/td>\n<\/tr>\n<\/tbody>\n<\/table>\n<p class=\"whitespace-pre-wrap\">Die routinem\u00e4\u00dfigen Tests nach ASTM-Normen gew\u00e4hrleisten eine gleichbleibende Produktion und eine hohe Qualit\u00e4t des Pulvers, das f\u00fcr die Endanwendungen geeignet ist.<\/p>\n<p class=\"whitespace-pre-wrap\">Die K\u00e4ufer m\u00fcssen auf Qualit\u00e4tszertifikaten von renommierten Herstellern bestehen. Regelm\u00e4\u00dfige interne Pr\u00fcfungen werden ebenfalls empfohlen.<\/p>\n<h2>FAQs<\/h2>\n<p class=\"whitespace-pre-wrap\"><strong>Q. Wof\u00fcr wird CuZn40 verwendet?<\/strong><\/p>\n<p class=\"whitespace-pre-wrap\">A. CuZn40 findet breite Verwendung in elektrischen Steckverbindern, Sanit\u00e4rarmaturen, Zahnr\u00e4dern, dekorativen Teilen usw., wobei seine Festigkeit, Duktilit\u00e4t, Korrosionsbest\u00e4ndigkeit und Bearbeitbarkeit genutzt werden.<\/p>\n<p class=\"whitespace-pre-wrap\"><strong>Q. Was ist der Unterschied zwischen einer normalen und einer verbleiten Messinglegierung?<\/strong><\/p>\n<p class=\"whitespace-pre-wrap\">A. Verbleites Messing enth\u00e4lt eine geringe Menge an Blei bis zu 3%, um die Bearbeitbarkeit zu verbessern, w\u00e4hrend normales Messing bleifrei ist. Bleifrei wird aus Gr\u00fcnden des Lebensmittelkontakts und der Umweltsicherheit bevorzugt.<\/p>\n<p class=\"whitespace-pre-wrap\"><strong>Q. Ist f\u00fcr CuZn40 eine W\u00e4rmebehandlung erforderlich?<\/strong><\/p>\n<p class=\"whitespace-pre-wrap\">A. Eine optionale W\u00e4rmebehandlung kann zur Erweichung und Wiederherstellung der Duktilit\u00e4t durch Gl\u00fchen oder zur Verfestigung durch Ausscheidungsh\u00e4rtung durchgef\u00fchrt werden.<\/p>\n<p class=\"whitespace-pre-wrap\"><strong>Q. Welche Verfahren werden zur Herstellung von Teilen aus CuZn40-Pulver verwendet?<\/strong><\/p>\n<p class=\"whitespace-pre-wrap\">A. Verdichtung und anschlie\u00dfendes Sintern, Metall-Spritzguss und additive Fertigungsverfahren wie Binder-Jetting und FDM sind g\u00e4ngige Techniken, um CuZn40-Pulver zu dichten Bauteilen zu verfestigen.<\/p>\n<p class=\"whitespace-pre-wrap\"><strong>Q. Ist CuZn40-Pulver sicher in der Handhabung?<\/strong><\/p>\n<p class=\"whitespace-pre-wrap\">A. Wie bei jedem feinen Metallpulver sollten Vorsichtsma\u00dfnahmen getroffen werden, um Einatmen und Hautkontakt zu vermeiden. Richtige Bel\u00fcftung, PSA und sichere Handhabungsverfahren minimieren die Risiken.<\/p>","protected":false},"excerpt":{"rendered":"<p>CuZn40, auch als Messingpulver bekannt, ist eine Kupfer-Zink-Legierung, die aus 40% Zink und einem Rest Kupfer besteht. Es bietet eine hervorragende Kombination aus Festigkeit, Duktilit\u00e4t, Korrosionsbest\u00e4ndigkeit, Bearbeitbarkeit und wirtschaftlichem Preis, was es zu einem der am h\u00e4ufigsten verwendeten Legierungspulver macht.<\/p>","protected":false},"featured_media":2047,"comment_status":"open","ping_status":"closed","template":"","meta":[],"product_brand":[],"product_cat":[31,55],"product_tag":[],"class_list":{"0":"post-1720","1":"product","2":"type-product","3":"status-publish","4":"has-post-thumbnail","6":"product_cat-3d-printing-metal-powder","7":"product_cat-copper-alloy-powder","9":"first","10":"instock","11":"shipping-taxable","12":"product-type-simple"},"_links":{"self":[{"href":"https:\/\/met3dp.sg\/de\/wp-json\/wp\/v2\/product\/1720","targetHints":{"allow":["GET"]}}],"collection":[{"href":"https:\/\/met3dp.sg\/de\/wp-json\/wp\/v2\/product"}],"about":[{"href":"https:\/\/met3dp.sg\/de\/wp-json\/wp\/v2\/types\/product"}],"replies":[{"embeddable":true,"href":"https:\/\/met3dp.sg\/de\/wp-json\/wp\/v2\/comments?post=1720"}],"wp:featuredmedia":[{"embeddable":true,"href":"https:\/\/met3dp.sg\/de\/wp-json\/wp\/v2\/media\/2047"}],"wp:attachment":[{"href":"https:\/\/met3dp.sg\/de\/wp-json\/wp\/v2\/media?parent=1720"}],"wp:term":[{"taxonomy":"product_brand","embeddable":true,"href":"https:\/\/met3dp.sg\/de\/wp-json\/wp\/v2\/product_brand?post=1720"},{"taxonomy":"product_cat","embeddable":true,"href":"https:\/\/met3dp.sg\/de\/wp-json\/wp\/v2\/product_cat?post=1720"},{"taxonomy":"product_tag","embeddable":true,"href":"https:\/\/met3dp.sg\/de\/wp-json\/wp\/v2\/product_tag?post=1720"}],"curies":[{"name":"wp","href":"https:\/\/api.w.org\/{rel}","templated":true}]}}