{"id":1718,"date":"2023-09-21T02:43:12","date_gmt":"2023-09-21T02:43:12","guid":{"rendered":"https:\/\/site3.easyceotech.com\/?post_type=product&#038;p=1718"},"modified":"2023-10-18T12:21:21","modified_gmt":"2023-10-18T12:21:21","slug":"copper-alloy-series","status":"publish","type":"product","link":"https:\/\/met3dp.sg\/de\/product\/copper-alloy-series\/","title":{"rendered":"Serie Kupferlegierungen"},"content":{"rendered":"<div>\n<table>\n<tbody>\n<tr>\n<td data-sheets-value=\"{&quot;1&quot;:2,&quot;2&quot;:&quot;Product&quot;}\">Produkt<\/td>\n<td data-sheets-value=\"{&quot;1&quot;:2,&quot;2&quot;:&quot;Specification&quot;}\">Spezifikation<\/td>\n<td data-sheets-value=\"{&quot;1&quot;:2,&quot;2&quot;:&quot;Apparent Density&quot;}\">Scheinbare Dichte<\/td>\n<td data-sheets-value=\"{&quot;1&quot;:2,&quot;2&quot;:&quot;Flow Ability&quot;}\">Flow-F\u00e4higkeit<\/td>\n<td data-sheets-value=\"{&quot;1&quot;:2,&quot;2&quot;:&quot;Oxygen Content&quot;}\">Sauerstoffgehalt<\/td>\n<td data-sheets-value=\"{&quot;1&quot;:2,&quot;2&quot;:&quot;Tensile Strength&quot;}\">Zugfestigkeit<\/td>\n<td data-sheets-value=\"{&quot;1&quot;:2,&quot;2&quot;:&quot;Yield Strength&quot;}\">Streckgrenze<\/td>\n<td data-sheets-value=\"{&quot;1&quot;:2,&quot;2&quot;:&quot;Elongation&quot;}\">Dehnung<\/td>\n<\/tr>\n<tr>\n<td data-sheets-value=\"{&quot;1&quot;:2,&quot;2&quot;:&quot;CuCrZr&quot;}\">CuCrZr<\/td>\n<td colspan=\"1\" rowspan=\"3\" data-sheets-value=\"{&quot;1&quot;:2,&quot;2&quot;:&quot;15-53\u00b5m\\n45-105\u00b5m\\n75-150\u00b5m&quot;}\">\n<div>15-53\u00b5m<br \/>\n45-105\u00b5m<br \/>\n75-150\u00b5m<\/div>\n<\/td>\n<td data-sheets-value=\"{&quot;1&quot;:2,&quot;2&quot;:&quot;\u22654.10g\/cm\u00b3&quot;}\">\u22654,10 g\/cm\u00b3<\/td>\n<td data-sheets-value=\"{&quot;1&quot;:2,&quot;2&quot;:&quot;\u226430s\/50g&quot;}\">\u226430s\/50g<\/td>\n<td data-sheets-value=\"{&quot;1&quot;:2,&quot;2&quot;:&quot;\u2264600ppm&quot;}\">\u2264600 ppm<\/td>\n<td data-sheets-value=\"{&quot;1&quot;:2,&quot;2&quot;:&quot;350\u00b135Mpa &quot;}\">350 \u00b1 35 MPa<\/td>\n<td data-sheets-value=\"{&quot;1&quot;:2,&quot;2&quot;:&quot;175\u00b110Mpa &quot;}\">175 \u00b1 10 MPa<\/td>\n<td data-sheets-value=\"{&quot;1&quot;:2,&quot;2&quot;:&quot;8\u00b12%&quot;}\">8\u00b12%<\/td>\n<\/tr>\n<tr>\n<td data-sheets-value=\"{&quot;1&quot;:2,&quot;2&quot;:&quot;CuZn40&quot;}\">CuZn40<\/td>\n<td data-sheets-value=\"{&quot;1&quot;:2,&quot;2&quot;:&quot;\u22654.25g\/cm\u00b3&quot;}\">\u22654,25g\/cm\u00b3<\/td>\n<td data-sheets-value=\"{&quot;1&quot;:2,&quot;2&quot;:&quot;\u226430s\/50g&quot;}\">\u226430s\/50g<\/td>\n<td data-sheets-value=\"{&quot;1&quot;:2,&quot;2&quot;:&quot;\u2264600ppm&quot;}\">\u2264600 ppm<\/td>\n<td data-sheets-value=\"{&quot;1&quot;:2,&quot;2&quot;:&quot;\\\\&quot;}\">\\<\/td>\n<td data-sheets-value=\"{&quot;1&quot;:2,&quot;2&quot;:&quot;\\\\&quot;}\">\\<\/td>\n<td data-sheets-value=\"{&quot;1&quot;:2,&quot;2&quot;:&quot;\\\\&quot;}\">\\<\/td>\n<\/tr>\n<tr>\n<td data-sheets-value=\"{&quot;1&quot;:2,&quot;2&quot;:&quot;CuSn10&quot;}\">CuSn10<\/td>\n<td data-sheets-value=\"{&quot;1&quot;:2,&quot;2&quot;:&quot;\u22654.10g\/cm\u00b3&quot;}\">\u22654,10 g\/cm\u00b3<\/td>\n<td data-sheets-value=\"{&quot;1&quot;:2,&quot;2&quot;:&quot;\u226430s\/50g&quot;}\">\u226430s\/50g<\/td>\n<td data-sheets-value=\"{&quot;1&quot;:2,&quot;2&quot;:&quot;\u2264600ppm&quot;}\">\u2264600 ppm<\/td>\n<td data-sheets-value=\"{&quot;1&quot;:2,&quot;2&quot;:&quot;\\\\&quot;}\">\\<\/td>\n<td data-sheets-value=\"{&quot;1&quot;:2,&quot;2&quot;:&quot;\\\\&quot;}\">\\<\/td>\n<td data-sheets-value=\"{&quot;1&quot;:2,&quot;2&quot;:&quot;\\\\&quot;}\">\\<\/td>\n<\/tr>\n<\/tbody>\n<\/table>\n<\/div>\n<p><img fetchpriority=\"high\" decoding=\"async\" class=\"size-medium wp-image-1409 aligncenter\" src=\"https:\/\/met3dp.sg\/wp-content\/uploads\/2023\/09\/ed7a94ec-3c10-4b1b-87ed--300x300.jpg\" alt=\"Serie Kupferlegierungen\" width=\"300\" height=\"300\" title=\"\" srcset=\"https:\/\/met3dp.sg\/wp-content\/uploads\/2023\/09\/ed7a94ec-3c10-4b1b-87ed--300x300.jpg 300w, https:\/\/met3dp.sg\/wp-content\/uploads\/2023\/09\/ed7a94ec-3c10-4b1b-87ed--100x100.jpg 100w, https:\/\/met3dp.sg\/wp-content\/uploads\/2023\/09\/ed7a94ec-3c10-4b1b-87ed--150x150.jpg 150w, https:\/\/met3dp.sg\/wp-content\/uploads\/2023\/09\/ed7a94ec-3c10-4b1b-87ed-.jpg 600w\" sizes=\"(max-width: 300px) 100vw, 300px\" \/><\/p>\n<p><strong>Prozess<\/strong>: Vakuum-Luftzerst\u00e4ubungsmethode<\/p>\n<p><strong>Vorteile<\/strong>: Gedruckte Produkte verf\u00fcgen \u00fcber eine gute thermische und elektrische Leitf\u00e4higkeit und in Kombination mit dem Design k\u00f6nnen Produktteile mit komplexen Innenstrukturen und K\u00fchlkan\u00e4len hergestellt werden<\/p>\n<p><strong>Anwendungen<\/strong>: Schubkammer f\u00fcr Luft- und Raumfahrttriebwerke und andere Komponenten, 3D-Druckformprodukte mit besserer K\u00fchlwirkung usw.<\/p>\n<p><strong>Verpackung<\/strong>: Gew\u00f6hnliche Verpackungen wie Aluminiumfolienbeutel\/Plastikflaschen\/Eisenf\u00e4sser, Vakuumverpackungen oder mit Inertgas gef\u00fcllte Verpackungen usw.<\/p>","protected":false},"excerpt":{"rendered":"<p>Pulver der Kupferlegierungsserie verwenden Kupfer als Hauptbestandteil und enthalten eine Vielzahl von Legierungselementen, um eine hervorragende Leitf\u00e4higkeit und Korrosionsbest\u00e4ndigkeit f\u00fcr verschiedene Anwendungsbereiche zu bieten. Lassen Sie uns gemeinsam diese Produktpalette erkunden und ihre vielf\u00e4ltigen Einsatzm\u00f6glichkeiten in verschiedenen Branchen entdecken.<\/p>","protected":false},"featured_media":2045,"comment_status":"open","ping_status":"closed","template":"","meta":[],"product_brand":[],"product_cat":[31,55],"product_tag":[],"class_list":{"0":"post-1718","1":"product","2":"type-product","3":"status-publish","4":"has-post-thumbnail","6":"product_cat-3d-printing-metal-powder","7":"product_cat-copper-alloy-powder","9":"first","10":"instock","11":"shipping-taxable","12":"product-type-simple"},"_links":{"self":[{"href":"https:\/\/met3dp.sg\/de\/wp-json\/wp\/v2\/product\/1718","targetHints":{"allow":["GET"]}}],"collection":[{"href":"https:\/\/met3dp.sg\/de\/wp-json\/wp\/v2\/product"}],"about":[{"href":"https:\/\/met3dp.sg\/de\/wp-json\/wp\/v2\/types\/product"}],"replies":[{"embeddable":true,"href":"https:\/\/met3dp.sg\/de\/wp-json\/wp\/v2\/comments?post=1718"}],"wp:featuredmedia":[{"embeddable":true,"href":"https:\/\/met3dp.sg\/de\/wp-json\/wp\/v2\/media\/2045"}],"wp:attachment":[{"href":"https:\/\/met3dp.sg\/de\/wp-json\/wp\/v2\/media?parent=1718"}],"wp:term":[{"taxonomy":"product_brand","embeddable":true,"href":"https:\/\/met3dp.sg\/de\/wp-json\/wp\/v2\/product_brand?post=1718"},{"taxonomy":"product_cat","embeddable":true,"href":"https:\/\/met3dp.sg\/de\/wp-json\/wp\/v2\/product_cat?post=1718"},{"taxonomy":"product_tag","embeddable":true,"href":"https:\/\/met3dp.sg\/de\/wp-json\/wp\/v2\/product_tag?post=1718"}],"curies":[{"name":"wp","href":"https:\/\/api.w.org\/{rel}","templated":true}]}}