{"id":1715,"date":"2023-09-21T01:51:32","date_gmt":"2023-09-21T01:51:32","guid":{"rendered":"https:\/\/site3.easyceotech.com\/?post_type=product&#038;p=1715"},"modified":"2023-10-18T07:50:07","modified_gmt":"2023-10-18T07:50:07","slug":"gh-3625-powder","status":"publish","type":"product","link":"https:\/\/met3dp.sg\/de\/product\/gh-3625-powder\/","title":{"rendered":"GH 3625 Pulver"},"content":{"rendered":"<h2>\u00dcberblick \u00fcber GH3625-Pulver<\/h2>\n<p class=\"whitespace-pre-wrap\">GH 3625-Pulver ist eine aush\u00e4rtbare Nickel-Eisen-Basislegierung mit 25% Chrom und Zus\u00e4tzen von Molybd\u00e4n und Aluminium. Sie bietet eine au\u00dfergew\u00f6hnliche Kombination aus hoher Festigkeit, H\u00e4rte, Korrosionsbest\u00e4ndigkeit und Oxidationsbest\u00e4ndigkeit bei erh\u00f6hten Temperaturen.<\/p>\n<p class=\"whitespace-pre-wrap\">Zu den wichtigsten Eigenschaften und Vorteilen von GH3625-Pulver geh\u00f6ren:<\/p>\n<p class=\"whitespace-pre-wrap\"><strong>GH3625 Pulvereigenschaften und Merkmale<\/strong><\/p>\n<table>\n<thead>\n<tr>\n<th>Eigenschaften<\/th>\n<th>Einzelheiten<\/th>\n<\/tr>\n<\/thead>\n<tbody>\n<tr>\n<td>Zusammensetzung<\/td>\n<td>Ni-25Cr-4,5Mo-3,5Al-Legierung<\/td>\n<\/tr>\n<tr>\n<td>Dichte<\/td>\n<td>8,2 g\/cc<\/td>\n<\/tr>\n<tr>\n<td>Partikelform<\/td>\n<td>\u00dcberwiegend kugelf\u00f6rmig<\/td>\n<\/tr>\n<tr>\n<td>Gr\u00f6\u00dfenbereich<\/td>\n<td>15-45 Mikrometer<\/td>\n<\/tr>\n<tr>\n<td>Scheinbare Dichte<\/td>\n<td>Bis zu 60% an echter Dichte<\/td>\n<\/tr>\n<tr>\n<td>Flie\u00dff\u00e4higkeit<\/td>\n<td>Gut<\/td>\n<\/tr>\n<tr>\n<td>St\u00e4rke<\/td>\n<td>Sehr hoch nach Alterungsbehandlung<\/td>\n<\/tr>\n<tr>\n<td>Korrosionsbest\u00e4ndigkeit<\/td>\n<td>Hervorragend, einschlie\u00dflich Lochfra\u00df und Spaltkorrosion<\/td>\n<\/tr>\n<\/tbody>\n<\/table>\n<p class=\"whitespace-pre-wrap\">GH3625 wird h\u00e4ufig in der Luft- und Raumfahrt, in der \u00d6l- und Gasindustrie, in der chemischen Verarbeitung und in der Energieerzeugung eingesetzt, wo hohe Festigkeit und Korrosionsbest\u00e4ndigkeit bei hohen Temperaturen erforderlich sind.<\/p>\n<h2>GH3625 Pulverzusammensetzung<\/h2>\n<p class=\"whitespace-pre-wrap\">Typische Zusammensetzung von Pulver aus der Nickel-Chrom-Legierung GH3625:<\/p>\n<p class=\"whitespace-pre-wrap\"><strong>GH3625 Pulverzusammensetzung<\/strong><\/p>\n<table>\n<thead>\n<tr>\n<th>Element<\/th>\n<th>Gewicht %<\/th>\n<\/tr>\n<\/thead>\n<tbody>\n<tr>\n<td>Nickel<\/td>\n<td>Bilanz<\/td>\n<\/tr>\n<tr>\n<td>Chrom<\/td>\n<td>24-27%<\/td>\n<\/tr>\n<tr>\n<td>Molybd\u00e4n<\/td>\n<td>4-5%<\/td>\n<\/tr>\n<tr>\n<td>Aluminium<\/td>\n<td>3-4%<\/td>\n<\/tr>\n<tr>\n<td>Kohlenstoff<\/td>\n<td>0,1% max<\/td>\n<\/tr>\n<tr>\n<td>Mangan<\/td>\n<td>1% max<\/td>\n<\/tr>\n<tr>\n<td>Silizium<\/td>\n<td>0,5% max<\/td>\n<\/tr>\n<tr>\n<td>Schwefel<\/td>\n<td>0,015% max<\/td>\n<\/tr>\n<\/tbody>\n<\/table>\n<ul class=\"list-disc pl-8 space-y-2\">\n<li class=\"whitespace-normal\">Nickel sorgt f\u00fcr Korrosionsbest\u00e4ndigkeit und unterst\u00fctzt die Ausscheidungsh\u00e4rtung<\/li>\n<li class=\"whitespace-normal\">Chrom verbessert die Oxidations- und Korrosionsbest\u00e4ndigkeit erheblich<\/li>\n<li class=\"whitespace-normal\">Molybd\u00e4n und Aluminium erleichtern die Ausscheidungsh\u00e4rtung<\/li>\n<li class=\"whitespace-normal\">Kohlenstoff und andere Elemente werden als Verunreinigungen begrenzt<\/li>\n<\/ul>\n<p class=\"whitespace-pre-wrap\">Die Zusammensetzung ist so optimiert, dass sie eine Spitzenverfestigung durch Ausscheidungsh\u00e4rtung sowie eine hervorragende Korrosions- und Oxidationsbest\u00e4ndigkeit bietet.<\/p>\n<p><img fetchpriority=\"high\" decoding=\"async\" class=\"size-medium wp-image-1409 aligncenter\" src=\"https:\/\/met3dp.sg\/wp-content\/uploads\/2023\/09\/ed7a94ec-3c10-4b1b-87ed--300x300.jpg\" alt=\"GH 3625 Pulver\" width=\"300\" height=\"300\" title=\"\" srcset=\"https:\/\/met3dp.sg\/wp-content\/uploads\/2023\/09\/ed7a94ec-3c10-4b1b-87ed--300x300.jpg 300w, https:\/\/met3dp.sg\/wp-content\/uploads\/2023\/09\/ed7a94ec-3c10-4b1b-87ed--100x100.jpg 100w, https:\/\/met3dp.sg\/wp-content\/uploads\/2023\/09\/ed7a94ec-3c10-4b1b-87ed--150x150.jpg 150w, https:\/\/met3dp.sg\/wp-content\/uploads\/2023\/09\/ed7a94ec-3c10-4b1b-87ed-.jpg 600w\" sizes=\"(max-width: 300px) 100vw, 300px\" \/><\/p>\n<h2>GH3625 Pulver Physikalische Eigenschaften<\/h2>\n<p class=\"whitespace-pre-wrap\"><strong>GH3625 Pulver Physikalische Eigenschaften<\/strong><\/p>\n<table>\n<thead>\n<tr>\n<th>Eigentum<\/th>\n<th>Werte<\/th>\n<\/tr>\n<\/thead>\n<tbody>\n<tr>\n<td>Dichte<\/td>\n<td>8,2 g\/cc<\/td>\n<\/tr>\n<tr>\n<td>Schmelzpunkt<\/td>\n<td>1390-1440\u00b0C<\/td>\n<\/tr>\n<tr>\n<td>W\u00e4rmeleitf\u00e4higkeit<\/td>\n<td>11 W\/mK<\/td>\n<\/tr>\n<tr>\n<td>Elektrischer Widerstand<\/td>\n<td>52 \u03bc\u03a9-cm<\/td>\n<\/tr>\n<tr>\n<td>Koeffizient der thermischen Ausdehnung<\/td>\n<td>13,0 x 10^-6 \/K<\/td>\n<\/tr>\n<\/tbody>\n<\/table>\n<ul class=\"list-disc pl-8 space-y-2\">\n<li class=\"whitespace-normal\">Hohe Dichte im Vergleich zu St\u00e4hlen und Titanlegierungen<\/li>\n<li class=\"whitespace-normal\">Beh\u00e4lt hohe Festigkeit bei Temperaturen \u00fcber 1000 \u00b0C<\/li>\n<li class=\"whitespace-normal\">Eine relativ geringe W\u00e4rmeleitf\u00e4higkeit erfordert konstruktive \u00dcberlegungen<\/li>\n<li class=\"whitespace-normal\">Der WAK ist moderat und \u00e4hnelt dem von rostfreiem Stahl<\/li>\n<\/ul>\n<p class=\"whitespace-pre-wrap\">Aufgrund dieser Eigenschaften eignet sich GH3625 f\u00fcr hochfeste Anwendungen bei erh\u00f6hten Temperaturen, die Korrosionsbest\u00e4ndigkeit erfordern.<\/p>\n<h2>GH3625 Pulver Mechanische Eigenschaften<\/h2>\n<p class=\"whitespace-pre-wrap\"><strong>GH3625 Pulver Mechanische Eigenschaften<\/strong><\/p>\n<table>\n<thead>\n<tr>\n<th>Eigentum<\/th>\n<th>Zustand<\/th>\n<th>Werte<\/th>\n<\/tr>\n<\/thead>\n<tbody>\n<tr>\n<td>H\u00e4rte<\/td>\n<td>L\u00f6sungsgegl\u00fcht<\/td>\n<td>35 HRC<\/td>\n<\/tr>\n<tr>\n<td>H\u00e4rte<\/td>\n<td>H\u00f6chstalter<\/td>\n<td>50-56 HRC<\/td>\n<\/tr>\n<tr>\n<td>Zugfestigkeit<\/td>\n<td>Gegl\u00fcht<\/td>\n<td>1000 MPa<\/td>\n<\/tr>\n<tr>\n<td>Zugfestigkeit<\/td>\n<td>Gealtert<\/td>\n<td>1500-1800 MPa<\/td>\n<\/tr>\n<tr>\n<td>Streckgrenze<\/td>\n<td>Gealtert<\/td>\n<td>1200-1600 MPa<\/td>\n<\/tr>\n<tr>\n<td>Dehnung<\/td>\n<td>Gealtert<\/td>\n<td>10-15%<\/td>\n<\/tr>\n<\/tbody>\n<\/table>\n<ul class=\"list-disc pl-8 space-y-2\">\n<li class=\"whitespace-normal\">Altert zu sehr hohen Festigkeitsniveaus, die andere ausscheidungsh\u00e4rtende Legierungen \u00fcbertreffen<\/li>\n<li class=\"whitespace-normal\">Beh\u00e4lt im besten Alterungszustand eine angemessene Duktilit\u00e4t bei<\/li>\n<li class=\"whitespace-normal\">Die H\u00e4rte nimmt nach der Alterungsbehandlung erheblich zu<\/li>\n<li class=\"whitespace-normal\">Die Festigkeit kann durch Alterungszeit und Temperatur angepasst werden<\/li>\n<\/ul>\n<p class=\"whitespace-pre-wrap\">Aufgrund dieser Eigenschaften eignet sich GH3625 f\u00fcr Bauteile, die eine hohe Festigkeit in Verbindung mit Korrosionsbest\u00e4ndigkeit erfordern.<\/p>\n<h2>GH3625 Pulveranwendungen<\/h2>\n<p class=\"whitespace-pre-wrap\">Typische Anwendungen f\u00fcr das Pulver aus der Nickel-Chrom-Legierung GH3625 sind:<\/p>\n<p class=\"whitespace-pre-wrap\"><strong>GH3625 Pulveranwendungen<\/strong><\/p>\n<table>\n<thead>\n<tr>\n<th>Industrie<\/th>\n<th>Verwendet<\/th>\n<\/tr>\n<\/thead>\n<tbody>\n<tr>\n<td>Luft- und Raumfahrt<\/td>\n<td>Turbinenschaufeln, Bolzen, Befestigungselemente<\/td>\n<\/tr>\n<tr>\n<td>\u00d6l und Gas<\/td>\n<td>Bohrlochventile, Bohrlochwerkzeuge<\/td>\n<\/tr>\n<tr>\n<td>Chemische Verarbeitung<\/td>\n<td>Extruderschnecken, Ventilteile<\/td>\n<\/tr>\n<tr>\n<td>Stromerzeugung<\/td>\n<td>Kesselkomponenten, Dampf- und Gasturbinen<\/td>\n<\/tr>\n<\/tbody>\n<\/table>\n<p class=\"whitespace-pre-wrap\">Einige spezifische Produktanwendungen sind:<\/p>\n<ul class=\"list-disc pl-8 space-y-2\">\n<li class=\"whitespace-normal\">Schaufeln, Scheiben und Befestigungselemente f\u00fcr Turbinentriebwerke in der Luft- und Raumfahrt<\/li>\n<li class=\"whitespace-normal\">Verschraubung f\u00fcr petrochemische Hochtemperaturrohre<\/li>\n<li class=\"whitespace-normal\">Ventilkomponenten, die in korrosiven chemischen Umgebungen eingesetzt werden<\/li>\n<li class=\"whitespace-normal\">Rohre und Sammelrohre von Kessel\u00fcberhitzern<\/li>\n<li class=\"whitespace-normal\">Dampfturbinenschaufeln und Befestigungselemente<\/li>\n<\/ul>\n<p class=\"whitespace-pre-wrap\">GH3625 bietet au\u00dfergew\u00f6hnliche Festigkeit und Korrosionsbest\u00e4ndigkeit f\u00fcr kritische Komponenten, die bei hohen Temperaturen in anspruchsvollen Industrien eingesetzt werden.<\/p>\n<h2>GH3625-Pulverspezifikationen<\/h2>\n<p class=\"whitespace-pre-wrap\">Zu den wichtigsten Spezifikationen f\u00fcr GH3625-Pulver geh\u00f6ren:<\/p>\n<p class=\"whitespace-pre-wrap\"><strong>GH3625 Pulverstandards<\/strong><\/p>\n<table>\n<thead>\n<tr>\n<th>Standard<\/th>\n<th>Beschreibung<\/th>\n<\/tr>\n<\/thead>\n<tbody>\n<tr>\n<td>AMS 5815<\/td>\n<td>Pulverzusammensetzungen aus Nickellegierungen<\/td>\n<\/tr>\n<tr>\n<td>AMS 5408<\/td>\n<td>Draht, Stangen und St\u00e4be aus ausscheidungsh\u00e4rtenden Nickellegierungen<\/td>\n<\/tr>\n<tr>\n<td>AMS 5698<\/td>\n<td>Feingussteile aus PH-Nickellegierungen<\/td>\n<\/tr>\n<tr>\n<td>AMS 5772<\/td>\n<td>Schmiedeteile aus Nickellegierung<\/td>\n<\/tr>\n<tr>\n<td>AMS 5634<\/td>\n<td>Extrudierte Formen aus Nickellegierung<\/td>\n<\/tr>\n<\/tbody>\n<\/table>\n<p class=\"whitespace-pre-wrap\">Diese definieren:<\/p>\n<ul class=\"list-disc pl-8 space-y-2\">\n<li class=\"whitespace-normal\">Grenzwerte der chemischen Zusammensetzung von GH3625<\/li>\n<li class=\"whitespace-normal\">Erforderliche mechanische Eigenschaften bei unterschiedlichen W\u00e4rmebehandlungsbedingungen<\/li>\n<li class=\"whitespace-normal\">Bew\u00e4hrtes Verfahren zur Herstellung von Pulver - Inertgasverd\u00fcsung<\/li>\n<li class=\"whitespace-normal\">Verunreinigungsgrenzen f\u00fcr kritische Elemente<\/li>\n<li class=\"whitespace-normal\">Protokolle f\u00fcr Konformit\u00e4tspr\u00fcfungen<\/li>\n<li class=\"whitespace-normal\">Anweisungen zur ordnungsgem\u00e4\u00dfen Handhabung und Lagerung<\/li>\n<\/ul>\n<p class=\"whitespace-pre-wrap\">Die Erf\u00fcllung dieser Zertifizierungsanforderungen gew\u00e4hrleistet eine optimale Leistung.<\/p>\n<h2>GH3625 Pulver Partikelgr\u00f6\u00dfen<\/h2>\n<p class=\"whitespace-pre-wrap\"><strong>GH3625 Partikelgr\u00f6\u00dfenverteilung des Pulvers<\/strong><\/p>\n<table>\n<thead>\n<tr>\n<th>Partikelgr\u00f6\u00dfe<\/th>\n<th>Merkmale<\/th>\n<\/tr>\n<\/thead>\n<tbody>\n<tr>\n<td>15-25 Mikrometer<\/td>\n<td>Ultrafeines Pulver f\u00fcr Laser-AM-Prozesse<\/td>\n<\/tr>\n<tr>\n<td>25-45 Mikrometer<\/td>\n<td>Gr\u00f6\u00dfenbereich f\u00fcr die meisten Pulverbett-AM-Systeme<\/td>\n<\/tr>\n<tr>\n<td>45-75 Mikrometer<\/td>\n<td>Gr\u00f6\u00dfere Formate f\u00fcr das Laserstrahl-Auftragschwei\u00dfen<\/td>\n<\/tr>\n<\/tbody>\n<\/table>\n<ul class=\"list-disc pl-8 space-y-2\">\n<li class=\"whitespace-normal\">Feineres Pulver sorgt f\u00fcr h\u00f6here Aufl\u00f6sung und Oberfl\u00e4cheng\u00fcte<\/li>\n<li class=\"whitespace-normal\">Gr\u00f6beres Pulver, geeignet f\u00fcr Prozesse mit hoher Abscheidungsrate<\/li>\n<li class=\"whitespace-normal\">Ma\u00dfgeschneiderte Gr\u00f6\u00dfenverteilung basierend auf der verwendeten AM-Methode<\/li>\n<li class=\"whitespace-normal\">Beibehaltung der kugelf\u00f6rmigen Morphologie in allen Gr\u00f6\u00dfen<\/li>\n<\/ul>\n<p class=\"whitespace-pre-wrap\">Die Kontrolle der Partikelgr\u00f6\u00dfenverteilung und der Morphologie ist entscheidend f\u00fcr die AM-Leistung, die Eigenschaften des Endprodukts und die Qualit\u00e4t.<\/p>\n<h2>GH3625 Scheinbare Dichte des Pulvers<\/h2>\n<p class=\"whitespace-pre-wrap\"><strong>GH3625 Scheinbare Dichte des Pulvers<\/strong><\/p>\n<table>\n<thead>\n<tr>\n<th>Scheinbare Dichte<\/th>\n<th>Einzelheiten<\/th>\n<\/tr>\n<\/thead>\n<tbody>\n<tr>\n<td>Bis zu 60% an echter Dichte<\/td>\n<td>F\u00fcr kugelf\u00f6rmige Pulvermorphologie<\/td>\n<\/tr>\n<tr>\n<td>4,5 - 5,2 g\/cc<\/td>\n<td>Verbessert sich mit h\u00f6herer Packungsdichte<\/td>\n<\/tr>\n<\/tbody>\n<\/table>\n<ul class=\"list-disc pl-8 space-y-2\">\n<li class=\"whitespace-normal\">Die sph\u00e4rische Form des Pulvers sorgt f\u00fcr eine hohe Sch\u00fcttdichte<\/li>\n<li class=\"whitespace-normal\">H\u00f6here Dichte verbessert den Pulverfluss und die Packung im AM-Bett<\/li>\n<li class=\"whitespace-normal\">Reduziert die Porosit\u00e4t des eingeschlossenen Gases im fertigen Teil<\/li>\n<li class=\"whitespace-normal\">Maximierung der Dichte minimiert die Zykluszeit der Presse<\/li>\n<\/ul>\n<p class=\"whitespace-pre-wrap\">Eine h\u00f6here Sch\u00fcttdichte f\u00fchrt zu einer besseren Fertigungsproduktivit\u00e4t und Teileleistung.<\/p>\n<h2>GH3625 Verfahren zur Herstellung von Pulvern<\/h2>\n<p class=\"whitespace-pre-wrap\"><strong>GH3625 Pulverherstellung<\/strong><\/p>\n<table>\n<thead>\n<tr>\n<th>Methode<\/th>\n<th>Einzelheiten<\/th>\n<\/tr>\n<\/thead>\n<tbody>\n<tr>\n<td>Gaszerst\u00e4ubung<\/td>\n<td>Hochdruck-Inertgas bricht den geschmolzenen Metallstrom in feine Tr\u00f6pfchen auf<\/td>\n<\/tr>\n<tr>\n<td>Vakuum-Induktionsschmelzen<\/td>\n<td>Hochreine Ausgangsmaterialien, die unter Vakuum geschmolzen werden<\/td>\n<\/tr>\n<tr>\n<td>Mehrfaches Umschmelzen<\/td>\n<td>Verbessert die chemische Homogenit\u00e4t<\/td>\n<\/tr>\n<tr>\n<td>Siebung<\/td>\n<td>Klassifizierung von Pulver in verschiedene Korngr\u00f6\u00dfenfraktionen<\/td>\n<\/tr>\n<\/tbody>\n<\/table>\n<ul class=\"list-disc pl-8 space-y-2\">\n<li class=\"whitespace-normal\">Durch die Gaszerst\u00e4ubung mit Inertgas entsteht sauberes kugelf\u00f6rmiges Pulver<\/li>\n<li class=\"whitespace-normal\">Die Vakuumverarbeitung minimiert gasf\u00f6rmige Verunreinigungen<\/li>\n<li class=\"whitespace-normal\">Mehrfaches Umschmelzen verbessert die Einheitlichkeit der Zusammensetzung<\/li>\n<li class=\"whitespace-normal\">Nachbearbeitung erm\u00f6glicht Kontrolle der Partikelgr\u00f6\u00dfenverteilung<\/li>\n<\/ul>\n<p class=\"whitespace-pre-wrap\">Automatisierte Verfahren in Verbindung mit einer strengen Qualit\u00e4tskontrolle f\u00fchren zu einem konsistenten GH3625-Pulver, das f\u00fcr kritische Anwendungen geeignet ist.<\/p>\n<h2>GH3625 Pulverpreise<\/h2>\n<p class=\"whitespace-pre-wrap\"><strong>GH3625 Pulverpreise<\/strong><\/p>\n<table>\n<thead>\n<tr>\n<th>Faktor<\/th>\n<th>Auswirkungen auf den Preis<\/th>\n<\/tr>\n<\/thead>\n<tbody>\n<tr>\n<td>Pulverqualit\u00e4t<\/td>\n<td>H\u00f6here Reinheit erh\u00f6ht die Kosten<\/td>\n<\/tr>\n<tr>\n<td>Partikelgr\u00f6\u00dfe<\/td>\n<td>Ultrafeines Pulver ist teurer<\/td>\n<\/tr>\n<tr>\n<td>Bestellmenge<\/td>\n<td>Der Preis sinkt bei gr\u00f6\u00dferen Mengen<\/td>\n<\/tr>\n<tr>\n<td>Produktionsverfahren<\/td>\n<td>Mehrere Umschmelzvorg\u00e4nge erh\u00f6hen die Kosten<\/td>\n<\/tr>\n<tr>\n<td>Verpackung<\/td>\n<td>Eine Sonderverpackung erh\u00f6ht die Kosten<\/td>\n<\/tr>\n<\/tbody>\n<\/table>\n<p class=\"whitespace-pre-wrap\"><strong>Vorl\u00e4ufige Preisgestaltung<\/strong><\/p>\n<ul class=\"list-disc pl-8 space-y-2\">\n<li class=\"whitespace-normal\">GH3625 Pulver: $100-150 pro kg<\/li>\n<li class=\"whitespace-normal\">Die Preise f\u00fcr gro\u00dfe Mengen k\u00f6nnen um 30%+ niedriger sein<\/li>\n<\/ul>\n<p class=\"whitespace-pre-wrap\">Die Preise h\u00e4ngen von der Reinheit, der Partikelgr\u00f6\u00dfe, der Produktionsmethode, dem Bestellvolumen sowie den Verpackungs- und Lieferanforderungen ab.<\/p>\n<h2>GH3625 Pulver Lieferanten<\/h2>\n<p class=\"whitespace-pre-wrap\"><strong>GH3625 Pulver Lieferanten<\/strong><\/p>\n<table>\n<thead>\n<tr>\n<th>Unternehmen<\/th>\n<th>Standort<\/th>\n<\/tr>\n<\/thead>\n<tbody>\n<tr>\n<td>Sandvik Fischadler<\/td>\n<td>UK<\/td>\n<\/tr>\n<tr>\n<td>Zimmerer-Zusatzstoff<\/td>\n<td>USA<\/td>\n<\/tr>\n<tr>\n<td>Erasteel<\/td>\n<td>Schweden<\/td>\n<\/tr>\n<tr>\n<td>Aubert &amp; Duval<\/td>\n<td>Frankreich<\/td>\n<\/tr>\n<tr>\n<td>cn.koowe.powder<\/td>\n<td>China<\/td>\n<\/tr>\n<tr>\n<td>Shanghai STAL Pr\u00e4zision<\/td>\n<td>China<\/td>\n<\/tr>\n<\/tbody>\n<\/table>\n<p class=\"whitespace-pre-wrap\">Auswahlfaktoren f\u00fcr Lieferanten:<\/p>\n<ul class=\"list-disc pl-8 space-y-2\">\n<li class=\"whitespace-normal\">Produzierte Pulverqualit\u00e4ten und angebotene Partikelgr\u00f6\u00dfen<\/li>\n<li class=\"whitespace-normal\">Produktionskapazit\u00e4t und Vorlaufzeiten<\/li>\n<li class=\"whitespace-normal\">Qualit\u00e4tskontrolle, Konsistenz und Compliance<\/li>\n<li class=\"whitespace-normal\">Technische Kompetenz und Kundenbetreuung<\/li>\n<li class=\"whitespace-normal\">Preisstufen basierend auf Bestellvolumen<\/li>\n<li class=\"whitespace-normal\">Erfahrung in der Betreuung der Zielbranche<\/li>\n<\/ul>\n<h2>GH3625 Handhabung und Lagerung von Pulvern<\/h2>\n<p class=\"whitespace-pre-wrap\"><strong>GH3625 Pulverbehandlung<\/strong><\/p>\n<table>\n<thead>\n<tr>\n<th>Empfehlung<\/th>\n<th>Grund<\/th>\n<\/tr>\n<\/thead>\n<tbody>\n<tr>\n<td>Richtige Bel\u00fcftung sicherstellen<\/td>\n<td>Vermeiden Sie den Kontakt mit feinen Metallpartikeln<\/td>\n<\/tr>\n<tr>\n<td>Geeignete PSA verwenden<\/td>\n<td>Verhindern Sie versehentliches Einatmen oder Verschlucken<\/td>\n<\/tr>\n<tr>\n<td>Befolgen Sie sichere Protokolle<\/td>\n<td>Verringerung von Gesundheits- und Brandgefahren<\/td>\n<\/tr>\n<tr>\n<td>Versiegelte Beh\u00e4lter aufbewahren<\/td>\n<td>Verhinderung von Verschmutzung oder Oxidation<\/td>\n<\/tr>\n<\/tbody>\n<\/table>\n<p class=\"whitespace-pre-wrap\">GH3625-Pulver ist relativ stabil, aber es werden dennoch allgemeine Vorsichtsma\u00dfnahmen f\u00fcr die sichere Handhabung und die Erhaltung der Reinheit empfohlen.<\/p>\n<p class=\"whitespace-pre-wrap\"><strong>Empfehlungen zur Lagerung<\/strong><\/p>\n<ul class=\"list-disc pl-8 space-y-2\">\n<li class=\"whitespace-normal\">In stabilen Beh\u00e4ltern an einem trockenen, k\u00fchlen Ort aufbewahren<\/li>\n<li class=\"whitespace-normal\">Begrenzen Sie die Einwirkung von Feuchtigkeit, die die Eigenschaften beeintr\u00e4chtigen kann<\/li>\n<li class=\"whitespace-normal\">Halten Sie die Temperaturen unter 30 \u00b0C<\/li>\n<\/ul>\n<p class=\"whitespace-pre-wrap\">Richtige Vorsichtsma\u00dfnahmen bewahren den Zustand des Pulvers und verhindern Sicherheitsprobleme.<\/p>\n<h2>GH3625 Inspektion und Pr\u00fcfung von Pulvern<\/h2>\n<p class=\"whitespace-pre-wrap\"><strong>GH3625 Pulverpr\u00fcfung<\/strong><\/p>\n<table>\n<thead>\n<tr>\n<th>Test<\/th>\n<th>Einzelheiten<\/th>\n<\/tr>\n<\/thead>\n<tbody>\n<tr>\n<td>Chemische Analyse<\/td>\n<td>OES- oder RFA-Spektroskopie zur \u00dcberpr\u00fcfung der Zusammensetzung<\/td>\n<\/tr>\n<tr>\n<td>Partikelgr\u00f6\u00dfenverteilung<\/td>\n<td>Laserbeugungsanalyse<\/td>\n<\/tr>\n<tr>\n<td>Scheinbare Dichte<\/td>\n<td>Gemessen gem\u00e4\u00df ASTM B212-Standard<\/td>\n<\/tr>\n<tr>\n<td>Morphologie des Pulvers<\/td>\n<td>SEM-Bildgebung der Partikelform<\/td>\n<\/tr>\n<tr>\n<td>Analyse der Durchflussmenge<\/td>\n<td>Schwerkraftdurchsatz durch die angegebene D\u00fcse<\/td>\n<\/tr>\n<tr>\n<td>Messung der Luftfeuchtigkeit<\/td>\n<td>Trocknungsverlustanalyse<\/td>\n<\/tr>\n<\/tbody>\n<\/table>\n<p class=\"whitespace-pre-wrap\">Durch Tests wird sichergestellt, dass das Pulver die erforderliche chemische Reinheit, Partikeleigenschaften, Dichtespezifikationen, Morphologie und Flie\u00dff\u00e4higkeit gem\u00e4\u00df den relevanten Standards erf\u00fcllt.<\/p>\n<h2>GH3625 Pulver Vor- und Nachteile<\/h2>\n<p class=\"whitespace-pre-wrap\"><strong>Vorteile von GH3625-Pulver<\/strong><\/p>\n<ul class=\"list-disc pl-8 space-y-2\">\n<li class=\"whitespace-normal\">Au\u00dfergew\u00f6hnliche Hochtemperaturfestigkeit und Kriechfestigkeit<\/li>\n<li class=\"whitespace-normal\">Beh\u00e4lt seine Festigkeit und H\u00e4rte bis zu 1100\u00b0C<\/li>\n<li class=\"whitespace-normal\">Ausgezeichnete Korrosionsbest\u00e4ndigkeit in verschiedenen Umgebungen<\/li>\n<li class=\"whitespace-normal\">Gute Erm\u00fcdungsfestigkeit und Bruchz\u00e4higkeit<\/li>\n<li class=\"whitespace-normal\">Hohe H\u00e4rte kombiniert mit angemessener Duktilit\u00e4t<\/li>\n<li class=\"whitespace-normal\">Weniger dicht als Nickel-Superlegierungen<\/li>\n<\/ul>\n<p class=\"whitespace-pre-wrap\"><strong>Einschr\u00e4nkungen des GH3625-Pulvers<\/strong><\/p>\n<ul class=\"list-disc pl-8 space-y-2\">\n<li class=\"whitespace-normal\">Teurer als Edelstahlpulver<\/li>\n<li class=\"whitespace-normal\">Erfordert eine kontrollierte W\u00e4rmebehandlung f\u00fcr optimale Eigenschaften<\/li>\n<li class=\"whitespace-normal\">Geringere Verschlei\u00dffestigkeit als Kobaltlegierungen<\/li>\n<li class=\"whitespace-normal\">Nach dem Sintern schwierig zu bearbeiten<\/li>\n<li class=\"whitespace-normal\">Begrenzte Kaltstauch- und Umformf\u00e4higkeit<\/li>\n<li class=\"whitespace-normal\">In stark oxidierenden S\u00e4uren kann es zu Lochfra\u00df kommen<\/li>\n<\/ul>\n<h2>Vergleich mit Inconel 718-Pulver<\/h2>\n<p class=\"whitespace-pre-wrap\"><strong>GH3625 vs. Inconel 718-Pulver<\/strong><\/p>\n<table>\n<thead>\n<tr>\n<th>Parameter<\/th>\n<th>GH3625<\/th>\n<th>Inconel 718<\/th>\n<\/tr>\n<\/thead>\n<tbody>\n<tr>\n<td>Dichte<\/td>\n<td>8,2 g\/cc<\/td>\n<td>8,2 g\/cc<\/td>\n<\/tr>\n<tr>\n<td>St\u00e4rke<\/td>\n<td>H\u00f6her<\/td>\n<td>Unter<\/td>\n<\/tr>\n<tr>\n<td>Korrosionsbest\u00e4ndigkeit<\/td>\n<td>Ausgezeichnet<\/td>\n<td>Hervorragend<\/td>\n<\/tr>\n<tr>\n<td>Kosten<\/td>\n<td>M\u00e4\u00dfig<\/td>\n<td>Sehr hoch<\/td>\n<\/tr>\n<tr>\n<td>Verwendet<\/td>\n<td>\u00d6l und Gas, chemische Verarbeitung<\/td>\n<td>Luft- und Raumfahrt, Nuklear<\/td>\n<\/tr>\n<\/tbody>\n<\/table>\n<ul class=\"list-disc pl-8 space-y-2\">\n<li class=\"whitespace-normal\">GH3625 bietet eine h\u00f6here Zugfestigkeit<\/li>\n<li class=\"whitespace-normal\">Inconel 718 bietet insgesamt eine bessere Korrosionsbest\u00e4ndigkeit<\/li>\n<li class=\"whitespace-normal\">GH3625 ist kosteng\u00fcnstiger<\/li>\n<li class=\"whitespace-normal\">F\u00fcr extreme Umgebungen wird Inconel 718 bevorzugt<\/li>\n<li class=\"whitespace-normal\">GH3625 bietet ein optimales Verh\u00e4ltnis zwischen St\u00e4rke und Kosten<\/li>\n<\/ul>\n<h2>GH3625 Pulver FAQs<\/h2>\n<p class=\"whitespace-pre-wrap\"><strong>F: Was sind die Hauptanwendungen von GH3625-Nickellegierungspulver?<\/strong><\/p>\n<p class=\"whitespace-pre-wrap\">A: Zu den Hauptanwendungen geh\u00f6ren Turbinenkomponenten f\u00fcr die Luft- und Raumfahrt, \u00d6l- und Gasbohrlochventile und Bohrlochwerkzeuge, Teile f\u00fcr die Energieerzeugung, chemische Verarbeitungsanlagen und andere Hochtemperaturkomponenten, die Festigkeit und Korrosionsbest\u00e4ndigkeit erfordern.<\/p>\n<p class=\"whitespace-pre-wrap\"><strong>F: Warum wird GH3625 bei Hochtemperaturanwendungen gegen\u00fcber Edelstahlpulvern bevorzugt?<\/strong><\/p>\n<p class=\"whitespace-pre-wrap\">A: GH3625 weist im Vergleich zu nichtrostenden St\u00e4hlen bei Temperaturen von \u00fcber 650\u00b0C eine deutlich h\u00f6here Festigkeit auf. Au\u00dferdem bietet es eine ausgezeichnete Korrosionsbest\u00e4ndigkeit in hei\u00dfen, korrosiven Umgebungen.<\/p>\n<p class=\"whitespace-pre-wrap\"><strong>F: Welche Vorsichtsma\u00dfnahmen sind bei der Arbeit mit GH3625-Pulver zu treffen?<\/strong><\/p>\n<p class=\"whitespace-pre-wrap\">A: Zu den empfohlenen Vorsichtsma\u00dfnahmen geh\u00f6ren Bel\u00fcftung, geeignete PSA, die Vermeidung von Z\u00fcndquellen, die Einhaltung sicherer Handhabungsprotokolle und die Lagerung versiegelter Beh\u00e4lter vor Feuchtigkeit, Luft und Kontamination.<\/p>\n<p class=\"whitespace-pre-wrap\"><strong>F: Welchen Einfluss hat Aluminium auf die Eigenschaften der Legierung GH3625?<\/strong><\/p>\n<p class=\"whitespace-pre-wrap\">A: Aluminium verst\u00e4rkt die Ausscheidungsh\u00e4rtung durch die Bildung von Nickel-Aluminium-Ausscheidungen w\u00e4hrend der Alterungsbehandlung. Dies f\u00fchrt zu einer erheblichen Verst\u00e4rkung bei gleichzeitiger Aufrechterhaltung einer angemessenen Duktilit\u00e4t.<\/p>","protected":false},"excerpt":{"rendered":"<p>GH3625-Pulver ist eine aush\u00e4rtbare Nickel-Eisen-Basislegierung mit 25% Chrom und Zus\u00e4tzen von Molybd\u00e4n und Aluminium. Sie bietet eine au\u00dfergew\u00f6hnliche Kombination aus hoher Festigkeit, H\u00e4rte, Korrosionsbest\u00e4ndigkeit und Oxidationsbest\u00e4ndigkeit bei erh\u00f6hten Temperaturen.<\/p>","protected":false},"featured_media":2048,"comment_status":"open","ping_status":"closed","template":"","meta":[],"product_brand":[],"product_cat":[31,33],"product_tag":[],"class_list":{"0":"post-1715","1":"product","2":"type-product","3":"status-publish","4":"has-post-thumbnail","6":"product_cat-3d-printing-metal-powder","7":"product_cat-high-temperature-alloy-powder","9":"first","10":"instock","11":"shipping-taxable","12":"product-type-simple"},"_links":{"self":[{"href":"https:\/\/met3dp.sg\/de\/wp-json\/wp\/v2\/product\/1715","targetHints":{"allow":["GET"]}}],"collection":[{"href":"https:\/\/met3dp.sg\/de\/wp-json\/wp\/v2\/product"}],"about":[{"href":"https:\/\/met3dp.sg\/de\/wp-json\/wp\/v2\/types\/product"}],"replies":[{"embeddable":true,"href":"https:\/\/met3dp.sg\/de\/wp-json\/wp\/v2\/comments?post=1715"}],"wp:featuredmedia":[{"embeddable":true,"href":"https:\/\/met3dp.sg\/de\/wp-json\/wp\/v2\/media\/2048"}],"wp:attachment":[{"href":"https:\/\/met3dp.sg\/de\/wp-json\/wp\/v2\/media?parent=1715"}],"wp:term":[{"taxonomy":"product_brand","embeddable":true,"href":"https:\/\/met3dp.sg\/de\/wp-json\/wp\/v2\/product_brand?post=1715"},{"taxonomy":"product_cat","embeddable":true,"href":"https:\/\/met3dp.sg\/de\/wp-json\/wp\/v2\/product_cat?post=1715"},{"taxonomy":"product_tag","embeddable":true,"href":"https:\/\/met3dp.sg\/de\/wp-json\/wp\/v2\/product_tag?post=1715"}],"curies":[{"name":"wp","href":"https:\/\/api.w.org\/{rel}","templated":true}]}}