{"id":1714,"date":"2023-09-21T01:44:24","date_gmt":"2023-09-21T01:44:24","guid":{"rendered":"https:\/\/site3.easyceotech.com\/?post_type=product&#038;p=1714"},"modified":"2023-10-18T07:50:47","modified_gmt":"2023-10-18T07:50:47","slug":"high-temperature-alloy-series","status":"publish","type":"product","link":"https:\/\/met3dp.sg\/de\/product\/high-temperature-alloy-series\/","title":{"rendered":"Serie von Hochtemperaturlegierungen"},"content":{"rendered":"<div style=\"overflow-x: auto;\">\n<table>\n<tbody>\n<tr>\n<td data-sheets-value=\"{&quot;1&quot;:2,&quot;2&quot;:&quot;Product&quot;}\">Produkt<\/td>\n<td data-sheets-value=\"{&quot;1&quot;:2,&quot;2&quot;:&quot;Specification&quot;}\">Spezifikation<\/td>\n<td data-sheets-value=\"{&quot;1&quot;:2,&quot;2&quot;:&quot;Apparent Density&quot;}\">Scheinbare Dichte<\/td>\n<td data-sheets-value=\"{&quot;1&quot;:2,&quot;2&quot;:&quot;Flow Ability&quot;}\">Flow-F\u00e4higkeit<\/td>\n<td data-sheets-value=\"{&quot;1&quot;:2,&quot;2&quot;:&quot;Oxygen Content&quot;}\">Sauerstoffgehalt<\/td>\n<td data-sheets-value=\"{&quot;1&quot;:2,&quot;2&quot;:&quot;Tensile Strength&quot;}\">Zugfestigkeit<\/td>\n<td data-sheets-value=\"{&quot;1&quot;:2,&quot;2&quot;:&quot;Yield Strength&quot;}\">Streckgrenze<\/td>\n<td data-sheets-value=\"{&quot;1&quot;:2,&quot;2&quot;:&quot;Elongation&quot;}\">Dehnung<\/td>\n<\/tr>\n<tr>\n<td data-sheets-value=\"{&quot;1&quot;:2,&quot;2&quot;:&quot;GH3625&quot;}\">GH3625<\/td>\n<td colspan=\"1\" rowspan=\"4\" data-sheets-value=\"{&quot;1&quot;:2,&quot;2&quot;:&quot;15-53\u00b5m\\n45-105\u00b5m\\n75-150\u00b5m&quot;}\">\n<div>15-53\u00b5m<br \/>\n45-105\u00b5m<br \/>\n75-150\u00b5m<\/div>\n<\/td>\n<td data-sheets-value=\"{&quot;1&quot;:2,&quot;2&quot;:&quot;\u22654.40g\/cm\u00b3&quot;}\">\u22654,40g\/cm\u00b3<\/td>\n<td data-sheets-value=\"{&quot;1&quot;:2,&quot;2&quot;:&quot;\u226420s\/50g&quot;}\">\u226420s\/50g<\/td>\n<td data-sheets-value=\"{&quot;1&quot;:2,&quot;2&quot;:&quot;\u2264300ppm&quot;}\">\u2264300ppm<\/td>\n<td data-sheets-value=\"{&quot;1&quot;:2,&quot;2&quot;:&quot;1000\u00b150Mpa &quot;}\">1000\u00b150Mpa<\/td>\n<td data-sheets-value=\"{&quot;1&quot;:2,&quot;2&quot;:&quot;600\u00b150Mpa &quot;}\">600\u00b150Mpa<\/td>\n<td data-sheets-value=\"{&quot;1&quot;:2,&quot;2&quot;:&quot;35\u00b15%&quot;}\">35\u00b15%<\/td>\n<\/tr>\n<tr>\n<td data-sheets-value=\"{&quot;1&quot;:2,&quot;2&quot;:&quot;GH4169&quot;}\">GH4169<\/td>\n<td data-sheets-value=\"{&quot;1&quot;:2,&quot;2&quot;:&quot;\u22654.20g\/cm\u00b3&quot;}\">\u22654,20g\/cm\u00b3<\/td>\n<td data-sheets-value=\"{&quot;1&quot;:2,&quot;2&quot;:&quot;\u226420s\/50g&quot;}\">\u226420s\/50g<\/td>\n<td data-sheets-value=\"{&quot;1&quot;:2,&quot;2&quot;:&quot;\u2264300ppm&quot;}\">\u2264300ppm<\/td>\n<td data-sheets-value=\"{&quot;1&quot;:2,&quot;2&quot;:&quot;1250\u00b130Mpa &quot;}\">1250\u00b130Mpa<\/td>\n<td data-sheets-value=\"{&quot;1&quot;:2,&quot;2&quot;:&quot;1000\u00b130Mpa &quot;}\">1000\u00b130Mpa<\/td>\n<td data-sheets-value=\"{&quot;1&quot;:2,&quot;2&quot;:&quot;18\u00b13%&quot;}\">18\u00b13%<\/td>\n<\/tr>\n<tr>\n<td data-sheets-value=\"{&quot;1&quot;:2,&quot;2&quot;:&quot;GH3230&quot;}\">GH3230<\/td>\n<td data-sheets-value=\"{&quot;1&quot;:2,&quot;2&quot;:&quot;\u22654.40g\/cm\u00b3&quot;}\">\u22654,40g\/cm\u00b3<\/td>\n<td data-sheets-value=\"{&quot;1&quot;:2,&quot;2&quot;:&quot;\u226420s\/50g&quot;}\">\u226420s\/50g<\/td>\n<td data-sheets-value=\"{&quot;1&quot;:2,&quot;2&quot;:&quot;\u2264300ppm&quot;}\">\u2264300ppm<\/td>\n<td data-sheets-value=\"{&quot;1&quot;:2,&quot;2&quot;:&quot;930\u00b130Mpa &quot;}\">930\u00b130Mpa<\/td>\n<td data-sheets-value=\"{&quot;1&quot;:2,&quot;2&quot;:&quot;930\u00b130Mpa &quot;}\">930\u00b130Mpa<\/td>\n<td data-sheets-value=\"{&quot;1&quot;:2,&quot;2&quot;:&quot;25\u00b15%&quot;}\">25\u00b15%<\/td>\n<\/tr>\n<tr>\n<td data-sheets-value=\"{&quot;1&quot;:2,&quot;2&quot;:&quot;GH3536&quot;}\">GH3536<\/td>\n<td data-sheets-value=\"{&quot;1&quot;:2,&quot;2&quot;:&quot;\u22654.40g\/cm\u00b3&quot;}\">\u22654,40g\/cm\u00b3<\/td>\n<td data-sheets-value=\"{&quot;1&quot;:2,&quot;2&quot;:&quot;\u226420s\/50g&quot;}\">\u226420s\/50g<\/td>\n<td data-sheets-value=\"{&quot;1&quot;:2,&quot;2&quot;:&quot;\u2264300ppm&quot;}\">\u2264300ppm<\/td>\n<td data-sheets-value=\"{&quot;1&quot;:2,&quot;2&quot;:&quot;850\u00b130Mpa &quot;}\">850\u00b130Mpa<\/td>\n<td data-sheets-value=\"{&quot;1&quot;:2,&quot;2&quot;:&quot;550\u00b120Mpa &quot;}\">550\u00b120Mpa<\/td>\n<td data-sheets-value=\"{&quot;1&quot;:2,&quot;2&quot;:&quot;42\u00b15%&quot;}\">42\u00b15%<\/td>\n<\/tr>\n<\/tbody>\n<\/table>\n<\/div>\n<p><img fetchpriority=\"high\" decoding=\"async\" class=\"size-medium wp-image-1409 aligncenter\" src=\"https:\/\/met3dp.sg\/wp-content\/uploads\/2023\/09\/ed7a94ec-3c10-4b1b-87ed--300x300.jpg\" alt=\"Serie von Hochtemperaturlegierungen\" width=\"300\" height=\"300\" title=\"\" srcset=\"https:\/\/met3dp.sg\/wp-content\/uploads\/2023\/09\/ed7a94ec-3c10-4b1b-87ed--300x300.jpg 300w, https:\/\/met3dp.sg\/wp-content\/uploads\/2023\/09\/ed7a94ec-3c10-4b1b-87ed--100x100.jpg 100w, https:\/\/met3dp.sg\/wp-content\/uploads\/2023\/09\/ed7a94ec-3c10-4b1b-87ed--150x150.jpg 150w, https:\/\/met3dp.sg\/wp-content\/uploads\/2023\/09\/ed7a94ec-3c10-4b1b-87ed-.jpg 600w\" sizes=\"(max-width: 300px) 100vw, 300px\" \/><\/p>\n<p><strong>Prozess<\/strong>: Vakuum-Luftzerst\u00e4ubungsmethode<\/p>\n<p><strong>Vorteile<\/strong>Hohe Sph\u00e4rizit\u00e4t, kleines Satellitenpulver, gute Flie\u00dff\u00e4higkeit und hohe Sch\u00fcttdichte. Das gedruckte Produkt hat eine gute Erm\u00fcdungsfestigkeit, Anti-Oxidationsleistung und strukturelle Stabilit\u00e4t<\/p>\n<p><strong>Anwendungen<\/strong>Turbinenscheiben, Ringe, Schaufeln, Maschinen- und andere Strukturen f\u00fcr die Luft- und Raumfahrt sowie f\u00fcr Industrieturbinen, Brennkammern f\u00fcr Luft- und Raumfahrtmotoren<\/p>\n<p><strong>Verpackung<\/strong>Gew\u00f6hnliche Verpackungen wie Alufolienbeutel\/Plastikflaschen\/Eisenf\u00e4sser, Vakuumverpackungen oder mit Inertgas gef\u00fcllte Verpackungen, usw.<\/p>\n<div id=\"gtx-trans\" style=\"position: absolute; left: -47px; top: 337px;\">\n<div class=\"gtx-trans-icon\"><\/div>\n<\/div>","protected":false},"excerpt":{"rendered":"<p>Pulver aus Hochtemperaturlegierungen sind f\u00fcr den Einsatz in extremen Hochtemperaturumgebungen konzipiert und bieten hervorragende Leistung und hitzebest\u00e4ndige Eigenschaften. Lassen Sie uns diese Produktreihe erkunden und ihr Potenzial f\u00fcr Hochtemperaturanwendungen verstehen.<\/p>","protected":false},"featured_media":2054,"comment_status":"open","ping_status":"closed","template":"","meta":[],"product_brand":[],"product_cat":[31,33],"product_tag":[],"class_list":{"0":"post-1714","1":"product","2":"type-product","3":"status-publish","4":"has-post-thumbnail","6":"product_cat-3d-printing-metal-powder","7":"product_cat-high-temperature-alloy-powder","9":"first","10":"instock","11":"shipping-taxable","12":"product-type-simple"},"_links":{"self":[{"href":"https:\/\/met3dp.sg\/de\/wp-json\/wp\/v2\/product\/1714","targetHints":{"allow":["GET"]}}],"collection":[{"href":"https:\/\/met3dp.sg\/de\/wp-json\/wp\/v2\/product"}],"about":[{"href":"https:\/\/met3dp.sg\/de\/wp-json\/wp\/v2\/types\/product"}],"replies":[{"embeddable":true,"href":"https:\/\/met3dp.sg\/de\/wp-json\/wp\/v2\/comments?post=1714"}],"wp:featuredmedia":[{"embeddable":true,"href":"https:\/\/met3dp.sg\/de\/wp-json\/wp\/v2\/media\/2054"}],"wp:attachment":[{"href":"https:\/\/met3dp.sg\/de\/wp-json\/wp\/v2\/media?parent=1714"}],"wp:term":[{"taxonomy":"product_brand","embeddable":true,"href":"https:\/\/met3dp.sg\/de\/wp-json\/wp\/v2\/product_brand?post=1714"},{"taxonomy":"product_cat","embeddable":true,"href":"https:\/\/met3dp.sg\/de\/wp-json\/wp\/v2\/product_cat?post=1714"},{"taxonomy":"product_tag","embeddable":true,"href":"https:\/\/met3dp.sg\/de\/wp-json\/wp\/v2\/product_tag?post=1714"}],"curies":[{"name":"wp","href":"https:\/\/api.w.org\/{rel}","templated":true}]}}