{"id":1713,"date":"2023-09-21T01:29:41","date_gmt":"2023-09-21T01:29:41","guid":{"rendered":"https:\/\/site3.easyceotech.com\/?post_type=product&#038;p=1713"},"modified":"2023-10-18T07:50:57","modified_gmt":"2023-10-18T07:50:57","slug":"pure-aluminum-powder","status":"publish","type":"product","link":"https:\/\/met3dp.sg\/de\/product\/pure-aluminum-powder\/","title":{"rendered":"Reines Aluminiumpulver"},"content":{"rendered":"<h2>\u00dcberblick \u00fcber Reinaluminiumpulver<\/h2>\n<p class=\"whitespace-pre-wrap\">Reines Aluminiumpulver enth\u00e4lt 99% oder mehr Aluminiumgehalt. Es bietet eine geringe Dichte bei gleichzeitig guter Duktilit\u00e4t, Leitf\u00e4higkeit und Korrosionsbest\u00e4ndigkeit.<\/p>\n<p class=\"whitespace-pre-wrap\">Zu den wichtigsten Eigenschaften und Vorteilen von reinem Aluminiumpulver geh\u00f6ren:<\/p>\n<p class=\"whitespace-pre-wrap\"><strong>Eigenschaften und Eigenschaften von reinem Aluminiumpulver<\/strong><\/p>\n<table>\n<thead>\n<tr>\n<th>Eigenschaften<\/th>\n<th>Einzelheiten<\/th>\n<\/tr>\n<\/thead>\n<tbody>\n<tr>\n<td>Zusammensetzung<\/td>\n<td>99% oder h\u00f6herer Al-Gehalt<\/td>\n<\/tr>\n<tr>\n<td>Dichte<\/td>\n<td>2,7 g\/cc<\/td>\n<\/tr>\n<tr>\n<td>Partikelform<\/td>\n<td>kugelf\u00f6rmig, unregelm\u00e4\u00dfig<\/td>\n<\/tr>\n<tr>\n<td>Gr\u00f6\u00dfenbereich<\/td>\n<td>1-150 Mikrometer<\/td>\n<\/tr>\n<tr>\n<td>Scheinbare Dichte<\/td>\n<td>Bis zu 50% wahre Dichte<\/td>\n<\/tr>\n<tr>\n<td>Leitf\u00e4higkeit<\/td>\n<td>Hervorragende elektrische und thermische Leitf\u00e4higkeit<\/td>\n<\/tr>\n<tr>\n<td>Korrosionsbest\u00e4ndigkeit<\/td>\n<td>Gut durch sch\u00fctzende Oxidschicht<\/td>\n<\/tr>\n<\/tbody>\n<\/table>\n<p class=\"whitespace-pre-wrap\">Reines Aluminiumpulver eignet sich f\u00fcr Anwendungen wie Thermitschwei\u00dfen, Diamantwerkzeuge, leitf\u00e4hige Beschichtungen, Pyrotechnik und Metallspritzguss.<\/p>\n<h2>Zusammensetzung aus reinem Aluminiumpulver<\/h2>\n<p class=\"whitespace-pre-wrap\">Typische Zusammensetzung von reinem Aluminiumpulver:<\/p>\n<p class=\"whitespace-pre-wrap\"><strong>Zusammensetzung aus reinem Aluminiumpulver<\/strong><\/p>\n<table>\n<thead>\n<tr>\n<th>Element<\/th>\n<th>Gewicht %<\/th>\n<\/tr>\n<\/thead>\n<tbody>\n<tr>\n<td>Aluminium (Al)<\/td>\n<td>99% min<\/td>\n<\/tr>\n<tr>\n<td>Silizium (Si)<\/td>\n<td>0,5% max<\/td>\n<\/tr>\n<tr>\n<td>Eisen (Fe)<\/td>\n<td>0,5% max<\/td>\n<\/tr>\n<tr>\n<td>Kupfer (Cu)<\/td>\n<td>0,05% max<\/td>\n<\/tr>\n<tr>\n<td>Mangan (Mn)<\/td>\n<td>0,05% max<\/td>\n<\/tr>\n<tr>\n<td>Magnesium (Mg)<\/td>\n<td>0,05% max<\/td>\n<\/tr>\n<tr>\n<td>Andere Verunreinigungen<\/td>\n<td>0,05% max<\/td>\n<\/tr>\n<\/tbody>\n<\/table>\n<ul class=\"list-disc pl-8 space-y-2\">\n<li class=\"whitespace-normal\">Aluminium bietet eine geringe Dichte, Duktilit\u00e4t und Leitf\u00e4higkeit<\/li>\n<li class=\"whitespace-normal\">Der Grad der Verunreinigung anderer Elemente wird sorgf\u00e4ltig kontrolliert<\/li>\n<li class=\"whitespace-normal\">Die hohe Reinheit des Aluminiums sorgt f\u00fcr optimale elektrische und thermische Leitf\u00e4higkeit<\/li>\n<\/ul>\n<p class=\"whitespace-pre-wrap\">Der hohe Aluminiumanteil sorgt f\u00fcr eine hervorragende Leitf\u00e4higkeit bei gleichzeitig guter Korrosionsbest\u00e4ndigkeit und m\u00e4\u00dfiger Festigkeit.<\/p>\n<p><img fetchpriority=\"high\" decoding=\"async\" class=\"size-medium wp-image-1409 aligncenter\" src=\"https:\/\/met3dp.sg\/wp-content\/uploads\/2023\/09\/ed7a94ec-3c10-4b1b-87ed--300x300.jpg\" alt=\"Reines Aluminiumpulver\" width=\"300\" height=\"300\" title=\"\" srcset=\"https:\/\/met3dp.sg\/wp-content\/uploads\/2023\/09\/ed7a94ec-3c10-4b1b-87ed--300x300.jpg 300w, https:\/\/met3dp.sg\/wp-content\/uploads\/2023\/09\/ed7a94ec-3c10-4b1b-87ed--100x100.jpg 100w, https:\/\/met3dp.sg\/wp-content\/uploads\/2023\/09\/ed7a94ec-3c10-4b1b-87ed--150x150.jpg 150w, https:\/\/met3dp.sg\/wp-content\/uploads\/2023\/09\/ed7a94ec-3c10-4b1b-87ed-.jpg 600w\" sizes=\"(max-width: 300px) 100vw, 300px\" \/><\/p>\n<h2>Physikalische Eigenschaften von reinem Aluminiumpulver<\/h2>\n<p class=\"whitespace-pre-wrap\"><strong>Physikalische Eigenschaften von reinem Aluminiumpulver<\/strong><\/p>\n<table>\n<thead>\n<tr>\n<th>Eigentum<\/th>\n<th>Werte<\/th>\n<\/tr>\n<\/thead>\n<tbody>\n<tr>\n<td>Dichte<\/td>\n<td>2,7 g\/cc<\/td>\n<\/tr>\n<tr>\n<td>Schmelzpunkt<\/td>\n<td>660\u00b0C<\/td>\n<\/tr>\n<tr>\n<td>W\u00e4rmeleitf\u00e4higkeit<\/td>\n<td>237 W\/mK<\/td>\n<\/tr>\n<tr>\n<td>Elektrischer Widerstand<\/td>\n<td>2,65 \u03bc\u03a9-cm<\/td>\n<\/tr>\n<tr>\n<td>CTE<\/td>\n<td>23,1 x 10^-6 \/K<\/td>\n<\/tr>\n<tr>\n<td>Reflexionsverm\u00f6gen<\/td>\n<td>87% bei 400 nm Wellenl\u00e4nge<\/td>\n<\/tr>\n<\/tbody>\n<\/table>\n<ul class=\"list-disc pl-8 space-y-2\">\n<li class=\"whitespace-normal\">Sehr geringe Dichte im Vergleich zu den meisten Metallen<\/li>\n<li class=\"whitespace-normal\">Hohes Reflexionsverm\u00f6gen und W\u00e4rmeleitf\u00e4higkeit<\/li>\n<li class=\"whitespace-normal\">Ein niedriger elektrischer Widerstand sorgt f\u00fcr eine hohe Leitf\u00e4higkeit<\/li>\n<li class=\"whitespace-normal\">Relativ hoher WAK erfordert konstruktive \u00dcberlegungen<\/li>\n<li class=\"whitespace-normal\">Beh\u00e4lt die Festigkeit bis zu m\u00e4\u00dfig hohen Temperaturen<\/li>\n<\/ul>\n<p class=\"whitespace-pre-wrap\">Aufgrund dieser Eigenschaften eignet sich reines Aluminium f\u00fcr Leichtbauanwendungen, bei denen elektrische\/thermische Leitf\u00e4higkeit erforderlich ist.<\/p>\n<h2>Mechanische Eigenschaften von reinem Aluminiumpulver<\/h2>\n<p class=\"whitespace-pre-wrap\"><strong>Mechanische Eigenschaften von reinem Aluminiumpulver<\/strong><\/p>\n<table>\n<thead>\n<tr>\n<th>Eigentum<\/th>\n<th>Werte<\/th>\n<\/tr>\n<\/thead>\n<tbody>\n<tr>\n<td>Zugfestigkeit<\/td>\n<td>90-100 MPa<\/td>\n<\/tr>\n<tr>\n<td>Streckgrenze<\/td>\n<td>35-45 MPa<\/td>\n<\/tr>\n<tr>\n<td>Dehnung<\/td>\n<td>35-40%<\/td>\n<\/tr>\n<tr>\n<td>H\u00e4rte<\/td>\n<td>25-35 HB<\/td>\n<\/tr>\n<tr>\n<td>Erm\u00fcdungsfestigkeit<\/td>\n<td>50-90 MPa<\/td>\n<\/tr>\n<tr>\n<td>Scherfestigkeit<\/td>\n<td>60-65 MPa<\/td>\n<\/tr>\n<\/tbody>\n<\/table>\n<ul class=\"list-disc pl-8 space-y-2\">\n<li class=\"whitespace-normal\">Relativ niedrige Zug- und Streckgrenze<\/li>\n<li class=\"whitespace-normal\">Sehr hohe Dehnung sorgt f\u00fcr hervorragende Duktilit\u00e4t<\/li>\n<li class=\"whitespace-normal\">Geringe H\u00e4rte im Vergleich zu den meisten Metallen<\/li>\n<li class=\"whitespace-normal\">Hohe Dauerfestigkeit, geeignet f\u00fcr zyklische Belastung<\/li>\n<li class=\"whitespace-normal\">Eigenschaften k\u00f6nnen durch Legierungszus\u00e4tze verbessert werden<\/li>\n<\/ul>\n<p class=\"whitespace-pre-wrap\">Aufgrund dieser Eigenschaften eignet sich reines Aluminium f\u00fcr weiche, duktile Anwendungen, die Leitf\u00e4higkeit und Formbarkeit erfordern.<\/p>\n<h2>Anwendungen von reinem Aluminiumpulver<\/h2>\n<p class=\"whitespace-pre-wrap\">Zu den typischen Anwendungen von reinem Aluminiumpulver geh\u00f6ren:<\/p>\n<p class=\"whitespace-pre-wrap\"><strong>Anwendungen von reinem Aluminiumpulver<\/strong><\/p>\n<table>\n<thead>\n<tr>\n<th>Industrie<\/th>\n<th>Verwendet<\/th>\n<\/tr>\n<\/thead>\n<tbody>\n<tr>\n<td>Thermitschwei\u00dfen<\/td>\n<td>Schienenschwei\u00dfen, Metallverbindungen<\/td>\n<\/tr>\n<tr>\n<td>Additive Fertigung<\/td>\n<td>Komponenten mit geringer Festigkeit<\/td>\n<\/tr>\n<tr>\n<td>Sprengstoffe und Pyrotechnik<\/td>\n<td>Thermit-Zusammensetzungen<\/td>\n<\/tr>\n<tr>\n<td>Pulverbeschichtungen<\/td>\n<td>Leitf\u00e4hige und widerstandsf\u00e4hige Beschichtungen<\/td>\n<\/tr>\n<tr>\n<td>Diamantwerkzeuge<\/td>\n<td>Metallmatrix mit Diamantpartikeln<\/td>\n<\/tr>\n<tr>\n<td>Feuerwerk<\/td>\n<td>Treibstoff und pyrotechnische Zusammensetzungen<\/td>\n<\/tr>\n<\/tbody>\n<\/table>\n<p class=\"whitespace-pre-wrap\">Einige spezifische Produktanwendungen:<\/p>\n<ul class=\"list-disc pl-8 space-y-2\">\n<li class=\"whitespace-normal\">Thermitmischungen zum Verbinden und Schwei\u00dfen von Metallen vor Ort<\/li>\n<li class=\"whitespace-normal\">Gusslegierungen mit niedrigem Schmelzpunkt<\/li>\n<li class=\"whitespace-normal\">Elektrisch leitf\u00e4hige Beschichtungen und HF-Abschirmung<\/li>\n<li class=\"whitespace-normal\">Aluminium-Diamantwerkzeuge zum Steinschneiden<\/li>\n<li class=\"whitespace-normal\">Blitzpulver und pyrotechnische Zusammensetzungen<\/li>\n<li class=\"whitespace-normal\">Metallspritzguss von nicht strukturellen Teilen<\/li>\n<\/ul>\n<p class=\"whitespace-pre-wrap\">Aufgrund seiner Duktilit\u00e4t, Leitf\u00e4higkeit und Reaktivit\u00e4t eignet sich reines Aluminium f\u00fcr diese Nischenanwendungen.<\/p>\n<h2>Spezifikationen f\u00fcr reines Aluminiumpulver<\/h2>\n<p class=\"whitespace-pre-wrap\">Zu den wichtigsten Spezifikationen f\u00fcr reines Aluminiumpulver geh\u00f6ren:<\/p>\n<p class=\"whitespace-pre-wrap\"><strong>Spezifikationen f\u00fcr reines Aluminiumpulver<\/strong><\/p>\n<table>\n<thead>\n<tr>\n<th>Standard<\/th>\n<th>Beschreibung<\/th>\n<\/tr>\n<\/thead>\n<tbody>\n<tr>\n<td>ASTM B787<\/td>\n<td>Standard f\u00fcr reine Aluminiumpulver<\/td>\n<\/tr>\n<tr>\n<td>ASTM B859<\/td>\n<td>Spezifikationen f\u00fcr Aluminium- und Aluminiumlegierungspulver<\/td>\n<\/tr>\n<tr>\n<td>DIN 1718-1<\/td>\n<td>Bezeichnungssystem f\u00fcr Aluminium und Aluminiumlegierungen<\/td>\n<\/tr>\n<tr>\n<td>GJB320B<\/td>\n<td>Chinesischer Milit\u00e4rstandard f\u00fcr Aluminium- und Aluminiumlegierungspulver<\/td>\n<\/tr>\n<\/tbody>\n<\/table>\n<p class=\"whitespace-pre-wrap\">Diese definieren:<\/p>\n<ul class=\"list-disc pl-8 space-y-2\">\n<li class=\"whitespace-normal\">Mindestens 99%-Aluminiumgehalt<\/li>\n<li class=\"whitespace-normal\">Grenzwerte f\u00fcr Verunreinigungen wie Fe, Si<\/li>\n<li class=\"whitespace-normal\">Pulvereigenschaften wie scheinbare Dichte und Partikelgr\u00f6\u00dfenverteilung<\/li>\n<li class=\"whitespace-normal\">Bew\u00e4hrte Produktionsmethoden wie Zerst\u00e4ubung<\/li>\n<li class=\"whitespace-normal\">Probenahme- und Testprotokolle<\/li>\n<\/ul>\n<p class=\"whitespace-pre-wrap\">Die Einhaltung der Standards gew\u00e4hrleistet die Eignung f\u00fcr Anwendungen, die hochreines Aluminiumpulver erfordern.<\/p>\n<h2>Partikelgr\u00f6\u00dfen von reinem Aluminiumpulver<\/h2>\n<p class=\"whitespace-pre-wrap\"><strong>Partikelgr\u00f6\u00dfenverteilung von reinem Aluminiumpulver<\/strong><\/p>\n<table>\n<thead>\n<tr>\n<th>Gr\u00f6\u00dfe<\/th>\n<th>Merkmale<\/th>\n<\/tr>\n<\/thead>\n<tbody>\n<tr>\n<td>1-10 Mikrometer<\/td>\n<td>Ultrafeine Sorte, die in Druckpasten verwendet wird<\/td>\n<\/tr>\n<tr>\n<td>10-45 Mikrometer<\/td>\n<td>Feine Sorte, geeignet zum Beschichten und Pressen<\/td>\n<\/tr>\n<tr>\n<td>45-150 Mikrometer<\/td>\n<td>Die grobe Sorte bietet eine bessere Flie\u00dff\u00e4higkeit<\/td>\n<\/tr>\n<\/tbody>\n<\/table>\n<ul class=\"list-disc pl-8 space-y-2\">\n<li class=\"whitespace-normal\">Feinere Gr\u00f6\u00dfen sorgen f\u00fcr ein glattes Finish und eine hohe Reaktivit\u00e4t<\/li>\n<li class=\"whitespace-normal\">Gr\u00f6beres Pulver hat einen verbesserten Fluss f\u00fcr die automatisierte Verarbeitung<\/li>\n<li class=\"whitespace-normal\">Es stehen sowohl kugelf\u00f6rmige als auch unregelm\u00e4\u00dfige Partikelformen zur Verf\u00fcgung<\/li>\n<li class=\"whitespace-normal\">Die Gr\u00f6\u00dfenverteilung h\u00e4ngt von der gezielten Verwendung ab<\/li>\n<\/ul>\n<p class=\"whitespace-pre-wrap\">Durch die Kontrolle der Partikelgr\u00f6\u00dfenverteilung werden Verarbeitungsverhalten, Dichte, Reaktivit\u00e4t und Finish optimiert.<\/p>\n<h2>Scheindichte des reinen Aluminiumpulvers<\/h2>\n<p class=\"whitespace-pre-wrap\"><strong>Scheindichte des reinen Aluminiumpulvers<\/strong><\/p>\n<table>\n<thead>\n<tr>\n<th>Scheinbare Dichte<\/th>\n<th>Einzelheiten<\/th>\n<\/tr>\n<\/thead>\n<tbody>\n<tr>\n<td>Bis zu 50% wahre Dichte<\/td>\n<td>F\u00fcr Pulver mit unregelm\u00e4\u00dfiger Morphologie<\/td>\n<\/tr>\n<tr>\n<td>1,3\u20131,7 g\/cm\u00b3<\/td>\n<td>H\u00f6her f\u00fcr kugelf\u00f6rmiges Pulver<\/td>\n<\/tr>\n<\/tbody>\n<\/table>\n<ul class=\"list-disc pl-8 space-y-2\">\n<li class=\"whitespace-normal\">Die kugelf\u00f6rmige Pulverform sorgt f\u00fcr eine h\u00f6here scheinbare Dichte<\/li>\n<li class=\"whitespace-normal\">Unregelm\u00e4\u00dfige Partikel haben eine geringere Dichte von etwa 30-40%<\/li>\n<li class=\"whitespace-normal\">Eine h\u00f6here Dichte verbessert den Pulverfluss und die Verdichtbarkeit<\/li>\n<li class=\"whitespace-normal\">Mit optimiertem sph\u00e4rischem Pulver sind Werte bis zu 60% m\u00f6glich<\/li>\n<\/ul>\n<p class=\"whitespace-pre-wrap\">Eine h\u00f6here scheinbare Dichte f\u00fchrt zu einer besseren Fertigungsproduktivit\u00e4t und Teilequalit\u00e4t.<\/p>\n<h2>Herstellung von reinem Aluminiumpulver<\/h2>\n<p class=\"whitespace-pre-wrap\"><strong>Herstellung von reinem Aluminiumpulver<\/strong><\/p>\n<table>\n<thead>\n<tr>\n<th>Methode<\/th>\n<th>Einzelheiten<\/th>\n<\/tr>\n<\/thead>\n<tbody>\n<tr>\n<td>Zerst\u00e4ubung<\/td>\n<td>Ein Strom geschmolzenen Aluminiums, der in feine Tr\u00f6pfchen zerbrochen wird, die zu Pulver erstarren<\/td>\n<\/tr>\n<tr>\n<td>Kugelmahlen<\/td>\n<td>Beim mechanischen Mahlen wird grobes Pulver in feines Pulver klassiert<\/td>\n<\/tr>\n<tr>\n<td>Gl\u00fchen<\/td>\n<td>Entfernt innere Spannungen und verbessert die Kompressibilit\u00e4t des Pulvers<\/td>\n<\/tr>\n<tr>\n<td>Siebung<\/td>\n<td>Klassiert Pulver in verschiedene Gr\u00f6\u00dfenfraktionen<\/td>\n<\/tr>\n<\/tbody>\n<\/table>\n<ul class=\"list-disc pl-8 space-y-2\">\n<li class=\"whitespace-normal\">Die Zerst\u00e4ubung erm\u00f6glicht die Produktion gro\u00dfer Mengen mit kontrollierten Partikelgr\u00f6\u00dfen<\/li>\n<li class=\"whitespace-normal\">Das Mahlen erm\u00f6glicht eine kosteng\u00fcnstigere Zerkleinerung von grobem Pulver<\/li>\n<li class=\"whitespace-normal\">Durch Gl\u00fchen und Sieben werden ma\u00dfgeschneiderte Pulvergr\u00f6\u00dfen und -formen bereitgestellt<\/li>\n<\/ul>\n<p class=\"whitespace-pre-wrap\">Durch die Kombination von Methoden entsteht hochreines Aluminiumpulver mit anwendungsspezifischen Eigenschaften.<\/p>\n<h2>Preise f\u00fcr reines Aluminiumpulver<\/h2>\n<p class=\"whitespace-pre-wrap\"><strong>Preise f\u00fcr reines Aluminiumpulver<\/strong><\/p>\n<table>\n<thead>\n<tr>\n<th>Faktor<\/th>\n<th>Auswirkungen auf den Preis<\/th>\n<\/tr>\n<\/thead>\n<tbody>\n<tr>\n<td>Reinheit<\/td>\n<td>H\u00f6here Reinheitsgrade kosten mehr<\/td>\n<\/tr>\n<tr>\n<td>Partikelgr\u00f6\u00dfe<\/td>\n<td>Ultrafeines Pulver ist teurer<\/td>\n<\/tr>\n<tr>\n<td>Auftragsvolumen<\/td>\n<td>Bei Gro\u00dfbestellungen erhalten Sie erm\u00e4\u00dfigte Preise<\/td>\n<\/tr>\n<tr>\n<td>Produktionsverfahren<\/td>\n<td>Komplexe Methoden erh\u00f6hen die Kosten<\/td>\n<\/tr>\n<tr>\n<td>Verpackung<\/td>\n<td>Eine spezielle Verpackung erh\u00f6ht die Kosten<\/td>\n<\/tr>\n<\/tbody>\n<\/table>\n<p class=\"whitespace-pre-wrap\"><strong>Vorl\u00e4ufige Preisgestaltung<\/strong><\/p>\n<ul class=\"list-disc pl-8 space-y-2\">\n<li class=\"whitespace-normal\">Feines reines Aluminiumpulver: $3-6 pro kg<\/li>\n<li class=\"whitespace-normal\">Grobes reines Aluminiumpulver: $2-4 pro kg<\/li>\n<li class=\"whitespace-normal\">Die Preise f\u00fcr gro\u00dfe Mengen k\u00f6nnen bis zu 30% niedriger sein<\/li>\n<\/ul>\n<p class=\"whitespace-pre-wrap\">Die Preise h\u00e4ngen von Reinheit, Partikelgr\u00f6\u00dfe, Bestellmenge, Produktionsmethode und kundenspezifischen Anforderungen ab.<\/p>\n<h2>Lieferanten von reinem Aluminiumpulver<\/h2>\n<p class=\"whitespace-pre-wrap\"><strong>Lieferanten von reinem Aluminiumpulver<\/strong><\/p>\n<table>\n<thead>\n<tr>\n<th>Unternehmen<\/th>\n<th>Standort<\/th>\n<\/tr>\n<\/thead>\n<tbody>\n<tr>\n<td>Fortgeschrittenes Chemieunternehmen<\/td>\n<td>USA<\/td>\n<\/tr>\n<tr>\n<td>Micron Metalle<\/td>\n<td>USA<\/td>\n<\/tr>\n<tr>\n<td>Baohua-Metallmaterialien<\/td>\n<td>China<\/td>\n<\/tr>\n<tr>\n<td>Hengxing Metallurgical<\/td>\n<td>China<\/td>\n<\/tr>\n<tr>\n<td>Shanghai ShuiDing Pulvermaterial<\/td>\n<td>China<\/td>\n<\/tr>\n<tr>\n<td>Lesen Sie fortgeschrittene Materialien<\/td>\n<td>USA<\/td>\n<\/tr>\n<\/tbody>\n<\/table>\n<p class=\"whitespace-pre-wrap\">Auswahlfaktoren f\u00fcr Lieferanten:<\/p>\n<ul class=\"list-disc pl-8 space-y-2\">\n<li class=\"whitespace-normal\">Reinheitsgrade und Qualit\u00e4ten verf\u00fcgbar<\/li>\n<li class=\"whitespace-normal\">Produktionskapazit\u00e4t und Vorlaufzeiten<\/li>\n<li class=\"whitespace-normal\">Durchschnittliche Partikelgr\u00f6\u00dfenbereiche<\/li>\n<li class=\"whitespace-normal\">Anpassung der Partikelverteilung<\/li>\n<li class=\"whitespace-normal\">Verpackungsm\u00f6glichkeiten<\/li>\n<li class=\"whitespace-normal\">Preisstufen basierend auf Bestellmengen<\/li>\n<li class=\"whitespace-normal\">Einhaltung internationaler Standards<\/li>\n<\/ul>\n<h2>Handhabung und Lagerung von reinem Aluminiumpulver<\/h2>\n<p class=\"whitespace-pre-wrap\"><strong>Handhabung von reinem Aluminiumpulver<\/strong><\/p>\n<table>\n<thead>\n<tr>\n<th>Empfehlung<\/th>\n<th>Grund<\/th>\n<\/tr>\n<\/thead>\n<tbody>\n<tr>\n<td>Sorgen Sie f\u00fcr ausreichende Bel\u00fcftung<\/td>\n<td>Vermeiden Sie eine Umgebung mit konzentriertem Staub<\/td>\n<\/tr>\n<tr>\n<td>Erdungssysteme einsetzen<\/td>\n<td>Vermeiden Sie statische Entladungen w\u00e4hrend der Handhabung<\/td>\n<\/tr>\n<tr>\n<td>Begrenzen Sie die Feuchtigkeitseinwirkung<\/td>\n<td>Verhindert die Oxidation von Partikeln<\/td>\n<\/tr>\n<tr>\n<td>Befolgen Sie sichere Protokolle<\/td>\n<td>Verringerung von Gesundheits- und Brandgefahren<\/td>\n<\/tr>\n<tr>\n<td>Vermeiden Sie Z\u00fcndquellen<\/td>\n<td>Gefahr durch brennbares Pulver<\/td>\n<\/tr>\n<tr>\n<td>Verwenden Sie funkenfreie Werkzeuge<\/td>\n<td>Verhinderung einer m\u00f6glichen Entz\u00fcndung<\/td>\n<\/tr>\n<\/tbody>\n<\/table>\n<p class=\"whitespace-pre-wrap\"><strong>Empfehlungen zur Lagerung<\/strong><\/p>\n<ul class=\"list-disc pl-8 space-y-2\">\n<li class=\"whitespace-normal\">In trockenen, inerten, verschlossenen Beh\u00e4ltern aufbewahren<\/li>\n<li class=\"whitespace-normal\">Halten Sie die Lagertemperaturen unter 27\u00b0C<\/li>\n<li class=\"whitespace-normal\">Begrenzen Sie die Exposition gegen\u00fcber Oxidationsmitteln wie Salpeters\u00e4ure<\/li>\n<\/ul>\n<p class=\"whitespace-pre-wrap\">Richtige Vorsichtsma\u00dfnahmen bei der Handhabung und Lagerung tragen dazu bei, die Reinheit zu bewahren und Oxidations- oder Entz\u00fcndungsrisiken vorzubeugen.<\/p>\n<h2>Inspektion und Pr\u00fcfung von reinem Aluminiumpulver<\/h2>\n<p class=\"whitespace-pre-wrap\"><strong>Pr\u00fcfung von reinem Aluminiumpulver<\/strong><\/p>\n<table>\n<thead>\n<tr>\n<th>Test<\/th>\n<th>Einzelheiten<\/th>\n<\/tr>\n<\/thead>\n<tbody>\n<tr>\n<td>Chemische Analyse<\/td>\n<td>RFA- oder ICP-Tests \u00fcberpr\u00fcfen die Zusammensetzung<\/td>\n<\/tr>\n<tr>\n<td>Partikelgr\u00f6\u00dfenverteilung<\/td>\n<td>Laserbeugungsanalyse<\/td>\n<\/tr>\n<tr>\n<td>Scheinbare Dichte<\/td>\n<td>Hall-Durchflussmesser-Test nach ASTM B212-Norm<\/td>\n<\/tr>\n<tr>\n<td>Morphologie des Pulvers<\/td>\n<td>SEM-Bildgebung der Partikelform<\/td>\n<\/tr>\n<tr>\n<td>Analyse der Durchflussmenge<\/td>\n<td>Schwerkraftdurchsatz durch den angegebenen Trichter<\/td>\n<\/tr>\n<tr>\n<td>Messung der Luftfeuchtigkeit<\/td>\n<td>Verlust beim Trocknungstest<\/td>\n<\/tr>\n<\/tbody>\n<\/table>\n<p class=\"whitespace-pre-wrap\">Durch Tests wird sichergestellt, dass das Pulver die erforderlichen Reinheitsgrade, Partikeleigenschaften, Dichtespezifikationen, Morphologie und Flie\u00dff\u00e4higkeit gem\u00e4\u00df den geltenden Normen erf\u00fcllt.<\/p>\n<h2>Vor- und Nachteile von reinem Aluminiumpulver<\/h2>\n<p class=\"whitespace-pre-wrap\"><strong>Vorteile von reinem Aluminiumpulver<\/strong><\/p>\n<ul class=\"list-disc pl-8 space-y-2\">\n<li class=\"whitespace-normal\">Geringe Dichte sorgt f\u00fcr leichte Eigenschaften<\/li>\n<li class=\"whitespace-normal\">Hervorragende elektrische und thermische Leitf\u00e4higkeit<\/li>\n<li class=\"whitespace-normal\">Gute Korrosionsbest\u00e4ndigkeit<\/li>\n<li class=\"whitespace-normal\">Hohe Duktilit\u00e4t und hervorragende Formbarkeit<\/li>\n<li class=\"whitespace-normal\">Recycelbar und umweltfreundlich<\/li>\n<li class=\"whitespace-normal\">Kosteng\u00fcnstig im Vergleich zu anderen leitf\u00e4higen Pulvern<\/li>\n<\/ul>\n<p class=\"whitespace-pre-wrap\"><strong>Einschr\u00e4nkungen von reinem Aluminiumpulver<\/strong><\/p>\n<ul class=\"list-disc pl-8 space-y-2\">\n<li class=\"whitespace-normal\">Eine geringe Festigkeit schr\u00e4nkt tragende strukturelle Anwendungen ein<\/li>\n<li class=\"whitespace-normal\">M\u00e4\u00dfige mechanische Festigkeit bei hohen Temperaturen<\/li>\n<li class=\"whitespace-normal\">Erfordert Schutzbeschichtungen in korrosiven Umgebungen<\/li>\n<li class=\"whitespace-normal\">Empfindlich gegen\u00fcber Verunreinigungen durch Feuchtigkeit und andere Pulver<\/li>\n<li class=\"whitespace-normal\">Die pyrophore Natur erfordert eine sorgf\u00e4ltige Handhabung<\/li>\n<li class=\"whitespace-normal\">Wenn es nicht beschichtet wird, oxidiert es mit der Zeit allm\u00e4hlich<\/li>\n<\/ul>\n<h2>Vergleich mit Al-Mg-Legierungspulver<\/h2>\n<p class=\"whitespace-pre-wrap\"><strong>Reines Al vs. Al-Mg-Legierungspulver<\/strong><\/p>\n<table>\n<thead>\n<tr>\n<th>Parameter<\/th>\n<th>Reines Al<\/th>\n<th>Al-Mg<\/th>\n<\/tr>\n<\/thead>\n<tbody>\n<tr>\n<td>Dichte<\/td>\n<td>2,7 g\/cc<\/td>\n<td>2,7 g\/cc<\/td>\n<\/tr>\n<tr>\n<td>St\u00e4rke<\/td>\n<td>90-100 MPa<\/td>\n<td>150-220 MPa<\/td>\n<\/tr>\n<tr>\n<td>Leitf\u00e4higkeit<\/td>\n<td>Ausgezeichnet<\/td>\n<td>Gut<\/td>\n<\/tr>\n<tr>\n<td>Korrosionsbest\u00e4ndigkeit<\/td>\n<td>Gut<\/td>\n<td>Ausgezeichnet<\/td>\n<\/tr>\n<tr>\n<td>Kosten<\/td>\n<td>Niedrig<\/td>\n<td>Hoch<\/td>\n<\/tr>\n<tr>\n<td>Verwendet<\/td>\n<td>Thermitschwei\u00dfen, Pyrotechnik<\/td>\n<td>Strukurelle Komponenten<\/td>\n<\/tr>\n<\/tbody>\n<\/table>\n<ul class=\"list-disc pl-8 space-y-2\">\n<li class=\"whitespace-normal\">Reines Al bietet eine bessere Leitf\u00e4higkeit und geringere Kosten<\/li>\n<li class=\"whitespace-normal\">Die Al-Mg-Legierung bietet eine h\u00f6here Festigkeit<\/li>\n<li class=\"whitespace-normal\">Reines Al, geeignet f\u00fcr elektrische Anwendungen und Pyrotechnik<\/li>\n<li class=\"whitespace-normal\">Al-Mg bevorzugt f\u00fcr Strukturleichtbauteile<\/li>\n<\/ul>\n<h2>H\u00e4ufig gestellte Fragen zu reinem Aluminiumpulver<\/h2>\n<p class=\"whitespace-pre-wrap\"><strong>F: Was sind die Hauptanwendungen von reinem Aluminiumpulver?<\/strong><\/p>\n<p class=\"whitespace-pre-wrap\">A: Zu den Hauptanwendungen geh\u00f6ren Thermitschwei\u00dfen, leitf\u00e4hige Beschichtungen, pyrotechnische Zusammensetzungen, Diamantwerkzeuge, Metallspritzguss von nicht strukturellen Teilen und niedrig schmelzende Gusslegierungen.<\/p>\n<p class=\"whitespace-pre-wrap\"><strong>F: Welche Vorsichtsma\u00dfnahmen sollten bei der Arbeit mit reinem Aluminiumpulver getroffen werden?<\/strong><\/p>\n<p class=\"whitespace-pre-wrap\">A: Zu den empfohlenen Vorsichtsma\u00dfnahmen geh\u00f6ren eine ordnungsgem\u00e4\u00dfe Bel\u00fcftung, die Vermeidung von Z\u00fcndquellen, explosionsgesch\u00fctzte Ger\u00e4te, Erdungssysteme, funkenfreie Werkzeuge, Schutzausr\u00fcstung, sichere Protokolle und eine inerte, vor Verunreinigungen gesch\u00fctzte Lagerung.<\/p>\n<p class=\"whitespace-pre-wrap\"><strong>F: Wie unterscheidet sich reines Aluminiumpulver von Aluminiumlegierungspulvern?<\/strong><\/p>\n<p class=\"whitespace-pre-wrap\">A: Reines Aluminium hat einen Al-Gehalt von 99% oder mehr, w\u00e4hrend Legierungspulver andere Elemente wie Magnesium, Silizium und Zink enthalten. Reines Al bietet eine hohe Leitf\u00e4higkeit, aber eine geringere Festigkeit als Legierungen.<\/p>\n<p class=\"whitespace-pre-wrap\"><strong>F: Was beeinflusst die Eigenschaften von Komponenten aus reinem Aluminiumpulver?<\/strong><\/p>\n<p class=\"whitespace-pre-wrap\">A: Schl\u00fcsselfaktoren sind die scheinbare Dichte, die Partikelgr\u00f6\u00dfenverteilung, der Verdichtungsdruck, die Sinterparameter, Verunreinigungen und die Porosit\u00e4t des Endteils.<\/p>","protected":false},"excerpt":{"rendered":"<p>Reines Aluminiumpulver enth\u00e4lt 99% oder mehr Aluminiumgehalt. Es bietet eine geringe Dichte bei gleichzeitig guter Duktilit\u00e4t, Leitf\u00e4higkeit und Korrosionsbest\u00e4ndigkeit.<\/p>","protected":false},"featured_media":2055,"comment_status":"open","ping_status":"closed","template":"","meta":[],"product_brand":[],"product_cat":[31,43],"product_tag":[],"class_list":{"0":"post-1713","1":"product","2":"type-product","3":"status-publish","4":"has-post-thumbnail","6":"product_cat-3d-printing-metal-powder","7":"product_cat-aluminum-based-alloy-powder","9":"first","10":"instock","11":"shipping-taxable","12":"product-type-simple"},"_links":{"self":[{"href":"https:\/\/met3dp.sg\/de\/wp-json\/wp\/v2\/product\/1713","targetHints":{"allow":["GET"]}}],"collection":[{"href":"https:\/\/met3dp.sg\/de\/wp-json\/wp\/v2\/product"}],"about":[{"href":"https:\/\/met3dp.sg\/de\/wp-json\/wp\/v2\/types\/product"}],"replies":[{"embeddable":true,"href":"https:\/\/met3dp.sg\/de\/wp-json\/wp\/v2\/comments?post=1713"}],"wp:featuredmedia":[{"embeddable":true,"href":"https:\/\/met3dp.sg\/de\/wp-json\/wp\/v2\/media\/2055"}],"wp:attachment":[{"href":"https:\/\/met3dp.sg\/de\/wp-json\/wp\/v2\/media?parent=1713"}],"wp:term":[{"taxonomy":"product_brand","embeddable":true,"href":"https:\/\/met3dp.sg\/de\/wp-json\/wp\/v2\/product_brand?post=1713"},{"taxonomy":"product_cat","embeddable":true,"href":"https:\/\/met3dp.sg\/de\/wp-json\/wp\/v2\/product_cat?post=1713"},{"taxonomy":"product_tag","embeddable":true,"href":"https:\/\/met3dp.sg\/de\/wp-json\/wp\/v2\/product_tag?post=1713"}],"curies":[{"name":"wp","href":"https:\/\/api.w.org\/{rel}","templated":true}]}}