{"id":1711,"date":"2023-09-21T01:19:55","date_gmt":"2023-09-21T01:19:55","guid":{"rendered":"https:\/\/site3.easyceotech.com\/?post_type=product&#038;p=1711"},"modified":"2023-10-18T07:51:07","modified_gmt":"2023-10-18T07:51:07","slug":"almgsczr-powder","status":"publish","type":"product","link":"https:\/\/met3dp.sg\/de\/product\/almgsczr-powder\/","title":{"rendered":"AlMgScZr-Pulver"},"content":{"rendered":"<h2>\u00dcberblick \u00fcber AlMgScZr-Pulver<\/h2>\n<p class=\"whitespace-pre-wrap\">AlMgScZr-Pulver ist eine Aluminiumlegierung mit Magnesium, Scandium und Zirkonium als Hauptlegierungselementen. Sie weist eine ausgezeichnete Festigkeit, Schwei\u00dfbarkeit und Korrosionsbest\u00e4ndigkeit auf und beh\u00e4lt gleichzeitig den Vorteil der geringen Dichte von Aluminium.<\/p>\n<p class=\"whitespace-pre-wrap\">Zu den wichtigsten Eigenschaften und Vorteilen von AlMgScZr-Pulver geh\u00f6ren:<\/p>\n<p class=\"whitespace-pre-wrap\"><strong>Eigenschaften und Merkmale von AlMgScZr-Pulver<\/strong><\/p>\n<table>\n<thead>\n<tr>\n<th>Eigenschaften<\/th>\n<th>Einzelheiten<\/th>\n<\/tr>\n<\/thead>\n<tbody>\n<tr>\n<td>Zusammensetzung<\/td>\n<td>Al-Mg-Sc-Zr-Legierung<\/td>\n<\/tr>\n<tr>\n<td>Dichte<\/td>\n<td>2,7 g\/cc<\/td>\n<\/tr>\n<tr>\n<td>Partikelform<\/td>\n<td>Sph\u00e4risch<\/td>\n<\/tr>\n<tr>\n<td>Gr\u00f6\u00dfenbereich<\/td>\n<td>10-75 Mikrometer<\/td>\n<\/tr>\n<tr>\n<td>Scheinbare Dichte<\/td>\n<td>Bis zu 60% an echter Dichte<\/td>\n<\/tr>\n<tr>\n<td>Flie\u00dff\u00e4higkeit<\/td>\n<td>Ausgezeichnet<\/td>\n<\/tr>\n<tr>\n<td>St\u00e4rke<\/td>\n<td>Sehr hoch f\u00fcr Al-Legierungspulver<\/td>\n<\/tr>\n<tr>\n<td>Schwei\u00dfeignung<\/td>\n<td>Ausgezeichnet<\/td>\n<\/tr>\n<\/tbody>\n<\/table>\n<p class=\"whitespace-pre-wrap\">AlMgScZr-Pulver erm\u00f6glicht die Herstellung von leichten Struktur- und Funktionsbauteilen in der Luft- und Raumfahrt, im Automobilbau und in Industriezweigen, die eine hohe spezifische Festigkeit ben\u00f6tigen.<\/p>\n<h2>AlMgScZr-Pulver-Zusammensetzung<\/h2>\n<p class=\"whitespace-pre-wrap\">Typische Zusammensetzung von AlMgScZr-Pulver:<\/p>\n<p class=\"whitespace-pre-wrap\"><strong>AlMgScZr-Pulver-Zusammensetzung<\/strong><\/p>\n<table>\n<thead>\n<tr>\n<th>Element<\/th>\n<th>Gewicht %<\/th>\n<\/tr>\n<\/thead>\n<tbody>\n<tr>\n<td>Aluminium<\/td>\n<td>Bilanz<\/td>\n<\/tr>\n<tr>\n<td>Magnesium<\/td>\n<td>0.2-1%<\/td>\n<\/tr>\n<tr>\n<td>Scandium<\/td>\n<td>0.2-0.7%<\/td>\n<\/tr>\n<tr>\n<td>Zirkonium<\/td>\n<td>0.05-0.25%<\/td>\n<\/tr>\n<tr>\n<td>Silizium<\/td>\n<td>0,1% max<\/td>\n<\/tr>\n<tr>\n<td>Eisen<\/td>\n<td>0,1% max<\/td>\n<\/tr>\n<tr>\n<td>Kupfer<\/td>\n<td>0,1% max<\/td>\n<\/tr>\n<\/tbody>\n<\/table>\n<ul class=\"list-disc pl-8 space-y-2\">\n<li class=\"whitespace-normal\">Aluminium bildet die Matrix f\u00fcr eine geringe Dichte<\/li>\n<li class=\"whitespace-normal\">Magnesium erh\u00f6ht die Festigkeit durch Festigkeitssteigerung in fester L\u00f6sung<\/li>\n<li class=\"whitespace-normal\">Scandium erm\u00f6glicht Ausscheidungsh\u00e4rtung f\u00fcr h\u00f6chste Festigkeit<\/li>\n<li class=\"whitespace-normal\">Zirkonium f\u00f6rdert feines rekristallisiertes Korngef\u00fcge<\/li>\n<li class=\"whitespace-normal\">Andere Elemente sind nur als Verunreinigungen vorhanden<\/li>\n<\/ul>\n<p class=\"whitespace-pre-wrap\">Die Zusammensetzung wurde optimiert, um die Ausscheidungsh\u00e4rtung zu maximieren und eine au\u00dfergew\u00f6hnliche Festigkeit zu erzielen.<\/p>\n<p><img fetchpriority=\"high\" decoding=\"async\" class=\"size-medium wp-image-1409 aligncenter\" src=\"https:\/\/met3dp.sg\/wp-content\/uploads\/2023\/09\/ed7a94ec-3c10-4b1b-87ed--300x300.jpg\" alt=\"AlMgScZr-Pulver\" width=\"300\" height=\"300\" title=\"\" srcset=\"https:\/\/met3dp.sg\/wp-content\/uploads\/2023\/09\/ed7a94ec-3c10-4b1b-87ed--300x300.jpg 300w, https:\/\/met3dp.sg\/wp-content\/uploads\/2023\/09\/ed7a94ec-3c10-4b1b-87ed--100x100.jpg 100w, https:\/\/met3dp.sg\/wp-content\/uploads\/2023\/09\/ed7a94ec-3c10-4b1b-87ed--150x150.jpg 150w, https:\/\/met3dp.sg\/wp-content\/uploads\/2023\/09\/ed7a94ec-3c10-4b1b-87ed-.jpg 600w\" sizes=\"(max-width: 300px) 100vw, 300px\" \/><\/p>\n<h2>AlMgScZr-Pulver Physikalische Eigenschaften<\/h2>\n<p class=\"whitespace-pre-wrap\"><strong>AlMgScZr-Pulver Physikalische Eigenschaften<\/strong><\/p>\n<table>\n<thead>\n<tr>\n<th>Eigentum<\/th>\n<th>Werte<\/th>\n<\/tr>\n<\/thead>\n<tbody>\n<tr>\n<td>Dichte<\/td>\n<td>2,7 g\/cc<\/td>\n<\/tr>\n<tr>\n<td>Schmelzpunkt<\/td>\n<td>640-655\u00b0C<\/td>\n<\/tr>\n<tr>\n<td>Elektrischer Widerstand<\/td>\n<td>4,5-5,5 \u03bc\u03a9-cm<\/td>\n<\/tr>\n<tr>\n<td>W\u00e4rmeleitf\u00e4higkeit<\/td>\n<td>150-180 W\/mK<\/td>\n<\/tr>\n<tr>\n<td>Thermische Ausdehnung<\/td>\n<td>21-24 x 10^-6 \/K<\/td>\n<\/tr>\n<tr>\n<td>Maximale Betriebstemperatur<\/td>\n<td>250\u00b0C<\/td>\n<\/tr>\n<\/tbody>\n<\/table>\n<ul class=\"list-disc pl-8 space-y-2\">\n<li class=\"whitespace-normal\">Sehr geringe Dichte im Vergleich zu St\u00e4hlen und Titanlegierungen<\/li>\n<li class=\"whitespace-normal\">Der Schmelzpunkt ist f\u00fcr eine Aluminiumlegierung m\u00e4\u00dfig hoch.<\/li>\n<li class=\"whitespace-normal\">Hohe elektrische und thermische Leitf\u00e4higkeit<\/li>\n<li class=\"whitespace-normal\">Relativ hoher WAK erfordert konstruktive \u00dcberlegungen<\/li>\n<li class=\"whitespace-normal\">Kann \u00fcber einen l\u00e4ngeren Zeitraum bei bis zu 250\u00b0C verwendet werden<\/li>\n<\/ul>\n<p class=\"whitespace-pre-wrap\">Aufgrund dieser Eigenschaften eignet sich AlMgScZr gut f\u00fcr Leichtbauanwendungen in der Automobilindustrie, der Luft- und Raumfahrt und anderen Bereichen.<\/p>\n<h2>AlMgScZr-Pulver Mechanische Eigenschaften<\/h2>\n<p class=\"whitespace-pre-wrap\"><strong>AlMgScZr-Pulver Mechanische Eigenschaften<\/strong><\/p>\n<table>\n<thead>\n<tr>\n<th>Eigentum<\/th>\n<th>Werte<\/th>\n<\/tr>\n<\/thead>\n<tbody>\n<tr>\n<td>Streckgrenze<\/td>\n<td>400-500 MPa<\/td>\n<\/tr>\n<tr>\n<td>Zugfestigkeit<\/td>\n<td>480-570 MPa<\/td>\n<\/tr>\n<tr>\n<td>Dehnung<\/td>\n<td>7-10%<\/td>\n<\/tr>\n<tr>\n<td>H\u00e4rte<\/td>\n<td>115-150 HB<\/td>\n<\/tr>\n<tr>\n<td>Scherfestigkeit<\/td>\n<td>330 MPa<\/td>\n<\/tr>\n<tr>\n<td>Bruchz\u00e4higkeit<\/td>\n<td>29-35 MPa\u221am<\/td>\n<\/tr>\n<\/tbody>\n<\/table>\n<ul class=\"list-disc pl-8 space-y-2\">\n<li class=\"whitespace-normal\">Sehr hohe Festigkeit f\u00fcr eine Aluminiumlegierung<\/li>\n<li class=\"whitespace-normal\">Deutlich fester als andere nicht aush\u00e4rtbare Al-Legierungen<\/li>\n<li class=\"whitespace-normal\">Angemessene Duktilit\u00e4t im hochgealterten Zustand<\/li>\n<li class=\"whitespace-normal\">Relativ hohe Bruchz\u00e4higkeit<\/li>\n<li class=\"whitespace-normal\">St\u00e4rke kann durch Alterungsbehandlung angepasst werden<\/li>\n<\/ul>\n<p class=\"whitespace-pre-wrap\">Diese Eigenschaften machen AlMgScZr zu einer au\u00dfergew\u00f6hnlichen Wahl f\u00fcr Strukturteile, die ein hohes Verh\u00e4ltnis von Festigkeit zu Gewicht erfordern.<\/p>\n<h2>AlMgScZr-Pulver Anwendungen<\/h2>\n<p class=\"whitespace-pre-wrap\"><strong>AlMgScZr-Pulver Anwendungen<\/strong><\/p>\n<table>\n<thead>\n<tr>\n<th>Sektor<\/th>\n<th>Verwendet<\/th>\n<\/tr>\n<\/thead>\n<tbody>\n<tr>\n<td>Luft- und Raumfahrt<\/td>\n<td>Flugzeugzellen, Tragfl\u00e4chen, Rumpfh\u00e4ute<\/td>\n<\/tr>\n<tr>\n<td>Automobilindustrie<\/td>\n<td>Fahrwerk, Aufh\u00e4ngungsteile<\/td>\n<\/tr>\n<tr>\n<td>Industriell<\/td>\n<td>Roboterarme, Hebevorrichtungen<\/td>\n<\/tr>\n<tr>\n<td>Additive Fertigung<\/td>\n<td>Hochleistungskomponenten<\/td>\n<\/tr>\n<\/tbody>\n<\/table>\n<p class=\"whitespace-pre-wrap\">Einige spezifische Produktanwendungen:<\/p>\n<ul class=\"list-disc pl-8 space-y-2\">\n<li class=\"whitespace-normal\">Flugzeugstrukturrahmen, Schotts, Fl\u00fcgelholme<\/li>\n<li class=\"whitespace-normal\">Kfz-Getriebegeh\u00e4use, Motorbl\u00f6cke<\/li>\n<li class=\"whitespace-normal\">Industrielle Roboterarme, Hebevorrichtungen<\/li>\n<li class=\"whitespace-normal\">Additive Fertigung von topologieoptimierten Bauteilen<\/li>\n<li class=\"whitespace-normal\">Elektronikgeh\u00e4use, die ein W\u00e4rmemanagement ben\u00f6tigen<\/li>\n<\/ul>\n<p class=\"whitespace-pre-wrap\">AlMgScZr bietet f\u00fcr diese kritischen Anwendungen maximale Festigkeit bei minimalem Gewichtsverlust.<\/p>\n<h2>AlMgScZr-Pulver Spezifikationen<\/h2>\n<p class=\"whitespace-pre-wrap\">Zu den wichtigsten Spezifikationen f\u00fcr AlMgScZr-Pulver geh\u00f6ren:<\/p>\n<p class=\"whitespace-pre-wrap\"><strong>AlMgScZr-Pulver-Standards<\/strong><\/p>\n<table>\n<thead>\n<tr>\n<th>Standard<\/th>\n<th>Beschreibung<\/th>\n<\/tr>\n<\/thead>\n<tbody>\n<tr>\n<td>ASTM B951<\/td>\n<td>Standard f\u00fcr ausscheidungsgeh\u00e4rtete Aluminiumlegierungen<\/td>\n<\/tr>\n<tr>\n<td>DIN 1718<\/td>\n<td>Bezeichnungen f\u00fcr Aluminium und Aluminiumlegierungen<\/td>\n<\/tr>\n<tr>\n<td>EN 586-2<\/td>\n<td>Schmiedest\u00fccke f\u00fcr hochfeste Strukturanwendungen<\/td>\n<\/tr>\n<tr>\n<td>AMS 4413<\/td>\n<td>Pulverzusammensetzungen aus Aluminiumlegierungen f\u00fcr die additive Fertigung<\/td>\n<\/tr>\n<\/tbody>\n<\/table>\n<p class=\"whitespace-pre-wrap\">Diese definieren:<\/p>\n<ul class=\"list-disc pl-8 space-y-2\">\n<li class=\"whitespace-normal\">Grenzwerte der chemischen Zusammensetzung von AlMgScZr<\/li>\n<li class=\"whitespace-normal\">Geforderte mechanische Eigenschaften im gealterten Zustand<\/li>\n<li class=\"whitespace-normal\">Bew\u00e4hrtes Verfahren zur Herstellung von Pulver - Inertgasverd\u00fcsung<\/li>\n<li class=\"whitespace-normal\">Verunreinigungsgrenzen f\u00fcr Elemente wie Fe<\/li>\n<li class=\"whitespace-normal\">Qualit\u00e4tspr\u00fcfungsprotokolle<\/li>\n<li class=\"whitespace-normal\">Richtige Handhabung und Lagerung<\/li>\n<\/ul>\n<p class=\"whitespace-pre-wrap\">Die Erf\u00fcllung der Zertifizierungsanforderungen gew\u00e4hrleistet eine optimale Leistung der Legierung.<\/p>\n<h2>AlMgScZr-Pulver Partikelgr\u00f6\u00dfen<\/h2>\n<p class=\"whitespace-pre-wrap\"><strong>AlMgScZr-Pulver Partikelgr\u00f6\u00dfenverteilung<\/strong><\/p>\n<table>\n<thead>\n<tr>\n<th>Partikelgr\u00f6\u00dfe<\/th>\n<th>Merkmale<\/th>\n<\/tr>\n<\/thead>\n<tbody>\n<tr>\n<td>10-25 Mikrometer<\/td>\n<td>Ultrafeines Pulver f\u00fcr Laser-AM-Prozesse<\/td>\n<\/tr>\n<tr>\n<td>25-45 Mikrometer<\/td>\n<td>Gemeinsamer Gr\u00f6\u00dfenbereich f\u00fcr Laserbett und Binderstrahlverfahren<\/td>\n<\/tr>\n<tr>\n<td>45-75 Mikrometer<\/td>\n<td>Gr\u00f6\u00dfere Formate f\u00fcr das Kaltgasspritzen<\/td>\n<\/tr>\n<\/tbody>\n<\/table>\n<ul class=\"list-disc pl-8 space-y-2\">\n<li class=\"whitespace-normal\">Feineres Pulver sorgt f\u00fcr h\u00f6here Aufl\u00f6sung und Oberfl\u00e4cheng\u00fcte<\/li>\n<li class=\"whitespace-normal\">Gr\u00f6beres Pulver, geeignet f\u00fcr Prozesse mit hoher Abscheidungsrate<\/li>\n<li class=\"whitespace-normal\">Ma\u00dfgeschneiderter Gr\u00f6\u00dfenbereich auf der Grundlage der verwendeten AM-Produktionsmethode<\/li>\n<li class=\"whitespace-normal\">Beibehaltung der kugelf\u00f6rmigen Morphologie in allen Gr\u00f6\u00dfen<\/li>\n<\/ul>\n<p class=\"whitespace-pre-wrap\">Die Kontrolle der Partikelgr\u00f6\u00dfenverteilung und -form ist entscheidend f\u00fcr die AM-Verarbeitung, die Packungsdichte und die endg\u00fcltigen Teileigenschaften.<\/p>\n<h2>AlMgScZr-Pulver Scheinbare Dichte<\/h2>\n<p class=\"whitespace-pre-wrap\"><strong>AlMgScZr-Pulver Scheinbare Dichte<\/strong><\/p>\n<table>\n<thead>\n<tr>\n<th>Scheinbare Dichte<\/th>\n<th>Einzelheiten<\/th>\n<\/tr>\n<\/thead>\n<tbody>\n<tr>\n<td>Bis zu 60% an echter Dichte<\/td>\n<td>F\u00fcr kugelf\u00f6rmiges Pulver<\/td>\n<\/tr>\n<tr>\n<td>1,5 - 1,7 g\/cc<\/td>\n<td>Verbessert sich mit h\u00f6herer Packungsdichte<\/td>\n<\/tr>\n<\/tbody>\n<\/table>\n<ul class=\"list-disc pl-8 space-y-2\">\n<li class=\"whitespace-normal\">Die kugelf\u00f6rmige Morphologie bietet eine hohe scheinbare Dichte<\/li>\n<li class=\"whitespace-normal\">H\u00f6here Dichte verbessert den Pulverfluss und die Packung im AM-Bett<\/li>\n<li class=\"whitespace-normal\">Reduziert die Porosit\u00e4t des eingeschlossenen Gases im fertigen Teil<\/li>\n<li class=\"whitespace-normal\">Maximierung der Dichte minimiert die Zykluszeit der Presse<\/li>\n<\/ul>\n<p class=\"whitespace-pre-wrap\">Eine h\u00f6here Sch\u00fcttdichte f\u00fchrt zu einer besseren Fertigungsproduktivit\u00e4t und Teileleistung.<\/p>\n<h2>Verfahren zur Herstellung von AlMgScZr-Pulver<\/h2>\n<p class=\"whitespace-pre-wrap\"><strong>Herstellung von AlMgScZr-Pulver<\/strong><\/p>\n<table>\n<thead>\n<tr>\n<th>Methode<\/th>\n<th>Einzelheiten<\/th>\n<\/tr>\n<\/thead>\n<tbody>\n<tr>\n<td>Gaszerst\u00e4ubung<\/td>\n<td>Hochdruck-Inertgas bricht den geschmolzenen Metallstrom in feine Tr\u00f6pfchen auf<\/td>\n<\/tr>\n<tr>\n<td>Vakuum-Induktionsschmelzen<\/td>\n<td>Hochreine, im Vakuum geschmolzene Ausgangsmaterialien<\/td>\n<\/tr>\n<tr>\n<td>Mehrfaches Umschmelzen<\/td>\n<td>Verbessert die chemische Homogenit\u00e4t<\/td>\n<\/tr>\n<tr>\n<td>Siebung<\/td>\n<td>Klassifizierung von Pulver in verschiedene Korngr\u00f6\u00dfenfraktionen<\/td>\n<\/tr>\n<\/tbody>\n<\/table>\n<ul class=\"list-disc pl-8 space-y-2\">\n<li class=\"whitespace-normal\">Gasverd\u00fcsung mit Inertgas erzeugt sauberes, kugelf\u00f6rmiges Pulver<\/li>\n<li class=\"whitespace-normal\">Die Vakuumverarbeitung minimiert gasf\u00f6rmige Verunreinigungen<\/li>\n<li class=\"whitespace-normal\">Mehrfaches Umschmelzen verbessert die Einheitlichkeit der Zusammensetzung<\/li>\n<li class=\"whitespace-normal\">Nachbearbeitung erm\u00f6glicht Kontrolle der Partikelgr\u00f6\u00dfenverteilung<\/li>\n<\/ul>\n<p class=\"whitespace-pre-wrap\">Vollautomatische Verfahren in Kombination mit einer strengen Qualit\u00e4tskontrolle f\u00fchren zu konsistentem AlMgScZr-Pulver, das sich f\u00fcr kritische Anwendungen eignet.<\/p>\n<h2>AlMgScZr Pulver Preisgestaltung<\/h2>\n<p class=\"whitespace-pre-wrap\"><strong>AlMgScZr Pulver Preisgestaltung<\/strong><\/p>\n<table>\n<thead>\n<tr>\n<th>Faktor<\/th>\n<th>Auswirkungen auf den Preis<\/th>\n<\/tr>\n<\/thead>\n<tbody>\n<tr>\n<td>Reinheitsgrad<\/td>\n<td>Preiserh\u00f6hungen f\u00fcr h\u00f6here Reinheit<\/td>\n<\/tr>\n<tr>\n<td>Partikelgr\u00f6\u00dfe<\/td>\n<td>Ultrafeines Pulver ist teurer<\/td>\n<\/tr>\n<tr>\n<td>Bestellmenge<\/td>\n<td>Preisnachlass bei Gro\u00dfbestellungen<\/td>\n<\/tr>\n<tr>\n<td>Produktionsverfahren<\/td>\n<td>Verwendung mehrerer Remittenden erh\u00f6ht die Kosten<\/td>\n<\/tr>\n<tr>\n<td>Verpackung<\/td>\n<td>Mit Argon gef\u00fcllte Gasflaschen kosten mehr<\/td>\n<\/tr>\n<\/tbody>\n<\/table>\n<p class=\"whitespace-pre-wrap\"><strong>Vorl\u00e4ufige Preisgestaltung<\/strong><\/p>\n<ul class=\"list-disc pl-8 space-y-2\">\n<li class=\"whitespace-normal\">AlMgScZr-Pulver: $80-120 pro kg<\/li>\n<li class=\"whitespace-normal\">Die Preise f\u00fcr gro\u00dfe Mengen k\u00f6nnen bis zu 40% niedriger sein<\/li>\n<\/ul>\n<p class=\"whitespace-pre-wrap\">Der Preis h\u00e4ngt von der Reinheit, der Partikelgr\u00f6\u00dfe, dem Auftragsvolumen, der Produktionsmethode und der Verpackung ab.<\/p>\n<h2>AlMgScZr-Pulver Lieferanten<\/h2>\n<p class=\"whitespace-pre-wrap\"><strong>AlMgScZr-Pulver Lieferanten<\/strong><\/p>\n<table>\n<thead>\n<tr>\n<th>Unternehmen<\/th>\n<th>Standort<\/th>\n<\/tr>\n<\/thead>\n<tbody>\n<tr>\n<td>Rio Tinto<\/td>\n<td>Kanada<\/td>\n<\/tr>\n<tr>\n<td>TLS Technik<\/td>\n<td>Deutschland<\/td>\n<\/tr>\n<tr>\n<td>Sandvik Fischadler<\/td>\n<td>UK<\/td>\n<\/tr>\n<tr>\n<td>Praxair<\/td>\n<td>USA<\/td>\n<\/tr>\n<tr>\n<td>AMC-Pulver<\/td>\n<td>UK<\/td>\n<\/tr>\n<tr>\n<td>Technische Universit\u00e4t Riga<\/td>\n<td>Lettland<\/td>\n<\/tr>\n<\/tbody>\n<\/table>\n<p class=\"whitespace-pre-wrap\">Auswahlfaktoren f\u00fcr Lieferanten:<\/p>\n<ul class=\"list-disc pl-8 space-y-2\">\n<li class=\"whitespace-normal\">Angebotene Pulversorten und Partikelgr\u00f6\u00dfen<\/li>\n<li class=\"whitespace-normal\">Produktionskapazit\u00e4t und Vorlaufzeiten<\/li>\n<li class=\"whitespace-normal\">Qualit\u00e4tskontrolle und Konsistenz<\/li>\n<li class=\"whitespace-normal\">Einhaltung von Spezifikationen wie ASTM B951<\/li>\n<li class=\"whitespace-normal\">Preisniveaus auf der Grundlage des Auftragsvolumens<\/li>\n<li class=\"whitespace-normal\">Technische Kompetenz und Kundenbetreuung<\/li>\n<\/ul>\n<h2>Handhabung und Lagerung von AlMgScZr-Pulver<\/h2>\n<p class=\"whitespace-pre-wrap\"><strong>Handhabung von AlMgScZr-Pulver<\/strong><\/p>\n<table>\n<thead>\n<tr>\n<th>Empfehlung<\/th>\n<th>Grund<\/th>\n<\/tr>\n<\/thead>\n<tbody>\n<tr>\n<td>Richtige Bel\u00fcftung sicherstellen<\/td>\n<td>Vermeiden Sie den Kontakt mit feinen Metallpartikeln<\/td>\n<\/tr>\n<tr>\n<td>Geeignete PSA verwenden<\/td>\n<td>Verhindern Sie versehentliches Einatmen oder Verschlucken<\/td>\n<\/tr>\n<tr>\n<td>Vermeiden Sie Z\u00fcndquellen<\/td>\n<td>Pulver kann in Sauerstoffatmosph\u00e4re brennen<\/td>\n<\/tr>\n<tr>\n<td>Befolgen Sie sichere Protokolle<\/td>\n<td>Verringerung von Gesundheits- und Brandgefahren<\/td>\n<\/tr>\n<tr>\n<td>Versiegelte Beh\u00e4lter aufbewahren<\/td>\n<td>Verhinderung von Verschmutzung oder Oxidation<\/td>\n<\/tr>\n<\/tbody>\n<\/table>\n<p class=\"whitespace-pre-wrap\">AlMgScZr-Pulver ist relativ stabil, aber es werden dennoch allgemeine Vorsichtsma\u00dfnahmen zur sicheren Handhabung und zur Erhaltung der Reinheit empfohlen.<\/p>\n<h2>Inspektion und Pr\u00fcfung von AlMgScZr-Pulver<\/h2>\n<p class=\"whitespace-pre-wrap\"><strong>AlMgScZr-Pulverpr\u00fcfung<\/strong><\/p>\n<table>\n<thead>\n<tr>\n<th>Test<\/th>\n<th>Einzelheiten<\/th>\n<\/tr>\n<\/thead>\n<tbody>\n<tr>\n<td>Chemische Analyse<\/td>\n<td>\u00dcberpr\u00fcfung der Zusammensetzung durch OES- oder XRF-Spektroskopie<\/td>\n<\/tr>\n<tr>\n<td>Partikelgr\u00f6\u00dfenverteilung<\/td>\n<td>Laserbeugungsanalyse<\/td>\n<\/tr>\n<tr>\n<td>Scheinbare Dichte<\/td>\n<td>Hall-Durchflussmesser-Test nach ASTM B212-Norm<\/td>\n<\/tr>\n<tr>\n<td>Morphologie des Pulvers<\/td>\n<td>SEM-Bildgebung der Partikelform<\/td>\n<\/tr>\n<tr>\n<td>Analyse der Durchflussmenge<\/td>\n<td>Schwerkraftdurchsatz durch die angegebene D\u00fcse<\/td>\n<\/tr>\n<tr>\n<td>Messung der Luftfeuchtigkeit<\/td>\n<td>Verlust beim Trocknungstest<\/td>\n<\/tr>\n<\/tbody>\n<\/table>\n<p class=\"whitespace-pre-wrap\">Durch die Pr\u00fcfung wird sichergestellt, dass das Pulver die geforderte chemische Reinheit, Partikeleigenschaften, Sch\u00fcttdichte, Morphologie und Flie\u00dff\u00e4higkeit gem\u00e4\u00df den geltenden Normen erf\u00fcllt.<\/p>\n<h2>AlMgScZr-Pulver Vor- und Nachteile<\/h2>\n<p class=\"whitespace-pre-wrap\"><strong>Vorteile von AlMgScZr-Pulver<\/strong><\/p>\n<ul class=\"list-disc pl-8 space-y-2\">\n<li class=\"whitespace-normal\">Sehr hohe Festigkeit f\u00fcr eine Aluminiumlegierung<\/li>\n<li class=\"whitespace-normal\">Beh\u00e4lt seine Festigkeit bis zu 250\u00b0C<\/li>\n<li class=\"whitespace-normal\">Ausgezeichnete Korrosionsbest\u00e4ndigkeit<\/li>\n<li class=\"whitespace-normal\">Hohe Bruchz\u00e4higkeit und Erm\u00fcdungsfestigkeit<\/li>\n<li class=\"whitespace-normal\">Gute Schwei\u00dfbarkeit mit konventionellen Techniken<\/li>\n<li class=\"whitespace-normal\">Geringe Dichte sorgt f\u00fcr Gewichtseinsparungen<\/li>\n<\/ul>\n<p class=\"whitespace-pre-wrap\"><strong>Beschr\u00e4nkungen von AlMgScZr-Pulver<\/strong><\/p>\n<ul class=\"list-disc pl-8 space-y-2\">\n<li class=\"whitespace-normal\">Relativ teuer im Vergleich zu anderen Aluminiumsorten<\/li>\n<li class=\"whitespace-normal\">Erfordert eine kontrollierte W\u00e4rmebehandlung f\u00fcr optimale Eigenschaften<\/li>\n<li class=\"whitespace-normal\">Begrenzte Hochtemperatur-Kriechfestigkeit<\/li>\n<li class=\"whitespace-normal\">Eingeschr\u00e4nkte Warmumformbarkeit im hochgealterten Zustand<\/li>\n<li class=\"whitespace-normal\">Anf\u00e4llig f\u00fcr galvanische Korrosion bei unsachgem\u00e4\u00dfem Schutz<\/li>\n<\/ul>\n<h2>Vergleich mit 6061-Aluminiumlegierung-Pulver<\/h2>\n<p class=\"whitespace-pre-wrap\"><strong>AlMgScZr vs. 6061 Al-Legierungspulver<\/strong><\/p>\n<table>\n<thead>\n<tr>\n<th>Parameter<\/th>\n<th>AlMgScZr<\/th>\n<th>6061 Al<\/th>\n<\/tr>\n<\/thead>\n<tbody>\n<tr>\n<td>Dichte<\/td>\n<td>2,7 g\/cc<\/td>\n<td>2,7 g\/cc<\/td>\n<\/tr>\n<tr>\n<td>Zugfestigkeit<\/td>\n<td>480-570 MPa<\/td>\n<td>250-310 MPa<\/td>\n<\/tr>\n<tr>\n<td>Streckgrenze<\/td>\n<td>400-500 MPa<\/td>\n<td>55-275 MPa<\/td>\n<\/tr>\n<tr>\n<td>Schwei\u00dfeignung<\/td>\n<td>Ausgezeichnet<\/td>\n<td>Gut<\/td>\n<\/tr>\n<tr>\n<td>Korrosionsbest\u00e4ndigkeit<\/td>\n<td>Ausgezeichnet<\/td>\n<td>Gut<\/td>\n<\/tr>\n<tr>\n<td>Kosten<\/td>\n<td>Hoch<\/td>\n<td>Niedrig<\/td>\n<\/tr>\n<tr>\n<td>Verwendet<\/td>\n<td>Luft- und Raumfahrt, Automobilindustrie<\/td>\n<td>Allgemeine Anwendungen<\/td>\n<\/tr>\n<\/tbody>\n<\/table>\n<ul class=\"list-disc pl-8 space-y-2\">\n<li class=\"whitespace-normal\">AlMgScZr bietet eine wesentlich h\u00f6here Festigkeit und Korrosionsbest\u00e4ndigkeit<\/li>\n<li class=\"whitespace-normal\">6061 Al bietet moderate Festigkeit zu niedrigen Kosten<\/li>\n<li class=\"whitespace-normal\">AlMgScZr bevorzugt f\u00fcr kritische Strukturkomponenten<\/li>\n<li class=\"whitespace-normal\">6061 Al weit verbreitet f\u00fcr allgemeine Anwendungen<\/li>\n<\/ul>\n<h2>FAQs zu AlMgScZr-Pulver<\/h2>\n<p class=\"whitespace-pre-wrap\"><strong>F: Was sind die Hauptanwendungen von AlMgScZr-Pulver?<\/strong><\/p>\n<p class=\"whitespace-pre-wrap\">A: Die wichtigsten Anwendungen sind Komponenten f\u00fcr die Luft- und Raumfahrt wie Flugzeugzellen und -fl\u00fcgel, Automobilteile wie Fahrgestelle und R\u00e4der, Industrieroboterarme und Hebevorrichtungen sowie die additive Fertigung von topologieoptimierten Hochleistungskomponenten.<\/p>\n<p class=\"whitespace-pre-wrap\"><strong>F: Wie verst\u00e4rkt Scandium die AlMgScZr-Legierung?<\/strong><\/p>\n<p class=\"whitespace-pre-wrap\">A: Scandium erm\u00f6glicht die Ausscheidungsh\u00e4rtung durch Bildung von Al3Sc-Ausscheidungen im Nanobereich w\u00e4hrend der Alterungsbehandlung. Dies behindert die Versetzungsbewegung und erh\u00f6ht die Festigkeit erheblich.<\/p>\n<p class=\"whitespace-pre-wrap\"><strong>F: Welche Vorsichtsma\u00dfnahmen sind bei der Arbeit mit AlMgScZr-Pulver zu beachten?<\/strong><\/p>\n<p class=\"whitespace-pre-wrap\">A: Zu den empfohlenen Vorsichtsma\u00dfnahmen geh\u00f6ren eine ordnungsgem\u00e4\u00dfe Bel\u00fcftung, die Vermeidung von Z\u00fcndquellen, die Verwendung geeigneter PSA, die Befolgung von Protokollen zur sicheren Handhabung, eine inerte Atmosph\u00e4re und die Lagerung von versiegelten Beh\u00e4ltern fern von Feuchtigkeit oder Verunreinigungen.<\/p>\n<p class=\"whitespace-pre-wrap\"><strong>F: Wie l\u00e4sst sich AlMgScZr mit AlZnMgCu-Legierungspulver vergleichen?<\/strong><\/p>\n<p class=\"whitespace-pre-wrap\">A: AlMgScZr bietet eine h\u00f6here Festigkeit, Schwei\u00dfbarkeit und Korrosionsbest\u00e4ndigkeit als Al-Legierungen der Serie 7000 wie AlZnMgCu. Es wird f\u00fcr kritische Strukturteile bevorzugt, w\u00e4hrend AlZnMgCu wirtschaftlicher ist.<\/p>","protected":false},"excerpt":{"rendered":"<p>AlMgScZr-Pulver ist eine Aluminiumlegierung mit Magnesium, Scandium und Zirkonium als Hauptlegierungselementen. Sie weist eine ausgezeichnete Festigkeit, Schwei\u00dfbarkeit und Korrosionsbest\u00e4ndigkeit auf und beh\u00e4lt gleichzeitig den Vorteil der geringen Dichte von Aluminium.<\/p>","protected":false},"featured_media":2041,"comment_status":"open","ping_status":"closed","template":"","meta":[],"product_brand":[],"product_cat":[31,43],"product_tag":[],"class_list":{"0":"post-1711","1":"product","2":"type-product","3":"status-publish","4":"has-post-thumbnail","6":"product_cat-3d-printing-metal-powder","7":"product_cat-aluminum-based-alloy-powder","9":"first","10":"instock","11":"featured","12":"shipping-taxable","13":"product-type-simple"},"_links":{"self":[{"href":"https:\/\/met3dp.sg\/de\/wp-json\/wp\/v2\/product\/1711","targetHints":{"allow":["GET"]}}],"collection":[{"href":"https:\/\/met3dp.sg\/de\/wp-json\/wp\/v2\/product"}],"about":[{"href":"https:\/\/met3dp.sg\/de\/wp-json\/wp\/v2\/types\/product"}],"replies":[{"embeddable":true,"href":"https:\/\/met3dp.sg\/de\/wp-json\/wp\/v2\/comments?post=1711"}],"wp:featuredmedia":[{"embeddable":true,"href":"https:\/\/met3dp.sg\/de\/wp-json\/wp\/v2\/media\/2041"}],"wp:attachment":[{"href":"https:\/\/met3dp.sg\/de\/wp-json\/wp\/v2\/media?parent=1711"}],"wp:term":[{"taxonomy":"product_brand","embeddable":true,"href":"https:\/\/met3dp.sg\/de\/wp-json\/wp\/v2\/product_brand?post=1711"},{"taxonomy":"product_cat","embeddable":true,"href":"https:\/\/met3dp.sg\/de\/wp-json\/wp\/v2\/product_cat?post=1711"},{"taxonomy":"product_tag","embeddable":true,"href":"https:\/\/met3dp.sg\/de\/wp-json\/wp\/v2\/product_tag?post=1711"}],"curies":[{"name":"wp","href":"https:\/\/api.w.org\/{rel}","templated":true}]}}