{"id":1710,"date":"2023-09-21T01:14:02","date_gmt":"2023-09-21T01:14:02","guid":{"rendered":"https:\/\/site3.easyceotech.com\/?post_type=product&#038;p=1710"},"modified":"2023-10-18T07:51:23","modified_gmt":"2023-10-18T07:51:23","slug":"aluminum-alloy-series","status":"publish","type":"product","link":"https:\/\/met3dp.sg\/de\/product\/aluminum-alloy-series\/","title":{"rendered":"Serie Aluminiumlegierung"},"content":{"rendered":"<div style=\"overflow-x: auto;\">\n<table>\n<tbody>\n<tr>\n<td data-sheets-value=\"{&quot;1&quot;:2,&quot;2&quot;:&quot;Product&quot;}\">Produkt<\/td>\n<td data-sheets-value=\"{&quot;1&quot;:2,&quot;2&quot;:&quot;Specification&quot;}\">Spezifikation<\/td>\n<td data-sheets-value=\"{&quot;1&quot;:2,&quot;2&quot;:&quot;Apparent Density&quot;}\">Scheinbare Dichte<\/td>\n<td data-sheets-value=\"{&quot;1&quot;:2,&quot;2&quot;:&quot;Flow Ability&quot;}\">Flow-F\u00e4higkeit<\/td>\n<td data-sheets-value=\"{&quot;1&quot;:2,&quot;2&quot;:&quot;Oxygen Content&quot;}\">Sauerstoffgehalt<\/td>\n<td data-sheets-value=\"{&quot;1&quot;:2,&quot;2&quot;:&quot;Tensile Strength&quot;}\">Zugfestigkeit<\/td>\n<td data-sheets-value=\"{&quot;1&quot;:2,&quot;2&quot;:&quot;Yield Strength&quot;}\">Streckgrenze<\/td>\n<td data-sheets-value=\"{&quot;1&quot;:2,&quot;2&quot;:&quot;Elongation&quot;}\">Dehnung<\/td>\n<\/tr>\n<tr>\n<td data-sheets-value=\"{&quot;1&quot;:2,&quot;2&quot;:&quot;AISi10Mg&quot;}\">AISi10Mg<\/td>\n<td colspan=\"1\" rowspan=\"4\" data-sheets-value=\"{&quot;1&quot;:2,&quot;2&quot;:&quot;15-53\u00b5m\\n45-105\u00b5m\\n75-150\u00b5m&quot;}\">\n<div>15-53\u00b5m<br \/>\n45-105\u00b5m<br \/>\n75-150\u00b5m<\/div>\n<\/td>\n<td data-sheets-value=\"{&quot;1&quot;:2,&quot;2&quot;:&quot;\u22651.35g\/cm\u00b3&quot;}\">\u22651,35g\/cm\u00b3<\/td>\n<td data-sheets-value=\"{&quot;1&quot;:2,&quot;2&quot;:&quot;\u226480s\/50g&quot;}\">\u226480s\/50g<\/td>\n<td data-sheets-value=\"{&quot;1&quot;:2,&quot;2&quot;:&quot;\u2264300ppm&quot;}\">\u2264300ppm<\/td>\n<td data-sheets-value=\"{&quot;1&quot;:2,&quot;2&quot;:&quot;300\u00b120Mpa &quot;}\">300 \u00b1 20 MPa<\/td>\n<td data-sheets-value=\"{&quot;1&quot;:2,&quot;2&quot;:&quot;200\u00b120Mpa &quot;}\">200 \u00b1 20 MPa<\/td>\n<td data-sheets-value=\"{&quot;1&quot;:2,&quot;2&quot;:&quot;20\u00b12%&quot;}\">20\u00b12%<\/td>\n<\/tr>\n<tr>\n<td data-sheets-value=\"{&quot;1&quot;:2,&quot;2&quot;:&quot;AMgScZr&quot;}\">AMgScZr<\/td>\n<td data-sheets-value=\"{&quot;1&quot;:2,&quot;2&quot;:&quot;\u22651.30g\/cm\u00b3&quot;}\">\u22651,30 g\/cm\u00b3<\/td>\n<td data-sheets-value=\"{&quot;1&quot;:2,&quot;2&quot;:&quot;\u226480s\/50g&quot;}\">\u226480s\/50g<\/td>\n<td data-sheets-value=\"{&quot;1&quot;:2,&quot;2&quot;:&quot;\u2264300ppm&quot;}\">\u2264300ppm<\/td>\n<td data-sheets-value=\"{&quot;1&quot;:2,&quot;2&quot;:&quot;545\u00b120Mpa &quot;}\">545 \u00b1 20 MPa<\/td>\n<td data-sheets-value=\"{&quot;1&quot;:2,&quot;2&quot;:&quot;500\u00b120Mpa &quot;}\">500 \u00b1 20 MPa<\/td>\n<td data-sheets-value=\"{&quot;1&quot;:2,&quot;2&quot;:&quot;10\u00b12%&quot;}\">10\u00b12%<\/td>\n<\/tr>\n<tr>\n<td data-sheets-value=\"{&quot;1&quot;:2,&quot;2&quot;:&quot;AK400 (can be anodized)&quot;}\">AK400 (kann eloxiert werden)<\/td>\n<td data-sheets-value=\"{&quot;1&quot;:2,&quot;2&quot;:&quot;\u22651.30g\/cm\u00b3&quot;}\">\u22651,30 g\/cm\u00b3<\/td>\n<td data-sheets-value=\"{&quot;1&quot;:2,&quot;2&quot;:&quot;\u226480s\/50g&quot;}\">\u226480s\/50g<\/td>\n<td data-sheets-value=\"{&quot;1&quot;:2,&quot;2&quot;:&quot;\u2264300ppm&quot;}\">\u2264300ppm<\/td>\n<td data-sheets-value=\"{&quot;1&quot;:2,&quot;2&quot;:&quot;430\u00b120Mpa &quot;}\">430 \u00b1 20 MPa<\/td>\n<td data-sheets-value=\"{&quot;1&quot;:2,&quot;2&quot;:&quot;300\u00b120Mpa &quot;}\">300 \u00b1 20 MPa<\/td>\n<td data-sheets-value=\"{&quot;1&quot;:2,&quot;2&quot;:&quot;10\u00b12%&quot;}\">10\u00b12%<\/td>\n<\/tr>\n<tr>\n<td data-sheets-value=\"{&quot;1&quot;:2,&quot;2&quot;:&quot;Pure aluminum powder (purity 99.8%)&quot;}\">Reines Aluminiumpulver (Reinheit 99,8%)<\/td>\n<td data-sheets-value=\"{&quot;1&quot;:2,&quot;2&quot;:&quot;\u22651.20g\/cm\u00b3&quot;}\">\u22651,20g\/cm\u00b3<\/td>\n<td data-sheets-value=\"{&quot;1&quot;:2,&quot;2&quot;:&quot;\u2264100s\/50g&quot;}\">\u2264100s\/50g<\/td>\n<td data-sheets-value=\"{&quot;1&quot;:2,&quot;2&quot;:&quot;\u22641000ppm&quot;}\">\u22641000 ppm<\/td>\n<td data-sheets-value=\"{&quot;1&quot;:2,&quot;2&quot;:&quot;\\\\&quot;}\">\\<\/td>\n<td data-sheets-value=\"{&quot;1&quot;:2,&quot;2&quot;:&quot;\\\\&quot;}\">\\<\/td>\n<td data-sheets-value=\"{&quot;1&quot;:2,&quot;2&quot;:&quot;\\\\&quot;}\">\\<\/td>\n<\/tr>\n<\/tbody>\n<\/table>\n<\/div>\n<p><img fetchpriority=\"high\" decoding=\"async\" class=\"size-medium wp-image-1409 aligncenter\" src=\"https:\/\/met3dp.sg\/wp-content\/uploads\/2023\/09\/ed7a94ec-3c10-4b1b-87ed--300x300.jpg\" alt=\"Serie Aluminiumlegierung\" width=\"300\" height=\"300\" title=\"\" srcset=\"https:\/\/met3dp.sg\/wp-content\/uploads\/2023\/09\/ed7a94ec-3c10-4b1b-87ed--300x300.jpg 300w, https:\/\/met3dp.sg\/wp-content\/uploads\/2023\/09\/ed7a94ec-3c10-4b1b-87ed--100x100.jpg 100w, https:\/\/met3dp.sg\/wp-content\/uploads\/2023\/09\/ed7a94ec-3c10-4b1b-87ed--150x150.jpg 150w, https:\/\/met3dp.sg\/wp-content\/uploads\/2023\/09\/ed7a94ec-3c10-4b1b-87ed-.jpg 600w\" sizes=\"(max-width: 300px) 100vw, 300px\" \/><\/p>\n<p><strong>Prozess<\/strong>: Vakuum-Luftzerst\u00e4ubungsmethode<\/p>\n<p><strong>Vorteile<\/strong>: niedriges Satellitenpulver\/Hohlpulver-Verh\u00e4ltnis, gute Flie\u00dff\u00e4higkeit, hohe Sph\u00e4rizit\u00e4t und hohe Sch\u00fcttdichte. Gedruckte Fertigteile weisen eine hohe Korrosionsbest\u00e4ndigkeit, geringe Dichte und mechanische Festigkeit auf<br \/>\nHoher W\u00e4rmebehandlungsgrad, der weniger W\u00e4rmebehandlung erfordert als Gussteile<\/p>\n<p><strong>Anmeldung<\/strong>: 3D-Druck von Leichtbauteilen, Halterungen und anderen Strukturteilen, W\u00e4rmeableitungskomponenten usw. in der Luft- und Raumfahrt, im Automobilbau und anderen Branchen<\/p>\n<p><strong>Verpackung<\/strong>: Aluminiumfolienbeutel\/Plastikflaschen\/Eisenf\u00e4sser und andere gew\u00f6hnliche Verpackungen oder Vakuumverpackungen usw.<\/p>\n<div id=\"gtx-trans\" style=\"position: absolute; left: -59px; top: 433px;\">\n<div class=\"gtx-trans-icon\"><\/div>\n<\/div>","protected":false},"excerpt":{"rendered":"<p>Die Familie der Aluminiumlegierungen ist eine Materialfamilie mit einer Vielzahl einzigartiger Eigenschaften und Anwendungsbereiche. Ihre Eigenschaften h\u00e4ngen haupts\u00e4chlich von den darin enthaltenen Legierungselementen und deren Anteilen ab. Diese Sortimente bieten vielf\u00e4ltige M\u00f6glichkeiten, den Anforderungen unterschiedlicher Branchen gerecht zu werden. Lassen Sie uns die Merkmale und typischen Anwendungen der einzelnen Serien erkunden, um besser zu verstehen, wie Sie das beste Aluminiumlegierungsmaterial f\u00fcr Ihr Projekt ausw\u00e4hlen.<\/p>","protected":false},"featured_media":2044,"comment_status":"open","ping_status":"closed","template":"","meta":[],"product_brand":[],"product_cat":[31,43],"product_tag":[],"class_list":{"0":"post-1710","1":"product","2":"type-product","3":"status-publish","4":"has-post-thumbnail","6":"product_cat-3d-printing-metal-powder","7":"product_cat-aluminum-based-alloy-powder","9":"first","10":"instock","11":"shipping-taxable","12":"product-type-simple"},"_links":{"self":[{"href":"https:\/\/met3dp.sg\/de\/wp-json\/wp\/v2\/product\/1710","targetHints":{"allow":["GET"]}}],"collection":[{"href":"https:\/\/met3dp.sg\/de\/wp-json\/wp\/v2\/product"}],"about":[{"href":"https:\/\/met3dp.sg\/de\/wp-json\/wp\/v2\/types\/product"}],"replies":[{"embeddable":true,"href":"https:\/\/met3dp.sg\/de\/wp-json\/wp\/v2\/comments?post=1710"}],"wp:featuredmedia":[{"embeddable":true,"href":"https:\/\/met3dp.sg\/de\/wp-json\/wp\/v2\/media\/2044"}],"wp:attachment":[{"href":"https:\/\/met3dp.sg\/de\/wp-json\/wp\/v2\/media?parent=1710"}],"wp:term":[{"taxonomy":"product_brand","embeddable":true,"href":"https:\/\/met3dp.sg\/de\/wp-json\/wp\/v2\/product_brand?post=1710"},{"taxonomy":"product_cat","embeddable":true,"href":"https:\/\/met3dp.sg\/de\/wp-json\/wp\/v2\/product_cat?post=1710"},{"taxonomy":"product_tag","embeddable":true,"href":"https:\/\/met3dp.sg\/de\/wp-json\/wp\/v2\/product_tag?post=1710"}],"curies":[{"name":"wp","href":"https:\/\/api.w.org\/{rel}","templated":true}]}}