{"id":1706,"date":"2023-09-20T06:54:01","date_gmt":"2023-09-20T06:54:01","guid":{"rendered":"https:\/\/site3.easyceotech.com\/?post_type=product&#038;p=1706"},"modified":"2023-10-18T12:21:39","modified_gmt":"2023-10-18T12:21:39","slug":"pure-copper-powder","status":"publish","type":"product","link":"https:\/\/met3dp.sg\/de\/product\/pure-copper-powder\/","title":{"rendered":"Reines Kupferpulver"},"content":{"rendered":"<h2>\u00dcberblick \u00fcber reines Kupferpulver<\/h2>\n<p class=\"whitespace-pre-wrap\">Reines Kupferpulver enth\u00e4lt einen Kupfergehalt von 99,5% oder mehr. Es bietet eine hervorragende thermische und elektrische Leitf\u00e4higkeit in Kombination mit guter Korrosionsbest\u00e4ndigkeit, L\u00f6tbarkeit und Biokompatibilit\u00e4t.<\/p>\n<p class=\"whitespace-pre-wrap\">Die wichtigsten Eigenschaften und Vorteile von reinem Kupferpulver:<\/p>\n<p class=\"whitespace-pre-wrap\"><strong>Eigenschaften und Merkmale des reinen Kupferpulvers<\/strong><\/p>\n<table>\n<thead>\n<tr>\n<th>Eigenschaften<\/th>\n<th>Einzelheiten<\/th>\n<\/tr>\n<\/thead>\n<tbody>\n<tr>\n<td>Zusammensetzung<\/td>\n<td>99,5% oder h\u00f6herer Kupfergehalt<\/td>\n<\/tr>\n<tr>\n<td>Dichte<\/td>\n<td>8,94 g\/cm\u00b3<\/td>\n<\/tr>\n<tr>\n<td>Partikelform<\/td>\n<td>kugelf\u00f6rmig, unregelm\u00e4\u00dfig<\/td>\n<\/tr>\n<tr>\n<td>Gr\u00f6\u00dfenbereich<\/td>\n<td>1-150 Mikrometer<\/td>\n<\/tr>\n<tr>\n<td>Scheinbare Dichte<\/td>\n<td>Bis zu 50% wahre Dichte<\/td>\n<\/tr>\n<tr>\n<td>Leitf\u00e4higkeit<\/td>\n<td>Hervorragend, nur von Silber \u00fcbertroffen<\/td>\n<\/tr>\n<tr>\n<td>L\u00f6tbarkeit<\/td>\n<td>Ausgezeichnet durch Oxidationsbest\u00e4ndigkeit<\/td>\n<\/tr>\n<tr>\n<td>Biokompatibilit\u00e4t<\/td>\n<td>Hoch, sicher f\u00fcr den Kontakt mit Lebensmitteln<\/td>\n<\/tr>\n<\/tbody>\n<\/table>\n<p class=\"whitespace-pre-wrap\">Reines Kupferpulver ist ideal f\u00fcr Anwendungen wie Schwei\u00dfprodukte, L\u00f6tlegierungen, Reibmaterialien, Diamantwerkzeuge, elektrische Kontakte und Metallspritzguss.<\/p>\n<h2>Reines Kupferpulver Zusammensetzung<\/h2>\n<p class=\"whitespace-pre-wrap\">Typische Zusammensetzung von reinem Kupferpulver:<\/p>\n<p class=\"whitespace-pre-wrap\"><strong>Reines Kupferpulver Zusammensetzung<\/strong><\/p>\n<table>\n<thead>\n<tr>\n<th>Element<\/th>\n<th>Gewicht %<\/th>\n<\/tr>\n<\/thead>\n<tbody>\n<tr>\n<td>Kupfer (Cu)<\/td>\n<td>99.5% min<\/td>\n<\/tr>\n<tr>\n<td>Sauerstoff (O)<\/td>\n<td>0,05% max<\/td>\n<\/tr>\n<tr>\n<td>Blei (Pb)<\/td>\n<td>0,005% max<\/td>\n<\/tr>\n<tr>\n<td>Andere Verunreinigungen<\/td>\n<td>0,005% max<\/td>\n<\/tr>\n<\/tbody>\n<\/table>\n<ul class=\"list-disc pl-8 space-y-2\">\n<li class=\"whitespace-normal\">Kupfer bietet hervorragende Leitf\u00e4higkeit und Korrosionsbest\u00e4ndigkeit<\/li>\n<li class=\"whitespace-normal\">Als Verunreinigung vorhandener Sauerstoff beeinflusst die Leitf\u00e4higkeit und das Sintern<\/li>\n<li class=\"whitespace-normal\">Blei und andere Verunreinigungen werden sorgf\u00e4ltig kontrolliert<\/li>\n<\/ul>\n<p class=\"whitespace-pre-wrap\">Der hohe Kupfergehalt, der geringe Oxidanteil und die minimalen Verunreinigungen f\u00fchren zu einer hervorragenden elektrischen und thermischen Leitf\u00e4higkeit in Verbindung mit guten mechanischen Eigenschaften.<\/p>\n<p><img fetchpriority=\"high\" decoding=\"async\" class=\"alignnone size-medium wp-image-1409\" src=\"https:\/\/met3dp.sg\/wp-content\/uploads\/2023\/09\/ed7a94ec-3c10-4b1b-87ed--300x300.jpg\" alt=\"Reines Kupferpulver\" width=\"300\" height=\"300\" title=\"\" srcset=\"https:\/\/met3dp.sg\/wp-content\/uploads\/2023\/09\/ed7a94ec-3c10-4b1b-87ed--300x300.jpg 300w, https:\/\/met3dp.sg\/wp-content\/uploads\/2023\/09\/ed7a94ec-3c10-4b1b-87ed--100x100.jpg 100w, https:\/\/met3dp.sg\/wp-content\/uploads\/2023\/09\/ed7a94ec-3c10-4b1b-87ed--150x150.jpg 150w, https:\/\/met3dp.sg\/wp-content\/uploads\/2023\/09\/ed7a94ec-3c10-4b1b-87ed-.jpg 600w\" sizes=\"(max-width: 300px) 100vw, 300px\" \/><\/p>\n<h2>Reines Kupferpulver Physikalische Eigenschaften<\/h2>\n<p class=\"whitespace-pre-wrap\"><strong>Reines Kupferpulver Physikalische Eigenschaften<\/strong><\/p>\n<table>\n<thead>\n<tr>\n<th>Eigentum<\/th>\n<th>Werte<\/th>\n<\/tr>\n<\/thead>\n<tbody>\n<tr>\n<td>Dichte<\/td>\n<td>8,94 g\/cm\u00b3<\/td>\n<\/tr>\n<tr>\n<td>Schmelzpunkt<\/td>\n<td>1083\u00b0C<\/td>\n<\/tr>\n<tr>\n<td>W\u00e4rmeleitf\u00e4higkeit<\/td>\n<td>400 W\/mK<\/td>\n<\/tr>\n<tr>\n<td>Elektrischer Widerstand<\/td>\n<td>1,72 \u03bc\u03a9-cm<\/td>\n<\/tr>\n<tr>\n<td>Rekristallisationstemperatur<\/td>\n<td>200\u2013300 \u00b0C<\/td>\n<\/tr>\n<tr>\n<td>Curie-Temperatur<\/td>\n<td>-269\u00b0C<\/td>\n<\/tr>\n<\/tbody>\n<\/table>\n<ul class=\"list-disc pl-8 space-y-2\">\n<li class=\"whitespace-normal\">Hohe Dichte im Vergleich zu Magnesium oder Aluminium<\/li>\n<li class=\"whitespace-normal\">Hervorragende W\u00e4rmeleitf\u00e4higkeit zur W\u00e4rmeableitung<\/li>\n<li class=\"whitespace-normal\">Ein niedriger elektrischer Widerstand sorgt f\u00fcr eine hohe Leitf\u00e4higkeit<\/li>\n<li class=\"whitespace-normal\">Die Rekristallisation erm\u00f6glicht das Sintern und verbessert die Duktilit\u00e4t<\/li>\n<li class=\"whitespace-normal\">Widerstand steigt \u00fcber den Curie-Punkt<\/li>\n<\/ul>\n<p class=\"whitespace-pre-wrap\">Aufgrund dieser Eigenschaften eignet sich reines Kupfer f\u00fcr hochleitende Bauteile wie elektrische Kontakte und B\u00fcrsten.<\/p>\n<h2>Reines Kupferpulver Mechanische Eigenschaften<\/h2>\n<p class=\"whitespace-pre-wrap\"><strong>Reines Kupferpulver Mechanische Eigenschaften<\/strong><\/p>\n<table>\n<thead>\n<tr>\n<th>Eigentum<\/th>\n<th>Werte<\/th>\n<\/tr>\n<\/thead>\n<tbody>\n<tr>\n<td>Zugfestigkeit<\/td>\n<td>220-340 MPa<\/td>\n<\/tr>\n<tr>\n<td>Streckgrenze<\/td>\n<td>69-172 MPa<\/td>\n<\/tr>\n<tr>\n<td>Dehnung<\/td>\n<td>35-60%<\/td>\n<\/tr>\n<tr>\n<td>H\u00e4rte<\/td>\n<td>45-90 HB<\/td>\n<\/tr>\n<tr>\n<td>Elastizit\u00e4tsmodul<\/td>\n<td>110\u2013130 GPa<\/td>\n<\/tr>\n<tr>\n<td>Druckfestigkeit<\/td>\n<td>500-700 MPa<\/td>\n<\/tr>\n<\/tbody>\n<\/table>\n<ul class=\"list-disc pl-8 space-y-2\">\n<li class=\"whitespace-normal\">Gute Kombination von Festigkeit und sehr hoher Duktilit\u00e4t<\/li>\n<li class=\"whitespace-normal\">Relativ geringe H\u00e4rte und hohe Formbarkeit<\/li>\n<li class=\"whitespace-normal\">M\u00e4\u00dfige Festigkeit im Vergleich zu hochfesten Legierungen<\/li>\n<li class=\"whitespace-normal\">Die Eigenschaften h\u00e4ngen von Faktoren wie Porosit\u00e4t und Korngr\u00f6\u00dfe ab<\/li>\n<\/ul>\n<p class=\"whitespace-pre-wrap\">Aufgrund dieser Eigenschaften eignet sich reines Kupfer f\u00fcr weiche, hochleitf\u00e4hige Bauteile, die eine gute Verformungs- und Druckfestigkeit erfordern.<\/p>\n<h2>Reines Kupferpulver Anwendungen<\/h2>\n<p class=\"whitespace-pre-wrap\">Typische Anwendungen von reinem Kupferpulver sind:<\/p>\n<p class=\"whitespace-pre-wrap\"><strong>Reines Kupferpulver Anwendungen<\/strong><\/p>\n<table>\n<thead>\n<tr>\n<th>Industrie<\/th>\n<th>Verwendet<\/th>\n<\/tr>\n<\/thead>\n<tbody>\n<tr>\n<td>Elektroger\u00e4te<\/td>\n<td>Kontakte, B\u00fcrsten, Schwei\u00dfelektroden<\/td>\n<\/tr>\n<tr>\n<td>Elektronik<\/td>\n<td>Leitf\u00e4hige Klebstoffe, RF-Abschirmung<\/td>\n<\/tr>\n<tr>\n<td>Automobilindustrie<\/td>\n<td>B\u00fcrsten, Buchsen, Lager<\/td>\n<\/tr>\n<tr>\n<td>Industriell<\/td>\n<td>Diamantwerkzeuge, Gussformen<\/td>\n<\/tr>\n<tr>\n<td>Herstellung<\/td>\n<td>L\u00f6tlegierungen, Pulvermetallurgie<\/td>\n<\/tr>\n<tr>\n<td>Reibungsprodukte<\/td>\n<td>Bremsbel\u00e4ge, Kupplungsscheiben<\/td>\n<\/tr>\n<\/tbody>\n<\/table>\n<p class=\"whitespace-pre-wrap\">Einige spezifische Produktanwendungen:<\/p>\n<ul class=\"list-disc pl-8 space-y-2\">\n<li class=\"whitespace-normal\">Elektrische Gleitkontakte und B\u00fcrsten<\/li>\n<li class=\"whitespace-normal\">K\u00fchlk\u00f6rper und W\u00e4rmemanagementkomponenten<\/li>\n<li class=\"whitespace-normal\">Schwei\u00dfdr\u00e4hte, L\u00f6tpasten und L\u00f6tzusatzwerkstoffe<\/li>\n<li class=\"whitespace-normal\">Metallmatrix-Verbundwerkstoffe wie Diamantwerkzeuge<\/li>\n<li class=\"whitespace-normal\">Im Metall-Spritzgie\u00dfverfahren hergestellte Netzformteile<\/li>\n<li class=\"whitespace-normal\">Pumpenbuchsen, Laufr\u00e4der und andere Verschlei\u00dfteile<\/li>\n<\/ul>\n<p class=\"whitespace-pre-wrap\">Dank seiner hohen Leitf\u00e4higkeit, Korrosionsbest\u00e4ndigkeit, Biokompatibilit\u00e4t und m\u00e4\u00dfigen Festigkeit eignet sich reines Kupfer f\u00fcr eine Vielzahl von elektrischen, thermischen und m\u00e4\u00dfig verschlei\u00dfenden Anwendungen in allen Branchen.<\/p>\n<h2>Reines Kupferpulver Spezifikationen<\/h2>\n<p class=\"whitespace-pre-wrap\">Zu den wichtigsten Spezifikationen f\u00fcr reines Kupferpulver geh\u00f6ren:<\/p>\n<p class=\"whitespace-pre-wrap\"><strong>Reines Kupferpulver Spezifikationen<\/strong><\/p>\n<table>\n<thead>\n<tr>\n<th>Standard<\/th>\n<th>Beschreibung<\/th>\n<\/tr>\n<\/thead>\n<tbody>\n<tr>\n<td>ASTM B602<\/td>\n<td>Spezifikation f\u00fcr hochreines elektrolytisches Kupferpulver<\/td>\n<\/tr>\n<tr>\n<td>JIS H2111<\/td>\n<td>Spezifikationen f\u00fcr elektrolytische Kupfer- und Kupferlegierungspulver<\/td>\n<\/tr>\n<tr>\n<td>ISO 3497<\/td>\n<td>Spezifikation f\u00fcr Kupferpulver f\u00fcr allgemeine Zwecke<\/td>\n<\/tr>\n<tr>\n<td>ASTM B243<\/td>\n<td>Hinweise zu Sch\u00fcttdichte und Durchflussmenge<\/td>\n<\/tr>\n<\/tbody>\n<\/table>\n<p class=\"whitespace-pre-wrap\">Diese definieren:<\/p>\n<ul class=\"list-disc pl-8 space-y-2\">\n<li class=\"whitespace-normal\">Kupfergehalt mindestens 99,5%<\/li>\n<li class=\"whitespace-normal\">Grenzwerte f\u00fcr Verunreinigungen wie Sauerstoff und Blei<\/li>\n<li class=\"whitespace-normal\">Erforderliche Pulvereigenschaften<\/li>\n<li class=\"whitespace-normal\">Scheinbare Dichte und Durchflussmenge<\/li>\n<li class=\"whitespace-normal\">Zugelassenes Herstellungsverfahren - elektrolytisch<\/li>\n<li class=\"whitespace-normal\">Probenahme- und Testprotokolle<\/li>\n<\/ul>\n<p class=\"whitespace-pre-wrap\">Die Erf\u00fcllung dieser Spezifikationen gew\u00e4hrleistet die Eignung f\u00fcr Anwendungen, die eine hohe thermische und elektrische Leitf\u00e4higkeit in Kombination mit guten mechanischen Eigenschaften erfordern.<\/p>\n<h2>Reines Kupferpulver Partikelgr\u00f6\u00dfen<\/h2>\n<p class=\"whitespace-pre-wrap\"><strong>Reines Kupferpulver Partikelgr\u00f6\u00dfenverteilung<\/strong><\/p>\n<table>\n<thead>\n<tr>\n<th>Gr\u00f6\u00dfe<\/th>\n<th>Merkmale<\/th>\n<\/tr>\n<\/thead>\n<tbody>\n<tr>\n<td>1-10 Mikrometer<\/td>\n<td>Ultrafeine Qualit\u00e4t f\u00fcr die Mikroelektronik<\/td>\n<\/tr>\n<tr>\n<td>10-30 Mikrometer<\/td>\n<td>Feine, zum Sintern geeignete Sorte<\/td>\n<\/tr>\n<tr>\n<td>30-150 Mikrometer<\/td>\n<td>Grobe Sorte hat guten Fluss zum Pressen<\/td>\n<\/tr>\n<\/tbody>\n<\/table>\n<ul class=\"list-disc pl-8 space-y-2\">\n<li class=\"whitespace-normal\">Feinere Gr\u00f6\u00dfen bieten eine h\u00f6here Sinterdichte<\/li>\n<li class=\"whitespace-normal\">Gr\u00f6beres Pulver hat eine bessere Flie\u00dff\u00e4higkeit<\/li>\n<li class=\"whitespace-normal\">Ma\u00dfgeschneiderter Gr\u00f6\u00dfenbereich f\u00fcr die jeweilige Anwendung<\/li>\n<li class=\"whitespace-normal\">Sowohl kugelf\u00f6rmige als auch unregelm\u00e4\u00dfige Formen verf\u00fcgbar<\/li>\n<\/ul>\n<p class=\"whitespace-pre-wrap\">Die Steuerung der Partikelgr\u00f6\u00dfenverteilung optimiert das Pressverhalten, die Sinterdichte und die endg\u00fcltigen Teileigenschaften.<\/p>\n<h2>Reines Kupferpulver Scheinbare Dichte<\/h2>\n<p class=\"whitespace-pre-wrap\"><strong>Reines Kupferpulver Scheinbare Dichte<\/strong><\/p>\n<table>\n<thead>\n<tr>\n<th>Scheinbare Dichte<\/th>\n<th>Einzelheiten<\/th>\n<\/tr>\n<\/thead>\n<tbody>\n<tr>\n<td>Bis zu 50% wahre Dichte<\/td>\n<td>F\u00fcr unregelm\u00e4\u00dfige Pulvermorphologie<\/td>\n<\/tr>\n<tr>\n<td>3,5\u20135,0 g\/cm\u00b3 typisch<\/td>\n<td>Verbessert sich mit h\u00f6herer Packungsdichte<\/td>\n<\/tr>\n<\/tbody>\n<\/table>\n<ul class=\"list-disc pl-8 space-y-2\">\n<li class=\"whitespace-normal\">H\u00f6here Sch\u00fcttdichte verbessert den Pulverfluss und die Kompressibilit\u00e4t<\/li>\n<li class=\"whitespace-normal\">Unregelm\u00e4\u00dfige Morphologie begrenzt maximale Packungsdichte<\/li>\n<li class=\"whitespace-normal\">Mit kugelf\u00f6rmigem Pulver sind Werte bis zu 60% erreichbar<\/li>\n<li class=\"whitespace-normal\">Hohe Sch\u00fcttdichte erm\u00f6glicht leichtere Verdichtung<\/li>\n<\/ul>\n<p class=\"whitespace-pre-wrap\">Eine h\u00f6here Sch\u00fcttdichte f\u00fchrt zu einem effizienteren Pressen und Sintern des Pulvers bis zur vollen Dichte.<\/p>\n<h2>Produktion von reinem Kupferpulver<\/h2>\n<p class=\"whitespace-pre-wrap\"><strong>Produktion von reinem Kupferpulver<\/strong><\/p>\n<table>\n<thead>\n<tr>\n<th>Methode<\/th>\n<th>Einzelheiten<\/th>\n<\/tr>\n<\/thead>\n<tbody>\n<tr>\n<td>Elektrolyse<\/td>\n<td>Kupferkathoden, die anodisch in Cu+-Ionen aufgel\u00f6st und auf Kathoden aus rostfreiem Stahl abgeschieden werden<\/td>\n<\/tr>\n<tr>\n<td>Kugelmahlen<\/td>\n<td>Grobes Pulver wird zerkleinert und in bestimmte Gr\u00f6\u00dfen eingeteilt<\/td>\n<\/tr>\n<tr>\n<td>Gl\u00fchen<\/td>\n<td>Erweicht die Pulverpartikel und verbessert die Kompressibilit\u00e4t<\/td>\n<\/tr>\n<tr>\n<td>Reduzierende Atmosph\u00e4re<\/td>\n<td>Verhindert die Oxidation von Partikeln w\u00e4hrend der Produktion<\/td>\n<\/tr>\n<\/tbody>\n<\/table>\n<ul class=\"list-disc pl-8 space-y-2\">\n<li class=\"whitespace-normal\">Automatisierter elektrolytischer Prozess erm\u00f6glicht Produktion in gro\u00dfem Ma\u00dfstab<\/li>\n<li class=\"whitespace-normal\">Mahlen und Sieben sorgt f\u00fcr eine kontrollierte Partikelgr\u00f6\u00dfenverteilung<\/li>\n<li class=\"whitespace-normal\">Gl\u00fchen erleichtert das Pressen und die Handhabung<\/li>\n<li class=\"whitespace-normal\">Strenge Prozesskontrolle gew\u00e4hrleistet hohe Reinheit und reproduzierbare Qualit\u00e4t<\/li>\n<\/ul>\n<h2>Preise f\u00fcr reines Kupferpulver<\/h2>\n<p class=\"whitespace-pre-wrap\"><strong>Preise f\u00fcr reines Kupferpulver<\/strong><\/p>\n<table>\n<thead>\n<tr>\n<th>Faktor<\/th>\n<th>Auswirkungen auf den Preis<\/th>\n<\/tr>\n<\/thead>\n<tbody>\n<tr>\n<td>Reinheitsgrad<\/td>\n<td>H\u00f6here Reinheit erh\u00f6ht die Kosten<\/td>\n<\/tr>\n<tr>\n<td>Partikelgr\u00f6\u00dfe<\/td>\n<td>Ultrafeines Pulver ist teurer<\/td>\n<\/tr>\n<tr>\n<td>Bestellmenge<\/td>\n<td>Gro\u00dfbestellungen haben niedrigere St\u00fcckpreise<\/td>\n<\/tr>\n<tr>\n<td>Produktionsverfahren<\/td>\n<td>Zus\u00e4tzliche Verarbeitung erh\u00f6ht die Kosten<\/td>\n<\/tr>\n<tr>\n<td>Verpackung<\/td>\n<td>Spezielle Verpackungen wie Vakuumversiegelung erh\u00f6hen die Kosten<\/td>\n<\/tr>\n<\/tbody>\n<\/table>\n<p class=\"whitespace-pre-wrap\"><strong>Vorl\u00e4ufige Preisgestaltung<\/strong><\/p>\n<ul class=\"list-disc pl-8 space-y-2\">\n<li class=\"whitespace-normal\">Ultrafeines reines Kupferpulver: $15-25 pro kg<\/li>\n<li class=\"whitespace-normal\">Grobes reines Kupferpulver: $10-15 pro kg<\/li>\n<li class=\"whitespace-normal\">Die Preise f\u00fcr gro\u00dfe Mengen k\u00f6nnen um 40% niedriger sein<\/li>\n<\/ul>\n<p class=\"whitespace-pre-wrap\">Der Preis h\u00e4ngt von der Reinheit, der Partikelgr\u00f6\u00dfe, dem Herstellungsverfahren, der Bestellmenge, der Verpackung usw. ab.<\/p>\n<h2>Lieferanten von reinem Kupferpulver<\/h2>\n<p class=\"whitespace-pre-wrap\"><strong>Lieferanten von reinem Kupferpulver<\/strong><\/p>\n<table>\n<thead>\n<tr>\n<th>Unternehmen<\/th>\n<th>Standort<\/th>\n<\/tr>\n<\/thead>\n<tbody>\n<tr>\n<td>Kymera International<\/td>\n<td>USA<\/td>\n<\/tr>\n<tr>\n<td>GGP Metallpulver<\/td>\n<td>Deutschland<\/td>\n<\/tr>\n<tr>\n<td>Amerikanische Chemet Corporation<\/td>\n<td>USA<\/td>\n<\/tr>\n<tr>\n<td>Shanghai CNPC-Pulvermaterial<\/td>\n<td>China<\/td>\n<\/tr>\n<tr>\n<td>Mitsui Kinzoku<\/td>\n<td>Japan<\/td>\n<\/tr>\n<tr>\n<td>Kern<\/td>\n<td>Frankreich<\/td>\n<\/tr>\n<\/tbody>\n<\/table>\n<p class=\"whitespace-pre-wrap\">Auswahlfaktoren f\u00fcr Lieferanten:<\/p>\n<ul class=\"list-disc pl-8 space-y-2\">\n<li class=\"whitespace-normal\">Angebotene Reinheitsgrade und -stufen<\/li>\n<li class=\"whitespace-normal\">Produktionskapazit\u00e4t und Vorlaufzeiten<\/li>\n<li class=\"whitespace-normal\">Durchschnittliche Partikelgr\u00f6\u00dfenbereiche<\/li>\n<li class=\"whitespace-normal\">Anpassung der Gr\u00f6\u00dfenverteilung<\/li>\n<li class=\"whitespace-normal\">Verpackungsoptionen und Bestellmengen<\/li>\n<li class=\"whitespace-normal\">Volumenabh\u00e4ngige Preisgestaltung<\/li>\n<li class=\"whitespace-normal\">Einhaltung internationaler Spezifikationen<\/li>\n<\/ul>\n<h2>Handhabung und Lagerung von Reinkupferpulver<\/h2>\n<p class=\"whitespace-pre-wrap\"><strong>Handhabung von reinem Kupferpulver<\/strong><\/p>\n<table>\n<thead>\n<tr>\n<th>Empfehlung<\/th>\n<th>Grund<\/th>\n<\/tr>\n<\/thead>\n<tbody>\n<tr>\n<td>Richtige Bel\u00fcftung sicherstellen<\/td>\n<td>Vermeiden Sie den Kontakt mit feinen Partikeln<\/td>\n<\/tr>\n<tr>\n<td>Geeignete PSA verwenden<\/td>\n<td>Vermeiden Sie versehentliches Verschlucken<\/td>\n<\/tr>\n<tr>\n<td>Befolgen Sie sichere Protokolle<\/td>\n<td>Verringerung der Gesundheitsgefahren<\/td>\n<\/tr>\n<tr>\n<td>Vermeiden Sie Z\u00fcndquellen<\/td>\n<td>Gefahr durch brennbaren Staub<\/td>\n<\/tr>\n<tr>\n<td>Bodenausr\u00fcstung<\/td>\n<td>Verhinderung statischer Entladung<\/td>\n<\/tr>\n<tr>\n<td>Verwenden Sie funkenfreie Werkzeuge<\/td>\n<td>Verhinderung einer m\u00f6glichen Entz\u00fcndung<\/td>\n<\/tr>\n<\/tbody>\n<\/table>\n<p class=\"whitespace-pre-wrap\"><strong>Empfehlungen zur Lagerung<\/strong><\/p>\n<ul class=\"list-disc pl-8 space-y-2\">\n<li class=\"whitespace-normal\">In stabilen Beh\u00e4ltern an einem k\u00fchlen, trockenen Ort lagern<\/li>\n<li class=\"whitespace-normal\">Exposition gegen\u00fcber S\u00e4uren, Ammoniak, Acetylen begrenzen<\/li>\n<li class=\"whitespace-normal\">Halten Sie die Temperaturen unter 30 \u00b0C<\/li>\n<\/ul>\n<p class=\"whitespace-pre-wrap\">Richtige Vorsichtsma\u00dfnahmen bei der Handhabung und Lagerung helfen, die Reinheit zu bewahren und Sicherheitsprobleme zu vermeiden.<\/p>\n<h2>Inspektion und Pr\u00fcfung von reinem Kupferpulver<\/h2>\n<p class=\"whitespace-pre-wrap\"><strong>Pr\u00fcfung von Reinkupferpulver<\/strong><\/p>\n<table>\n<thead>\n<tr>\n<th>Test<\/th>\n<th>Einzelheiten<\/th>\n<\/tr>\n<\/thead>\n<tbody>\n<tr>\n<td>Chemische Analyse<\/td>\n<td>ICP oder XRF pr\u00fcft die Zusammensetzung<\/td>\n<\/tr>\n<tr>\n<td>Partikelgr\u00f6\u00dfenverteilung<\/td>\n<td>Laserbeugungsanalyse<\/td>\n<\/tr>\n<tr>\n<td>Scheinbare Dichte<\/td>\n<td>Hall-Durchflussmessertest gem\u00e4\u00df ASTM B212<\/td>\n<\/tr>\n<tr>\n<td>Morphologie des Pulvers<\/td>\n<td>SEM-Bildgebung der Partikelform<\/td>\n<\/tr>\n<tr>\n<td>Pr\u00fcfung der Gewindebohrerdichte<\/td>\n<td>Dichte gemessen nach mechanischem Klopfen<\/td>\n<\/tr>\n<tr>\n<td>Analyse der Durchflussmenge<\/td>\n<td>Schwerkraftfluss durch einen bestimmten Trichter<\/td>\n<\/tr>\n<\/tbody>\n<\/table>\n<p class=\"whitespace-pre-wrap\">Durch die Pr\u00fcfung wird sichergestellt, dass das Pulver den erforderlichen Reinheitsgrad, die Partikeleigenschaften, die Dichtespezifikationen, die Morphologie und die Flie\u00dff\u00e4higkeit gem\u00e4\u00df den geltenden Normen erf\u00fcllt.<\/p>\n<h2>Reines Kupferpulver Pro und Kontra<\/h2>\n<p class=\"whitespace-pre-wrap\"><strong>Vorteile von reinem Kupferpulver<\/strong><\/p>\n<ul class=\"list-disc pl-8 space-y-2\">\n<li class=\"whitespace-normal\">Ausgezeichnete thermische und elektrische Leitf\u00e4higkeit<\/li>\n<li class=\"whitespace-normal\">Gute Korrosionsbest\u00e4ndigkeit und Biokompatibilit\u00e4t<\/li>\n<li class=\"whitespace-normal\">Hohe Reinheit sorgt f\u00fcr optimale Leistung<\/li>\n<li class=\"whitespace-normal\">Leicht zu sintern und zu hochdichten Komponenten zu verdichten<\/li>\n<li class=\"whitespace-normal\">Duktil und verformbar<\/li>\n<li class=\"whitespace-normal\">Recycelbar und umweltvertr\u00e4glich<\/li>\n<\/ul>\n<p class=\"whitespace-pre-wrap\"><strong>Beschr\u00e4nkungen von reinem Kupferpulver<\/strong><\/p>\n<ul class=\"list-disc pl-8 space-y-2\">\n<li class=\"whitespace-normal\">Geringere Festigkeit als bei vielen Legierungspulvern<\/li>\n<li class=\"whitespace-normal\">M\u00e4\u00dfige Oxidationsbest\u00e4ndigkeit bei hohen Temperaturen<\/li>\n<li class=\"whitespace-normal\">Schwer im Vergleich zu Magnesium oder Aluminium<\/li>\n<li class=\"whitespace-normal\">Nicht geeignet f\u00fcr Anwendungen mit hohem Verschlei\u00df oder hoher Belastung<\/li>\n<li class=\"whitespace-normal\">Empfindlich gegen\u00fcber Verunreinigungen durch Zink und Schwefel<\/li>\n<li class=\"whitespace-normal\">L\u00e4uft im Laufe der Zeit allm\u00e4hlich an, wenn es nicht beschichtet ist<\/li>\n<\/ul>\n<h2>Vergleich mit Messing- und Bronzepulver<\/h2>\n<p class=\"whitespace-pre-wrap\"><strong>Reines Kupfer vs. Messing- und Bronzepulver<\/strong><\/p>\n<table>\n<thead>\n<tr>\n<th>Parameter<\/th>\n<th>Reines Kupfer<\/th>\n<th>Messing\/Bronze<\/th>\n<\/tr>\n<\/thead>\n<tbody>\n<tr>\n<td>Dichte<\/td>\n<td>8,94 g\/cm\u00b3<\/td>\n<td>8,7-8,8 g\/cc<\/td>\n<\/tr>\n<tr>\n<td>St\u00e4rke<\/td>\n<td>220-340 MPa<\/td>\n<td>350-550 MPa<\/td>\n<\/tr>\n<tr>\n<td>Leitf\u00e4higkeit<\/td>\n<td>Ausgezeichnet<\/td>\n<td>Gut<\/td>\n<\/tr>\n<tr>\n<td>Korrosionsbest\u00e4ndigkeit<\/td>\n<td>Ausgezeichnet<\/td>\n<td>Gut<\/td>\n<\/tr>\n<tr>\n<td>Kosten<\/td>\n<td>Niedrig<\/td>\n<td>M\u00e4\u00dfig<\/td>\n<\/tr>\n<tr>\n<td>Verwendet<\/td>\n<td>Elektrisch, thermisch<\/td>\n<td>Hardware, dekorativ<\/td>\n<\/tr>\n<\/tbody>\n<\/table>\n<ul class=\"list-disc pl-8 space-y-2\">\n<li class=\"whitespace-normal\">Reines Kupfer hat eine h\u00f6here Leitf\u00e4higkeit und Duktilit\u00e4t<\/li>\n<li class=\"whitespace-normal\">Messing\/Bronze bieten h\u00f6here Festigkeit<\/li>\n<li class=\"whitespace-normal\">Reines Kupfer besser f\u00fcr das W\u00e4rmemanagement geeignet<\/li>\n<li class=\"whitespace-normal\">Messing\/Bronze f\u00fcr Beschl\u00e4ge und Dekorationsartikel<\/li>\n<\/ul>\n<h2>Reines Kupferpulver FAQs<\/h2>\n<p class=\"whitespace-pre-wrap\"><strong>F: Was sind die wichtigsten Anwendungen von reinem Kupferpulver?<\/strong><\/p>\n<p class=\"whitespace-pre-wrap\">A: Zu den Hauptanwendungen geh\u00f6ren elektrische Kontakte und B\u00fcrsten, Schwei\u00dfdr\u00e4hte, Hartl\u00f6tlegierungen, Diamantwerkzeuge, W\u00e4rmesenken, pulvermetallurgisch hergestellte Netzformteile, Reibmaterialien und leitf\u00e4hige Klebstoffe.<\/p>\n<p class=\"whitespace-pre-wrap\"><strong>F: Welche Vorsichtsma\u00dfnahmen sind bei der Arbeit mit reinem Kupferpulver zu treffen?<\/strong><\/p>\n<p class=\"whitespace-pre-wrap\">A: Zu den empfohlenen Vorsichtsma\u00dfnahmen geh\u00f6ren angemessene Bel\u00fcftung, geeignete PSA, sichere Handhabungsprotokolle, Erdung der Ausr\u00fcstung, Vermeidung von Z\u00fcndquellen, Verwendung funkenfreier Werkzeuge und Lagerung in stabilen, inerten Beh\u00e4ltern, die von Verunreinigungen entfernt sind.<\/p>\n<p class=\"whitespace-pre-wrap\"><strong>F: Wie unterscheidet sich reines Kupferpulver von elektrolytischem Hartpech (ETP)?<\/strong><\/p>\n<p class=\"whitespace-pre-wrap\">A: Reines Kupferpulver hat einen Kupfergehalt von 99,5% oder mehr, w\u00e4hrend ETP-Kupferpulver mindestens 99,5% Kupfer enth\u00e4lt. Reines Kupfer bietet eine etwas h\u00f6here Leitf\u00e4higkeit, aber die beiden sind f\u00fcr g\u00e4ngige Anwendungen weitgehend austauschbar.<\/p>\n<p class=\"whitespace-pre-wrap\"><strong>F: Was beeinflusst die Eigenschaften von Teilen aus reinem Kupferpulver?<\/strong><\/p>\n<p class=\"whitespace-pre-wrap\">A: Schl\u00fcsselfaktoren sind die Rohdichte, die Pulverzusammensetzung, die Partikelgr\u00f6\u00dfenverteilung, der Verdichtungsdruck, die Sinterparameter, das Vorhandensein von Verunreinigungen und die Porosit\u00e4t des Endprodukts.<\/p>","protected":false},"excerpt":{"rendered":"<p>Reines Kupferpulver enth\u00e4lt einen Kupfergehalt von 99,5% oder mehr. Es bietet eine hervorragende thermische und elektrische Leitf\u00e4higkeit in Kombination mit guter Korrosionsbest\u00e4ndigkeit, L\u00f6tbarkeit und Biokompatibilit\u00e4t.<\/p>","protected":false},"featured_media":1379,"comment_status":"open","ping_status":"closed","template":"","meta":[],"product_brand":[],"product_cat":[31,55],"product_tag":[],"class_list":{"0":"post-1706","1":"product","2":"type-product","3":"status-publish","4":"has-post-thumbnail","6":"product_cat-3d-printing-metal-powder","7":"product_cat-copper-alloy-powder","9":"first","10":"instock","11":"shipping-taxable","12":"product-type-simple"},"_links":{"self":[{"href":"https:\/\/met3dp.sg\/de\/wp-json\/wp\/v2\/product\/1706","targetHints":{"allow":["GET"]}}],"collection":[{"href":"https:\/\/met3dp.sg\/de\/wp-json\/wp\/v2\/product"}],"about":[{"href":"https:\/\/met3dp.sg\/de\/wp-json\/wp\/v2\/types\/product"}],"replies":[{"embeddable":true,"href":"https:\/\/met3dp.sg\/de\/wp-json\/wp\/v2\/comments?post=1706"}],"wp:featuredmedia":[{"embeddable":true,"href":"https:\/\/met3dp.sg\/de\/wp-json\/wp\/v2\/media\/1379"}],"wp:attachment":[{"href":"https:\/\/met3dp.sg\/de\/wp-json\/wp\/v2\/media?parent=1706"}],"wp:term":[{"taxonomy":"product_brand","embeddable":true,"href":"https:\/\/met3dp.sg\/de\/wp-json\/wp\/v2\/product_brand?post=1706"},{"taxonomy":"product_cat","embeddable":true,"href":"https:\/\/met3dp.sg\/de\/wp-json\/wp\/v2\/product_cat?post=1706"},{"taxonomy":"product_tag","embeddable":true,"href":"https:\/\/met3dp.sg\/de\/wp-json\/wp\/v2\/product_tag?post=1706"}],"curies":[{"name":"wp","href":"https:\/\/api.w.org\/{rel}","templated":true}]}}