{"id":1700,"date":"2023-09-20T02:44:30","date_gmt":"2023-09-20T02:44:30","guid":{"rendered":"https:\/\/site3.easyceotech.com\/?post_type=product&#038;p=1700"},"modified":"2023-10-19T02:12:38","modified_gmt":"2023-10-19T02:12:38","slug":"310-powder","status":"publish","type":"product","link":"https:\/\/met3dp.sg\/de\/product\/310-powder\/","title":{"rendered":"310 Puder"},"content":{"rendered":"<h2>\u00dcberblick \u00fcber 310 Puder<\/h2>\n<p class=\"whitespace-pre-wrap\">310-Pulver ist ein austenitischer rostfreier Stahl mit einem hohen Gehalt an Chrom, Nickel und Stickstoff f\u00fcr verbesserte mechanische Eigenschaften und Korrosionsbest\u00e4ndigkeit. Er bietet eine hervorragende Kombination aus Festigkeit, H\u00e4rte, Z\u00e4higkeit und Verschlei\u00dffestigkeit.<\/p>\n<p class=\"whitespace-pre-wrap\">Zu den wichtigsten Eigenschaften und Vorteilen von 310-Pulver geh\u00f6ren:<\/p>\n<p class=\"whitespace-pre-wrap\"><strong>310 Pulvereigenschaften und Merkmale<\/strong><\/p>\n<table>\n<thead>\n<tr>\n<th>Eigenschaften<\/th>\n<th>Einzelheiten<\/th>\n<\/tr>\n<\/thead>\n<tbody>\n<tr>\n<td>Zusammensetzung<\/td>\n<td>Fe-25Cr-20Ni-0,25N-Legierung<\/td>\n<\/tr>\n<tr>\n<td>Dichte<\/td>\n<td>8,1 g\/cc<\/td>\n<\/tr>\n<tr>\n<td>Partikelform<\/td>\n<td>Unregelm\u00e4\u00dfig, eckig<\/td>\n<\/tr>\n<tr>\n<td>Gr\u00f6\u00dfenbereich<\/td>\n<td>10-150 Mikrometer<\/td>\n<\/tr>\n<tr>\n<td>Scheinbare Dichte<\/td>\n<td>Bis zu 50% wahre Dichte<\/td>\n<\/tr>\n<tr>\n<td>Flie\u00dff\u00e4higkeit<\/td>\n<td>M\u00e4\u00dfig<\/td>\n<\/tr>\n<tr>\n<td>St\u00e4rke<\/td>\n<td>Sehr hoch f\u00fcr ein Pulver der Serie 300<\/td>\n<\/tr>\n<tr>\n<td>Abriebfestigkeit<\/td>\n<td>Ausgezeichnet durch Kaltverfestigung<\/td>\n<\/tr>\n<\/tbody>\n<\/table>\n<p class=\"whitespace-pre-wrap\">310-Pulver wird h\u00e4ufig f\u00fcr Anwendungen verwendet, die H\u00e4rte, Verschlei\u00dffestigkeit und Korrosionsbest\u00e4ndigkeit erfordern, wie Ventilteile, Wellen, Lagerk\u00e4fige, Befestigungselemente, chirurgische Instrumente usw.<\/p>\n<h2>310 Zusammensetzung des Pulvers<\/h2>\n<p class=\"whitespace-pre-wrap\">Typische Zusammensetzung von Pulver aus rostfreiem Stahl 310:<\/p>\n<p class=\"whitespace-pre-wrap\"><strong>310 Zusammensetzung des Pulvers<\/strong><\/p>\n<table>\n<thead>\n<tr>\n<th>Element<\/th>\n<th>Gewicht %<\/th>\n<\/tr>\n<\/thead>\n<tbody>\n<tr>\n<td>Eisen (Fe)<\/td>\n<td>Bilanz<\/td>\n<\/tr>\n<tr>\n<td>Chrom (Cr)<\/td>\n<td>24-26%<\/td>\n<\/tr>\n<tr>\n<td>Nickel (Ni)<\/td>\n<td>19-22%<\/td>\n<\/tr>\n<tr>\n<td>Stickstoff (N)<\/td>\n<td>0.2-0.4%<\/td>\n<\/tr>\n<tr>\n<td>Kohlenstoff (C)<\/td>\n<td>0,25% max<\/td>\n<\/tr>\n<tr>\n<td>Silizium (Si)<\/td>\n<td>1,5% max<\/td>\n<\/tr>\n<tr>\n<td>Mangan (Mn)<\/td>\n<td>2% max<\/td>\n<\/tr>\n<tr>\n<td>Schwefel (S)<\/td>\n<td>0,03% max<\/td>\n<\/tr>\n<tr>\n<td>Phosphor (P)<\/td>\n<td>0,045% max<\/td>\n<\/tr>\n<\/tbody>\n<\/table>\n<ul class=\"list-disc pl-8 space-y-2\">\n<li class=\"whitespace-normal\">Eisen liefert die ferritische Matrix und die Duktilit\u00e4t<\/li>\n<li class=\"whitespace-normal\">Chrom und Nickel erh\u00f6hen die Korrosionsbest\u00e4ndigkeit<\/li>\n<li class=\"whitespace-normal\">Stickstoff sorgt f\u00fcr die St\u00e4rkung der festen L\u00f6sung<\/li>\n<li class=\"whitespace-normal\">Kohlenstoff, Silizium und Mangan werden als Begleitelemente kontrolliert<\/li>\n<\/ul>\n<p class=\"whitespace-pre-wrap\">Die optimierte Zusammensetzung bietet eine hervorragende Kombination aus Festigkeit, H\u00e4rte, Korrosionsbest\u00e4ndigkeit und Kosten.<\/p>\n<p><img fetchpriority=\"high\" decoding=\"async\" class=\"aligncenter wp-image-1409 size-medium\" src=\"https:\/\/met3dp.sg\/wp-content\/uploads\/2023\/09\/ed7a94ec-3c10-4b1b-87ed--300x300.jpg\" alt=\"310 Puder\" width=\"300\" height=\"300\" title=\"\" srcset=\"https:\/\/met3dp.sg\/wp-content\/uploads\/2023\/09\/ed7a94ec-3c10-4b1b-87ed--300x300.jpg 300w, https:\/\/met3dp.sg\/wp-content\/uploads\/2023\/09\/ed7a94ec-3c10-4b1b-87ed--100x100.jpg 100w, https:\/\/met3dp.sg\/wp-content\/uploads\/2023\/09\/ed7a94ec-3c10-4b1b-87ed--150x150.jpg 150w, https:\/\/met3dp.sg\/wp-content\/uploads\/2023\/09\/ed7a94ec-3c10-4b1b-87ed-.jpg 600w\" sizes=\"(max-width: 300px) 100vw, 300px\" \/><\/p>\n<h2>310 Pulver Physikalische Eigenschaften<\/h2>\n<p class=\"whitespace-pre-wrap\"><strong>310 Pulver Physikalische Eigenschaften<\/strong><\/p>\n<table>\n<thead>\n<tr>\n<th>Eigentum<\/th>\n<th>Werte<\/th>\n<\/tr>\n<\/thead>\n<tbody>\n<tr>\n<td>Dichte<\/td>\n<td>8,1 g\/cc<\/td>\n<\/tr>\n<tr>\n<td>Schmelzpunkt<\/td>\n<td>1370-1400\u00b0C<\/td>\n<\/tr>\n<tr>\n<td>Elektrischer Widerstand<\/td>\n<td>0,8 \u03bc\u03a9-m<\/td>\n<\/tr>\n<tr>\n<td>W\u00e4rmeleitf\u00e4higkeit<\/td>\n<td>12 W\/mK<\/td>\n<\/tr>\n<tr>\n<td>Thermische Ausdehnung<\/td>\n<td>11 x 10^-6 \/K<\/td>\n<\/tr>\n<tr>\n<td>Maximale Betriebstemperatur<\/td>\n<td>1150\u00b0C<\/td>\n<\/tr>\n<\/tbody>\n<\/table>\n<ul class=\"list-disc pl-8 space-y-2\">\n<li class=\"whitespace-normal\">Hohe Dichte im Vergleich zu ferritischen nichtrostenden St\u00e4hlen<\/li>\n<li class=\"whitespace-normal\">Beh\u00e4lt seine ausgezeichnete Festigkeit bei erh\u00f6hten Temperaturen bei<\/li>\n<li class=\"whitespace-normal\">H\u00f6herer Widerstand als reines Eisen oder Kohlenstoffst\u00e4hle<\/li>\n<li class=\"whitespace-normal\">Geringere W\u00e4rmeleitf\u00e4higkeit als Kohlenstoffstahl<\/li>\n<li class=\"whitespace-normal\">Widersteht einem Dauerbetrieb bis zu 1150\u00b0C<\/li>\n<\/ul>\n<p class=\"whitespace-pre-wrap\">Aufgrund seiner physikalischen Eigenschaften eignet sich 310 f\u00fcr Hochtemperaturanwendungen, die H\u00e4rte, Festigkeit und Korrosionsbest\u00e4ndigkeit erfordern.<\/p>\n<h2>310 Pulver Mechanische Eigenschaften<\/h2>\n<p class=\"whitespace-pre-wrap\"><strong>310 Pulver Mechanische Eigenschaften<\/strong><\/p>\n<table>\n<thead>\n<tr>\n<th>Eigentum<\/th>\n<th>Werte<\/th>\n<\/tr>\n<\/thead>\n<tbody>\n<tr>\n<td>Zugfestigkeit<\/td>\n<td>760-900 MPa<\/td>\n<\/tr>\n<tr>\n<td>Streckgrenze<\/td>\n<td>450-550 MPa<\/td>\n<\/tr>\n<tr>\n<td>Dehnung<\/td>\n<td>35-40%<\/td>\n<\/tr>\n<tr>\n<td>H\u00e4rte<\/td>\n<td>32-38 HRC<\/td>\n<\/tr>\n<tr>\n<td>Schlagz\u00e4higkeit<\/td>\n<td>50-100 J<\/td>\n<\/tr>\n<tr>\n<td>Elastizit\u00e4tsmodul<\/td>\n<td>190-210 GPa<\/td>\n<\/tr>\n<\/tbody>\n<\/table>\n<ul class=\"list-disc pl-8 space-y-2\">\n<li class=\"whitespace-normal\">Sehr hohe Festigkeit f\u00fcr rostfreien Stahl der Serie 300<\/li>\n<li class=\"whitespace-normal\">Ausgezeichnete H\u00e4rte und Verschlei\u00dffestigkeit<\/li>\n<li class=\"whitespace-normal\">Hohe Z\u00e4higkeit und Schlagz\u00e4higkeit<\/li>\n<li class=\"whitespace-normal\">Die Festigkeit kann durch Kaltverformung weiter erh\u00f6ht werden.<\/li>\n<li class=\"whitespace-normal\">Kaltverformung erh\u00f6ht auch die H\u00e4rte erheblich<\/li>\n<\/ul>\n<p class=\"whitespace-pre-wrap\">Die Eigenschaften bieten eine hervorragende Kombination aus Festigkeit, H\u00e4rte und Z\u00e4higkeit, die f\u00fcr viele verschlei\u00dffeste Anwendungen erforderlich ist.<\/p>\n<h2>310 Puderanwendungen<\/h2>\n<p class=\"whitespace-pre-wrap\">Typische Anwendungen von Edelstahlpulver 310 sind:<\/p>\n<p class=\"whitespace-pre-wrap\"><strong>310 Puderanwendungen<\/strong><\/p>\n<table>\n<thead>\n<tr>\n<th>Industrie<\/th>\n<th>Beispiel Verwendungszwecke<\/th>\n<\/tr>\n<\/thead>\n<tbody>\n<tr>\n<td>Petrochemie<\/td>\n<td>Ventile, Pumpen, Sch\u00e4chte<\/td>\n<\/tr>\n<tr>\n<td>Lebensmittelverarbeitung<\/td>\n<td>Extruderschnecken, Klingen<\/td>\n<\/tr>\n<tr>\n<td>Automobilindustrie<\/td>\n<td>Zahnr\u00e4der, Wellen, Befestigungselemente<\/td>\n<\/tr>\n<tr>\n<td>Herstellung<\/td>\n<td>Presswerkzeuge, Lagerk\u00e4fige<\/td>\n<\/tr>\n<tr>\n<td>Medizinische<\/td>\n<td>Chirurgische Instrumente, Implantate<\/td>\n<\/tr>\n<\/tbody>\n<\/table>\n<p class=\"whitespace-pre-wrap\">Einige spezifische Produktanwendungen:<\/p>\n<ul class=\"list-disc pl-8 space-y-2\">\n<li class=\"whitespace-normal\">Hochfeste Verbindungselemente, Schrauben, Muttern<\/li>\n<li class=\"whitespace-normal\">Pumpen- und Ventilkomponenten wie Dichtungen, Wellen<\/li>\n<li class=\"whitespace-normal\">Extruderschnecken und -klingen f\u00fcr die Lebensmittelindustrie<\/li>\n<li class=\"whitespace-normal\">Hochharte Presswerkzeuge und Formen<\/li>\n<li class=\"whitespace-normal\">Mischanlagen, Laufr\u00e4der, die verschlei\u00dffest sein m\u00fcssen<\/li>\n<\/ul>\n<p class=\"whitespace-pre-wrap\">Aufgrund seiner ausgezeichneten Kombination von Eigenschaften wird 310 in vielen Branchen f\u00fcr spezielle Anwendungen eingesetzt.<\/p>\n<h2>310 Pulverspezifikationen<\/h2>\n<p class=\"whitespace-pre-wrap\">Einschl\u00e4gige Spezifikationen und Normen:<\/p>\n<p class=\"whitespace-pre-wrap\"><strong>310 Pulvernormen<\/strong><\/p>\n<table>\n<thead>\n<tr>\n<th>Standard<\/th>\n<th>Beschreibung<\/th>\n<\/tr>\n<\/thead>\n<tbody>\n<tr>\n<td>ASTM A276<\/td>\n<td>Standardspezifikation f\u00fcr Stabstahl und Profile aus nichtrostendem Stahl<\/td>\n<\/tr>\n<tr>\n<td>ASTM A314<\/td>\n<td>Norm f\u00fcr gebogene Rohre aus rostfreiem Stahl<\/td>\n<\/tr>\n<tr>\n<td>ASME SA-479<\/td>\n<td>Spezifikation f\u00fcr Rohre aus nichtrostendem Stahl<\/td>\n<\/tr>\n<tr>\n<td>AMS 5517<\/td>\n<td>Gegl\u00fchter korrosionsbest\u00e4ndiger Stahlstab, Draht, Schmiedest\u00fccke<\/td>\n<\/tr>\n<tr>\n<td>AMS 5903<\/td>\n<td>Ausscheidungsh\u00e4rten von Stabstahl, Draht und Schmiedest\u00fccken aus nichtrostendem Stahl<\/td>\n<\/tr>\n<\/tbody>\n<\/table>\n<p class=\"whitespace-pre-wrap\">Diese Normen definieren:<\/p>\n<ul class=\"list-disc pl-8 space-y-2\">\n<li class=\"whitespace-normal\">Grenzwerte der chemischen Zusammensetzung der Legierung 310<\/li>\n<li class=\"whitespace-normal\">Zul\u00e4ssige Verunreinigungsgrade wie S, P<\/li>\n<li class=\"whitespace-normal\">Erforderliche mechanische Eigenschaften<\/li>\n<li class=\"whitespace-normal\">Zugelassene Produktionsmethoden<\/li>\n<li class=\"whitespace-normal\">Protokolle f\u00fcr Konformit\u00e4tspr\u00fcfungen<\/li>\n<li class=\"whitespace-normal\">Ordnungsgem\u00e4\u00dfe Verpackung, Kennzeichnung und Dokumentation<\/li>\n<\/ul>\n<p class=\"whitespace-pre-wrap\">Die Erf\u00fcllung der Zertifizierungsanforderungen gew\u00e4hrleistet die Eignung des Pulvers.<\/p>\n<h2>310 Pulver Partikelgr\u00f6\u00dfen<\/h2>\n<p class=\"whitespace-pre-wrap\"><strong>310 Partikelgr\u00f6\u00dfenverteilung des Pulvers<\/strong><\/p>\n<table>\n<thead>\n<tr>\n<th>Partikelgr\u00f6\u00dfe<\/th>\n<th>Merkmale<\/th>\n<\/tr>\n<\/thead>\n<tbody>\n<tr>\n<td>10-45 Mikrometer<\/td>\n<td>Ultrafeine Qualit\u00e4t f\u00fcr hohe Dichte und Oberfl\u00e4cheng\u00fcte<\/td>\n<\/tr>\n<tr>\n<td>45-150 Mikrometer<\/td>\n<td>Grobe Sorte bietet gute Flie\u00dff\u00e4higkeit<\/td>\n<\/tr>\n<tr>\n<td>15-150 Mikrometer<\/td>\n<td>Standardqualit\u00e4t zum Pressen und Sintern<\/td>\n<\/tr>\n<\/tbody>\n<\/table>\n<ul class=\"list-disc pl-8 space-y-2\">\n<li class=\"whitespace-normal\">Feinere Partikel erm\u00f6glichen eine gr\u00f6\u00dfere Verdichtung w\u00e4hrend des Sinterns<\/li>\n<li class=\"whitespace-normal\">Gr\u00f6beres Pulver flie\u00dft besser und f\u00fcllt die Formhohlr\u00e4ume gleichm\u00e4\u00dfig<\/li>\n<li class=\"whitespace-normal\">Der Gr\u00f6\u00dfenbereich wird auf die erforderlichen Eigenschaften des Endprodukts zugeschnitten<\/li>\n<li class=\"whitespace-normal\">Es sind sowohl gas- als auch wasserverd\u00fcste Pulver erh\u00e4ltlich<\/li>\n<\/ul>\n<p class=\"whitespace-pre-wrap\">Die Steuerung der Partikelgr\u00f6\u00dfenverteilung erm\u00f6glicht die Optimierung des Verarbeitungsverhaltens und der Leistung des Endprodukts.<\/p>\n<h2>310 Scheinbare Dichte des Pulvers<\/h2>\n<p class=\"whitespace-pre-wrap\"><strong>310 Scheinbare Dichte des Pulvers<\/strong><\/p>\n<table>\n<thead>\n<tr>\n<th>Scheinbare Dichte<\/th>\n<th>Einzelheiten<\/th>\n<\/tr>\n<\/thead>\n<tbody>\n<tr>\n<td>Bis zu 50% wahre Dichte<\/td>\n<td>F\u00fcr unregelm\u00e4\u00dfige Pulvermorphologie<\/td>\n<\/tr>\n<tr>\n<td>4,5-5,5 g\/cc typisch<\/td>\n<td>Verbessert sich mit h\u00f6herer Packungsdichte<\/td>\n<\/tr>\n<\/tbody>\n<\/table>\n<ul class=\"list-disc pl-8 space-y-2\">\n<li class=\"whitespace-normal\">H\u00f6here Sch\u00fcttdichte verbessert den Pulverfluss und die Kompressibilit\u00e4t<\/li>\n<li class=\"whitespace-normal\">Unregelm\u00e4\u00dfige Morphologie begrenzt maximale Packungsdichte<\/li>\n<li class=\"whitespace-normal\">Bei kugelf\u00f6rmigen Pulvern sind Werte bis zu 60% m\u00f6glich<\/li>\n<li class=\"whitespace-normal\">Hohe Sch\u00fcttdichte verbessert die Effizienz der Pressenbef\u00fcllung<\/li>\n<\/ul>\n<p class=\"whitespace-pre-wrap\">Eine h\u00f6here scheinbare Dichte f\u00fchrt zu einer besseren Fertigungsproduktivit\u00e4t und Teilequalit\u00e4t.<\/p>\n<h2>310 Verfahren zur Herstellung des Pulvers<\/h2>\n<p class=\"whitespace-pre-wrap\"><strong>310 Pulverherstellung<\/strong><\/p>\n<table>\n<thead>\n<tr>\n<th>Methode<\/th>\n<th>Einzelheiten<\/th>\n<\/tr>\n<\/thead>\n<tbody>\n<tr>\n<td>Gaszerst\u00e4ubung<\/td>\n<td>Hochdruck-Inertgas bricht geschmolzenen Metallstrom in feine Tr\u00f6pfchen<\/td>\n<\/tr>\n<tr>\n<td>Wasserzerst\u00e4ubung<\/td>\n<td>Hochdruck-Wasserstrahl bricht Metall in feine Partikel<\/td>\n<\/tr>\n<tr>\n<td>Vakuum-Induktionsschmelzen<\/td>\n<td>Hochreine Ausgangsmaterialien, die unter Vakuum geschmolzen werden<\/td>\n<\/tr>\n<tr>\n<td>Mehrfaches Umschmelzen<\/td>\n<td>Verbessert die chemische Homogenisierung<\/td>\n<\/tr>\n<tr>\n<td>Siebung<\/td>\n<td>Klassifizierung von Pulver in verschiedene Korngr\u00f6\u00dfenbereiche<\/td>\n<\/tr>\n<\/tbody>\n<\/table>\n<ul class=\"list-disc pl-8 space-y-2\">\n<li class=\"whitespace-normal\">Gasverd\u00fcsung sorgt f\u00fcr eine saubere, kugelf\u00f6rmige Pulvermorphologie<\/li>\n<li class=\"whitespace-normal\">Wasserzerst\u00e4ubung ist ein kosteng\u00fcnstigeres Verfahren mit unregelm\u00e4\u00dfigen Partikeln<\/li>\n<li class=\"whitespace-normal\">Vakuumschmelzen und -umschmelzen minimiert gasf\u00f6rmige Verunreinigungen<\/li>\n<li class=\"whitespace-normal\">Post-Processing erm\u00f6glicht individuelle Anpassung der Partikelgr\u00f6\u00dfen<\/li>\n<\/ul>\n<p class=\"whitespace-pre-wrap\">Die automatisierte Produktion und die strenge Qualit\u00e4tskontrolle f\u00fchren zu einem konsistenten Pulver, das f\u00fcr kritische Anwendungen geeignet ist.<\/p>\n<h2>310 Preise f\u00fcr Pulver<\/h2>\n<p class=\"whitespace-pre-wrap\"><strong>310 Preise f\u00fcr Pulver<\/strong><\/p>\n<table>\n<thead>\n<tr>\n<th>Faktor<\/th>\n<th>Auswirkungen auf den Preis<\/th>\n<\/tr>\n<\/thead>\n<tbody>\n<tr>\n<td>Reinheitsgrad<\/td>\n<td>H\u00f6here Reinheit erh\u00f6ht die Kosten<\/td>\n<\/tr>\n<tr>\n<td>Morphologie des Pulvers<\/td>\n<td>Sph\u00e4risches Pulver kostet mehr<\/td>\n<\/tr>\n<tr>\n<td>Partikelgr\u00f6\u00dfe<\/td>\n<td>Ultrafeines Pulver ist teurer<\/td>\n<\/tr>\n<tr>\n<td>Auftragsvolumen<\/td>\n<td>Gr\u00f6\u00dfere Mengen haben niedrigere St\u00fcckpreise<\/td>\n<\/tr>\n<tr>\n<td>Zus\u00e4tzliche Dienstleistungen<\/td>\n<td>Anpassungen verursachen zus\u00e4tzliche Kosten<\/td>\n<\/tr>\n<\/tbody>\n<\/table>\n<p class=\"whitespace-pre-wrap\"><strong>Vorl\u00e4ufige Preisgestaltung<\/strong><\/p>\n<ul class=\"list-disc pl-8 space-y-2\">\n<li class=\"whitespace-normal\">Unregelm\u00e4\u00dfiges Pulver 310: $8-12 pro kg<\/li>\n<li class=\"whitespace-normal\">Sph\u00e4risches 310-Pulver: $12-18 pro kg<\/li>\n<li class=\"whitespace-normal\">Die Preise f\u00fcr gro\u00dfe Mengen k\u00f6nnen 30-50% niedriger sein.<\/li>\n<\/ul>\n<p class=\"whitespace-pre-wrap\">Die Preisgestaltung h\u00e4ngt von der Reinheit, den Partikeleigenschaften, dem Auftragsvolumen und dem Bedarf an kundenspezifischen L\u00f6sungen ab.<\/p>\n<h2>310 Lieferanten von Puder<\/h2>\n<p class=\"whitespace-pre-wrap\"><strong>310 Lieferanten von Puder<\/strong><\/p>\n<table>\n<thead>\n<tr>\n<th>Unternehmen<\/th>\n<th>Standort<\/th>\n<\/tr>\n<\/thead>\n<tbody>\n<tr>\n<td>H\u00f6gan\u00e4s<\/td>\n<td>Schweden<\/td>\n<\/tr>\n<tr>\n<td>Sandvik<\/td>\n<td>Deutschland<\/td>\n<\/tr>\n<tr>\n<td>Daido-Stahl<\/td>\n<td>Japan<\/td>\n<\/tr>\n<tr>\n<td>CNPC-Pulver<\/td>\n<td>China<\/td>\n<\/tr>\n<tr>\n<td>Zimmermanns Pulverprodukte<\/td>\n<td>USA<\/td>\n<\/tr>\n<tr>\n<td>Erasteel<\/td>\n<td>Frankreich<\/td>\n<\/tr>\n<\/tbody>\n<\/table>\n<p class=\"whitespace-pre-wrap\">Wichtige Faktoren bei der Auswahl von Lieferanten:<\/p>\n<ul class=\"list-disc pl-8 space-y-2\">\n<li class=\"whitespace-normal\">Angebotene Pulversorten<\/li>\n<li class=\"whitespace-normal\">Produktionskapazit\u00e4t<\/li>\n<li class=\"whitespace-normal\">Partikelmorphologie und Gr\u00f6\u00dfenbereiche<\/li>\n<li class=\"whitespace-normal\">Berichte zur Chargenanalyse<\/li>\n<li class=\"whitespace-normal\">Preisgestaltung und Mindestbestellmenge<\/li>\n<li class=\"whitespace-normal\">Anpassungsdienste<\/li>\n<li class=\"whitespace-normal\">Lieferzeiten und Zuverl\u00e4ssigkeit<\/li>\n<\/ul>\n<h2>310 Handhabung und Lagerung von Pulver<\/h2>\n<p class=\"whitespace-pre-wrap\"><strong>310 Pulverhandhabung<\/strong><\/p>\n<table>\n<thead>\n<tr>\n<th>Empfehlung<\/th>\n<th>Grund<\/th>\n<\/tr>\n<\/thead>\n<tbody>\n<tr>\n<td>PSA und Bel\u00fcftung verwenden<\/td>\n<td>Vermeiden Sie den Kontakt mit feinen Metallpartikeln<\/td>\n<\/tr>\n<tr>\n<td>Sicherstellen einer ordnungsgem\u00e4\u00dfen Erdung<\/td>\n<td>Verhindern Sie statische Entladungen bei der Handhabung<\/td>\n<\/tr>\n<tr>\n<td>Vermeiden Sie Z\u00fcndquellen<\/td>\n<td>Pulver kann in Sauerstoffatmosph\u00e4re brennen<\/td>\n<\/tr>\n<tr>\n<td>Verwenden Sie funkenfreie Werkzeuge<\/td>\n<td>Verhinderung einer m\u00f6glichen Entz\u00fcndung<\/td>\n<\/tr>\n<tr>\n<td>Befolgung von Sicherheitsprotokollen<\/td>\n<td>Verringert das Risiko von Verbrennungen, Einatmen und Verschlucken<\/td>\n<\/tr>\n<tr>\n<td>In stabilen Beh\u00e4ltern lagern<\/td>\n<td>Verhinderung von Verschmutzung oder Oxidation<\/td>\n<\/tr>\n<\/tbody>\n<\/table>\n<p class=\"whitespace-pre-wrap\">Da 310-Pulver brennbar ist, sollten Entz\u00fcndungs- und Explosionsrisiken bei der Handhabung und Lagerung kontrolliert werden. Ansonsten ist es bei entsprechenden Vorsichtsma\u00dfnahmen relativ sicher.<\/p>\n<h2>310 Pulverinspektion und -pr\u00fcfung<\/h2>\n<p class=\"whitespace-pre-wrap\"><strong>310 Pulvertests<\/strong><\/p>\n<table>\n<thead>\n<tr>\n<th>Test<\/th>\n<th>Einzelheiten<\/th>\n<\/tr>\n<\/thead>\n<tbody>\n<tr>\n<td>Chemische Analyse<\/td>\n<td>ICP und XRF \u00fcberpr\u00fcfen die Zusammensetzung<\/td>\n<\/tr>\n<tr>\n<td>Partikelgr\u00f6\u00dfenverteilung<\/td>\n<td>Laserbeugung bestimmt Gr\u00f6\u00dfenverteilung<\/td>\n<\/tr>\n<tr>\n<td>Scheinbare Dichte<\/td>\n<td>Hall-Durchflussmesser-Test nach ASTM B212-Norm<\/td>\n<\/tr>\n<tr>\n<td>Morphologie des Pulvers<\/td>\n<td>SEM-Bildgebung zeigt Partikelform<\/td>\n<\/tr>\n<tr>\n<td>Analyse der Durchflussmenge<\/td>\n<td>Schwerkraftdurchsatz durch die angegebene D\u00fcse<\/td>\n<\/tr>\n<tr>\n<td>Verlust bei Z\u00fcndung<\/td>\n<td>Bestimmt den Restfeuchtegehalt<\/td>\n<\/tr>\n<\/tbody>\n<\/table>\n<p class=\"whitespace-pre-wrap\">Durch strenge Tests wird sichergestellt, dass das Pulver die erforderliche chemische Reinheit, Partikeleigenschaften, Dichte, Morphologie und Flie\u00dff\u00e4higkeit gem\u00e4\u00df den geltenden Spezifikationen erf\u00fcllt.<\/p>\n<h2>310 Pulver Pro und Kontra<\/h2>\n<p class=\"whitespace-pre-wrap\"><strong>Vorteile von 310 Powder<\/strong><\/p>\n<ul class=\"list-disc pl-8 space-y-2\">\n<li class=\"whitespace-normal\">Ausgezeichnete Festigkeit und H\u00e4rte f\u00fcr rostfreies Stahlpulver<\/li>\n<li class=\"whitespace-normal\">Hohe Temperaturfestigkeit und Korrosionsbest\u00e4ndigkeit<\/li>\n<li class=\"whitespace-normal\">Gute Duktilit\u00e4t, Z\u00e4higkeit und Schwei\u00dfbarkeit<\/li>\n<li class=\"whitespace-normal\">Ausgezeichnete Verschlei\u00df- und Abriebfestigkeit<\/li>\n<li class=\"whitespace-normal\">Leichtes Arbeiten h\u00e4rtet deutlich ab<\/li>\n<li class=\"whitespace-normal\">Kosteng\u00fcnstiger als hochnickelhaltige oder exotische Legierungen<\/li>\n<\/ul>\n<p class=\"whitespace-pre-wrap\"><strong>Nachteile von 310 Puder<\/strong><\/p>\n<ul class=\"list-disc pl-8 space-y-2\">\n<li class=\"whitespace-normal\">Geringere Duktilit\u00e4t als austenitische Sorten im gegl\u00fchten Zustand<\/li>\n<li class=\"whitespace-normal\">Geringere Lochfra\u00dfkorrosionsbest\u00e4ndigkeit als die G\u00fcte 316<\/li>\n<li class=\"whitespace-normal\">Erfordert Vorsicht beim Schwei\u00dfen, um Sensibilisierung zu vermeiden<\/li>\n<li class=\"whitespace-normal\">Begrenzte Kaltstauch- und Umformf\u00e4higkeit<\/li>\n<li class=\"whitespace-normal\">Anf\u00e4llig f\u00fcr Sigma-Phasenverspr\u00f6dung bei hohen Temperaturen<\/li>\n<li class=\"whitespace-normal\">Oberfl\u00e4chenverf\u00e4rbung im Laufe der Zeit in bestimmten Umgebungen<\/li>\n<\/ul>\n<h2>Vergleich mit 316L-Pulver<\/h2>\n<p class=\"whitespace-pre-wrap\"><strong>310 vs. 316L Edelstahl-Pulver<\/strong><\/p>\n<table>\n<thead>\n<tr>\n<th>Parameter<\/th>\n<th>310<\/th>\n<th>316L<\/th>\n<\/tr>\n<\/thead>\n<tbody>\n<tr>\n<td>Dichte<\/td>\n<td>8,1 g\/cc<\/td>\n<td>8,0 g\/cc<\/td>\n<\/tr>\n<tr>\n<td>St\u00e4rke<\/td>\n<td>760-900 MPa<\/td>\n<td>485-550 MPa<\/td>\n<\/tr>\n<tr>\n<td>H\u00e4rte<\/td>\n<td>32-38 HRC<\/td>\n<td>79-95 HRB<\/td>\n<\/tr>\n<tr>\n<td>Korrosionsbest\u00e4ndigkeit<\/td>\n<td>Sehr gut<\/td>\n<td>Ausgezeichnet<\/td>\n<\/tr>\n<tr>\n<td>Kosten<\/td>\n<td>Niedrig<\/td>\n<td>Hoch<\/td>\n<\/tr>\n<tr>\n<td>Verwendet<\/td>\n<td>Verschlei\u00dfteile, Werkzeuge<\/td>\n<td>Chemieanlagen, Marine<\/td>\n<\/tr>\n<\/tbody>\n<\/table>\n<ul class=\"list-disc pl-8 space-y-2\">\n<li class=\"whitespace-normal\">310 hat eine viel h\u00f6here Festigkeit und H\u00e4rte<\/li>\n<li class=\"whitespace-normal\">316L bietet eine bessere allgemeine Korrosionsbest\u00e4ndigkeit<\/li>\n<li class=\"whitespace-normal\">310 ist kosteng\u00fcnstiger als 316L<\/li>\n<li class=\"whitespace-normal\">310 geeignet f\u00fcr Anwendungen, die H\u00e4rte und Verschlei\u00dffestigkeit erfordern<\/li>\n<li class=\"whitespace-normal\">316L bevorzugt, wenn Korrosion das Hauptanliegen ist<\/li>\n<\/ul>\n<h2>310 Puder FAQs<\/h2>\n<p class=\"whitespace-pre-wrap\"><strong>F: Was sind die Hauptanwendungen von Edelstahlpulver 310?<\/strong><\/p>\n<p class=\"whitespace-pre-wrap\">A: Zu den Hauptanwendungen geh\u00f6ren hochfeste Verbindungselemente, Pumpen- und Ventilkomponenten, Extruderschrauben, Presswerkzeuge, Lagerk\u00e4fige, Wellen und chirurgische Instrumente, die H\u00e4rte, Festigkeit und Verschlei\u00dffestigkeit erfordern.<\/p>\n<p class=\"whitespace-pre-wrap\"><strong>F: Welche Rolle spielt Stickstoff in rostfreiem Stahl 310?<\/strong><\/p>\n<p class=\"whitespace-pre-wrap\">A: Stickstoff sorgt f\u00fcr eine erhebliche Mischkristallverfestigung, die die Festigkeit und H\u00e4rte von rostfreiem Stahl 310 deutlich erh\u00f6ht.<\/p>\n<p class=\"whitespace-pre-wrap\"><strong>F: Welche Vorsichtsma\u00dfnahmen sind bei der Arbeit mit 310 Pulver erforderlich?<\/strong><\/p>\n<p class=\"whitespace-pre-wrap\">A: Zu den empfohlenen Vorsichtsma\u00dfnahmen geh\u00f6ren Bel\u00fcftung, inerte Atmosph\u00e4re, Erdung, Vermeidung von Z\u00fcndquellen, Schutzkleidung, Verwendung funkenfreier Werkzeuge und sichere Lagerung in stabilen Beh\u00e4ltern.<\/p>\n<p class=\"whitespace-pre-wrap\"><strong>F: Wie unterscheidet sich rostfreier Stahl 310 von den Sorten 304 und 316?<\/strong><\/p>\n<p class=\"whitespace-pre-wrap\">A: 310 hat aufgrund seines hohen Stickstoffgehalts eine viel h\u00f6here Festigkeit und H\u00e4rte als 304 oder 316. Er bietet eine bessere Verschlei\u00dffestigkeit, aber eine geringere Korrosionsbest\u00e4ndigkeit als 316.<\/p>","protected":false},"excerpt":{"rendered":"<p>310-Pulver ist ein austenitischer rostfreier Stahl mit einem hohen Gehalt an Chrom, Nickel und Stickstoff f\u00fcr verbesserte mechanische Eigenschaften und Korrosionsbest\u00e4ndigkeit. Er bietet eine hervorragende Kombination aus Festigkeit, H\u00e4rte, Z\u00e4higkeit und Verschlei\u00dffestigkeit.<\/p>","protected":false},"featured_media":2085,"comment_status":"open","ping_status":"closed","template":"","meta":[],"product_brand":[],"product_cat":[31,38],"product_tag":[],"class_list":{"0":"post-1700","1":"product","2":"type-product","3":"status-publish","4":"has-post-thumbnail","6":"product_cat-3d-printing-metal-powder","7":"product_cat-iron-based-alloy-powder","9":"first","10":"instock","11":"shipping-taxable","12":"product-type-simple"},"_links":{"self":[{"href":"https:\/\/met3dp.sg\/de\/wp-json\/wp\/v2\/product\/1700","targetHints":{"allow":["GET"]}}],"collection":[{"href":"https:\/\/met3dp.sg\/de\/wp-json\/wp\/v2\/product"}],"about":[{"href":"https:\/\/met3dp.sg\/de\/wp-json\/wp\/v2\/types\/product"}],"replies":[{"embeddable":true,"href":"https:\/\/met3dp.sg\/de\/wp-json\/wp\/v2\/comments?post=1700"}],"wp:featuredmedia":[{"embeddable":true,"href":"https:\/\/met3dp.sg\/de\/wp-json\/wp\/v2\/media\/2085"}],"wp:attachment":[{"href":"https:\/\/met3dp.sg\/de\/wp-json\/wp\/v2\/media?parent=1700"}],"wp:term":[{"taxonomy":"product_brand","embeddable":true,"href":"https:\/\/met3dp.sg\/de\/wp-json\/wp\/v2\/product_brand?post=1700"},{"taxonomy":"product_cat","embeddable":true,"href":"https:\/\/met3dp.sg\/de\/wp-json\/wp\/v2\/product_cat?post=1700"},{"taxonomy":"product_tag","embeddable":true,"href":"https:\/\/met3dp.sg\/de\/wp-json\/wp\/v2\/product_tag?post=1700"}],"curies":[{"name":"wp","href":"https:\/\/api.w.org\/{rel}","templated":true}]}}