{"id":1698,"date":"2023-09-20T02:33:59","date_gmt":"2023-09-20T02:33:59","guid":{"rendered":"https:\/\/site3.easyceotech.com\/?post_type=product&#038;p=1698"},"modified":"2023-10-19T02:12:57","modified_gmt":"2023-10-19T02:12:57","slug":"430l-powder","status":"publish","type":"product","link":"https:\/\/met3dp.sg\/de\/product\/430l-powder\/","title":{"rendered":"430L Pulver"},"content":{"rendered":"<h2>\u00dcbersicht \u00fcber 430L Pulver<\/h2>\n<p class=\"whitespace-pre-wrap\">430L-Pulver ist ein ferritisches Edelstahlpulver mit einem Chromgehalt von 17% und Zus\u00e4tzen von Molybd\u00e4n und Niob f\u00fcr verbesserte Korrosionsbest\u00e4ndigkeit. Es bietet ein optimales Gleichgewicht von Korrosionsbest\u00e4ndigkeit, Festigkeit, Schwei\u00dfbarkeit und Kosten.<\/p>\n<p class=\"whitespace-pre-wrap\">Haupteigenschaften und Vorteile von 430L-Pulver:<\/p>\n<p class=\"whitespace-pre-wrap\"><strong>Eigenschaften und Merkmale des 430L-Pulvers<\/strong><\/p>\n<table>\n<thead>\n<tr>\n<th>Eigenschaften<\/th>\n<th>Einzelheiten<\/th>\n<\/tr>\n<\/thead>\n<tbody>\n<tr>\n<td>Zusammensetzung<\/td>\n<td>Fe-17Cr-Nb-Mo-Legierung<\/td>\n<\/tr>\n<tr>\n<td>Dichte<\/td>\n<td>7,7 g\/cc<\/td>\n<\/tr>\n<tr>\n<td>Partikelform<\/td>\n<td>Unregelm\u00e4\u00dfig, eckig<\/td>\n<\/tr>\n<tr>\n<td>Gr\u00f6\u00dfenbereich<\/td>\n<td>10-150 Mikrometer<\/td>\n<\/tr>\n<tr>\n<td>Scheinbare Dichte<\/td>\n<td>Bis zu 50% wahre Dichte<\/td>\n<\/tr>\n<tr>\n<td>Flie\u00dff\u00e4higkeit<\/td>\n<td>M\u00e4\u00dfig<\/td>\n<\/tr>\n<tr>\n<td>Korrosionsbest\u00e4ndigkeit<\/td>\n<td>Hervorragend in vielen Umgebungen<\/td>\n<\/tr>\n<tr>\n<td>St\u00e4rkung<\/td>\n<td>Festl\u00f6sungs- und Niederschlagsverst\u00e4rkung<\/td>\n<\/tr>\n<\/tbody>\n<\/table>\n<p class=\"whitespace-pre-wrap\">430L-Pulver wird h\u00e4ufig in der chemischen Verarbeitung, Schiffsausr\u00fcstung, Automobilabgaskomponenten, Industrieventilen und -flanschen sowie Strukturteilen verwendet, die Witterungsbest\u00e4ndigkeit erfordern.<\/p>\n<h2>430L Pulverzusammensetzung<\/h2>\n<p class=\"whitespace-pre-wrap\">Typische Zusammensetzung von 430L-Edelstahlpulver:<\/p>\n<p class=\"whitespace-pre-wrap\"><strong>430L Pulverzusammensetzung<\/strong><\/p>\n<table>\n<thead>\n<tr>\n<th>Element<\/th>\n<th>Gewicht %<\/th>\n<\/tr>\n<\/thead>\n<tbody>\n<tr>\n<td>Eisen (Fe)<\/td>\n<td>Bilanz<\/td>\n<\/tr>\n<tr>\n<td>Chrom (Cr)<\/td>\n<td>16-18%<\/td>\n<\/tr>\n<tr>\n<td>Kohlenstoff (C)<\/td>\n<td>0,12% max<\/td>\n<\/tr>\n<tr>\n<td>Silizium (Si)<\/td>\n<td>1% max<\/td>\n<\/tr>\n<tr>\n<td>Mangan (Mn)<\/td>\n<td>1% max<\/td>\n<\/tr>\n<tr>\n<td>Molybd\u00e4n (Mo)<\/td>\n<td>0,5% max<\/td>\n<\/tr>\n<tr>\n<td>Niobium (Nb)<\/td>\n<td>0.3-0.6%<\/td>\n<\/tr>\n<tr>\n<td>Stickstoff (N)<\/td>\n<td>0,03% max<\/td>\n<\/tr>\n<tr>\n<td>Schwefel (S)<\/td>\n<td>0,03% max<\/td>\n<\/tr>\n<\/tbody>\n<\/table>\n<ul class=\"list-disc pl-8 space-y-2\">\n<li class=\"whitespace-normal\">Eisen sorgt f\u00fcr die Grundmatrix und Duktilit\u00e4t<\/li>\n<li class=\"whitespace-normal\">Chrom erh\u00f6ht die Korrosions- und Oxidationsbest\u00e4ndigkeit<\/li>\n<li class=\"whitespace-normal\">Niob und Molybd\u00e4n sorgen f\u00fcr eine Niederschlagsverst\u00e4rkung<\/li>\n<li class=\"whitespace-normal\">Als Fremdelemente werden Kohlenstoff, Stickstoff und Schwefel kontrolliert<\/li>\n<\/ul>\n<p class=\"whitespace-pre-wrap\">Die Zusammensetzung ist so konzipiert, dass sie eine optimale Korrosionsbest\u00e4ndigkeit bietet und gleichzeitig die richtige Duktilit\u00e4t, Z\u00e4higkeit und Schwei\u00dfbarkeit beibeh\u00e4lt.<\/p>\n<p><img fetchpriority=\"high\" decoding=\"async\" class=\"size-medium wp-image-1409 aligncenter\" src=\"https:\/\/met3dp.sg\/wp-content\/uploads\/2023\/09\/ed7a94ec-3c10-4b1b-87ed--300x300.jpg\" alt=\"430L Pulver\" width=\"300\" height=\"300\" title=\"\" srcset=\"https:\/\/met3dp.sg\/wp-content\/uploads\/2023\/09\/ed7a94ec-3c10-4b1b-87ed--300x300.jpg 300w, https:\/\/met3dp.sg\/wp-content\/uploads\/2023\/09\/ed7a94ec-3c10-4b1b-87ed--100x100.jpg 100w, https:\/\/met3dp.sg\/wp-content\/uploads\/2023\/09\/ed7a94ec-3c10-4b1b-87ed--150x150.jpg 150w, https:\/\/met3dp.sg\/wp-content\/uploads\/2023\/09\/ed7a94ec-3c10-4b1b-87ed-.jpg 600w\" sizes=\"(max-width: 300px) 100vw, 300px\" \/><\/p>\n<h2>Physikalische Eigenschaften des 430L-Pulvers<\/h2>\n<p class=\"whitespace-pre-wrap\"><strong>Physikalische Eigenschaften des 430L-Pulvers<\/strong><\/p>\n<table>\n<thead>\n<tr>\n<th>Eigentum<\/th>\n<th>Werte<\/th>\n<\/tr>\n<\/thead>\n<tbody>\n<tr>\n<td>Dichte<\/td>\n<td>7,7 g\/cc<\/td>\n<\/tr>\n<tr>\n<td>Schmelzpunkt<\/td>\n<td>1400-1450\u00b0C<\/td>\n<\/tr>\n<tr>\n<td>Elektrischer Widerstand<\/td>\n<td>0,6\u20130,7 \u03bc\u03a9-m<\/td>\n<\/tr>\n<tr>\n<td>W\u00e4rmeleitf\u00e4higkeit<\/td>\n<td>26 W\/mK<\/td>\n<\/tr>\n<tr>\n<td>Curie-Temperatur<\/td>\n<td>1440\u00b0C<\/td>\n<\/tr>\n<tr>\n<td>Maximale Betriebstemperatur<\/td>\n<td>650\u2013750 \u00b0C<\/td>\n<\/tr>\n<\/tbody>\n<\/table>\n<ul class=\"list-disc pl-8 space-y-2\">\n<li class=\"whitespace-normal\">Die Dichte ist f\u00fcr Edelstahl m\u00e4\u00dfig hoch<\/li>\n<li class=\"whitespace-normal\">Bietet Hochtemperaturfestigkeit und Korrosionsbest\u00e4ndigkeit<\/li>\n<li class=\"whitespace-normal\">H\u00f6herer spezifischer Widerstand als reines Eisen oder niedriglegierte St\u00e4hle<\/li>\n<li class=\"whitespace-normal\">Wird oberhalb des Curie-Punkts paramagnetisch<\/li>\n<li class=\"whitespace-normal\">H\u00e4lt m\u00e4\u00dfig hohen Betriebstemperaturen stand<\/li>\n<\/ul>\n<p class=\"whitespace-pre-wrap\">Aufgrund seiner physikalischen Eigenschaften eignet sich 430L f\u00fcr korrosive Umgebungen und Anwendungen mit m\u00e4\u00dfig hohen Temperaturen, die Oxidationsbest\u00e4ndigkeit erfordern.<\/p>\n<h2>Mechanische Eigenschaften des 430L-Pulvers<\/h2>\n<p class=\"whitespace-pre-wrap\"><strong>Mechanische Eigenschaften des 430L-Pulvers<\/strong><\/p>\n<table>\n<thead>\n<tr>\n<th>Eigentum<\/th>\n<th>Werte<\/th>\n<\/tr>\n<\/thead>\n<tbody>\n<tr>\n<td>Zugfestigkeit<\/td>\n<td>450-650 MPa<\/td>\n<\/tr>\n<tr>\n<td>Streckgrenze<\/td>\n<td>250-350 MPa<\/td>\n<\/tr>\n<tr>\n<td>Dehnung<\/td>\n<td>35-45%<\/td>\n<\/tr>\n<tr>\n<td>Elastizit\u00e4tsmodul<\/td>\n<td>190-210 GPa<\/td>\n<\/tr>\n<tr>\n<td>H\u00e4rte<\/td>\n<td>80-90 HRB<\/td>\n<\/tr>\n<tr>\n<td>Schlagz\u00e4higkeit<\/td>\n<td>50-100 J<\/td>\n<\/tr>\n<\/tbody>\n<\/table>\n<ul class=\"list-disc pl-8 space-y-2\">\n<li class=\"whitespace-normal\">Bietet f\u00fcr einen Edelstahl eine m\u00e4\u00dfig hohe Festigkeit<\/li>\n<li class=\"whitespace-normal\">Hervorragende Duktilit\u00e4t und Schlagz\u00e4higkeit<\/li>\n<li class=\"whitespace-normal\">Durch W\u00e4rmebehandlung kann die Festigkeit weiter erh\u00f6ht werden<\/li>\n<li class=\"whitespace-normal\">Die H\u00e4rte ist im Vergleich zu martensitischen Sorten relativ gering<\/li>\n<\/ul>\n<p class=\"whitespace-pre-wrap\">Die Eigenschaften bieten eine gute Kombination aus Festigkeit, Duktilit\u00e4t und Z\u00e4higkeit, die f\u00fcr viele korrosive Umgebungen und Belastungsbedingungen erforderlich ist.<\/p>\n<h2>430L Pulveranwendungen<\/h2>\n<p class=\"whitespace-pre-wrap\">Zu den typischen Anwendungen von 430L-Edelstahlpulver geh\u00f6ren:<\/p>\n<p class=\"whitespace-pre-wrap\"><strong>430L Pulveranwendungen<\/strong><\/p>\n<table>\n<thead>\n<tr>\n<th>Industrie<\/th>\n<th>Beispiel Verwendungszwecke<\/th>\n<\/tr>\n<\/thead>\n<tbody>\n<tr>\n<td>Chemisch<\/td>\n<td>Tanks, Ventile, Rohre, Pumpen<\/td>\n<\/tr>\n<tr>\n<td>Automobilindustrie<\/td>\n<td>Abgaskomponenten, Kraftstoffeinspritzteile<\/td>\n<\/tr>\n<tr>\n<td>Konstruktion<\/td>\n<td>Verkleidung, architektonische Merkmale<\/td>\n<\/tr>\n<tr>\n<td>\u00d6l und Gas<\/td>\n<td>Bohrlochkopfausr\u00fcstung, Bohrwerkzeuge<\/td>\n<\/tr>\n<tr>\n<td>Herstellung<\/td>\n<td>Presswerkzeuge, Formen, Matrizen<\/td>\n<\/tr>\n<\/tbody>\n<\/table>\n<p class=\"whitespace-pre-wrap\">Einige spezifische Produktanwendungen:<\/p>\n<ul class=\"list-disc pl-8 space-y-2\">\n<li class=\"whitespace-normal\">Marine-Hardware wie Gel\u00e4nder, Scharniere, Befestigungselemente<\/li>\n<li class=\"whitespace-normal\">Abgaskr\u00fcmmer, Schalld\u00e4mpfer und Katalysatoren f\u00fcr Kraftfahrzeuge<\/li>\n<li class=\"whitespace-normal\">Ausr\u00fcstung f\u00fcr die chemische Verarbeitung wie Ventile und Flansche<\/li>\n<li class=\"whitespace-normal\">Rohrprodukte aus \u00d6lfeldern f\u00fcr Bohrlochumgebungen<\/li>\n<li class=\"whitespace-normal\">Architektonische Verkleidungen, Verkleidungen und dekorative Elemente<\/li>\n<\/ul>\n<p class=\"whitespace-pre-wrap\">Aufgrund seiner hervorragenden Korrosionsbest\u00e4ndigkeit in Kombination mit der guten Herstellbarkeit wird 430L in vielen Branchen eingesetzt, in denen Witterungs- und Oxidationsbest\u00e4ndigkeit erforderlich ist.<\/p>\n<h2>430L-Pulverspezifikationen<\/h2>\n<p class=\"whitespace-pre-wrap\">Einschl\u00e4gige Spezifikationen und Normen:<\/p>\n<p class=\"whitespace-pre-wrap\"><strong>430L Pulverstandards<\/strong><\/p>\n<table>\n<thead>\n<tr>\n<th>Standard<\/th>\n<th>Beschreibung<\/th>\n<\/tr>\n<\/thead>\n<tbody>\n<tr>\n<td>ASTM A743<\/td>\n<td>Standard f\u00fcr korrosionsbest\u00e4ndige Chromstahlgussteile<\/td>\n<\/tr>\n<tr>\n<td>ASTM A744<\/td>\n<td>Standard f\u00fcr korrosionsbest\u00e4ndige Chromstahlbleche und -b\u00e4nder<\/td>\n<\/tr>\n<tr>\n<td>AMS 5759<\/td>\n<td>Gegl\u00fchter korrosionsbest\u00e4ndiger Stahlstab, Draht, Schmiedest\u00fccke<\/td>\n<\/tr>\n<tr>\n<td>SAE J405<\/td>\n<td>Witterungsbest\u00e4ndiges Stahlblech f\u00fcr die Automobilindustrie<\/td>\n<\/tr>\n<tr>\n<td>DIN 17440<\/td>\n<td>Edelst\u00e4hle f\u00fcr korrosionsbest\u00e4ndige Anwendungen<\/td>\n<\/tr>\n<\/tbody>\n<\/table>\n<p class=\"whitespace-pre-wrap\">Diese Normen definieren:<\/p>\n<ul class=\"list-disc pl-8 space-y-2\">\n<li class=\"whitespace-normal\">Grenzwerte f\u00fcr die chemische Zusammensetzung der 430L-Legierung<\/li>\n<li class=\"whitespace-normal\">Zul\u00e4ssige Verunreinigungsgrade wie S, P<\/li>\n<li class=\"whitespace-normal\">Erforderliche mechanische Eigenschaften<\/li>\n<li class=\"whitespace-normal\">Zugelassene Produktionsmethoden<\/li>\n<li class=\"whitespace-normal\">Protokolle f\u00fcr Konformit\u00e4tspr\u00fcfungen<\/li>\n<li class=\"whitespace-normal\">Ordnungsgem\u00e4\u00dfe Verpackung, Kennzeichnung und Dokumentation<\/li>\n<\/ul>\n<p class=\"whitespace-pre-wrap\">Die Erf\u00fcllung der Zertifizierungsanforderungen gew\u00e4hrleistet die Eignung des Pulvers f\u00fcr die Zielanwendungen und M\u00e4rkte.<\/p>\n<h2>430L Pulverpartikelgr\u00f6\u00dfen<\/h2>\n<p class=\"whitespace-pre-wrap\"><strong>430L-Pulver-Partikelgr\u00f6\u00dfenverteilung<\/strong><\/p>\n<table>\n<thead>\n<tr>\n<th>Partikelgr\u00f6\u00dfe<\/th>\n<th>Merkmale<\/th>\n<\/tr>\n<\/thead>\n<tbody>\n<tr>\n<td>10-45 Mikrometer<\/td>\n<td>Ultrafeine Qualit\u00e4t f\u00fcr hohe Dichte und Oberfl\u00e4cheng\u00fcte<\/td>\n<\/tr>\n<tr>\n<td>45-150 Mikrometer<\/td>\n<td>Grobe Sorte bietet gute Flie\u00dff\u00e4higkeit<\/td>\n<\/tr>\n<tr>\n<td>15-150 Mikrometer<\/td>\n<td>Standardqualit\u00e4t zum Pressen und Sintern<\/td>\n<\/tr>\n<\/tbody>\n<\/table>\n<ul class=\"list-disc pl-8 space-y-2\">\n<li class=\"whitespace-normal\">Feinere Partikel erm\u00f6glichen eine gr\u00f6\u00dfere Verdichtung w\u00e4hrend des Sinterns<\/li>\n<li class=\"whitespace-normal\">Gr\u00f6beres Pulver flie\u00dft besser und f\u00fcllt die Formhohlr\u00e4ume gleichm\u00e4\u00dfig<\/li>\n<li class=\"whitespace-normal\">Der Gr\u00f6\u00dfenbereich wird auf die erforderlichen Eigenschaften des Endprodukts zugeschnitten<\/li>\n<li class=\"whitespace-normal\">Es sind sowohl gas- als auch wasserverd\u00fcste Pulver erh\u00e4ltlich<\/li>\n<\/ul>\n<p class=\"whitespace-pre-wrap\">Die Steuerung der Partikelgr\u00f6\u00dfenverteilung erm\u00f6glicht die Optimierung des Verarbeitungsverhaltens und der Leistung des Endprodukts.<\/p>\n<h2>430L Pulverdichte<\/h2>\n<p class=\"whitespace-pre-wrap\"><strong>430L Pulverdichte<\/strong><\/p>\n<table>\n<thead>\n<tr>\n<th>Scheinbare Dichte<\/th>\n<th>Einzelheiten<\/th>\n<\/tr>\n<\/thead>\n<tbody>\n<tr>\n<td>Bis zu 50% wahre Dichte<\/td>\n<td>F\u00fcr unregelm\u00e4\u00dfige Pulvermorphologie<\/td>\n<\/tr>\n<tr>\n<td>3,5\u20134,5 g\/cm\u00b3 typisch<\/td>\n<td>Verbessert sich mit h\u00f6herer Packungsdichte<\/td>\n<\/tr>\n<\/tbody>\n<\/table>\n<ul class=\"list-disc pl-8 space-y-2\">\n<li class=\"whitespace-normal\">H\u00f6here Sch\u00fcttdichte verbessert den Pulverfluss und die Kompressibilit\u00e4t<\/li>\n<li class=\"whitespace-normal\">Unregelm\u00e4\u00dfige Morphologie begrenzt maximale Packungsdichte<\/li>\n<li class=\"whitespace-normal\">Bei kugelf\u00f6rmigen Pulvern sind Werte bis zu 60% m\u00f6glich<\/li>\n<li class=\"whitespace-normal\">Hohe Sch\u00fcttdichte verbessert die Effizienz der Pressenbef\u00fcllung<\/li>\n<\/ul>\n<p class=\"whitespace-pre-wrap\">Eine h\u00f6here scheinbare Dichte f\u00fchrt zu einer besseren Fertigungsproduktivit\u00e4t und Teilequalit\u00e4t.<\/p>\n<h2>430L-Pulver-Herstellungsverfahren<\/h2>\n<p class=\"whitespace-pre-wrap\"><strong>430L-Pulverproduktion<\/strong><\/p>\n<table>\n<thead>\n<tr>\n<th>Methode<\/th>\n<th>Einzelheiten<\/th>\n<\/tr>\n<\/thead>\n<tbody>\n<tr>\n<td>Gaszerst\u00e4ubung<\/td>\n<td>Hochdruck-Inertgas bricht geschmolzenen Metallstrom in feine Tr\u00f6pfchen<\/td>\n<\/tr>\n<tr>\n<td>Wasserzerst\u00e4ubung<\/td>\n<td>Hochdruck-Wasserstrahl bricht Metall in feine Partikel<\/td>\n<\/tr>\n<tr>\n<td>Vakuum-Induktionsschmelzen<\/td>\n<td>Hochreine Ausgangsmaterialien, die unter Vakuum geschmolzen werden<\/td>\n<\/tr>\n<tr>\n<td>Mehrfaches Umschmelzen<\/td>\n<td>Verbessert die chemische Homogenisierung<\/td>\n<\/tr>\n<tr>\n<td>Siebung<\/td>\n<td>Klassifizierung von Pulver in verschiedene Korngr\u00f6\u00dfenbereiche<\/td>\n<\/tr>\n<\/tbody>\n<\/table>\n<ul class=\"list-disc pl-8 space-y-2\">\n<li class=\"whitespace-normal\">Gasverd\u00fcsung sorgt f\u00fcr eine saubere, kugelf\u00f6rmige Pulvermorphologie<\/li>\n<li class=\"whitespace-normal\">Wasserzerst\u00e4ubung ist ein kosteng\u00fcnstigeres Verfahren mit unregelm\u00e4\u00dfigen Partikeln<\/li>\n<li class=\"whitespace-normal\">Vakuumschmelzen und -umschmelzen minimiert gasf\u00f6rmige Verunreinigungen<\/li>\n<li class=\"whitespace-normal\">Post-Processing erm\u00f6glicht individuelle Anpassung der Partikelgr\u00f6\u00dfen<\/li>\n<\/ul>\n<p class=\"whitespace-pre-wrap\">Die automatisierte Produktion und die strenge Qualit\u00e4tskontrolle f\u00fchren zu einem konsistenten Pulver, das f\u00fcr kritische Anwendungen geeignet ist.<\/p>\n<h2>Preise f\u00fcr 430L-Pulver<\/h2>\n<p class=\"whitespace-pre-wrap\"><strong>Preise f\u00fcr 430L-Pulver<\/strong><\/p>\n<table>\n<thead>\n<tr>\n<th>Faktor<\/th>\n<th>Auswirkungen auf den Preis<\/th>\n<\/tr>\n<\/thead>\n<tbody>\n<tr>\n<td>Reinheitsgrad<\/td>\n<td>H\u00f6here Reinheit erh\u00f6ht die Kosten<\/td>\n<\/tr>\n<tr>\n<td>Morphologie des Pulvers<\/td>\n<td>Kugelf\u00f6rmiges Pulver kostet mehr als unregelm\u00e4\u00dfiges<\/td>\n<\/tr>\n<tr>\n<td>Partikelgr\u00f6\u00dfe<\/td>\n<td>Ultrafeines Pulver ist teurer<\/td>\n<\/tr>\n<tr>\n<td>Auftragsvolumen<\/td>\n<td>Gr\u00f6\u00dfere Mengen haben niedrigere St\u00fcckpreise<\/td>\n<\/tr>\n<tr>\n<td>Zus\u00e4tzliche Dienstleistungen<\/td>\n<td>Anpassungen verursachen zus\u00e4tzliche Kosten<\/td>\n<\/tr>\n<\/tbody>\n<\/table>\n<p class=\"whitespace-pre-wrap\"><strong>Vorl\u00e4ufige Preisgestaltung<\/strong><\/p>\n<ul class=\"list-disc pl-8 space-y-2\">\n<li class=\"whitespace-normal\">Unregelm\u00e4\u00dfiges 430L-Pulver: $5-8 pro kg<\/li>\n<li class=\"whitespace-normal\">Sph\u00e4risches 430L-Pulver: $8-12 pro kg<\/li>\n<li class=\"whitespace-normal\">Die Preise f\u00fcr gro\u00dfe Mengen k\u00f6nnen 30-50% niedriger sein.<\/li>\n<\/ul>\n<p class=\"whitespace-pre-wrap\">Die Preise h\u00e4ngen von der Reinheit, den Partikeleigenschaften, dem Bestellvolumen und dem Grad der erforderlichen Anpassung ab.<\/p>\n<h2>430L-Pulverlieferanten<\/h2>\n<p class=\"whitespace-pre-wrap\"><strong>430L-Pulverlieferanten<\/strong><\/p>\n<table>\n<thead>\n<tr>\n<th>Unternehmen<\/th>\n<th>Standort<\/th>\n<\/tr>\n<\/thead>\n<tbody>\n<tr>\n<td>H\u00f6gan\u00e4s<\/td>\n<td>Schweden<\/td>\n<\/tr>\n<tr>\n<td>Sandvik<\/td>\n<td>Deutschland<\/td>\n<\/tr>\n<tr>\n<td>Daido-Stahl<\/td>\n<td>Japan<\/td>\n<\/tr>\n<tr>\n<td>CNPC-Pulver<\/td>\n<td>China<\/td>\n<\/tr>\n<tr>\n<td>Zimmermanns Pulverprodukte<\/td>\n<td>USA<\/td>\n<\/tr>\n<tr>\n<td>Erasteel<\/td>\n<td>Frankreich<\/td>\n<\/tr>\n<\/tbody>\n<\/table>\n<p class=\"whitespace-pre-wrap\">Wichtige Faktoren bei der Auswahl von Lieferanten:<\/p>\n<ul class=\"list-disc pl-8 space-y-2\">\n<li class=\"whitespace-normal\">Angebotene Pulversorten<\/li>\n<li class=\"whitespace-normal\">Produktionskapazit\u00e4t<\/li>\n<li class=\"whitespace-normal\">Partikelmorphologie und Gr\u00f6\u00dfenbereiche<\/li>\n<li class=\"whitespace-normal\">Chargenanalyse und Zertifizierung<\/li>\n<li class=\"whitespace-normal\">Preisgestaltung und Mindestbestellmenge<\/li>\n<li class=\"whitespace-normal\">Anpassungsdienste<\/li>\n<li class=\"whitespace-normal\">Lieferzeiten und Zuverl\u00e4ssigkeit<\/li>\n<\/ul>\n<h2>Handhabung und Lagerung von 430-Liter-Pulver<\/h2>\n<p class=\"whitespace-pre-wrap\"><strong>430L-Pulverhandhabung<\/strong><\/p>\n<table>\n<thead>\n<tr>\n<th>Empfehlung<\/th>\n<th>Grund<\/th>\n<\/tr>\n<\/thead>\n<tbody>\n<tr>\n<td>PSA und Bel\u00fcftung verwenden<\/td>\n<td>Vermeiden Sie den Kontakt mit feinen Metallpartikeln<\/td>\n<\/tr>\n<tr>\n<td>Sicherstellen einer ordnungsgem\u00e4\u00dfen Erdung<\/td>\n<td>Verhindern Sie statische Entladungen bei der Handhabung<\/td>\n<\/tr>\n<tr>\n<td>Vermeiden Sie Z\u00fcndquellen<\/td>\n<td>Pulver kann in Sauerstoffatmosph\u00e4re brennen<\/td>\n<\/tr>\n<tr>\n<td>Verwenden Sie funkenfreie Werkzeuge<\/td>\n<td>Vermeiden Sie die M\u00f6glichkeit einer Entz\u00fcndung w\u00e4hrend der Handhabung<\/td>\n<\/tr>\n<tr>\n<td>Befolgung von Sicherheitsprotokollen<\/td>\n<td>Reduzieren Sie das Risiko von Verbrennungen, Einatmen und Verschlucken<\/td>\n<\/tr>\n<tr>\n<td>In stabilen Beh\u00e4ltern lagern<\/td>\n<td>Verhinderung von Verschmutzung oder Oxidation<\/td>\n<\/tr>\n<\/tbody>\n<\/table>\n<p class=\"whitespace-pre-wrap\">Da 430L-Pulver brennbar ist, sollten Entz\u00fcndungs- und Explosionsrisiken bei der Handhabung und Lagerung kontrolliert werden. Ansonsten ist es mit den entsprechenden Vorsichtsma\u00dfnahmen relativ sicher.<\/p>\n<h2>Inspektion und Pr\u00fcfung von 430L-Pulvern<\/h2>\n<p class=\"whitespace-pre-wrap\"><strong>430L-Pulvertest<\/strong><\/p>\n<table>\n<thead>\n<tr>\n<th>Test<\/th>\n<th>Einzelheiten<\/th>\n<\/tr>\n<\/thead>\n<tbody>\n<tr>\n<td>Chemische Analyse<\/td>\n<td>ICP und XRF \u00fcberpr\u00fcfen die Zusammensetzung<\/td>\n<\/tr>\n<tr>\n<td>Partikelgr\u00f6\u00dfenverteilung<\/td>\n<td>Laserbeugung bestimmt Gr\u00f6\u00dfenverteilung<\/td>\n<\/tr>\n<tr>\n<td>Scheinbare Dichte<\/td>\n<td>Hall-Durchflussmesser-Test nach ASTM B212-Norm<\/td>\n<\/tr>\n<tr>\n<td>Morphologie des Pulvers<\/td>\n<td>SEM-Bildgebung zeigt Partikelform<\/td>\n<\/tr>\n<tr>\n<td>Analyse der Durchflussmenge<\/td>\n<td>Schwerkraftdurchsatz durch die angegebene D\u00fcse<\/td>\n<\/tr>\n<tr>\n<td>Verlust bei Z\u00fcndung<\/td>\n<td>Bestimmt den Restfeuchtegehalt<\/td>\n<\/tr>\n<\/tbody>\n<\/table>\n<p class=\"whitespace-pre-wrap\">Durch strenge Tests wird sichergestellt, dass das Pulver die erforderliche chemische Reinheit, Partikeleigenschaften, Dichte, Morphologie und Flie\u00dff\u00e4higkeit gem\u00e4\u00df den geltenden Spezifikationen erf\u00fcllt.<\/p>\n<h2>430L Pulver Vor- und Nachteile<\/h2>\n<p class=\"whitespace-pre-wrap\"><strong>Vorteile von 430L Pulver<\/strong><\/p>\n<ul class=\"list-disc pl-8 space-y-2\">\n<li class=\"whitespace-normal\">Hervorragende Korrosionsbest\u00e4ndigkeit in vielen Umgebungen<\/li>\n<li class=\"whitespace-normal\">Gute Duktilit\u00e4t, Z\u00e4higkeit und Schwei\u00dfbarkeit<\/li>\n<li class=\"whitespace-normal\">Kosteng\u00fcnstig im Vergleich zu austenitischen Sorten<\/li>\n<li class=\"whitespace-normal\">Kann zur Erh\u00f6hung der Festigkeit ausscheidungsgeh\u00e4rtet werden<\/li>\n<li class=\"whitespace-normal\">Gute Oxidationsbest\u00e4ndigkeit bei hohen Temperaturen<\/li>\n<li class=\"whitespace-normal\">Mit herk\u00f6mmlichen Techniken leicht formbar<\/li>\n<\/ul>\n<p class=\"whitespace-pre-wrap\"><strong>Nachteile von 430L-Pulver<\/strong><\/p>\n<ul class=\"list-disc pl-8 space-y-2\">\n<li class=\"whitespace-normal\">Geringere Festigkeit als martensitische oder ferritische Sorten<\/li>\n<li class=\"whitespace-normal\">Erfordert Vorsicht beim Schwei\u00dfen, um Sensibilisierung zu vermeiden<\/li>\n<li class=\"whitespace-normal\">Anf\u00e4llig f\u00fcr Chlorid-Spannungskorrosionsrisse<\/li>\n<li class=\"whitespace-normal\">Begrenzte Zugfestigkeit bei hohen Temperaturen<\/li>\n<li class=\"whitespace-normal\">Geringere H\u00e4rte und Verschlei\u00dffestigkeit als austenitische Sorten<\/li>\n<li class=\"whitespace-normal\">Oberfl\u00e4chenverf\u00e4rbung im Laufe der Zeit bei Au\u00dfeneinwirkung<\/li>\n<\/ul>\n<h2>Vergleich mit 304L-Pulver<\/h2>\n<p class=\"whitespace-pre-wrap\"><strong>430L vs. 304L Edelstahlpulver<\/strong><\/p>\n<table>\n<thead>\n<tr>\n<th>Parameter<\/th>\n<th>430L<\/th>\n<th>304L<\/th>\n<\/tr>\n<\/thead>\n<tbody>\n<tr>\n<td>Dichte<\/td>\n<td>7,7 g\/cc<\/td>\n<td>8,0 g\/cc<\/td>\n<\/tr>\n<tr>\n<td>St\u00e4rke<\/td>\n<td>450-650 MPa<\/td>\n<td>520-620 MPa<\/td>\n<\/tr>\n<tr>\n<td>Korrosionsbest\u00e4ndigkeit<\/td>\n<td>Ausgezeichnet<\/td>\n<td>Hervorragend<\/td>\n<\/tr>\n<tr>\n<td>Hitzebest\u00e4ndigkeit<\/td>\n<td>Gut<\/td>\n<td>Ausgezeichnet<\/td>\n<\/tr>\n<tr>\n<td>Schwei\u00dfeignung<\/td>\n<td>Gut<\/td>\n<td>Ausgezeichnet<\/td>\n<\/tr>\n<tr>\n<td>Kosten<\/td>\n<td>Niedrig<\/td>\n<td>Hoch<\/td>\n<\/tr>\n<tr>\n<td>Verwendet<\/td>\n<td>Automobilindustrie, Bauwesen<\/td>\n<td>Chemische Verarbeitung, Marine<\/td>\n<\/tr>\n<\/tbody>\n<\/table>\n<ul class=\"list-disc pl-8 space-y-2\">\n<li class=\"whitespace-normal\">430L hat eine etwas geringere Festigkeit, ist aber kosteng\u00fcnstiger<\/li>\n<li class=\"whitespace-normal\">304L weist eine hervorragende Korrosions- und Hitzebest\u00e4ndigkeit auf<\/li>\n<li class=\"whitespace-normal\">430L hat eine bessere Raumtemperaturz\u00e4higkeit<\/li>\n<li class=\"whitespace-normal\">304L wird f\u00fcr Anwendungen \u00fcber 500 \u00b0C bevorzugt<\/li>\n<li class=\"whitespace-normal\">430L geeignet f\u00fcr Au\u00dfenkonstruktionen und Automobilteile<\/li>\n<\/ul>\n<h2>H\u00e4ufig gestellte Fragen zu 430L-Pulver<\/h2>\n<p class=\"whitespace-pre-wrap\"><strong>F: Was sind die Hauptanwendungen von 430L-Edelstahlpulver?<\/strong><\/p>\n<p class=\"whitespace-pre-wrap\">A: Zu den Hauptanwendungen geh\u00f6ren Automobilabgaskomponenten, Ausr\u00fcstung f\u00fcr die chemische Verarbeitung, \u00d6l- und Gaswerkzeuge, architektonische Verkleidungen und Verkleidungen, Schiffszubeh\u00f6r und Fertigungswerkzeuge.<\/p>\n<p class=\"whitespace-pre-wrap\"><strong>F: Welche Vorsichtsma\u00dfnahmen sollten bei der Arbeit mit 430L-Pulver getroffen werden?<\/strong><\/p>\n<p class=\"whitespace-pre-wrap\">A: Zu den empfohlenen Vorsichtsma\u00dfnahmen geh\u00f6ren Bel\u00fcftung, PSA, ordnungsgem\u00e4\u00dfe Erdung, inerte Atmosph\u00e4re, Vermeidung von Z\u00fcndquellen, Verwendung von nicht funkenbildenden Werkzeugen und sichere Lagerung in stabilen Beh\u00e4ltern.<\/p>\n<p class=\"whitespace-pre-wrap\"><strong>F: Welche Auswirkung hat die Zugabe von Niob zu 430L-Edelstahl?<\/strong><\/p>\n<p class=\"whitespace-pre-wrap\">A: Niob sorgt durch die Bildung von Nitriden und Karbiden f\u00fcr eine Ausf\u00e4llungsverst\u00e4rkung. Dadurch wird der Stahl gest\u00e4rkt und gleichzeitig eine gute Korrosionsbest\u00e4ndigkeit und Duktilit\u00e4t beibehalten.<\/p>\n<p class=\"whitespace-pre-wrap\"><strong>F: Wie unterscheidet sich 430L von den Edelstahlsorten 409 und 439?<\/strong><\/p>\n<p class=\"whitespace-pre-wrap\">A: 430L hat eine h\u00f6here Korrosionsbest\u00e4ndigkeit als 409 und eine h\u00f6here Festigkeit als 439. Es bietet eine optimale Kombination aus Korrosionsbest\u00e4ndigkeit, Formbarkeit, Schwei\u00dfbarkeit und Kosten.<\/p>\n<div id=\"gtx-trans\" style=\"position: absolute; left: -8px; top: 59.8125px;\">\n<div class=\"gtx-trans-icon\"><\/div>\n<\/div>","protected":false},"excerpt":{"rendered":"<p>430L-Pulver ist ein ferritisches Edelstahlpulver mit einem Chromgehalt von 17% und Zus\u00e4tzen von Molybd\u00e4n und Niob f\u00fcr verbesserte Korrosionsbest\u00e4ndigkeit. Es bietet ein optimales Gleichgewicht von Korrosionsbest\u00e4ndigkeit, Festigkeit, Schwei\u00dfbarkeit und Kosten.<\/p>","protected":false},"featured_media":2087,"comment_status":"open","ping_status":"closed","template":"","meta":[],"product_brand":[],"product_cat":[31,38],"product_tag":[],"class_list":{"0":"post-1698","1":"product","2":"type-product","3":"status-publish","4":"has-post-thumbnail","6":"product_cat-3d-printing-metal-powder","7":"product_cat-iron-based-alloy-powder","9":"first","10":"instock","11":"shipping-taxable","12":"product-type-simple"},"_links":{"self":[{"href":"https:\/\/met3dp.sg\/de\/wp-json\/wp\/v2\/product\/1698","targetHints":{"allow":["GET"]}}],"collection":[{"href":"https:\/\/met3dp.sg\/de\/wp-json\/wp\/v2\/product"}],"about":[{"href":"https:\/\/met3dp.sg\/de\/wp-json\/wp\/v2\/types\/product"}],"replies":[{"embeddable":true,"href":"https:\/\/met3dp.sg\/de\/wp-json\/wp\/v2\/comments?post=1698"}],"wp:featuredmedia":[{"embeddable":true,"href":"https:\/\/met3dp.sg\/de\/wp-json\/wp\/v2\/media\/2087"}],"wp:attachment":[{"href":"https:\/\/met3dp.sg\/de\/wp-json\/wp\/v2\/media?parent=1698"}],"wp:term":[{"taxonomy":"product_brand","embeddable":true,"href":"https:\/\/met3dp.sg\/de\/wp-json\/wp\/v2\/product_brand?post=1698"},{"taxonomy":"product_cat","embeddable":true,"href":"https:\/\/met3dp.sg\/de\/wp-json\/wp\/v2\/product_cat?post=1698"},{"taxonomy":"product_tag","embeddable":true,"href":"https:\/\/met3dp.sg\/de\/wp-json\/wp\/v2\/product_tag?post=1698"}],"curies":[{"name":"wp","href":"https:\/\/api.w.org\/{rel}","templated":true}]}}