{"id":1696,"date":"2023-09-20T02:03:10","date_gmt":"2023-09-20T02:03:10","guid":{"rendered":"https:\/\/site3.easyceotech.com\/?post_type=product&#038;p=1696"},"modified":"2023-10-19T02:13:07","modified_gmt":"2023-10-19T02:13:07","slug":"copper-base-solder","status":"publish","type":"product","link":"https:\/\/met3dp.sg\/de\/product\/copper-base-solder\/","title":{"rendered":"L\u00f6tmittel auf Kupferbasis"},"content":{"rendered":"<h2>Beschreibung des Produkts<\/h2>\n<p>Kupferlotpaste wird durch ein spezielles Verfahren aus kupferbasiertem Lotpulver, Spurenaktivkomponenten, L\u00f6sungsmitteln, Polymertr\u00e4gern und anderen Additiven hergestellt.<\/p>\n<h2>Qualit\u00e4ten und Spezifikationen<\/h2>\n<div>\n<table>\n<tbody>\n<tr>\n<td data-sheets-value=\"{&quot;1&quot;:2,&quot;2&quot;:&quot;Model&quot;}\">Modell<\/td>\n<td data-sheets-value=\"{&quot;1&quot;:2,&quot;2&quot;:&quot;Product Type&quot;}\">Produkttyp<\/td>\n<td data-sheets-value=\"{&quot;1&quot;:2,&quot;2&quot;:&quot;Composition(wt%)&quot;}\">Zusammensetzung(wt%)<\/td>\n<td data-sheets-value=\"{&quot;1&quot;:2,&quot;2&quot;:&quot;Powder Size&quot;}\">Pulver Gr\u00f6\u00dfe(M)<\/td>\n<td data-sheets-value=\"{&quot;1&quot;:2,&quot;2&quot;:&quot;Brazing temperature(C)&quot;}\">L\u00f6ttemperatur(\u2103)<\/td>\n<td data-sheets-value=\"{&quot;1&quot;:2,&quot;2&quot;:&quot;Brazing method&quot;}\">\n<div>\n<div>Hartl\u00f6tverfahren<\/div>\n<\/div>\n<\/td>\n<\/tr>\n<tr>\n<td data-sheets-value=\"{&quot;1&quot;:2,&quot;2&quot;:&quot;YTCu-1&quot;}\">YTCu-1<\/td>\n<td data-sheets-value=\"{&quot;1&quot;:2,&quot;2&quot;:&quot;Paste&quot;}\">Kleister<\/td>\n<td data-sheets-value=\"{&quot;1&quot;:2,&quot;2&quot;:&quot;Cu:93:P:7&quot;}\">Cu:93:P:7<\/td>\n<td data-sheets-value=\"{&quot;1&quot;:2,&quot;2&quot;:&quot;-200\\n-235&quot;}\">-200<br \/>\n-235<\/td>\n<td data-sheets-value=\"{&quot;1&quot;:2,&quot;2&quot;:&quot;743-840&quot;}\">743-840<\/td>\n<td colspan=\"1\" rowspan=\"5\" data-sheets-value=\"{&quot;1&quot;:2,&quot;2&quot;:&quot;Furanceflameresistance\\nHigh frequency brazing&quot;}\">\n<div>Festigkeit, Flamme, Widerstand,<br \/>\nHochfrequenzl\u00f6ten<\/div>\n<\/td>\n<\/tr>\n<tr>\n<td data-sheets-value=\"{&quot;1&quot;:2,&quot;2&quot;:&quot;YTCu-2&quot;}\">YTCu-2<\/td>\n<td data-sheets-value=\"{&quot;1&quot;:2,&quot;2&quot;:&quot;Paste&quot;}\">Kleister<\/td>\n<td data-sheets-value=\"{&quot;1&quot;:2,&quot;2&quot;:&quot;Cu:92.5;P:7.5&quot;}\">Cu:92,5;P:7,5<\/td>\n<td data-sheets-value=\"{&quot;1&quot;:2,&quot;2&quot;:&quot;-200\\n-235&quot;}\">-200<br \/>\n-235<\/td>\n<td data-sheets-value=\"{&quot;1&quot;:2,&quot;2&quot;:&quot;730-830&quot;}\">730-830<\/td>\n<\/tr>\n<tr>\n<td data-sheets-value=\"{&quot;1&quot;:2,&quot;2&quot;:&quot;YTCu-3&quot;}\">YTCu-3<\/td>\n<td data-sheets-value=\"{&quot;1&quot;:2,&quot;2&quot;:&quot;Paste&quot;}\">Kleister<\/td>\n<td data-sheets-value=\"{&quot;1&quot;:2,&quot;2&quot;:&quot;Cu:86;P:7;Sn:7&quot;}\">Cu:86;P:7;Sn:7<\/td>\n<td data-sheets-value=\"{&quot;1&quot;:2,&quot;2&quot;:&quot;-200\\n-235&quot;}\">-200<br \/>\n-235<\/td>\n<td data-sheets-value=\"{&quot;1&quot;:2,&quot;2&quot;:&quot;700-750&quot;}\">700-750<\/td>\n<\/tr>\n<tr>\n<td data-sheets-value=\"{&quot;1&quot;:2,&quot;2&quot;:&quot;YTCu-4&quot;}\">YTCu-4<\/td>\n<td data-sheets-value=\"{&quot;1&quot;:2,&quot;2&quot;:&quot;Paste&quot;}\">Kleister<\/td>\n<td data-sheets-value=\"{&quot;1&quot;:2,&quot;2&quot;:&quot;Cu:75;Sn;P;Ni, etc.&quot;}\">Cu:75;Sn;P;Ni, usw.<\/td>\n<td data-sheets-value=\"{&quot;1&quot;:2,&quot;2&quot;:&quot;-200\\n-235&quot;}\">-200<br \/>\n-235<\/td>\n<td data-sheets-value=\"{&quot;1&quot;:2,&quot;2&quot;:&quot;600-650&quot;}\">600-650<\/td>\n<\/tr>\n<tr>\n<td data-sheets-value=\"{&quot;1&quot;:3,&quot;3&quot;:9414}\">9414<\/td>\n<td data-sheets-value=\"{&quot;1&quot;:2,&quot;2&quot;:&quot;Powder&quot;}\">Pulver<\/td>\n<td data-sheets-value=\"{&quot;1&quot;:2,&quot;2&quot;:&quot;Cu:88;Ni:5;Sn:7&quot;}\">Cu:88;Ni:5;Sn:7<\/td>\n<td data-sheets-value=\"{&quot;1&quot;:2,&quot;2&quot;:&quot;-200\\n-235&quot;}\">-200<br \/>\n-235<\/td>\n<td data-sheets-value=\"{&quot;1&quot;:2,&quot;2&quot;:&quot;890-900&quot;}\">890-900<\/td>\n<\/tr>\n<\/tbody>\n<\/table>\n<\/div>\n<p>1. Geeignet f\u00fcr Flammenschwei\u00dfen, Widerstandsschwei\u00dfen, Hochfrequenzschwei\u00dfen und Ofenschwei\u00dfen zwischen verschiedenen Kupfer- und Kupferlegierungen.<\/p>\n<p>2. Die L\u00f6tpaste kann manuell auf den zu l\u00f6tenden Bereich aufgetragen werden und kann auch f\u00fcr halbautomatischen und automatischen Schablonendruck und Nadeleinspritzung verwendet werden. Es ist effizient und einfach und kann die Menge der verwendeten Lotpaste quantitativ steuern, was die Arbeitseffizienz und die Produktausbeute erheblich verbessert und auch die Arbeitsumgebung verbessert.<\/p>\n<p>3. L\u00f6tpaste auf Kupfer-Phosphor-Basis findet breite Anwendung beim L\u00f6ten und bei der Herstellung von Kupferprodukten wie Kupferrohren, elektrischen Heizungsrohren aus Kupferlegierungen, Hardwareteilen und verschiedenen Kupferheizk\u00f6rpern. Im Bereich der Widerstandsl\u00f6tung wird sie in gro\u00dfem Umfang f\u00fcr das Widerstandsl\u00f6ten verschiedener elektronischer Komponenten, wie z. B. Schutzschalter, Stromz\u00e4hler und andere Komponenten, verwendet.<\/p>\n<div id=\"gtx-trans\" style=\"position: absolute; left: 582px; top: 188.625px;\">\n<div class=\"gtx-trans-icon\"><\/div>\n<\/div>","protected":false},"excerpt":{"rendered":"<p>Kupferlotpaste wird durch ein spezielles Verfahren aus kupferbasiertem Lotpulver, Spurenaktivkomponenten, L\u00f6sungsmitteln, Polymertr\u00e4gern und anderen Additiven hergestellt.<\/p>","protected":false},"featured_media":2090,"comment_status":"open","ping_status":"closed","template":"","meta":[],"product_brand":[],"product_cat":[31,55],"product_tag":[],"class_list":{"0":"post-1696","1":"product","2":"type-product","3":"status-publish","4":"has-post-thumbnail","6":"product_cat-3d-printing-metal-powder","7":"product_cat-copper-alloy-powder","9":"first","10":"instock","11":"shipping-taxable","12":"product-type-simple"},"_links":{"self":[{"href":"https:\/\/met3dp.sg\/de\/wp-json\/wp\/v2\/product\/1696","targetHints":{"allow":["GET"]}}],"collection":[{"href":"https:\/\/met3dp.sg\/de\/wp-json\/wp\/v2\/product"}],"about":[{"href":"https:\/\/met3dp.sg\/de\/wp-json\/wp\/v2\/types\/product"}],"replies":[{"embeddable":true,"href":"https:\/\/met3dp.sg\/de\/wp-json\/wp\/v2\/comments?post=1696"}],"wp:featuredmedia":[{"embeddable":true,"href":"https:\/\/met3dp.sg\/de\/wp-json\/wp\/v2\/media\/2090"}],"wp:attachment":[{"href":"https:\/\/met3dp.sg\/de\/wp-json\/wp\/v2\/media?parent=1696"}],"wp:term":[{"taxonomy":"product_brand","embeddable":true,"href":"https:\/\/met3dp.sg\/de\/wp-json\/wp\/v2\/product_brand?post=1696"},{"taxonomy":"product_cat","embeddable":true,"href":"https:\/\/met3dp.sg\/de\/wp-json\/wp\/v2\/product_cat?post=1696"},{"taxonomy":"product_tag","embeddable":true,"href":"https:\/\/met3dp.sg\/de\/wp-json\/wp\/v2\/product_tag?post=1696"}],"curies":[{"name":"wp","href":"https:\/\/api.w.org\/{rel}","templated":true}]}}