{"id":1693,"date":"2023-09-19T07:51:48","date_gmt":"2023-09-19T07:51:48","guid":{"rendered":"https:\/\/site3.easyceotech.com\/?post_type=product&#038;p=1693"},"modified":"2023-10-19T02:13:16","modified_gmt":"2023-10-19T02:13:16","slug":"cusn10-powder","status":"publish","type":"product","link":"https:\/\/met3dp.sg\/de\/product\/cusn10-powder\/","title":{"rendered":"CuSn10-Pulver"},"content":{"rendered":"<h2>\u00dcberblick \u00fcber CuSn10-Pulver<\/h2>\n<p class=\"whitespace-pre-wrap\">CuSn10-Pulver ist eine Kupfer-Zinn-Legierung, die etwa 10% Zinn und den Rest Kupfer enth\u00e4lt. Es bietet eine hervorragende Kombination aus Festigkeit, Duktilit\u00e4t, Korrosionsbest\u00e4ndigkeit, Verschlei\u00dffestigkeit und Gleiteigenschaften.<\/p>\n<p class=\"whitespace-pre-wrap\">Zu den wichtigsten Eigenschaften und Anwendungen von CuSn10-Pulver geh\u00f6ren:<\/p>\n<p class=\"whitespace-pre-wrap\"><strong>Eigenschaften und Merkmale von CuSn10-Pulver<\/strong><\/p>\n<table>\n<thead>\n<tr>\n<th>Eigenschaften<\/th>\n<th>Einzelheiten<\/th>\n<\/tr>\n<\/thead>\n<tbody>\n<tr>\n<td>Zusammensetzung<\/td>\n<td>90% Kupfer, 10% Zinn<\/td>\n<\/tr>\n<tr>\n<td>Dichte<\/td>\n<td>8,8 g\/cc<\/td>\n<\/tr>\n<tr>\n<td>Partikelform<\/td>\n<td>Unregelm\u00e4\u00dfig, eckig<\/td>\n<\/tr>\n<tr>\n<td>Gr\u00f6\u00dfenbereich<\/td>\n<td>5-150 Mikrometer<\/td>\n<\/tr>\n<tr>\n<td>Scheinbare Dichte<\/td>\n<td>Bis zu 50% wahre Dichte<\/td>\n<\/tr>\n<tr>\n<td>Flie\u00dff\u00e4higkeit<\/td>\n<td>M\u00e4\u00dfig<\/td>\n<\/tr>\n<tr>\n<td>St\u00e4rke<\/td>\n<td>Hervorragend geeignet f\u00fcr Cu-Legierungspulver<\/td>\n<\/tr>\n<tr>\n<td>Duktilit\u00e4t<\/td>\n<td>Gut<\/td>\n<\/tr>\n<tr>\n<td>Korrosionsbest\u00e4ndigkeit<\/td>\n<td>Sehr gut<\/td>\n<\/tr>\n<\/tbody>\n<\/table>\n<p class=\"whitespace-pre-wrap\">CuSn10 wird h\u00e4ufig in Lagerk\u00e4figen, Buchsen, Schwei\u00dfdr\u00e4hten und Verschlei\u00dfteilen in der Automobil-, Elektro- und Industriebranche verwendet.<\/p>\n<h2>Zusammensetzung des CuSn10-Pulvers<\/h2>\n<p class=\"whitespace-pre-wrap\">Typische Zusammensetzung von CuSn10-Pulver:<\/p>\n<p class=\"whitespace-pre-wrap\"><strong>Zusammensetzung des CuSn10-Pulvers<\/strong><\/p>\n<table>\n<thead>\n<tr>\n<th>Element<\/th>\n<th>Gewicht %<\/th>\n<\/tr>\n<\/thead>\n<tbody>\n<tr>\n<td>Kupfer (Cu)<\/td>\n<td>Restbetrag<\/td>\n<\/tr>\n<tr>\n<td>Zinn (Sn)<\/td>\n<td>9-11%<\/td>\n<\/tr>\n<tr>\n<td>Blei (Pb)<\/td>\n<td>0,2% max<\/td>\n<\/tr>\n<tr>\n<td>Zink (Zn)<\/td>\n<td>0,5% max<\/td>\n<\/tr>\n<tr>\n<td>Andere Verunreinigungen<\/td>\n<td>0,1% max<\/td>\n<\/tr>\n<\/tbody>\n<\/table>\n<ul class=\"list-disc pl-8 space-y-2\">\n<li class=\"whitespace-normal\">Kupfer bietet hervorragende Leitf\u00e4higkeit, Korrosionsbest\u00e4ndigkeit und Duktilit\u00e4t<\/li>\n<li class=\"whitespace-normal\">Zinn verbessert Festigkeit, H\u00e4rte und Verschlei\u00dffestigkeit<\/li>\n<li class=\"whitespace-normal\">Blei, Zink und andere Verunreinigungen sorgf\u00e4ltig kontrolliert<\/li>\n<\/ul>\n<p class=\"whitespace-pre-wrap\">Das optimierte Cu-Sn-Verh\u00e4ltnis bietet eine hervorragende Kombination aus Festigkeit, Duktilit\u00e4t und Herstellbarkeit.<\/p>\n<p><img fetchpriority=\"high\" decoding=\"async\" class=\"size-medium wp-image-1409 aligncenter\" src=\"https:\/\/met3dp.sg\/wp-content\/uploads\/2023\/09\/ed7a94ec-3c10-4b1b-87ed--300x300.jpg\" alt=\"CuSn10\" width=\"300\" height=\"300\" title=\"\" srcset=\"https:\/\/met3dp.sg\/wp-content\/uploads\/2023\/09\/ed7a94ec-3c10-4b1b-87ed--300x300.jpg 300w, https:\/\/met3dp.sg\/wp-content\/uploads\/2023\/09\/ed7a94ec-3c10-4b1b-87ed--100x100.jpg 100w, https:\/\/met3dp.sg\/wp-content\/uploads\/2023\/09\/ed7a94ec-3c10-4b1b-87ed--150x150.jpg 150w, https:\/\/met3dp.sg\/wp-content\/uploads\/2023\/09\/ed7a94ec-3c10-4b1b-87ed-.jpg 600w\" sizes=\"(max-width: 300px) 100vw, 300px\" \/><\/p>\n<h2>CuSn10-Pulver Physikalische Eigenschaften<\/h2>\n<p class=\"whitespace-pre-wrap\"><strong>CuSn10-Pulver Physikalische Eigenschaften<\/strong><\/p>\n<table>\n<thead>\n<tr>\n<th>Eigentum<\/th>\n<th>Wert<\/th>\n<\/tr>\n<\/thead>\n<tbody>\n<tr>\n<td>Dichte<\/td>\n<td>8,8 g\/cc<\/td>\n<\/tr>\n<tr>\n<td>Schmelzpunkt<\/td>\n<td>1020-1040\u00b0C<\/td>\n<\/tr>\n<tr>\n<td>W\u00e4rmeleitf\u00e4higkeit<\/td>\n<td>55 W\/mK<\/td>\n<\/tr>\n<tr>\n<td>Elektrischer Widerstand<\/td>\n<td>7-9 \u03bc\u03a9-cm<\/td>\n<\/tr>\n<tr>\n<td>Rekristallisationstemperatur<\/td>\n<td>150-250\u00b0C<\/td>\n<\/tr>\n<tr>\n<td>Maximale Betriebstemperatur<\/td>\n<td>250\u00b0C<\/td>\n<\/tr>\n<\/tbody>\n<\/table>\n<ul class=\"list-disc pl-8 space-y-2\">\n<li class=\"whitespace-normal\">Die Dichte ist h\u00f6her als bei Kupfer<\/li>\n<li class=\"whitespace-normal\">Schmelzpunkt im Vergleich zu reinem Kupfer reduziert<\/li>\n<li class=\"whitespace-normal\">Erh\u00e4lt eine gute Leitf\u00e4higkeit<\/li>\n<li class=\"whitespace-normal\">Rekristallisation erm\u00f6glicht Pulververdichtung<\/li>\n<li class=\"whitespace-normal\">H\u00e4lt m\u00e4\u00dfig hohen Betriebstemperaturen stand<\/li>\n<\/ul>\n<p class=\"whitespace-pre-wrap\">Die physikalischen Eigenschaften erm\u00f6glichen den Einsatz von CuSn10 in elektrischen Komponenten, die eine gute Leitf\u00e4higkeit und Festigkeit erfordern.<\/p>\n<h2>CuSn10-Pulver Mechanische Eigenschaften<\/h2>\n<p class=\"whitespace-pre-wrap\"><strong>CuSn10-Pulver Mechanische Eigenschaften<\/strong><\/p>\n<table>\n<thead>\n<tr>\n<th>Eigentum<\/th>\n<th>Werte<\/th>\n<\/tr>\n<\/thead>\n<tbody>\n<tr>\n<td>H\u00e4rte<\/td>\n<td>80-110 HB<\/td>\n<\/tr>\n<tr>\n<td>Zugfestigkeit<\/td>\n<td>350-550 MPa<\/td>\n<\/tr>\n<tr>\n<td>Streckgrenze<\/td>\n<td>220-320 MPa<\/td>\n<\/tr>\n<tr>\n<td>Dehnung<\/td>\n<td>10-20%<\/td>\n<\/tr>\n<tr>\n<td>Elastizit\u00e4tsmodul<\/td>\n<td>110-140 GPa<\/td>\n<\/tr>\n<\/tbody>\n<\/table>\n<ul class=\"list-disc pl-8 space-y-2\">\n<li class=\"whitespace-normal\">Ausgezeichnete Festigkeit f\u00fcr ein Kupferlegierungspulver<\/li>\n<li class=\"whitespace-normal\">Erheblich h\u00f6her als reines Kupferpulver<\/li>\n<li class=\"whitespace-normal\">Gute Duktilit\u00e4t f\u00fcr die Zinnzusammensetzung 10%<\/li>\n<li class=\"whitespace-normal\">F\u00fcr Verschlei\u00dfanwendungen geeignete H\u00e4rtewerte<\/li>\n<li class=\"whitespace-normal\">Die Eigenschaften h\u00e4ngen von der Produktionsmethode und der Porosit\u00e4t ab<\/li>\n<\/ul>\n<p class=\"whitespace-pre-wrap\">Die mechanischen Eigenschaften erm\u00f6glichen den Einsatz von CuSn10-Pulver in hochfesten Elektro- und Reibungskomponenten.<\/p>\n<h2>CuSn10-Pulver Anwendungen<\/h2>\n<p class=\"whitespace-pre-wrap\">Typische Anwendungen von CuSn10-Pulver sind:<\/p>\n<p class=\"whitespace-pre-wrap\"><strong>CuSn10-Pulver Anwendungen<\/strong><\/p>\n<table>\n<thead>\n<tr>\n<th>Industrie<\/th>\n<th>Anwendungsbeispiele<\/th>\n<\/tr>\n<\/thead>\n<tbody>\n<tr>\n<td>Automobilindustrie<\/td>\n<td>Lager, Buchsen, Bremsbel\u00e4ge<\/td>\n<\/tr>\n<tr>\n<td>Elektrisch<\/td>\n<td>Schwei\u00dfelektroden, Anschl\u00fcsse, Kontakte<\/td>\n<\/tr>\n<tr>\n<td>Industriell<\/td>\n<td>Lagerk\u00e4fige, Dichtungen, Laufr\u00e4der<\/td>\n<\/tr>\n<tr>\n<td>Herstellung<\/td>\n<td>Gesinterte Werkzeugkomponenten<\/td>\n<\/tr>\n<tr>\n<td>\u00d6l und Gas<\/td>\n<td>Buchsen, Kugelh\u00e4hne<\/td>\n<\/tr>\n<\/tbody>\n<\/table>\n<p class=\"whitespace-pre-wrap\">Einige spezifische Produktanwendungen:<\/p>\n<ul class=\"list-disc pl-8 space-y-2\">\n<li class=\"whitespace-normal\">Lagerk\u00e4fige, die Antifriktionseigenschaften erfordern<\/li>\n<li class=\"whitespace-normal\">Buchsen und Anlaufscheiben f\u00fcr Anwendungen mit hoher Belastung<\/li>\n<li class=\"whitespace-normal\">Bremsbel\u00e4ge und Kupplungsbel\u00e4ge f\u00fcr Kraftfahrzeuge<\/li>\n<li class=\"whitespace-normal\">Elektrische Anschl\u00fcsse und Stifte<\/li>\n<li class=\"whitespace-normal\">Schwei\u00dfdr\u00e4hte und Lotpastenf\u00fcller<\/li>\n<li class=\"whitespace-normal\">Rohrleitungskomponenten wie Ventile und Flansche<\/li>\n<\/ul>\n<p class=\"whitespace-pre-wrap\">Seine hervorragende Kombination aus Festigkeit, Duktilit\u00e4t und Kosten machen CuSn10 zu einer beliebten Wahl f\u00fcr diese Anwendungen.<\/p>\n<h2>CuSn10-Pulver Spezifikationen<\/h2>\n<p class=\"whitespace-pre-wrap\">Zu den wichtigsten Spezifikationen f\u00fcr CuSn10-Pulver geh\u00f6ren:<\/p>\n<p class=\"whitespace-pre-wrap\"><strong>CuSn10-Pulver Spezifikationen<\/strong><\/p>\n<table>\n<thead>\n<tr>\n<th>Standard<\/th>\n<th>Beschreibung<\/th>\n<\/tr>\n<\/thead>\n<tbody>\n<tr>\n<td>ISO 44001<\/td>\n<td>Pulver aus Kupfer und Kupferlegierungen - Spezifikationen<\/td>\n<\/tr>\n<tr>\n<td>ASTM B602<\/td>\n<td>Standardspezifikation f\u00fcr Kupferlegierungspulver<\/td>\n<\/tr>\n<tr>\n<td>DE 1982<\/td>\n<td>Spezifikation f\u00fcr Barren und Gussst\u00fccke aus Kupfer und Kupferlegierungen<\/td>\n<\/tr>\n<tr>\n<td>JIS H2111<\/td>\n<td>Bronze-Pulver<\/td>\n<\/tr>\n<\/tbody>\n<\/table>\n<p class=\"whitespace-pre-wrap\">Diese definieren:<\/p>\n<ul class=\"list-disc pl-8 space-y-2\">\n<li class=\"whitespace-normal\">Grenzwerte f\u00fcr die chemische Zusammensetzung<\/li>\n<li class=\"whitespace-normal\">Herstellungsverfahren - Zerst\u00e4ubung<\/li>\n<li class=\"whitespace-normal\">Erforderliche physikalische und mechanische Eigenschaften<\/li>\n<li class=\"whitespace-normal\">Annehmbare Verunreinigungswerte<\/li>\n<li class=\"whitespace-normal\">Partikelgr\u00f6\u00dfenverteilung<\/li>\n<li class=\"whitespace-normal\">Pr\u00fcfprotokolle<\/li>\n<\/ul>\n<p class=\"whitespace-pre-wrap\">Die Konformit\u00e4t gew\u00e4hrleistet die Eignung f\u00fcr die vorgesehenen Anwendungen auf den globalen M\u00e4rkten.<\/p>\n<h2>CuSn10-Pulver Partikelgr\u00f6\u00dfen<\/h2>\n<p class=\"whitespace-pre-wrap\"><strong>CuSn10-Pulver Partikelgr\u00f6\u00dfenverteilung<\/strong><\/p>\n<table>\n<thead>\n<tr>\n<th>Partikelgr\u00f6\u00dfe<\/th>\n<th>Merkmale<\/th>\n<\/tr>\n<\/thead>\n<tbody>\n<tr>\n<td>5-25 Mikrometer<\/td>\n<td>Ultrafeine Qualit\u00e4t f\u00fcr hohe Dichte und Oberfl\u00e4cheng\u00fcte<\/td>\n<\/tr>\n<tr>\n<td>15-45 Mikrometer<\/td>\n<td>Gemeinsame Gr\u00f6\u00dfe zum Pressen und Sintern<\/td>\n<\/tr>\n<tr>\n<td>45-150 Mikrometer<\/td>\n<td>Gr\u00f6\u00dfere Gr\u00f6\u00dfen f\u00fcr bessere Flie\u00dff\u00e4higkeit des Pulvers<\/td>\n<\/tr>\n<\/tbody>\n<\/table>\n<ul class=\"list-disc pl-8 space-y-2\">\n<li class=\"whitespace-normal\">Feinere Partikel erm\u00f6glichen eine st\u00e4rkere Verdichtung<\/li>\n<li class=\"whitespace-normal\">Gr\u00f6\u00dfere Partikel verbessern die Flie\u00dfeigenschaften des Pulvers<\/li>\n<li class=\"whitespace-normal\">Die Gr\u00f6\u00dfe wird auf der Grundlage der erforderlichen Eigenschaften des Endteils ausgew\u00e4hlt.<\/li>\n<li class=\"whitespace-normal\">Es sind sowohl kugelf\u00f6rmige als auch unregelm\u00e4\u00dfige Formen erh\u00e4ltlich<\/li>\n<\/ul>\n<p class=\"whitespace-pre-wrap\">Die Kontrolle der Partikelgr\u00f6\u00dfenverteilung optimiert die Pressungseigenschaften und die endg\u00fcltige Sinterdichte.<\/p>\n<h2>CuSn10-Pulver Scheinbare Dichte<\/h2>\n<p class=\"whitespace-pre-wrap\"><strong>CuSn10-Pulver Scheinbare Dichte<\/strong><\/p>\n<table>\n<thead>\n<tr>\n<th>Scheinbare Dichte<\/th>\n<th>Einzelheiten<\/th>\n<\/tr>\n<\/thead>\n<tbody>\n<tr>\n<td>Bis zu 50% wahre Dichte<\/td>\n<td>F\u00fcr Pulver mit unregelm\u00e4\u00dfiger Morphologie<\/td>\n<\/tr>\n<tr>\n<td>4,5-6,5 g\/cc<\/td>\n<td>Verbessert sich mit h\u00f6herer Packungsdichte<\/td>\n<\/tr>\n<\/tbody>\n<\/table>\n<ul class=\"list-disc pl-8 space-y-2\">\n<li class=\"whitespace-normal\">Eine h\u00f6here Sch\u00fcttdichte verbessert den Pulverfluss und die Verdichtbarkeit<\/li>\n<li class=\"whitespace-normal\">Dichte bis zu 60% ist mit optimiertem sph\u00e4rischem Pulver m\u00f6glich<\/li>\n<li class=\"whitespace-normal\">Hohe Sch\u00fcttdichte erm\u00f6glicht leichtere Verdichtung zu Gr\u00fcnteilen<\/li>\n<\/ul>\n<p class=\"whitespace-pre-wrap\">Eine h\u00f6here scheinbare Dichte f\u00fchrt zu einer besseren Fertigungsproduktivit\u00e4t und Teilequalit\u00e4t.<\/p>\n<h2>Verfahren zur Herstellung von CuSn10-Pulver<\/h2>\n<p class=\"whitespace-pre-wrap\"><strong>Produktion von CuSn10-Pulver<\/strong><\/p>\n<table>\n<thead>\n<tr>\n<th>Methode<\/th>\n<th>Einzelheiten<\/th>\n<\/tr>\n<\/thead>\n<tbody>\n<tr>\n<td>Zerst\u00e4ubung<\/td>\n<td>Der Strom der geschmolzenen Legierung zerf\u00e4llt in feine Tr\u00f6pfchen, die sich zu Pulver verfestigen<\/td>\n<\/tr>\n<tr>\n<td>Induktives Schmelzen<\/td>\n<td>Reines Kupfer und Zinn unter kontrollierter Atmosph\u00e4re zusammengeschmolzen<\/td>\n<\/tr>\n<tr>\n<td>Zerst\u00e4ubung mit Inertgas<\/td>\n<td>Verhinderung der Oxidation von Partikeln w\u00e4hrend der Produktion<\/td>\n<\/tr>\n<tr>\n<td>Siebung<\/td>\n<td>Klassifizierung von Pulver in verschiedene Korngr\u00f6\u00dfenbereiche<\/td>\n<\/tr>\n<\/tbody>\n<\/table>\n<ul class=\"list-disc pl-8 space-y-2\">\n<li class=\"whitespace-normal\">Automatisierte Zerst\u00e4ubung erm\u00f6glicht Produktion in gro\u00dfem Ma\u00dfstab<\/li>\n<li class=\"whitespace-normal\">Kontrolliertes Schmelzen und Zerst\u00e4uben minimiert Verunreinigungen<\/li>\n<li class=\"whitespace-normal\">Inertes Gas verhindert Oxidation des Pulvers<\/li>\n<li class=\"whitespace-normal\">Post-Processing erm\u00f6glicht individuelle Anpassung der Partikelgr\u00f6\u00dfen<\/li>\n<\/ul>\n<p class=\"whitespace-pre-wrap\">Strenge Prozesskontrollen sorgen f\u00fcr eine zuverl\u00e4ssige Pulverqualit\u00e4t und wiederholbare Eigenschaften.<\/p>\n<h2>Preise f\u00fcr CuSn10-Pulver<\/h2>\n<p class=\"whitespace-pre-wrap\"><strong>Preise f\u00fcr CuSn10-Pulver<\/strong><\/p>\n<table>\n<thead>\n<tr>\n<th>Faktor<\/th>\n<th>Auswirkungen auf den Preis<\/th>\n<\/tr>\n<\/thead>\n<tbody>\n<tr>\n<td>Reinheitsgrad<\/td>\n<td>H\u00f6here Reinheit erh\u00f6ht den Preis<\/td>\n<\/tr>\n<tr>\n<td>Partikelgr\u00f6\u00dfe<\/td>\n<td>Feineres Pulver ist teurer<\/td>\n<\/tr>\n<tr>\n<td>Bestellmenge<\/td>\n<td>Mengenrabatte gelten<\/td>\n<\/tr>\n<tr>\n<td>Produktionsverfahren<\/td>\n<td>Komplexe Prozesse erh\u00f6hen die Kosten<\/td>\n<\/tr>\n<tr>\n<td>Zus\u00e4tzliche Dienstleistungen<\/td>\n<td>Anpassungen verursachen zus\u00e4tzliche Kosten<\/td>\n<\/tr>\n<\/tbody>\n<\/table>\n<p class=\"whitespace-pre-wrap\"><strong>Vorl\u00e4ufige Preisgestaltung<\/strong><\/p>\n<ul class=\"list-disc pl-8 space-y-2\">\n<li class=\"whitespace-normal\">CuSn10-Pulver: $8-12 pro kg<\/li>\n<li class=\"whitespace-normal\">Niedrigere Preise gelten f\u00fcr Gro\u00dfbestellungen &gt;1000 kg<\/li>\n<\/ul>\n<p class=\"whitespace-pre-wrap\">Die Preise variieren je nach Auftragsparameter wie Menge, Partikelgr\u00f6\u00dfe, Reinheitsgrad, Legierungszusammensetzung usw.<\/p>\n<h2>CuSn10-Pulver Lieferanten<\/h2>\n<p class=\"whitespace-pre-wrap\"><strong>CuSn10-Pulver Lieferanten<\/strong><\/p>\n<table>\n<thead>\n<tr>\n<th>Unternehmen<\/th>\n<th>Standort<\/th>\n<\/tr>\n<\/thead>\n<tbody>\n<tr>\n<td>Kymera International<\/td>\n<td>USA<\/td>\n<\/tr>\n<tr>\n<td>Hoganas<\/td>\n<td>Schweden<\/td>\n<\/tr>\n<tr>\n<td>CNPC-Pulver-Gruppe<\/td>\n<td>China<\/td>\n<\/tr>\n<tr>\n<td>Shanghai CNPC-Pulvermaterial<\/td>\n<td>China<\/td>\n<\/tr>\n<tr>\n<td>Gujarat Reclaim Industries<\/td>\n<td>Indien<\/td>\n<\/tr>\n<tr>\n<td>Amerikanische Chemet Corporation<\/td>\n<td>USA<\/td>\n<\/tr>\n<\/tbody>\n<\/table>\n<p class=\"whitespace-pre-wrap\">Auswahlfaktoren f\u00fcr Lieferanten:<\/p>\n<ul class=\"list-disc pl-8 space-y-2\">\n<li class=\"whitespace-normal\">Pulvergr\u00f6\u00dfen und Vorlaufzeit<\/li>\n<li class=\"whitespace-normal\">Anpassungsf\u00e4higkeit<\/li>\n<li class=\"whitespace-normal\">Produktionskapazit\u00e4t<\/li>\n<li class=\"whitespace-normal\">Verpackungsm\u00f6glichkeiten<\/li>\n<li class=\"whitespace-normal\">Preisniveaus<\/li>\n<li class=\"whitespace-normal\">Qualit\u00e4tszertifizierungen und Konformit\u00e4t<\/li>\n<\/ul>\n<h2>Handhabung und Lagerung von CuSn10-Pulver<\/h2>\n<p class=\"whitespace-pre-wrap\"><strong>Handhabung von CuSn10-Pulver<\/strong><\/p>\n<table>\n<thead>\n<tr>\n<th>Empfehlung<\/th>\n<th>Grund<\/th>\n<\/tr>\n<\/thead>\n<tbody>\n<tr>\n<td>Einatmen vermeiden<\/td>\n<td>M\u00f6gliche Reizung der Atemwege<\/td>\n<\/tr>\n<tr>\n<td>Schutzmaske und Schutzbrille verwenden<\/td>\n<td>Unbeabsichtigtes Verschlucken verhindern<\/td>\n<\/tr>\n<tr>\n<td>F\u00fcr ausreichende Bel\u00fcftung sorgen<\/td>\n<td>Reduzieren Sie luftgetragene Partikel<\/td>\n<\/tr>\n<tr>\n<td>Vermeiden Sie Z\u00fcndquellen<\/td>\n<td>Gefahr durch brennbaren Staub<\/td>\n<\/tr>\n<tr>\n<td>Befolgen Sie die Antistatikverfahren<\/td>\n<td>Feuer durch statische Entladung verhindern<\/td>\n<\/tr>\n<tr>\n<td>Verwenden Sie funkenfreie Werkzeuge<\/td>\n<td>Vermeidet Funkenbildung bei der Handhabung<\/td>\n<\/tr>\n<tr>\n<td>Versiegelte Beh\u00e4lter an einem k\u00fchlen, trockenen Ort aufbewahren<\/td>\n<td>Verhindern Sie Oxidation und Feuchtigkeitsaufnahme<\/td>\n<\/tr>\n<\/tbody>\n<\/table>\n<p class=\"whitespace-pre-wrap\"><strong>Empfehlungen zur Lagerung<\/strong><\/p>\n<ul class=\"list-disc pl-8 space-y-2\">\n<li class=\"whitespace-normal\">In stabilen, inerten Beh\u00e4ltern lagern<\/li>\n<li class=\"whitespace-normal\">Von S\u00e4uren, Ammoniak, Acetylen fernhalten<\/li>\n<li class=\"whitespace-normal\">Halten Sie die Temperaturen unter 27 \u00b0C<\/li>\n<\/ul>\n<p class=\"whitespace-pre-wrap\">Bei sachgem\u00e4\u00dfer Handhabung und Lagerung bleibt die Reinheit des Pulvers erhalten und Reaktionsgefahren werden vermieden.<\/p>\n<h2>Inspektion und Pr\u00fcfung von CuSn10-Pulver<\/h2>\n<p class=\"whitespace-pre-wrap\"><strong>CuSn10-Pulverpr\u00fcfung<\/strong><\/p>\n<table>\n<thead>\n<tr>\n<th>Test<\/th>\n<th>Einzelheiten<\/th>\n<\/tr>\n<\/thead>\n<tbody>\n<tr>\n<td>Chemische Analyse<\/td>\n<td>ICP und XRF zur \u00dcberpr\u00fcfung der Zusammensetzung<\/td>\n<\/tr>\n<tr>\n<td>Partikelgr\u00f6\u00dfenverteilung<\/td>\n<td>Siebanalyse oder Laserbeugung<\/td>\n<\/tr>\n<tr>\n<td>Scheinbare Dichte<\/td>\n<td>Hall-Durchflussmessertest gem\u00e4\u00df ASTM B212<\/td>\n<\/tr>\n<tr>\n<td>Morphologie des Pulvers<\/td>\n<td>SEM-Bildgebung der Partikelform<\/td>\n<\/tr>\n<tr>\n<td>Dichte des Gewindebohrers<\/td>\n<td>Dichte gemessen nach mechanischem Klopfen<\/td>\n<\/tr>\n<tr>\n<td>Analyse der Durchflussmenge<\/td>\n<td>Schwerkraftdurchsatz durch die angegebene D\u00fcse<\/td>\n<\/tr>\n<\/tbody>\n<\/table>\n<p class=\"whitespace-pre-wrap\">Durch strenge Pr\u00fcfungen wird sichergestellt, dass das Pulver die f\u00fcr die Anwendung erforderliche chemische Zusammensetzung, die physikalischen Eigenschaften und das Gef\u00fcge aufweist.<\/p>\n<h2>CuSn10-Pulver Vor- und Nachteile<\/h2>\n<p class=\"whitespace-pre-wrap\"><strong>Vorteile von CuSn10-Pulver<\/strong><\/p>\n<ul class=\"list-disc pl-8 space-y-2\">\n<li class=\"whitespace-normal\">Ausgezeichnete Festigkeit f\u00fcr ein Kupferlegierungspulver<\/li>\n<li class=\"whitespace-normal\">Gute Duktilit\u00e4t und Umformbarkeit<\/li>\n<li class=\"whitespace-normal\">Sehr gute Korrosionsbest\u00e4ndigkeit<\/li>\n<li class=\"whitespace-normal\">Kosteng\u00fcnstig im Vergleich zu Bronzeg\u00fcten<\/li>\n<li class=\"whitespace-normal\">Gute elektrische und thermische Leitf\u00e4higkeit<\/li>\n<li class=\"whitespace-normal\">Recycelbar und umweltfreundlich<\/li>\n<\/ul>\n<p class=\"whitespace-pre-wrap\"><strong>Nachteile von CuSn10-Pulver<\/strong><\/p>\n<ul class=\"list-disc pl-8 space-y-2\">\n<li class=\"whitespace-normal\">Geringere Leitf\u00e4higkeit als reines Kupferpulver<\/li>\n<li class=\"whitespace-normal\">M\u00e4\u00dfige Festigkeit bei hohen Temperaturen<\/li>\n<li class=\"whitespace-normal\">Schwer im Vergleich zu Aluminium- oder Magnesiumlegierungen<\/li>\n<li class=\"whitespace-normal\">Nicht geeignet f\u00fcr hochbeanspruchte Strukturteile<\/li>\n<li class=\"whitespace-normal\">Oberfl\u00e4chenverf\u00e4rbung im Laufe der Zeit, wenn nicht beschichtet<\/li>\n<li class=\"whitespace-normal\">Beschr\u00e4nkungen f\u00fcr Anwendungen mit Lebensmittelkontakt<\/li>\n<\/ul>\n<h2>Vergleich mit CuNi10-Pulver<\/h2>\n<p class=\"whitespace-pre-wrap\"><strong>CuSn10 vs. CuNi10-Pulver<\/strong><\/p>\n<table>\n<thead>\n<tr>\n<th>Parameter<\/th>\n<th>CuSn10<\/th>\n<th>CuNi10<\/th>\n<\/tr>\n<\/thead>\n<tbody>\n<tr>\n<td>Dichte<\/td>\n<td>8,8 g\/cc<\/td>\n<td>8,9 g\/cc<\/td>\n<\/tr>\n<tr>\n<td>St\u00e4rke<\/td>\n<td>350-550 MPa<\/td>\n<td>500-650 MPa<\/td>\n<\/tr>\n<tr>\n<td>Leitf\u00e4higkeit<\/td>\n<td>55 W\/mK<\/td>\n<td>20 W\/mK<\/td>\n<\/tr>\n<tr>\n<td>Korrosionsbest\u00e4ndigkeit<\/td>\n<td>Ausgezeichnet<\/td>\n<td>Sehr gut<\/td>\n<\/tr>\n<tr>\n<td>Kosten<\/td>\n<td>Niedrig<\/td>\n<td>Hoch<\/td>\n<\/tr>\n<tr>\n<td>Verwendet<\/td>\n<td>Elektrisch, m\u00e4\u00dfige Belastung<\/td>\n<td>Hochfeste Strukturen<\/td>\n<\/tr>\n<\/tbody>\n<\/table>\n<ul class=\"list-disc pl-8 space-y-2\">\n<li class=\"whitespace-normal\">CuSn10 bietet bessere Leitf\u00e4higkeit und Kosten<\/li>\n<li class=\"whitespace-normal\">CuNi10 hat eine h\u00f6here Zugfestigkeit<\/li>\n<li class=\"whitespace-normal\">CuSn10 bevorzugt f\u00fcr elektrische Komponenten<\/li>\n<li class=\"whitespace-normal\">CuNi10 geeignet f\u00fcr hochfeste Strukturteile<\/li>\n<\/ul>\n<h2>FAQs zu CuSn10-Pulver<\/h2>\n<p class=\"whitespace-pre-wrap\"><strong>F: Was sind die wichtigsten Anwendungen von CuSn10-Pulver?<\/strong><\/p>\n<p class=\"whitespace-pre-wrap\">A: Zu den Hauptanwendungen geh\u00f6ren Lagerk\u00e4fige, Buchsen, Schwei\u00dfdr\u00e4hte, Bremsbel\u00e4ge, reibungsmindernde Komponenten sowie elektrische Kontakte, Stecker und B\u00fcrsten. Es wird h\u00e4ufig in der Automobil- und Elektroindustrie verwendet.<\/p>\n<p class=\"whitespace-pre-wrap\"><strong>F: Erfordert CuSn10-Pulver besondere Vorsichtsma\u00dfnahmen bei der Handhabung?<\/strong><\/p>\n<p class=\"whitespace-pre-wrap\">A: Es werden allgemeine Vorsichtsma\u00dfnahmen empfohlen, einschlie\u00dflich der Vermeidung des Einatmens, der Gew\u00e4hrleistung einer angemessenen Bel\u00fcftung, der Kontrolle von Staub, der Vermeidung von Z\u00fcndquellen, der Vermeidung statischer Aufladung, der Verwendung funkenfreier Werkzeuge und der Lagerung in einer trockenen, inerten Atmosph\u00e4re.<\/p>\n<p class=\"whitespace-pre-wrap\"><strong>F: Was beeinflusst die Eigenschaften von CuSn10-Pulverteilen?<\/strong><\/p>\n<p class=\"whitespace-pre-wrap\">A: Schl\u00fcsselfaktoren sind Sch\u00fcttdichte, Partikelgr\u00f6\u00dfenverteilung, Verdichtungsdruck, Sintertemperatur und -zeit, Legierungszusammensetzung, Verunreinigungen und Porosit\u00e4t.<\/p>\n<p class=\"whitespace-pre-wrap\"><strong>F: Was ist der wesentliche Unterschied zwischen Bronze- und CuSn10-Pulver?<\/strong><\/p>\n<p class=\"whitespace-pre-wrap\">A: Bronzepulver enth\u00e4lt 90-95% Kupfer, w\u00e4hrend CuSn10 90% Kupfer und 10% Zinn enth\u00e4lt. CuSn10 bietet eine optimale Kombination aus Festigkeit, Duktilit\u00e4t und Kosten.<\/p>\n<div id=\"gtx-trans\" style=\"position: absolute; left: -2px; top: 59.8125px;\">\n<div class=\"gtx-trans-icon\"><\/div>\n<\/div>","protected":false},"excerpt":{"rendered":"<p>CuSn10-Pulver ist eine Kupfer-Zinn-Legierung, die etwa 10% Zinn und den Rest Kupfer enth\u00e4lt. Es bietet eine hervorragende Kombination aus Festigkeit, Duktilit\u00e4t, Korrosionsbest\u00e4ndigkeit, Verschlei\u00dffestigkeit und Gleiteigenschaften.<\/p>","protected":false},"featured_media":2093,"comment_status":"open","ping_status":"closed","template":"","meta":[],"product_brand":[],"product_cat":[31,55],"product_tag":[],"class_list":{"0":"post-1693","1":"product","2":"type-product","3":"status-publish","4":"has-post-thumbnail","6":"product_cat-3d-printing-metal-powder","7":"product_cat-copper-alloy-powder","9":"first","10":"instock","11":"shipping-taxable","12":"product-type-simple"},"_links":{"self":[{"href":"https:\/\/met3dp.sg\/de\/wp-json\/wp\/v2\/product\/1693","targetHints":{"allow":["GET"]}}],"collection":[{"href":"https:\/\/met3dp.sg\/de\/wp-json\/wp\/v2\/product"}],"about":[{"href":"https:\/\/met3dp.sg\/de\/wp-json\/wp\/v2\/types\/product"}],"replies":[{"embeddable":true,"href":"https:\/\/met3dp.sg\/de\/wp-json\/wp\/v2\/comments?post=1693"}],"wp:featuredmedia":[{"embeddable":true,"href":"https:\/\/met3dp.sg\/de\/wp-json\/wp\/v2\/media\/2093"}],"wp:attachment":[{"href":"https:\/\/met3dp.sg\/de\/wp-json\/wp\/v2\/media?parent=1693"}],"wp:term":[{"taxonomy":"product_brand","embeddable":true,"href":"https:\/\/met3dp.sg\/de\/wp-json\/wp\/v2\/product_brand?post=1693"},{"taxonomy":"product_cat","embeddable":true,"href":"https:\/\/met3dp.sg\/de\/wp-json\/wp\/v2\/product_cat?post=1693"},{"taxonomy":"product_tag","embeddable":true,"href":"https:\/\/met3dp.sg\/de\/wp-json\/wp\/v2\/product_tag?post=1693"}],"curies":[{"name":"wp","href":"https:\/\/api.w.org\/{rel}","templated":true}]}}