{"id":1692,"date":"2023-09-19T07:47:26","date_gmt":"2023-09-19T07:47:26","guid":{"rendered":"https:\/\/site3.easyceotech.com\/?post_type=product&#038;p=1692"},"modified":"2023-10-19T02:13:23","modified_gmt":"2023-10-19T02:13:23","slug":"cu-99-95-powder","status":"publish","type":"product","link":"https:\/\/met3dp.sg\/de\/product\/cu-99-95-powder\/","title":{"rendered":"Cu 99,95 Pulver"},"content":{"rendered":"<h2>\u00dcbersicht \u00fcber Cu 99,95-Pulver<\/h2>\n<p class=\"whitespace-pre-wrap\">Cu 99,95-Pulver, auch als Electrolytic Tough Pitch (ETP)-Kupferpulver bezeichnet, ist ein hochreines Kupferpulver, das mindestens 99,95% Kupfer enth\u00e4lt.<\/p>\n<p class=\"whitespace-pre-wrap\">Es verf\u00fcgt \u00fcber eine hervorragende elektrische und thermische Leitf\u00e4higkeit bei gleichzeitig guten mechanischen Eigenschaften. Zu den Hauptanwendungen geh\u00f6ren elektrische Kontakte, B\u00fcrsten, Schwei\u00dfprodukte, Hartl\u00f6ten, Reibmaterialien und Diamantwerkzeuge.<\/p>\n<p class=\"whitespace-pre-wrap\">Zu den wichtigsten Eigenschaften und Vorteilen von Cu 99,95-Pulver geh\u00f6ren:<\/p>\n<p class=\"whitespace-pre-wrap\"><strong>Cu 99,95 Pulvereigenschaften und Eigenschaften<\/strong><\/p>\n<table>\n<thead>\n<tr>\n<th>Eigenschaften<\/th>\n<th>Einzelheiten<\/th>\n<\/tr>\n<\/thead>\n<tbody>\n<tr>\n<td>Zusammensetzung<\/td>\n<td>Mindestens 99,95% Kupfer<\/td>\n<\/tr>\n<tr>\n<td>Dichte<\/td>\n<td>8,94 g\/cm\u00b3<\/td>\n<\/tr>\n<tr>\n<td>Partikelform<\/td>\n<td>Unregelm\u00e4\u00dfig, eckig<\/td>\n<\/tr>\n<tr>\n<td>Gr\u00f6\u00dfenbereich<\/td>\n<td>2-150 Mikrometer<\/td>\n<\/tr>\n<tr>\n<td>Scheinbare Dichte<\/td>\n<td>Bis zu 50% wahre Dichte<\/td>\n<\/tr>\n<tr>\n<td>Flie\u00dff\u00e4higkeit<\/td>\n<td>Gering bis m\u00e4\u00dfig<\/td>\n<\/tr>\n<tr>\n<td>Leitf\u00e4higkeit<\/td>\n<td>Hervorragende elektrische und thermische Leitf\u00e4higkeit<\/td>\n<\/tr>\n<tr>\n<td>Sinterbarkeit<\/td>\n<td>Gute Sinterbarkeit in H2-Atmosph\u00e4re<\/td>\n<\/tr>\n<tr>\n<td>Reinheit<\/td>\n<td>Hochreines Kupfer<\/td>\n<\/tr>\n<\/tbody>\n<\/table>\n<p class=\"whitespace-pre-wrap\">Cu 99,95 bietet ein optimales Gleichgewicht zwischen Leitf\u00e4higkeit, mechanischen Eigenschaften, Sintereigenschaften und Kosten f\u00fcr die Herstellung von Teilen durch Pressen und Sintern.<\/p>\n<h2>Cu 99,95 Pulverzusammensetzung<\/h2>\n<p class=\"whitespace-pre-wrap\">Typische Zusammensetzung von Cu 99,95-Pulver:<\/p>\n<p class=\"whitespace-pre-wrap\"><strong>Cu 99,95 Pulverzusammensetzung<\/strong><\/p>\n<table>\n<thead>\n<tr>\n<th>Element<\/th>\n<th>Gewicht %<\/th>\n<\/tr>\n<\/thead>\n<tbody>\n<tr>\n<td>Kupfer (Cu)<\/td>\n<td>99,95% min<\/td>\n<\/tr>\n<tr>\n<td>Sauerstoff (O)<\/td>\n<td>0,05% max<\/td>\n<\/tr>\n<tr>\n<td>Blei (Pb)<\/td>\n<td>0,005% max<\/td>\n<\/tr>\n<tr>\n<td>Andere Verunreinigungen<\/td>\n<td>0,005% max<\/td>\n<\/tr>\n<\/tbody>\n<\/table>\n<ul class=\"list-disc pl-8 space-y-2\">\n<li class=\"whitespace-normal\">Kupfer bietet eine hervorragende Leitf\u00e4higkeit und Duktilit\u00e4t<\/li>\n<li class=\"whitespace-normal\">Als Verunreinigung vorhandener Sauerstoff beeinflusst die Leitf\u00e4higkeit und das Sintern<\/li>\n<li class=\"whitespace-normal\">Blei und andere Verunreinigungen werden sorgf\u00e4ltig kontrolliert<\/li>\n<\/ul>\n<p class=\"whitespace-pre-wrap\">Der hohe Kupfergehalt sorgt f\u00fcr eine hervorragende elektrische und thermische Leitf\u00e4higkeit in Kombination mit guten mechanischen Eigenschaften nach dem Sintern.<\/p>\n<p><img fetchpriority=\"high\" decoding=\"async\" class=\"size-medium wp-image-1409 aligncenter\" src=\"https:\/\/met3dp.sg\/wp-content\/uploads\/2023\/09\/ed7a94ec-3c10-4b1b-87ed--300x300.jpg\" alt=\"Cu 99,95 Pulver\" width=\"300\" height=\"300\" title=\"\" srcset=\"https:\/\/met3dp.sg\/wp-content\/uploads\/2023\/09\/ed7a94ec-3c10-4b1b-87ed--300x300.jpg 300w, https:\/\/met3dp.sg\/wp-content\/uploads\/2023\/09\/ed7a94ec-3c10-4b1b-87ed--100x100.jpg 100w, https:\/\/met3dp.sg\/wp-content\/uploads\/2023\/09\/ed7a94ec-3c10-4b1b-87ed--150x150.jpg 150w, https:\/\/met3dp.sg\/wp-content\/uploads\/2023\/09\/ed7a94ec-3c10-4b1b-87ed-.jpg 600w\" sizes=\"(max-width: 300px) 100vw, 300px\" \/><\/p>\n<h2>Physikalische Eigenschaften des Cu 99,95-Pulvers<\/h2>\n<p class=\"whitespace-pre-wrap\"><strong>Physikalische Eigenschaften des Cu 99,95-Pulvers<\/strong><\/p>\n<table>\n<thead>\n<tr>\n<th>Eigenschaften<\/th>\n<th>Werte<\/th>\n<\/tr>\n<\/thead>\n<tbody>\n<tr>\n<td>Dichte<\/td>\n<td>8,94 g\/cm\u00b3<\/td>\n<\/tr>\n<tr>\n<td>Schmelzpunkt<\/td>\n<td>1083\u00b0C<\/td>\n<\/tr>\n<tr>\n<td>W\u00e4rmeleitf\u00e4higkeit<\/td>\n<td>400 W\/mK<\/td>\n<\/tr>\n<tr>\n<td>Elektrischer Widerstand<\/td>\n<td>1,72 \u03bc\u03a9-cm<\/td>\n<\/tr>\n<tr>\n<td>Rekristallisationstemperatur<\/td>\n<td>200\u2013300 \u00b0C<\/td>\n<\/tr>\n<tr>\n<td>Curie-Temperatur<\/td>\n<td>-269\u00b0C<\/td>\n<\/tr>\n<\/tbody>\n<\/table>\n<ul class=\"list-disc pl-8 space-y-2\">\n<li class=\"whitespace-normal\">Hohe Dichte im Vergleich zu Eisen und Aluminium<\/li>\n<li class=\"whitespace-normal\">Hervorragende W\u00e4rmeleitf\u00e4higkeit zur W\u00e4rmeableitung<\/li>\n<li class=\"whitespace-normal\">Ein niedriger elektrischer Widerstand sorgt f\u00fcr eine hohe Leitf\u00e4higkeit<\/li>\n<li class=\"whitespace-normal\">Der spezifische Widerstand steigt oberhalb der Curie-Temperatur<\/li>\n<li class=\"whitespace-normal\">Die Rekristallisation erm\u00f6glicht das Sintern und verbessert die Duktilit\u00e4t<\/li>\n<\/ul>\n<p class=\"whitespace-pre-wrap\">Aufgrund seiner physikalischen Eigenschaften eignet sich Cu 99,95 f\u00fcr Anwendungen wie elektrische Kontakte und B\u00fcrsten, die eine hohe Leitf\u00e4higkeit erfordern.<\/p>\n<h2>Mechanische Eigenschaften des Cu 99,95-Pulvers<\/h2>\n<p class=\"whitespace-pre-wrap\"><strong>Mechanische Eigenschaften des Cu 99,95-Pulvers<\/strong><\/p>\n<table>\n<thead>\n<tr>\n<th>Eigenschaften<\/th>\n<th>Werte<\/th>\n<\/tr>\n<\/thead>\n<tbody>\n<tr>\n<td>Zugfestigkeit<\/td>\n<td>220-340 MPa<\/td>\n<\/tr>\n<tr>\n<td>Streckgrenze<\/td>\n<td>70-190 MPa<\/td>\n<\/tr>\n<tr>\n<td>Dehnung<\/td>\n<td>35-60%<\/td>\n<\/tr>\n<tr>\n<td>H\u00e4rte<\/td>\n<td>45-90 HB<\/td>\n<\/tr>\n<tr>\n<td>Elastizit\u00e4tsmodul<\/td>\n<td>110\u2013130 GPa<\/td>\n<\/tr>\n<tr>\n<td>Druckfestigkeit<\/td>\n<td>500-700 MPa<\/td>\n<\/tr>\n<\/tbody>\n<\/table>\n<ul class=\"list-disc pl-8 space-y-2\">\n<li class=\"whitespace-normal\">Gute Kombination aus Festigkeit und hoher Duktilit\u00e4t<\/li>\n<li class=\"whitespace-normal\">Relativ geringe H\u00e4rte und hohe Formbarkeit<\/li>\n<li class=\"whitespace-normal\">M\u00e4\u00dfige Festigkeitsniveaus im Vergleich zu hochfesten Legierungen<\/li>\n<li class=\"whitespace-normal\">Die Eigenschaften h\u00e4ngen von Faktoren wie Porosit\u00e4t und Korngr\u00f6\u00dfe ab<\/li>\n<\/ul>\n<p class=\"whitespace-pre-wrap\">Aufgrund der mechanischen Eigenschaften eignet sich Cu 99,95 f\u00fcr weichere leitf\u00e4hige Komponenten, die Verformung und Druckfestigkeit erfordern.<\/p>\n<h2>Cu 99,95 Pulveranwendungen<\/h2>\n<p class=\"whitespace-pre-wrap\">Zu den typischen Anwendungen von Cu 99,95-Pulver geh\u00f6ren:<\/p>\n<p class=\"whitespace-pre-wrap\"><strong>Cu 99,95 Pulveranwendungen<\/strong><\/p>\n<table>\n<thead>\n<tr>\n<th>Industrie<\/th>\n<th>Anwendungsbeispiele<\/th>\n<\/tr>\n<\/thead>\n<tbody>\n<tr>\n<td>Elektrik und Elektronik<\/td>\n<td>Kontakte, Steckverbinder, B\u00fcrsten, HF-Abschirmung<\/td>\n<\/tr>\n<tr>\n<td>Automobilindustrie<\/td>\n<td>B\u00fcrsten, Buchsen, Lager<\/td>\n<\/tr>\n<tr>\n<td>Industriell<\/td>\n<td>Schwei\u00dfelektroden, Gussformen, Metallmatrix-Verbundwerkstoffe<\/td>\n<\/tr>\n<tr>\n<td>Herstellung<\/td>\n<td>Hart- und Weichl\u00f6ten, Werkzeugkomponenten<\/td>\n<\/tr>\n<tr>\n<td>Reibungsprodukte<\/td>\n<td>Bremsbel\u00e4ge, Kupplungsscheiben<\/td>\n<\/tr>\n<\/tbody>\n<\/table>\n<p class=\"whitespace-pre-wrap\">Einige spezifische Verwendungszwecke:<\/p>\n<ul class=\"list-disc pl-8 space-y-2\">\n<li class=\"whitespace-normal\">Elektrische Gleitkontakte und B\u00fcrsten<\/li>\n<li class=\"whitespace-normal\">Strukturbauteile, die Leitf\u00e4higkeit erfordern<\/li>\n<li class=\"whitespace-normal\">Schmuckherstellung und handwerkliche Produkte<\/li>\n<li class=\"whitespace-normal\">Diamantwerkzeuge mit Kupfermetallmatrix<\/li>\n<li class=\"whitespace-normal\">Schwei\u00dfst\u00e4be und Hartlotpastenformulierungen<\/li>\n<li class=\"whitespace-normal\">Formauskleidungen zum Gie\u00dfen reaktiver Legierungen<\/li>\n<\/ul>\n<p class=\"whitespace-pre-wrap\">Aufgrund des hervorragenden Gleichgewichts zwischen Leitf\u00e4higkeit, mechanischen Eigenschaften, Formbarkeit und Kosten eignet sich Cu 99,95 f\u00fcr dieses breite Anwendungsspektrum.<\/p>\n<h2>Spezifikationen f\u00fcr Cu 99,95-Pulver<\/h2>\n<p class=\"whitespace-pre-wrap\">Zu den wichtigsten Spezifikationen f\u00fcr Cu 99,95-Pulver geh\u00f6ren:<\/p>\n<p class=\"whitespace-pre-wrap\"><strong>Spezifikationen f\u00fcr Cu 99,95-Pulver<\/strong><\/p>\n<table>\n<thead>\n<tr>\n<th>Standard<\/th>\n<th>Beschreibung<\/th>\n<\/tr>\n<\/thead>\n<tbody>\n<tr>\n<td>ASTM B602<\/td>\n<td>Standardspezifikation f\u00fcr unverformtes, geknetetes, elektrolytisch z\u00e4hes Kupfer<\/td>\n<\/tr>\n<tr>\n<td>JIS H3125<\/td>\n<td>Elektrolytische Kupfer- und Kupferlegierungspulver<\/td>\n<\/tr>\n<tr>\n<td>ISO 3497<\/td>\n<td>Kupferpulver f\u00fcr allgemeine Zwecke<\/td>\n<\/tr>\n<tr>\n<td>ASTM B-Leitfaden<\/td>\n<td>Scheinbare Dichte, Durchflussrate, Partikelgr\u00f6\u00dfenverteilung<\/td>\n<\/tr>\n<\/tbody>\n<\/table>\n<p class=\"whitespace-pre-wrap\">Diese Normen definieren:<\/p>\n<ul class=\"list-disc pl-8 space-y-2\">\n<li class=\"whitespace-normal\">Mindestens 99,95% Kupfergehalt<\/li>\n<li class=\"whitespace-normal\">Grenzwerte f\u00fcr Verunreinigungen wie O, Pb<\/li>\n<li class=\"whitespace-normal\">Erforderliche Pulvereigenschaften<\/li>\n<li class=\"whitespace-normal\">Produktionsmethode \u2013 elektrolytischer Prozess<\/li>\n<li class=\"whitespace-normal\">Akzeptable Partikelgr\u00f6\u00dfenverteilung<\/li>\n<li class=\"whitespace-normal\">Pr\u00fcfmethoden f\u00fcr Pulvereigenschaften<\/li>\n<\/ul>\n<p class=\"whitespace-pre-wrap\">Durch die Einhaltung wird sichergestellt, dass das Pulver die erforderliche Reinheit und Eigenschaften f\u00fcr die beabsichtigte Anwendung aufweist.<\/p>\n<h2>Partikelgr\u00f6\u00dfen des Cu 99,95-Pulvers<\/h2>\n<p class=\"whitespace-pre-wrap\"><strong>Cu 99,95-Pulver-Partikelgr\u00f6\u00dfenverteilung<\/strong><\/p>\n<table>\n<thead>\n<tr>\n<th>Partikelgr\u00f6\u00dfe<\/th>\n<th>Merkmale<\/th>\n<\/tr>\n<\/thead>\n<tbody>\n<tr>\n<td>2-20 Mikrometer<\/td>\n<td>Sehr feines Pulver, das in der Mikroelektronik verwendet wird<\/td>\n<\/tr>\n<tr>\n<td>5-30 Mikrometer<\/td>\n<td>Feines Pulver zum Sintern und Spritzgie\u00dfen<\/td>\n<\/tr>\n<tr>\n<td>15-150 Mikrometer<\/td>\n<td>Grobes, zum Pressen geeignetes Pulver<\/td>\n<\/tr>\n<\/tbody>\n<\/table>\n<ul class=\"list-disc pl-8 space-y-2\">\n<li class=\"whitespace-normal\">Feinere Pulvergr\u00f6\u00dfen sorgen f\u00fcr eine h\u00f6here Sinterdichte<\/li>\n<li class=\"whitespace-normal\">Grobes Pulver hat eine bessere Flie\u00dff\u00e4higkeit f\u00fcr die automatische Abf\u00fcllung<\/li>\n<li class=\"whitespace-normal\">Ma\u00dfgeschneiderter Gr\u00f6\u00dfenbereich basierend auf den Teileanforderungen<\/li>\n<li class=\"whitespace-normal\">Es sind sowohl unregelm\u00e4\u00dfige als auch kugelf\u00f6rmige Pulverformen erh\u00e4ltlich<\/li>\n<\/ul>\n<p class=\"whitespace-pre-wrap\">Durch die Kontrolle der Partikelgr\u00f6\u00dfenverteilung k\u00f6nnen die Presseigenschaften, die Sinterdichte und die Eigenschaften optimiert werden.<\/p>\n<h2>Cu 99,95 Pulverdichte<\/h2>\n<p class=\"whitespace-pre-wrap\"><strong>Cu 99,95 Pulverdichte<\/strong><\/p>\n<table>\n<thead>\n<tr>\n<th>Scheinbare Dichte<\/th>\n<th>Einzelheiten<\/th>\n<\/tr>\n<\/thead>\n<tbody>\n<tr>\n<td>Bis zu 50% wahre Dichte<\/td>\n<td>F\u00fcr unregelm\u00e4\u00dfige Pulvermorphologie<\/td>\n<\/tr>\n<tr>\n<td>3,5\u20135,0 g\/cm\u00b3 typisch<\/td>\n<td>Verdichtet sich nach dem Pressen und Sintern nahezu zur vollen Dichte<\/td>\n<\/tr>\n<\/tbody>\n<\/table>\n<ul class=\"list-disc pl-8 space-y-2\">\n<li class=\"whitespace-normal\">Eine h\u00f6here Sch\u00fcttdichte verbessert den Pulverfluss und die Verdichtbarkeit<\/li>\n<li class=\"whitespace-normal\">Unregelm\u00e4\u00dfige Morphologie begrenzt maximale Packungsdichte<\/li>\n<li class=\"whitespace-normal\">Mit optimiertem sph\u00e4rischem Pulver sind Werte bis zu 60% m\u00f6glich<\/li>\n<li class=\"whitespace-normal\">Die hohe Gr\u00fcndichte nach der Verdichtung erm\u00f6glicht eine gute Sinterung<\/li>\n<\/ul>\n<p class=\"whitespace-pre-wrap\">Eine h\u00f6here scheinbare Dichte verbessert die Fertigungsproduktivit\u00e4t und die Teilequalit\u00e4t.<\/p>\n<h2>Herstellungsverfahren f\u00fcr Cu 99,95-Pulver<\/h2>\n<p class=\"whitespace-pre-wrap\"><strong>Herstellung von Cu 99,95-Pulver<\/strong><\/p>\n<table>\n<thead>\n<tr>\n<th>Methode<\/th>\n<th>Einzelheiten<\/th>\n<\/tr>\n<\/thead>\n<tbody>\n<tr>\n<td>Elektrolyse<\/td>\n<td>Kupferkathoden l\u00f6sen sich anodisch in Cu+-Ionen auf, die auf Edelstahlkathoden abgeschieden werden<\/td>\n<\/tr>\n<tr>\n<td>Schleifen<\/td>\n<td>Grobes Pulver, zerkleinert und in bestimmte Gr\u00f6\u00dfenbereiche klassifiziert<\/td>\n<\/tr>\n<tr>\n<td>Gl\u00fchen<\/td>\n<td>Erweicht die Pulverpartikel und verbessert die Kompressibilit\u00e4t<\/td>\n<\/tr>\n<tr>\n<td>Reduzierende Atmosph\u00e4re<\/td>\n<td>Verhindert die Oxidation von Partikeln w\u00e4hrend der Produktion<\/td>\n<\/tr>\n<\/tbody>\n<\/table>\n<ul class=\"list-disc pl-8 space-y-2\">\n<li class=\"whitespace-normal\">Der automatisierte Elektrolyseprozess erm\u00f6glicht die Herstellung hochreiner Pulver<\/li>\n<li class=\"whitespace-normal\">Mahlen und Sieben sorgen f\u00fcr eine kontrollierte Partikelgr\u00f6\u00dfenverteilung<\/li>\n<li class=\"whitespace-normal\">Das Gl\u00fchen erm\u00f6glicht eine einfache Verdichtung zu Teilen mit hoher Dichte<\/li>\n<li class=\"whitespace-normal\">Eine strenge Prozesskontrolle gew\u00e4hrleistet eine zuverl\u00e4ssige und gleichbleibende Pulverqualit\u00e4t<\/li>\n<\/ul>\n<h2>Cu 99,95 Pulverpreis<\/h2>\n<p class=\"whitespace-pre-wrap\"><strong>Cu 99,95 Pulverpreis<\/strong><\/p>\n<table>\n<thead>\n<tr>\n<th>Faktor<\/th>\n<th>Auswirkungen auf den Preis<\/th>\n<\/tr>\n<\/thead>\n<tbody>\n<tr>\n<td>Reinheitsgrad<\/td>\n<td>H\u00f6here Reinheitsgrade kosten mehr<\/td>\n<\/tr>\n<tr>\n<td>Partikelgr\u00f6\u00dfe<\/td>\n<td>Ultrafein ist teurer<\/td>\n<\/tr>\n<tr>\n<td>Bestellmenge<\/td>\n<td>Bei Gro\u00dfbestellungen sinkt der Preis<\/td>\n<\/tr>\n<tr>\n<td>Produktionsverfahren<\/td>\n<td>Zus\u00e4tzliche Verarbeitung erh\u00f6ht die Kosten<\/td>\n<\/tr>\n<tr>\n<td>Verpackung<\/td>\n<td>Spezielle Verpackungen wie Vakuumversiegelung erh\u00f6hen die Kosten<\/td>\n<\/tr>\n<\/tbody>\n<\/table>\n<p class=\"whitespace-pre-wrap\"><strong>Vorl\u00e4ufige Preisgestaltung<\/strong><\/p>\n<ul class=\"list-disc pl-8 space-y-2\">\n<li class=\"whitespace-normal\">Cu 99,95 Feinpulver: $8-12 pro kg<\/li>\n<li class=\"whitespace-normal\">Cu 99,95 grobes Pulver: $7-10 pro kg<\/li>\n<li class=\"whitespace-normal\">Reduzierte Preise gelten f\u00fcr Gro\u00dfbestellungen &gt;500 kg<\/li>\n<\/ul>\n<p class=\"whitespace-pre-wrap\">Die Preise richten sich nach Auftragsvolumen, Partikelgr\u00f6\u00dfe, Produktionsmethode, Reinheitsgrad und Verpackung.<\/p>\n<h2>Lieferanten von Cu 99,95-Pulver<\/h2>\n<p class=\"whitespace-pre-wrap\"><strong>Lieferanten von Cu 99,95-Pulver<\/strong><\/p>\n<table>\n<thead>\n<tr>\n<th>Unternehmen<\/th>\n<th>Standort<\/th>\n<\/tr>\n<\/thead>\n<tbody>\n<tr>\n<td>Kymera International<\/td>\n<td>USA<\/td>\n<\/tr>\n<tr>\n<td>GGP Metallpulver<\/td>\n<td>Deutschland<\/td>\n<\/tr>\n<tr>\n<td>Amerikanische Chemet Corporation<\/td>\n<td>USA<\/td>\n<\/tr>\n<tr>\n<td>Shanghai CNPC-Pulvermaterial<\/td>\n<td>China<\/td>\n<\/tr>\n<tr>\n<td>Kern<\/td>\n<td>Frankreich<\/td>\n<\/tr>\n<tr>\n<td>Libo Metals<\/td>\n<td>China<\/td>\n<\/tr>\n<\/tbody>\n<\/table>\n<p class=\"whitespace-pre-wrap\">Auswahlfaktoren f\u00fcr Lieferanten:<\/p>\n<ul class=\"list-disc pl-8 space-y-2\">\n<li class=\"whitespace-normal\">Angeboten werden Pulverreinheitsgrade und -qualit\u00e4ten<\/li>\n<li class=\"whitespace-normal\">Produktionskapazit\u00e4t und Vorlaufzeiten<\/li>\n<li class=\"whitespace-normal\">Durchschnittliche Partikelgr\u00f6\u00dfenbereiche<\/li>\n<li class=\"whitespace-normal\">Anpassung der Gr\u00f6\u00dfenverteilung<\/li>\n<li class=\"whitespace-normal\">Verpackung und Mindestbestellmenge<\/li>\n<li class=\"whitespace-normal\">Preisniveaus auf der Grundlage des Auftragsvolumens<\/li>\n<li class=\"whitespace-normal\">Einhaltung internationaler Spezifikationen<\/li>\n<\/ul>\n<h2>Handhabung und Lagerung von Cu 99,95-Pulver<\/h2>\n<p class=\"whitespace-pre-wrap\"><strong>Cu 99,95 Pulverhandhabung<\/strong><\/p>\n<table>\n<thead>\n<tr>\n<th>Empfehlung<\/th>\n<th>Grund<\/th>\n<\/tr>\n<\/thead>\n<tbody>\n<tr>\n<td>Einatmen vermeiden<\/td>\n<td>M\u00f6gliche Reizung der Atemwege<\/td>\n<\/tr>\n<tr>\n<td>Benutzen Sie Masken und Handschuhe<\/td>\n<td>Verschlucken verhindern<\/td>\n<\/tr>\n<tr>\n<td>F\u00fcr ausreichende Bel\u00fcftung sorgen<\/td>\n<td>Reduzieren Sie luftgetragene Partikel<\/td>\n<\/tr>\n<tr>\n<td>Vermeiden Sie Z\u00fcndquellen<\/td>\n<td>Gefahr durch brennbaren Staub<\/td>\n<\/tr>\n<tr>\n<td>Befolgen Sie die Antistatikverfahren<\/td>\n<td>Feuer durch statische Entladung verhindern<\/td>\n<\/tr>\n<tr>\n<td>Verwenden Sie funkenfreie Werkzeuge<\/td>\n<td>Bei der Handhabung eine Entz\u00fcndung vermeiden<\/td>\n<\/tr>\n<tr>\n<td>An einem k\u00fchlen, trockenen Ort aufbewahren<\/td>\n<td>Verhindern Sie Oxidation und Feuchtigkeitsaufnahme<\/td>\n<\/tr>\n<\/tbody>\n<\/table>\n<p class=\"whitespace-pre-wrap\"><strong>Empfehlungen zur Lagerung<\/strong><\/p>\n<ul class=\"list-disc pl-8 space-y-2\">\n<li class=\"whitespace-normal\">In verschlossenen Beh\u00e4ltern fern von S\u00e4uren oder Chloriden aufbewahren<\/li>\n<li class=\"whitespace-normal\">Halten Sie die Temperaturen unter 27 \u00b0C<\/li>\n<li class=\"whitespace-normal\">Begrenzen Sie die Exposition gegen\u00fcber:\n<ul class=\"list-disc pl-8 space-y-2\">\n<li class=\"whitespace-normal\">Oxidierende S\u00e4uren wie Salpeters\u00e4ure<\/li>\n<li class=\"whitespace-normal\">Hei\u00dfe Schwefels\u00e4ure<\/li>\n<li class=\"whitespace-normal\">Schwefelwasserstoff<\/li>\n<li class=\"whitespace-normal\">Ammoniakl\u00f6sungen<\/li>\n<li class=\"whitespace-normal\">Chlorierte Kohlenwasserstoffe<\/li>\n<\/ul>\n<\/li>\n<\/ul>\n<p class=\"whitespace-pre-wrap\">Die richtige Handhabung und Lagerung tr\u00e4gt dazu bei, die Reinheit zu bewahren und Reaktivit\u00e4t oder Brandgefahr zu verhindern.<\/p>\n<h2>Inspektion und Pr\u00fcfung von Cu 99,95-Pulver<\/h2>\n<p class=\"whitespace-pre-wrap\"><strong>Cu 99,95 Pulvertest<\/strong><\/p>\n<table>\n<thead>\n<tr>\n<th>Testtyp<\/th>\n<th>Einzelheiten<\/th>\n<\/tr>\n<\/thead>\n<tbody>\n<tr>\n<td>Chemische Analyse<\/td>\n<td>ICP-Analyse zur \u00dcberpr\u00fcfung der Zusammensetzung<\/td>\n<\/tr>\n<tr>\n<td>Partikelgr\u00f6\u00dfenverteilung<\/td>\n<td>Laserbeugungsanalyse<\/td>\n<\/tr>\n<tr>\n<td>Scheinbare Dichte<\/td>\n<td>Hall-Durchflussmessertest gem\u00e4\u00df ASTM B212<\/td>\n<\/tr>\n<tr>\n<td>Morphologie des Pulvers<\/td>\n<td>SEM-Bildgebung<\/td>\n<\/tr>\n<tr>\n<td>Dichte des Gewindebohrers<\/td>\n<td>Gemessen nach mechanischem Klopfen<\/td>\n<\/tr>\n<tr>\n<td>Analyse der Durchflussmenge<\/td>\n<td>Schwerkraftdurchsatz durch die angegebene D\u00fcse<\/td>\n<\/tr>\n<\/tbody>\n<\/table>\n<p class=\"whitespace-pre-wrap\">Durch strenge Tests wird sichergestellt, dass das Pulver die f\u00fcr die Anwendung erforderlichen chemischen, physikalischen und morphologischen Spezifikationen erf\u00fcllt.<\/p>\n<h2>Cu 99,95 Pulver Vor- und Nachteile<\/h2>\n<p class=\"whitespace-pre-wrap\"><strong>Vorteile von Cu 99,95 Pulver<\/strong><\/p>\n<ul class=\"list-disc pl-8 space-y-2\">\n<li class=\"whitespace-normal\">Hervorragende elektrische und thermische Leitf\u00e4higkeit<\/li>\n<li class=\"whitespace-normal\">Gute Duktilit\u00e4t und Formbarkeit<\/li>\n<li class=\"whitespace-normal\">Kosteng\u00fcnstig im Vergleich zu reinem Silber oder Gold<\/li>\n<li class=\"whitespace-normal\">Gute Korrosionsbest\u00e4ndigkeit und Biokompatibilit\u00e4t<\/li>\n<li class=\"whitespace-normal\">Leicht zu sintern und zu hochdichten Teilen zu komprimieren<\/li>\n<li class=\"whitespace-normal\">Recycelbar und umweltfreundlich<\/li>\n<\/ul>\n<p class=\"whitespace-pre-wrap\"><strong>Einschr\u00e4nkungen von Cu 99,95-Pulver<\/strong><\/p>\n<ul class=\"list-disc pl-8 space-y-2\">\n<li class=\"whitespace-normal\">Geringere Festigkeit als hochfeste Legierungen<\/li>\n<li class=\"whitespace-normal\">M\u00e4\u00dfige Oxidationsbest\u00e4ndigkeit bei hohen Temperaturen<\/li>\n<li class=\"whitespace-normal\">Schwer im Vergleich zu Magnesium und Aluminium<\/li>\n<li class=\"whitespace-normal\">Nicht geeignet f\u00fcr hochbeanspruchte tragende Bauteile<\/li>\n<li class=\"whitespace-normal\">Wenn die Oberfl\u00e4che nicht beschichtet ist, l\u00e4uft sie mit der Zeit an<\/li>\n<li class=\"whitespace-normal\">Eingeschr\u00e4nkte Anwendungen mit Lebensmittelkontakt<\/li>\n<\/ul>\n<h2>Vergleich mit CuCrZr-Pulver<\/h2>\n<p class=\"whitespace-pre-wrap\"><strong>Cu 99,95 vs. CuCrZr-Pulver<\/strong><\/p>\n<table>\n<thead>\n<tr>\n<th>Parameter<\/th>\n<th>Cu 99,95<\/th>\n<th>CuCrZr<\/th>\n<\/tr>\n<\/thead>\n<tbody>\n<tr>\n<td>Dichte<\/td>\n<td>8,94 g\/cm\u00b3<\/td>\n<td>8,8 g\/cc<\/td>\n<\/tr>\n<tr>\n<td>St\u00e4rke<\/td>\n<td>220-340 MPa<\/td>\n<td>450-650 MPa<\/td>\n<\/tr>\n<tr>\n<td>Leitf\u00e4higkeit<\/td>\n<td>Ausgezeichnet<\/td>\n<td>M\u00e4\u00dfig<\/td>\n<\/tr>\n<tr>\n<td>Thermische Stabilit\u00e4t<\/td>\n<td>Messe<\/td>\n<td>Ausgezeichnet<\/td>\n<\/tr>\n<tr>\n<td>Kosten<\/td>\n<td>Niedrig<\/td>\n<td>Hoch<\/td>\n<\/tr>\n<tr>\n<td>Verwendet<\/td>\n<td>Elektrische, thermische, m\u00e4\u00dfige Belastung<\/td>\n<td>Hochfeste Strukturteile<\/td>\n<\/tr>\n<\/tbody>\n<\/table>\n<ul class=\"list-disc pl-8 space-y-2\">\n<li class=\"whitespace-normal\">Cu 99,95 hat eine bessere Leitf\u00e4higkeit und ist kosteng\u00fcnstiger<\/li>\n<li class=\"whitespace-normal\">CuCrZr bietet eine h\u00f6here Festigkeit und thermische Stabilit\u00e4t<\/li>\n<li class=\"whitespace-normal\">Cu 99,95 geeignet f\u00fcr weichere leitf\u00e4hige Bauteile<\/li>\n<li class=\"whitespace-normal\">CuCrZr wird f\u00fcr hochbelastete Strukturteile bevorzugt<\/li>\n<\/ul>\n<h2>H\u00e4ufig gestellte Fragen zu Cu 99,95-Pulver<\/h2>\n<p class=\"whitespace-pre-wrap\"><strong>F: Was sind die Hauptanwendungen von Cu 99,95-Pulver?<\/strong><\/p>\n<p class=\"whitespace-pre-wrap\">A: Zu den Hauptanwendungen geh\u00f6ren elektrische Kontakte, B\u00fcrsten, Schwei\u00dfprodukte, Diamantwerkzeuge, Hartlotlegierungen, Reibmaterialien und Metallmatrix-Verbundwerkstoffe. Es wird h\u00e4ufig in Elektronik-, Automobil- und Industrieprodukten eingesetzt.<\/p>\n<p class=\"whitespace-pre-wrap\"><strong>F: Was beeinflusst die Eigenschaften von Cu 99,95-Pulverteilen?<\/strong><\/p>\n<p class=\"whitespace-pre-wrap\">A: Schl\u00fcsselfaktoren, die die Eigenschaften beeinflussen, sind die scheinbare Dichte, die Menge an Schmiermittel, der Pressdruck, die Sinterzeit\/-temperatur, die Pulverzusammensetzung, die Partikelgr\u00f6\u00dfenverteilung und das Vorhandensein von Verunreinigungen.<\/p>\n<p class=\"whitespace-pre-wrap\"><strong>F: Welche Vorsichtsma\u00dfnahmen sollten beim Umgang mit Cu 99,95-Pulver getroffen werden?<\/strong><\/p>\n<p class=\"whitespace-pre-wrap\">A: Zu den empfohlenen Vorsichtsma\u00dfnahmen geh\u00f6ren die Vermeidung des Einatmens, die Sicherstellung einer angemessenen Bel\u00fcftung, das Tragen von Schutzausr\u00fcstung, die Kontrolle statischer Entladungen, die Verwendung von nicht funkenbildenden Werkzeugen, die Vermeidung von Z\u00fcndquellen und die Lagerung an einem k\u00fchlen, trockenen Ort in verschlossenen Beh\u00e4ltern.<\/p>\n<p class=\"whitespace-pre-wrap\"><strong>F: Wie unterscheidet sich Cu 99,95-Pulver von Bronze- und Messingpulvern?<\/strong><\/p>\n<p class=\"whitespace-pre-wrap\">A: Bronze und Messing sind Kupferlegierungen mit Zinn und Zink, w\u00e4hrend Cu 99,95 reines Kupfer ist. Es hat eine h\u00f6here Leitf\u00e4higkeit, aber eine geringere Festigkeit als Bronze oder Messing. Cu 99,95 ist kosteng\u00fcnstiger.<\/p>","protected":false},"excerpt":{"rendered":"<p class=\"whitespace-pre-wrap\">Cu 99,95-Pulver, auch als Electrolytic Tough Pitch (ETP)-Kupferpulver bezeichnet, ist ein hochreines Kupferpulver, das mindestens 99,95% Kupfer enth\u00e4lt. Es verf\u00fcgt \u00fcber eine hervorragende elektrische und thermische Leitf\u00e4higkeit bei gleichzeitig guten mechanischen Eigenschaften. Zu den Hauptanwendungen geh\u00f6ren elektrische Kontakte, B\u00fcrsten, Schwei\u00dfprodukte, Hartl\u00f6ten, Reibmaterialien und Diamantwerkzeuge.<\/p>","protected":false},"featured_media":2092,"comment_status":"open","ping_status":"closed","template":"","meta":[],"product_brand":[],"product_cat":[31,55],"product_tag":[],"class_list":{"0":"post-1692","1":"product","2":"type-product","3":"status-publish","4":"has-post-thumbnail","6":"product_cat-3d-printing-metal-powder","7":"product_cat-copper-alloy-powder","9":"first","10":"instock","11":"shipping-taxable","12":"product-type-simple"},"_links":{"self":[{"href":"https:\/\/met3dp.sg\/de\/wp-json\/wp\/v2\/product\/1692","targetHints":{"allow":["GET"]}}],"collection":[{"href":"https:\/\/met3dp.sg\/de\/wp-json\/wp\/v2\/product"}],"about":[{"href":"https:\/\/met3dp.sg\/de\/wp-json\/wp\/v2\/types\/product"}],"replies":[{"embeddable":true,"href":"https:\/\/met3dp.sg\/de\/wp-json\/wp\/v2\/comments?post=1692"}],"wp:featuredmedia":[{"embeddable":true,"href":"https:\/\/met3dp.sg\/de\/wp-json\/wp\/v2\/media\/2092"}],"wp:attachment":[{"href":"https:\/\/met3dp.sg\/de\/wp-json\/wp\/v2\/media?parent=1692"}],"wp:term":[{"taxonomy":"product_brand","embeddable":true,"href":"https:\/\/met3dp.sg\/de\/wp-json\/wp\/v2\/product_brand?post=1692"},{"taxonomy":"product_cat","embeddable":true,"href":"https:\/\/met3dp.sg\/de\/wp-json\/wp\/v2\/product_cat?post=1692"},{"taxonomy":"product_tag","embeddable":true,"href":"https:\/\/met3dp.sg\/de\/wp-json\/wp\/v2\/product_tag?post=1692"}],"curies":[{"name":"wp","href":"https:\/\/api.w.org\/{rel}","templated":true}]}}