{"id":1470,"date":"2023-09-07T02:04:51","date_gmt":"2023-09-07T02:04:51","guid":{"rendered":"https:\/\/site3.easyceotech.com\/product\/nickel-based-k403-powder\/"},"modified":"2023-10-26T00:44:03","modified_gmt":"2023-10-26T00:44:03","slug":"nickel-based-k403-powder","status":"publish","type":"product","link":"https:\/\/met3dp.sg\/de\/product\/nickel-based-k403-powder\/","title":{"rendered":"K403-Pulver auf Nickelbasis"},"content":{"rendered":"<h2>\u00dcbersicht \u00fcber das K403-Pulver auf Nickelbasis<\/h2>\n<p><img fetchpriority=\"high\" decoding=\"async\" class=\"wp-image-2098 size-full aligncenter\" src=\"https:\/\/met3dp.sg\/wp-content\/uploads\/2023\/10\/K403-Powder.jpg\" alt=\"inconel 3d Druck K403 Pulver\" width=\"600\" height=\"600\" title=\"\" srcset=\"https:\/\/met3dp.sg\/wp-content\/uploads\/2023\/10\/K403-Powder.jpg 600w, https:\/\/met3dp.sg\/wp-content\/uploads\/2023\/10\/K403-Powder-300x300.jpg 300w, https:\/\/met3dp.sg\/wp-content\/uploads\/2023\/10\/K403-Powder-150x150.jpg 150w, https:\/\/met3dp.sg\/wp-content\/uploads\/2023\/10\/K403-Powder-12x12.jpg 12w, https:\/\/met3dp.sg\/wp-content\/uploads\/2023\/10\/K403-Powder-100x100.jpg 100w\" sizes=\"(max-width: 600px) 100vw, 600px\" \/><\/p>\n<p class=\"whitespace-pre-wrap\">K403-Pulver ist ein Pulver aus einer Nickel-Chrom-Eisen-Molybd\u00e4n-Legierung. Es bietet eine ausgezeichnete Best\u00e4ndigkeit gegen Oxidation, Korrosion und thermische Erm\u00fcdungsrisse. K403 hat eine gute Phasenstabilit\u00e4t bei hohen Temperaturen.<\/p>\n<p class=\"whitespace-pre-wrap\">Zu den wichtigsten Merkmalen von K403-Pulver geh\u00f6ren:<\/p>\n<ul class=\"list-disc pl-8 space-y-2\">\n<li class=\"whitespace-normal\">Hervorragende Hochtemperaturfestigkeit und Kriechbest\u00e4ndigkeit<\/li>\n<li class=\"whitespace-normal\">Widersteht Oxidation und Hei\u00dfkorrosion bis zu 1150\u00b0C<\/li>\n<li class=\"whitespace-normal\">Beh\u00e4lt seine Eigenschaften unter zyklischen Erw\u00e4rmungsbedingungen bei<\/li>\n<li class=\"whitespace-normal\">Kompatibler Ausdehnungskoeffizient mit g\u00e4ngigen Legierungen<\/li>\n<li class=\"whitespace-normal\">Erh\u00e4ltlich in verschiedenen Gr\u00f6\u00dfenbereichen und Morphologien<\/li>\n<\/ul>\n<p class=\"whitespace-pre-wrap\">K403-Pulver ist f\u00fcr Schutzbeschichtungen, thermisches Spritzen, Schwei\u00dfen, L\u00f6ten und andere Hochtemperaturanwendungen bestimmt.<\/p>\n<p class=\"whitespace-pre-wrap\">Dieser Artikel gibt einen detaillierten Einblick in die Zusammensetzung, Eigenschaften, Anwendungen, Spezifikationen, Preise, Sicherheit und andere wichtige Informationen \u00fcber K403-Pulver auf Nickelbasis.<\/p>\n<h2>Zusammensetzung von K403-Pulver auf Nickelbasis<\/h2>\n<p class=\"whitespace-pre-wrap\">Die typische Zusammensetzung von K403-Pulver auf Nickelbasis ist:<\/p>\n<table>\n<thead>\n<tr>\n<th>Element<\/th>\n<th>Zusammensetzung<\/th>\n<\/tr>\n<\/thead>\n<tbody>\n<tr>\n<td>Nickel (Ni)<\/td>\n<td>Bilanz<\/td>\n<\/tr>\n<tr>\n<td>Chrom (Cr)<\/td>\n<td>21-23%<\/td>\n<\/tr>\n<tr>\n<td>Eisen (Fe)<\/td>\n<td>17-20%<\/td>\n<\/tr>\n<tr>\n<td>Molybd\u00e4n (Mo)<\/td>\n<td>8-10%<\/td>\n<\/tr>\n<tr>\n<td>Wolfram (W)<\/td>\n<td>1-2%<\/td>\n<\/tr>\n<tr>\n<td>Mangan (Mn)<\/td>\n<td>\u22640,5%<\/td>\n<\/tr>\n<tr>\n<td>Silizium (Si)<\/td>\n<td>\u22640,5%<\/td>\n<\/tr>\n<tr>\n<td>Kohlenstoff (C)<\/td>\n<td>\u22640.1%<\/td>\n<\/tr>\n<\/tbody>\n<\/table>\n<p>&nbsp;<\/p>\n<p class=\"whitespace-pre-wrap\">Nickel sorgt f\u00fcr Korrosionsbest\u00e4ndigkeit. Chrom und Eisen sorgen f\u00fcr Oxidationsbest\u00e4ndigkeit. Molybd\u00e4n und Wolfram verleihen Festigkeit bei hohen Temperaturen.<\/p>\n<p class=\"whitespace-pre-wrap\">Die genaue Zusammensetzung wird auf der Grundlage des Verfahrens zur Herstellung des Pulvers und der Anwendungsanforderungen festgelegt.<\/p>\n<h2>Eigenschaften von K403-Pulver auf Nickelbasis<\/h2>\n<p class=\"whitespace-pre-wrap\">K403-Pulver weist die folgenden Eigenschaften auf:<\/p>\n<table>\n<thead>\n<tr>\n<th>Eigentum<\/th>\n<th>Einzelheiten<\/th>\n<\/tr>\n<\/thead>\n<tbody>\n<tr>\n<td>Dichte<\/td>\n<td>8,2 g\/cm3<\/td>\n<\/tr>\n<tr>\n<td>Schmelzpunkt<\/td>\n<td>1350-1400\u00b0C<\/td>\n<\/tr>\n<tr>\n<td>W\u00e4rmeleitf\u00e4higkeit<\/td>\n<td>11 W\/m.K<\/td>\n<\/tr>\n<tr>\n<td>Elektrischer spezifischer Widerstand<\/td>\n<td>94 Mikrohm-cm<\/td>\n<\/tr>\n<tr>\n<td>Elastizit\u00e4tsmodul<\/td>\n<td>207 GPa<\/td>\n<\/tr>\n<tr>\n<td>Querkontraktionszahl<\/td>\n<td>0.29-0.30<\/td>\n<\/tr>\n<tr>\n<td>Zugfestigkeit<\/td>\n<td>\u2265 550 MPa bis zu 1050\u00b0C<\/td>\n<\/tr>\n<tr>\n<td>Dehnung<\/td>\n<td>15-25%<\/td>\n<\/tr>\n<tr>\n<td>H\u00e4rte<\/td>\n<td>30-35 HRC<\/td>\n<\/tr>\n<tr>\n<td>Oxidationsbest\u00e4ndigkeit<\/td>\n<td>Ausgezeichnete Isothermie bis zu 1150\u00b0C<\/td>\n<\/tr>\n<\/tbody>\n<\/table>\n<p>&nbsp;<\/p>\n<p class=\"whitespace-pre-wrap\">Die Legierung beh\u00e4lt ihre hohe Festigkeit und H\u00e4rte auch bei erh\u00f6hten Temperaturen bei. Sie hat eine gute Duktilit\u00e4t f\u00fcr die Verformungsbearbeitung. Das Material widersteht thermischer Erm\u00fcdung Rissbildung.<\/p>\n<h2>Anwendungen von K403-Pulver auf Nickelbasis<\/h2>\n<p class=\"whitespace-pre-wrap\">K403-Pulver auf Nickelbasis ist f\u00fcr den Einsatz in Hochtemperaturumgebungen konzipiert. Typische Anwendungen sind:<\/p>\n<p class=\"whitespace-pre-wrap\"><strong>Thermische Spritzschichten:<\/strong> Zum Auftragen dicker, verschlei\u00dffester, korrosions- und oxidationsbest\u00e4ndiger Schichten bei hohen Temperaturen mittels Draht-\/Pulverflamme oder elektrischem Lichtbogenspritzen.<\/p>\n<p class=\"whitespace-pre-wrap\"><strong>Schwei\u00dfen:<\/strong> Wird als F\u00fcllstoff zum Verbinden von Hochtemperaturlegierungen verwendet und bietet Oxidations- und Korrosionsbest\u00e4ndigkeit.<\/p>\n<p class=\"whitespace-pre-wrap\"><strong>Hartl\u00f6ten:<\/strong> Ausgezeichnetes Lot f\u00fcr L\u00f6tverbindungen, die bei \u00fcber 1000\u00b0C arbeiten, wie Turbinenteile, W\u00e4rmetauscher usw.<\/p>\n<p class=\"whitespace-pre-wrap\"><strong>Additive Fertigung:<\/strong> Selektives Laserschmelzen und andere Pulverbettschmelzverfahren k\u00f6nnen K403-Pulver zur Herstellung von Teilen verwenden.<\/p>\n<p class=\"whitespace-pre-wrap\"><strong>Gasturbinen:<\/strong> Pulvermetallurgische Turbinenkomponenten, die hei\u00dfen Gaswegen ausgesetzt sind, wie Schaufeln, Leitschaufeln und Dichtungen.<\/p>\n<p class=\"whitespace-pre-wrap\"><strong>Chemische Industrie:<\/strong> K403 beschichtete Komponenten in Wirbelschichtreaktoren, W\u00e4rmetauschern und Zyklonabscheidern.<\/p>\n<p class=\"whitespace-pre-wrap\"><strong>Glasindustrie:<\/strong> Mit Pulver bespr\u00fchte Rollen, F\u00fchrungen, Umlenkungen, die in Glasschmelz\u00f6fen und Vorherden verwendet werden.<\/p>\n<p class=\"whitespace-pre-wrap\"><strong>W\u00e4rmebehandlung:<\/strong> Vorrichtungen, Tabletts, K\u00f6rbe, die bei hohen Temperaturen eingesetzt werden.<\/p>\n<h2>Spezifikationen und Qualit\u00e4ten von K403-Pulver<\/h2>\n<p class=\"whitespace-pre-wrap\">K403-Pulver ist in verschiedenen Gr\u00f6\u00dfenbereichen, Morphologien und Qualit\u00e4ten erh\u00e4ltlich:<\/p>\n<p class=\"whitespace-pre-wrap\"><strong>Partikelgr\u00f6\u00dfe:<\/strong> Die Spanne reicht von 10-45 Mikrometern bei AM-Verfahren bis zu 150 Mikrometern bei thermischen Spritzverfahren.<\/p>\n<p class=\"whitespace-pre-wrap\"><strong>Morphologie:<\/strong> Es sind kugelf\u00f6rmige, unregelm\u00e4\u00dfige und dendritische Partikelformen erh\u00e4ltlich. Sph\u00e4rische Pulver haben eine bessere Flie\u00dff\u00e4higkeit.<\/p>\n<p class=\"whitespace-pre-wrap\"><strong>Noten:<\/strong> Das Pulver kann nach den Spezifikationen von AMS 7875, AMS 5887 oder anderen Hochtemperaturlegierungen hergestellt werden.<\/p>\n<p class=\"whitespace-pre-wrap\"><strong>Reinheit:<\/strong> Hochreines, mit Argongas zerst\u00e4ubtes Pulver ist f\u00fcr kritische Anwendungen erh\u00e4ltlich.<\/p>\n<p class=\"whitespace-pre-wrap\"><strong>Anpassungen:<\/strong> Die chemische Zusammensetzung der Legierung und die Partikeleigenschaften k\u00f6nnen je nach den Anforderungen der Anwendung angepasst werden.<\/p>\n<h2>Globale Lieferanten von K403-Pulver auf Nickelbasis<\/h2>\n<p class=\"whitespace-pre-wrap\">Zu den weltweit wichtigsten Anbietern von K403-Pulver auf Nickelbasis geh\u00f6ren:<\/p>\n<table>\n<thead>\n<tr>\n<th>Unternehmen<\/th>\n<th>Land<\/th>\n<\/tr>\n<\/thead>\n<tbody>\n<tr>\n<td>Sandvik<\/td>\n<td>Schweden<\/td>\n<\/tr>\n<tr>\n<td>Tischlertechnik<\/td>\n<td>USA<\/td>\n<\/tr>\n<tr>\n<td>Hoganas<\/td>\n<td>Schweden<\/td>\n<\/tr>\n<tr>\n<td>Praxair<\/td>\n<td>USA<\/td>\n<\/tr>\n<tr>\n<td>CNPC-Pulver<\/td>\n<td>China<\/td>\n<\/tr>\n<tr>\n<td>VDM Metalle<\/td>\n<td>Deutschland<\/td>\n<\/tr>\n<tr>\n<td>AMETEK<\/td>\n<td>USA<\/td>\n<\/tr>\n<\/tbody>\n<\/table>\n<p>&nbsp;<\/p>\n<p class=\"whitespace-pre-wrap\">Diese Unternehmen stellen K403-Pulver mit verschiedenen Techniken wie Argongaszerst\u00e4ubung, Plasmazerst\u00e4ubung und Elektrodeninduktionsschmelzen her, um die gew\u00fcnschten Pulvereigenschaften zu erzielen.<\/p>\n<h2>Preisgestaltung von K403-Pulver auf Nickelbasis<\/h2>\n<p class=\"whitespace-pre-wrap\">K403-Pulver auf Nickelbasis ist aufgrund der komplexen Chemie und Verarbeitung teurer als einfache Legierungspulver:<\/p>\n<ul class=\"list-disc pl-8 space-y-2\">\n<li class=\"whitespace-normal\"><strong>Menge<\/strong>\u00a0- Die Preise liegen zwischen $80-120\/kg f\u00fcr Gro\u00dfauftr\u00e4ge \u00fcber 1000 kg. Kleinere Mengen sind preislich h\u00f6her.<\/li>\n<li class=\"whitespace-normal\"><strong>Qualit\u00e4t<\/strong>\u00a0- Hochreines Pulver mit kugelf\u00f6rmiger Morphologie, das unter kontrollierten Bedingungen und mit fortschrittlichen Verfahren hergestellt wird, erfordert einen hohen Preis.<\/li>\n<li class=\"whitespace-normal\"><strong>Anbieter<\/strong>\u00a0- Die gro\u00dfen globalen Anbieter bieten in der Regel wettbewerbsf\u00e4hige Preise an, da sie \u00fcber gr\u00f6\u00dfere Mengen verf\u00fcgen.<\/li>\n<li class=\"whitespace-normal\"><strong>Geographie<\/strong>\u00a0- Die Preise variieren von Region zu Region, wobei die USA und Europa im Vergleich zu China und Indien die teureren M\u00e4rkte sind.<\/li>\n<\/ul>\n<p class=\"whitespace-pre-wrap\">Bei kritischen Anwendungen sollten K\u00e4ufer bei der Beschaffung von K403-Pulver eher auf Qualit\u00e4t als auf niedrigste Kosten achten. Die Beschaffung von Pulver, das den Spezifikationen entspricht, ist f\u00fcr die Leistung entscheidend.<\/p>\n<h2>Gesundheits- und Sicherheitshinweise f\u00fcr K403-Pulver<\/h2>\n<p class=\"whitespace-pre-wrap\">Als Pulver aus einer Metalllegierung birgt K403 einige Gesundheits- und Sicherheitsrisiken:<\/p>\n<ul class=\"list-disc pl-8 space-y-2\">\n<li class=\"whitespace-normal\">Feines Pulver kann eine Staubexplosionsgefahr darstellen. Vermeiden Sie Staubansammlungen und Z\u00fcndquellen.<\/li>\n<li class=\"whitespace-normal\">Kann bei l\u00e4ngerer Exposition Haut- und Augenreizungen verursachen. Pers\u00f6nliche Schutzausr\u00fcstung verwenden.<\/li>\n<li class=\"whitespace-normal\">Das Einatmen muss vermieden werden. Beim Umgang mit Pulver Atemschutz verwenden.<\/li>\n<li class=\"whitespace-normal\">Das Pulver kann Reaktionen mit Oxidationsmitteln katalysieren. Kontakt zwischen unvertr\u00e4glichen Materialien vermeiden.<\/li>\n<li class=\"whitespace-normal\">Ordnungsgem\u00e4\u00dfe Erdung der Ger\u00e4te, Bel\u00fcftung und Hygienema\u00dfnahmen sind beim Umgang mit dem Pulver unerl\u00e4sslich.<\/li>\n<li class=\"whitespace-normal\">Vollst\u00e4ndige Informationen zu Gesundheitsgefahren finden Sie in den Sicherheitsdatenbl\u00e4ttern der Lieferanten.<\/li>\n<\/ul>\n<p class=\"whitespace-pre-wrap\">Sicherheitsverfahren f\u00fcr Metallpulver wie Inertgas-Handschuhk\u00e4sten und Explosionsunterdr\u00fcckungssysteme k\u00f6nnen zum Schutz der Arbeitnehmer eingesetzt werden.<\/p>\n<h2>Inspektion und Pr\u00fcfung von K403-Pulver<\/h2>\n<p class=\"whitespace-pre-wrap\">Um sicherzustellen, dass das Pulver aus der Nickellegierung K403 den Spezifikationen entspricht, sollten verschiedene Tests und Pr\u00fcfungen durchgef\u00fchrt werden:<\/p>\n<ul class=\"list-disc pl-8 space-y-2\">\n<li class=\"whitespace-normal\"><strong>Chemische Zusammensetzung<\/strong>\u00a0- \u00dcberpr\u00fcfen Sie die Zusammensetzung der wichtigsten Legierungselemente mithilfe der optischen Emissions- oder R\u00f6ntgenfluoreszenzspektroskopie.<\/li>\n<li class=\"whitespace-normal\"><strong>Partikelgr\u00f6\u00dfenverteilung<\/strong>\u00a0- Bewertung des Partikelgr\u00f6\u00dfenbereichs gem\u00e4\u00df ASTM B822 mit Hilfe der Laserbeugung.<\/li>\n<li class=\"whitespace-normal\"><strong>Morphologie<\/strong>\u00a0- Untersuchen Sie die Partikelform und Oberfl\u00e4chenfehler im REM. Auf Satelliten und Porosit\u00e4t pr\u00fcfen.<\/li>\n<li class=\"whitespace-normal\"><strong>Durchflussmenge<\/strong>\u00a0- Bewertung der Flie\u00dff\u00e4higkeit und der scheinbaren Dichte gem\u00e4\u00df ASTM B213 mit einem Hall-Durchflussmesser.<\/li>\n<li class=\"whitespace-normal\"><strong>Verunreinigungen<\/strong>\u00a0- Messen Sie den Sauerstoff- und Stickstoffgehalt mit Hilfe der Inertgasfusionsanalyse. Minimieren Sie Verunreinigungen.<\/li>\n<li class=\"whitespace-normal\"><strong>Mikrostruktur<\/strong>\u00a0- \u00dcberpr\u00fcfen Sie die vorhandenen Phasen mit Hilfe der R\u00f6ntgenbeugungsanalyse.<\/li>\n<li class=\"whitespace-normal\"><strong>Mechanische Eigenschaften<\/strong>\u00a0- Durchf\u00fchrung von Zug- und H\u00e4rtepr\u00fcfungen f\u00fcr pulvermetallurgische Teile.<\/li>\n<\/ul>\n<p class=\"whitespace-pre-wrap\">Qualifizierungs- und Chargenpr\u00fcfungen gew\u00e4hrleisten eine gleichbleibende Qualit\u00e4t und Leistung des Pulvers.<\/p>\n<h2>Vergleich von K403-Pulver mit IN738-Pulver<\/h2>\n<p class=\"whitespace-pre-wrap\">K403 und IN738 sind zwei Legierungspulver, die f\u00fcr Hochtemperaturanwendungen verwendet werden:<\/p>\n<table>\n<thead>\n<tr>\n<th>Parameter<\/th>\n<th>K403 Pulver<\/th>\n<th>IN738 Pulver<\/th>\n<\/tr>\n<\/thead>\n<tbody>\n<tr>\n<td>Zusammensetzung<\/td>\n<td>Ni-Cr-Fe-Mo<\/td>\n<td>Ni-Cr-Co-Al-Ti<\/td>\n<\/tr>\n<tr>\n<td>Oxidationsbest\u00e4ndigkeit<\/td>\n<td>Ausgezeichnet bis zu 1150\u00b0C<\/td>\n<td>Sehr gut bis zu 1100\u00b0C<\/td>\n<\/tr>\n<tr>\n<td>Kosten<\/td>\n<td>H\u00f6her<\/td>\n<td>Unter<\/td>\n<\/tr>\n<tr>\n<td>Phasenstabilit\u00e4t<\/td>\n<td>Sehr gut<\/td>\n<td>Schlecht<\/td>\n<\/tr>\n<tr>\n<td>Mechanische Festigkeit<\/td>\n<td>Hoch bis zu 1050\u00b0C<\/td>\n<td>Gut bis zu 750\u00b0C<\/td>\n<\/tr>\n<tr>\n<td>Fabrikation<\/td>\n<td>Mittel<\/td>\n<td>Einfach<\/td>\n<\/tr>\n<tr>\n<td>Anwendungen<\/td>\n<td>Thermisches Spritzen, Schwei\u00dfen<\/td>\n<td>Turbinenkomponenten, AM-Teile<\/td>\n<\/tr>\n<tr>\n<td>Verf\u00fcgbarkeit<\/td>\n<td>M\u00e4\u00dfig<\/td>\n<td>Leicht verf\u00fcgbar<\/td>\n<\/tr>\n<\/tbody>\n<\/table>\n<p>&nbsp;<\/p>\n<p class=\"whitespace-pre-wrap\">F\u00fcr extreme Temperaturen \u00fcber 1100\u00b0C, die Phasenstabilit\u00e4t erfordern, wird K403 trotz h\u00f6herer Kosten bevorzugt. IN738 bietet eine einfachere Herstellung und niedrigere Kosten.<\/p>\n<h2>FAQs<\/h2>\n<p class=\"whitespace-pre-wrap\"><strong>F: Wof\u00fcr wird K403-Pulver auf Nickelbasis verwendet?<\/strong><\/p>\n<p class=\"whitespace-pre-wrap\">A: K403-Pulver ist f\u00fcr Hochtemperaturanwendungen wie thermische Spritzbeschichtungen, Hartl\u00f6ten, Schwei\u00dfen und additive Fertigung vorgesehen, bei denen Oxidations- und Korrosionsbest\u00e4ndigkeit bis zu 1150 \u00b0C erforderlich ist.<\/p>\n<p class=\"whitespace-pre-wrap\"><strong>F: Welche Partikelgr\u00f6\u00dfe wird beim thermischen Spritzen von K403-Pulver verwendet?<\/strong><\/p>\n<p class=\"whitespace-pre-wrap\">A: Gr\u00f6beres K403-Pulver mit einer K\u00f6rnung von bis zu 150 Mikrometern wird in der Regel f\u00fcr thermische Spritzverfahren wie das Lichtbogenspritzen verwendet, um die Abscheidungseffizienz und die Schichtdicke zu maximieren.<\/p>\n<p class=\"whitespace-pre-wrap\"><strong>F: Ist K403 f\u00fcr die additive Fertigung im Pulverbettschmelzverfahren geeignet?<\/strong><\/p>\n<p class=\"whitespace-pre-wrap\">A: Ja, feines K403-Pulver kann in selektiven Laserschmelzanlagen zur Herstellung von Teilen mit komplexer Geometrie verwendet werden, die auch in Hochtemperaturumgebungen gut funktionieren.<\/p>\n<p class=\"whitespace-pre-wrap\"><strong>F: Wie l\u00e4sst sich K403 mit der Haynes-Legierung 214 vergleichen?<\/strong><\/p>\n<p class=\"whitespace-pre-wrap\">A: K403 hat eine etwas bessere Hochtemperaturfestigkeit und Oxidationsbest\u00e4ndigkeit als Haynes 214. Haynes 214 bietet jedoch hervorragende Verarbeitungseigenschaften und niedrigere Kosten.<\/p>\n<p class=\"whitespace-pre-wrap\"><strong>F: Was sind die wichtigsten Gesundheitsgefahren von K403-Pulver?<\/strong><\/p>\n<p class=\"whitespace-pre-wrap\">A: Feines K403-Pulver birgt die Gefahr einer Staubexplosion. Es kann auch Haut und Augen reizen. Das Einatmen muss verhindert werden. Verwenden Sie beim Umgang mit K403-Pulver eine geeignete Schutzausr\u00fcstung.<\/p>\n<p class=\"whitespace-pre-wrap\"><strong>F: Wo kann ich K403-Pulver f\u00fcr Hochtemperaturl\u00f6tanwendungen kaufen?<\/strong><\/p>\n<p class=\"whitespace-pre-wrap\">A: F\u00fchrende Anbieter wie Sandvik, Carpenter Powder Products und Praxair Supply f\u00fchren Pulver aus der Nickellegierung K403, das f\u00fcr das Hochtemperaturl\u00f6ten geeignet ist. Ber\u00fccksichtigen Sie die empfohlene Partikelgr\u00f6\u00dfe und den Reinheitsgrad je nach Ihrer spezifischen Anwendung.<\/p>","protected":false},"excerpt":{"rendered":"<p class=\"whitespace-pre-wrap\">K403-Pulver ist ein Pulver aus einer Nickel-Chrom-Eisen-Molybd\u00e4n-Legierung. Es bietet eine ausgezeichnete Best\u00e4ndigkeit gegen Oxidation, Korrosion und thermische Erm\u00fcdungsrisse. K403 hat eine gute Phasenstabilit\u00e4t bei hohen Temperaturen. K403-Pulver ist f\u00fcr Schutzbeschichtungen, thermisches Spritzen, Schwei\u00dfen, Hartl\u00f6ten und andere Hochtemperaturanwendungen geeignet.<\/p>","protected":false},"featured_media":2098,"comment_status":"open","ping_status":"closed","template":"","meta":[],"product_brand":[],"product_cat":[31,33],"product_tag":[],"class_list":{"0":"post-1470","1":"product","2":"type-product","3":"status-publish","4":"has-post-thumbnail","6":"product_cat-3d-printing-metal-powder","7":"product_cat-high-temperature-alloy-powder","9":"first","10":"instock","11":"featured","12":"shipping-taxable","13":"product-type-simple"},"_links":{"self":[{"href":"https:\/\/met3dp.sg\/de\/wp-json\/wp\/v2\/product\/1470","targetHints":{"allow":["GET"]}}],"collection":[{"href":"https:\/\/met3dp.sg\/de\/wp-json\/wp\/v2\/product"}],"about":[{"href":"https:\/\/met3dp.sg\/de\/wp-json\/wp\/v2\/types\/product"}],"replies":[{"embeddable":true,"href":"https:\/\/met3dp.sg\/de\/wp-json\/wp\/v2\/comments?post=1470"}],"wp:featuredmedia":[{"embeddable":true,"href":"https:\/\/met3dp.sg\/de\/wp-json\/wp\/v2\/media\/2098"}],"wp:attachment":[{"href":"https:\/\/met3dp.sg\/de\/wp-json\/wp\/v2\/media?parent=1470"}],"wp:term":[{"taxonomy":"product_brand","embeddable":true,"href":"https:\/\/met3dp.sg\/de\/wp-json\/wp\/v2\/product_brand?post=1470"},{"taxonomy":"product_cat","embeddable":true,"href":"https:\/\/met3dp.sg\/de\/wp-json\/wp\/v2\/product_cat?post=1470"},{"taxonomy":"product_tag","embeddable":true,"href":"https:\/\/met3dp.sg\/de\/wp-json\/wp\/v2\/product_tag?post=1470"}],"curies":[{"name":"wp","href":"https:\/\/api.w.org\/{rel}","templated":true}]}}