{"id":1469,"date":"2023-09-07T02:04:50","date_gmt":"2023-09-07T02:04:50","guid":{"rendered":"https:\/\/site3.easyceotech.com\/product\/haynes-alloy-188-powder\/"},"modified":"2023-10-19T05:38:05","modified_gmt":"2023-10-19T05:38:05","slug":"haynes-alloy-188-powder","status":"publish","type":"product","link":"https:\/\/met3dp.sg\/de\/product\/haynes-alloy-188-powder\/","title":{"rendered":"Haynes Legierung 188 Pulver"},"content":{"rendered":"<h2>\u00dcberblick \u00fcber Haynes Alloy 188 Pulver<\/h2>\n<p class=\"whitespace-pre-wrap\">Die Haynes-Legierung 188 ist eine Hochleistungs-Superlegierung mit ausgezeichneter Best\u00e4ndigkeit gegen Oxidation, thermische Erm\u00fcdung und Kriechen bei Temperaturen von \u00fcber 1000\u00b0C. Der hohe Gehalt an Kobalt, Nickel, Chrom und Wolfram verleiht ihr eine au\u00dfergew\u00f6hnliche Hochtemperaturfestigkeit und Korrosionsbest\u00e4ndigkeit.<\/p>\n<p class=\"whitespace-pre-wrap\">Zu den wichtigsten Merkmalen von Haynes 188 Pulver geh\u00f6ren:<\/p>\n<ul class=\"list-disc pl-8 space-y-2\">\n<li class=\"whitespace-normal\">Hervorragende Hochtemperaturfestigkeit und Kriechbest\u00e4ndigkeit<\/li>\n<li class=\"whitespace-normal\">Ausgezeichnete Oxidations- und Korrosionsbest\u00e4ndigkeit<\/li>\n<li class=\"whitespace-normal\">Beh\u00e4lt seine Festigkeit auch bei l\u00e4ngerer thermischer Belastung<\/li>\n<li class=\"whitespace-normal\">Widersteht dem Angriff von Schwefel und Vanadium<\/li>\n<li class=\"whitespace-normal\">Gute Fabrikationseigenschaften<\/li>\n<li class=\"whitespace-normal\">Erh\u00e4ltlich in einer Reihe von Pulvergr\u00f6\u00dfen und -formen<\/li>\n<\/ul>\n<p class=\"whitespace-pre-wrap\">Haynes 188-Pulver wurde f\u00fcr extrem anspruchsvolle Anwendungen in der Luftfahrt, der chemischen Verarbeitung, der Energieerzeugung und der W\u00e4rmebehandlung entwickelt, die au\u00dfergew\u00f6hnliche Leistungen bei hohen Temperaturen erfordern.<\/p>\n<h2>Chemische Zusammensetzung von Haynes Alloy 188-Pulver<\/h2>\n<p class=\"whitespace-pre-wrap\">Die typische Zusammensetzung von Haynes 188-Pulver ist:<\/p>\n<table>\n<thead>\n<tr>\n<th>Element<\/th>\n<th>Gewicht %<\/th>\n<\/tr>\n<\/thead>\n<tbody>\n<tr>\n<td>Nickel (Ni)<\/td>\n<td>Bilanz<\/td>\n<\/tr>\n<tr>\n<td>Kobalt (Co)<\/td>\n<td>20-25%<\/td>\n<\/tr>\n<tr>\n<td>Chrom (Cr)<\/td>\n<td>20-25%<\/td>\n<\/tr>\n<tr>\n<td>Wolfram (W)<\/td>\n<td>12-15%<\/td>\n<\/tr>\n<tr>\n<td>Eisen (Fe)<\/td>\n<td>&lt;3%<\/td>\n<\/tr>\n<tr>\n<td>Mangan (Mn)<\/td>\n<td>&lt;1,5%<\/td>\n<\/tr>\n<tr>\n<td>Silizium (Si)<\/td>\n<td>&lt;1%<\/td>\n<\/tr>\n<tr>\n<td>Kohlenstoff (C)<\/td>\n<td>&lt;0,1%<\/td>\n<\/tr>\n<\/tbody>\n<\/table>\n<p>&nbsp;<\/p>\n<p class=\"whitespace-pre-wrap\">Nickel bildet die Matrix, w\u00e4hrend Kobalt f\u00fcr die Festigkeit sorgt. Chrom und Wolfram sorgen f\u00fcr eine ausgezeichnete Oxidations- und Korrosionsbest\u00e4ndigkeit. Eisen, Mangan und Silizium sind als Verunreinigungen vorhanden.<\/p>\n<h2>Eigenschaften von Haynes Alloy 188-Pulver<\/h2>\n<p class=\"whitespace-pre-wrap\">Zu den wichtigsten Eigenschaften von Haynes 188 Pulver geh\u00f6ren:<\/p>\n<table>\n<thead>\n<tr>\n<th>Eigentum<\/th>\n<th>Wert<\/th>\n<\/tr>\n<\/thead>\n<tbody>\n<tr>\n<td>Dichte<\/td>\n<td>8,5 g\/cm3<\/td>\n<\/tr>\n<tr>\n<td>Schmelzpunkt<\/td>\n<td>1230-1260\u00b0C<\/td>\n<\/tr>\n<tr>\n<td>W\u00e4rmeleitf\u00e4higkeit<\/td>\n<td>9,8 W\/m-K<\/td>\n<\/tr>\n<tr>\n<td>Elektrischer spezifischer Widerstand<\/td>\n<td>126 \u03bc\u03a9-cm<\/td>\n<\/tr>\n<tr>\n<td>Elastizit\u00e4tsmodul<\/td>\n<td>205 GPa<\/td>\n<\/tr>\n<tr>\n<td>Querkontraktionszahl<\/td>\n<td>0.31<\/td>\n<\/tr>\n<tr>\n<td>Zugfestigkeit<\/td>\n<td>550-900 MPa<\/td>\n<\/tr>\n<tr>\n<td>Streckgrenze<\/td>\n<td>240-650 MPa<\/td>\n<\/tr>\n<tr>\n<td>Dehnung<\/td>\n<td>25-45%<\/td>\n<\/tr>\n<tr>\n<td>Erm\u00fcdungsfestigkeit<\/td>\n<td>310 MPa<\/td>\n<\/tr>\n<\/tbody>\n<\/table>\n<p>&nbsp;<\/p>\n<p class=\"whitespace-pre-wrap\">Die Eigenschaften wie Festigkeit, Duktilit\u00e4t und Erm\u00fcdungsbest\u00e4ndigkeit bleiben auch bei extremen Temperaturen von \u00fcber 1000\u00b0C erhalten, so dass es sich f\u00fcr die anspruchsvollsten Hochtemperaturanwendungen eignet.<\/p>\n<h2>Herstellungsverfahren f\u00fcr Haynes Alloy 188-Pulver<\/h2>\n<p class=\"whitespace-pre-wrap\">Haynes 188 Pulver wird unter Verwendung von:<\/p>\n<ul class=\"list-disc pl-8 space-y-2\">\n<li class=\"whitespace-normal\"><strong>Gaszerst\u00e4ubung<\/strong>\u00a0- Hochdruck-Inertgasstrahl zur Zerkleinerung des geschmolzenen Legierungsstroms in feine kugelf\u00f6rmige Pulver. Sorgt f\u00fcr einen guten Fluss und eine gute Packung.<\/li>\n<li class=\"whitespace-normal\"><strong>Wasserzerst\u00e4ubung<\/strong>\u00a0- Ein Hochgeschwindigkeits-Wasserstrahl trifft auf den Schmelzestrom und erzeugt feine, unregelm\u00e4\u00dfige Pulver. Wirtschaftlicher, aber h\u00f6here Sauerstoffaufnahme.<\/li>\n<li class=\"whitespace-normal\"><strong>Inertgas-Kondensation<\/strong>\u00a0- Verdampfung und kontrollierte Kondensation von Legierungselementen in einer hochreinen Inertgasumgebung. Ergibt ein ultrafeines, kugelf\u00f6rmiges Pulver.<\/li>\n<\/ul>\n<p class=\"whitespace-pre-wrap\">Die Gaszerst\u00e4ubung bietet die beste Kontrolle \u00fcber Partikelgr\u00f6\u00dfenverteilung, Form und Reinheit.<\/p>\n<h2>Anwendungen von Haynes Alloy 188-Pulver<\/h2>\n<p class=\"whitespace-pre-wrap\">Typische Anwendungen von Haynes 188 Pulver sind:<\/p>\n<ul class=\"list-disc pl-8 space-y-2\">\n<li class=\"whitespace-normal\"><strong>Additive Fertigung<\/strong>\u00a0- Einsatz beim selektiven Laserschmelzen und Elektronenstrahlschmelzen zur Herstellung komplexer Teile f\u00fcr extreme Umgebungen.<\/li>\n<li class=\"whitespace-normal\"><strong>Thermische Spritzschichten<\/strong>\u00a0- Abgeschieden durch Plasma- oder HVOF-Spritzen, um Verschlei\u00df- und Korrosionsbest\u00e4ndigkeit bei hohen Temperaturen zu gew\u00e4hrleisten.<\/li>\n<li class=\"whitespace-normal\"><strong>L\u00f6tf\u00fcller<\/strong>\u00a0- F\u00fcr die Verbindung von Bauteilen, die im Betrieb hohen Temperaturen standhalten m\u00fcssen.<\/li>\n<li class=\"whitespace-normal\"><strong>Festbrennstoff-Z\u00fcnder<\/strong>\u00a0- Pulvermetallurgische Z\u00fcndkerzen, die in D\u00fcsentriebwerken und landgest\u00fctzten Turbinen verwendet werden.<\/li>\n<li class=\"whitespace-normal\"><strong>Verarbeitung von geschmolzenem Metall<\/strong>\u00a0- Handhabung von Verteilern, F\u00f6rderkomponenten, Schmelztiegeln in der Glas-, Aluminium- und Metallindustrie.<\/li>\n<li class=\"whitespace-normal\"><strong>Komponenten des Ofens<\/strong>\u00a0- Tabletts, Vorrichtungen, F\u00f6rderb\u00e4nder, die in Hochtemperatur-W\u00e4rmebehandlungs- und Glas\u00f6fen verwendet werden.<\/li>\n<\/ul>\n<h2>Spezifikationen von Haynes Alloy 188 Powder<\/h2>\n<p class=\"whitespace-pre-wrap\">Haynes 188-Pulver ist in verschiedenen Gr\u00f6\u00dfenbereichen, Formen und Qualit\u00e4ten erh\u00e4ltlich, darunter:<\/p>\n<ul class=\"list-disc pl-8 space-y-2\">\n<li class=\"whitespace-normal\"><strong>Partikelgr\u00f6\u00dfe:<\/strong>\u00a0Von 10-45 Mikron f\u00fcr AM-Verfahren, bis zu 120 Mikron f\u00fcr thermische Spritzverfahren.<\/li>\n<li class=\"whitespace-normal\"><strong>Morphologie:<\/strong>\u00a0Sph\u00e4rische, unregelm\u00e4\u00dfige und gemischte Pulverformen. Glattes kugelf\u00f6rmiges Pulver sorgt f\u00fcr besseren Fluss.<\/li>\n<li class=\"whitespace-normal\"><strong>Reinheit:<\/strong>\u00a0Die Palette reicht von handels\u00fcblichen bis hin zu ultrahochreinen Qualit\u00e4ten, die auf strengen chemischen Analysen basieren.<\/li>\n<li class=\"whitespace-normal\"><strong>Noten:<\/strong>\u00a0Entspricht den Normen AMS 5758, AMS 5759 und AMS 5864, die f\u00fcr Anwendungen in der Luft- und Raumfahrt zugeschnitten sind.<\/li>\n<li class=\"whitespace-normal\"><strong>Fl\u00e4che:<\/strong>\u00a0Pulver mit geringer Oberfl\u00e4che werden bevorzugt, um die Oxidation zu minimieren.<\/li>\n<\/ul>\n<h2>Globale Lieferanten von Haynes Alloy 188 Pulver<\/h2>\n<p class=\"whitespace-pre-wrap\">Einige der wichtigsten globalen Anbieter sind:<\/p>\n<ul class=\"list-disc pl-8 space-y-2\">\n<li class=\"whitespace-normal\">Carpenter Additive (USA)<\/li>\n<li class=\"whitespace-normal\">Sandvik Osprey (UK)<\/li>\n<li class=\"whitespace-normal\">Erasteel (Frankreich)<\/li>\n<li class=\"whitespace-normal\">Edgetech Industries (USA)<\/li>\n<li class=\"whitespace-normal\">Special Metals Corp. (USA)<\/li>\n<li class=\"whitespace-normal\">Tekna (Kanada)<\/li>\n<\/ul>\n<p class=\"whitespace-pre-wrap\">Diese Unternehmen stellen verschiedene Sorten von Haynes 188-Pulver her, die f\u00fcr die additive Fertigung, thermische Spritzschichten und andere Hochtemperaturanwendungen geeignet sind.<\/p>\n<h2>Preisgestaltung von Haynes Alloy 188 Powder<\/h2>\n<p class=\"whitespace-pre-wrap\">Der Preis von Haynes 188 Pulver h\u00e4ngt von verschiedenen Faktoren ab:<\/p>\n<ul class=\"list-disc pl-8 space-y-2\">\n<li class=\"whitespace-normal\">Reinheitsgrade<\/li>\n<li class=\"whitespace-normal\">Partikelgr\u00f6\u00dfenverteilung und Form<\/li>\n<li class=\"whitespace-normal\">Bestellmenge<\/li>\n<li class=\"whitespace-normal\">Hersteller und geografischer Standort<\/li>\n<\/ul>\n<table>\n<thead>\n<tr>\n<th>Klasse<\/th>\n<th>Preisspanne<\/th>\n<\/tr>\n<\/thead>\n<tbody>\n<tr>\n<td>Kommerziell<\/td>\n<td>$80-120 pro kg<\/td>\n<\/tr>\n<tr>\n<td>Hohe Reinheit<\/td>\n<td>$120-250 pro kg<\/td>\n<\/tr>\n<tr>\n<td>Ultrafeine<\/td>\n<td>$250-450 pro kg<\/td>\n<\/tr>\n<tr>\n<td>Besondere Note<\/td>\n<td>$450-850 pro kg<\/td>\n<\/tr>\n<\/tbody>\n<\/table>\n<p>&nbsp;<\/p>\n<p class=\"whitespace-pre-wrap\">F\u00fcr gaszerst\u00e4ubte ultrafeine und hochreine Pulver werden h\u00f6here Preise verlangt als f\u00fcr handels\u00fcbliche Sorten. Kleinere Mengen sind teurer.<\/p>\n<h2>Lagerung und Handhabung von Haynes Alloy 188-Pulver<\/h2>\n<p class=\"whitespace-pre-wrap\">Haynes 188 Pulver erfordert eine sorgf\u00e4ltige Lagerung und Handhabung:<\/p>\n<ul class=\"list-disc pl-8 space-y-2\">\n<li class=\"whitespace-normal\">Sollte in versiegelten Beh\u00e4ltern unter Inertgas gelagert werden, um Oxidation zu verhindern<\/li>\n<li class=\"whitespace-normal\">Vermeiden Sie die Ansammlung von feinen Pulvern, um das Risiko einer Staubexplosion zu minimieren.<\/li>\n<li class=\"whitespace-normal\">Tragen Sie beim Umgang mit feinem Pulver pers\u00f6nliche Schutzausr\u00fcstung<\/li>\n<li class=\"whitespace-normal\">Befolgen Sie die vom Hersteller empfohlenen Sicherheitsma\u00dfnahmen<\/li>\n<\/ul>\n<p class=\"whitespace-pre-wrap\">Bei der Handhabung dieses reaktiven Legierungspulvers ist auf eine ordnungsgem\u00e4\u00dfe Erdung, Bel\u00fcftung und PSA zu achten.<\/p>\n<h2>Inspektion und Pr\u00fcfung von Haynes Alloy 188-Pulver<\/h2>\n<p class=\"whitespace-pre-wrap\">Zu den wichtigsten Tests, die zur Qualit\u00e4tskontrolle durchgef\u00fchrt werden, geh\u00f6ren:<\/p>\n<ul class=\"list-disc pl-8 space-y-2\">\n<li class=\"whitespace-normal\">Chemische Analyse mittels OES oder XRF, um sicherzustellen, dass die Zusammensetzung innerhalb der vorgegebenen Grenzen liegt.<\/li>\n<li class=\"whitespace-normal\">Partikelgr\u00f6\u00dfenverteilung unter Verwendung der Laserbeugungstechnik gem\u00e4\u00df ASTM B822-Norm.<\/li>\n<li class=\"whitespace-normal\">Morphologische Analyse durch Rasterelektronenmikroskopie.<\/li>\n<li class=\"whitespace-normal\">Messung des Pulverdurchsatzes gem\u00e4\u00df ASTM B213 mit einem Hall-Durchflussmesser.<\/li>\n<li class=\"whitespace-normal\">Dichtemessung mit Helium-Pyknometrie.<\/li>\n<li class=\"whitespace-normal\">Der Gehalt an Verunreinigungen wurde mittels ICP-MS getestet.<\/li>\n<li class=\"whitespace-normal\">Charakterisierung des Mikrogef\u00fcges durch R\u00f6ntgenbeugung.<\/li>\n<\/ul>\n<p class=\"whitespace-pre-wrap\">Durch gr\u00fcndliche Inspektion und Pr\u00fcfung wird sichergestellt, dass das Pulver die chemischen, physikalischen und mikrostrukturellen Anforderungen f\u00fcr die vorgesehene Anwendung erf\u00fcllt.<\/p>\n<h2>Vergleich zwischen Haynes 188 und Hastelloy X-Pulvern<\/h2>\n<p class=\"whitespace-pre-wrap\">Haynes 188 und Hastelloy X sind zwei Pulver aus Nickelbasislegierungen im Vergleich:<\/p>\n<table>\n<thead>\n<tr>\n<th>Parameter<\/th>\n<th>Haynes 188<\/th>\n<th>Hastelloy X<\/th>\n<\/tr>\n<\/thead>\n<tbody>\n<tr>\n<td>Grundelement<\/td>\n<td>Nickel<\/td>\n<td>Nickel<\/td>\n<\/tr>\n<tr>\n<td>Cr-Gehalt<\/td>\n<td>22-25%<\/td>\n<td>22-25%<\/td>\n<\/tr>\n<tr>\n<td>Mo-Gehalt<\/td>\n<td>Kein Molybd\u00e4n<\/td>\n<td>8-10%<\/td>\n<\/tr>\n<tr>\n<td>Oxidationsbest\u00e4ndigkeit<\/td>\n<td>Ausgezeichnet bis zu 1204\u00b0C<\/td>\n<td>Ausgezeichnet bis zu 1150\u00b0C<\/td>\n<\/tr>\n<tr>\n<td>Kosten<\/td>\n<td>H\u00f6her<\/td>\n<td>Unter<\/td>\n<\/tr>\n<tr>\n<td>St\u00e4rke<\/td>\n<td>Unter<\/td>\n<td>H\u00f6her<\/td>\n<\/tr>\n<tr>\n<td>Verarbeitbarkeit<\/td>\n<td>Ausgezeichnet<\/td>\n<td>M\u00e4\u00dfig<\/td>\n<\/tr>\n<tr>\n<td>Anwendungen<\/td>\n<td>Beschichtungen, Hartl\u00f6tmittel<\/td>\n<td>Luft- und Raumfahrtkomponenten, Federn<\/td>\n<\/tr>\n<\/tbody>\n<\/table>\n<p>&nbsp;<\/p>\n<p class=\"whitespace-pre-wrap\">Haynes 188 bietet eine bessere Verarbeitbarkeit, w\u00e4hrend Hastelloy X eine h\u00f6here Festigkeit aufweist. Haynes 188 ist auch bei extrem hohen Temperaturen oxidationsbest\u00e4ndig.<\/p>\n<h2>Haynes Alloy 188 Pulver FAQs<\/h2>\n<p class=\"whitespace-pre-wrap\"><strong>F: Wie wird Haynes-Legierung 188-Pulver hergestellt?<\/strong><\/p>\n<p class=\"whitespace-pre-wrap\">A: Haynes 188-Pulver wird kommerziell durch Gaszerst\u00e4ubung, Wasserzerst\u00e4ubung und Inertgas-Kondensationstechniken hergestellt. Die Gaszerst\u00e4ubung bietet die beste Kontrolle \u00fcber die Partikeleigenschaften.<\/p>\n<p class=\"whitespace-pre-wrap\"><strong>F: Was sind die Hauptanwendungen f\u00fcr Haynes 188 Pulver?<\/strong><\/p>\n<p class=\"whitespace-pre-wrap\">A: Hauptanwendungen sind die additive Fertigung, thermische Spritzbeschichtungen, Hartl\u00f6tzusatzwerkstoffe, pulvermetallurgische Z\u00fcndkerzen und Hochtemperatur-Ofenkomponenten, die eine au\u00dfergew\u00f6hnliche Oxidations- und Korrosionsbest\u00e4ndigkeit erfordern.<\/p>\n<p class=\"whitespace-pre-wrap\"><strong>F: Was ist die empfohlene Pulvergr\u00f6\u00dfe f\u00fcr AM oder thermisches Spritzen?<\/strong><\/p>\n<p class=\"whitespace-pre-wrap\">A: F\u00fcr die additive Fertigung liegt der ideale Gr\u00f6\u00dfenbereich bei 15-45 Mikrometern. F\u00fcr thermische Spritzschichten wird ein gr\u00f6beres Pulver mit einer Gr\u00f6\u00dfe von bis zu 120 Mikron bevorzugt.<\/p>\n<p class=\"whitespace-pre-wrap\"><strong>F: Erfordert Haynes 188 Pulver besondere Vorsichtsma\u00dfnahmen bei der Handhabung?<\/strong><\/p>\n<p class=\"whitespace-pre-wrap\">A: Ja, es wird empfohlen, dieses reaktive Legierungspulver vorsichtig unter inerter Atmosph\u00e4re zu handhaben und dabei eine angemessene Erdung, Bel\u00fcftung und PSA zu verwenden.<\/p>\n<p class=\"whitespace-pre-wrap\"><strong>F: Wo kann ich Haynes 188-Pulver kaufen, das f\u00fcr Luft- und Raumfahrtanwendungen geeignet ist?<\/strong><\/p>\n<p class=\"whitespace-pre-wrap\">A: Hochreines Haynes 188-Pulver, das den Standards der Luft- und Raumfahrt entspricht, kann von f\u00fchrenden Herstellern wie Carpenter Additive, Sandvik Osprey, Erasteel und Special Metals Corporation bezogen werden.<\/p>","protected":false},"excerpt":{"rendered":"<p>Haynes Alloy 188 Pulver ist eine Superlegierung auf Nickelbasis, die f\u00fcr ihre hervorragende Best\u00e4ndigkeit gegen hohe Temperaturen, Korrosion und Oxidation bekannt ist. Sie weist eine bemerkenswerte Festigkeit, Duktilit\u00e4t und Kriechbest\u00e4ndigkeit auf und ist damit ideal f\u00fcr Anwendungen unter extremen Bedingungen.<\/p>","protected":false},"featured_media":2102,"comment_status":"open","ping_status":"closed","template":"","meta":[],"product_brand":[],"product_cat":[31,54],"product_tag":[],"class_list":{"0":"post-1469","1":"product","2":"type-product","3":"status-publish","4":"has-post-thumbnail","6":"product_cat-3d-printing-metal-powder","7":"product_cat-cobalt-alloy-powder","9":"first","10":"instock","11":"shipping-taxable","12":"product-type-simple"},"_links":{"self":[{"href":"https:\/\/met3dp.sg\/de\/wp-json\/wp\/v2\/product\/1469","targetHints":{"allow":["GET"]}}],"collection":[{"href":"https:\/\/met3dp.sg\/de\/wp-json\/wp\/v2\/product"}],"about":[{"href":"https:\/\/met3dp.sg\/de\/wp-json\/wp\/v2\/types\/product"}],"replies":[{"embeddable":true,"href":"https:\/\/met3dp.sg\/de\/wp-json\/wp\/v2\/comments?post=1469"}],"wp:featuredmedia":[{"embeddable":true,"href":"https:\/\/met3dp.sg\/de\/wp-json\/wp\/v2\/media\/2102"}],"wp:attachment":[{"href":"https:\/\/met3dp.sg\/de\/wp-json\/wp\/v2\/media?parent=1469"}],"wp:term":[{"taxonomy":"product_brand","embeddable":true,"href":"https:\/\/met3dp.sg\/de\/wp-json\/wp\/v2\/product_brand?post=1469"},{"taxonomy":"product_cat","embeddable":true,"href":"https:\/\/met3dp.sg\/de\/wp-json\/wp\/v2\/product_cat?post=1469"},{"taxonomy":"product_tag","embeddable":true,"href":"https:\/\/met3dp.sg\/de\/wp-json\/wp\/v2\/product_tag?post=1469"}],"curies":[{"name":"wp","href":"https:\/\/api.w.org\/{rel}","templated":true}]}}