{"id":1467,"date":"2023-09-07T02:04:50","date_gmt":"2023-09-07T02:04:50","guid":{"rendered":"https:\/\/site3.easyceotech.com\/product\/al-3004-powder\/"},"modified":"2023-10-19T05:38:38","modified_gmt":"2023-10-19T05:38:38","slug":"al-3004-powder","status":"publish","type":"product","link":"https:\/\/met3dp.sg\/de\/product\/al-3004-powder\/","title":{"rendered":"Al 3004 Pulver"},"content":{"rendered":"<h2>\u00dcberblick \u00fcber Al 3004-Pulver<\/h2>\n<p class=\"whitespace-pre-wrap\">Al 3004 ist eine Aluminiumknetlegierung, die f\u00fcr ihre mittlere Festigkeit, hervorragende Korrosionsbest\u00e4ndigkeit, gute Formbarkeit und Schwei\u00dfbarkeit bekannt ist. Mangan erh\u00f6ht die Festigkeit durch Mischkristallverfestigung, w\u00e4hrend Magnesium die Festigkeit durch Ausscheidungsh\u00e4rtung verbessert.<\/p>\n<p class=\"whitespace-pre-wrap\">Zu den wichtigsten Eigenschaften von Al 3004-Pulver geh\u00f6ren:<\/p>\n<ul class=\"list-disc pl-8 space-y-2\">\n<li class=\"whitespace-normal\">M\u00e4\u00dfige Zugfestigkeit mit ausgezeichneter Duktilit\u00e4t<\/li>\n<li class=\"whitespace-normal\">Sehr gute Umformbarkeit und Schwei\u00dfbarkeit<\/li>\n<li class=\"whitespace-normal\">Ausgezeichnete Korrosionsbest\u00e4ndigkeit<\/li>\n<li class=\"whitespace-normal\">Hohe thermische und elektrische Leitf\u00e4higkeit<\/li>\n<li class=\"whitespace-normal\">Geringe Dichte<\/li>\n<li class=\"whitespace-normal\">Erh\u00e4ltlich in verschiedenen Korngr\u00f6\u00dfenverteilungen<\/li>\n<\/ul>\n<p class=\"whitespace-pre-wrap\">Al 3004-Pulver eignet sich f\u00fcr Anwendungen, die eine mittlere Festigkeit in Verbindung mit guter Schwei\u00dfbarkeit, Bearbeitbarkeit und Korrosionsbest\u00e4ndigkeit erfordern.<\/p>\n<h2>Chemische Zusammensetzung von Al 3004-Pulver<\/h2>\n<p class=\"whitespace-pre-wrap\">Die typische Zusammensetzung von Al 3004-Pulver ist:<\/p>\n<table>\n<thead>\n<tr>\n<th>Element<\/th>\n<th>Gewicht %<\/th>\n<\/tr>\n<\/thead>\n<tbody>\n<tr>\n<td>Aluminium (Al)<\/td>\n<td>Bilanz<\/td>\n<\/tr>\n<tr>\n<td>Mangan (Mn)<\/td>\n<td>1.0-1.5%<\/td>\n<\/tr>\n<tr>\n<td>Magnesium (Mg)<\/td>\n<td>0.2-0.8%<\/td>\n<\/tr>\n<tr>\n<td>Silizium (Si)<\/td>\n<td>0-0.6%<\/td>\n<\/tr>\n<tr>\n<td>Eisen (Fe)<\/td>\n<td>0-0.7%<\/td>\n<\/tr>\n<tr>\n<td>Kupfer (Cu)<\/td>\n<td>0-0.25%<\/td>\n<\/tr>\n<tr>\n<td>Chrom (Cr)<\/td>\n<td>0-0.10%<\/td>\n<\/tr>\n<tr>\n<td>Zink (Zn)<\/td>\n<td>0-0.10%<\/td>\n<\/tr>\n<\/tbody>\n<\/table>\n<p><img fetchpriority=\"high\" decoding=\"async\" class=\"size-medium wp-image-1409 aligncenter\" src=\"https:\/\/met3dp.sg\/wp-content\/uploads\/2023\/09\/ed7a94ec-3c10-4b1b-87ed--300x300.jpg\" alt=\"Al 3004 Pulver\" width=\"300\" height=\"300\" title=\"\" srcset=\"https:\/\/met3dp.sg\/wp-content\/uploads\/2023\/09\/ed7a94ec-3c10-4b1b-87ed--300x300.jpg 300w, https:\/\/met3dp.sg\/wp-content\/uploads\/2023\/09\/ed7a94ec-3c10-4b1b-87ed--100x100.jpg 100w, https:\/\/met3dp.sg\/wp-content\/uploads\/2023\/09\/ed7a94ec-3c10-4b1b-87ed--150x150.jpg 150w, https:\/\/met3dp.sg\/wp-content\/uploads\/2023\/09\/ed7a94ec-3c10-4b1b-87ed-.jpg 600w\" sizes=\"(max-width: 300px) 100vw, 300px\" \/><\/p>\n<p class=\"whitespace-pre-wrap\">Mangan und Magnesium sind absichtlich zugesetzte Legierungselemente, w\u00e4hrend Silizium, Eisen, Kupfer und Zink als Verunreinigungen vorhanden sind.<\/p>\n<h2>Eigenschaften von Al 3004-Pulver<\/h2>\n<p class=\"whitespace-pre-wrap\">Zu den wichtigsten Eigenschaften von Al 3004-Pulver geh\u00f6ren:<\/p>\n<table>\n<thead>\n<tr>\n<th>Eigentum<\/th>\n<th>Wert<\/th>\n<\/tr>\n<\/thead>\n<tbody>\n<tr>\n<td>Dichte<\/td>\n<td>2,73 g\/cm3<\/td>\n<\/tr>\n<tr>\n<td>Schmelzpunkt<\/td>\n<td>630-655\u00b0C<\/td>\n<\/tr>\n<tr>\n<td>W\u00e4rmeleitf\u00e4higkeit<\/td>\n<td>180 W\/mK<\/td>\n<\/tr>\n<tr>\n<td>Elektrische Leitf\u00e4higkeit<\/td>\n<td>41-43 %IACS<\/td>\n<\/tr>\n<tr>\n<td>Elastizit\u00e4tsmodul<\/td>\n<td>68-72 GPa<\/td>\n<\/tr>\n<tr>\n<td>Querkontraktionszahl<\/td>\n<td>0.33<\/td>\n<\/tr>\n<tr>\n<td>Zugfestigkeit<\/td>\n<td>190-240 MPa<\/td>\n<\/tr>\n<tr>\n<td>Streckgrenze<\/td>\n<td>110-170 MPa<\/td>\n<\/tr>\n<tr>\n<td>Dehnung<\/td>\n<td>10-20%<\/td>\n<\/tr>\n<tr>\n<td>H\u00e4rte<\/td>\n<td>50-65 Brinell<\/td>\n<\/tr>\n<\/tbody>\n<\/table>\n<p>&nbsp;<\/p>\n<p class=\"whitespace-pre-wrap\">Die Legierung bietet eine m\u00e4\u00dfige Festigkeit bei hervorragender Duktilit\u00e4t und Verformbarkeit. Sie hat eine gute Best\u00e4ndigkeit gegen atmosph\u00e4rische Korrosion. Die thermische und elektrische Leitf\u00e4higkeit ist hoch.<\/p>\n<h2>Herstellungsverfahren f\u00fcr Al 3004-Pulver<\/h2>\n<p class=\"whitespace-pre-wrap\">Zu den g\u00e4ngigen Herstellungsverfahren f\u00fcr Al 3004-Pulver geh\u00f6ren:<\/p>\n<ul class=\"list-disc pl-8 space-y-2\">\n<li class=\"whitespace-normal\"><strong>Gaszerst\u00e4ubung<\/strong>\u00a0- Geschmolzener Legierungsstrom, der durch Inertgasstrahlen in feines kugelf\u00f6rmiges Pulver mit kontrollierter Partikelverteilung zerf\u00e4llt.<\/li>\n<li class=\"whitespace-normal\"><strong>Wasserzerst\u00e4ubung<\/strong>\u00a0- Hochgeschwindigkeits-Wasserstrahl zur Herstellung feiner, unregelm\u00e4\u00dfiger Al 3004-Partikel. Geringere Kosten, aber h\u00f6herer Sauerstoffgehalt.<\/li>\n<li class=\"whitespace-normal\"><strong>Mechanisches Legieren<\/strong>\u00a0- Kugelmahlen einer Mischung aus Aluminium und Legierungspulvern, gefolgt von Kaltverdichtung und Sintern.<\/li>\n<\/ul>\n<p class=\"whitespace-pre-wrap\">Die Gaszerst\u00e4ubung bietet eine hervorragende Kontrolle \u00fcber die Pulvereigenschaften, die f\u00fcr moderne Anwendungen entscheidend sind.<\/p>\n<h2>Anwendungen von Al 3004-Pulver<\/h2>\n<p class=\"whitespace-pre-wrap\">Typische Anwendungen von Al 3004-Pulver sind:<\/p>\n<ul class=\"list-disc pl-8 space-y-2\">\n<li class=\"whitespace-normal\"><strong>Additive Fertigung<\/strong>\u00a0- Wird in Binder-Jetting-, Laserschmelz- und Elektronenstrahlschmelzverfahren zur Herstellung komplexer Aluminiumteile verwendet.<\/li>\n<li class=\"whitespace-normal\"><strong>Metall-Spritzgie\u00dfen<\/strong>\u00a0- Zur Herstellung kleiner, komplizierter Bauteile, die eine hohe Festigkeit und Korrosionsbest\u00e4ndigkeit erfordern.<\/li>\n<li class=\"whitespace-normal\"><strong>Pulvermetallurgie<\/strong>\u00a0- Press- und Sinterverfahren zur Herstellung von Automobil- und Maschinenteilen mittlerer Leistung.<\/li>\n<li class=\"whitespace-normal\"><strong>Thermisches Spritzen<\/strong>\u00a0- Drahtbogenspritzen zur Herstellung von Schutzschichten mit m\u00e4\u00dfiger Verschlei\u00df- und Korrosionsbest\u00e4ndigkeit.<\/li>\n<li class=\"whitespace-normal\"><strong>Schwei\u00dfzusatzwerkstoff<\/strong>\u00a0- Wird als F\u00fclldraht verwendet, um eine dem Grundwerkstoff \u00e4hnliche Schwei\u00dffestigkeit zu erzielen.<\/li>\n<li class=\"whitespace-normal\"><strong>Pigmente<\/strong>\u00a0- Wird Farben und Beschichtungen zugesetzt, um Glanz und Korrosionsschutz zu gew\u00e4hrleisten.<\/li>\n<\/ul>\n<h2>Spezifikationen von Al 3004-Pulver<\/h2>\n<p class=\"whitespace-pre-wrap\">Al 3004-Pulver ist in verschiedenen Gr\u00f6\u00dfen, Formen, Reinheitsgraden und Qualit\u00e4ten erh\u00e4ltlich:<\/p>\n<ul class=\"list-disc pl-8 space-y-2\">\n<li class=\"whitespace-normal\"><strong>Partikelgr\u00f6\u00dfe:<\/strong>\u00a0Von 10-150 Mikrometer f\u00fcr AM-Verfahren, bis zu 300 Mikrometer f\u00fcr thermische Spritzverfahren.<\/li>\n<li class=\"whitespace-normal\"><strong>Morphologie:<\/strong>\u00a0Es sind kugelf\u00f6rmige, k\u00f6rnige, unregelm\u00e4\u00dfige und flockige Pulverformen erh\u00e4ltlich.<\/li>\n<li class=\"whitespace-normal\"><strong>Reinheit:<\/strong>\u00a0Von handels\u00fcblichen Qualit\u00e4ten bis hin zu hohen Reinheitsgraden auf der Grundlage von Verunreinigungsgrenzen.<\/li>\n<li class=\"whitespace-normal\"><strong>Noten:<\/strong>\u00a0Entspricht den Spezifikationen ASTM B209, EN 573 und ISO 209. Kundenspezifische Qualit\u00e4ten werden angeboten.<\/li>\n<li class=\"whitespace-normal\"><strong>Flie\u00dff\u00e4higkeit:<\/strong>\u00a0Das Pulver kann f\u00fcr spezifische Durchflussraten je nach Anwendungsanforderungen angepasst werden.<\/li>\n<\/ul>\n<h2>Globale Lieferanten von Al 3004-Pulver<\/h2>\n<p class=\"whitespace-pre-wrap\">Einige der wichtigsten globalen Anbieter sind:<\/p>\n<ul class=\"list-disc pl-8 space-y-2\">\n<li class=\"whitespace-normal\">Valimet Inc. (USA)<\/li>\n<li class=\"whitespace-normal\">Makin Metal Powders (UK)<\/li>\n<li class=\"whitespace-normal\">Atomization Systems Limited (Kanada)<\/li>\n<li class=\"whitespace-normal\">SCM Metallprodukte (USA)<\/li>\n<li class=\"whitespace-normal\">Shanghai Chaowei Nanotechnology (China)<\/li>\n<li class=\"whitespace-normal\">Agni Metal (USA)<\/li>\n<li class=\"whitespace-normal\">Titan-Pulver (Russland)<\/li>\n<\/ul>\n<p class=\"whitespace-pre-wrap\">Diese Unternehmen stellen Al 3004-Pulver her, das f\u00fcr AM, thermisches Spritzen, Automobil-, Luft- und Raumfahrt- sowie allgemeine technische Anwendungen geeignet ist.<\/p>\n<h2>Al 3004 Pulver Preisgestaltung<\/h2>\n<p class=\"whitespace-pre-wrap\">Die Preisgestaltung von Al 3004-Pulver h\u00e4ngt von Faktoren ab wie:<\/p>\n<ul class=\"list-disc pl-8 space-y-2\">\n<li class=\"whitespace-normal\">Reinheitsgrade<\/li>\n<li class=\"whitespace-normal\">Partikelgr\u00f6\u00dfenverteilung<\/li>\n<li class=\"whitespace-normal\">Morphologie und Form des Pulvers<\/li>\n<li class=\"whitespace-normal\">Bestellmenge<\/li>\n<li class=\"whitespace-normal\">Lieferant und geografischer Standort<\/li>\n<\/ul>\n<table>\n<thead>\n<tr>\n<th>Klasse<\/th>\n<th>Preisspanne<\/th>\n<\/tr>\n<\/thead>\n<tbody>\n<tr>\n<td>Kommerziell<\/td>\n<td>$5-15 pro kg<\/td>\n<\/tr>\n<tr>\n<td>Hohe Reinheit<\/td>\n<td>$15-25 pro kg<\/td>\n<\/tr>\n<tr>\n<td>Ultrafeine<\/td>\n<td>$25-45 pro kg<\/td>\n<\/tr>\n<tr>\n<td>Besondere Note<\/td>\n<td>$45-90 pro kg<\/td>\n<\/tr>\n<\/tbody>\n<\/table>\n<p>&nbsp;<\/p>\n<p class=\"whitespace-pre-wrap\">Sph\u00e4rische Qualit\u00e4ten mit kontrollierter Partikelgr\u00f6\u00dfe und hohem Reinheitsgrad sind teurer als einfaches handels\u00fcbliches Al 3004-Pulver.<\/p>\n<h2>Lagerung und Handhabung von Al 3004-Pulver<\/h2>\n<p class=\"whitespace-pre-wrap\">Al 3004-Pulver sollte ordnungsgem\u00e4\u00df gehandhabt und gelagert werden, um zu verhindern:<\/p>\n<ul class=\"list-disc pl-8 space-y-2\">\n<li class=\"whitespace-normal\">Oxidation und Reaktion mit Feuchtigkeit<\/li>\n<li class=\"whitespace-normal\">Staubexplosionsgefahren durch feines Pulver<\/li>\n<li class=\"whitespace-normal\">Inhalationsbedingte Gesundheitsprobleme<\/li>\n<li class=\"whitespace-normal\">Die Sicherheitspraktiken aus dem Sicherheitsdatenblatt des Lieferanten sollten befolgt werden.<\/li>\n<\/ul>\n<p class=\"whitespace-pre-wrap\">Bei der Handhabung des Pulvers wird eine Inertgasabschirmung, ordnungsgem\u00e4\u00dfe Erdung, Bel\u00fcftung und PSA empfohlen.<\/p>\n<h2>Test- und Charakterisierungsmethoden<\/h2>\n<p class=\"whitespace-pre-wrap\">Zu den wichtigsten Pr\u00fcfverfahren f\u00fcr Al 3004-Pulver geh\u00f6ren:<\/p>\n<ul class=\"list-disc pl-8 space-y-2\">\n<li class=\"whitespace-normal\">Analyse der chemischen Zusammensetzung mittels OES oder XRF<\/li>\n<li class=\"whitespace-normal\">Partikelgr\u00f6\u00dfenverteilung gem\u00e4\u00df ASTM B822 Standard<\/li>\n<li class=\"whitespace-normal\">Morphologische Analyse durch SEM<\/li>\n<li class=\"whitespace-normal\">Durchflussmenge des Pulvers gemessen mit Hall-Durchflussmesser<\/li>\n<li class=\"whitespace-normal\">Dichte bestimmt durch Helium-Pyknometrie<\/li>\n<li class=\"whitespace-normal\">Pr\u00fcfung des Verunreinigungsgrads mittels ICP-MS<\/li>\n<li class=\"whitespace-normal\">Gef\u00fcgeuntersuchung durch R\u00f6ntgenbeugung<\/li>\n<\/ul>\n<p class=\"whitespace-pre-wrap\">Diese Tests gew\u00e4hrleisten die Konsistenz von Charge zu Charge und stellen sicher, dass das Pulver den Anwendungsanforderungen entspricht.<\/p>\n<h2>Vergleich zwischen Al 3004- und Al 6061-Pulver<\/h2>\n<p class=\"whitespace-pre-wrap\">Al 3004 und Al 6061 sind zwei Aluminiumlegierungspulver im Vergleich:<\/p>\n<table>\n<thead>\n<tr>\n<th>Parameter<\/th>\n<th>Al 3004<\/th>\n<th>Al 6061<\/th>\n<\/tr>\n<\/thead>\n<tbody>\n<tr>\n<td>Legierungstyp<\/td>\n<td>Nicht hitzebehandelbar<\/td>\n<td>W\u00e4rmebehandelbar<\/td>\n<\/tr>\n<tr>\n<td>Mg-Gehalt<\/td>\n<td>0.2-0.8%<\/td>\n<td>0.8-1.2%<\/td>\n<\/tr>\n<tr>\n<td>St\u00e4rke<\/td>\n<td>M\u00e4\u00dfig<\/td>\n<td>H\u00f6her<\/td>\n<\/tr>\n<tr>\n<td>Korrosionsbest\u00e4ndigkeit<\/td>\n<td>Ausgezeichnet<\/td>\n<td>Ausgezeichnet<\/td>\n<\/tr>\n<tr>\n<td>Schwei\u00dfeignung<\/td>\n<td>Ausgezeichnet<\/td>\n<td>Gut<\/td>\n<\/tr>\n<tr>\n<td>Bearbeitbarkeit<\/td>\n<td>Gut<\/td>\n<td>Ausgezeichnet<\/td>\n<\/tr>\n<tr>\n<td>Kosten<\/td>\n<td>Unter<\/td>\n<td>H\u00f6her<\/td>\n<\/tr>\n<\/tbody>\n<\/table>\n<p>&nbsp;<\/p>\n<p class=\"whitespace-pre-wrap\">Al 3004 l\u00e4sst sich besser schwei\u00dfen, w\u00e4hrend Al 6061 eine h\u00f6here Festigkeit aufweist. Beide bieten eine ausgezeichnete Korrosionsbest\u00e4ndigkeit.<\/p>\n<h2>FAQs zu Al 3004-Pulver<\/h2>\n<p class=\"whitespace-pre-wrap\"><strong>F: Wie wird Al 3004-Pulver hergestellt?<\/strong><\/p>\n<p class=\"whitespace-pre-wrap\">A: Al 3004-Pulver wird kommerziell durch Gasverd\u00fcsung, Wasserverd\u00fcsung und mechanisches Legieren mit anschlie\u00dfender Sinterung hergestellt. Die Gasverd\u00fcsung bietet die beste Kontrolle \u00fcber die Partikeleigenschaften.<\/p>\n<p class=\"whitespace-pre-wrap\"><strong>F: Was sind die wichtigsten Anwendungen von Al 3004-Pulver?<\/strong><\/p>\n<p class=\"whitespace-pre-wrap\">A: Zu den wichtigsten Anwendungen von Al 3004-Pulver geh\u00f6ren die additive Fertigung, thermische Spritzbeschichtungen, die Herstellung von pulvermetallurgischen Teilen, Metallspritzguss, Pigmente und Schwei\u00dfzusatzdraht.<\/p>\n<p class=\"whitespace-pre-wrap\"><strong>F: Was ist die empfohlene Partikelgr\u00f6\u00dfe f\u00fcr Al 3004-Pulver f\u00fcr den 3D-Druck mit Binderstrahl?<\/strong><\/p>\n<p class=\"whitespace-pre-wrap\">A: F\u00fcr das Binder-Jetting-Verfahren liegt der typische Al 3004-Pulvergr\u00f6\u00dfenbereich bei 20-45 Mikrometern mit nahezu kugelf\u00f6rmiger Morphologie, um eine gute Pulverbettdichte und Binderinfiltration zu gew\u00e4hrleisten.<\/p>\n<p class=\"whitespace-pre-wrap\"><strong>F: Sind bei der Handhabung von Al 3004-Pulver besondere Vorsichtsma\u00dfnahmen erforderlich?<\/strong><\/p>\n<p class=\"whitespace-pre-wrap\">A: Ja, es wird empfohlen, Aluminiumpulver vorsichtig unter inerter Atmosph\u00e4re zu handhaben und dabei eine ordnungsgem\u00e4\u00dfe Erdung, Bel\u00fcftung und PSA zu verwenden, um Brand- oder Explosionsgefahren zu vermeiden.<\/p>\n<p class=\"whitespace-pre-wrap\"><strong>F: Wo kann ich Al 3004-Pulver kaufen, das f\u00fcr Schwei\u00dfdraht in der Luft- und Raumfahrt geeignet ist?<\/strong><\/p>\n<p class=\"whitespace-pre-wrap\">A: Hochreines, gasverd\u00fcstes Al 3004-Pulver, das den Standards der Luft- und Raumfahrt entspricht, kann von f\u00fchrenden Herstellern wie Valimet, Makin Metal Powders und ASL bezogen werden.<\/p>","protected":false},"excerpt":{"rendered":"<p>Al 3004-Pulver ist ein speziell formuliertes Beschichtungsmaterial aus einer Aluminiumlegierung. Es wird durch die Kombination von Aluminium mit einer pr\u00e4zisen Mischung von Legierungselementen hergestellt, um eine optimale Leistung zu gew\u00e4hrleisten. Die Pulverform erm\u00f6glicht eine einfache Anwendung und bietet eine gleichm\u00e4\u00dfige Beschichtung, wenn sie richtig ausgeh\u00e4rtet ist.<\/p>","protected":false},"featured_media":1375,"comment_status":"open","ping_status":"closed","template":"","meta":[],"product_brand":[],"product_cat":[31,43],"product_tag":[],"class_list":{"0":"post-1467","1":"product","2":"type-product","3":"status-publish","4":"has-post-thumbnail","6":"product_cat-3d-printing-metal-powder","7":"product_cat-aluminum-based-alloy-powder","9":"first","10":"instock","11":"shipping-taxable","12":"product-type-simple"},"_links":{"self":[{"href":"https:\/\/met3dp.sg\/de\/wp-json\/wp\/v2\/product\/1467","targetHints":{"allow":["GET"]}}],"collection":[{"href":"https:\/\/met3dp.sg\/de\/wp-json\/wp\/v2\/product"}],"about":[{"href":"https:\/\/met3dp.sg\/de\/wp-json\/wp\/v2\/types\/product"}],"replies":[{"embeddable":true,"href":"https:\/\/met3dp.sg\/de\/wp-json\/wp\/v2\/comments?post=1467"}],"wp:featuredmedia":[{"embeddable":true,"href":"https:\/\/met3dp.sg\/de\/wp-json\/wp\/v2\/media\/1375"}],"wp:attachment":[{"href":"https:\/\/met3dp.sg\/de\/wp-json\/wp\/v2\/media?parent=1467"}],"wp:term":[{"taxonomy":"product_brand","embeddable":true,"href":"https:\/\/met3dp.sg\/de\/wp-json\/wp\/v2\/product_brand?post=1467"},{"taxonomy":"product_cat","embeddable":true,"href":"https:\/\/met3dp.sg\/de\/wp-json\/wp\/v2\/product_cat?post=1467"},{"taxonomy":"product_tag","embeddable":true,"href":"https:\/\/met3dp.sg\/de\/wp-json\/wp\/v2\/product_tag?post=1467"}],"curies":[{"name":"wp","href":"https:\/\/api.w.org\/{rel}","templated":true}]}}