{"id":1465,"date":"2023-09-07T02:04:50","date_gmt":"2023-09-07T02:04:50","guid":{"rendered":"https:\/\/site3.easyceotech.com\/product\/al-3103-powder\/"},"modified":"2023-10-18T11:48:38","modified_gmt":"2023-10-18T11:48:38","slug":"al-3103-powder","status":"publish","type":"product","link":"https:\/\/met3dp.sg\/de\/product\/al-3103-powder\/","title":{"rendered":"Al 3103 Pulver"},"content":{"rendered":"<h2>\u00dcberblick \u00fcber Al 3103-Pulver<\/h2>\n<p class=\"whitespace-pre-wrap\">Al 3103 ist eine nicht w\u00e4rmebehandelbare Aluminium-Knetlegierung, die f\u00fcr ihre ausgezeichnete Korrosionsbest\u00e4ndigkeit, gute Verformbarkeit und Schwei\u00dfbarkeit bekannt ist. Manganzus\u00e4tze verbessern die Festigkeit durch Mischkristallverfestigung bei gleichzeitiger Beibehaltung einer hervorragenden Duktilit\u00e4t.<\/p>\n<p class=\"whitespace-pre-wrap\">Zu den wichtigsten Eigenschaften von Al 3103-Pulver geh\u00f6ren:<\/p>\n<ul class=\"list-disc pl-8 space-y-2\">\n<li class=\"whitespace-normal\">M\u00e4\u00dfige Festigkeit mit hoher Duktilit\u00e4t und Z\u00e4higkeit<\/li>\n<li class=\"whitespace-normal\">Ausgezeichnete Schwei\u00dfbarkeit und Umformbarkeit<\/li>\n<li class=\"whitespace-normal\">Sehr gute Korrosionsbest\u00e4ndigkeit<\/li>\n<li class=\"whitespace-normal\">Hohe thermische und elektrische Leitf\u00e4higkeit<\/li>\n<li class=\"whitespace-normal\">Geringe Dichte<\/li>\n<li class=\"whitespace-normal\">Erh\u00e4ltlich in verschiedenen Korngr\u00f6\u00dfenverteilungen<\/li>\n<\/ul>\n<p class=\"whitespace-pre-wrap\">Al 3103-Pulver eignet sich f\u00fcr Anwendungen wie chemische Tanks, Lebensmittelverarbeitungsanlagen, W\u00e4rmetauscher, Tankwagen, Ger\u00e4te usw., die eine mittlere Festigkeit in Verbindung mit einer hervorragenden Korrosionsbest\u00e4ndigkeit erfordern.<\/p>\n<h2>Chemische Zusammensetzung von Al 3103-Pulver<\/h2>\n<p class=\"whitespace-pre-wrap\">Die typische chemische Zusammensetzung von Al 3103-Pulver ist:<\/p>\n<table>\n<thead>\n<tr>\n<th>Element<\/th>\n<th>Gewicht %<\/th>\n<\/tr>\n<\/thead>\n<tbody>\n<tr>\n<td>Aluminium (Al)<\/td>\n<td>Bilanz<\/td>\n<\/tr>\n<tr>\n<td>Mangan (Mn)<\/td>\n<td>1.0-1.5%<\/td>\n<\/tr>\n<tr>\n<td>Silizium (Si)<\/td>\n<td>0,6% max<\/td>\n<\/tr>\n<tr>\n<td>Eisen (Fe)<\/td>\n<td>0,7% max<\/td>\n<\/tr>\n<tr>\n<td>Kupfer (Cu)<\/td>\n<td>0,10% max<\/td>\n<\/tr>\n<tr>\n<td>Magnesium (Mg)<\/td>\n<td>0,10% max<\/td>\n<\/tr>\n<tr>\n<td>Zink (Zn)<\/td>\n<td>0,10% max<\/td>\n<\/tr>\n<tr>\n<td>Chrom (Cr)<\/td>\n<td>0.05-0.20%<\/td>\n<\/tr>\n<\/tbody>\n<\/table>\n<p>&nbsp;<\/p>\n<p class=\"whitespace-pre-wrap\">Mangan ist das wichtigste Legierungselement in Aluminium 3103. Eisen, Silizium, Kupfer und Zink sind als Verunreinigungen mit bestimmten Grenzwerten vorhanden.<\/p>\n<h2>Eigenschaften von Al 3103-Pulver<\/h2>\n<p class=\"whitespace-pre-wrap\">Zu den wichtigsten Eigenschaften von Al 3103-Pulver geh\u00f6ren:<\/p>\n<table>\n<thead>\n<tr>\n<th>Eigentum<\/th>\n<th>Wert<\/th>\n<\/tr>\n<\/thead>\n<tbody>\n<tr>\n<td>Dichte<\/td>\n<td>2,73 g\/cm3<\/td>\n<\/tr>\n<tr>\n<td>Schmelzpunkt<\/td>\n<td>630-654\u00b0C<\/td>\n<\/tr>\n<tr>\n<td>W\u00e4rmeleitf\u00e4higkeit<\/td>\n<td>130 W\/mK<\/td>\n<\/tr>\n<tr>\n<td>Elektrische Leitf\u00e4higkeit<\/td>\n<td>41-43% IACS<\/td>\n<\/tr>\n<tr>\n<td>Elastizit\u00e4tsmodul<\/td>\n<td>70 GPa<\/td>\n<\/tr>\n<tr>\n<td>Querkontraktionszahl<\/td>\n<td>0.33<\/td>\n<\/tr>\n<tr>\n<td>Zugfestigkeit<\/td>\n<td>110-180 MPa<\/td>\n<\/tr>\n<tr>\n<td>Streckgrenze<\/td>\n<td>55-110 MPa<\/td>\n<\/tr>\n<tr>\n<td>Dehnung<\/td>\n<td>18-30%<\/td>\n<\/tr>\n<tr>\n<td>H\u00e4rte<\/td>\n<td>25-55 Brinell<\/td>\n<\/tr>\n<\/tbody>\n<\/table>\n<p>&nbsp;<\/p>\n<p class=\"whitespace-pre-wrap\">Die Legierung bietet eine m\u00e4\u00dfige Festigkeit mit ausgezeichneter Duktilit\u00e4t, Z\u00e4higkeit und Verformbarkeit. Sie hat eine sehr gute Best\u00e4ndigkeit gegen atmosph\u00e4rische und marine Umgebungen.<\/p>\n<p><img fetchpriority=\"high\" decoding=\"async\" class=\"alignnone size-medium wp-image-1409\" src=\"https:\/\/met3dp.sg\/wp-content\/uploads\/2023\/09\/ed7a94ec-3c10-4b1b-87ed--300x300.jpg\" alt=\"Al 3103 Pulver\" width=\"300\" height=\"300\" title=\"\" srcset=\"https:\/\/met3dp.sg\/wp-content\/uploads\/2023\/09\/ed7a94ec-3c10-4b1b-87ed--300x300.jpg 300w, https:\/\/met3dp.sg\/wp-content\/uploads\/2023\/09\/ed7a94ec-3c10-4b1b-87ed--100x100.jpg 100w, https:\/\/met3dp.sg\/wp-content\/uploads\/2023\/09\/ed7a94ec-3c10-4b1b-87ed--150x150.jpg 150w, https:\/\/met3dp.sg\/wp-content\/uploads\/2023\/09\/ed7a94ec-3c10-4b1b-87ed-.jpg 600w\" sizes=\"(max-width: 300px) 100vw, 300px\" \/><\/p>\n<h2>Herstellungsverfahren f\u00fcr Al 3103-Pulver<\/h2>\n<p class=\"whitespace-pre-wrap\">G\u00e4ngige Herstellungsverfahren f\u00fcr Al 3103-Pulver sind:<\/p>\n<ul class=\"list-disc pl-8 space-y-2\">\n<li class=\"whitespace-normal\"><strong>Gaszerst\u00e4ubung<\/strong>\u00a0- Geschmolzener Legierungsstrom, der durch Inertgasd\u00fcsen in feines kugelf\u00f6rmiges Pulver mit kontrollierter Gr\u00f6\u00dfenverteilung zerf\u00e4llt.<\/li>\n<li class=\"whitespace-normal\"><strong>Wasserzerst\u00e4ubung<\/strong>\u00a0- Hochgeschwindigkeits-Wasserstrahl zur Herstellung feiner, unregelm\u00e4\u00dfiger Al 3103-Partikel. Wirtschaftlicher, aber h\u00f6herer Sauerstoffgehalt.<\/li>\n<li class=\"whitespace-normal\"><strong>Mechanisches Legieren<\/strong>\u00a0- Kugelmahlen von Aluminium- und Manganpulvern mit anschlie\u00dfender Kaltverdichtung und Sinterung.<\/li>\n<\/ul>\n<p class=\"whitespace-pre-wrap\">Die Gaszerst\u00e4ubung bietet die beste Kontrolle \u00fcber die Pulvereigenschaften wie Partikelgr\u00f6\u00dfe, Form und Mikrostruktur.<\/p>\n<h2>Anwendungen von Al 3103-Pulver<\/h2>\n<p class=\"whitespace-pre-wrap\">Typische Anwendungen von Al 3103-Pulver sind:<\/p>\n<ul class=\"list-disc pl-8 space-y-2\">\n<li class=\"whitespace-normal\"><strong>Additive Fertigung<\/strong>\u00a0- Geeignet f\u00fcr Binder Jetting und selektive Laserschmelzverfahren zur Herstellung komplexer Aluminiumteile.<\/li>\n<li class=\"whitespace-normal\"><strong>Pulvermetallurgie<\/strong>\u00a0- Press- und Sinterverfahren zur Herstellung von Teilen mit guten mechanischen Eigenschaften und guter Bearbeitbarkeit.<\/li>\n<li class=\"whitespace-normal\"><strong>Metall-Spritzgie\u00dfen<\/strong>\u00a0- Zur Herstellung kleiner, komplizierter Bauteile, die eine mittlere Festigkeit und Korrosionsbest\u00e4ndigkeit erfordern.<\/li>\n<li class=\"whitespace-normal\"><strong>Thermisches Spritzen<\/strong>\u00a0- Drahtbogenspritzen zur Herstellung von Schutzschichten mit m\u00e4\u00dfiger Verschlei\u00df- und Korrosionsbest\u00e4ndigkeit.<\/li>\n<li class=\"whitespace-normal\"><strong>Schwei\u00dfzusatzwerkstoff<\/strong>\u00a0- Wird als F\u00fclldraht verwendet und bietet eine \u00e4hnliche Schwei\u00dffestigkeit wie das Grundmetall.<\/li>\n<li class=\"whitespace-normal\"><strong>Pigmente<\/strong>\u00a0- Wird Farben und Beschichtungen zugesetzt, um Glanz und Korrosionsschutz zu gew\u00e4hrleisten.<\/li>\n<\/ul>\n<h2>Spezifikationen von Al 3103-Pulver<\/h2>\n<p class=\"whitespace-pre-wrap\">Al 3103-Pulver ist in verschiedenen Gr\u00f6\u00dfen, Formen, Reinheitsgraden und Qualit\u00e4ten erh\u00e4ltlich:<\/p>\n<ul class=\"list-disc pl-8 space-y-2\">\n<li class=\"whitespace-normal\"><strong>Partikelgr\u00f6\u00dfe:<\/strong>\u00a0Von 10-150 Mikrometer f\u00fcr AM-Verfahren, bis zu 300 Mikrometer f\u00fcr thermische Spritzverfahren.<\/li>\n<li class=\"whitespace-normal\"><strong>Morphologie:<\/strong>\u00a0Sph\u00e4rische, k\u00f6rnige, dendritische und unregelm\u00e4\u00dfig geformte Partikel. Glattes Pulver flie\u00dft besser.<\/li>\n<li class=\"whitespace-normal\"><strong>Reinheit:<\/strong>\u00a0Von handels\u00fcblichen bis zu hochreinen (99,8%) Qualit\u00e4ten, die auf die jeweilige Anwendung zugeschnitten sind.<\/li>\n<li class=\"whitespace-normal\"><strong>Noten:<\/strong>\u00a0Konform mit ASTM B209, EN 573, ISO-Spezifikationen. Kundenspezifische Qualit\u00e4ten werden angeboten.<\/li>\n<li class=\"whitespace-normal\"><strong>Flie\u00dff\u00e4higkeit:<\/strong>\u00a0Hervorragende Pulverflussraten \u00fcber 25 s\/50g k\u00f6nnen kundenspezifisch angepasst werden.<\/li>\n<\/ul>\n<h2>Globale Lieferanten von Al 3103-Pulver<\/h2>\n<p class=\"whitespace-pre-wrap\">Einige der wichtigsten globalen Anbieter sind:<\/p>\n<ul class=\"list-disc pl-8 space-y-2\">\n<li class=\"whitespace-normal\">Valimet Inc. (USA)<\/li>\n<li class=\"whitespace-normal\">Makin Metal Powders (UK)<\/li>\n<li class=\"whitespace-normal\">Micron Metals (USA)<\/li>\n<li class=\"whitespace-normal\">Shanghai Chaowei Nanotechnology (China)<\/li>\n<li class=\"whitespace-normal\">Shandong Yamei Nanotechnology (China)<\/li>\n<li class=\"whitespace-normal\">CNPC-Pulver-Gruppe (China)<\/li>\n<li class=\"whitespace-normal\">Titan-Pulver (Russland)<\/li>\n<\/ul>\n<p class=\"whitespace-pre-wrap\">Diese Unternehmen stellen Al 3103-Pulver her, das sich f\u00fcr AM-, MIM-, thermisches Spritzen, Automobil-, Marine- und andere Anwendungen mit verschiedenen Methoden eignet.<\/p>\n<h2>Al 3103 Pulver Preisgestaltung<\/h2>\n<p class=\"whitespace-pre-wrap\">Die Preisgestaltung f\u00fcr Al 3103-Pulver h\u00e4ngt von mehreren Faktoren ab:<\/p>\n<ul class=\"list-disc pl-8 space-y-2\">\n<li class=\"whitespace-normal\">Reinheitsgrade<\/li>\n<li class=\"whitespace-normal\">Eigenschaften des Pulvers<\/li>\n<li class=\"whitespace-normal\">Produktionsverfahren<\/li>\n<li class=\"whitespace-normal\">Auftragsvolumen<\/li>\n<li class=\"whitespace-normal\">Anbieter und Standort<\/li>\n<\/ul>\n<table>\n<thead>\n<tr>\n<th>Klasse<\/th>\n<th>Preisspanne<\/th>\n<\/tr>\n<\/thead>\n<tbody>\n<tr>\n<td>Kommerziell<\/td>\n<td>$5-15 pro kg<\/td>\n<\/tr>\n<tr>\n<td>Hohe Reinheit<\/td>\n<td>$15-25 pro kg<\/td>\n<\/tr>\n<tr>\n<td>Ultrafeine<\/td>\n<td>$25-45 pro kg<\/td>\n<\/tr>\n<tr>\n<td>Besondere Note<\/td>\n<td>$45-90 pro kg<\/td>\n<\/tr>\n<\/tbody>\n<\/table>\n<p>&nbsp;<\/p>\n<p class=\"whitespace-pre-wrap\">Hochreine, kugelf\u00f6rmige Pulver mit kontrollierter Partikelgr\u00f6\u00dfe erzielen h\u00f6here Preise als handels\u00fcbliche Al 3103-Pulversorten.<\/p>\n<h2>Lagerung und Handhabung von Al 3103-Pulver<\/h2>\n<p class=\"whitespace-pre-wrap\">Al 3103-Pulver sollte ordnungsgem\u00e4\u00df gehandhabt und gelagert werden, um zu verhindern:<\/p>\n<ul class=\"list-disc pl-8 space-y-2\">\n<li class=\"whitespace-normal\">Oxidation und Reaktion mit Feuchtigkeit<\/li>\n<li class=\"whitespace-normal\">Staubexplosionsgefahren durch feines Pulver<\/li>\n<li class=\"whitespace-normal\">Gesundheitsprobleme durch Einatmen<\/li>\n<li class=\"whitespace-normal\">Die Sicherheitspraktiken aus dem Sicherheitsdatenblatt des Lieferanten sollten befolgt werden.<\/li>\n<\/ul>\n<p class=\"whitespace-pre-wrap\">Bei der Handhabung des Pulvers wird eine Inertgasabschirmung, ordnungsgem\u00e4\u00dfe Erdung, Bel\u00fcftung und PSA empfohlen.<\/p>\n<h2>Test- und Charakterisierungsmethoden<\/h2>\n<p class=\"whitespace-pre-wrap\">Zu den wichtigsten Pr\u00fcfverfahren f\u00fcr Al 3103-Pulver geh\u00f6ren:<\/p>\n<ul class=\"list-disc pl-8 space-y-2\">\n<li class=\"whitespace-normal\">Chemische Analyse mittels OES oder XRF f\u00fcr die Zusammensetzung<\/li>\n<li class=\"whitespace-normal\">Partikelgr\u00f6\u00dfenverteilung gem\u00e4\u00df ASTM B822 Standard<\/li>\n<li class=\"whitespace-normal\">Morphologische Analyse durch SEM<\/li>\n<li class=\"whitespace-normal\">Durchflussmenge des Pulvers gemessen mit dem Hall-Flow-Trichter<\/li>\n<li class=\"whitespace-normal\">Dichtebestimmung durch Helium-Pyknometrie<\/li>\n<li class=\"whitespace-normal\">Pr\u00fcfung auf Verunreinigungen mittels ICP-MS<\/li>\n<li class=\"whitespace-normal\">Gef\u00fcgeuntersuchung durch R\u00f6ntgenbeugung<\/li>\n<\/ul>\n<p class=\"whitespace-pre-wrap\">Diese Tests gew\u00e4hrleisten die Konsistenz der Chargen und die Einhaltung der Spezifikationen.<\/p>\n<h2>Vergleich zwischen den Pulvern Al 3103 und Al 3003<\/h2>\n<p class=\"whitespace-pre-wrap\">Al 3103 und Al 3003 sind zwei Aluminiumlegierungspulver im Vergleich:<\/p>\n<table>\n<thead>\n<tr>\n<th>Parameter<\/th>\n<th>Al 3103<\/th>\n<th>Al 3003<\/th>\n<\/tr>\n<\/thead>\n<tbody>\n<tr>\n<td>Legierungstyp<\/td>\n<td>Nicht hitzebehandelbar<\/td>\n<td>Nicht hitzebehandelbar<\/td>\n<\/tr>\n<tr>\n<td>Mn-Gehalt<\/td>\n<td>1.0-1.5%<\/td>\n<td>1.0-1.5%<\/td>\n<\/tr>\n<tr>\n<td>St\u00e4rke<\/td>\n<td>Etwas niedriger<\/td>\n<td>Etwas h\u00f6her<\/td>\n<\/tr>\n<tr>\n<td>Korrosionsbest\u00e4ndigkeit<\/td>\n<td>Ausgezeichnet<\/td>\n<td>Ausgezeichnet<\/td>\n<\/tr>\n<tr>\n<td>Schwei\u00dfeignung<\/td>\n<td>Ausgezeichnet<\/td>\n<td>Ausgezeichnet<\/td>\n<\/tr>\n<tr>\n<td>Kosten<\/td>\n<td>Unter<\/td>\n<td>H\u00f6her<\/td>\n<\/tr>\n<\/tbody>\n<\/table>\n<p>&nbsp;<\/p>\n<p class=\"whitespace-pre-wrap\">Al 3103 bietet eine bessere Umformbarkeit, w\u00e4hrend Al 3003 eine geringf\u00fcgig h\u00f6here Festigkeit aufweist. Beide bieten eine ausgezeichnete Korrosionsbest\u00e4ndigkeit.<\/p>\n<h2>FAQs zu Al 3103-Pulver<\/h2>\n<p class=\"whitespace-pre-wrap\"><strong>F: Wie wird Al 3103-Pulver hergestellt?<\/strong><\/p>\n<p class=\"whitespace-pre-wrap\">A: Al 3103-Pulver wird kommerziell durch Gasverd\u00fcsung, Wasserverd\u00fcsung und mechanisches Legieren mit anschlie\u00dfender Sinterung hergestellt. Die Gasverd\u00fcsung bietet die beste Kontrolle \u00fcber die Partikeleigenschaften.<\/p>\n<p class=\"whitespace-pre-wrap\"><strong>F: Was sind die Hauptanwendungen von Al 3103-Pulver?<\/strong><\/p>\n<p class=\"whitespace-pre-wrap\">A: Zu den wichtigsten Anwendungen von Al 3103-Pulver geh\u00f6ren die additive Fertigung, der Metallspritzguss, thermische Spritzschichten, pulvermetallurgische Teile, Pigmente und Schwei\u00dfzusatzdraht.<\/p>\n<p class=\"whitespace-pre-wrap\"><strong>F: Wie gro\u00df ist die typische Pulvergr\u00f6\u00dfe von Al 3103, die f\u00fcr das selektive Laserschmelzen verwendet wird?<\/strong><\/p>\n<p class=\"whitespace-pre-wrap\">A: F\u00fcr das SLM-Verfahren liegt die ideale Al 3103-Pulvergr\u00f6\u00dfe bei 20-45 Mikrometern mit kugelf\u00f6rmiger Morphologie, um eine gute Pulverbettdichte und Schmelzbadbildung zu erm\u00f6glichen.<\/p>\n<p class=\"whitespace-pre-wrap\"><strong>F: Sind bei der Handhabung von Al 3103-Pulver besondere Vorsichtsma\u00dfnahmen erforderlich?<\/strong><\/p>\n<p class=\"whitespace-pre-wrap\">A: Ja, es wird empfohlen, Aluminiumpulver vorsichtig unter inerter Atmosph\u00e4re zu handhaben und dabei eine ordnungsgem\u00e4\u00dfe Erdung, Bel\u00fcftung und PSA zu verwenden, um Brand- oder Explosionsgefahren zu vermeiden.<\/p>\n<p class=\"whitespace-pre-wrap\"><strong>F: Wo kann ich Al 3103-Pulver kaufen, das f\u00fcr Schiffsanwendungen geeignet ist?<\/strong><\/p>\n<p class=\"whitespace-pre-wrap\">A: Al 3103-Pulver mit hoher Korrosionsbest\u00e4ndigkeit, das auf Meeresumgebungen zugeschnitten ist, kann von f\u00fchrenden Herstellern wie Valimet, Makin Metal Powders und Micron Metals bezogen werden.<\/p>","protected":false},"excerpt":{"rendered":"<p>Al 3103-Pulver ist eine Aluminiumlegierung, die sich durch hervorragende mechanische Eigenschaften, Korrosionsbest\u00e4ndigkeit und W\u00e4rmeleitf\u00e4higkeit auszeichnet. Es geh\u00f6rt zur 3xxx-Serie von Aluminiumlegierungen, die f\u00fcr ihre moderate Festigkeit und au\u00dfergew\u00f6hnliche Formbarkeit bekannt sind. Die Pulverform erm\u00f6glicht eine einfachere Handhabung, Verarbeitung und Fertigung, wodurch es sich f\u00fcr verschiedene industrielle Anwendungen eignet.<\/p>","protected":false},"featured_media":1376,"comment_status":"open","ping_status":"closed","template":"","meta":[],"product_brand":[],"product_cat":[31,43],"product_tag":[],"class_list":{"0":"post-1465","1":"product","2":"type-product","3":"status-publish","4":"has-post-thumbnail","6":"product_cat-3d-printing-metal-powder","7":"product_cat-aluminum-based-alloy-powder","9":"first","10":"instock","11":"shipping-taxable","12":"product-type-simple"},"_links":{"self":[{"href":"https:\/\/met3dp.sg\/de\/wp-json\/wp\/v2\/product\/1465","targetHints":{"allow":["GET"]}}],"collection":[{"href":"https:\/\/met3dp.sg\/de\/wp-json\/wp\/v2\/product"}],"about":[{"href":"https:\/\/met3dp.sg\/de\/wp-json\/wp\/v2\/types\/product"}],"replies":[{"embeddable":true,"href":"https:\/\/met3dp.sg\/de\/wp-json\/wp\/v2\/comments?post=1465"}],"wp:featuredmedia":[{"embeddable":true,"href":"https:\/\/met3dp.sg\/de\/wp-json\/wp\/v2\/media\/1376"}],"wp:attachment":[{"href":"https:\/\/met3dp.sg\/de\/wp-json\/wp\/v2\/media?parent=1465"}],"wp:term":[{"taxonomy":"product_brand","embeddable":true,"href":"https:\/\/met3dp.sg\/de\/wp-json\/wp\/v2\/product_brand?post=1465"},{"taxonomy":"product_cat","embeddable":true,"href":"https:\/\/met3dp.sg\/de\/wp-json\/wp\/v2\/product_cat?post=1465"},{"taxonomy":"product_tag","embeddable":true,"href":"https:\/\/met3dp.sg\/de\/wp-json\/wp\/v2\/product_tag?post=1465"}],"curies":[{"name":"wp","href":"https:\/\/api.w.org\/{rel}","templated":true}]}}