{"id":1463,"date":"2023-09-07T02:04:50","date_gmt":"2023-09-07T02:04:50","guid":{"rendered":"https:\/\/site3.easyceotech.com\/product\/al-7075-powder\/"},"modified":"2023-10-18T11:49:59","modified_gmt":"2023-10-18T11:49:59","slug":"al-7075-powder","status":"publish","type":"product","link":"https:\/\/met3dp.sg\/de\/product\/al-7075-powder\/","title":{"rendered":"Al 7075 Pulver"},"content":{"rendered":"<h2>\u00dcberblick \u00fcber Al 7075-Pulver<\/h2>\n<p class=\"whitespace-pre-wrap\">Al 7075 ist eine der h\u00f6chstfesten Aluminiumlegierungen der Serie 7000 und bietet eine h\u00f6here Festigkeit als viele St\u00e4hle. Zink ist der wichtigste Legierungszusatz, w\u00e4hrend Magnesium die Festigkeit durch Ausscheidungsh\u00e4rtung verleiht.<\/p>\n<p class=\"whitespace-pre-wrap\">Zu den wichtigsten Eigenschaften von Al 7075-Pulver geh\u00f6ren:<\/p>\n<ul class=\"list-disc pl-8 space-y-2\">\n<li class=\"whitespace-normal\">Au\u00dfergew\u00f6hnlich hohe Zugfestigkeit und Streckgrenze<\/li>\n<li class=\"whitespace-normal\">Hohe H\u00e4rte und gute Erm\u00fcdungsfestigkeit<\/li>\n<li class=\"whitespace-normal\">Gute Z\u00e4higkeit und m\u00e4\u00dfige Duktilit\u00e4t<\/li>\n<li class=\"whitespace-normal\">Hervorragende Verarbeitungseigenschaften<\/li>\n<li class=\"whitespace-normal\">Hohe Korrosionsbest\u00e4ndigkeit<\/li>\n<li class=\"whitespace-normal\">Erh\u00e4ltlich in einer Reihe von Pulvergr\u00f6\u00dfen und -formen<\/li>\n<\/ul>\n<p class=\"whitespace-pre-wrap\">Al 7075-Pulver ist ideal f\u00fcr Hochleistungskomponenten in der Luft- und Raumfahrt und im Verteidigungsbereich, die eine optimale Kombination aus Festigkeit, H\u00e4rte, Erm\u00fcdungsbest\u00e4ndigkeit und m\u00e4\u00dfiger Schwei\u00dfbarkeit erfordern.<\/p>\n<h2>Chemische Zusammensetzung von Al 7075-Pulver<\/h2>\n<p class=\"whitespace-pre-wrap\">Die typische chemische Zusammensetzung von Al 7075-Pulver ist:<\/p>\n<table>\n<thead>\n<tr>\n<th>Element<\/th>\n<th>Gewicht %<\/th>\n<\/tr>\n<\/thead>\n<tbody>\n<tr>\n<td>Aluminium (Al)<\/td>\n<td>87.1-91.4%<\/td>\n<\/tr>\n<tr>\n<td>Zink (Zn)<\/td>\n<td>5.1-6.1%<\/td>\n<\/tr>\n<tr>\n<td>Magnesium (Mg)<\/td>\n<td>2.1-2.9%<\/td>\n<\/tr>\n<tr>\n<td>Kupfer (Cu)<\/td>\n<td>1.2-2.0%<\/td>\n<\/tr>\n<tr>\n<td>Eisen (Fe)<\/td>\n<td>0-0.5%<\/td>\n<\/tr>\n<tr>\n<td>Silizium (Si)<\/td>\n<td>0-0.4%<\/td>\n<\/tr>\n<tr>\n<td>Mangan (Mn)<\/td>\n<td>0-0.3%<\/td>\n<\/tr>\n<tr>\n<td>Chrom (Cr)<\/td>\n<td>0.18-0.28%<\/td>\n<\/tr>\n<tr>\n<td>Titan (Ti)<\/td>\n<td>0-0.2%<\/td>\n<\/tr>\n<\/tbody>\n<\/table>\n<p><img fetchpriority=\"high\" decoding=\"async\" class=\"size-medium wp-image-1409 aligncenter\" src=\"https:\/\/met3dp.sg\/wp-content\/uploads\/2023\/09\/ed7a94ec-3c10-4b1b-87ed--300x300.jpg\" alt=\"Al 7075 Pulver\" width=\"300\" height=\"300\" title=\"\" srcset=\"https:\/\/met3dp.sg\/wp-content\/uploads\/2023\/09\/ed7a94ec-3c10-4b1b-87ed--300x300.jpg 300w, https:\/\/met3dp.sg\/wp-content\/uploads\/2023\/09\/ed7a94ec-3c10-4b1b-87ed--100x100.jpg 100w, https:\/\/met3dp.sg\/wp-content\/uploads\/2023\/09\/ed7a94ec-3c10-4b1b-87ed--150x150.jpg 150w, https:\/\/met3dp.sg\/wp-content\/uploads\/2023\/09\/ed7a94ec-3c10-4b1b-87ed-.jpg 600w\" sizes=\"(max-width: 300px) 100vw, 300px\" \/><\/p>\n<p class=\"whitespace-pre-wrap\">Zink ist das wichtigste Legierungselement, w\u00e4hrend Magnesium und Kupfer die Festigkeit durch Ausscheidungsh\u00e4rtung erh\u00f6hen. Spurenelemente wie Eisen, Mangan und Chrom haben geringere Auswirkungen.<\/p>\n<h2>Eigenschaften von Al 7075-Pulver<\/h2>\n<p class=\"whitespace-pre-wrap\">Zu den wichtigsten Eigenschaften von Al 7075-Pulver geh\u00f6ren:<\/p>\n<table>\n<thead>\n<tr>\n<th>Eigentum<\/th>\n<th>Wert<\/th>\n<\/tr>\n<\/thead>\n<tbody>\n<tr>\n<td>Dichte<\/td>\n<td>2,81 g\/cm3<\/td>\n<\/tr>\n<tr>\n<td>Schmelzpunkt<\/td>\n<td>477-635\u00b0C<\/td>\n<\/tr>\n<tr>\n<td>W\u00e4rmeleitf\u00e4higkeit<\/td>\n<td>130-210 W\/mK<\/td>\n<\/tr>\n<tr>\n<td>Elektrische Leitf\u00e4higkeit<\/td>\n<td>22-30% IACS<\/td>\n<\/tr>\n<tr>\n<td>Elastizit\u00e4tsmodul<\/td>\n<td>71-72 GPa<\/td>\n<\/tr>\n<tr>\n<td>Querkontraktionszahl<\/td>\n<td>0.33<\/td>\n<\/tr>\n<tr>\n<td>Zugfestigkeit<\/td>\n<td>570-635 MPa<\/td>\n<\/tr>\n<tr>\n<td>Streckgrenze<\/td>\n<td>505-570 MPa<\/td>\n<\/tr>\n<tr>\n<td>Dehnung<\/td>\n<td>7-10%<\/td>\n<\/tr>\n<tr>\n<td>H\u00e4rte<\/td>\n<td>150-190 Brinell<\/td>\n<\/tr>\n<\/tbody>\n<\/table>\n<p>&nbsp;<\/p>\n<p class=\"whitespace-pre-wrap\">Die Zinkzus\u00e4tze f\u00fchren zu einer extrem hohen Festigkeit und H\u00e4rte bei gleichzeitig angemessener Duktilit\u00e4t und Z\u00e4higkeit. Die Legierung hat ausgezeichnete Oberfl\u00e4cheneigenschaften.<\/p>\n<h2>Herstellungsverfahren f\u00fcr Al 7075-Pulver<\/h2>\n<p class=\"whitespace-pre-wrap\">Zu den kommerziellen Produktionsmethoden f\u00fcr Al 7075-Pulver geh\u00f6ren:<\/p>\n<ul class=\"list-disc pl-8 space-y-2\">\n<li class=\"whitespace-normal\"><strong>Gaszerst\u00e4ubung<\/strong>\u00a0- Geschmolzener Legierungsstrom, der durch Inertgasd\u00fcsen in feine kugelf\u00f6rmige Pulverteilchen mit kontrollierter Gr\u00f6\u00dfenverteilung zerf\u00e4llt.<\/li>\n<li class=\"whitespace-normal\"><strong>Wasserzerst\u00e4ubung<\/strong>\u00a0- Hochdruckwasserstrahl zur Herstellung feiner Al 7075-Pulver mit unregelm\u00e4\u00dfiger Form. Geringere Kosten, aber h\u00f6here Sauerstoffaufnahme.<\/li>\n<li class=\"whitespace-normal\"><strong>Mechanisches Legieren<\/strong>\u00a0- Kugelmahlen einer Mischung aus Aluminium- und Legierungspulver, gefolgt von Kaltverdichtung und Sintern.<\/li>\n<\/ul>\n<p class=\"whitespace-pre-wrap\">Die Gaszerst\u00e4ubung bietet eine hervorragende Kontrolle \u00fcber Pulvereigenschaften wie Partikelgr\u00f6\u00dfe, Form und Mikrostruktur.<\/p>\n<h2>Anwendungen von Al 7075-Pulver<\/h2>\n<p class=\"whitespace-pre-wrap\">Zu den \u00fcblichen Anwendungen von Al 7075-Pulver geh\u00f6ren:<\/p>\n<ul class=\"list-disc pl-8 space-y-2\">\n<li class=\"whitespace-normal\"><strong>Additive Fertigung<\/strong>\u00a0- Einsatz beim selektiven Laserschmelzen und direkten Metallsintern zur Herstellung komplexer, leichter Teile f\u00fcr die Luft- und Raumfahrt und das Verteidigungswesen.<\/li>\n<li class=\"whitespace-normal\"><strong>Metall-Spritzgie\u00dfen<\/strong>\u00a0- Zur Herstellung kleiner, komplizierter Bauteile mit hoher Festigkeit und m\u00e4\u00dfiger Korrosionsbest\u00e4ndigkeit.<\/li>\n<li class=\"whitespace-normal\"><strong>Pulvermetallurgie<\/strong>\u00a0- Press- und Sinterverfahren zur Herstellung von Hochleistungsteilen f\u00fcr die Automobilindustrie und f\u00fcr den Maschinenbau.<\/li>\n<li class=\"whitespace-normal\"><strong>Thermisches Spritzen<\/strong>\u00a0- Drahtbogenspritzen zur Abscheidung sehr harter und verschlei\u00dffester Al 7075-Schichten.<\/li>\n<li class=\"whitespace-normal\"><strong>Pyrotechnik<\/strong>\u00a0- Wird aufgrund seiner hohen Reaktivit\u00e4t als Brennstoffbestandteil in pyrotechnischen Zusammensetzungen verwendet.<\/li>\n<li class=\"whitespace-normal\"><strong>Schwei\u00dfzusatzwerkstoff<\/strong>\u00a0- Wird als Schwei\u00dfzusatzdraht verwendet, der eine hohe Schwei\u00dfnahtfestigkeit, aber nur eine begrenzte Schwei\u00dfbarkeit bietet.<\/li>\n<\/ul>\n<h2>Spezifikationen von Al 7075-Pulver<\/h2>\n<p class=\"whitespace-pre-wrap\">Al 7075-Pulver ist in verschiedenen Gr\u00f6\u00dfenbereichen, Formen, Qualit\u00e4ten und Reinheitsgraden erh\u00e4ltlich:<\/p>\n<ul class=\"list-disc pl-8 space-y-2\">\n<li class=\"whitespace-normal\"><strong>Partikelgr\u00f6\u00dfe:<\/strong>\u00a0Von 10-45 Mikron f\u00fcr AM-Verfahren, bis zu 120 Mikron f\u00fcr thermische Spritzverfahren.<\/li>\n<li class=\"whitespace-normal\"><strong>Morphologie:<\/strong>\u00a0Sph\u00e4rische, unregelm\u00e4\u00dfige und gemischte Partikelformen. Glattes kugelf\u00f6rmiges Pulver hat eine bessere Flie\u00dff\u00e4higkeit.<\/li>\n<li class=\"whitespace-normal\"><strong>Reinheit:<\/strong>\u00a0Von handels\u00fcblichen bis hin zu hochreinen Sorten, die auf die jeweilige Anwendung zugeschnitten sind.<\/li>\n<li class=\"whitespace-normal\"><strong>Noten:<\/strong>\u00a0Konform mit ASTM B951, AMS 4045, AMS 4282, EN 573-3 und anderen gleichwertigen Normen.<\/li>\n<li class=\"whitespace-normal\"><strong>Sauerstoffgehalt:<\/strong>\u00a0Schwankt je nach Herstellungsverfahren zwischen 500-1500 ppm. Niedriger ist besser.<\/li>\n<\/ul>\n<h2>Globale Lieferanten von Al 7075-Pulver<\/h2>\n<p class=\"whitespace-pre-wrap\">Einige der wichtigsten Anbieter weltweit sind:<\/p>\n<ul class=\"list-disc pl-8 space-y-2\">\n<li class=\"whitespace-normal\">Sandvik Osprey (UK)<\/li>\n<li class=\"whitespace-normal\">TLS Technik (Deutschland)<\/li>\n<li class=\"whitespace-normal\">Valimet Inc. (USA)<\/li>\n<li class=\"whitespace-normal\">CNPC-Pulver (China)<\/li>\n<li class=\"whitespace-normal\">Makin Metal Powders (UK)<\/li>\n<li class=\"whitespace-normal\">PyroGenesis Kanada<\/li>\n<li class=\"whitespace-normal\">Metallpulver-Unternehmen (USA)<\/li>\n<\/ul>\n<p class=\"whitespace-pre-wrap\">Diese Unternehmen stellen Al 7075-Pulver f\u00fcr verschiedene Anwendungen in unterschiedlichen Herstellungsverfahren her.<\/p>\n<h2>Al 7075 Pulver Preisgestaltung<\/h2>\n<p class=\"whitespace-pre-wrap\">Die Preisgestaltung von Al 7075-Pulver h\u00e4ngt von Faktoren wie ab:<\/p>\n<ul class=\"list-disc pl-8 space-y-2\">\n<li class=\"whitespace-normal\">Reinheitsgrade<\/li>\n<li class=\"whitespace-normal\">Partikeleigenschaften<\/li>\n<li class=\"whitespace-normal\">Verfahren zur Herstellung des Pulvers<\/li>\n<li class=\"whitespace-normal\">Bestellmenge<\/li>\n<li class=\"whitespace-normal\">Lieferant und geografischer Standort<\/li>\n<\/ul>\n<table>\n<thead>\n<tr>\n<th>Klasse<\/th>\n<th>Preisspanne<\/th>\n<\/tr>\n<\/thead>\n<tbody>\n<tr>\n<td>Kommerziell<\/td>\n<td>$10-20 pro kg<\/td>\n<\/tr>\n<tr>\n<td>Hohe Reinheit<\/td>\n<td>$20-40 pro kg<\/td>\n<\/tr>\n<tr>\n<td>Ultrafeine<\/td>\n<td>$40-80 pro kg<\/td>\n<\/tr>\n<tr>\n<td>Besondere Note<\/td>\n<td>$80-150 pro kg<\/td>\n<\/tr>\n<\/tbody>\n<\/table>\n<p>&nbsp;<\/p>\n<p class=\"whitespace-pre-wrap\">Gasverd\u00fcstes Pulver mit kontrollierter Partikelgr\u00f6\u00dfe und hohem Reinheitsgrad ist wesentlich teurer als einfaches handels\u00fcbliches Al 7075-Pulver.<\/p>\n<h2>Lagerung und Handhabung von Al 7075-Pulver<\/h2>\n<p class=\"whitespace-pre-wrap\">Al 7075 reaktives Legierungspulver muss mit Vorsicht gehandhabt werden, um zu verhindern:<\/p>\n<ul class=\"list-disc pl-8 space-y-2\">\n<li class=\"whitespace-normal\">Oxidation und Reaktion mit Feuchtigkeit<\/li>\n<li class=\"whitespace-normal\">Staubexplosionsgefahren durch feines Pulver<\/li>\n<li class=\"whitespace-normal\">Inhalationsbedingte Gesundheitsprobleme<\/li>\n<li class=\"whitespace-normal\">Die vom Lieferanten empfohlenen Sicherheitspraktiken sollten befolgt werden.<\/li>\n<\/ul>\n<p class=\"whitespace-pre-wrap\">F\u00fcr eine sichere Handhabung sollten Inertgasabschirmung, ordnungsgem\u00e4\u00dfe Erdung, Bel\u00fcftung und PSA verwendet werden.<\/p>\n<h2>Test- und Charakterisierungsmethoden<\/h2>\n<p class=\"whitespace-pre-wrap\">Zu den wichtigsten Pr\u00fcfverfahren f\u00fcr Al 7075-Pulver geh\u00f6ren:<\/p>\n<ul class=\"list-disc pl-8 space-y-2\">\n<li class=\"whitespace-normal\">Analyse der chemischen Zusammensetzung mittels OES oder XRF<\/li>\n<li class=\"whitespace-normal\">Partikelgr\u00f6\u00dfenverteilung gem\u00e4\u00df ASTM B822 Standard<\/li>\n<li class=\"whitespace-normal\">Morphologische Analyse durch SEM<\/li>\n<li class=\"whitespace-normal\">Pulverdurchsatz mit Hall-Durchflussmesser<\/li>\n<li class=\"whitespace-normal\">Dichtemessung durch Helium-Pyknometrie<\/li>\n<li class=\"whitespace-normal\">Pr\u00fcfung von Verunreinigungen mittels ICP-MS<\/li>\n<li class=\"whitespace-normal\">Gef\u00fcgeuntersuchung durch R\u00f6ntgenbeugung<\/li>\n<\/ul>\n<p class=\"whitespace-pre-wrap\">Diese Tests gew\u00e4hrleisten, dass das Pulver die f\u00fcr die jeweilige Anwendung erforderlichen chemischen, physikalischen und mikrostrukturellen Eigenschaften aufweist.<\/p>\n<h2>Vergleich zwischen Al 7075- und Al 6061-Pulver<\/h2>\n<p class=\"whitespace-pre-wrap\">Al 7075 und Al 6061 sind zwei Aluminiumlegierungspulver im Vergleich:<\/p>\n<table>\n<thead>\n<tr>\n<th>Parameter<\/th>\n<th>Al 7075<\/th>\n<th>Al 6061<\/th>\n<\/tr>\n<\/thead>\n<tbody>\n<tr>\n<td>Legierungstyp<\/td>\n<td>W\u00e4rmebehandelbar<\/td>\n<td>W\u00e4rmebehandelbar<\/td>\n<\/tr>\n<tr>\n<td>Zn-Gehalt<\/td>\n<td>5.1-6.1%<\/td>\n<td>0%<\/td>\n<\/tr>\n<tr>\n<td>Mg-Gehalt<\/td>\n<td>2.1-2.9%<\/td>\n<td>0.8-1.2%<\/td>\n<\/tr>\n<tr>\n<td>St\u00e4rke<\/td>\n<td>Viel h\u00f6her<\/td>\n<td>M\u00e4\u00dfig<\/td>\n<\/tr>\n<tr>\n<td>Bearbeitbarkeit<\/td>\n<td>Schlecht<\/td>\n<td>Ausgezeichnet<\/td>\n<\/tr>\n<tr>\n<td>Schwei\u00dfeignung<\/td>\n<td>Schlecht<\/td>\n<td>Sehr gut<\/td>\n<\/tr>\n<tr>\n<td>Korrosionsbest\u00e4ndigkeit<\/td>\n<td>M\u00e4\u00dfig<\/td>\n<td>Ausgezeichnet<\/td>\n<\/tr>\n<tr>\n<td>Kosten<\/td>\n<td>H\u00f6her<\/td>\n<td>Unter<\/td>\n<\/tr>\n<\/tbody>\n<\/table>\n<p>&nbsp;<\/p>\n<p class=\"whitespace-pre-wrap\">Al 7075 bietet eine sehr hohe Festigkeit, w\u00e4hrend Al 6061 eine bessere Korrosionsbest\u00e4ndigkeit, Schwei\u00dfbarkeit und Bearbeitbarkeit zu geringeren Kosten bietet.<\/p>\n<h2>FAQs zu Al 7075-Pulver<\/h2>\n<p class=\"whitespace-pre-wrap\"><strong>F: Wie wird Al 7075-Pulver hergestellt?<\/strong><\/p>\n<p class=\"whitespace-pre-wrap\">A: Al 7075-Pulver wird kommerziell durch Gaszerst\u00e4ubung, Wasserzerst\u00e4ubung, mechanisches Legieren und Elektrolyseverfahren hergestellt. Die Gasverd\u00fcsung bietet die beste Kontrolle \u00fcber die Partikeleigenschaften.<\/p>\n<p class=\"whitespace-pre-wrap\"><strong>F: Was sind die wichtigsten Anwendungen f\u00fcr Al 7075-Pulver?<\/strong><\/p>\n<p class=\"whitespace-pre-wrap\">A: Die wichtigsten Anwendungen f\u00fcr Al 7075 sind die additive Fertigung, thermische Spritzbeschichtungen, die Herstellung von pulvermetallurgischen Teilen, Metallspritzguss und pyrotechnische Zusammensetzungen, die eine au\u00dfergew\u00f6hnlich hohe Festigkeit erfordern.<\/p>\n<p class=\"whitespace-pre-wrap\"><strong>F: Was ist die empfohlene Partikelgr\u00f6\u00dfe f\u00fcr Al 7075-Pulver in AM?<\/strong><\/p>\n<p class=\"whitespace-pre-wrap\">A: F\u00fcr die meisten Metall-3D-Druckverfahren liegt der ideale Partikelgr\u00f6\u00dfenbereich f\u00fcr Al 7075 bei 15-45 Mikrometern mit kugelf\u00f6rmiger Morphologie und guter Flie\u00dff\u00e4higkeit des Pulvers.<\/p>\n<p class=\"whitespace-pre-wrap\"><strong>F: Sind bei der Handhabung von Al 7075-Pulver besondere Vorsichtsma\u00dfnahmen erforderlich?<\/strong><\/p>\n<p class=\"whitespace-pre-wrap\">A: Ja, es wird empfohlen, reaktive Aluminiumlegierungspulver vorsichtig unter inerter Atmosph\u00e4re zu handhaben und dabei eine angemessene Erdung, Bel\u00fcftung und PSA zu verwenden.<\/p>\n<p class=\"whitespace-pre-wrap\"><strong>F: Wo kann ich ultrafeines Al 7075-Pulver kaufen, das f\u00fcr Bauteile in der Luft- und Raumfahrt geeignet ist?<\/strong><\/p>\n<p class=\"whitespace-pre-wrap\">A: Hochreine, gasverd\u00fcste ultrafeine Al 7075-Pulver, die den Anforderungen der Luft- und Raumfahrt entsprechen, k\u00f6nnen von f\u00fchrenden Anbietern wie Sandvik Osprey, TLS Technik und Valimet Inc. bezogen werden.<\/p>","protected":false},"excerpt":{"rendered":"<p>Al 7075-Pulver ist eine hochfeste Aluminiumlegierung, die haupts\u00e4chlich aus Aluminium, Zink, Kupfer und geringen Mengen an Magnesium und Chrom besteht. Sie ist f\u00fcr ihre beeindruckenden mechanischen Eigenschaften bekannt und damit die ideale Wahl f\u00fcr Anwendungen, die Festigkeit, Haltbarkeit und geringes Gewicht erfordern. Al 7075-Pulver wird in der Regel durch einen Zerst\u00e4ubungsprozess hergestellt, bei dem geschmolzenes Aluminium verspr\u00fcht und zu feinen Pulverpartikeln verfestigt wird.<\/p>","protected":false},"featured_media":1378,"comment_status":"open","ping_status":"closed","template":"","meta":[],"product_brand":[],"product_cat":[31,43],"product_tag":[],"class_list":{"0":"post-1463","1":"product","2":"type-product","3":"status-publish","4":"has-post-thumbnail","6":"product_cat-3d-printing-metal-powder","7":"product_cat-aluminum-based-alloy-powder","9":"first","10":"instock","11":"shipping-taxable","12":"product-type-simple"},"_links":{"self":[{"href":"https:\/\/met3dp.sg\/de\/wp-json\/wp\/v2\/product\/1463","targetHints":{"allow":["GET"]}}],"collection":[{"href":"https:\/\/met3dp.sg\/de\/wp-json\/wp\/v2\/product"}],"about":[{"href":"https:\/\/met3dp.sg\/de\/wp-json\/wp\/v2\/types\/product"}],"replies":[{"embeddable":true,"href":"https:\/\/met3dp.sg\/de\/wp-json\/wp\/v2\/comments?post=1463"}],"wp:featuredmedia":[{"embeddable":true,"href":"https:\/\/met3dp.sg\/de\/wp-json\/wp\/v2\/media\/1378"}],"wp:attachment":[{"href":"https:\/\/met3dp.sg\/de\/wp-json\/wp\/v2\/media?parent=1463"}],"wp:term":[{"taxonomy":"product_brand","embeddable":true,"href":"https:\/\/met3dp.sg\/de\/wp-json\/wp\/v2\/product_brand?post=1463"},{"taxonomy":"product_cat","embeddable":true,"href":"https:\/\/met3dp.sg\/de\/wp-json\/wp\/v2\/product_cat?post=1463"},{"taxonomy":"product_tag","embeddable":true,"href":"https:\/\/met3dp.sg\/de\/wp-json\/wp\/v2\/product_tag?post=1463"}],"curies":[{"name":"wp","href":"https:\/\/api.w.org\/{rel}","templated":true}]}}