{"id":1462,"date":"2023-09-07T02:04:50","date_gmt":"2023-09-07T02:04:50","guid":{"rendered":"https:\/\/site3.easyceotech.com\/product\/al-6061-powder\/"},"modified":"2023-10-18T11:49:51","modified_gmt":"2023-10-18T11:49:51","slug":"al-6061-powder","status":"publish","type":"product","link":"https:\/\/met3dp.sg\/de\/product\/al-6061-powder\/","title":{"rendered":"Al 6061 Pulver"},"content":{"rendered":"<h2>\u00dcbersicht \u00fcber Al 6061-Pulver<\/h2>\n<p class=\"whitespace-pre-wrap\">Al 6061 ist eine der vielseitigsten w\u00e4rmebehandelbaren Aluminiumlegierungen. Zus\u00e4tze von Magnesium und Silizium erm\u00f6glichen eine Verfestigung durch Ausscheidungsh\u00e4rtung. Die Legierung erfreut sich aufgrund ihrer hervorragenden Korrosionsbest\u00e4ndigkeit, Bearbeitbarkeit, Schwei\u00dfbarkeit und mittleren bis hohen Festigkeit gro\u00dfer Beliebtheit.<\/p>\n<p class=\"whitespace-pre-wrap\">Zu den Hauptmerkmalen von Al 6061-Pulver geh\u00f6ren:<\/p>\n<ul class=\"list-disc pl-8 space-y-2\">\n<li class=\"whitespace-normal\">Mittlere bis hohe Festigkeit mit ausgezeichneter Duktilit\u00e4t und Z\u00e4higkeit<\/li>\n<li class=\"whitespace-normal\">Hervorragende Korrosionsbest\u00e4ndigkeit und Verarbeitbarkeit<\/li>\n<li class=\"whitespace-normal\">Sehr gute Schwei\u00df- und Bearbeitbarkeit<\/li>\n<li class=\"whitespace-normal\">Hohe thermische und elektrische Leitf\u00e4higkeit<\/li>\n<li class=\"whitespace-normal\">Geringe Dichte<\/li>\n<li class=\"whitespace-normal\">Erh\u00e4ltlich in einer Vielzahl von Pulvergr\u00f6\u00dfen und -formen<\/li>\n<\/ul>\n<p class=\"whitespace-pre-wrap\">Al 6061-Pulver wird h\u00e4ufig f\u00fcr Anwendungen in der Luft- und Raumfahrt, der Schifffahrt, der Automobilindustrie, im Baugewerbe und im allgemeinen Maschinenbau eingesetzt, bei denen geringes Gewicht und gute mechanische Eigenschaften erforderlich sind.<\/p>\n<h2>Chemische Zusammensetzung von Al 6061-Pulver<\/h2>\n<p class=\"whitespace-pre-wrap\">Die typische chemische Zusammensetzung von Al 6061-Pulver ist:<\/p>\n<table>\n<thead>\n<tr>\n<th>Element<\/th>\n<th>Gewicht %<\/th>\n<\/tr>\n<\/thead>\n<tbody>\n<tr>\n<td>Aluminium (Al)<\/td>\n<td>Bilanz<\/td>\n<\/tr>\n<tr>\n<td>Silizium (Si)<\/td>\n<td>0.4-0.8%<\/td>\n<\/tr>\n<tr>\n<td>Eisen (Fe)<\/td>\n<td>0-0.7%<\/td>\n<\/tr>\n<tr>\n<td>Kupfer (Cu)<\/td>\n<td>0.15-0.4%<\/td>\n<\/tr>\n<tr>\n<td>Mangan (Mn)<\/td>\n<td>0-0.15%<\/td>\n<\/tr>\n<tr>\n<td>Magnesium (Mg)<\/td>\n<td>0.8-1.2%<\/td>\n<\/tr>\n<tr>\n<td>Chrom (Cr)<\/td>\n<td>0.04-0.35%<\/td>\n<\/tr>\n<tr>\n<td>Zink (Zn)<\/td>\n<td>0-0.25%<\/td>\n<\/tr>\n<tr>\n<td>Titan (Ti)<\/td>\n<td>0-0.15%<\/td>\n<\/tr>\n<\/tbody>\n<\/table>\n<p><img fetchpriority=\"high\" decoding=\"async\" class=\"size-medium wp-image-1409 aligncenter\" src=\"https:\/\/met3dp.sg\/wp-content\/uploads\/2023\/09\/ed7a94ec-3c10-4b1b-87ed--300x300.jpg\" alt=\"Al 6061 Pulver\" width=\"300\" height=\"300\" title=\"\" srcset=\"https:\/\/met3dp.sg\/wp-content\/uploads\/2023\/09\/ed7a94ec-3c10-4b1b-87ed--300x300.jpg 300w, https:\/\/met3dp.sg\/wp-content\/uploads\/2023\/09\/ed7a94ec-3c10-4b1b-87ed--100x100.jpg 100w, https:\/\/met3dp.sg\/wp-content\/uploads\/2023\/09\/ed7a94ec-3c10-4b1b-87ed--150x150.jpg 150w, https:\/\/met3dp.sg\/wp-content\/uploads\/2023\/09\/ed7a94ec-3c10-4b1b-87ed-.jpg 600w\" sizes=\"(max-width: 300px) 100vw, 300px\" \/><\/p>\n<p class=\"whitespace-pre-wrap\">Magnesium und Silizium sind die wichtigsten Legierungselemente. Auch Spuren von Eisen, Kupfer, Mangan und Chrom haben geringf\u00fcgige Auswirkungen auf die Legierungseigenschaften.<\/p>\n<h2>Eigenschaften von Al 6061-Pulver<\/h2>\n<p class=\"whitespace-pre-wrap\">Zu den wichtigsten Eigenschaften von Al 6061-Pulver geh\u00f6ren:<\/p>\n<table>\n<thead>\n<tr>\n<th>Eigentum<\/th>\n<th>Wert<\/th>\n<\/tr>\n<\/thead>\n<tbody>\n<tr>\n<td>Dichte<\/td>\n<td>2,7 g\/cm3<\/td>\n<\/tr>\n<tr>\n<td>Schmelzpunkt<\/td>\n<td>582\u2013652 \u00b0C<\/td>\n<\/tr>\n<tr>\n<td>W\u00e4rmeleitf\u00e4higkeit<\/td>\n<td>167 W\/mK<\/td>\n<\/tr>\n<tr>\n<td>Elektrische Leitf\u00e4higkeit<\/td>\n<td>43-45% IACS<\/td>\n<\/tr>\n<tr>\n<td>Elastizit\u00e4tsmodul<\/td>\n<td>68-72 GPa<\/td>\n<\/tr>\n<tr>\n<td>Querkontraktionszahl<\/td>\n<td>0.33<\/td>\n<\/tr>\n<tr>\n<td>Zugfestigkeit<\/td>\n<td>124-290 MPa<\/td>\n<\/tr>\n<tr>\n<td>Streckgrenze<\/td>\n<td>55-250 MPa<\/td>\n<\/tr>\n<tr>\n<td>Dehnung<\/td>\n<td>10-25%<\/td>\n<\/tr>\n<tr>\n<td>H\u00e4rte<\/td>\n<td>40-95 Brinell<\/td>\n<\/tr>\n<\/tbody>\n<\/table>\n<p>&nbsp;<\/p>\n<p class=\"whitespace-pre-wrap\">Al 6061 bietet eine mittlere bis hohe Festigkeit, die durch W\u00e4rmebehandlung weiter verbessert werden kann. Es verf\u00fcgt \u00fcber eine ausgezeichnete Korrosionsbest\u00e4ndigkeit und Verarbeitbarkeit.<\/p>\n<h2>Produktionsmethode f\u00fcr Al 6061-Pulver<\/h2>\n<p class=\"whitespace-pre-wrap\">Zu den kommerziellen Produktionsmethoden f\u00fcr Al 6061-Pulver geh\u00f6ren:<\/p>\n<ul class=\"list-disc pl-8 space-y-2\">\n<li class=\"whitespace-normal\"><strong>Gaszerst\u00e4ubung<\/strong>\u00a0\u2013 Hochdruck-Inertgas zersetzt den geschmolzenen Legierungsstrom in feines kugelf\u00f6rmiges Pulver mit kontrollierter Gr\u00f6\u00dfenverteilung.<\/li>\n<li class=\"whitespace-normal\"><strong>Wasserzerst\u00e4ubung<\/strong>\u00a0\u2013 Ein Wasserstrahl mit hoher Geschwindigkeit trifft auf geschmolzenes Metall und zersetzt es, um feine, unregelm\u00e4\u00dfige Pulverpartikel zu erzeugen.<\/li>\n<li class=\"whitespace-normal\"><strong>Mechanisches Legieren<\/strong>\u00a0\u2013 Kugelmahlen einer Mischung aus Aluminium- und Legierungselementpulvern, gefolgt von Verdichten und Sintern.<\/li>\n<\/ul>\n<p class=\"whitespace-pre-wrap\">Die Gaszerst\u00e4ubung bietet eine bessere Kontrolle \u00fcber die Pulvereigenschaften.<\/p>\n<h2>Anwendungen von Al 6061-Pulver<\/h2>\n<p class=\"whitespace-pre-wrap\">Zu den typischen Anwendungen von Al 6061-Pulver geh\u00f6ren:<\/p>\n<ul class=\"list-disc pl-8 space-y-2\">\n<li class=\"whitespace-normal\"><strong>Additive Fertigung<\/strong>\u00a0\u2013 Wird beim selektiven Laserschmelzen, Elektronenstrahlschmelzen und Binder-Jetting zur Herstellung komplexer Bauteile eingesetzt.<\/li>\n<li class=\"whitespace-normal\"><strong>Metall-Spritzgie\u00dfen<\/strong>\u00a0\u2013 Zur Herstellung kleiner, komplizierter Teile mit engen Toleranzen und hervorragenden Eigenschaften.<\/li>\n<li class=\"whitespace-normal\"><strong>Pulvermetallurgie<\/strong>\u00a0\u2013 Press- und Sinterverfahren zur Herstellung leistungsstarker Automobil- und Mechanikteile.<\/li>\n<li class=\"whitespace-normal\"><strong>Thermisches Spritzen<\/strong>\u00a0\u2013 Drahtlichtbogenspritzen zur Abscheidung sch\u00fctzender Al 6061-Beschichtungen, die Verschlei\u00df- und Korrosionsbest\u00e4ndigkeit bieten.<\/li>\n<li class=\"whitespace-normal\"><strong>Schwei\u00dfzusatzwerkstoff<\/strong>\u00a0- Wird als F\u00fclldraht verwendet, um eine dem Grundwerkstoff \u00e4hnliche Schwei\u00dffestigkeit zu erzielen.<\/li>\n<li class=\"whitespace-normal\"><strong>Pigmente<\/strong>\u00a0\u2013 Wird Farben und Polymeren zugesetzt, um Glanz und Korrosionsschutz zu bieten.<\/li>\n<\/ul>\n<h2>Spezifikationen von Al 6061-Pulver<\/h2>\n<p class=\"whitespace-pre-wrap\">Al 6061-Pulver ist in verschiedenen Gr\u00f6\u00dfenbereichen, Formen, Qualit\u00e4ten und Reinheitsgraden erh\u00e4ltlich:<\/p>\n<ul class=\"list-disc pl-8 space-y-2\">\n<li class=\"whitespace-normal\"><strong>Partikelgr\u00f6\u00dfe:<\/strong>\u00a0Von 10-150 Mikrometer f\u00fcr AM-Verfahren, bis zu 300 Mikrometer f\u00fcr thermische Spritzverfahren.<\/li>\n<li class=\"whitespace-normal\"><strong>Morphologie:<\/strong>\u00a0Sph\u00e4rische, k\u00f6rnige, dendritische und unregelm\u00e4\u00dfig geformte Partikel. Glattes Pulver flie\u00dft besser.<\/li>\n<li class=\"whitespace-normal\"><strong>Reinheit:<\/strong>\u00a0Von kommerziell bis hochrein (99,91 TP3T), ma\u00dfgeschneidert auf die Anforderungen.<\/li>\n<li class=\"whitespace-normal\"><strong>Noten:<\/strong>\u00a0Entspricht den Spezifikationen ASTM B221, EN 573 und ISO 209. Kundenspezifische Qualit\u00e4ten werden angeboten.<\/li>\n<li class=\"whitespace-normal\"><strong>Flie\u00dff\u00e4higkeit:<\/strong>\u00a0Das Pulver kann je nach Anwendung f\u00fcr spezifische Durchflussraten angepasst werden.<\/li>\n<\/ul>\n<h2>Globale Lieferanten von Al 6061-Pulver<\/h2>\n<p class=\"whitespace-pre-wrap\">Einige der wichtigsten globalen Anbieter sind:<\/p>\n<ul class=\"list-disc pl-8 space-y-2\">\n<li class=\"whitespace-normal\">Valimet Inc. (USA)<\/li>\n<li class=\"whitespace-normal\">Makin Metal Powders (UK)<\/li>\n<li class=\"whitespace-normal\">Metallpulver-Unternehmen (USA)<\/li>\n<li class=\"whitespace-normal\">CNPC-Pulver-Gruppe (China)<\/li>\n<li class=\"whitespace-normal\">SCM Metallprodukte (USA)<\/li>\n<li class=\"whitespace-normal\">Shanghai Chaowei Nanotechnology (China)<\/li>\n<li class=\"whitespace-normal\">Titan-Pulver (Russland)<\/li>\n<\/ul>\n<p class=\"whitespace-pre-wrap\">Diese Unternehmen produzieren mit verschiedenen Methoden Al 6061-Pulver, das f\u00fcr AM, thermisches Spritzen, Luft- und Raumfahrt, Automobil und andere anspruchsvolle Anwendungen geeignet ist.<\/p>\n<h2>Preise f\u00fcr Al 6061-Pulver<\/h2>\n<p class=\"whitespace-pre-wrap\">Der Preis f\u00fcr Al 6061-Pulver h\u00e4ngt von mehreren Faktoren ab:<\/p>\n<ul class=\"list-disc pl-8 space-y-2\">\n<li class=\"whitespace-normal\">Reinheitsgrade<\/li>\n<li class=\"whitespace-normal\">Partikeleigenschaften<\/li>\n<li class=\"whitespace-normal\">Verfahren zur Herstellung des Pulvers<\/li>\n<li class=\"whitespace-normal\">Auftragsvolumen<\/li>\n<li class=\"whitespace-normal\">Lieferant und geografischer Standort<\/li>\n<\/ul>\n<table>\n<thead>\n<tr>\n<th>Klasse<\/th>\n<th>Preisspanne<\/th>\n<\/tr>\n<\/thead>\n<tbody>\n<tr>\n<td>Kommerziell<\/td>\n<td>$5-15 pro kg<\/td>\n<\/tr>\n<tr>\n<td>Hohe Reinheit<\/td>\n<td>$15-30 pro kg<\/td>\n<\/tr>\n<tr>\n<td>Ultrafeine<\/td>\n<td>$30-60 pro kg<\/td>\n<\/tr>\n<tr>\n<td>Besondere Note<\/td>\n<td>$60-120 pro kg<\/td>\n<\/tr>\n<\/tbody>\n<\/table>\n<p>&nbsp;<\/p>\n<p class=\"whitespace-pre-wrap\">Sph\u00e4rische Pulver mit kontrollierter Partikelgr\u00f6\u00dfe und hoher Reinheit sind im Vergleich zu regul\u00e4ren kommerziellen Qualit\u00e4ten von Al 6061-Pulver viel teurer.<\/p>\n<h2>Lagerung und Handhabung von Al 6061-Pulver<\/h2>\n<p class=\"whitespace-pre-wrap\">Al 6061-Pulver sollte ordnungsgem\u00e4\u00df gehandhabt und gelagert werden, um Folgendes zu verhindern:<\/p>\n<ul class=\"list-disc pl-8 space-y-2\">\n<li class=\"whitespace-normal\">Oxidation und Reaktion mit Feuchtigkeit<\/li>\n<li class=\"whitespace-normal\">Staubexplosionsgefahren durch feines Pulver<\/li>\n<li class=\"whitespace-normal\">Inhalationsbedingte Gesundheitsprobleme<\/li>\n<li class=\"whitespace-normal\">Die Sicherheitspraktiken aus dem Sicherheitsdatenblatt des Lieferanten sollten befolgt werden.<\/li>\n<\/ul>\n<p class=\"whitespace-pre-wrap\">Beim Umgang mit dem Pulver wird die Lagerung unter Inertgas, ausreichende Bel\u00fcftung, Erdung und PSA empfohlen.<\/p>\n<h2>Test- und Charakterisierungsmethoden<\/h2>\n<p class=\"whitespace-pre-wrap\">Zu den wichtigsten Testmethoden f\u00fcr Al 6061-Pulver geh\u00f6ren:<\/p>\n<ul class=\"list-disc pl-8 space-y-2\">\n<li class=\"whitespace-normal\">Chemische Analyse mittels OES oder XRF f\u00fcr die Zusammensetzung<\/li>\n<li class=\"whitespace-normal\">Partikelgr\u00f6\u00dfenverteilung gem\u00e4\u00df ASTM B822 Standard<\/li>\n<li class=\"whitespace-normal\">Morphologische Analyse durch SEM<\/li>\n<li class=\"whitespace-normal\">Durchflussmenge des Pulvers gemessen mit dem Hall-Flow-Trichter<\/li>\n<li class=\"whitespace-normal\">Dichtebestimmung durch Helium-Pyknometrie<\/li>\n<li class=\"whitespace-normal\">Pr\u00fcfung auf Verunreinigungen mittels ICP-MS<\/li>\n<li class=\"whitespace-normal\">Gef\u00fcgeuntersuchung durch R\u00f6ntgenbeugung<\/li>\n<\/ul>\n<p class=\"whitespace-pre-wrap\">Diese Tests gew\u00e4hrleisten die Konsistenz der Chargen und die \u00dcbereinstimmung mit den Anwendungsanforderungen.<\/p>\n<h2>Vergleich zwischen Al 6061- und Al 7075-Pulvern<\/h2>\n<p class=\"whitespace-pre-wrap\">Al 6061 und Al 7075 sind zwei verglichene Aluminiumlegierungspulver:<\/p>\n<table>\n<thead>\n<tr>\n<th>Parameter<\/th>\n<th>Al 6061<\/th>\n<th>Al 7075<\/th>\n<\/tr>\n<\/thead>\n<tbody>\n<tr>\n<td>Legierungstyp<\/td>\n<td>W\u00e4rmebehandelbar<\/td>\n<td>W\u00e4rmebehandelbar<\/td>\n<\/tr>\n<tr>\n<td>Mg-Gehalt<\/td>\n<td>0.8-1.2%<\/td>\n<td>2.1-2.9%<\/td>\n<\/tr>\n<tr>\n<td>St\u00e4rke<\/td>\n<td>Mittel<\/td>\n<td>Sehr hoch<\/td>\n<\/tr>\n<tr>\n<td>Bearbeitbarkeit<\/td>\n<td>Ausgezeichnet<\/td>\n<td>Schlecht<\/td>\n<\/tr>\n<tr>\n<td>Schwei\u00dfeignung<\/td>\n<td>Ausgezeichnet<\/td>\n<td>Schlecht<\/td>\n<\/tr>\n<tr>\n<td>Korrosionsbest\u00e4ndigkeit<\/td>\n<td>Ausgezeichnet<\/td>\n<td>Gut<\/td>\n<\/tr>\n<tr>\n<td>Kosten<\/td>\n<td>Unter<\/td>\n<td>H\u00f6her<\/td>\n<\/tr>\n<\/tbody>\n<\/table>\n<p>&nbsp;<\/p>\n<p class=\"whitespace-pre-wrap\">Al 6061 bietet eine bessere Korrosionsbest\u00e4ndigkeit und Bearbeitbarkeit, w\u00e4hrend Al 7075 nach der W\u00e4rmebehandlung eine viel h\u00f6here Festigkeit bietet.<\/p>\n<h2>H\u00e4ufig gestellte Fragen zu Al 6061-Pulver<\/h2>\n<p class=\"whitespace-pre-wrap\"><strong>F: Wie wird Al 6061-Pulver hergestellt?<\/strong><\/p>\n<p class=\"whitespace-pre-wrap\">A: Al 6061-Pulver wird kommerziell durch Gaszerst\u00e4ubung, Wasserzerst\u00e4ubung, mechanisches Legieren und Elektrolysetechniken hergestellt. Die Gaszerst\u00e4ubung bietet eine optimale Kontrolle der Pulvereigenschaften.<\/p>\n<p class=\"whitespace-pre-wrap\"><strong>F: Was sind die Hauptanwendungen von Al 6061-Pulver?<\/strong><\/p>\n<p class=\"whitespace-pre-wrap\">A: Zu den Hauptanwendungen f\u00fcr Al 6061-Pulver geh\u00f6ren additive Fertigung, thermische Spritzbeschichtungen, pulvermetallurgische Teile, Metallspritzguss, Pigmente und Schwei\u00dfzusatzdr\u00e4hte, die mittlere Festigkeit und ausgezeichnete Korrosionsbest\u00e4ndigkeit erfordern.<\/p>\n<p class=\"whitespace-pre-wrap\"><strong>F: Was ist die empfohlene Al 6061-Pulvergr\u00f6\u00dfe f\u00fcr das Binder Jetting?<\/strong><\/p>\n<p class=\"whitespace-pre-wrap\">A: F\u00fcr den Binder-Jetting-Prozess betr\u00e4gt die typische Al 6061-Pulvergr\u00f6\u00dfe 20\u201345 Mikrometer mit sph\u00e4rischer Morphologie, um eine gute Pulverbettdichte und Bindemittelinfiltration zu erm\u00f6glichen.<\/p>\n<p class=\"whitespace-pre-wrap\"><strong>F: Erfordert Al 6061-Pulver besondere Vorsichtsma\u00dfnahmen bei der Handhabung?<\/strong><\/p>\n<p class=\"whitespace-pre-wrap\">A: Ja, es wird empfohlen, Aluminiumlegierungspulver vorsichtig in einer inerten Atmosph\u00e4re mit ordnungsgem\u00e4\u00dfer Erdung, Bel\u00fcftung und pers\u00f6nlicher Schutzausr\u00fcstung zu handhaben, um Brand- und Explosionsgefahren vorzubeugen.<\/p>\n<p class=\"whitespace-pre-wrap\"><strong>F: Wo kann ich Al 6061-Pulver kaufen, das f\u00fcr Luft- und Raumfahrtanwendungen geeignet ist?<\/strong><\/p>\n<p class=\"whitespace-pre-wrap\">A: Hochreines gaszerst\u00e4ubtes Al 6061-Pulver, das den Luft- und Raumfahrtstandards entspricht, kann von f\u00fchrenden Herstellern wie Valimet, Makin Metal Powders und AMETEK erworben werden.<\/p>","protected":false},"excerpt":{"rendered":"<p>Al 6061-Pulver ist ein vielseitiges Aluminiummaterial, das aus verschiedenen Elementen besteht, um seine Eigenschaften wie Festigkeit, Korrosionsbest\u00e4ndigkeit und Bearbeitbarkeit zu verbessern. Aufgrund seiner hervorragenden Eigenschaften wird es in verschiedenen Branchen eingesetzt.<\/p>","protected":false},"featured_media":1379,"comment_status":"open","ping_status":"closed","template":"","meta":[],"product_brand":[],"product_cat":[31,43],"product_tag":[],"class_list":{"0":"post-1462","1":"product","2":"type-product","3":"status-publish","4":"has-post-thumbnail","6":"product_cat-3d-printing-metal-powder","7":"product_cat-aluminum-based-alloy-powder","9":"first","10":"instock","11":"shipping-taxable","12":"product-type-simple"},"_links":{"self":[{"href":"https:\/\/met3dp.sg\/de\/wp-json\/wp\/v2\/product\/1462","targetHints":{"allow":["GET"]}}],"collection":[{"href":"https:\/\/met3dp.sg\/de\/wp-json\/wp\/v2\/product"}],"about":[{"href":"https:\/\/met3dp.sg\/de\/wp-json\/wp\/v2\/types\/product"}],"replies":[{"embeddable":true,"href":"https:\/\/met3dp.sg\/de\/wp-json\/wp\/v2\/comments?post=1462"}],"wp:featuredmedia":[{"embeddable":true,"href":"https:\/\/met3dp.sg\/de\/wp-json\/wp\/v2\/media\/1379"}],"wp:attachment":[{"href":"https:\/\/met3dp.sg\/de\/wp-json\/wp\/v2\/media?parent=1462"}],"wp:term":[{"taxonomy":"product_brand","embeddable":true,"href":"https:\/\/met3dp.sg\/de\/wp-json\/wp\/v2\/product_brand?post=1462"},{"taxonomy":"product_cat","embeddable":true,"href":"https:\/\/met3dp.sg\/de\/wp-json\/wp\/v2\/product_cat?post=1462"},{"taxonomy":"product_tag","embeddable":true,"href":"https:\/\/met3dp.sg\/de\/wp-json\/wp\/v2\/product_tag?post=1462"}],"curies":[{"name":"wp","href":"https:\/\/api.w.org\/{rel}","templated":true}]}}