{"id":1457,"date":"2023-09-07T02:04:50","date_gmt":"2023-09-07T02:04:50","guid":{"rendered":"https:\/\/site3.easyceotech.com\/product\/pure-al-powder\/"},"modified":"2023-10-18T11:48:54","modified_gmt":"2023-10-18T11:48:54","slug":"pure-al-powder","status":"publish","type":"product","link":"https:\/\/met3dp.sg\/de\/product\/pure-al-powder\/","title":{"rendered":"Reines Aluminium-Pulver"},"content":{"rendered":"<h2>\u00dcberblick \u00fcber Reinaluminiumpulver<\/h2>\n<p class=\"whitespace-pre-wrap\">Reines Aluminiumpulver ist ein Aluminiumpulver, das nur aus Aluminium und ohne Zusatz anderer Legierungselemente hergestellt wird. Es weist eine geringe Dichte, hohe thermische und elektrische Leitf\u00e4higkeit, Duktilit\u00e4t, hervorragende Korrosionsbest\u00e4ndigkeit und Reflexionsverm\u00f6gen auf.<\/p>\n<p class=\"whitespace-pre-wrap\">Zu den wichtigsten Eigenschaften von reinem Aluminiumpulver geh\u00f6ren:<\/p>\n<ul class=\"list-disc pl-8 space-y-2\">\n<li class=\"whitespace-normal\">Unlegiertes Aluminium mit einem Reinheitsgrad von 99%+<\/li>\n<li class=\"whitespace-normal\">Hochgradig reaktiv mit hoher Affinit\u00e4t zu Sauerstoff<\/li>\n<li class=\"whitespace-normal\">Niedriger Schmelzpunkt und hervorragende W\u00e4rmeleitf\u00e4higkeit<\/li>\n<li class=\"whitespace-normal\">Leichtes Gewicht mit einer Dichte von etwa 2,7 g\/cc<\/li>\n<li class=\"whitespace-normal\">Weich und dehnbar f\u00fcr Verformungsprozesse<\/li>\n<li class=\"whitespace-normal\">Erh\u00e4ltlich in verschiedenen Partikelgr\u00f6\u00dfen und Morphologien<\/li>\n<\/ul>\n<p class=\"whitespace-pre-wrap\">Reines Aluminiumpulver wird f\u00fcr Schutzbeschichtungen, pyrotechnische Zusammensetzungen, Kraftstoffzus\u00e4tze, 3D-Druck und andere Anwendungen verwendet, die reine Aluminiumeigenschaften erfordern.<\/p>\n<p class=\"whitespace-pre-wrap\">Dieser Artikel gibt einen umfassenden \u00dcberblick \u00fcber Eigenschaften, Produktionsmethoden, Anwendungen, Spezifikationen und andere Details von reinem Aluminiumpulver.<\/p>\n<h2>Zusammensetzung von Reinaluminiumpulver<\/h2>\n<p class=\"whitespace-pre-wrap\">Reines Aluminiumpulver hat die folgende typische Zusammensetzung:<\/p>\n<table>\n<thead>\n<tr>\n<th>Element<\/th>\n<th>Gewicht %<\/th>\n<\/tr>\n<\/thead>\n<tbody>\n<tr>\n<td>Aluminium (Al)<\/td>\n<td>99%+<\/td>\n<\/tr>\n<tr>\n<td>Eisen (Fe)<\/td>\n<td>0,35% max<\/td>\n<\/tr>\n<tr>\n<td>Silizium (Si)<\/td>\n<td>0,10% max<\/td>\n<\/tr>\n<tr>\n<td>Kupfer (Cu)<\/td>\n<td>0,05% max<\/td>\n<\/tr>\n<tr>\n<td>Zink (Zn)<\/td>\n<td>0,07% max<\/td>\n<\/tr>\n<tr>\n<td>Mangan (Mn)<\/td>\n<td>0,03% max<\/td>\n<\/tr>\n<tr>\n<td>Magnesium (Mg)<\/td>\n<td>0,03% max<\/td>\n<\/tr>\n<tr>\n<td>Chrom (Cr)<\/td>\n<td>0,03% max<\/td>\n<\/tr>\n<tr>\n<td>Sonstige (jeweils)<\/td>\n<td>0,03% max<\/td>\n<\/tr>\n<tr>\n<td>Sonstige (insgesamt)<\/td>\n<td>0,10% max<\/td>\n<\/tr>\n<\/tbody>\n<\/table>\n<p><img fetchpriority=\"high\" decoding=\"async\" class=\"size-medium wp-image-1409 aligncenter\" src=\"https:\/\/met3dp.sg\/wp-content\/uploads\/2023\/09\/ed7a94ec-3c10-4b1b-87ed--300x300.jpg\" alt=\"Reines Al-Pulver\" width=\"300\" height=\"300\" title=\"\" srcset=\"https:\/\/met3dp.sg\/wp-content\/uploads\/2023\/09\/ed7a94ec-3c10-4b1b-87ed--300x300.jpg 300w, https:\/\/met3dp.sg\/wp-content\/uploads\/2023\/09\/ed7a94ec-3c10-4b1b-87ed--100x100.jpg 100w, https:\/\/met3dp.sg\/wp-content\/uploads\/2023\/09\/ed7a94ec-3c10-4b1b-87ed--150x150.jpg 150w, https:\/\/met3dp.sg\/wp-content\/uploads\/2023\/09\/ed7a94ec-3c10-4b1b-87ed-.jpg 600w\" sizes=\"(max-width: 300px) 100vw, 300px\" \/><\/p>\n<p class=\"whitespace-pre-wrap\">Bei dem Pulver handelt es sich um unlegiertes Aluminium mit einem Mindestgehalt von 99% Aluminium ohne Zugabe anderer Legierungselemente. H\u00f6chstgrenzen f\u00fcr \u00fcbliche Verunreinigungen sind angegeben.<\/p>\n<h2>Eigenschaften von Reinaluminiumpulver<\/h2>\n<p class=\"whitespace-pre-wrap\">Reines Aluminiumpulver weist die folgenden Eigenschaften auf:<\/p>\n<table>\n<thead>\n<tr>\n<th>Eigentum<\/th>\n<th>Wert<\/th>\n<\/tr>\n<\/thead>\n<tbody>\n<tr>\n<td>Dichte<\/td>\n<td>2,70 g\/cm3<\/td>\n<\/tr>\n<tr>\n<td>Schmelzpunkt<\/td>\n<td>660\u00b0C<\/td>\n<\/tr>\n<tr>\n<td>W\u00e4rmeleitf\u00e4higkeit<\/td>\n<td>237 W\/m.K<\/td>\n<\/tr>\n<tr>\n<td>Elektrischer spezifischer Widerstand<\/td>\n<td>2,65 Mikrohm-cm<\/td>\n<\/tr>\n<tr>\n<td>Elastizit\u00e4tsmodul<\/td>\n<td>70 GPa<\/td>\n<\/tr>\n<tr>\n<td>Querkontraktionszahl<\/td>\n<td>0.33<\/td>\n<\/tr>\n<tr>\n<td>Zugfestigkeit<\/td>\n<td>90-115 MPa<\/td>\n<\/tr>\n<tr>\n<td>Dehnung<\/td>\n<td>8-25%<\/td>\n<\/tr>\n<tr>\n<td>Mohs-H\u00e4rte<\/td>\n<td>2.75<\/td>\n<\/tr>\n<tr>\n<td>Oxidationsbest\u00e4ndigkeit<\/td>\n<td>Schlecht<\/td>\n<\/tr>\n<\/tbody>\n<\/table>\n<p>&nbsp;<\/p>\n<p class=\"whitespace-pre-wrap\">Aufgrund seiner geringen Dichte und Weichheit l\u00e4sst sich Aluminiumpulver leicht handhaben und f\u00fcr verschiedene Anwendungen verarbeiten. Es hat eine ausgezeichnete thermische und elektrische Leitf\u00e4higkeit. Die Oxidationsbest\u00e4ndigkeit ist gering und das Pulver muss w\u00e4hrend der Lagerung und Verwendung vor Oxidation gesch\u00fctzt werden.<\/p>\n<h2>Produktionsmethoden f\u00fcr reines Aluminiumpulver<\/h2>\n<p class=\"whitespace-pre-wrap\">F\u00fcr die Herstellung von reinem Aluminiumpulver gibt es verschiedene Produktionsverfahren:<\/p>\n<ul class=\"list-disc pl-8 space-y-2\">\n<li class=\"whitespace-normal\"><strong>Zerst\u00e4ubung<\/strong>\u00a0- Geschmolzenes Aluminium wird mit Hilfe von Gas- oder Wasserd\u00fcsen in Tr\u00f6pfchen zerteilt, die sich zu Pulver verfestigen. Gasverd\u00fcstes Pulver hat eine kugelf\u00f6rmige Morphologie.<\/li>\n<li class=\"whitespace-normal\"><strong>Elektrolyse<\/strong>\u00a0- Aluminium wird in Pulverform aus einem Aluminiumoxid-Elektrolyt abgeschieden. Das Pulver ist schwammig und unregelm\u00e4\u00dfig geformt.<\/li>\n<li class=\"whitespace-normal\"><strong>Fr\u00e4sen<\/strong>\u00a0- Beim Kugelmahlen von Aluminiumflocken entstehen Flockenpulver verschiedener Gr\u00f6\u00dfen und Morphologien.<\/li>\n<li class=\"whitespace-normal\"><strong>Chemische Methoden<\/strong>\u00a0- Bei der Reaktion von Aluminiumverbindungen entstehen feine Aluminiumpulver von hoher Reinheit.<\/li>\n<\/ul>\n<p class=\"whitespace-pre-wrap\">Das g\u00e4ngigste Verfahren ist die Zerst\u00e4ubung, w\u00e4hrend f\u00fcr ultrafeine oder nanoskalige Aluminiumpulver spezielle Techniken verwendet werden. Die Pulvereigenschaften k\u00f6nnen durch Prozessparameter gesteuert werden.<\/p>\n<h2>Anwendungen von Reinaluminiumpulver<\/h2>\n<p class=\"whitespace-pre-wrap\">Reines Aluminiumpulver wird in den folgenden Anwendungen eingesetzt:<\/p>\n<ul class=\"list-disc pl-8 space-y-2\">\n<li class=\"whitespace-normal\"><strong>Sch\u00fctzende Beschichtungen<\/strong>\u00a0- Thermische Spritzschichten f\u00fcr den Korrosionsschutz von Stahloberfl\u00e4chen.<\/li>\n<li class=\"whitespace-normal\"><strong>Pyrotechnik<\/strong>\u00a0- Pulverf\u00f6rmiger Brennstoff f\u00fcr pyrotechnische Zusammensetzungen aufgrund seiner hohen Entflammbarkeit.<\/li>\n<li class=\"whitespace-normal\"><strong>Kraftstoff-Additiv<\/strong>\u00a0- Wird festen Raketentreibstoffen und Sprengstoffen zur Verbesserung der energetischen Eigenschaften zugesetzt.<\/li>\n<li class=\"whitespace-normal\"><strong>3D-Druck<\/strong>\u00a0- Wird beim selektiven Lasersintern und beim direkten Metall-Lasersintern (DMLS) f\u00fcr additive Fertigungsverfahren verwendet.<\/li>\n<li class=\"whitespace-normal\"><strong>Drucktinten<\/strong>\u00a0- Wird in leitf\u00e4higen Druckfarben f\u00fcr den Druck von Schaltkreisen, RFID-Etiketten und anderen elektronischen Ger\u00e4ten verwendet.<\/li>\n<li class=\"whitespace-normal\"><strong>Pigmente<\/strong>\u00a0- Flocken und zerst\u00e4ubte Pulver f\u00fcr Farben, Kunststoffe, Gummi und andere Beschichtungen.<\/li>\n<li class=\"whitespace-normal\"><strong>Elektronik<\/strong>\u00a0- Reines Aluminium f\u00fcr Bonddr\u00e4hte, Kontakte und Schaltungen, die Leitf\u00e4higkeit erfordern.<\/li>\n<\/ul>\n<p class=\"whitespace-pre-wrap\"><strong>Schwei\u00dfen<\/strong> - Wird als Aluminiumpulver-F\u00fcllstoff zum Schwei\u00dfen von Komponenten und zur Reparatur verwendet.<\/p>\n<h2>Spezifikationen von Reinaluminiumpulver<\/h2>\n<p class=\"whitespace-pre-wrap\">Reines Aluminiumpulver ist in verschiedenen Spezifikationen erh\u00e4ltlich:<\/p>\n<p class=\"whitespace-pre-wrap\"><strong>Partikelgr\u00f6\u00dfe:<\/strong> Je nach Anwendung zwischen 5 und 150 Mikron. Feiner zerst\u00e4ubtes Pulver f\u00fcr AM, gr\u00f6beres Pulver f\u00fcr Beschichtungen.<\/p>\n<p class=\"whitespace-pre-wrap\"><strong>Reinheit:<\/strong> Von 99% bis 99,9% Reinheit auf der Grundlage von Verunreinigungsgrenzen f\u00fcr Eisen, Silizium und andere Elemente.<\/p>\n<p class=\"whitespace-pre-wrap\"><strong>Morphologie:<\/strong> Sph\u00e4rische, unregelm\u00e4\u00dfige und flockige Partikelformen. Kugelf\u00f6rmiges Pulver hat eine bessere Flie\u00dff\u00e4higkeit.<\/p>\n<p class=\"whitespace-pre-wrap\"><strong>Beschichtung:<\/strong> Teilweise sauerstoffpassivierte, unbeschichtete und \u00f6lbeschichtete Reinaluminiumpulver werden angeboten.<\/p>\n<p class=\"whitespace-pre-wrap\"><strong>Noten:<\/strong> Handels\u00fcbliche Reinheit, sehr hohe Reinheit und technische Qualit\u00e4ten, die den Normen wie ASTM B209 entsprechen.<\/p>\n<p class=\"whitespace-pre-wrap\"><strong>Fl\u00e4che:<\/strong> Das Pulver kann in ultrafeiner Nanoskala (bis zu 20 m2\/g) bis hin zu groben Qualit\u00e4ten hergestellt werden.<\/p>\n<h2>Globale Lieferanten von Reinaluminiumpulver<\/h2>\n<p class=\"whitespace-pre-wrap\">Zu den wichtigsten globalen Anbietern von reinem Aluminiumpulver geh\u00f6ren:<\/p>\n<table>\n<thead>\n<tr>\n<th>Unternehmen<\/th>\n<th>Land<\/th>\n<\/tr>\n<\/thead>\n<tbody>\n<tr>\n<td>Alfa Aesar<\/td>\n<td>Vereinigte Staaten<\/td>\n<\/tr>\n<tr>\n<td>Valimet Inc.<\/td>\n<td>Vereinigte Staaten<\/td>\n<\/tr>\n<tr>\n<td>Herstellung von Metallpulvern<\/td>\n<td>Vereinigtes K\u00f6nigreich<\/td>\n<\/tr>\n<tr>\n<td>ECKA Granulat<\/td>\n<td>Deutschland<\/td>\n<\/tr>\n<tr>\n<td>Toyal America Inc.<\/td>\n<td>Vereinigte Staaten<\/td>\n<\/tr>\n<tr>\n<td>Ampal Inc.<\/td>\n<td>Vereinigte Staaten<\/td>\n<\/tr>\n<tr>\n<td>Henan Yuanyang Pulvertechnologie<\/td>\n<td>China<\/td>\n<\/tr>\n<\/tbody>\n<\/table>\n<p>&nbsp;<\/p>\n<p class=\"whitespace-pre-wrap\">Diese Unternehmen stellen reines Aluminiumpulver in verschiedenen Korngr\u00f6\u00dfenbereichen durch Gasverd\u00fcsung, Mahlen und verschiedene Produktionsverfahren her.<\/p>\n<h2>Preisgestaltung von Reinaluminiumpulver<\/h2>\n<p class=\"whitespace-pre-wrap\">Der Preis f\u00fcr reines Aluminiumpulver h\u00e4ngt davon ab:<\/p>\n<ul class=\"list-disc pl-8 space-y-2\">\n<li class=\"whitespace-normal\"><strong>Reinheit<\/strong>\u00a0- Pulver mit h\u00f6herer Reinheit (99,9%) ist teurer als Pulver mit geringerer Reinheit (99-99,5%)<\/li>\n<li class=\"whitespace-normal\"><strong>Partikelgr\u00f6\u00dfe<\/strong>\u00a0- Feineres Aluminiumpulver ist teurer<\/li>\n<li class=\"whitespace-normal\"><strong>Morphologie<\/strong>\u00a0- Sph\u00e4risches und glattes Pulver kostet mehr<\/li>\n<li class=\"whitespace-normal\"><strong>Beschichtung<\/strong>\u00a0- Unbeschichtetes Aluminiumpulver ist kosteng\u00fcnstiger<\/li>\n<li class=\"whitespace-normal\"><strong>Menge<\/strong>\u00a0- F\u00fcr Gro\u00dfmengen \u00fcber 1 Tonne gelten erm\u00e4\u00dfigte Preise<\/li>\n<li class=\"whitespace-normal\"><strong>Anbieter<\/strong>\u00a0- Gr\u00f6\u00dfere Unternehmen haben eine h\u00f6here Produktionsleistung, die die Kosten senkt<\/li>\n<li class=\"whitespace-normal\"><strong>Geographie<\/strong>\u00a0- Die Preise in China sind im Vergleich zu Europa und den USA wettbewerbsf\u00e4hig<\/li>\n<\/ul>\n<p class=\"whitespace-pre-wrap\">F\u00fcr kleine Mengen kann reines Aluminiumpulver zwischen $50-100 pro kg kosten, w\u00e4hrend Gro\u00dfbestellungen unter $10\/kg zu haben sind.<\/p>\n<h2>Gesundheit und Sicherheit beim Umgang mit Aluminiumpulver<\/h2>\n<p class=\"whitespace-pre-wrap\">Reines Aluminiumpulver birgt einige Gesundheits- und Sicherheitsrisiken:<\/p>\n<ul class=\"list-disc pl-8 space-y-2\">\n<li class=\"whitespace-normal\">Feines Aluminiumpulver ist hochentz\u00fcndlich und explosiv, wenn es in der Luft schwebt. Das Risiko einer Staubexplosion muss gemindert werden.<\/li>\n<li class=\"whitespace-normal\">Es besteht die Gefahr der Oxidation, die zu Materialverlusten f\u00fchrt. Die Lagerung in inerter Atmosph\u00e4re wird empfohlen.<\/li>\n<li class=\"whitespace-normal\">Aluminiumpulver sollte nicht erhitzt oder in der N\u00e4he von Funken oder Z\u00fcndquellen verwendet werden.<\/li>\n<li class=\"whitespace-normal\">Kontakt mit Haut oder Augen kann Reizungen verursachen. Pers\u00f6nliche Schutzausr\u00fcstung verwenden.<\/li>\n<li class=\"whitespace-normal\">Das Einatmen von feinem Aluminiumpulver kann zu Atembeschwerden f\u00fchren. Geeignete Bel\u00fcftung und Atemschutz verwenden.<\/li>\n<li class=\"whitespace-normal\">Die Entsorgung von Aluminiumpulver muss sorgf\u00e4ltig gehandhabt werden, um eine Kontamination zu vermeiden.<\/li>\n<\/ul>\n<h2>Inspektion und Pr\u00fcfung von Aluminiumpulver<\/h2>\n<p class=\"whitespace-pre-wrap\">Um Qualit\u00e4tsstandards zu gew\u00e4hrleisten, wird reines Aluminiumpulver getestet:<\/p>\n<ul class=\"list-disc pl-8 space-y-2\">\n<li class=\"whitespace-normal\"><strong>Chemische Zusammensetzung<\/strong>\u00a0- Induktiv gekoppelte Plasmamassenspektrometrie und optische Emissionsspektroskopie zur \u00dcberpr\u00fcfung der Zusammensetzung und Reinheit.<\/li>\n<li class=\"whitespace-normal\"><strong>Partikelgr\u00f6\u00dfe<\/strong>\u00a0- Laserbeugungsanalyse, Siebtest nach ASTM B214 Standard zur Messung der Partikelgr\u00f6\u00dfenverteilung.<\/li>\n<li class=\"whitespace-normal\"><strong>Morphologie<\/strong>\u00a0- Rasterelektronenmikroskopie zur Untersuchung von Form und Oberfl\u00e4chenstruktur der Pulverpartikel.<\/li>\n<li class=\"whitespace-normal\"><strong>Durchflussmenge<\/strong>\u00a0- Bestimmt nach ASTM B213 unter Verwendung eines Hall-Durchflusstrichters. Das kugelf\u00f6rmige Pulver hat eine ausgezeichnete Flie\u00dff\u00e4higkeit.<\/li>\n<li class=\"whitespace-normal\"><strong>Scheinbare Dichte<\/strong>\u00a0- Gemessen mittels gravimetrischer Analyse oder Scott-Volumeter gem\u00e4\u00df ASTM B212.<\/li>\n<li class=\"whitespace-normal\"><strong>Spezifische Oberfl\u00e4che<\/strong>\u00a0- BET-Gasabsorptionsmethode zur Messung der Oberfl\u00e4che pro Masseneinheit, insbesondere bei nanoskaligen Pulvern.<\/li>\n<\/ul>\n<p class=\"whitespace-pre-wrap\">Routinem\u00e4\u00dfige Tests gew\u00e4hrleisten eine gleichbleibende Qualit\u00e4t und Leistung des Aluminiumpulvers.<\/p>\n<h2>Vergleich von zerst\u00e4ubtem und gesintertem Aluminiumpulver<\/h2>\n<p class=\"whitespace-pre-wrap\">Atomisierte und gesinterte Aluminiumpulver unterscheiden sich in der Herstellungsmethode und den Eigenschaften:<\/p>\n<table>\n<thead>\n<tr>\n<th>Parameter<\/th>\n<th>Zerst\u00e4ubtes Al-Pulver<\/th>\n<th>Gesintertes Al-Pulver<\/th>\n<\/tr>\n<\/thead>\n<tbody>\n<tr>\n<td>Produktionsverfahren<\/td>\n<td>Gas- oder Wasserverd\u00fcsung von geschmolzenem Aluminium<\/td>\n<td>Verdichtung und Sinterung von Aluminiumpulver<\/td>\n<\/tr>\n<tr>\n<td>Morphologie der Partikel<\/td>\n<td>Sph\u00e4risch<\/td>\n<td>Unregelm\u00e4\u00dfig, por\u00f6s<\/td>\n<\/tr>\n<tr>\n<td>Partikelgr\u00f6\u00dfe<\/td>\n<td>5 bis 150 Mikrometer<\/td>\n<td>Unter 5 Mikrometer<\/td>\n<\/tr>\n<tr>\n<td>Flie\u00dff\u00e4higkeit<\/td>\n<td>Ausgezeichnet<\/td>\n<td>Schlecht<\/td>\n<\/tr>\n<tr>\n<td>Reinheit<\/td>\n<td>99 bis 99,9%<\/td>\n<td>Unter<\/td>\n<\/tr>\n<tr>\n<td>Kosten<\/td>\n<td>H\u00f6her<\/td>\n<td>Unter<\/td>\n<\/tr>\n<tr>\n<td>Anwendungen<\/td>\n<td>Thermisches Spritzen, AM<\/td>\n<td>Blitzpulver, Sprengstoffe<\/td>\n<\/tr>\n<\/tbody>\n<\/table>\n<p>&nbsp;<\/p>\n<p class=\"whitespace-pre-wrap\">Zerst\u00e4ubtes Aluminiumpulver hat kontrolliertere Eigenschaften und wird f\u00fcr Beschichtungen, AM und Elektronik bevorzugt. Gesintertes Aluminium wird verwendet, wenn trotz geringerer Reinheit eine ultrafeine Partikelgr\u00f6\u00dfe erforderlich ist.<\/p>\n<h2>FAQs<\/h2>\n<p class=\"whitespace-pre-wrap\"><strong>F: Wozu wird reines Aluminiumpulver verwendet?<\/strong><\/p>\n<p class=\"whitespace-pre-wrap\">A: Reines Aluminiumpulver wird in Schutzbeschichtungen, Pyrotechnik, Kraftstoffzus\u00e4tzen, 3D-Druck, leitf\u00e4higen Tinten, Pigmenten, Schwei\u00dfzusatzstoffen und anderen Anwendungen verwendet, die die Eigenschaften von unlegiertem Aluminium erfordern.<\/p>\n<p class=\"whitespace-pre-wrap\"><strong>F: Was ist der Unterschied zwischen zerst\u00e4ubtem und gemahlenem Aluminiumpulver?<\/strong><\/p>\n<p class=\"whitespace-pre-wrap\">A: Zerst\u00e4ubtes Aluminiumpulver hat eine kugelf\u00f6rmige Morphologie und eine kontrollierte Partikelgr\u00f6\u00dfenverteilung, w\u00e4hrend gemahlenes Flockenpulver unregelm\u00e4\u00dfige Formen und eine breitere Verteilung aufweist. Zerst\u00e4ubtes Pulver hat eine bessere Flie\u00dff\u00e4higkeit und Packungsdichte.<\/p>\n<p class=\"whitespace-pre-wrap\"><strong>F: Wie wird ultrafeines Aluminiumpulver hergestellt?<\/strong><\/p>\n<p class=\"whitespace-pre-wrap\">A: Spezielle Produktionsverfahren wie das Drahtexplosionsverfahren, die Verdampfungskondensation und das Hochenergie-Kugelmahlen erm\u00f6glichen die Herstellung von Aluminiumpulver mit Partikelgr\u00f6\u00dfen unter 10 Mikron.<\/p>\n<p class=\"whitespace-pre-wrap\"><strong>F: Welche Sicherheitsvorkehrungen sind beim Umgang mit Aluminiumpulver erforderlich?<\/strong><\/p>\n<p class=\"whitespace-pre-wrap\">A: Feines Aluminiumpulver ist leicht entz\u00fcndlich. Das Risiko einer Staubexplosion muss kontrolliert werden. Die Lagerung unter Inertgas wird empfohlen. Achten Sie beim Umgang mit Aluminiumpulver auf ausreichende Erdung, Bel\u00fcftung und PSA.<\/p>\n<p class=\"whitespace-pre-wrap\"><strong>F: Wie wird der Reinheitsgrad von Aluminiumpulver bestimmt?<\/strong><\/p>\n<p class=\"whitespace-pre-wrap\">A: Spektroskopische Analysen wie ICP-MS und OES werden zur genauen Quantifizierung der Elementzusammensetzung eingesetzt. Es werden Reinheitsgrade von 99% bis 99,9% auf der Grundlage von Verunreinigungselementen wie Eisen und Silizium angegeben.<\/p>\n<p class=\"whitespace-pre-wrap\"><strong>F: Wo kann ich reines Aluminiumpulver f\u00fcr elektronische Anwendungen kaufen?<\/strong><\/p>\n<p class=\"whitespace-pre-wrap\">A: Hochreines Aluminiumpulver mit kontrollierter Partikelgr\u00f6\u00dfe und geringen Verunreinigungen, das f\u00fcr die Elektronik geeignet ist, kann von Lieferanten wie Valimet, Toyal America, Makin Metal Powders und ECKA Granules bezogen werden.<\/p>","protected":false},"excerpt":{"rendered":"<p>Reines Aluminiumpulver ist ein Aluminiumpulver, das nur aus Aluminium und ohne Zusatz anderer Legierungselemente hergestellt wird. Es weist eine geringe Dichte, hohe thermische und elektrische Leitf\u00e4higkeit, Duktilit\u00e4t, hervorragende Korrosionsbest\u00e4ndigkeit und Reflexionsverm\u00f6gen auf.<\/p>","protected":false},"featured_media":1384,"comment_status":"open","ping_status":"closed","template":"","meta":[],"product_brand":[],"product_cat":[31,43],"product_tag":[],"class_list":{"0":"post-1457","1":"product","2":"type-product","3":"status-publish","4":"has-post-thumbnail","6":"product_cat-3d-printing-metal-powder","7":"product_cat-aluminum-based-alloy-powder","9":"first","10":"instock","11":"shipping-taxable","12":"product-type-simple"},"_links":{"self":[{"href":"https:\/\/met3dp.sg\/de\/wp-json\/wp\/v2\/product\/1457","targetHints":{"allow":["GET"]}}],"collection":[{"href":"https:\/\/met3dp.sg\/de\/wp-json\/wp\/v2\/product"}],"about":[{"href":"https:\/\/met3dp.sg\/de\/wp-json\/wp\/v2\/types\/product"}],"replies":[{"embeddable":true,"href":"https:\/\/met3dp.sg\/de\/wp-json\/wp\/v2\/comments?post=1457"}],"wp:featuredmedia":[{"embeddable":true,"href":"https:\/\/met3dp.sg\/de\/wp-json\/wp\/v2\/media\/1384"}],"wp:attachment":[{"href":"https:\/\/met3dp.sg\/de\/wp-json\/wp\/v2\/media?parent=1457"}],"wp:term":[{"taxonomy":"product_brand","embeddable":true,"href":"https:\/\/met3dp.sg\/de\/wp-json\/wp\/v2\/product_brand?post=1457"},{"taxonomy":"product_cat","embeddable":true,"href":"https:\/\/met3dp.sg\/de\/wp-json\/wp\/v2\/product_cat?post=1457"},{"taxonomy":"product_tag","embeddable":true,"href":"https:\/\/met3dp.sg\/de\/wp-json\/wp\/v2\/product_tag?post=1457"}],"curies":[{"name":"wp","href":"https:\/\/api.w.org\/{rel}","templated":true}]}}