{"id":1454,"date":"2023-09-07T02:04:49","date_gmt":"2023-09-07T02:04:49","guid":{"rendered":"https:\/\/site3.easyceotech.com\/product\/feconicral-powder\/"},"modified":"2023-10-20T07:41:02","modified_gmt":"2023-10-20T07:41:02","slug":"feconicral-powder","status":"publish","type":"product","link":"https:\/\/met3dp.sg\/de\/product\/feconicral-powder\/","title":{"rendered":"FeCoNiCrAl-Pulver"},"content":{"rendered":"<h2>\u00dcberblick \u00fcber FeCoNiCrAl-Pulver<\/h2>\n<p class=\"whitespace-pre-wrap\">FeCoNiCrAl ist eine quin\u00e4re Legierung, die sich durch gute mechanische Eigenschaften, Oxidationsbest\u00e4ndigkeit und Gef\u00fcgestabilit\u00e4t bei erh\u00f6hten Temperaturen auszeichnet. Eisen und Kobalt sorgen f\u00fcr Festigkeit. Nickel erh\u00f6ht die Z\u00e4higkeit und Duktilit\u00e4t. Chrom sorgt f\u00fcr eine ausgezeichnete Oxidations- und Korrosionsbest\u00e4ndigkeit. Aluminium verbessert die mechanischen Eigenschaften bei hohen Temperaturen.<\/p>\n<p class=\"whitespace-pre-wrap\">Zu den wichtigsten Eigenschaften von FeCoNiCrAl-Pulver geh\u00f6ren:<\/p>\n<ul class=\"list-disc pl-8 space-y-2\">\n<li class=\"whitespace-normal\">Ausgezeichnete Hochtemperaturfestigkeit und Kriechfestigkeit<\/li>\n<li class=\"whitespace-normal\">Gute Umweltstabilit\u00e4t und thermische Erm\u00fcdungsfestigkeit<\/li>\n<li class=\"whitespace-normal\">Hohe H\u00e4rte, Verschlei\u00dffestigkeit und Abriebfestigkeit<\/li>\n<li class=\"whitespace-normal\">Gute Verformbarkeit und Verarbeitbarkeit<\/li>\n<li class=\"whitespace-normal\">Erh\u00e4ltlich in einer Reihe von Partikelgr\u00f6\u00dfen und Morphologien<\/li>\n<\/ul>\n<p class=\"whitespace-pre-wrap\">FeCoNiCrAl-Pulver eignet sich f\u00fcr Schutzbeschichtungen, thermisches Spritzen, Schwei\u00dfen, Hartl\u00f6ten und strukturelle Hochtemperaturanwendungen, die thermische und Umweltbest\u00e4ndigkeit erfordern.<\/p>\n<h2>Zusammensetzung von FeCoNiCrAl-Pulver<\/h2>\n<p class=\"whitespace-pre-wrap\">FeCoNiCrAl-Pulver hat die nominale Zusammensetzung:<\/p>\n<table>\n<thead>\n<tr>\n<th>Element<\/th>\n<th>Zusammensetzung<\/th>\n<\/tr>\n<\/thead>\n<tbody>\n<tr>\n<td>Eisen (Fe)<\/td>\n<td>Bilanz<\/td>\n<\/tr>\n<tr>\n<td>Kobalt (Co)<\/td>\n<td>35-50%<\/td>\n<\/tr>\n<tr>\n<td>Nickel (Ni)<\/td>\n<td>10-30%<\/td>\n<\/tr>\n<tr>\n<td>Chrom (Cr)<\/td>\n<td>8-12%<\/td>\n<\/tr>\n<tr>\n<td>Aluminium (Al)<\/td>\n<td>1-5%<\/td>\n<\/tr>\n<tr>\n<td>Kohlenstoff (C)<\/td>\n<td>&lt;0,5%<\/td>\n<\/tr>\n<tr>\n<td>Silizium (Si)<\/td>\n<td>&lt;1,5%<\/td>\n<\/tr>\n<tr>\n<td>Mangan (Mn)<\/td>\n<td>&lt;1%<\/td>\n<\/tr>\n<\/tbody>\n<\/table>\n<p><img fetchpriority=\"high\" decoding=\"async\" class=\"size-medium wp-image-1409 aligncenter\" src=\"https:\/\/met3dp.sg\/wp-content\/uploads\/2023\/09\/ed7a94ec-3c10-4b1b-87ed--300x300.jpg\" alt=\"FeCoNiCrAl-Pulver\" width=\"300\" height=\"300\" title=\"\" srcset=\"https:\/\/met3dp.sg\/wp-content\/uploads\/2023\/09\/ed7a94ec-3c10-4b1b-87ed--300x300.jpg 300w, https:\/\/met3dp.sg\/wp-content\/uploads\/2023\/09\/ed7a94ec-3c10-4b1b-87ed--100x100.jpg 100w, https:\/\/met3dp.sg\/wp-content\/uploads\/2023\/09\/ed7a94ec-3c10-4b1b-87ed--150x150.jpg 150w, https:\/\/met3dp.sg\/wp-content\/uploads\/2023\/09\/ed7a94ec-3c10-4b1b-87ed-.jpg 600w\" sizes=\"(max-width: 300px) 100vw, 300px\" \/><\/p>\n<p class=\"whitespace-pre-wrap\">Der Gehalt an Kobalt, Nickel, Chrom und Aluminium kann je nach Anwendung so angepasst werden, dass Hochtemperaturfestigkeit, Z\u00e4higkeit und Umweltbest\u00e4ndigkeit optimiert werden.<\/p>\n<h2>Eigenschaften von FeCoNiCrAl-Pulver<\/h2>\n<p class=\"whitespace-pre-wrap\">Zu den wichtigsten Eigenschaften von FeCoNiCrAl-Pulver geh\u00f6ren:<\/p>\n<table>\n<thead>\n<tr>\n<th>Eigentum<\/th>\n<th>Wert<\/th>\n<\/tr>\n<\/thead>\n<tbody>\n<tr>\n<td>Dichte<\/td>\n<td>7,5-8,2 g\/cm3<\/td>\n<\/tr>\n<tr>\n<td>Schmelzpunkt<\/td>\n<td>1300-1400\u00b0C<\/td>\n<\/tr>\n<tr>\n<td>W\u00e4rmeleitf\u00e4higkeit<\/td>\n<td>10-30 W\/mK<\/td>\n<\/tr>\n<tr>\n<td>Elektrischer spezifischer Widerstand<\/td>\n<td>65-85 \u03bc\u03a9.cm<\/td>\n<\/tr>\n<tr>\n<td>Elastizit\u00e4tsmodul<\/td>\n<td>190-220 GPa<\/td>\n<\/tr>\n<tr>\n<td>Querkontraktionszahl<\/td>\n<td>0.28-0.32<\/td>\n<\/tr>\n<tr>\n<td>Zugfestigkeit<\/td>\n<td>600-1100 MPa<\/td>\n<\/tr>\n<tr>\n<td>Streckgrenze<\/td>\n<td>450-800 MPa<\/td>\n<\/tr>\n<tr>\n<td>Dehnung<\/td>\n<td>15-30%<\/td>\n<\/tr>\n<tr>\n<td>H\u00e4rte<\/td>\n<td>30-50 HRC<\/td>\n<\/tr>\n<\/tbody>\n<\/table>\n<p>&nbsp;<\/p>\n<p class=\"whitespace-pre-wrap\">Die ausgezeichnete Hochtemperaturfestigkeit, H\u00e4rte, Verschlei\u00dffestigkeit und Umweltstabilit\u00e4t machen es f\u00fcr die anspruchsvollsten Anwendungen geeignet.<\/p>\n<h2>Verfahren zur Herstellung von FeCoNiCrAl-Pulver<\/h2>\n<p class=\"whitespace-pre-wrap\">FeCoNiCrAl-Pulver wird unter Verwendung von:<\/p>\n<ul class=\"list-disc pl-8 space-y-2\">\n<li class=\"whitespace-normal\"><strong>Gaszerst\u00e4ubung<\/strong>\u00a0- Hochdruck-Inertgas zur Zerst\u00e4ubung der geschmolzenen Legierung in feines, kugelf\u00f6rmiges Pulver f\u00fcr einen hervorragenden Fluss und eine hohe Packungsdichte.<\/li>\n<li class=\"whitespace-normal\"><strong>Wasserzerst\u00e4ubung<\/strong>\u00a0- Ein Hochgeschwindigkeits-Wasserstrahl trifft auf den geschmolzenen Strom und erzeugt feine, unregelm\u00e4\u00dfige Pulverpartikel. Geringere Kosten, aber h\u00f6here Sauerstoffaufnahme.<\/li>\n<li class=\"whitespace-normal\"><strong>Mechanisches Legieren<\/strong>\u00a0- Kugelmahlen von elementaren\/vorlegierten Pulvern mit anschlie\u00dfender Sinterung und Gasverd\u00fcsung.<\/li>\n<\/ul>\n<p class=\"whitespace-pre-wrap\">Die Gaszerst\u00e4ubung bietet die beste Kontrolle \u00fcber Partikelgr\u00f6\u00dfenverteilung, Morphologie und Reinheit.<\/p>\n<h2>Anwendungen von FeCoNiCrAl-Pulver<\/h2>\n<p class=\"whitespace-pre-wrap\">Zu den typischen Anwendungen von FeCoNiCrAl-Pulver geh\u00f6ren:<\/p>\n<ul class=\"list-disc pl-8 space-y-2\">\n<li class=\"whitespace-normal\"><strong>Thermische Spritzschichten<\/strong>\u00a0- HVOF- oder Plasmaspritzen zur Abscheidung dicker, verschlei\u00dffester Schichten auf Bauteilen, die bei hohen Temperaturen arbeiten.<\/li>\n<li class=\"whitespace-normal\"><strong>Additive Fertigung<\/strong>\u00a0- Selektives Laserschmelzen zur Herstellung komplexer Teile f\u00fcr extreme Umgebungen, die eine hohe Temperaturbest\u00e4ndigkeit erfordern.<\/li>\n<li class=\"whitespace-normal\"><strong>L\u00f6tf\u00fcller<\/strong>\u00a0- Zum Verbinden von Baugruppen und Abdichten von Rissen in Teilen, die im Betrieb hohen Temperaturen ausgesetzt sind.<\/li>\n<li class=\"whitespace-normal\"><strong>Verbrauchsmaterial zum Schwei\u00dfen<\/strong>\u00a0- Wird als Schwei\u00dfzusatzwerkstoff verwendet, um eine ausgezeichnete Festigkeit bei erh\u00f6hten Temperaturen in geschwei\u00dften Bauteilen zu erzielen.<\/li>\n<li class=\"whitespace-normal\"><strong>Verschlei\u00dfteile<\/strong>\u00a0- Pulvermetallurgisch hergestellte Warmarbeitswerkzeuge und Vorrichtungen, die gegen Verschlei\u00df und thermische Erm\u00fcdungsrisse best\u00e4ndig sind.<\/li>\n<li class=\"whitespace-normal\"><strong>Glasverarbeitung<\/strong>\u00a0- Rutschen, F\u00f6rderb\u00e4nder und F\u00f6rderer in Glasschmelz\u00f6fen.<\/li>\n<\/ul>\n<h2>Spezifikationen von FeCoNiCrAl-Pulver<\/h2>\n<p class=\"whitespace-pre-wrap\">FeCoNiCrAl-Pulver ist in verschiedenen Gr\u00f6\u00dfenbereichen, Morphologien und Qualit\u00e4ten erh\u00e4ltlich:<\/p>\n<ul class=\"list-disc pl-8 space-y-2\">\n<li class=\"whitespace-normal\"><strong>Partikelgr\u00f6\u00dfe:<\/strong>\u00a0Von 10-45 Mikron f\u00fcr AM-Verfahren, bis zu 150 Mikron f\u00fcr thermische Spritzverfahren.<\/li>\n<li class=\"whitespace-normal\"><strong>Morphologie:<\/strong>\u00a0Sph\u00e4rische, unregelm\u00e4\u00dfige und gemischte Formen. Sph\u00e4risches Pulver hat eine ausgezeichnete Flie\u00dff\u00e4higkeit.<\/li>\n<li class=\"whitespace-normal\"><strong>Reinheit:<\/strong>\u00a0Die Palette reicht von handels\u00fcblichen Reinheitsgraden bis zu ultrahochreinen Sorten, die auf strengen chemischen Analysen basieren.<\/li>\n<li class=\"whitespace-normal\"><strong>Fl\u00e4che:<\/strong>\u00a0Geringe Oberfl\u00e4che bevorzugt, um die Oxidation w\u00e4hrend der Handhabung und Lagerung zu minimieren.<\/li>\n<li class=\"whitespace-normal\"><strong>Noten:<\/strong>\u00a0Ma\u00dfgeschneiderte Zusammensetzung und Pulvermetallurgie f\u00fcr die jeweilige Anwendung.<\/li>\n<\/ul>\n<h2>Globale Anbieter von FeCoNiCrAl-Pulver<\/h2>\n<p class=\"whitespace-pre-wrap\">Zu den weltweit wichtigsten Anbietern von FeCoNiCrAl-Pulver geh\u00f6ren:<\/p>\n<ul class=\"list-disc pl-8 space-y-2\">\n<li class=\"whitespace-normal\">Sandvik Osprey (UK)<\/li>\n<li class=\"whitespace-normal\">Erasteel (Frankreich)<\/li>\n<li class=\"whitespace-normal\">Tekna (Kanada)<\/li>\n<li class=\"whitespace-normal\">AMETEK (US)<\/li>\n<li class=\"whitespace-normal\">Edgetech Industries (US)<\/li>\n<li class=\"whitespace-normal\">CNPC-Pulver (China)<\/li>\n<li class=\"whitespace-normal\">Hoganas (Schweden)<\/li>\n<\/ul>\n<p class=\"whitespace-pre-wrap\">Diese Unternehmen stellen verschiedene Qualit\u00e4ten von FeCoNiCrAl-Pulver durch Gasverd\u00fcsung, Wasserverd\u00fcsung und andere Verfahren her, die f\u00fcr AM, thermisches Spritzen, L\u00f6ten und andere anspruchsvolle Anwendungen zugeschnitten sind.<\/p>\n<h2>Preisgestaltung von FeCoNiCrAl-Pulver<\/h2>\n<p class=\"whitespace-pre-wrap\">Die Preise f\u00fcr FeCoNiCrAl-Pulver sind abh\u00e4ngig von Faktoren wie:<\/p>\n<ul class=\"list-disc pl-8 space-y-2\">\n<li class=\"whitespace-normal\">Zusammensetzung, Reinheitsgrad<\/li>\n<li class=\"whitespace-normal\">Gr\u00f6\u00dfe und Morphologie des Pulvers<\/li>\n<li class=\"whitespace-normal\">Produktionsverfahren<\/li>\n<li class=\"whitespace-normal\">Auftragsvolumen<\/li>\n<li class=\"whitespace-normal\">Anbieter<\/li>\n<\/ul>\n<table>\n<thead>\n<tr>\n<th>Klasse<\/th>\n<th>Preisspanne<\/th>\n<\/tr>\n<\/thead>\n<tbody>\n<tr>\n<td>Kommerziell<\/td>\n<td>$60-120 pro kg<\/td>\n<\/tr>\n<tr>\n<td>Hohe Reinheit<\/td>\n<td>$120-250 pro kg<\/td>\n<\/tr>\n<tr>\n<td>Ultrafeine<\/td>\n<td>$250-450 pro kg<\/td>\n<\/tr>\n<tr>\n<td>Besondere Note<\/td>\n<td>$450-850 pro kg<\/td>\n<\/tr>\n<\/tbody>\n<\/table>\n<p>&nbsp;<\/p>\n<p class=\"whitespace-pre-wrap\">Die Preise f\u00fcr gaszerst\u00e4ubte, hochreine und feine Pulver sind h\u00f6her als f\u00fcr einfache, handels\u00fcbliche Sorten.<\/p>\n<h2>Lagerung und Handhabung von FeCoNiCrAl-Pulver<\/h2>\n<p class=\"whitespace-pre-wrap\">Zur richtigen Lagerung und Handhabung von FeCoNiCrAl-Pulver geh\u00f6ren:<\/p>\n<ul class=\"list-disc pl-8 space-y-2\">\n<li class=\"whitespace-normal\">In verschlossenen Beh\u00e4ltern unter Inertgas lagern, um Oxidation zu verhindern<\/li>\n<li class=\"whitespace-normal\">Vermeiden Sie die Ansammlung von feinem Pulver, um Explosionsrisiken zu vermeiden.<\/li>\n<li class=\"whitespace-normal\">Geeignete PSA, Bel\u00fcftung und Sicherheitspraktiken bei der Handhabung verwenden<\/li>\n<li class=\"whitespace-normal\">Verhindern Sie den Kontakt zwischen Pulver und unvertr\u00e4glichen Materialien<\/li>\n<li class=\"whitespace-normal\">Befolgen Sie die geltenden Sicherheitsrichtlinien aus dem SDS des Lieferanten<\/li>\n<\/ul>\n<p class=\"whitespace-pre-wrap\">Vorsicht und Schutzma\u00dfnahmen sind beim Umgang mit diesem reaktiven Legierungspulver unerl\u00e4sslich.<\/p>\n<h2>Inspektion und Pr\u00fcfung von FeCoNiCrAl-Pulver<\/h2>\n<p class=\"whitespace-pre-wrap\">Wichtige Tests zur Qualit\u00e4tskontrolle von FeCoNiCrAl-Pulver:<\/p>\n<ul class=\"list-disc pl-8 space-y-2\">\n<li class=\"whitespace-normal\">Chemische Analyse mittels OES oder XRF, um sicherzustellen, dass die Zusammensetzung innerhalb der festgelegten Grenzwerte liegt<\/li>\n<li class=\"whitespace-normal\">Partikelgr\u00f6\u00dfenverteilung mittels Laserbeugung gem\u00e4\u00df ASTM B822 Standard<\/li>\n<li class=\"whitespace-normal\">Morphologische Analyse durch SEM-Bildgebung<\/li>\n<li class=\"whitespace-normal\">Messung des Pulverdurchsatzes gem\u00e4\u00df ASTM B213 Standard<\/li>\n<li class=\"whitespace-normal\">Dichtebestimmung durch Helium-Pyknometrie<\/li>\n<li class=\"whitespace-normal\">Pr\u00fcfung auf Verunreinigungen mit ICP-MS<\/li>\n<li class=\"whitespace-normal\">Mikrostrukturelle Charakterisierung durch XRD-Phasenanalyse<\/li>\n<\/ul>\n<p class=\"whitespace-pre-wrap\">Gr\u00fcndliche Tests \u00fcberpr\u00fcfen die Qualit\u00e4t und Konsistenz des Pulvers, das die Leistungsanforderungen erf\u00fcllt.<\/p>\n<h2>Vergleich zwischen FeCoNiCrAl und 316L-Edelstahlpulver<\/h2>\n<p class=\"whitespace-pre-wrap\">FeCoNiCrAl- und 316L-Edelstahlpulver im Vergleich:<\/p>\n<table>\n<thead>\n<tr>\n<th>Parameter<\/th>\n<th>FeCoNiCrAl<\/th>\n<th>EDELSTAHL 316L<\/th>\n<\/tr>\n<\/thead>\n<tbody>\n<tr>\n<td>Zusammensetzung<\/td>\n<td>Quin\u00e4re Hochtemperaturlegierung<\/td>\n<td>Rostfreie Fe-Cr-Ni-Legierung<\/td>\n<\/tr>\n<tr>\n<td>Kosten<\/td>\n<td>H\u00f6her<\/td>\n<td>Unter<\/td>\n<\/tr>\n<tr>\n<td>Hohe Temperaturbest\u00e4ndigkeit<\/td>\n<td>Viel besser<\/td>\n<td>M\u00e4\u00dfig<\/td>\n<\/tr>\n<tr>\n<td>Korrosionsbest\u00e4ndigkeit<\/td>\n<td>Vergleichbar<\/td>\n<td>Besser<\/td>\n<\/tr>\n<tr>\n<td>W\u00e4rmeleitf\u00e4higkeit<\/td>\n<td>H\u00f6her<\/td>\n<td>Unter<\/td>\n<\/tr>\n<tr>\n<td>Verarbeitbarkeit<\/td>\n<td>M\u00e4\u00dfig<\/td>\n<td>Ausgezeichnet<\/td>\n<\/tr>\n<tr>\n<td>Anwendungen<\/td>\n<td>Thermisches Spritzen, AM<\/td>\n<td>Automobilindustrie, Bauwesen<\/td>\n<\/tr>\n<\/tbody>\n<\/table>\n<p>&nbsp;<\/p>\n<p class=\"whitespace-pre-wrap\">FeCoNiCrAl bietet eine weit \u00fcberlegene Hochtemperaturfestigkeit, w\u00e4hrend 316L eine bessere Verarbeitungs- und Korrosionsbest\u00e4ndigkeit bei geringeren Kosten bietet.<\/p>\n<h2>FAQs zu FeCoNiCrAl-Pulver<\/h2>\n<p class=\"whitespace-pre-wrap\"><strong>F: Wie wird FeCoNiCrAl-Pulver hergestellt?<\/strong><\/p>\n<p class=\"whitespace-pre-wrap\">A: FeCoNiCrAl-Pulver wird kommerziell durch Gasverd\u00fcsung, Wasserverd\u00fcsung und mechanisches Legieren mit anschlie\u00dfender Sinterung hergestellt. Die Gasverd\u00fcsung bietet die besten Pulvereigenschaften.<\/p>\n<p class=\"whitespace-pre-wrap\"><strong>F: Was sind die wichtigsten Anwendungen f\u00fcr FeCoNiCrAl-Pulver?<\/strong><\/p>\n<p class=\"whitespace-pre-wrap\">A: Zu den Hauptanwendungen geh\u00f6ren thermische Spritzbeschichtungen, additive Fertigung, Hartl\u00f6tzusatzwerkstoffe, pulvermetallurgische Warmarbeitswerkzeuge und Glasverarbeitungsanlagen, bei denen hohe Temperaturbest\u00e4ndigkeit und Umweltresistenz erforderlich sind.<\/p>\n<p class=\"whitespace-pre-wrap\"><strong>F: Welche Partikelgr\u00f6\u00dfe wird f\u00fcr das thermische Spritzen empfohlen?<\/strong><\/p>\n<p class=\"whitespace-pre-wrap\">A: F\u00fcr die meisten thermischen Spritzverfahren wird f\u00fcr FeCoNiCrAl-Pulver ein Partikelgr\u00f6\u00dfenbereich von 45-150 Mikrometern bevorzugt, um die Abscheidungseffizienz und die Beschichtungseigenschaften zu maximieren.<\/p>\n<p class=\"whitespace-pre-wrap\"><strong>F: Erfordert FeCoNiCrAl-Pulver besondere Vorsichtsma\u00dfnahmen bei der Handhabung?<\/strong><\/p>\n<p class=\"whitespace-pre-wrap\">A: Ja, beim Umgang mit diesem reaktionsfreudigen, feinen Legierungspulver sind angemessene Schutzma\u00dfnahmen unerl\u00e4sslich, einschlie\u00dflich inerter Atmosph\u00e4re, Erdung, Bel\u00fcftung und PSA.<\/p>\n<p class=\"whitespace-pre-wrap\"><strong>F: Wo kann ich FeCoNiCrAl-Pulver f\u00fcr die additive Fertigung kaufen?<\/strong><\/p>\n<p class=\"whitespace-pre-wrap\">A: F\u00fcr AM-Anwendungen, die eine hohe Temperaturfestigkeit erfordern, kann feines FeCoNiCrAl-Pulver von f\u00fchrenden Herstellern wie Sandvik, Erasteel, Tekna und AMETEK bezogen werden.<\/p>\n<div id=\"gtx-trans\" style=\"position: absolute; left: 212px; top: 83.8125px;\">\n<div class=\"gtx-trans-icon\"><\/div>\n<\/div>","protected":false},"excerpt":{"rendered":"<p>FeCoNiCrAl-Pulver ist ein Hochleistungslegierungspulver, das Eisen, Kobalt, Nickel, Chrom und Aluminium enth\u00e4lt. Es bietet hervorragende Festigkeit, H\u00e4rte, Verschlei\u00dffestigkeit und Korrosionsbest\u00e4ndigkeit bei hohen Temperaturen.  Das Pulver ist fein granuliert und speziell formuliert, um eine effiziente Nutzung in 3D-Druckern zu erm\u00f6glichen, wo es selektiv Schicht f\u00fcr Schicht aufgetragen werden kann, um komplizierte und komplexe Strukturen zu schaffen.<\/p>","protected":false},"featured_media":2199,"comment_status":"open","ping_status":"closed","template":"","meta":[],"product_brand":[],"product_cat":[31,42],"product_tag":[],"class_list":{"0":"post-1454","1":"product","2":"type-product","3":"status-publish","4":"has-post-thumbnail","6":"product_cat-3d-printing-metal-powder","7":"product_cat-high-entropy-alloy-powder","9":"first","10":"instock","11":"shipping-taxable","12":"product-type-simple"},"_links":{"self":[{"href":"https:\/\/met3dp.sg\/de\/wp-json\/wp\/v2\/product\/1454","targetHints":{"allow":["GET"]}}],"collection":[{"href":"https:\/\/met3dp.sg\/de\/wp-json\/wp\/v2\/product"}],"about":[{"href":"https:\/\/met3dp.sg\/de\/wp-json\/wp\/v2\/types\/product"}],"replies":[{"embeddable":true,"href":"https:\/\/met3dp.sg\/de\/wp-json\/wp\/v2\/comments?post=1454"}],"wp:featuredmedia":[{"embeddable":true,"href":"https:\/\/met3dp.sg\/de\/wp-json\/wp\/v2\/media\/2199"}],"wp:attachment":[{"href":"https:\/\/met3dp.sg\/de\/wp-json\/wp\/v2\/media?parent=1454"}],"wp:term":[{"taxonomy":"product_brand","embeddable":true,"href":"https:\/\/met3dp.sg\/de\/wp-json\/wp\/v2\/product_brand?post=1454"},{"taxonomy":"product_cat","embeddable":true,"href":"https:\/\/met3dp.sg\/de\/wp-json\/wp\/v2\/product_cat?post=1454"},{"taxonomy":"product_tag","embeddable":true,"href":"https:\/\/met3dp.sg\/de\/wp-json\/wp\/v2\/product_tag?post=1454"}],"curies":[{"name":"wp","href":"https:\/\/api.w.org\/{rel}","templated":true}]}}