{"id":1452,"date":"2023-09-07T02:04:49","date_gmt":"2023-09-07T02:04:49","guid":{"rendered":"https:\/\/site3.easyceotech.com\/product\/feconicrmn-powder\/"},"modified":"2023-10-20T07:40:25","modified_gmt":"2023-10-20T07:40:25","slug":"feconicrmn-powder","status":"publish","type":"product","link":"https:\/\/met3dp.sg\/de\/product\/feconicrmn-powder\/","title":{"rendered":"FeCoNiCrMn-Pulver"},"content":{"rendered":"<h2>\u00dcbersicht \u00fcber FeCoNiCrMn-Pulver<\/h2>\n<p class=\"whitespace-pre-wrap\">FeCoNiCrMn geh\u00f6rt zu einer Klasse von Legierungen mit mehreren Hauptelementen, die als Legierungen mit hoher Entropie bekannt sind. Die nahezu \u00e4quiatomische Zusammensetzung bietet eine hohe Konfigurationsentropie, die zu einer hervorragenden Festigkeit, Z\u00e4higkeit und Stabilit\u00e4t bei hohen Temperaturen f\u00fchrt.<\/p>\n<p class=\"whitespace-pre-wrap\">Zu den wichtigsten Eigenschaften von FeCoNiCrMn-Pulver geh\u00f6ren:<\/p>\n<ul class=\"list-disc pl-8 space-y-2\">\n<li class=\"whitespace-normal\">Au\u00dfergew\u00f6hnliche Hochtemperaturfestigkeit und Kriechfestigkeit<\/li>\n<li class=\"whitespace-normal\">Ausgezeichnete Erm\u00fcdungsfestigkeit und Bruchz\u00e4higkeit<\/li>\n<li class=\"whitespace-normal\">Hervorragende Oxidations- und Korrosionsbest\u00e4ndigkeit<\/li>\n<li class=\"whitespace-normal\">Hohe mikrostrukturelle Stabilit\u00e4t bei erh\u00f6hten Temperaturen<\/li>\n<li class=\"whitespace-normal\">Erh\u00e4ltlich in verschiedenen Partikelgr\u00f6\u00dfenverteilungen und Morphologien<\/li>\n<\/ul>\n<p class=\"whitespace-pre-wrap\">FeCoNiCrMn-Pulver eignet sich f\u00fcr Hochtemperatur-Strukturteile, Schutzbeschichtungen, thermisches Spritzen, Schwei\u00dfen, additive Fertigung und andere anspruchsvolle Anwendungen bei erh\u00f6hten Temperaturen.<\/p>\n<h2>Zusammensetzung von FeCoNiCrMn-Pulver<\/h2>\n<p class=\"whitespace-pre-wrap\">FeCoNiCrMn-Pulver hat die nominelle Zusammensetzung:<\/p>\n<table>\n<thead>\n<tr>\n<th>Element<\/th>\n<th>Zusammensetzung<\/th>\n<\/tr>\n<\/thead>\n<tbody>\n<tr>\n<td>Eisen (Fe)<\/td>\n<td>20-25%<\/td>\n<\/tr>\n<tr>\n<td>Kobalt (Co)<\/td>\n<td>20-25%<\/td>\n<\/tr>\n<tr>\n<td>Nickel (Ni)<\/td>\n<td>20-25%<\/td>\n<\/tr>\n<tr>\n<td>Chrom (Cr)<\/td>\n<td>15-20%<\/td>\n<\/tr>\n<tr>\n<td>Mangan (Mn)<\/td>\n<td>10-15%<\/td>\n<\/tr>\n<tr>\n<td>Kohlenstoff (C)<\/td>\n<td>&lt;0,5%<\/td>\n<\/tr>\n<tr>\n<td>Silizium (Si)<\/td>\n<td>&lt;1%<\/td>\n<\/tr>\n<\/tbody>\n<\/table>\n<p><img fetchpriority=\"high\" decoding=\"async\" class=\"size-medium wp-image-1409 aligncenter\" src=\"https:\/\/met3dp.sg\/wp-content\/uploads\/2023\/09\/ed7a94ec-3c10-4b1b-87ed--300x300.jpg\" alt=\"FeCoNiCrMn-Pulver\" width=\"300\" height=\"300\" title=\"\" srcset=\"https:\/\/met3dp.sg\/wp-content\/uploads\/2023\/09\/ed7a94ec-3c10-4b1b-87ed--300x300.jpg 300w, https:\/\/met3dp.sg\/wp-content\/uploads\/2023\/09\/ed7a94ec-3c10-4b1b-87ed--100x100.jpg 100w, https:\/\/met3dp.sg\/wp-content\/uploads\/2023\/09\/ed7a94ec-3c10-4b1b-87ed--150x150.jpg 150w, https:\/\/met3dp.sg\/wp-content\/uploads\/2023\/09\/ed7a94ec-3c10-4b1b-87ed-.jpg 600w\" sizes=\"(max-width: 300px) 100vw, 300px\" \/><\/p>\n<p class=\"whitespace-pre-wrap\">Die hohe Entropiezusammensetzung f\u00fchrt im Vergleich zu herk\u00f6mmlichen Legierungen zu einer \u00fcberlegenen thermischen Stabilit\u00e4t und mechanischen Eigenschaften. Verunreinigungen werden minimiert.<\/p>\n<h2>Eigenschaften von FeCoNiCrMn-Pulver<\/h2>\n<p class=\"whitespace-pre-wrap\">FeCoNiCrMn-Pulver besitzt folgende Eigenschaften:<\/p>\n<table>\n<thead>\n<tr>\n<th>Eigentum<\/th>\n<th>Wert<\/th>\n<\/tr>\n<\/thead>\n<tbody>\n<tr>\n<td>Dichte<\/td>\n<td>8,0-8,3 g\/cm3<\/td>\n<\/tr>\n<tr>\n<td>Schmelzpunkt<\/td>\n<td>1300-1400\u00b0C<\/td>\n<\/tr>\n<tr>\n<td>W\u00e4rmeleitf\u00e4higkeit<\/td>\n<td>15-25 W\/mK<\/td>\n<\/tr>\n<tr>\n<td>Elektrischer spezifischer Widerstand<\/td>\n<td>70-90 \u03bc\u03a9.cm<\/td>\n<\/tr>\n<tr>\n<td>Elastizit\u00e4tsmodul<\/td>\n<td>200\u2013220 GPa<\/td>\n<\/tr>\n<tr>\n<td>Querkontraktionszahl<\/td>\n<td>0.28-0.30<\/td>\n<\/tr>\n<tr>\n<td>Zugfestigkeit<\/td>\n<td>750-1200 MPa<\/td>\n<\/tr>\n<tr>\n<td>Streckgrenze<\/td>\n<td>500-900 MPa<\/td>\n<\/tr>\n<tr>\n<td>Dehnung<\/td>\n<td>20-35%<\/td>\n<\/tr>\n<tr>\n<td>H\u00e4rte<\/td>\n<td>35\u201350 HRC<\/td>\n<\/tr>\n<\/tbody>\n<\/table>\n<p>&nbsp;<\/p>\n<p class=\"whitespace-pre-wrap\">Die Eigenschaften wie Festigkeit, Duktilit\u00e4t, Dauerfestigkeit und H\u00e4rte bleiben bis zu Temperaturen \u00fcber 1000 \u00b0C erhalten.<\/p>\n<h2>Produktionsmethode f\u00fcr FeCoNiCrMn-Pulver<\/h2>\n<p class=\"whitespace-pre-wrap\">Typische Produktionsmethoden f\u00fcr FeCoNiCrMn-Pulver sind:<\/p>\n<ul class=\"list-disc pl-8 space-y-2\">\n<li class=\"whitespace-normal\"><strong>Gaszerst\u00e4ubung<\/strong>\u00a0\u2013 Hochdruck-Inertgas, das zur Zerst\u00e4ubung geschmolzener Legierungen verwendet wird, um feines kugelf\u00f6rmiges Pulver mit guter Flie\u00dff\u00e4higkeit und Packungsdichte zu erzeugen.<\/li>\n<li class=\"whitespace-normal\"><strong>Wasserzerst\u00e4ubung<\/strong>\u00a0\u2013 Ein Wasserstrahl mit hoher Geschwindigkeit bricht den geschmolzenen Metallstrom in feine, unregelm\u00e4\u00dfige Pulverpartikel auf. Geringere Kosten, aber h\u00f6here Sauerstoffaufnahme.<\/li>\n<li class=\"whitespace-normal\"><strong>Mechanisches Legieren<\/strong>\u00a0- Kugelmahlung von gemischten elementaren Pulvern mit anschlie\u00dfender Sinterung und Sekund\u00e4rzerst\u00e4ubung.<\/li>\n<\/ul>\n<p class=\"whitespace-pre-wrap\">Die Gaszerst\u00e4ubung bietet die beste Kontrolle \u00fcber Pulvereigenschaften wie Partikelgr\u00f6\u00dfenverteilung, Morphologie, Reinheit und Mikrostruktur.<\/p>\n<h2>Anwendungen von FeCoNiCrMn-Pulver<\/h2>\n<p class=\"whitespace-pre-wrap\">FeCoNiCrMn-Pulver wird in Hochtemperaturanwendungen verwendet, darunter:<\/p>\n<ul class=\"list-disc pl-8 space-y-2\">\n<li class=\"whitespace-normal\"><strong>Additive Fertigung<\/strong>\u00a0\u2013 Selektives Laserschmelzen zur Herstellung komplexer Teile, die eine au\u00dfergew\u00f6hnliche Hochtemperaturfestigkeit f\u00fcr die Luft- und Raumfahrt, die Automobilindustrie usw. erfordern.<\/li>\n<li class=\"whitespace-normal\"><strong>Thermische Spritzschichten<\/strong>\u00a0\u2013 Drahtlichtbogenspritzen zum Aufbringen dicker Schutzschichten, die Verschlei\u00df-\/Korrosionsbest\u00e4ndigkeit bei erh\u00f6hten Temperaturen \u00fcber 750 \u00b0C bieten.<\/li>\n<li class=\"whitespace-normal\"><strong>L\u00f6tf\u00fcller<\/strong>\u00a0\u2013 Zum Verbinden von Hochtemperaturlegierungen und Keramik aufgrund seiner Oxidationsbest\u00e4ndigkeit.<\/li>\n<li class=\"whitespace-normal\"><strong>Verbrauchsmaterial zum Schwei\u00dfen<\/strong>\u00a0\u2013 Bietet hervorragende Schwei\u00dffestigkeit und Haltbarkeit bei hohen Temperaturen oder korrosiven Betriebsbedingungen.<\/li>\n<li class=\"whitespace-normal\"><strong>Vorrichtungen zur W\u00e4rmebehandlung<\/strong>\u00a0\u2013 Tabletts, K\u00f6rbe und Vorrichtungen f\u00fcr die Pulvermetallurgie, die in W\u00e4rmebehandlungs\u00f6fen verwendet werden.<\/li>\n<\/ul>\n<h2>Spezifikationen von FeCoNiCrMn-Pulver<\/h2>\n<p class=\"whitespace-pre-wrap\">FeCoNiCrMn-Pulver ist in verschiedenen Gr\u00f6\u00dfenbereichen, Formen, Qualit\u00e4ten und Reinheitsgraden erh\u00e4ltlich:<\/p>\n<ul class=\"list-disc pl-8 space-y-2\">\n<li class=\"whitespace-normal\"><strong>Partikelgr\u00f6\u00dfe:<\/strong>\u00a0Von 10-45 \u03bcm f\u00fcr AM-Verfahren, bis zu 150 \u03bcm f\u00fcr thermische Spritzverfahren.<\/li>\n<li class=\"whitespace-normal\"><strong>Morphologie:<\/strong>\u00a0Sph\u00e4rische, unregelm\u00e4\u00dfige und gemischte Formen. Kugelf\u00f6rmiges Pulver sorgt f\u00fcr optimale Flie\u00dff\u00e4higkeit und Packungsdichte.<\/li>\n<li class=\"whitespace-normal\"><strong>Reinheit:<\/strong>\u00a0Von kommerzieller Reinheit bis hin zu ultrahohen Reinheitsgraden basierend auf strengen chemischen Analyse- und Anwendungsanforderungen.<\/li>\n<li class=\"whitespace-normal\"><strong>Fl\u00e4che:<\/strong>\u00a0Geringe Oberfl\u00e4che bevorzugt, um die Oxidation w\u00e4hrend der Handhabung und Lagerung zu minimieren.<\/li>\n<li class=\"whitespace-normal\"><strong>Noten:<\/strong>\u00a0Kundenspezifische Zusammensetzung und Pulvereigenschaften, abgestimmt auf die beabsichtigte Anwendung und Verarbeitungsmethode.<\/li>\n<\/ul>\n<h2>Globale Lieferanten von FeCoNiCrMn-Pulver<\/h2>\n<p class=\"whitespace-pre-wrap\">Zu den weltweit gr\u00f6\u00dften Anbietern von FeCoNiCrMn-Pulver geh\u00f6ren:<\/p>\n<ul class=\"list-disc pl-8 space-y-2\">\n<li class=\"whitespace-normal\">Sandvik Osprey (UK)<\/li>\n<li class=\"whitespace-normal\">Erasteel (Frankreich)<\/li>\n<li class=\"whitespace-normal\">Tekna (Kanada)<\/li>\n<li class=\"whitespace-normal\">Edgetech Industries (USA)<\/li>\n<li class=\"whitespace-normal\">CNPC-Pulver (China)<\/li>\n<li class=\"whitespace-normal\">Hoganas (Schweden)<\/li>\n<li class=\"whitespace-normal\">AMETEK (US)<\/li>\n<\/ul>\n<p class=\"whitespace-pre-wrap\">Diese Unternehmen produzieren verschiedene Qualit\u00e4ten von FeCoNiCrMn-Pulver mithilfe von Gaszerst\u00e4ubungs-, Wasserzerst\u00e4ubungs- und mechanischen Legierungsprozessen, die auf anspruchsvolle Anwendungen zugeschnitten sind.<\/p>\n<h2>Preise f\u00fcr FeCoNiCrMn-Pulver<\/h2>\n<p class=\"whitespace-pre-wrap\">Die Preise f\u00fcr FeCoNiCrMn-Pulver h\u00e4ngen von folgenden Faktoren ab:<\/p>\n<ul class=\"list-disc pl-8 space-y-2\">\n<li class=\"whitespace-normal\">Zusammensetzung, Reinheitsgrad<\/li>\n<li class=\"whitespace-normal\">Partikelgr\u00f6\u00dfenverteilung und Form<\/li>\n<li class=\"whitespace-normal\">Produktionsverfahren<\/li>\n<li class=\"whitespace-normal\">Bestellmenge<\/li>\n<li class=\"whitespace-normal\">Hersteller und geografischer Standort<\/li>\n<\/ul>\n<table>\n<thead>\n<tr>\n<th>Klasse<\/th>\n<th>Preisspanne<\/th>\n<\/tr>\n<\/thead>\n<tbody>\n<tr>\n<td>Kommerziell<\/td>\n<td>$100-150 pro kg<\/td>\n<\/tr>\n<tr>\n<td>Hohe Reinheit<\/td>\n<td>$150-300 pro kg<\/td>\n<\/tr>\n<tr>\n<td>Ultrafeine<\/td>\n<td>$300-500 pro kg<\/td>\n<\/tr>\n<tr>\n<td>Besondere Note<\/td>\n<td>$500-1000 pro kg<\/td>\n<\/tr>\n<\/tbody>\n<\/table>\n<p>&nbsp;<\/p>\n<p class=\"whitespace-pre-wrap\">Gaszerst\u00e4ubte Pulver mit kontrollierter Partikelgr\u00f6\u00dfe und hohem Reinheitsgrad sind im Vergleich zu handels\u00fcblichen Qualit\u00e4ten wesentlich teurer.<\/p>\n<h2>Lagerung und Handhabung von FeCoNiCrMn-Pulver<\/h2>\n<p class=\"whitespace-pre-wrap\">FeCoNiCrMn-Pulver erfordert sorgf\u00e4ltige Lagerung und Handhabung:<\/p>\n<ul class=\"list-disc pl-8 space-y-2\">\n<li class=\"whitespace-normal\">Sollte in versiegelten Beh\u00e4ltern unter Inertgas gelagert werden, um Oxidation zu verhindern<\/li>\n<li class=\"whitespace-normal\">Die Gefahr einer Staubexplosion durch die Ansammlung feiner Pulver muss unter Kontrolle gehalten werden<\/li>\n<li class=\"whitespace-normal\">Verwenden Sie beim Umgang mit Pulver geeignete PSA, Bel\u00fcftung und Sicherheitsma\u00dfnahmen<\/li>\n<li class=\"whitespace-normal\">Verhindern Sie den Kontakt zwischen Pulver und unvertr\u00e4glichen Materialien<\/li>\n<li class=\"whitespace-normal\">Befolgen Sie die geltenden Sicherheitsrichtlinien aus dem SDS des Lieferanten<\/li>\n<\/ul>\n<p class=\"whitespace-pre-wrap\">Beim Umgang mit diesem reaktiven Legierungspulver sind angemessene Schutzma\u00dfnahmen unerl\u00e4sslich.<\/p>\n<h2>Inspektion und Pr\u00fcfung von FeCoNiCrMn-Pulver<\/h2>\n<p class=\"whitespace-pre-wrap\">Wichtige Qualit\u00e4tskontrolltests, die an FeCoNiCrMn-Pulver durchgef\u00fchrt wurden:<\/p>\n<ul class=\"list-disc pl-8 space-y-2\">\n<li class=\"whitespace-normal\">Chemische Analyse mittels OES oder XRF, um sicherzustellen, dass die Zusammensetzung innerhalb der festgelegten Grenzwerte liegt<\/li>\n<li class=\"whitespace-normal\">Partikelgr\u00f6\u00dfenverteilung mittels Laserbeugung gem\u00e4\u00df ASTM B822 Standard<\/li>\n<li class=\"whitespace-normal\">Morphologische Analyse durch SEM-Bildgebung<\/li>\n<li class=\"whitespace-normal\">Messung des Pulverdurchsatzes gem\u00e4\u00df ASTM B213 Standard<\/li>\n<li class=\"whitespace-normal\">Dichtebestimmung durch Helium-Pyknometrie<\/li>\n<li class=\"whitespace-normal\">Pr\u00fcfung auf Verunreinigungen mit ICP-MS<\/li>\n<li class=\"whitespace-normal\">Mikrostrukturelle Charakterisierung durch XRD-Phasenanalyse<\/li>\n<\/ul>\n<p class=\"whitespace-pre-wrap\">Gr\u00fcndliche Tests pr\u00fcfen die Qualit\u00e4t und Konsistenz des Pulvers f\u00fcr die vorgesehene Hochtemperaturanwendung.<\/p>\n<h2>Vergleich zwischen FeCoNiCrMn- und Inconel 718-Pulvern<\/h2>\n<p class=\"whitespace-pre-wrap\">FeCoNiCrMn- und Inconel 718-Pulver im Vergleich:<\/p>\n<table>\n<thead>\n<tr>\n<th>Parameter<\/th>\n<th>FeCoNiCrMn<\/th>\n<th>Inconel 718<\/th>\n<\/tr>\n<\/thead>\n<tbody>\n<tr>\n<td>Zusammensetzung<\/td>\n<td>Legierung mit hoher Entropie<\/td>\n<td>Ni-Cr-Nb-Legierung<\/td>\n<\/tr>\n<tr>\n<td>Kosten<\/td>\n<td>H\u00f6her<\/td>\n<td>Unter<\/td>\n<\/tr>\n<tr>\n<td>Hohe Temperaturbest\u00e4ndigkeit<\/td>\n<td>Viel besser<\/td>\n<td>Sehr gut bis 700\u00b0C<\/td>\n<\/tr>\n<tr>\n<td>Korrosionsbest\u00e4ndigkeit<\/td>\n<td>Vergleichbar<\/td>\n<td>Vergleichbar<\/td>\n<\/tr>\n<tr>\n<td>Verarbeitbarkeit<\/td>\n<td>M\u00e4\u00dfig<\/td>\n<td>Ausgezeichnet<\/td>\n<\/tr>\n<tr>\n<td>Anwendungen<\/td>\n<td>Thermisches Spritzen, AM<\/td>\n<td>Luft- und Raumfahrtkomponenten, Federn<\/td>\n<\/tr>\n<tr>\n<td>Verf\u00fcgbarkeit<\/td>\n<td>M\u00e4\u00dfig<\/td>\n<td>Leicht verf\u00fcgbar<\/td>\n<\/tr>\n<\/tbody>\n<\/table>\n<p>&nbsp;<\/p>\n<p class=\"whitespace-pre-wrap\">FeCoNiCrMn bietet eine \u00fcberlegene Hochtemperaturfestigkeit, w\u00e4hrend Inconel 718 eine bessere Verarbeitbarkeit und Verf\u00fcgbarkeit aufweist.<\/p>\n<h2>H\u00e4ufig gestellte Fragen zu FeCoNiCrMn-Pulver<\/h2>\n<p class=\"whitespace-pre-wrap\"><strong>F: Wie wird FeCoNiCrMn-Pulver hergestellt?<\/strong><\/p>\n<p class=\"whitespace-pre-wrap\">A: FeCoNiCrMn-Pulver wird kommerziell durch Gaszerst\u00e4ubung, Wasserzerst\u00e4ubung und mechanisches Legieren mit anschlie\u00dfendem Sintern hergestellt. Die Gaszerst\u00e4ubung bietet die besten Pulvereigenschaften.<\/p>\n<p class=\"whitespace-pre-wrap\"><strong>F: Was sind die Hauptanwendungen f\u00fcr FeCoNiCrMn-Pulver?<\/strong><\/p>\n<p class=\"whitespace-pre-wrap\">A: Zu den Hauptanwendungen geh\u00f6ren additive Fertigung, thermische Spritzbeschichtungen, Hartl\u00f6tf\u00fcllstoffe, Hochtemperaturschwei\u00dfen und pulvermetallurgische Warmarbeitswerkzeuge, bei denen eine au\u00dfergew\u00f6hnliche Hochtemperaturfestigkeit erforderlich ist.<\/p>\n<p class=\"whitespace-pre-wrap\"><strong>F: Welche Partikelgr\u00f6\u00dfe wird f\u00fcr das thermische Spritzen empfohlen?<\/strong><\/p>\n<p class=\"whitespace-pre-wrap\">A: F\u00fcr die meisten thermischen Spritzverfahren wird f\u00fcr FeCoNiCrMn-Pulver ein Partikelgr\u00f6\u00dfenbereich von 45\u2013150 Mikrometern bevorzugt, um die Abscheidungseffizienz und Beschichtungseigenschaften zu maximieren.<\/p>\n<p class=\"whitespace-pre-wrap\"><strong>F: Erfordert FeCoNiCrMn-Pulver besondere Vorsichtsma\u00dfnahmen bei der Handhabung?<\/strong><\/p>\n<p class=\"whitespace-pre-wrap\">A: Ja, beim Umgang mit diesem reaktionsfreudigen, feinen Legierungspulver sind angemessene Schutzma\u00dfnahmen unerl\u00e4sslich, einschlie\u00dflich inerter Atmosph\u00e4re, Erdung, Bel\u00fcftung und PSA.<\/p>\n<p class=\"whitespace-pre-wrap\"><strong>F: Wo kann ich FeCoNiCrMn-Pulver kaufen, das f\u00fcr die additive Fertigung geeignet ist?<\/strong><\/p>\n<p class=\"whitespace-pre-wrap\">A: F\u00fcr AM-Anwendungen, die eine hohe Temperaturfestigkeit erfordern, kann feines FeCoNiCrMn-Pulver von f\u00fchrenden Herstellern wie Sandvik, Erasteel, Tekna und Edgetech Industries erworben werden.<\/p>\n<div id=\"gtx-trans\" style=\"position: absolute; left: -113px; top: 59.8125px;\">\n<div class=\"gtx-trans-icon\"><\/div>\n<\/div>","protected":false},"excerpt":{"rendered":"<p>FeCoNiCrMn geh\u00f6rt zu einer Klasse von Legierungen mit mehreren Hauptelementen, die als Legierungen mit hoher Entropie bekannt sind. Die nahezu \u00e4quiatomische Zusammensetzung bietet eine hohe Konfigurationsentropie, die zu einer hervorragenden Festigkeit, Z\u00e4higkeit und Stabilit\u00e4t bei hohen Temperaturen f\u00fchrt.<\/p>","protected":false},"featured_media":2187,"comment_status":"open","ping_status":"closed","template":"","meta":[],"product_brand":[],"product_cat":[31,42],"product_tag":[],"class_list":{"0":"post-1452","1":"product","2":"type-product","3":"status-publish","4":"has-post-thumbnail","6":"product_cat-3d-printing-metal-powder","7":"product_cat-high-entropy-alloy-powder","9":"first","10":"instock","11":"shipping-taxable","12":"product-type-simple"},"_links":{"self":[{"href":"https:\/\/met3dp.sg\/de\/wp-json\/wp\/v2\/product\/1452","targetHints":{"allow":["GET"]}}],"collection":[{"href":"https:\/\/met3dp.sg\/de\/wp-json\/wp\/v2\/product"}],"about":[{"href":"https:\/\/met3dp.sg\/de\/wp-json\/wp\/v2\/types\/product"}],"replies":[{"embeddable":true,"href":"https:\/\/met3dp.sg\/de\/wp-json\/wp\/v2\/comments?post=1452"}],"wp:featuredmedia":[{"embeddable":true,"href":"https:\/\/met3dp.sg\/de\/wp-json\/wp\/v2\/media\/2187"}],"wp:attachment":[{"href":"https:\/\/met3dp.sg\/de\/wp-json\/wp\/v2\/media?parent=1452"}],"wp:term":[{"taxonomy":"product_brand","embeddable":true,"href":"https:\/\/met3dp.sg\/de\/wp-json\/wp\/v2\/product_brand?post=1452"},{"taxonomy":"product_cat","embeddable":true,"href":"https:\/\/met3dp.sg\/de\/wp-json\/wp\/v2\/product_cat?post=1452"},{"taxonomy":"product_tag","embeddable":true,"href":"https:\/\/met3dp.sg\/de\/wp-json\/wp\/v2\/product_tag?post=1452"}],"curies":[{"name":"wp","href":"https:\/\/api.w.org\/{rel}","templated":true}]}}