{"id":1443,"date":"2023-09-07T02:04:49","date_gmt":"2023-09-07T02:04:49","guid":{"rendered":"https:\/\/site3.easyceotech.com\/product\/titanium-and-aluminum-ta7-powder\/"},"modified":"2023-10-18T11:52:36","modified_gmt":"2023-10-18T11:52:36","slug":"titanium-and-aluminum-ta7-powder","status":"publish","type":"product","link":"https:\/\/met3dp.sg\/de\/product\/titanium-and-aluminum-ta7-powder\/","title":{"rendered":"Titan- und Aluminiumpulver TA7"},"content":{"rendered":"<h2>\u00dcberblick \u00fcber Titan- und Aluminium TA7-Pulver<\/h2>\n<p class=\"whitespace-pre-wrap\">TA7 geh\u00f6rt zum intermetallischen Titan-Aluminid-Legierungssystem, das die leichten Eigenschaften von Aluminium mit der Festigkeit und Korrosionsbest\u00e4ndigkeit von Titan verbindet. Das nahezu \u00e4quiatomische Verh\u00e4ltnis von Ti und Al bietet ein hervorragendes Gleichgewicht der Eigenschaften f\u00fcr Anwendungen bei erh\u00f6hten Temperaturen.<\/p>\n<p class=\"whitespace-pre-wrap\">Zu den wichtigsten Merkmalen von TA7-Pulver geh\u00f6ren:<\/p>\n<ul class=\"list-disc pl-8 space-y-2\">\n<li class=\"whitespace-normal\">Sehr hohe spezifische Festigkeit (Verh\u00e4ltnis von Festigkeit zu Gewicht)<\/li>\n<li class=\"whitespace-normal\">Ausgezeichnete Hochtemperatur-Zug- und Kriechfestigkeit<\/li>\n<li class=\"whitespace-normal\">Geringe Dichte im Vergleich zu Nickel- oder Stahllegierungen<\/li>\n<li class=\"whitespace-normal\">Gute Korrosionsbest\u00e4ndigkeit in verschiedenen Umgebungen<\/li>\n<li class=\"whitespace-normal\">Erh\u00e4ltlich in einer Reihe von Partikelgr\u00f6\u00dfen und Morphologien<\/li>\n<\/ul>\n<p class=\"whitespace-pre-wrap\">TA7-Pulver eignet sich hervorragend zur Gewichtsreduzierung und Effizienzsteigerung in Triebwerken und Flugzeugzellen, die bei hohen Temperaturen betrieben werden.<\/p>\n<h2>Chemische Zusammensetzung von TA7-Pulver<\/h2>\n<p class=\"whitespace-pre-wrap\">TA7-Pulver hat die folgende nominelle Zusammensetzung:<\/p>\n<table>\n<thead>\n<tr>\n<th>Element<\/th>\n<th>Gewicht %<\/th>\n<\/tr>\n<\/thead>\n<tbody>\n<tr>\n<td>Titan (Ti)<\/td>\n<td>Bilanz<\/td>\n<\/tr>\n<tr>\n<td>Aluminium (Al)<\/td>\n<td>7%<\/td>\n<\/tr>\n<tr>\n<td>Zinn (Sn)<\/td>\n<td>2-5%<\/td>\n<\/tr>\n<tr>\n<td>Zirkonium (Zr)<\/td>\n<td>1-4%<\/td>\n<\/tr>\n<tr>\n<td>Silizium (Si)<\/td>\n<td>0,5% max<\/td>\n<\/tr>\n<tr>\n<td>Kohlenstoff (C)<\/td>\n<td>0,1% max<\/td>\n<\/tr>\n<tr>\n<td>Sauerstoff (O)<\/td>\n<td>0,13% max<\/td>\n<\/tr>\n<\/tbody>\n<\/table>\n<p><img fetchpriority=\"high\" decoding=\"async\" class=\"size-medium wp-image-1409 aligncenter\" src=\"https:\/\/met3dp.sg\/wp-content\/uploads\/2023\/09\/ed7a94ec-3c10-4b1b-87ed--300x300.jpg\" alt=\"Titan- und Aluminiumpulver TA7\" width=\"300\" height=\"300\" title=\"\" srcset=\"https:\/\/met3dp.sg\/wp-content\/uploads\/2023\/09\/ed7a94ec-3c10-4b1b-87ed--300x300.jpg 300w, https:\/\/met3dp.sg\/wp-content\/uploads\/2023\/09\/ed7a94ec-3c10-4b1b-87ed--100x100.jpg 100w, https:\/\/met3dp.sg\/wp-content\/uploads\/2023\/09\/ed7a94ec-3c10-4b1b-87ed--150x150.jpg 150w, https:\/\/met3dp.sg\/wp-content\/uploads\/2023\/09\/ed7a94ec-3c10-4b1b-87ed-.jpg 600w\" sizes=\"(max-width: 300px) 100vw, 300px\" \/><\/p>\n<p class=\"whitespace-pre-wrap\">Die Menge an Zinn und Zirkonium kann zur Optimierung der mechanischen Eigenschaften bei hohen Temperaturen variiert werden. Der Gehalt an Verunreinigungen wie Si, C und O wird minimiert.<\/p>\n<h2>Eigenschaften von TA7-Pulver<\/h2>\n<p class=\"whitespace-pre-wrap\">Zu den wichtigsten Eigenschaften von TA7-Pulver geh\u00f6ren:<\/p>\n<table>\n<thead>\n<tr>\n<th>Eigentum<\/th>\n<th>Wert<\/th>\n<\/tr>\n<\/thead>\n<tbody>\n<tr>\n<td>Dichte<\/td>\n<td>3,7-4,0 g\/cm3<\/td>\n<\/tr>\n<tr>\n<td>Schmelzpunkt<\/td>\n<td>1460\u00b0C<\/td>\n<\/tr>\n<tr>\n<td>W\u00e4rmeleitf\u00e4higkeit<\/td>\n<td>6,7 W\/mK<\/td>\n<\/tr>\n<tr>\n<td>Elektrischer spezifischer Widerstand<\/td>\n<td>1,78 \u03bc\u03a9.cm<\/td>\n<\/tr>\n<tr>\n<td>Elastizit\u00e4tsmodul<\/td>\n<td>110 GPa<\/td>\n<\/tr>\n<tr>\n<td>Querkontraktionszahl<\/td>\n<td>0.32<\/td>\n<\/tr>\n<tr>\n<td>Zugfestigkeit<\/td>\n<td>800 MPa<\/td>\n<\/tr>\n<tr>\n<td>Streckgrenze<\/td>\n<td>760 MPa<\/td>\n<\/tr>\n<tr>\n<td>Dehnung<\/td>\n<td>1-2%<\/td>\n<\/tr>\n<tr>\n<td>Kriechwiderstand<\/td>\n<td>190 MPa bei 700\u00b0C<\/td>\n<\/tr>\n<\/tbody>\n<\/table>\n<p>&nbsp;<\/p>\n<p class=\"whitespace-pre-wrap\">Dank seiner Eigenschaften wie hohe Festigkeit, geringe Dichte, Oxidationsbest\u00e4ndigkeit und thermische Stabilit\u00e4t eignet sich TA7 f\u00fcr die anspruchsvollsten Anwendungen bei hohen Temperaturen.<\/p>\n<h2>Herstellungsverfahren f\u00fcr TA7-Pulver<\/h2>\n<p class=\"whitespace-pre-wrap\">TA7-Pulver kann durch folgende Methoden hergestellt werden:<\/p>\n<ul class=\"list-disc pl-8 space-y-2\">\n<li class=\"whitespace-normal\"><strong>Gaszerst\u00e4ubung<\/strong>\u00a0- Hochdruck-Inertgas zur Zerst\u00e4ubung der geschmolzenen TA7-Legierung, wodurch ein kugelf\u00f6rmiges Pulver entsteht, das sich ideal f\u00fcr AM eignet.<\/li>\n<li class=\"whitespace-normal\"><strong>Plasma-Rotationselektroden-Verfahren<\/strong>\u00a0- Durch Zentrifugalzerlegung des schnell rotierenden geschmolzenen Metallstroms entsteht kugelf\u00f6rmiges Pulver.<\/li>\n<li class=\"whitespace-normal\"><strong>Mechanisches Legieren<\/strong>\u00a0- Hochenergie-Kugelmahlen von Mischpulvern aus elementarem Ti und Al, gefolgt von Gl\u00fchen.<\/li>\n<\/ul>\n<p class=\"whitespace-pre-wrap\">Die Gaszerst\u00e4ubung bietet eine hervorragende Kontrolle \u00fcber die Pulvereigenschaften wie Partikelgr\u00f6\u00dfenverteilung, Morphologie, Mikrosauberkeit und Flie\u00dff\u00e4higkeit.<\/p>\n<h2>Anwendungen von TA7-Pulver<\/h2>\n<p class=\"whitespace-pre-wrap\">TA7-Pulver wird \u00fcblicherweise verwendet in:<\/p>\n<ul class=\"list-disc pl-8 space-y-2\">\n<li class=\"whitespace-normal\"><strong>Additive Fertigung<\/strong>\u00a0- Selektives Laserschmelzen zur Herstellung komplexer Schaufelformen, Laufr\u00e4der und Turbinenschaufeln.<\/li>\n<li class=\"whitespace-normal\"><strong>Metall-Spritzgie\u00dfen<\/strong>\u00a0- Zur Herstellung kleiner, komplexer Net-Shape-Teile wie Turboladerkomponenten, die eine hohe Festigkeit und Temperaturbest\u00e4ndigkeit erfordern.<\/li>\n<li class=\"whitespace-normal\"><strong>Thermische Spritzschichten<\/strong>\u00a0- Wird durch Plasma- oder HVOF-Spritzen auf Ventiloberfl\u00e4chen, Lagern und Fahrwerkskomponenten aufgebracht, die Verschlei\u00df-\/Korrosionsbest\u00e4ndigkeit bei hohen Temperaturen ben\u00f6tigen.<\/li>\n<li class=\"whitespace-normal\"><strong>Pulvermetallurgie<\/strong>\u00a0- Pressen und Sintern zur Herstellung leichter, hochfester Strukturteile f\u00fcr Luft- und Raumfahrtanwendungen.<\/li>\n<\/ul>\n<h2>Spezifikationen von TA7-Pulver<\/h2>\n<p class=\"whitespace-pre-wrap\">TA7-Pulver ist in verschiedenen Gr\u00f6\u00dfenordnungen, Formen und Reinheitsgraden erh\u00e4ltlich:<\/p>\n<ul class=\"list-disc pl-8 space-y-2\">\n<li class=\"whitespace-normal\"><strong>Partikelgr\u00f6\u00dfe:<\/strong>\u00a0Von 15-45 \u03bcm f\u00fcr AM-Verfahren, bis zu 100 \u03bcm f\u00fcr thermische Spritzverfahren.<\/li>\n<li class=\"whitespace-normal\"><strong>Morphologie:<\/strong>\u00a0Die nahezu kugelf\u00f6rmige Form des Pulvers sorgt f\u00fcr einen optimalen Fluss und eine optimale Packungsdichte.<\/li>\n<li class=\"whitespace-normal\"><strong>Reinheit:<\/strong>\u00a0Von handels\u00fcblichen Reinheitsgraden bis hin zu h\u00f6chsten Reinheitsgraden auf der Grundlage von Verunreinigungsgrenzen und Prozessanforderungen.<\/li>\n<li class=\"whitespace-normal\"><strong>Sauerstoffgehalt:<\/strong>\u00a0Bei den meisten Anwendungen werden die Werte unter 2000 ppm gehalten.<\/li>\n<li class=\"whitespace-normal\"><strong>Durchflussmenge:<\/strong>\u00a0Pulver nach Ma\u00df f\u00fcr hervorragende Flie\u00dfgeschwindigkeiten \u00fcber 25 s\/50 g.<\/li>\n<\/ul>\n<h2>Globale Lieferanten von TA7-Pulver<\/h2>\n<p class=\"whitespace-pre-wrap\">Zu den weltweit wichtigsten Anbietern von TA7-Pulver geh\u00f6ren:<\/p>\n<ul class=\"list-disc pl-8 space-y-2\">\n<li class=\"whitespace-normal\">AP&amp;C (Kanada)<\/li>\n<li class=\"whitespace-normal\">TLS Technik (Deutschland)<\/li>\n<li class=\"whitespace-normal\">Sandvik Osprey (UK)<\/li>\n<li class=\"whitespace-normal\">Tekna (Kanada)<\/li>\n<li class=\"whitespace-normal\">ECKA Granulat (Deutschland)<\/li>\n<li class=\"whitespace-normal\">Metalltechnik (UK)<\/li>\n<\/ul>\n<p class=\"whitespace-pre-wrap\">Diese Unternehmen stellen verschiedene TA7-Pulversorten her, die f\u00fcr die additive Fertigung, das thermische Spritzen, die Pulvermetallurgie und andere Hochtemperaturanwendungen geeignet sind.<\/p>\n<h2>Preisgestaltung von TA7-Pulver<\/h2>\n<p class=\"whitespace-pre-wrap\">TA7-Pulver ist teurer als St\u00e4hle und Nickellegierungen:<\/p>\n<ul class=\"list-disc pl-8 space-y-2\">\n<li class=\"whitespace-normal\"><strong>Menge<\/strong>\u00a0- $100-150 pro kg f\u00fcr Gro\u00dfauftr\u00e4ge \u00fcber 500 kg. Kleinere Mengen sind preislich deutlich h\u00f6her.<\/li>\n<li class=\"whitespace-normal\"><strong>Qualit\u00e4t<\/strong>\u00a0- Hochreines, kugelf\u00f6rmiges Pulver, das unter streng kontrollierten Bedingungen und mit fortschrittlichen Verfahren hergestellt wird, erfordert einen hohen Preis.<\/li>\n<li class=\"whitespace-normal\"><strong>Anbieter<\/strong>\u00a0- Gro\u00dfe, weltweit t\u00e4tige Anbieter bieten aufgrund h\u00f6herer Produktionsmengen Kostenvorteile im Vergleich zu kleineren Herstellern.<\/li>\n<li class=\"whitespace-normal\"><strong>Geographie<\/strong>\u00a0- Die Preise variieren von Region zu Region, wobei Europa und Nordamerika im Vergleich zu Asien h\u00f6herpreisige M\u00e4rkte sind.<\/li>\n<\/ul>\n<p class=\"whitespace-pre-wrap\">Bei kritischen Anwendungen sollten die K\u00e4ufer bei der Beschaffung von TA7-Pulver eher auf die Qualit\u00e4t des Pulvers als auf die niedrigsten Kosten achten.<\/p>\n<h2>Lagerung und Handhabung von TA7-Pulver<\/h2>\n<p class=\"whitespace-pre-wrap\">TA7-Pulver erfordert eine sorgf\u00e4ltige Lagerung und Handhabung:<\/p>\n<ul class=\"list-disc pl-8 space-y-2\">\n<li class=\"whitespace-normal\">Sollte in versiegelten Beh\u00e4ltern unter Inertgas wie Argon gelagert werden, um Oxidation zu verhindern.<\/li>\n<li class=\"whitespace-normal\">Vermeiden Sie die Ansammlung von feinem Pulver, um die Gefahr von Staubexplosionen zu minimieren.<\/li>\n<li class=\"whitespace-normal\">Verwenden Sie beim Umgang mit Pulver die richtige PSA, Bel\u00fcftung, Erdung und Sicherheitspraktiken.<\/li>\n<li class=\"whitespace-normal\">Vermeiden Sie den Kontakt des Pulvers mit Z\u00fcndquellen, da es entflammbar ist.<\/li>\n<li class=\"whitespace-normal\">Befolgen Sie die geltenden Sicherheitsrichtlinien aus dem Sicherheitsdatenblatt des Lieferanten.<\/li>\n<\/ul>\n<p class=\"whitespace-pre-wrap\">Beim Umgang mit diesem hochreaktiven Legierungspulver ist Vorsicht geboten.<\/p>\n<h2>Inspektion und Pr\u00fcfung von TA7-Pulver<\/h2>\n<p class=\"whitespace-pre-wrap\">Wichtige Tests zur Qualit\u00e4tskontrolle von TA7-Pulver:<\/p>\n<ul class=\"list-disc pl-8 space-y-2\">\n<li class=\"whitespace-normal\">Chemische Analyse mittels ICP-OES oder XRF, um sicherzustellen, dass die Zusammensetzung den Spezifikationen entspricht.<\/li>\n<li class=\"whitespace-normal\">Partikelgr\u00f6\u00dfenverteilung mittels Laserbeugung gem\u00e4\u00df ASTM B822.<\/li>\n<li class=\"whitespace-normal\">Morphologische Analyse durch REM-Bildgebung.<\/li>\n<li class=\"whitespace-normal\">Messung des Pulverdurchsatzes mit einem Hall-Durchflussmesser gem\u00e4\u00df ASTM B213.<\/li>\n<li class=\"whitespace-normal\">Dichtemessung durch Helium-Pyknometrie.<\/li>\n<li class=\"whitespace-normal\">Analyse von Verunreinigungen durch Inertgasfusion oder ICP-MS.<\/li>\n<li class=\"whitespace-normal\">Charakterisierung des Mikrogef\u00fcges durch R\u00f6ntgenbeugung.<\/li>\n<\/ul>\n<p class=\"whitespace-pre-wrap\">Gr\u00fcndliche Tests gew\u00e4hrleisten die Konsistenz der Chargen und die Qualit\u00e4t des Pulvers f\u00fcr die vorgesehene Anwendung.<\/p>\n<h2>Vergleich zwischen TA7- und Inconel 718-Pulver<\/h2>\n<p class=\"whitespace-pre-wrap\">TA7- und Inconel 718-Pulver im Vergleich:<\/p>\n<table>\n<thead>\n<tr>\n<th>Parameter<\/th>\n<th>TA7<\/th>\n<th>Inconel 718<\/th>\n<\/tr>\n<\/thead>\n<tbody>\n<tr>\n<td>Dichte<\/td>\n<td>3,7-4,0 g\/cm3<\/td>\n<td>8,2 g\/cm3<\/td>\n<\/tr>\n<tr>\n<td>Hohe Temperaturbest\u00e4ndigkeit<\/td>\n<td>Vergleichbar<\/td>\n<td>Vergleichbar<\/td>\n<\/tr>\n<tr>\n<td>Oxidationsbest\u00e4ndigkeit<\/td>\n<td>Besser<\/td>\n<td>Gut<\/td>\n<\/tr>\n<tr>\n<td>Kosten<\/td>\n<td>H\u00f6her<\/td>\n<td>Unter<\/td>\n<\/tr>\n<tr>\n<td>Verarbeitbarkeit<\/td>\n<td>Schlecht<\/td>\n<td>Ausgezeichnet<\/td>\n<\/tr>\n<tr>\n<td>Anwendungen<\/td>\n<td>Komponenten f\u00fcr die Luft- und Raumfahrt<\/td>\n<td>Luft- und Raumfahrt, Automobilindustrie<\/td>\n<\/tr>\n<tr>\n<td>Verf\u00fcgbarkeit<\/td>\n<td>Niedrig<\/td>\n<td>Leicht verf\u00fcgbar<\/td>\n<\/tr>\n<\/tbody>\n<\/table>\n<p>&nbsp;<\/p>\n<p class=\"whitespace-pre-wrap\">TA7 bietet Gewichtseinsparungen gegen\u00fcber Inconel 718. Aber die Verarbeitbarkeit ist schlecht und die Verf\u00fcgbarkeit von Titanaluminidpulver ist geringer.<\/p>\n<h2>FAQs zu TA7-Pulver<\/h2>\n<p class=\"whitespace-pre-wrap\"><strong>F: Wie wird TA7-Pulver hergestellt?<\/strong><\/p>\n<p class=\"whitespace-pre-wrap\">A: TA7-Pulver wird kommerziell durch Gaszerst\u00e4ubung, Plasmadrehelektrodenverfahren und mechanisches Legieren mit anschlie\u00dfendem Gl\u00fchen hergestellt. Die Gasverd\u00fcsung bietet die beste Kontrolle \u00fcber die Pulvereigenschaften.<\/p>\n<p class=\"whitespace-pre-wrap\"><strong>F: Was sind die Hauptanwendungen von TA7-Pulver?<\/strong><\/p>\n<p class=\"whitespace-pre-wrap\">A: Zu den wichtigsten Anwendungen von TA7-Pulver geh\u00f6ren die additive Fertigung, thermische Spritzbeschichtungen, der Metallspritzguss und die Pulvermetallurgie zur Herstellung leichter Strukturteile, die eine hohe Temperaturbest\u00e4ndigkeit erfordern.<\/p>\n<p class=\"whitespace-pre-wrap\"><strong>F: Welche typische TA7-Pulvergr\u00f6\u00dfe wird f\u00fcr das selektive Laserschmelzen verwendet?<\/strong><\/p>\n<p class=\"whitespace-pre-wrap\">A: F\u00fcr das SLM-Verfahren liegt der ideale TA7-Pulvergr\u00f6\u00dfenbereich bei 15-45 Mikrometern mit sph\u00e4rischer Morphologie und gutem Pulverfluss und guter Packungsdichte.<\/p>\n<p class=\"whitespace-pre-wrap\"><strong>F: Erfordert TA7-Pulver besondere Vorsichtsma\u00dfnahmen bei der Handhabung?<\/strong><\/p>\n<p class=\"whitespace-pre-wrap\">A: Ja, es ist hochreaktiv und erfordert eine vorsichtige Handhabung unter inerter Atmosph\u00e4re mit angemessener Bel\u00fcftung, Erdung und PSA, um Brand- und Explosionsgefahren zu vermeiden.<\/p>\n<p class=\"whitespace-pre-wrap\"><strong>F: Wo kann ich TA7-Pulver kaufen, das f\u00fcr Teile der Luft- und Raumfahrt geeignet ist?<\/strong><\/p>\n<p class=\"whitespace-pre-wrap\">A: F\u00fcr Luft- und Raumfahrtanwendungen, die ein geringes Gewicht und eine hohe Festigkeit erfordern, kann TA7-Pulver von f\u00fchrenden Herstellern wie AP&amp;C, TLS Technik, Sandvik Osprey und Tekna erworben werden.<\/p>","protected":false},"excerpt":{"rendered":"<p>TA7-Pulver geh\u00f6rt zur Familie der Titanaluminide, die intermetallische Verbindungen aus Titan und Aluminium sind. Dieses einzigartige Pulver weist eine au\u00dfergew\u00f6hnliche Festigkeit, ein geringes Gewicht und eine hohe Temperaturbest\u00e4ndigkeit auf, was es zu einer attraktiven Wahl f\u00fcr zahlreiche technische Anwendungen macht.<\/p>","protected":false},"featured_media":1396,"comment_status":"open","ping_status":"closed","template":"","meta":[],"product_brand":[],"product_cat":[31,41],"product_tag":[],"class_list":{"0":"post-1443","1":"product","2":"type-product","3":"status-publish","4":"has-post-thumbnail","6":"product_cat-3d-printing-metal-powder","7":"product_cat-titanium-based-alloy-powder","9":"first","10":"instock","11":"featured","12":"shipping-taxable","13":"product-type-simple"},"_links":{"self":[{"href":"https:\/\/met3dp.sg\/de\/wp-json\/wp\/v2\/product\/1443","targetHints":{"allow":["GET"]}}],"collection":[{"href":"https:\/\/met3dp.sg\/de\/wp-json\/wp\/v2\/product"}],"about":[{"href":"https:\/\/met3dp.sg\/de\/wp-json\/wp\/v2\/types\/product"}],"replies":[{"embeddable":true,"href":"https:\/\/met3dp.sg\/de\/wp-json\/wp\/v2\/comments?post=1443"}],"wp:featuredmedia":[{"embeddable":true,"href":"https:\/\/met3dp.sg\/de\/wp-json\/wp\/v2\/media\/1396"}],"wp:attachment":[{"href":"https:\/\/met3dp.sg\/de\/wp-json\/wp\/v2\/media?parent=1443"}],"wp:term":[{"taxonomy":"product_brand","embeddable":true,"href":"https:\/\/met3dp.sg\/de\/wp-json\/wp\/v2\/product_brand?post=1443"},{"taxonomy":"product_cat","embeddable":true,"href":"https:\/\/met3dp.sg\/de\/wp-json\/wp\/v2\/product_cat?post=1443"},{"taxonomy":"product_tag","embeddable":true,"href":"https:\/\/met3dp.sg\/de\/wp-json\/wp\/v2\/product_tag?post=1443"}],"curies":[{"name":"wp","href":"https:\/\/api.w.org\/{rel}","templated":true}]}}