{"id":1442,"date":"2023-09-07T02:04:48","date_gmt":"2023-09-07T02:04:48","guid":{"rendered":"https:\/\/site3.easyceotech.com\/product\/stainless-steel-op431-powder\/"},"modified":"2023-10-20T07:42:54","modified_gmt":"2023-10-20T07:42:54","slug":"stainless-steel-op431-powder","status":"publish","type":"product","link":"https:\/\/met3dp.sg\/de\/product\/stainless-steel-op431-powder\/","title":{"rendered":"Rostfreier Stahl OP431 Pulver"},"content":{"rendered":"<h2>\u00dcberblick \u00fcber Edelstahl OP431-Pulver<\/h2>\n<p class=\"whitespace-pre-wrap\">Der nichtrostende Stahl OP431 geh\u00f6rt zu den ferritischen St\u00e4hlen, die Chrom als Hauptlegierungselement enthalten. Der Zusatz von Aluminium erh\u00f6ht die Oxidations- und Korrosionsbest\u00e4ndigkeit bei hohen Temperaturen.<\/p>\n<p class=\"whitespace-pre-wrap\">Zu den wichtigsten Merkmalen von OP431-Pulver geh\u00f6ren:<\/p>\n<ul class=\"list-disc pl-8 space-y-2\">\n<li class=\"whitespace-normal\">Ausgezeichnete Oxidations- und Korrosionsbest\u00e4ndigkeit bis zu 1150\u00b0C<\/li>\n<li class=\"whitespace-normal\">Gute Kriechfestigkeit und thermische Erm\u00fcdungsfestigkeit<\/li>\n<li class=\"whitespace-normal\">Ausgezeichnete thermo-mechanische Stabilit\u00e4t<\/li>\n<li class=\"whitespace-normal\">Hohe W\u00e4rmeleitf\u00e4higkeit und geringe W\u00e4rmeausdehnung<\/li>\n<li class=\"whitespace-normal\">Kosteng\u00fcnstig im Vergleich zu austenitischen nichtrostenden St\u00e4hlen<\/li>\n<li class=\"whitespace-normal\">Erh\u00e4ltlich in verschiedenen Korngr\u00f6\u00dfenverteilungen<\/li>\n<\/ul>\n<p class=\"whitespace-pre-wrap\">OP431-Pulver ist ideal f\u00fcr Anwendungen, die Oxidationsbest\u00e4ndigkeit, thermische Stabilit\u00e4t und m\u00e4\u00dfige Festigkeit bei erh\u00f6hten Temperaturen erfordern.<\/p>\n<h2>Chemische Zusammensetzung von OP431-Pulver<\/h2>\n<p class=\"whitespace-pre-wrap\">OP431-Pulver hat die folgende nominelle Zusammensetzung:<\/p>\n<table>\n<thead>\n<tr>\n<th>Element<\/th>\n<th>Gewicht %<\/th>\n<\/tr>\n<\/thead>\n<tbody>\n<tr>\n<td>Eisen (Fe)<\/td>\n<td>Bilanz<\/td>\n<\/tr>\n<tr>\n<td>Chrom (Cr)<\/td>\n<td>16-18%<\/td>\n<\/tr>\n<tr>\n<td>Aluminium (Al)<\/td>\n<td>3-5%<\/td>\n<\/tr>\n<tr>\n<td>Yttrium (Y)<\/td>\n<td>0.2-0.5%<\/td>\n<\/tr>\n<tr>\n<td>Kohlenstoff (C)<\/td>\n<td>0,03% max<\/td>\n<\/tr>\n<tr>\n<td>Silizium (Si)<\/td>\n<td>1% max<\/td>\n<\/tr>\n<tr>\n<td>Mangan (Mn)<\/td>\n<td>1% max<\/td>\n<\/tr>\n<\/tbody>\n<\/table>\n<p><img fetchpriority=\"high\" decoding=\"async\" class=\"size-medium wp-image-1397 aligncenter\" src=\"https:\/\/met3dp.sg\/wp-content\/uploads\/2023\/09\/Mo-300x225.jpg\" alt=\"Rostfreier Stahl OP431 Pulver\" width=\"300\" height=\"225\" title=\"\" srcset=\"https:\/\/met3dp.sg\/wp-content\/uploads\/2023\/09\/Mo-300x225.jpg 300w, https:\/\/met3dp.sg\/wp-content\/uploads\/2023\/09\/Mo-600x450.jpg 600w, https:\/\/met3dp.sg\/wp-content\/uploads\/2023\/09\/Mo.jpg 610w\" sizes=\"(max-width: 300px) 100vw, 300px\" \/><\/p>\n<p class=\"whitespace-pre-wrap\">Chrom sorgt f\u00fcr Korrosionsbest\u00e4ndigkeit, w\u00e4hrend Aluminium durch die Bildung einer sch\u00fctzenden Aluminiumoxidschicht bei hohen Temperaturen eine hervorragende Oxidationsbest\u00e4ndigkeit erm\u00f6glicht. Yttrium verfeinert die Korngr\u00f6\u00dfe f\u00fcr zus\u00e4tzliche Festigkeit.<\/p>\n<h2>Eigenschaften von OP431-Pulver<\/h2>\n<p class=\"whitespace-pre-wrap\">Zu den wichtigsten Eigenschaften von OP431-Pulver geh\u00f6ren:<\/p>\n<table>\n<thead>\n<tr>\n<th>Eigentum<\/th>\n<th>Wert<\/th>\n<\/tr>\n<\/thead>\n<tbody>\n<tr>\n<td>Dichte<\/td>\n<td>7,3 g\/cm3<\/td>\n<\/tr>\n<tr>\n<td>Schmelzpunkt<\/td>\n<td>1400-1450\u00b0C<\/td>\n<\/tr>\n<tr>\n<td>W\u00e4rmeleitf\u00e4higkeit<\/td>\n<td>29 W\/mK<\/td>\n<\/tr>\n<tr>\n<td>Elektrischer spezifischer Widerstand<\/td>\n<td>0,6 \u03bc\u03a9.cm<\/td>\n<\/tr>\n<tr>\n<td>Elastizit\u00e4tsmodul<\/td>\n<td>200 GPa<\/td>\n<\/tr>\n<tr>\n<td>Querkontraktionszahl<\/td>\n<td>0.27-0.30<\/td>\n<\/tr>\n<tr>\n<td>Zugfestigkeit<\/td>\n<td>450-650 MPa<\/td>\n<\/tr>\n<tr>\n<td>Streckgrenze<\/td>\n<td>280-480 MPa<\/td>\n<\/tr>\n<tr>\n<td>Dehnung<\/td>\n<td>15-20%<\/td>\n<\/tr>\n<tr>\n<td>Oxidationsbest\u00e4ndigkeit<\/td>\n<td>Ausgezeichnet bis zu 1150\u00b0C<\/td>\n<\/tr>\n<\/tbody>\n<\/table>\n<p>&nbsp;<\/p>\n<p class=\"whitespace-pre-wrap\">Die Eigenschaften wie hohe Temperaturfestigkeit, Oxidationsbest\u00e4ndigkeit und thermische Stabilit\u00e4t machen OP431 f\u00fcr anspruchsvolle Anwendungen geeignet.<\/p>\n<h2>Herstellungsverfahren f\u00fcr OP431-Pulver<\/h2>\n<p class=\"whitespace-pre-wrap\">OP431-Pulver kann hergestellt werden \u00fcber:<\/p>\n<ul class=\"list-disc pl-8 space-y-2\">\n<li class=\"whitespace-normal\"><strong>Gaszerst\u00e4ubung<\/strong>\u00a0- Hochdruck-Inertgas zur Zerst\u00e4ubung der geschmolzenen Legierung, wodurch ein feines kugelf\u00f6rmiges Pulver entsteht, das sich ideal f\u00fcr AM eignet.<\/li>\n<li class=\"whitespace-normal\"><strong>Wasserzerst\u00e4ubung<\/strong>\u00a0- Der Hochgeschwindigkeits-Wasserstrahl bricht den Schmelzestrom auf und erzeugt unregelm\u00e4\u00dfige Pulverpartikel. Geringere Kosten, aber h\u00f6here Sauerstoffaufnahme.<\/li>\n<li class=\"whitespace-normal\"><strong>Mechanisches Legieren<\/strong>\u00a0- Kugelmahlung von gemischten elementaren Pulvern mit anschlie\u00dfender Sinterung und Sekund\u00e4rzerst\u00e4ubung.<\/li>\n<\/ul>\n<p class=\"whitespace-pre-wrap\">Die Gaszerst\u00e4ubung erm\u00f6glicht eine hervorragende Kontrolle der Partikelgr\u00f6\u00dfenverteilung, der Morphologie, der Sauerstoffaufnahme und der Mikrostruktur.<\/p>\n<h2>Anwendungen von OP431-Pulver<\/h2>\n<p class=\"whitespace-pre-wrap\">Typische Anwendungen von OP431-Pulver sind:<\/p>\n<ul class=\"list-disc pl-8 space-y-2\">\n<li class=\"whitespace-normal\"><strong>Additive Fertigung<\/strong>\u00a0- Selektives Laserschmelzen zur Herstellung komplexer Teile, die bei hohen Temperaturen oxidationsbest\u00e4ndig sein m\u00fcssen.<\/li>\n<li class=\"whitespace-normal\"><strong>Thermische Spritzschichten<\/strong>\u00a0- Wird im Lichtbogenspritzverfahren aufgetragen, um Schutzschichten auf Bauteilen zu erzeugen, die bei \u00fcber 1000\u00b0C arbeiten.<\/li>\n<li class=\"whitespace-normal\"><strong>L\u00f6tf\u00fcller<\/strong>\u00a0- Zum Verbinden von Teilen aus ferritischem Edelstahl in Hochtemperaturanwendungen.<\/li>\n<li class=\"whitespace-normal\"><strong>Festbrennstoff-Z\u00fcnder<\/strong>\u00a0- Pulvermetallurgische Z\u00fcndkerzen, die in Industrie\u00f6fen und Turbinen verwendet werden.<\/li>\n<li class=\"whitespace-normal\"><strong>Verarbeitung von geschmolzenem Metall<\/strong>\u00a0- F\u00f6rderrollen f\u00fcr die Pulvermetallurgie, Verteiler und Pfannen f\u00fcr die Handhabung von geschmolzenem Metall.<\/li>\n<\/ul>\n<h2>Spezifikationen f\u00fcr OP431-Pulver<\/h2>\n<p class=\"whitespace-pre-wrap\">OP431-Pulver ist in verschiedenen Gr\u00f6\u00dfenbereichen, Formen und Qualit\u00e4ten erh\u00e4ltlich:<\/p>\n<ul class=\"list-disc pl-8 space-y-2\">\n<li class=\"whitespace-normal\"><strong>Partikelgr\u00f6\u00dfe:<\/strong>\u00a0Von 15-45 \u03bcm f\u00fcr AM-Verfahren, bis zu 150 \u03bcm f\u00fcr thermische Spritzverfahren.<\/li>\n<li class=\"whitespace-normal\"><strong>Morphologie:<\/strong>\u00a0Sph\u00e4rische, unregelm\u00e4\u00dfige und gemischte Formen. Sph\u00e4risches Pulver hat eine ausgezeichnete Flie\u00dff\u00e4higkeit.<\/li>\n<li class=\"whitespace-normal\"><strong>Reinheit:<\/strong>\u00a0Von handels\u00fcblichen bis hin zu hochreinen Qualit\u00e4ten, je nach Anwendungsanforderungen.<\/li>\n<li class=\"whitespace-normal\"><strong>Sauerstoffgehalt:<\/strong>\u00a0Bei den meisten Anwendungen werden die Werte unter 2000 ppm gehalten.<\/li>\n<li class=\"whitespace-normal\"><strong>Durchflussmenge:<\/strong>\u00a0Das Pulver kann f\u00fcr Durchflussraten \u00fcber 25 s\/50 g angepasst werden.<\/li>\n<\/ul>\n<h2>Globale Lieferanten von OP431-Pulver<\/h2>\n<p class=\"whitespace-pre-wrap\">Zu den weltweit wichtigsten Lieferanten von OP431-Pulver geh\u00f6ren:<\/p>\n<ul class=\"list-disc pl-8 space-y-2\">\n<li class=\"whitespace-normal\">Sandvik Osprey (UK)<\/li>\n<li class=\"whitespace-normal\">Hoganas (Schweden)<\/li>\n<li class=\"whitespace-normal\">Carpenter Powder Products (USA)<\/li>\n<li class=\"whitespace-normal\">Praxair Oberfl\u00e4chentechnologien (USA)<\/li>\n<li class=\"whitespace-normal\">CNPC-Pulver-Gruppe (China)<\/li>\n<\/ul>\n<p class=\"whitespace-pre-wrap\">Diese Unternehmen stellen verschiedene Qualit\u00e4ten von OP431-Pulver her, die f\u00fcr die additive Fertigung, das thermische Spritzen, die Pulvermetallurgie und andere Hochtemperaturanwendungen geeignet sind.<\/p>\n<h2>Preisgestaltung von OP431-Pulver<\/h2>\n<p class=\"whitespace-pre-wrap\">Der Preis f\u00fcr OP431-Pulver ist h\u00f6her als f\u00fcr austenitische Sorten, aber niedriger als f\u00fcr exotische Legierungen:<\/p>\n<ul class=\"list-disc pl-8 space-y-2\">\n<li class=\"whitespace-normal\"><strong>Menge<\/strong>\u00a0- $50-100 pro kg f\u00fcr Gro\u00dfauftr\u00e4ge \u00fcber 500 kg. Kleinere Mengen sind preislich deutlich h\u00f6her.<\/li>\n<li class=\"whitespace-normal\"><strong>Qualit\u00e4t<\/strong>\u00a0- Hochreines, kugelf\u00f6rmiges Pulver mit kontrollierten Eigenschaften erfordert einen hohen Preis.<\/li>\n<li class=\"whitespace-normal\"><strong>Anbieter<\/strong>\u00a0- Gro\u00dfe globale Anbieter bieten aufgrund gr\u00f6\u00dferer Mengen wettbewerbsf\u00e4hige Preise.<\/li>\n<li class=\"whitespace-normal\"><strong>Geographie<\/strong>\u00a0- Die Preise variieren je nach Region, wobei Europa und Nordamerika die teureren M\u00e4rkte sind.<\/li>\n<\/ul>\n<p class=\"whitespace-pre-wrap\">Bei kritischen Anwendungen sollten K\u00e4ufer bei der Beschaffung von OP431-Pulver eher auf Qualit\u00e4t als auf niedrige Kosten achten.<\/p>\n<h2>Lagerung und Handhabung von OP431-Pulver<\/h2>\n<p class=\"whitespace-pre-wrap\">OP431-Pulver muss wie folgt gelagert und gehandhabt werden:<\/p>\n<ul class=\"list-disc pl-8 space-y-2\">\n<li class=\"whitespace-normal\">Sollte in versiegelten Beh\u00e4ltern unter Inertgas gelagert werden, um Oxidation zu verhindern<\/li>\n<li class=\"whitespace-normal\">Vermeiden Sie die Ansammlung von feinem Pulver, um das Risiko einer Staubexplosion zu minimieren.<\/li>\n<li class=\"whitespace-normal\">Verwenden Sie bei der Handhabung angemessene PSA, Bel\u00fcftung, Erdung und Sicherheitsma\u00dfnahmen.<\/li>\n<li class=\"whitespace-normal\">Verhindern Sie den Kontakt zwischen Pulver und unvertr\u00e4glichen Materialien<\/li>\n<li class=\"whitespace-normal\">Befolgen Sie die Sicherheitsrichtlinien, die im SDS des Lieferanten angegeben sind.<\/li>\n<\/ul>\n<p class=\"whitespace-pre-wrap\">Beim Umgang mit diesem reaktiven Legierungspulver sind geeignete Schutzma\u00dfnahmen zu ergreifen.<\/p>\n<h2>Inspektion und Pr\u00fcfung von OP431-Pulver<\/h2>\n<p class=\"whitespace-pre-wrap\">Die wichtigsten Tests zur Qualit\u00e4tskontrolle von OP431-Pulver umfassen:<\/p>\n<ul class=\"list-disc pl-8 space-y-2\">\n<li class=\"whitespace-normal\">Chemische Analyse mittels OES oder XRF, um sicherzustellen, dass die Zusammensetzung innerhalb der festgelegten Grenzwerte liegt<\/li>\n<li class=\"whitespace-normal\">Partikelgr\u00f6\u00dfenverteilung gem\u00e4\u00df ASTM B822 Standard<\/li>\n<li class=\"whitespace-normal\">Morphologische Analyse durch SEM<\/li>\n<li class=\"whitespace-normal\">Pulverflussrate gemessen nach ASTM B213 Standard<\/li>\n<li class=\"whitespace-normal\">Pr\u00fcfung des Sauerstoff- und Stickstoffgehalts durch Schmelzen von Inertgas<\/li>\n<li class=\"whitespace-normal\">Dichte bestimmt durch Helium-Pyknometrie<\/li>\n<li class=\"whitespace-normal\">Charakterisierung des Mikrogef\u00fcges durch XRD<\/li>\n<\/ul>\n<p class=\"whitespace-pre-wrap\">Gr\u00fcndliche Tests stellen sicher, dass das Pulver die erforderlichen chemischen, physikalischen und mikrostrukturellen Eigenschaften f\u00fcr die vorgesehene Anwendung erf\u00fcllt.<\/p>\n<h2>Vergleich zwischen OP431 und 316L-Edelstahlpulvern<\/h2>\n<p class=\"whitespace-pre-wrap\">OP431 und 316L-Pulver aus nichtrostendem Stahl werden verglichen:<\/p>\n<table>\n<thead>\n<tr>\n<th>Parameter<\/th>\n<th>OP431<\/th>\n<th>316L<\/th>\n<\/tr>\n<\/thead>\n<tbody>\n<tr>\n<td>Typ<\/td>\n<td>Ferritisch<\/td>\n<td>Austenitisch<\/td>\n<\/tr>\n<tr>\n<td>Cr-Gehalt<\/td>\n<td>16-18%<\/td>\n<td>16-18%<\/td>\n<\/tr>\n<tr>\n<td>Ni-Gehalt<\/td>\n<td>&#8211;<\/td>\n<td>10-14%<\/td>\n<\/tr>\n<tr>\n<td>Hohe Temperaturbest\u00e4ndigkeit<\/td>\n<td>H\u00f6her<\/td>\n<td>Unter<\/td>\n<\/tr>\n<tr>\n<td>Korrosionsbest\u00e4ndigkeit<\/td>\n<td>M\u00e4\u00dfig<\/td>\n<td>Ausgezeichnet<\/td>\n<\/tr>\n<tr>\n<td>Kosten<\/td>\n<td>Unter<\/td>\n<td>H\u00f6her<\/td>\n<\/tr>\n<tr>\n<td>Anwendungen<\/td>\n<td>Thermisches Spritzen, Anz\u00fcnder<\/td>\n<td>Automobilindustrie, Bauwesen<\/td>\n<\/tr>\n<tr>\n<td>Schwei\u00dfeignung<\/td>\n<td>Schlecht<\/td>\n<td>Ausgezeichnet<\/td>\n<\/tr>\n<\/tbody>\n<\/table>\n<p>&nbsp;<\/p>\n<p class=\"whitespace-pre-wrap\">OP431 bietet eine viel bessere Hochtemperaturfestigkeit, w\u00e4hrend 316L hervorragende Verarbeitungseigenschaften und Korrosionsbest\u00e4ndigkeit bietet.<\/p>\n<h2>OP431 Pulver FAQs<\/h2>\n<p class=\"whitespace-pre-wrap\"><strong>F: Wie wird OP431-Pulver hergestellt?<\/strong><\/p>\n<p class=\"whitespace-pre-wrap\">A: OP431-Pulver wird kommerziell durch Gasverd\u00fcsung, Wasserverd\u00fcsung und mechanische Legierung mit anschlie\u00dfender Sinterung hergestellt. Die Gasverd\u00fcsung bietet die beste Kontrolle \u00fcber die Pulvereigenschaften.<\/p>\n<p class=\"whitespace-pre-wrap\"><strong>F: Was sind die Hauptanwendungen von OP431-Pulver?<\/strong><\/p>\n<p class=\"whitespace-pre-wrap\">A: Zu den wichtigsten Anwendungen geh\u00f6ren Beschichtungen f\u00fcr das thermische Spritzen, die additive Fertigung, Hartl\u00f6tf\u00fcller, Z\u00fcndkerzen f\u00fcr die Pulvermetallurgie und Komponenten f\u00fcr die Handhabung von geschmolzenem Metall bei hohen Temperaturen, bei denen Oxidationsbest\u00e4ndigkeit erforderlich ist.<\/p>\n<p class=\"whitespace-pre-wrap\"><strong>F: Wie gro\u00df ist der typische Gr\u00f6\u00dfenbereich des OP431-Pulvers, das bei der Metall-AM verwendet wird?<\/strong><\/p>\n<p class=\"whitespace-pre-wrap\">A: F\u00fcr die meisten Metall-AM-Prozesse liegt der ideale OP431-Pulvergr\u00f6\u00dfenbereich bei 15-45 Mikrometern mit kugelf\u00f6rmiger Morphologie und guten Flie\u00dfeigenschaften des Pulvers.<\/p>\n<p class=\"whitespace-pre-wrap\"><strong>F: Sind bei der Handhabung von OP431-Pulver besondere Vorsichtsma\u00dfnahmen erforderlich?<\/strong><\/p>\n<p class=\"whitespace-pre-wrap\">A: Ja, es wird empfohlen, dieses reaktive Pulver vorsichtig unter inerter Atmosph\u00e4re mit angemessener Bel\u00fcftung, Erdung und PSA zu handhaben.<\/p>\n<p class=\"whitespace-pre-wrap\"><strong>F: Wo kann ich OP431-Pulver kaufen, das f\u00fcr thermische Spritzschichten geeignet ist?<\/strong><\/p>\n<p class=\"whitespace-pre-wrap\">A: F\u00fcr thermische Spritzanwendungen, die eine hohe Oxidationsbest\u00e4ndigkeit bei hohen Temperaturen erfordern, kann OP431-Pulver von f\u00fchrenden Herstellern wie Sandvik Osprey, Hoganas, Praxair Surface Technologies und CNPC Powder Group bezogen werden.<\/p>","protected":false},"excerpt":{"rendered":"<p>Edelstahl OP431-Pulver ist eine pulverf\u00f6rmige Form von rostfreiem Stahl, der aus Eisen, Chrom, Nickel und anderen Legierungselementen besteht. Es wird durch ein spezielles Verfahren namens Zerst\u00e4ubung hergestellt, bei dem geschmolzener rostfreier Stahl mit Hilfe von Gas oder Wasser schnell abgek\u00fchlt wird, was zur Bildung feiner Metallpartikel f\u00fchrt.<\/p>","protected":false},"featured_media":2192,"comment_status":"open","ping_status":"closed","template":"","meta":[],"product_brand":[],"product_cat":[31,38],"product_tag":[],"class_list":{"0":"post-1442","1":"product","2":"type-product","3":"status-publish","4":"has-post-thumbnail","6":"product_cat-3d-printing-metal-powder","7":"product_cat-iron-based-alloy-powder","9":"first","10":"instock","11":"shipping-taxable","12":"product-type-simple"},"_links":{"self":[{"href":"https:\/\/met3dp.sg\/de\/wp-json\/wp\/v2\/product\/1442","targetHints":{"allow":["GET"]}}],"collection":[{"href":"https:\/\/met3dp.sg\/de\/wp-json\/wp\/v2\/product"}],"about":[{"href":"https:\/\/met3dp.sg\/de\/wp-json\/wp\/v2\/types\/product"}],"replies":[{"embeddable":true,"href":"https:\/\/met3dp.sg\/de\/wp-json\/wp\/v2\/comments?post=1442"}],"wp:featuredmedia":[{"embeddable":true,"href":"https:\/\/met3dp.sg\/de\/wp-json\/wp\/v2\/media\/2192"}],"wp:attachment":[{"href":"https:\/\/met3dp.sg\/de\/wp-json\/wp\/v2\/media?parent=1442"}],"wp:term":[{"taxonomy":"product_brand","embeddable":true,"href":"https:\/\/met3dp.sg\/de\/wp-json\/wp\/v2\/product_brand?post=1442"},{"taxonomy":"product_cat","embeddable":true,"href":"https:\/\/met3dp.sg\/de\/wp-json\/wp\/v2\/product_cat?post=1442"},{"taxonomy":"product_tag","embeddable":true,"href":"https:\/\/met3dp.sg\/de\/wp-json\/wp\/v2\/product_tag?post=1442"}],"curies":[{"name":"wp","href":"https:\/\/api.w.org\/{rel}","templated":true}]}}