{"id":1441,"date":"2023-09-07T02:04:48","date_gmt":"2023-09-07T02:04:48","guid":{"rendered":"https:\/\/site3.easyceotech.com\/product\/a-comprehensive-guide-to-h13-powder\/"},"modified":"2023-10-20T07:42:45","modified_gmt":"2023-10-20T07:42:45","slug":"a-comprehensive-guide-to-h13-powder","status":"publish","type":"product","link":"https:\/\/met3dp.sg\/de\/product\/a-comprehensive-guide-to-h13-powder\/","title":{"rendered":"Ein umfassender Leitfaden f\u00fcr H13-Pulver"},"content":{"rendered":"<h2>\u00dcberblick \u00fcber H13-Pulver<\/h2>\n<p class=\"whitespace-pre-wrap\">H13 ist ein vielseitiger Chrom-Molybd\u00e4n-Vanadium-Warmarbeitsstahl, der eine sehr gute Best\u00e4ndigkeit gegen thermische Erm\u00fcdungsrisse und Verschlei\u00dffestigkeit aufweist. Er weist eine hohe H\u00e4rteerhaltung bei erh\u00f6hten Temperaturen auf und eignet sich daher f\u00fcr Werkzeuge und Matrizen, die in der Warmumformung, beim Schmieden und bei Gussanwendungen eingesetzt werden.<\/p>\n<p class=\"whitespace-pre-wrap\">Zu den wichtigsten Eigenschaften von H13-Pulver geh\u00f6ren:<\/p>\n<ul class=\"list-disc pl-8 space-y-2\">\n<li class=\"whitespace-normal\">Ausgezeichnete Warmh\u00e4rte und thermische Erm\u00fcdungsbest\u00e4ndigkeit<\/li>\n<li class=\"whitespace-normal\">Gute Verschlei\u00dffestigkeit und Z\u00e4higkeit<\/li>\n<li class=\"whitespace-normal\">Hohe H\u00e4rtbarkeit zur Erh\u00f6hung der H\u00e4rte durch W\u00e4rmebehandlung<\/li>\n<li class=\"whitespace-normal\">Ausgezeichnete Bearbeitbarkeit im gegl\u00fchten Zustand<\/li>\n<li class=\"whitespace-normal\">Kann auf eine feine Oberfl\u00e4che poliert werden<\/li>\n<li class=\"whitespace-normal\">Erh\u00e4ltlich in verschiedenen Gr\u00f6\u00dfenbereichen und Morphologien<\/li>\n<\/ul>\n<p class=\"whitespace-pre-wrap\">H13-Pulver wird zur Herstellung von Warmarbeitswerkzeugen verwendet, die in verschiedenen Industriezweigen wie der Automobilindustrie, der Luft- und Raumfahrt, dem Bergbau, dem Druckguss usw. ben\u00f6tigt werden. Dieser Artikel bietet einen detaillierten \u00dcberblick \u00fcber H13-Pulver.<\/p>\n<h2>Chemische Zusammensetzung von H13-Pulver<\/h2>\n<p class=\"whitespace-pre-wrap\">Die typische chemische Zusammensetzung von H13-Pulver ist:<\/p>\n<table>\n<thead>\n<tr>\n<th>Element<\/th>\n<th>Gewicht %<\/th>\n<\/tr>\n<\/thead>\n<tbody>\n<tr>\n<td>Eisen (Fe)<\/td>\n<td>Bilanz<\/td>\n<\/tr>\n<tr>\n<td>Chrom (Cr)<\/td>\n<td>4.75-5.5%<\/td>\n<\/tr>\n<tr>\n<td>Molybd\u00e4n (Mo)<\/td>\n<td>1.1-1.75%<\/td>\n<\/tr>\n<tr>\n<td>Vanadium (V)<\/td>\n<td>0.8-1.2%<\/td>\n<\/tr>\n<tr>\n<td>Mangan (Mn)<\/td>\n<td>0.2-0.6%<\/td>\n<\/tr>\n<tr>\n<td>Silizium (Si)<\/td>\n<td>0.8-1.2%<\/td>\n<\/tr>\n<tr>\n<td>Kohlenstoff (C)<\/td>\n<td>0.32-0.45%<\/td>\n<\/tr>\n<\/tbody>\n<\/table>\n<p><img fetchpriority=\"high\" decoding=\"async\" class=\"size-medium wp-image-1409 aligncenter\" src=\"https:\/\/met3dp.sg\/wp-content\/uploads\/2023\/09\/ed7a94ec-3c10-4b1b-87ed--300x300.jpg\" alt=\"H13 Pulver\" width=\"300\" height=\"300\" title=\"\" srcset=\"https:\/\/met3dp.sg\/wp-content\/uploads\/2023\/09\/ed7a94ec-3c10-4b1b-87ed--300x300.jpg 300w, https:\/\/met3dp.sg\/wp-content\/uploads\/2023\/09\/ed7a94ec-3c10-4b1b-87ed--100x100.jpg 100w, https:\/\/met3dp.sg\/wp-content\/uploads\/2023\/09\/ed7a94ec-3c10-4b1b-87ed--150x150.jpg 150w, https:\/\/met3dp.sg\/wp-content\/uploads\/2023\/09\/ed7a94ec-3c10-4b1b-87ed-.jpg 600w\" sizes=\"(max-width: 300px) 100vw, 300px\" \/><\/p>\n<p class=\"whitespace-pre-wrap\">Die wichtigsten Legierungselemente wie Chrom, Molybd\u00e4n und Vanadium sorgen durch die Bildung stabiler Karbide f\u00fcr eine hervorragende Hitzebest\u00e4ndigkeit.<\/p>\n<h2>Eigenschaften von H13-Pulver<\/h2>\n<p class=\"whitespace-pre-wrap\">H13-Pulver hat die folgenden Eigenschaften:<\/p>\n<table>\n<thead>\n<tr>\n<th>Eigentum<\/th>\n<th>Wert<\/th>\n<\/tr>\n<\/thead>\n<tbody>\n<tr>\n<td>Dichte<\/td>\n<td>7,3 g\/cm3<\/td>\n<\/tr>\n<tr>\n<td>Schmelzpunkt<\/td>\n<td>1420-1460\u00b0C<\/td>\n<\/tr>\n<tr>\n<td>W\u00e4rmeleitf\u00e4higkeit<\/td>\n<td>24 W\/mK<\/td>\n<\/tr>\n<tr>\n<td>Elektrischer spezifischer Widerstand<\/td>\n<td>0,55 \u03bc\u03a9.cm<\/td>\n<\/tr>\n<tr>\n<td>Elastizit\u00e4tsmodul<\/td>\n<td>200 GPa<\/td>\n<\/tr>\n<tr>\n<td>Querkontraktionszahl<\/td>\n<td>0.29-0.30<\/td>\n<\/tr>\n<tr>\n<td>Zugfestigkeit<\/td>\n<td>1900 MPa<\/td>\n<\/tr>\n<tr>\n<td>Streckgrenze<\/td>\n<td>1650 MPa<\/td>\n<\/tr>\n<tr>\n<td>Dehnung<\/td>\n<td>8-9%<\/td>\n<\/tr>\n<tr>\n<td>H\u00e4rte<\/td>\n<td>46-52 HRC<\/td>\n<\/tr>\n<\/tbody>\n<\/table>\n<p>&nbsp;<\/p>\n<p class=\"whitespace-pre-wrap\">H13 beh\u00e4lt seine H\u00e4rte, Festigkeit und thermische Erm\u00fcdungsbest\u00e4ndigkeit bis zu 600\u00b0C bei und ist damit die ideale Wahl f\u00fcr Warmarbeitsanwendungen im Werkzeug- und Formenbau.<\/p>\n<h2>Herstellungsverfahren f\u00fcr H13-Pulver<\/h2>\n<p class=\"whitespace-pre-wrap\">Zu den g\u00e4ngigen Herstellungsverfahren f\u00fcr H13-Pulver geh\u00f6ren:<\/p>\n<ul class=\"list-disc pl-8 space-y-2\">\n<li class=\"whitespace-normal\"><strong>Gaszerst\u00e4ubung<\/strong>\u00a0- Hochdruck-Inertgas zur Zerst\u00e4ubung der geschmolzenen H13-Legierung, wodurch feine kugelf\u00f6rmige Pulver mit kontrollierter Gr\u00f6\u00dfenverteilung entstehen.<\/li>\n<li class=\"whitespace-normal\"><strong>Wasserzerst\u00e4ubung<\/strong>\u00a0- Ein Hochgeschwindigkeits-Wasserstrahl trifft auf den geschmolzenen Metallstrom und zerlegt ihn in feine, unregelm\u00e4\u00dfige Pulver. Geringere Kosten, aber h\u00f6here Sauerstoffaufnahme.<\/li>\n<li class=\"whitespace-normal\"><strong>Mechanisches Legieren<\/strong>\u00a0- Kugelmahlung von Eisen- und Legierungspulver mit anschlie\u00dfender Sinterung und Sekund\u00e4rverd\u00fcsung.<\/li>\n<\/ul>\n<p class=\"whitespace-pre-wrap\">Die Gaszerst\u00e4ubung bietet die beste Kontrolle \u00fcber Partikeleigenschaften wie Gr\u00f6\u00dfe, Form und Mikrosauberkeit.<\/p>\n<h2>Anwendungen von H13-Pulver<\/h2>\n<p class=\"whitespace-pre-wrap\">Typische Anwendungen von H13-Pulver sind:<\/p>\n<ul class=\"list-disc pl-8 space-y-2\">\n<li class=\"whitespace-normal\"><strong>Additive Fertigung<\/strong>\u00a0- Wird beim Laser-Pulverbettschmelzen und Bindemittelstrahlen zur Herstellung von Warmarbeitseins\u00e4tzen, Matrizen, Blasformen usw. verwendet.<\/li>\n<li class=\"whitespace-normal\"><strong>Thermische Spritzschichten<\/strong>\u00a0- Aufgetragen mit Draht-\/Pulver-Lichtbogenspritzverfahren, um verschlei\u00dffeste und hitzebest\u00e4ndige Beschichtungen zu erhalten.<\/li>\n<li class=\"whitespace-normal\"><strong>Metall-Spritzgie\u00dfen<\/strong>\u00a0- Zur Herstellung kleiner, komplexer Warmarbeitsteile mit engen Toleranzen wie Schmiedegesenke.<\/li>\n<li class=\"whitespace-normal\"><strong>Pulvermetallurgie<\/strong>\u00a0- Press- und Sinterverfahren zur kosteng\u00fcnstigen Herstellung von Warmumformwerkzeugen und Matrizen.<\/li>\n<li class=\"whitespace-normal\"><strong>Schwei\u00dfzusatzwerkstoff<\/strong>\u00a0- Wird als F\u00fclldraht verwendet und bietet eine hervorragende Best\u00e4ndigkeit gegen Hitze und Verschlei\u00df im geschwei\u00dften Bauteil.<\/li>\n<\/ul>\n<h2>Spezifikationen von H13-Pulver<\/h2>\n<p class=\"whitespace-pre-wrap\">H13-Pulver ist in verschiedenen Gr\u00f6\u00dfenbereichen, Formen und Qualit\u00e4ten erh\u00e4ltlich, darunter:<\/p>\n<ul class=\"list-disc pl-8 space-y-2\">\n<li class=\"whitespace-normal\"><strong>Partikelgr\u00f6\u00dfe:<\/strong>\u00a0Von 10-45 Mikron f\u00fcr AM-Verfahren, bis zu 150 Mikron f\u00fcr thermische Spritzverfahren.<\/li>\n<li class=\"whitespace-normal\"><strong>Morphologie:<\/strong>\u00a0Sph\u00e4rische, unregelm\u00e4\u00dfige und gemischte Partikelformen. Glattes, kugelf\u00f6rmiges Pulver sorgt f\u00fcr optimalen Fluss.<\/li>\n<li class=\"whitespace-normal\"><strong>Noten:<\/strong>\u00a0Entspricht AISI, DIN, ASTM und anderen gleichwertigen Normen. Auch Sonderlegierungen sind erh\u00e4ltlich.<\/li>\n<li class=\"whitespace-normal\"><strong>Reinheit:<\/strong>\u00a0Sauerstoffgehalt von 100-2000 ppm je nach Herstellungsverfahren. Niedrigere Sauerstoffgehalte bieten eine bessere Leistung.<\/li>\n<\/ul>\n<h2>Globale Lieferanten von H13-Pulver<\/h2>\n<p class=\"whitespace-pre-wrap\">Einige der wichtigsten Lieferanten von H13-Pulver sind:<\/p>\n<ul class=\"list-disc pl-8 space-y-2\">\n<li class=\"whitespace-normal\">Sandvik Osprey (UK)<\/li>\n<li class=\"whitespace-normal\">Erasteel (Frankreich)<\/li>\n<li class=\"whitespace-normal\">HC Stark (Deutschland)<\/li>\n<li class=\"whitespace-normal\">Dura-Bar Metall Dienstleistungen (USA)<\/li>\n<li class=\"whitespace-normal\">Tekna Advanced Materials (Kanada)<\/li>\n<li class=\"whitespace-normal\">CNPC-Pulver-Gruppe (China)<\/li>\n<\/ul>\n<p class=\"whitespace-pre-wrap\">Diese Unternehmen stellen H13-Pulver mit verschiedenen Zerst\u00e4ubungstechniken und kundenspezifischen Legierungen her, die f\u00fcr bestimmte Anwendungen im Warmarbeitswerkzeugbau in verschiedenen Branchen ma\u00dfgeschneidert sind.<\/p>\n<h2>Preisgestaltung von H13-Pulver<\/h2>\n<p class=\"whitespace-pre-wrap\">Der Preis f\u00fcr H13-Pulver h\u00e4ngt von mehreren Faktoren ab:<\/p>\n<ul class=\"list-disc pl-8 space-y-2\">\n<li class=\"whitespace-normal\">Reinheitsgrade<\/li>\n<li class=\"whitespace-normal\">Partikelgr\u00f6\u00dfe und Morphologie<\/li>\n<li class=\"whitespace-normal\">Verfahren zur Herstellung des Pulvers<\/li>\n<li class=\"whitespace-normal\">Auftragsvolumen<\/li>\n<li class=\"whitespace-normal\">Zus\u00e4tzliche Verarbeitung<\/li>\n<li class=\"whitespace-normal\">Lieferant und geografischer Standort<\/li>\n<\/ul>\n<table>\n<thead>\n<tr>\n<th>Klasse<\/th>\n<th>Preisspanne<\/th>\n<\/tr>\n<\/thead>\n<tbody>\n<tr>\n<td>Kommerziell<\/td>\n<td>$15-25 pro kg<\/td>\n<\/tr>\n<tr>\n<td>Hohe Reinheit<\/td>\n<td>$25-50 pro kg<\/td>\n<\/tr>\n<tr>\n<td>Ultrafeine<\/td>\n<td>$50-120 pro kg<\/td>\n<\/tr>\n<tr>\n<td>Besondere Note<\/td>\n<td>$120-250 pro kg<\/td>\n<\/tr>\n<\/tbody>\n<\/table>\n<p>&nbsp;<\/p>\n<p class=\"whitespace-pre-wrap\">F\u00fcr gaszerst\u00e4ubte und hochreine Qualit\u00e4ten werden wesentlich h\u00f6here Preise verlangt als f\u00fcr handels\u00fcbliches H13-Pulver. Kleinere Mengen sind auch teurer.<\/p>\n<h2>Lagerung und Handhabung von H13-Pulver<\/h2>\n<p class=\"whitespace-pre-wrap\">H13-Pulver erfordert die folgende kontrollierte Lagerung und Handhabung:<\/p>\n<ul class=\"list-disc pl-8 space-y-2\">\n<li class=\"whitespace-normal\">In verschlossenen Beh\u00e4ltern unter Feuchtigkeitskontrolle lagern, um Oxidation zu vermeiden<\/li>\n<li class=\"whitespace-normal\">Vermeiden Sie die Ansammlung von feinem Pulver, um die Gefahr einer Staubexplosion zu minimieren.<\/li>\n<li class=\"whitespace-normal\">Ordnungsgem\u00e4\u00dfe Erdung und PSA beim Umgang mit Pulver verwenden<\/li>\n<li class=\"whitespace-normal\">Vermeiden Sie den Kontakt mit Funken, Flammen oder Z\u00fcndquellen<\/li>\n<li class=\"whitespace-normal\">Befolgen Sie die empfohlenen Sicherheitspraktiken aus dem SDS des Lieferanten.<\/li>\n<\/ul>\n<p class=\"whitespace-pre-wrap\">F\u00fcr die Handhabung von reaktiven Legierungspulvern wie H13 werden bevorzugt Inertgas-Handschuhboxen verwendet.<\/p>\n<h2>Inspektion und Pr\u00fcfung von H13-Pulver<\/h2>\n<p class=\"whitespace-pre-wrap\">Die wichtigsten Tests zur Qualit\u00e4tskontrolle von H13-Pulver:<\/p>\n<ul class=\"list-disc pl-8 space-y-2\">\n<li class=\"whitespace-normal\">Chemische Analyse mittels OES oder XRF zur Sicherstellung der korrekten Zusammensetzung<\/li>\n<li class=\"whitespace-normal\">Partikelgr\u00f6\u00dfenverteilung gem\u00e4\u00df ASTM B822 Standard<\/li>\n<li class=\"whitespace-normal\">Morphologische Analyse durch SEM-Bildgebung<\/li>\n<li class=\"whitespace-normal\">Pulverflussrate gemessen nach ASTM B213 Standard<\/li>\n<li class=\"whitespace-normal\">Dichtebestimmung durch Helium-Pyknometrie<\/li>\n<li class=\"whitespace-normal\">Pr\u00fcfung auf Verunreinigungen mittels ICP-MS<\/li>\n<li class=\"whitespace-normal\">Charakterisierung des Mikrogef\u00fcges durch R\u00f6ntgenbeugung<\/li>\n<\/ul>\n<p class=\"whitespace-pre-wrap\">Gr\u00fcndliche Tests gew\u00e4hrleisten eine einheitliche Chemie, physikalische Eigenschaften und eine f\u00fcr die Anwendungsanforderungen geeignete Mikrostruktur.<\/p>\n<h2>Vergleich zwischen H13- und D2-Werkzeugstahlpulvern<\/h2>\n<p class=\"whitespace-pre-wrap\">H13 und D2 sind zwei Werkzeugstahlpulver im Vergleich:<\/p>\n<table>\n<thead>\n<tr>\n<th>Parameter<\/th>\n<th>H13<\/th>\n<th>D2<\/th>\n<\/tr>\n<\/thead>\n<tbody>\n<tr>\n<td>Typ<\/td>\n<td>Warmarbeitsstahl<\/td>\n<td>Kaltarbeitsstahl<\/td>\n<\/tr>\n<tr>\n<td>Cr-Gehalt<\/td>\n<td>4.75-5.5%<\/td>\n<td>11-13%<\/td>\n<\/tr>\n<tr>\n<td>V Inhalt<\/td>\n<td>0.8-1.2%<\/td>\n<td>0.7-1.2%<\/td>\n<\/tr>\n<tr>\n<td>Hitzebest\u00e4ndigkeit<\/td>\n<td>Ausgezeichnet<\/td>\n<td>Gut<\/td>\n<\/tr>\n<tr>\n<td>Abriebfestigkeit<\/td>\n<td>Sehr gut<\/td>\n<td>Ausgezeichnet<\/td>\n<\/tr>\n<tr>\n<td>Z\u00e4higkeit<\/td>\n<td>H\u00f6her<\/td>\n<td>Unter<\/td>\n<\/tr>\n<tr>\n<td>Kosten<\/td>\n<td>Unter<\/td>\n<td>H\u00f6her<\/td>\n<\/tr>\n<\/tbody>\n<\/table>\n<p>&nbsp;<\/p>\n<p class=\"whitespace-pre-wrap\">H13 ist resistent gegen Hitze und thermische Erm\u00fcdungsrisse, w\u00e4hrend D2 eine sehr hohe Verschlei\u00dffestigkeit aufweist. H13 bietet eine bessere Z\u00e4higkeit und niedrigere Kosten.<\/p>\n<h2>FAQs zu H13-Pulver<\/h2>\n<p class=\"whitespace-pre-wrap\"><strong>F: Wie wird H13-Werkzeugstahlpulver hergestellt?<\/strong><\/p>\n<p class=\"whitespace-pre-wrap\">A: H13-Pulver wird kommerziell durch Gaszerst\u00e4ubung, Wasserzerst\u00e4ubung und mechanisches Legieren mit anschlie\u00dfender Sinterung hergestellt. Die Gasverd\u00fcsung bietet die beste Kontrolle \u00fcber die Pulvereigenschaften.<\/p>\n<p class=\"whitespace-pre-wrap\"><strong>F: Was sind die Hauptanwendungen von H13-Pulver?<\/strong><\/p>\n<p class=\"whitespace-pre-wrap\">A: Zu den wichtigsten Anwendungen von H13-Pulver geh\u00f6ren die additive Fertigung, thermische Spritzbeschichtungen, Metall-Spritzguss und pulvermetallurgische Warmarbeitswerkzeuge, die eine ausgezeichnete Hitze- und Verschlei\u00dfbest\u00e4ndigkeit erfordern.<\/p>\n<p class=\"whitespace-pre-wrap\"><strong>F: Was ist die empfohlene H13-Pulvergr\u00f6\u00dfe f\u00fcr Binder Jetting AM?<\/strong><\/p>\n<p class=\"whitespace-pre-wrap\">A: F\u00fcr das Jetting-Verfahren mit Bindemitteln liegt die typische H13-Pulvergr\u00f6\u00dfe bei 20-45 Mikrometern mit kugelf\u00f6rmiger Morphologie, um eine gute Packung des Pulvers und Infiltration des Bindemittels zu erm\u00f6glichen.<\/p>\n<p class=\"whitespace-pre-wrap\"><strong>F: Sind bei der Handhabung von H13-Pulver besondere Vorsichtsma\u00dfnahmen erforderlich?<\/strong><\/p>\n<p class=\"whitespace-pre-wrap\">A: Ja, es wird empfohlen, H13-Pulver unter kontrollierter Luftfeuchtigkeit und inerter Atmosph\u00e4re mit angemessener Erdung, Bel\u00fcftung und PSA sorgf\u00e4ltig zu handhaben.<\/p>\n<p class=\"whitespace-pre-wrap\"><strong>F: Wo kann ich H13-Pulver kaufen, das f\u00fcr Warmschmiedegesenke geeignet ist?<\/strong><\/p>\n<p class=\"whitespace-pre-wrap\">A: F\u00fcr Warmumformungsanwendungen kann hochreines H13-Pulver von f\u00fchrenden Herstellern wie Sandvik Osprey, Erasteel, HC Stark und Dura-Bar Metal Services bezogen werden.<\/p>","protected":false},"excerpt":{"rendered":"<p class=\"product_title entry-title elementor-heading-title elementor-size-default\">H13-Pulver ist ein Hochleistungswerkzeugstahlpulver, das sich durch au\u00dfergew\u00f6hnliche Festigkeit, Z\u00e4higkeit und Hitzebest\u00e4ndigkeit auszeichnet. Er geh\u00f6rt zur Familie der Chrom-Warmarbeitsst\u00e4hle, die sich durch ihre F\u00e4higkeit auszeichnen, hohen Temperaturen und mechanischen Beanspruchungen standzuhalten. Die Pulverform von H13 erm\u00f6glicht pr\u00e4zise und effiziente Fertigungsprozesse und ist daher in verschiedenen Branchen sehr beliebt.<\/p>","protected":false},"featured_media":2190,"comment_status":"open","ping_status":"closed","template":"","meta":[],"product_brand":[],"product_cat":[31,38],"product_tag":[],"class_list":{"0":"post-1441","1":"product","2":"type-product","3":"status-publish","4":"has-post-thumbnail","6":"product_cat-3d-printing-metal-powder","7":"product_cat-iron-based-alloy-powder","9":"first","10":"instock","11":"shipping-taxable","12":"product-type-simple"},"_links":{"self":[{"href":"https:\/\/met3dp.sg\/de\/wp-json\/wp\/v2\/product\/1441","targetHints":{"allow":["GET"]}}],"collection":[{"href":"https:\/\/met3dp.sg\/de\/wp-json\/wp\/v2\/product"}],"about":[{"href":"https:\/\/met3dp.sg\/de\/wp-json\/wp\/v2\/types\/product"}],"replies":[{"embeddable":true,"href":"https:\/\/met3dp.sg\/de\/wp-json\/wp\/v2\/comments?post=1441"}],"wp:featuredmedia":[{"embeddable":true,"href":"https:\/\/met3dp.sg\/de\/wp-json\/wp\/v2\/media\/2190"}],"wp:attachment":[{"href":"https:\/\/met3dp.sg\/de\/wp-json\/wp\/v2\/media?parent=1441"}],"wp:term":[{"taxonomy":"product_brand","embeddable":true,"href":"https:\/\/met3dp.sg\/de\/wp-json\/wp\/v2\/product_brand?post=1441"},{"taxonomy":"product_cat","embeddable":true,"href":"https:\/\/met3dp.sg\/de\/wp-json\/wp\/v2\/product_cat?post=1441"},{"taxonomy":"product_tag","embeddable":true,"href":"https:\/\/met3dp.sg\/de\/wp-json\/wp\/v2\/product_tag?post=1441"}],"curies":[{"name":"wp","href":"https:\/\/api.w.org\/{rel}","templated":true}]}}