{"id":1440,"date":"2023-09-07T02:04:48","date_gmt":"2023-09-07T02:04:48","guid":{"rendered":"https:\/\/site3.easyceotech.com\/product\/feconicrmo-powder\/"},"modified":"2023-10-30T07:54:51","modified_gmt":"2023-10-30T07:54:51","slug":"feconicrmo-powder","status":"publish","type":"product","link":"https:\/\/met3dp.sg\/de\/product\/feconicrmo-powder\/","title":{"rendered":"FeCoNiCrMo-Pulver"},"content":{"rendered":"<h2>\u00dcberblick \u00fcber FeCoNiCrMo-Pulver<\/h2>\n<p class=\"whitespace-pre-wrap\">FeCoNiCrMo geh\u00f6rt zu einer Klasse von Hochtemperaturlegierungen, die gute mechanische Eigenschaften, Gef\u00fcgestabilit\u00e4t und Umweltbest\u00e4ndigkeit bei Temperaturen von \u00fcber 750 \u00b0C aufweisen. Eisen und Kobalt sorgen f\u00fcr Festigkeit. Nickel erh\u00f6ht die Duktilit\u00e4t und Z\u00e4higkeit. Chrom sorgt f\u00fcr Oxidations- und Korrosionsbest\u00e4ndigkeit. Molybd\u00e4n verbessert die Hochtemperaturfestigkeit und die Kriechbest\u00e4ndigkeit weiter.<\/p>\n<p class=\"whitespace-pre-wrap\">Zu den wichtigsten Eigenschaften von FeCoNiCrMo-Pulver geh\u00f6ren:<\/p>\n<ul class=\"list-disc pl-8 space-y-2\">\n<li class=\"whitespace-normal\">Ausgezeichnete Hochtemperaturfestigkeit und Kriechfestigkeit<\/li>\n<li class=\"whitespace-normal\">Gute Erm\u00fcdungsfestigkeit und Z\u00e4higkeit<\/li>\n<li class=\"whitespace-normal\">Hohe H\u00e4rte, Verschlei\u00dffestigkeit und Abriebfestigkeit<\/li>\n<li class=\"whitespace-normal\">Hervorragende Korrosions- und Oxidationsbest\u00e4ndigkeit<\/li>\n<li class=\"whitespace-normal\">Erh\u00e4ltlich in verschiedenen Partikelgr\u00f6\u00dfenverteilungen und Morphologien<\/li>\n<\/ul>\n<p class=\"whitespace-pre-wrap\">FeCoNiCrMo-Pulver eignet sich f\u00fcr Schutzbeschichtungen, thermisches Spritzen, Schwei\u00dfen, additive Fertigung und andere anspruchsvolle Hochtemperaturanwendungen.<\/p>\n<h2>Zusammensetzung von FeCoNiCrMo-Pulver<\/h2>\n<p class=\"whitespace-pre-wrap\">FeCoNiCrMo-Pulver hat die folgende nominelle Zusammensetzung:<\/p>\n<table>\n<thead>\n<tr>\n<th>Element<\/th>\n<th>Zusammensetzung<\/th>\n<\/tr>\n<\/thead>\n<tbody>\n<tr>\n<td>Eisen (Fe)<\/td>\n<td>Bilanz<\/td>\n<\/tr>\n<tr>\n<td>Kobalt (Co)<\/td>\n<td>35-50%<\/td>\n<\/tr>\n<tr>\n<td>Nickel (Ni)<\/td>\n<td>10-30%<\/td>\n<\/tr>\n<tr>\n<td>Chrom (Cr)<\/td>\n<td>8-12%<\/td>\n<\/tr>\n<tr>\n<td>Molybd\u00e4n (Mo)<\/td>\n<td>1-3%<\/td>\n<\/tr>\n<tr>\n<td>Kohlenstoff (C)<\/td>\n<td>&lt;0,5%<\/td>\n<\/tr>\n<tr>\n<td>Silizium (Si)<\/td>\n<td>&lt;1,5%<\/td>\n<\/tr>\n<tr>\n<td>Mangan (Mn)<\/td>\n<td>&lt;1%<\/td>\n<\/tr>\n<\/tbody>\n<\/table>\n<p class=\"whitespace-pre-wrap\">Der Gehalt an Legierungselementen kann angepasst werden, um die mechanischen Eigenschaften und die Umweltbest\u00e4ndigkeit entsprechend den Anforderungen der Anwendung zu optimieren. Verunreinigungen werden auf ein Minimum reduziert.<\/p>\n<p><img fetchpriority=\"high\" decoding=\"async\" class=\"aligncenter wp-image-1391 size-full\" src=\"https:\/\/met3dp.sg\/wp-content\/uploads\/2023\/09\/Ti22Al25Nb-Powder.png\" alt=\"FeCoNiCrMo-Pulver\" width=\"842\" height=\"756\" title=\"\"><\/p>\n<h2>Eigenschaften von FeCoNiCrMo-Pulver<\/h2>\n<p class=\"whitespace-pre-wrap\">Zu den wichtigsten Eigenschaften von FeCoNiCrMo-Pulver geh\u00f6ren:<\/p>\n<table>\n<thead>\n<tr>\n<th>Eigentum<\/th>\n<th>Wert<\/th>\n<\/tr>\n<\/thead>\n<tbody>\n<tr>\n<td>Dichte<\/td>\n<td>8,0-8,5 g\/cm3<\/td>\n<\/tr>\n<tr>\n<td>Schmelzpunkt<\/td>\n<td>1350-1450\u00b0C<\/td>\n<\/tr>\n<tr>\n<td>W\u00e4rmeleitf\u00e4higkeit<\/td>\n<td>15-30 W\/mK<\/td>\n<\/tr>\n<tr>\n<td>Elektrischer spezifischer Widerstand<\/td>\n<td>70-85 \u03bc\u03a9.cm<\/td>\n<\/tr>\n<tr>\n<td>Elastizit\u00e4tsmodul<\/td>\n<td>190-220 GPa<\/td>\n<\/tr>\n<tr>\n<td>Querkontraktionszahl<\/td>\n<td>0.28-0.32<\/td>\n<\/tr>\n<tr>\n<td>Zugfestigkeit<\/td>\n<td>650-1200 MPa<\/td>\n<\/tr>\n<tr>\n<td>Streckgrenze<\/td>\n<td>450-900 MPa<\/td>\n<\/tr>\n<tr>\n<td>Dehnung<\/td>\n<td>15-30%<\/td>\n<\/tr>\n<tr>\n<td>H\u00e4rte<\/td>\n<td>30-50 HRC<\/td>\n<\/tr>\n<\/tbody>\n<\/table>\n<p class=\"whitespace-pre-wrap\">Die Eigenschaften wie hohe Temperaturbest\u00e4ndigkeit, H\u00e4rte, Verschlei\u00dffestigkeit und Korrosionsbest\u00e4ndigkeit machen es f\u00fcr die anspruchsvollsten Anwendungen geeignet.<\/p>\n<h2>Verfahren zur Herstellung von FeCoNiCrMo-Pulver<\/h2>\n<p class=\"whitespace-pre-wrap\">FeCoNiCrMo-Pulver kann \u00fcber hergestellt werden:<\/p>\n<ul class=\"list-disc pl-8 space-y-2\">\n<li class=\"whitespace-normal\"><strong>Gaszerst\u00e4ubung<\/strong>\u00a0- Hochdruck-Inertgas zur Zerst\u00e4ubung der geschmolzenen Legierung, wodurch ein feines kugelf\u00f6rmiges Pulver entsteht, das sich ideal f\u00fcr AM eignet.<\/li>\n<li class=\"whitespace-normal\"><strong>Wasserzerst\u00e4ubung<\/strong>\u00a0- Der Hochgeschwindigkeits-Wasserstrahl bricht geschmolzenes Metall in feine, unregelm\u00e4\u00dfige Pulverpartikel auf. Sparsam, aber h\u00f6here Sauerstoffaufnahme.<\/li>\n<li class=\"whitespace-normal\"><strong>Mechanisches Legieren<\/strong>\u00a0- Kugelmahlung von gemischten elementaren Pulvern mit anschlie\u00dfender Sinterung und Sekund\u00e4rzerst\u00e4ubung.<\/li>\n<\/ul>\n<p class=\"whitespace-pre-wrap\">Die Gaszerst\u00e4ubung bietet die beste Kontrolle \u00fcber Partikeleigenschaften wie Gr\u00f6\u00dfe, Form, Reinheit und Mikrostruktur.<\/p>\n<h2>Anwendungen von FeCoNiCrMo-Pulver<\/h2>\n<p class=\"whitespace-pre-wrap\">Zu den typischen Anwendungen von FeCoNiCrMo-Pulver geh\u00f6ren:<\/p>\n<ul class=\"list-disc pl-8 space-y-2\">\n<li class=\"whitespace-normal\"><strong>Thermische Spritzschichten<\/strong>\u00a0- HVOF- oder Plasmaspritzen zur Abscheidung dicker verschlei\u00dffester und korrosionsbest\u00e4ndiger Schichten auf Ventilen, Dichtungen, Lagern usw., die bei hohen Temperaturen arbeiten.<\/li>\n<li class=\"whitespace-normal\"><strong>Additive Fertigung<\/strong>\u00a0- Selektives Laserschmelzen zur Herstellung komplexer Bauteile wie Turbinenschaufeln f\u00fcr extreme Umgebungen.<\/li>\n<li class=\"whitespace-normal\"><strong>Schwei\u00dfzusatzwerkstoff<\/strong>\u00a0- Bietet eine ausgezeichnete Festigkeit bei erh\u00f6hten Temperaturen, H\u00e4rte und Korrosionsbest\u00e4ndigkeit in der Schwei\u00dfzone.<\/li>\n<li class=\"whitespace-normal\"><strong>L\u00f6tf\u00fcller<\/strong>\u00a0- F\u00fcr die Verbindung von Bauteilen, die bei sehr hohen Temperaturen arbeiten und Oxidationsbest\u00e4ndigkeit erfordern.<\/li>\n<li class=\"whitespace-normal\"><strong>Glasverarbeitung<\/strong>\u00a0- Pulvermetallurgische F\u00f6rderrollen mit hoher Temperaturbest\u00e4ndigkeit, die in Glasschmelz\u00f6fen verwendet werden.<\/li>\n<\/ul>\n<h2>Spezifikationen von FeCoNiCrMo-Pulver<\/h2>\n<p class=\"whitespace-pre-wrap\">FeCoNiCrMo-Pulver ist in verschiedenen Gr\u00f6\u00dfenbereichen, Formen, Qualit\u00e4ten und Reinheitsgraden erh\u00e4ltlich:<\/p>\n<ul class=\"list-disc pl-8 space-y-2\">\n<li class=\"whitespace-normal\"><strong>Partikelgr\u00f6\u00dfe:<\/strong>\u00a0Von 15-45 \u03bcm f\u00fcr AM-Verfahren, bis zu 150 \u03bcm f\u00fcr thermische Spritzverfahren.<\/li>\n<li class=\"whitespace-normal\"><strong>Morphologie:<\/strong>\u00a0Sph\u00e4rische, unregelm\u00e4\u00dfige und gemischte Formen. Kugelf\u00f6rmiges Pulver bietet einen optimalen Fluss und eine optimale Verpackung.<\/li>\n<li class=\"whitespace-normal\"><strong>Reinheit:<\/strong>\u00a0Von kommerziellen bis zu ultrahohen Reinheitsgraden, basierend auf strengen chemischen Analysen und Anwendungsanforderungen.<\/li>\n<li class=\"whitespace-normal\"><strong>Fl\u00e4che:<\/strong>\u00a0Geringe Oberfl\u00e4che bevorzugt, um die Oxidation w\u00e4hrend der Handhabung und Lagerung zu minimieren.<\/li>\n<li class=\"whitespace-normal\"><strong>Noten:<\/strong>\u00a0Ma\u00dfgeschneiderte Zusammensetzung und Pulvereigenschaften je nach Anwendung und Verarbeitungsmethode.<\/li>\n<\/ul>\n<h2>Globale Lieferanten von FeCoNiCrMo-Pulver<\/h2>\n<p class=\"whitespace-pre-wrap\">Zu den weltweit wichtigsten Anbietern von FeCoNiCrMo-Pulver geh\u00f6ren:<\/p>\n<ul class=\"list-disc pl-8 space-y-2\">\n<li class=\"whitespace-normal\">Sandvik Osprey (UK)<\/li>\n<li class=\"whitespace-normal\">Erasteel (Frankreich)<\/li>\n<li class=\"whitespace-normal\">Tekna (Kanada)<\/li>\n<li class=\"whitespace-normal\">Edgetech Industries (USA)<\/li>\n<li class=\"whitespace-normal\">CNPC-Pulver (China)<\/li>\n<li class=\"whitespace-normal\">Hoganas (Schweden)<\/li>\n<li class=\"whitespace-normal\">AMETEK (US)<\/li>\n<\/ul>\n<p class=\"whitespace-pre-wrap\">Diese Unternehmen stellen verschiedene FeCoNiCrMo-Pulverqualit\u00e4ten durch Gasverd\u00fcsung, Wasserverd\u00fcsung, mechanisches Legieren und andere Verfahren her, die auf spezifische Anwendungen zugeschnitten sind.<\/p>\n<h2>Preisgestaltung von FeCoNiCrMo-Pulver<\/h2>\n<p class=\"whitespace-pre-wrap\">Die Preise f\u00fcr FeCoNiCrMo-Pulver sind abh\u00e4ngig von Faktoren wie:<\/p>\n<ul class=\"list-disc pl-8 space-y-2\">\n<li class=\"whitespace-normal\">Zusammensetzung, Reinheitsgrad<\/li>\n<li class=\"whitespace-normal\">Partikelgr\u00f6\u00dfenverteilung und Morphologie<\/li>\n<li class=\"whitespace-normal\">Produktionsverfahren<\/li>\n<li class=\"whitespace-normal\">Bestellmenge<\/li>\n<li class=\"whitespace-normal\">Hersteller und geografischer Standort<\/li>\n<\/ul>\n<table>\n<thead>\n<tr>\n<th>Klasse<\/th>\n<th>Preisspanne<\/th>\n<\/tr>\n<\/thead>\n<tbody>\n<tr>\n<td>Kommerziell<\/td>\n<td>$80-120 pro kg<\/td>\n<\/tr>\n<tr>\n<td>Hohe Reinheit<\/td>\n<td>$120-250 pro kg<\/td>\n<\/tr>\n<tr>\n<td>Ultrafeine<\/td>\n<td>$250-450 pro kg<\/td>\n<\/tr>\n<tr>\n<td>Besondere Note<\/td>\n<td>$450-850 pro kg<\/td>\n<\/tr>\n<\/tbody>\n<\/table>\n<p class=\"whitespace-pre-wrap\">Gaszerst\u00e4ubte Pulver mit kontrollierter Partikelgr\u00f6\u00dfe und hohem Reinheitsgrad sind im Vergleich zu handels\u00fcblichen Pulversorten wesentlich teurer.<\/p>\n<h2>Lagerung und Handhabung von FeCoNiCrMo-Pulver<\/h2>\n<p class=\"whitespace-pre-wrap\">FeCoNiCrMo-Pulver erfordert eine sorgf\u00e4ltige Lagerung und Handhabung:<\/p>\n<ul class=\"list-disc pl-8 space-y-2\">\n<li class=\"whitespace-normal\">Sollte in versiegelten Beh\u00e4ltern unter Inertgas gelagert werden, um Oxidation zu verhindern<\/li>\n<li class=\"whitespace-normal\">Vermeiden Sie die Ansammlung von feinem Pulver, um die Explosionsgefahr zu minimieren.<\/li>\n<li class=\"whitespace-normal\">Verwenden Sie bei der Handhabung angemessene PSA, Bel\u00fcftung, Erdung und Sicherheitsma\u00dfnahmen.<\/li>\n<li class=\"whitespace-normal\">Verhindern Sie den Kontakt zwischen Pulver und unvertr\u00e4glichen Materialien<\/li>\n<li class=\"whitespace-normal\">Befolgen Sie die geltenden Sicherheitsrichtlinien aus dem SDS des Lieferanten<\/li>\n<\/ul>\n<p class=\"whitespace-pre-wrap\">Beim Umgang mit diesem reaktiven Legierungspulver sind angemessene Schutzma\u00dfnahmen unerl\u00e4sslich.<\/p>\n<h2>Inspektion und Pr\u00fcfung von FeCoNiCrMo-Pulver<\/h2>\n<p class=\"whitespace-pre-wrap\">Die wichtigsten Tests zur Qualit\u00e4tskontrolle von FeCoNiCrMo-Pulver:<\/p>\n<ul class=\"list-disc pl-8 space-y-2\">\n<li class=\"whitespace-normal\">Chemische Analyse mittels OES oder XRF, um sicherzustellen, dass die Zusammensetzung innerhalb der festgelegten Grenzwerte liegt<\/li>\n<li class=\"whitespace-normal\">Partikelgr\u00f6\u00dfenverteilung mittels Laserbeugung gem\u00e4\u00df ASTM B822 Standard<\/li>\n<li class=\"whitespace-normal\">Morphologische Analyse durch SEM-Bildgebung<\/li>\n<li class=\"whitespace-normal\">Messung des Pulverdurchsatzes gem\u00e4\u00df ASTM B213 Standard<\/li>\n<li class=\"whitespace-normal\">Dichtebestimmung durch Helium-Pyknometrie<\/li>\n<li class=\"whitespace-normal\">Pr\u00fcfung auf Verunreinigungen mit ICP-MS<\/li>\n<li class=\"whitespace-normal\">Mikrostrukturelle Charakterisierung durch R\u00f6ntgenbeugung<\/li>\n<\/ul>\n<p class=\"whitespace-pre-wrap\">Gr\u00fcndliche Tests pr\u00fcfen die Qualit\u00e4t und Konsistenz des Pulvers f\u00fcr die vorgesehene Hochtemperaturanwendung.<\/p>\n<h2>Vergleich zwischen FeCoNiCrMo und 316L-Edelstahlpulvern<\/h2>\n<p class=\"whitespace-pre-wrap\">Vergleich von FeCoNiCrMo und 316L-Edelstahlpulvern:<\/p>\n<table>\n<thead>\n<tr>\n<th>Parameter<\/th>\n<th>FeCoNiCrMo<\/th>\n<th>EDELSTAHL 316L<\/th>\n<\/tr>\n<\/thead>\n<tbody>\n<tr>\n<td>Zusammensetzung<\/td>\n<td>Hochtemperatur-Qualit\u00e4tslegierung<\/td>\n<td>Rostfreie Fe-Cr-Ni-Legierung<\/td>\n<\/tr>\n<tr>\n<td>Kosten<\/td>\n<td>H\u00f6her<\/td>\n<td>Unter<\/td>\n<\/tr>\n<tr>\n<td>Hohe Temperaturbest\u00e4ndigkeit<\/td>\n<td>Weit \u00fcberlegen<\/td>\n<td>M\u00e4\u00dfig<\/td>\n<\/tr>\n<tr>\n<td>Korrosionsbest\u00e4ndigkeit<\/td>\n<td>Vergleichbar<\/td>\n<td>Besser<\/td>\n<\/tr>\n<tr>\n<td>W\u00e4rmeleitf\u00e4higkeit<\/td>\n<td>H\u00f6her<\/td>\n<td>Unter<\/td>\n<\/tr>\n<tr>\n<td>Verarbeitbarkeit<\/td>\n<td>M\u00e4\u00dfig<\/td>\n<td>Ausgezeichnet<\/td>\n<\/tr>\n<tr>\n<td>Anwendungen<\/td>\n<td>Thermisches Spritzen, AM<\/td>\n<td>Automobilindustrie, Bauwesen<\/td>\n<\/tr>\n<\/tbody>\n<\/table>\n<p class=\"whitespace-pre-wrap\">FeCoNiCrMo bietet eine viel bessere Hochtemperaturfestigkeit, w\u00e4hrend 316L gute Verarbeitungseigenschaften und Korrosionsbest\u00e4ndigkeit zu geringeren Kosten bietet.<\/p>\n<h2>FAQs zu FeCoNiCrMo-Pulver<\/h2>\n<p class=\"whitespace-pre-wrap\"><strong>F: Wie wird FeCoNiCrMo-Pulver hergestellt?<\/strong><\/p>\n<p class=\"whitespace-pre-wrap\">A: FeCoNiCrMo-Pulver wird kommerziell durch Gasverd\u00fcsung, Wasserverd\u00fcsung und mechanisches Legieren mit anschlie\u00dfender Sinterung hergestellt. Die Gasverd\u00fcsung bietet die besten Pulvereigenschaften.<\/p>\n<p class=\"whitespace-pre-wrap\"><strong>F: Was sind die wichtigsten Anwendungen f\u00fcr FeCoNiCrMo-Pulver?<\/strong><\/p>\n<p class=\"whitespace-pre-wrap\">A: Zu den Hauptanwendungen geh\u00f6ren thermische Spritzbeschichtungen, additive Fertigung, Hartl\u00f6tzusatzwerkstoffe, pulvermetallurgische Warmarbeitswerkzeuge und Glasverarbeitungsanlagen, bei denen hohe Temperaturfestigkeit und -best\u00e4ndigkeit erforderlich ist.<\/p>\n<p class=\"whitespace-pre-wrap\"><strong>F: Welche Partikelgr\u00f6\u00dfe wird f\u00fcr das thermische Spritzen empfohlen?<\/strong><\/p>\n<p class=\"whitespace-pre-wrap\">A: F\u00fcr die meisten thermischen Spritzverfahren wird f\u00fcr FeCoNiCrMo-Pulver ein Partikelgr\u00f6\u00dfenbereich von 45-150 Mikrometern bevorzugt, um die Abscheidungseffizienz und die Beschichtungseigenschaften zu maximieren.<\/p>\n<p class=\"whitespace-pre-wrap\"><strong>F: Erfordert FeCoNiCrMo-Pulver besondere Vorsichtsma\u00dfnahmen bei der Handhabung?<\/strong><\/p>\n<p class=\"whitespace-pre-wrap\">A: Ja, beim Umgang mit diesem reaktionsfreudigen, feinen Legierungspulver sind angemessene Schutzma\u00dfnahmen unerl\u00e4sslich, einschlie\u00dflich inerter Atmosph\u00e4re, Erdung, Bel\u00fcftung und PSA.<\/p>\n<p class=\"whitespace-pre-wrap\"><strong>F: Wo kann ich f\u00fcr die additive Fertigung geeignetes FeCoNiCrMo-Pulver kaufen?<\/strong><\/p>\n<p class=\"whitespace-pre-wrap\">A: F\u00fcr AM-Anwendungen, die eine hohe Temperaturfestigkeit erfordern, kann feines FeCoNiCrMo-Pulver von f\u00fchrenden Herstellern wie Sandvik, Erasteel, Tekna und Edgetech Industries bezogen werden.<\/p>","protected":false},"excerpt":{"rendered":"<p>FeCoNiCrMo-Pulver ist ein komplexes Legierungspulver, das aus Eisen (Fe), Kobalt (Co), Nickel (Ni), Chrom (Cr) und Molybd\u00e4n (Mo) besteht. Diese Elemente wirken synergetisch zusammen, um ein Pulver mit bemerkenswerten Eigenschaften zu schaffen, das f\u00fcr zahlreiche Anwendungen geeignet ist.<\/p>","protected":false},"featured_media":2189,"comment_status":"open","ping_status":"closed","template":"","meta":[],"product_brand":[],"product_cat":[31,42],"product_tag":[],"class_list":{"0":"post-1440","1":"product","2":"type-product","3":"status-publish","4":"has-post-thumbnail","6":"product_cat-3d-printing-metal-powder","7":"product_cat-high-entropy-alloy-powder","9":"first","10":"instock","11":"shipping-taxable","12":"product-type-simple"},"_links":{"self":[{"href":"https:\/\/met3dp.sg\/de\/wp-json\/wp\/v2\/product\/1440","targetHints":{"allow":["GET"]}}],"collection":[{"href":"https:\/\/met3dp.sg\/de\/wp-json\/wp\/v2\/product"}],"about":[{"href":"https:\/\/met3dp.sg\/de\/wp-json\/wp\/v2\/types\/product"}],"replies":[{"embeddable":true,"href":"https:\/\/met3dp.sg\/de\/wp-json\/wp\/v2\/comments?post=1440"}],"wp:featuredmedia":[{"embeddable":true,"href":"https:\/\/met3dp.sg\/de\/wp-json\/wp\/v2\/media\/2189"}],"wp:attachment":[{"href":"https:\/\/met3dp.sg\/de\/wp-json\/wp\/v2\/media?parent=1440"}],"wp:term":[{"taxonomy":"product_brand","embeddable":true,"href":"https:\/\/met3dp.sg\/de\/wp-json\/wp\/v2\/product_brand?post=1440"},{"taxonomy":"product_cat","embeddable":true,"href":"https:\/\/met3dp.sg\/de\/wp-json\/wp\/v2\/product_cat?post=1440"},{"taxonomy":"product_tag","embeddable":true,"href":"https:\/\/met3dp.sg\/de\/wp-json\/wp\/v2\/product_tag?post=1440"}],"curies":[{"name":"wp","href":"https:\/\/api.w.org\/{rel}","templated":true}]}}