{"id":1439,"date":"2023-09-07T02:04:48","date_gmt":"2023-09-07T02:04:48","guid":{"rendered":"https:\/\/site3.easyceotech.com\/product\/a100-steel-alloy-powder\/"},"modified":"2023-10-20T07:42:25","modified_gmt":"2023-10-20T07:42:25","slug":"a100-steel-alloy-powder","status":"publish","type":"product","link":"https:\/\/met3dp.sg\/de\/product\/a100-steel-alloy-powder\/","title":{"rendered":"A100 Stahllegierungspulver"},"content":{"rendered":"<h2>\u00dcbersicht \u00fcber A100-Stahllegierungspulver<\/h2>\n<p class=\"whitespace-pre-wrap\">Edelstahl A100 enth\u00e4lt einen hohen Anteil an Nickel und Mangan sowie Chrom, Stickstoff und Kohlenstoff, um eine hervorragende Z\u00e4higkeit und Duktilit\u00e4t bei niedrigen Temperaturen zu erreichen. Es beh\u00e4lt seine hervorragende Schlagz\u00e4higkeit und Best\u00e4ndigkeit gegen kryogene Verspr\u00f6dung bis zur Temperatur von fl\u00fcssigem Helium.<\/p>\n<p class=\"whitespace-pre-wrap\">Zu den Hauptmerkmalen von A100-Pulver geh\u00f6ren:<\/p>\n<ul class=\"list-disc pl-8 space-y-2\">\n<li class=\"whitespace-normal\">Hervorragende Z\u00e4higkeit und Duktilit\u00e4t bei niedrigen Temperaturen<\/li>\n<li class=\"whitespace-normal\">Hohe Schlagz\u00e4higkeit bei kryogenen Temperaturen<\/li>\n<li class=\"whitespace-normal\">Gute Festigkeit und H\u00e4rte bei Raumtemperatur<\/li>\n<li class=\"whitespace-normal\">Sehr gute Schwei\u00dfbarkeit und Verarbeitbarkeit<\/li>\n<li class=\"whitespace-normal\">Best\u00e4ndig gegen kryogene Verspr\u00f6dung<\/li>\n<li class=\"whitespace-normal\">Erh\u00e4ltlich in verschiedenen Korngr\u00f6\u00dfenverteilungen<\/li>\n<\/ul>\n<p class=\"whitespace-pre-wrap\">A100-Pulver ist f\u00fcr Anwendungen konzipiert, die thermische Stabilit\u00e4t und Z\u00e4higkeit bei extrem niedrigen Temperaturen erfordern, wie z. B. die Lagerung und den Transport von fl\u00fcssigem Erdgas. Dieser Artikel bietet einen detaillierten \u00dcberblick \u00fcber dieses Legierungspulver.<\/p>\n<h2>Chemische Zusammensetzung von A100-Pulver<\/h2>\n<p class=\"whitespace-pre-wrap\">Die typische Zusammensetzung von A100-Pulver ist:<\/p>\n<table>\n<thead>\n<tr>\n<th>Element<\/th>\n<th>Gewicht %<\/th>\n<\/tr>\n<\/thead>\n<tbody>\n<tr>\n<td>Nickel (Ni)<\/td>\n<td>9-11%<\/td>\n<\/tr>\n<tr>\n<td>Mangan (Mn)<\/td>\n<td>12-14%<\/td>\n<\/tr>\n<tr>\n<td>Chrom (Cr)<\/td>\n<td>14-16%<\/td>\n<\/tr>\n<tr>\n<td>Stickstoff (N)<\/td>\n<td>0.15-0.30%<\/td>\n<\/tr>\n<tr>\n<td>Kohlenstoff (C)<\/td>\n<td>0,08% max<\/td>\n<\/tr>\n<tr>\n<td>Silizium (Si)<\/td>\n<td>1% max<\/td>\n<\/tr>\n<tr>\n<td>Eisen (Fe)<\/td>\n<td>Bilanz<\/td>\n<\/tr>\n<\/tbody>\n<\/table>\n<p class=\"whitespace-pre-wrap\">Die wichtigsten Legierungselemente wie Nickel, Mangan, Chrom und Stickstoff erm\u00f6glichen eine au\u00dfergew\u00f6hnliche Z\u00e4higkeit und Duktilit\u00e4t bei kryogenen Temperaturen in A100-Stahl.<\/p>\n<p><img fetchpriority=\"high\" decoding=\"async\" class=\"size-medium wp-image-1409 aligncenter\" src=\"https:\/\/met3dp.sg\/wp-content\/uploads\/2023\/09\/ed7a94ec-3c10-4b1b-87ed--300x300.jpg\" alt=\"A100 Stahllegierungspulver\" width=\"300\" height=\"300\" title=\"\" srcset=\"https:\/\/met3dp.sg\/wp-content\/uploads\/2023\/09\/ed7a94ec-3c10-4b1b-87ed--300x300.jpg 300w, https:\/\/met3dp.sg\/wp-content\/uploads\/2023\/09\/ed7a94ec-3c10-4b1b-87ed--100x100.jpg 100w, https:\/\/met3dp.sg\/wp-content\/uploads\/2023\/09\/ed7a94ec-3c10-4b1b-87ed--150x150.jpg 150w, https:\/\/met3dp.sg\/wp-content\/uploads\/2023\/09\/ed7a94ec-3c10-4b1b-87ed-.jpg 600w\" sizes=\"(max-width: 300px) 100vw, 300px\" \/><\/p>\n<h2>Eigenschaften von A100-Pulver<\/h2>\n<p class=\"whitespace-pre-wrap\">A100-Pulver besitzt folgende Eigenschaften:<\/p>\n<table>\n<thead>\n<tr>\n<th>Eigentum<\/th>\n<th>Wert<\/th>\n<\/tr>\n<\/thead>\n<tbody>\n<tr>\n<td>Dichte<\/td>\n<td>7,9-8,1 g\/cm3<\/td>\n<\/tr>\n<tr>\n<td>Schmelzpunkt<\/td>\n<td>1400-1450\u00b0C<\/td>\n<\/tr>\n<tr>\n<td>W\u00e4rmeleitf\u00e4higkeit<\/td>\n<td>12 W\/mK<\/td>\n<\/tr>\n<tr>\n<td>Elektrischer spezifischer Widerstand<\/td>\n<td>0,80 \u03bc\u03a9.cm<\/td>\n<\/tr>\n<tr>\n<td>Elastizit\u00e4tsmodul<\/td>\n<td>190-210 GPa<\/td>\n<\/tr>\n<tr>\n<td>Querkontraktionszahl<\/td>\n<td>0.29-0.30<\/td>\n<\/tr>\n<tr>\n<td>Zugfestigkeit<\/td>\n<td>620 MPa<\/td>\n<\/tr>\n<tr>\n<td>Streckgrenze<\/td>\n<td>275 MPa<\/td>\n<\/tr>\n<tr>\n<td>Dehnung<\/td>\n<td>35-40%<\/td>\n<\/tr>\n<tr>\n<td>Schlagfestigkeit<\/td>\n<td>50-120 J bei -196\u00b0C<\/td>\n<\/tr>\n<\/tbody>\n<\/table>\n<p class=\"whitespace-pre-wrap\">A100 beh\u00e4lt auch bei der Temperatur von fl\u00fcssigem Helium eine hervorragende Duktilit\u00e4t und Schlagz\u00e4higkeit bei, wodurch es f\u00fcr die anspruchsvollsten kryogenen Anwendungen geeignet ist.<\/p>\n<h2>Produktionsmethode f\u00fcr A100-Pulver<\/h2>\n<p class=\"whitespace-pre-wrap\">A100-Pulver kann hergestellt werden durch:<\/p>\n<ul class=\"list-disc pl-8 space-y-2\">\n<li class=\"whitespace-normal\"><strong>Gaszerst\u00e4ubung<\/strong>\u00a0- Hochdruck-Inertgas zur Zerst\u00e4ubung der geschmolzenen Legierung, wodurch ein feines kugelf\u00f6rmiges Pulver entsteht, das sich ideal f\u00fcr AM eignet.<\/li>\n<li class=\"whitespace-normal\"><strong>Wasserzerst\u00e4ubung<\/strong>\u00a0\u2013 Ein Wasserstrahl mit hoher Geschwindigkeit bricht den geschmolzenen Strom in unregelm\u00e4\u00dfige Pulverpartikel auf. Geringere Kosten, aber h\u00f6here Sauerstoffaufnahme.<\/li>\n<li class=\"whitespace-normal\"><strong>Mechanisches Legieren<\/strong>\u00a0- Kugelmahlung von gemischten elementaren Pulvern mit anschlie\u00dfender Sinterung und Sekund\u00e4rzerst\u00e4ubung.<\/li>\n<\/ul>\n<p class=\"whitespace-pre-wrap\">Die Gaszerst\u00e4ubung erm\u00f6glicht eine hervorragende Kontrolle \u00fcber Partikelgr\u00f6\u00dfenverteilung, Form, Sauerstoffaufnahme und Mikroreinheit.<\/p>\n<h2>Anwendungen von A100-Pulver<\/h2>\n<p class=\"whitespace-pre-wrap\">Typische Anwendungen f\u00fcr A100-Pulver sind:<\/p>\n<ul class=\"list-disc pl-8 space-y-2\">\n<li class=\"whitespace-normal\"><strong>Additive Fertigung<\/strong>\u00a0\u2013 Wird beim Laser-Pulverbettschmelzen und Binder-Jetting f\u00fcr kryogene Teile wie Ventilk\u00f6rper, Pumpenkomponenten, Lagertanks usw. verwendet.<\/li>\n<li class=\"whitespace-normal\"><strong>Metall-Spritzgie\u00dfen<\/strong>\u00a0\u2013 Zur Herstellung kleiner, komplexer kryogener Teile, die eine hohe Duktilit\u00e4t und Schlagfestigkeit erfordern.<\/li>\n<li class=\"whitespace-normal\"><strong>Thermische Spritzschichten<\/strong>\u00a0\u2013 Drahtlichtbogen-Spr\u00fchabscheidung zur Herstellung von Beschichtungen mit kryogener Best\u00e4ndigkeit.<\/li>\n<li class=\"whitespace-normal\"><strong>Kryobeh\u00e4lter<\/strong>\u00a0\u2013 Auskleidungen, Armaturen, Befestigungselemente, Schmiede- und Gussteile f\u00fcr die Lagerung und den Transport von Fl\u00fcssigerdgas.<\/li>\n<li class=\"whitespace-normal\"><strong>Kryok\u00fchler<\/strong>\u00a0\u2013 Pulvergeschmiedete Kompressorteile und Regeneratorgeh\u00e4use, die eine hohe kryogene Z\u00e4higkeit erfordern.<\/li>\n<\/ul>\n<h2>Spezifikationen von A100-Pulver<\/h2>\n<p class=\"whitespace-pre-wrap\">A100-Pulver ist in verschiedenen Gr\u00f6\u00dfenbereichen, Formen und Qualit\u00e4ten erh\u00e4ltlich:<\/p>\n<ul class=\"list-disc pl-8 space-y-2\">\n<li class=\"whitespace-normal\"><strong>Partikelgr\u00f6\u00dfe:<\/strong>\u00a0Von 10-45 \u03bcm f\u00fcr AM-Verfahren, bis zu 150 \u03bcm f\u00fcr thermische Spritzverfahren.<\/li>\n<li class=\"whitespace-normal\"><strong>Morphologie:<\/strong>\u00a0Sph\u00e4rische, unregelm\u00e4\u00dfige und gemischte Formen. Glattes, kugelf\u00f6rmiges Pulver sorgt f\u00fcr optimale Flie\u00dff\u00e4higkeit und Packungsdichte.<\/li>\n<li class=\"whitespace-normal\"><strong>Reinheit:<\/strong>\u00a0Von handels\u00fcblichen bis hin zu hochreinen Qualit\u00e4ten, je nach Anwendungsanforderungen.<\/li>\n<li class=\"whitespace-normal\"><strong>Sauerstoffgehalt:<\/strong>\u00a0Bei den meisten Anwendungen werden die Werte unter 2000 ppm gehalten.<\/li>\n<li class=\"whitespace-normal\"><strong>Durchflussmenge:<\/strong>\u00a0Pulver nach Ma\u00df f\u00fcr Durchflussmengen \u00fcber 25 s\/50 g.<\/li>\n<\/ul>\n<h2>Globale Lieferanten von A100-Pulver<\/h2>\n<p class=\"whitespace-pre-wrap\">Zu den weltweit gr\u00f6\u00dften Anbietern von A100-Pulver geh\u00f6ren:<\/p>\n<ul class=\"list-disc pl-8 space-y-2\">\n<li class=\"whitespace-normal\">Sandvik Osprey (UK)<\/li>\n<li class=\"whitespace-normal\">Hoganas (Schweden)<\/li>\n<li class=\"whitespace-normal\">Praxair (USA)<\/li>\n<li class=\"whitespace-normal\">Oerlikon Metco (Schweiz)<\/li>\n<li class=\"whitespace-normal\">Erasteel (Frankreich)<\/li>\n<li class=\"whitespace-normal\">CNPC-Pulver (China)<\/li>\n<\/ul>\n<p class=\"whitespace-pre-wrap\">Diese Unternehmen produzieren verschiedene Qualit\u00e4ten von A100-Pulver, die auf die additive Fertigung, das thermische Spritzen, die Pulvermetallurgie und andere kryogene Anwendungen zugeschnitten sind.<\/p>\n<h2>Preise f\u00fcr A100-Pulver<\/h2>\n<p class=\"whitespace-pre-wrap\">Aufgrund der komplexen Chemie ist A100-Pulver teurer als austenitische Sorten:<\/p>\n<ul class=\"list-disc pl-8 space-y-2\">\n<li class=\"whitespace-normal\"><strong>Menge<\/strong>\u00a0\u2013 $50-100 pro kg f\u00fcr Gro\u00dfbestellungen \u00fcber 500 kg. Kleinere Mengen sind teurer.<\/li>\n<li class=\"whitespace-normal\"><strong>Qualit\u00e4t<\/strong>\u00a0- Hochreines, kugelf\u00f6rmiges Pulver mit kontrollierten Eigenschaften erfordert einen hohen Preis.<\/li>\n<li class=\"whitespace-normal\"><strong>Anbieter<\/strong>\u00a0- Gro\u00dfe globale Anbieter bieten aufgrund gr\u00f6\u00dferer Mengen wettbewerbsf\u00e4hige Preise.<\/li>\n<li class=\"whitespace-normal\"><strong>Geographie<\/strong>\u00a0- Die Preise variieren je nach Region, wobei Europa und Nordamerika die teureren M\u00e4rkte sind.<\/li>\n<\/ul>\n<p class=\"whitespace-pre-wrap\">F\u00fcr kritische kryogene Anwendungen sollten K\u00e4ufer bei der Beschaffung von A100-Pulver auf Qualit\u00e4t und nicht auf niedrigste Kosten achten.<\/p>\n<h2>Lagerung und Handhabung von A100-Pulver<\/h2>\n<p class=\"whitespace-pre-wrap\">A100-Pulver erfordert eine kontrollierte Lagerung und Handhabung:<\/p>\n<ul class=\"list-disc pl-8 space-y-2\">\n<li class=\"whitespace-normal\">In verschlossenen Beh\u00e4ltern unter Inertgas lagern, um Oxidation zu verhindern<\/li>\n<li class=\"whitespace-normal\">Vermeiden Sie die Ansammlung von feinem Pulver, um das Risiko einer Staubexplosion zu minimieren.<\/li>\n<li class=\"whitespace-normal\">Achten Sie beim Umgang mit Pulver auf ordnungsgem\u00e4\u00dfe Erdung, Bel\u00fcftung und pers\u00f6nliche Schutzausr\u00fcstung<\/li>\n<li class=\"whitespace-normal\">Kontakt mit Feuchtigkeit, S\u00e4uren und starken Oxidationsmitteln vermeiden<\/li>\n<li class=\"whitespace-normal\">Befolgen Sie die empfohlenen Sicherheitspraktiken aus dem SDS des Lieferanten.<\/li>\n<\/ul>\n<p class=\"whitespace-pre-wrap\">Beim Umgang mit reaktiven Legierungspulvern wie A100 werden Inertgas-Glovebox-Techniken bevorzugt.<\/p>\n<h2>Inspektion und Pr\u00fcfung von A100-Pulver<\/h2>\n<p class=\"whitespace-pre-wrap\">Wichtige Qualit\u00e4tskontrolltests, die an A100-Pulver durchgef\u00fchrt wurden:<\/p>\n<ul class=\"list-disc pl-8 space-y-2\">\n<li class=\"whitespace-normal\">Chemische Analyse mittels OES oder XRF, um sicherzustellen, dass die Zusammensetzung innerhalb der festgelegten Grenzwerte liegt<\/li>\n<li class=\"whitespace-normal\">Partikelgr\u00f6\u00dfenverteilung gem\u00e4\u00df ASTM B822 Standard<\/li>\n<li class=\"whitespace-normal\">Morphologische Analyse durch SEM-Bildgebung<\/li>\n<li class=\"whitespace-normal\">Pulverflussrate gemessen nach ASTM B213 Standard<\/li>\n<li class=\"whitespace-normal\">Dichtebestimmung durch Helium-Pyknometrie<\/li>\n<li class=\"whitespace-normal\">Pr\u00fcfung auf Verunreinigungen mittels ICP-MS<\/li>\n<li class=\"whitespace-normal\">Charakterisierung des Mikrogef\u00fcges durch R\u00f6ntgenbeugung<\/li>\n<\/ul>\n<p class=\"whitespace-pre-wrap\">Durch gr\u00fcndliche Tests wird sichergestellt, dass das Pulver die erforderlichen chemischen, physikalischen und mikrostrukturellen Eigenschaften f\u00fcr kryogene Anwendungen erf\u00fcllt.<\/p>\n<h2>Vergleich zwischen A100- und 304L-Edelstahlpulvern<\/h2>\n<p class=\"whitespace-pre-wrap\">Vergleich der Edelstahlpulver A100 und 304L:<\/p>\n<table>\n<thead>\n<tr>\n<th>Parameter<\/th>\n<th>A100<\/th>\n<th>304L<\/th>\n<\/tr>\n<\/thead>\n<tbody>\n<tr>\n<td>Typ<\/td>\n<td>Austenitisch<\/td>\n<td>Austenitisch<\/td>\n<\/tr>\n<tr>\n<td>Ni-Gehalt<\/td>\n<td>9-11%<\/td>\n<td>8-12%<\/td>\n<\/tr>\n<tr>\n<td>Z\u00e4higkeit bei niedrigen Temperaturen<\/td>\n<td>Ausgezeichnet<\/td>\n<td>Schlecht<\/td>\n<\/tr>\n<tr>\n<td>Korrosionsbest\u00e4ndigkeit<\/td>\n<td>M\u00e4\u00dfig<\/td>\n<td>Ausgezeichnet<\/td>\n<\/tr>\n<tr>\n<td>Kosten<\/td>\n<td>H\u00f6her<\/td>\n<td>Unter<\/td>\n<\/tr>\n<tr>\n<td>Schwei\u00dfeignung<\/td>\n<td>Sehr gut<\/td>\n<td>Ausgezeichnet<\/td>\n<\/tr>\n<tr>\n<td>Anwendungen<\/td>\n<td>Kryoteile<\/td>\n<td>Automobil, Haushaltsger\u00e4te<\/td>\n<\/tr>\n<\/tbody>\n<\/table>\n<p class=\"whitespace-pre-wrap\">A100 bietet eine au\u00dfergew\u00f6hnliche Z\u00e4higkeit bei niedrigen Temperaturen, w\u00e4hrend 304L insgesamt eine bessere Korrosionsbest\u00e4ndigkeit bei geringeren Kosten bietet.<\/p>\n<h2>H\u00e4ufig gestellte Fragen zu A100-Pulver<\/h2>\n<p class=\"whitespace-pre-wrap\"><strong>F: Wie wird A100-Stahllegierungspulver hergestellt?<\/strong><\/p>\n<p class=\"whitespace-pre-wrap\">A: A100-Pulver wird kommerziell durch Gaszerst\u00e4ubung, Wasserzerst\u00e4ubung und mechanisches Legieren mit anschlie\u00dfendem Sintern hergestellt. Die Gaszerst\u00e4ubung bietet die beste Kontrolle der Eigenschaften.<\/p>\n<p class=\"whitespace-pre-wrap\"><strong>F: Was sind die Hauptanwendungen von A100-Pulver?<\/strong><\/p>\n<p class=\"whitespace-pre-wrap\">A: Zu den Hauptanwendungen geh\u00f6ren additive Fertigung, thermische Spritzbeschichtungen, Metallspritzguss und Pulvermetallurgie von kryogenen Teilen, die eine hohe Duktilit\u00e4t und Schlagfestigkeit bei extrem niedrigen Temperaturen erfordern.<\/p>\n<p class=\"whitespace-pre-wrap\"><strong>F: Was ist die typische A100-Pulvergr\u00f6\u00dfe, die f\u00fcr das Binder Jetting AM verwendet wird?<\/strong><\/p>\n<p class=\"whitespace-pre-wrap\">A: F\u00fcr den Binder-Jetting-Prozess betr\u00e4gt die \u00fcbliche A100-Pulvergr\u00f6\u00dfe 20\u201345 Mikrometer mit sph\u00e4rischer Morphologie, um eine gute Pulverpackung und Bindemittelinfiltration zu erm\u00f6glichen.<\/p>\n<p class=\"whitespace-pre-wrap\"><strong>F: Erfordert A100-Pulver besondere Vorsichtsma\u00dfnahmen bei der Handhabung?<\/strong><\/p>\n<p class=\"whitespace-pre-wrap\">A: Ja, es wird empfohlen, A100-Pulver vorsichtig unter kontrollierter Luftfeuchtigkeit und inerter Atmosph\u00e4re zu handhaben und dabei ordnungsgem\u00e4\u00dfe Erdung, Bel\u00fcftung und PSA zu verwenden.<\/p>\n<p class=\"whitespace-pre-wrap\"><strong>F: Wo kann ich A100-Pulver kaufen, das f\u00fcr kryogene Lagerbeh\u00e4lter geeignet ist?<\/strong><\/p>\n<p class=\"whitespace-pre-wrap\">A: F\u00fcr kryogene Anwendungen, die eine hohe Z\u00e4higkeit erfordern, kann A100-Pulver von f\u00fchrenden Herstellern wie Sandvik Osprey, Hoganas, Praxair, Oerlikon Metco und Erasteel erworben werden.<\/p>","protected":false},"excerpt":{"rendered":"<p>A100-Stahllegierungspulver ist eine spezielle Form von Stahl, die aus einer pr\u00e4zisen Mischung von Eisen und anderen Legierungselementen besteht. Es wird durch Zerst\u00e4ubung hergestellt, ein Verfahren, bei dem geschmolzenes Metall schnell zu feinen Pulverpartikeln verfestigt wird. Dieses feine Pulver weist eine ausgezeichnete Flie\u00dff\u00e4higkeit auf und l\u00e4sst sich mit Hilfe von pulvermetallurgischen Verfahren leicht in verschiedene Formen bringen.<\/p>","protected":false},"featured_media":2200,"comment_status":"open","ping_status":"closed","template":"","meta":[],"product_brand":[],"product_cat":[31,38],"product_tag":[],"class_list":{"0":"post-1439","1":"product","2":"type-product","3":"status-publish","4":"has-post-thumbnail","6":"product_cat-3d-printing-metal-powder","7":"product_cat-iron-based-alloy-powder","9":"first","10":"instock","11":"shipping-taxable","12":"product-type-simple"},"_links":{"self":[{"href":"https:\/\/met3dp.sg\/de\/wp-json\/wp\/v2\/product\/1439","targetHints":{"allow":["GET"]}}],"collection":[{"href":"https:\/\/met3dp.sg\/de\/wp-json\/wp\/v2\/product"}],"about":[{"href":"https:\/\/met3dp.sg\/de\/wp-json\/wp\/v2\/types\/product"}],"replies":[{"embeddable":true,"href":"https:\/\/met3dp.sg\/de\/wp-json\/wp\/v2\/comments?post=1439"}],"wp:featuredmedia":[{"embeddable":true,"href":"https:\/\/met3dp.sg\/de\/wp-json\/wp\/v2\/media\/2200"}],"wp:attachment":[{"href":"https:\/\/met3dp.sg\/de\/wp-json\/wp\/v2\/media?parent=1439"}],"wp:term":[{"taxonomy":"product_brand","embeddable":true,"href":"https:\/\/met3dp.sg\/de\/wp-json\/wp\/v2\/product_brand?post=1439"},{"taxonomy":"product_cat","embeddable":true,"href":"https:\/\/met3dp.sg\/de\/wp-json\/wp\/v2\/product_cat?post=1439"},{"taxonomy":"product_tag","embeddable":true,"href":"https:\/\/met3dp.sg\/de\/wp-json\/wp\/v2\/product_tag?post=1439"}],"curies":[{"name":"wp","href":"https:\/\/api.w.org\/{rel}","templated":true}]}}