{"id":1438,"date":"2023-09-07T02:04:48","date_gmt":"2023-09-07T02:04:48","guid":{"rendered":"https:\/\/site3.easyceotech.com\/product\/best-stainless-steel-316l-powder-for-3d-printing\/"},"modified":"2023-10-30T07:57:08","modified_gmt":"2023-10-30T07:57:08","slug":"stainless-steel-316l-powder-for-3d-printing","status":"publish","type":"product","link":"https:\/\/met3dp.sg\/de\/product\/stainless-steel-316l-powder-for-3d-printing\/","title":{"rendered":"Bestes Edelstahl 316L-Pulver f\u00fcr den 3D-Druck"},"content":{"rendered":"<h2>\u00dcberblick \u00fcber Edelstahl 316L-Pulver<\/h2>\n<p class=\"whitespace-pre-wrap\">Der nichtrostende Stahl 316L geh\u00f6rt zur Klasse der austenitischen nichtrostenden St\u00e4hle. Der Zusatz von 2-3% Molybd\u00e4n zusammen mit Nickel und Chrom verleiht ihm eine ausgezeichnete Best\u00e4ndigkeit gegen Lochfra\u00df und Spaltkorrosion in rauen Umgebungen. Das \"L\" steht f\u00fcr einen geringeren Kohlenstoffgehalt, um Karbidausscheidungen beim Schwei\u00dfen zu vermeiden.<\/p>\n<p class=\"whitespace-pre-wrap\">Zu den wichtigsten Eigenschaften von 316L-Pulver geh\u00f6ren:<\/p>\n<ul class=\"list-disc pl-8 space-y-2\">\n<li class=\"whitespace-normal\">Ausgezeichnete Korrosionsbest\u00e4ndigkeit in rauen Umgebungen<\/li>\n<li class=\"whitespace-normal\">Hohe Oxidations- und Sulfidierungsbest\u00e4ndigkeit bei erh\u00f6hten Temperaturen<\/li>\n<li class=\"whitespace-normal\">Sehr gute Schwei\u00dfbarkeit und Umformbarkeit<\/li>\n<li class=\"whitespace-normal\">Nichtmagnetisches austenitisches Gef\u00fcge<\/li>\n<li class=\"whitespace-normal\">Erh\u00e4ltlich in einer Reihe von Partikelgr\u00f6\u00dfenverteilungen<\/li>\n<\/ul>\n<p class=\"whitespace-pre-wrap\">316L-Pulver eignet sich f\u00fcr Anwendungen, die eine hervorragende Korrosionsbest\u00e4ndigkeit erfordern, z. B. in der chemischen Verarbeitung, in der pharmazeutischen Industrie, in der Lebensmittel- und Getr\u00e4nkeindustrie, bei Schiffsausr\u00fcstungen und biomedizinischen Implantaten. Dieser Artikel bietet einen detaillierten \u00dcberblick \u00fcber 316L-Pulver.<\/p>\n<h2>Chemische Zusammensetzung von 316L-Pulver<\/h2>\n<p class=\"whitespace-pre-wrap\">Die typische Zusammensetzung von 316L-Pulver ist:<\/p>\n<table>\n<thead>\n<tr>\n<th>Element<\/th>\n<th>Gewicht %<\/th>\n<\/tr>\n<\/thead>\n<tbody>\n<tr>\n<td>Eisen (Fe)<\/td>\n<td>Bilanz<\/td>\n<\/tr>\n<tr>\n<td>Chrom (Cr)<\/td>\n<td>16-18%<\/td>\n<\/tr>\n<tr>\n<td>Nickel (Ni)<\/td>\n<td>10-14%<\/td>\n<\/tr>\n<tr>\n<td>Molybd\u00e4n (Mo)<\/td>\n<td>2-3%<\/td>\n<\/tr>\n<tr>\n<td>Mangan (Mn)<\/td>\n<td>\u2264 2%<\/td>\n<\/tr>\n<tr>\n<td>Silizium (Si)<\/td>\n<td>\u2264 1%<\/td>\n<\/tr>\n<tr>\n<td>Kohlenstoff (C)<\/td>\n<td>\u2264 0,03%<\/td>\n<\/tr>\n<tr>\n<td>Phosphor (P)<\/td>\n<td>\u2264 0,045%<\/td>\n<\/tr>\n<tr>\n<td>Schwefel (S)<\/td>\n<td>\u2264 0,03%<\/td>\n<\/tr>\n<\/tbody>\n<\/table>\n<p class=\"whitespace-pre-wrap\">Nickel erh\u00f6ht die Korrosionsbest\u00e4ndigkeit, w\u00e4hrend der Zusatz von Molybd\u00e4n die Best\u00e4ndigkeit gegen Lochfra\u00df und Spaltkorrosion in chloridhaltigen Umgebungen verbessert. Der niedrige Kohlenstoffgehalt vermeidet Karbidausscheidungen beim Schwei\u00dfen.<\/p>\n<p><img fetchpriority=\"high\" decoding=\"async\" class=\"aligncenter wp-image-1401 size-full\" src=\"https:\/\/met3dp.sg\/wp-content\/uploads\/2023\/09\/316L.png\" alt=\"Edelstahl 316L-Pulver\" width=\"250\" height=\"281\" title=\"\"><\/p>\n<h2>Eigenschaften von 316L-Pulver<\/h2>\n<p class=\"whitespace-pre-wrap\">316L-Pulver weist die folgenden Eigenschaften auf:<\/p>\n<table>\n<thead>\n<tr>\n<th>Eigentum<\/th>\n<th>Wert<\/th>\n<\/tr>\n<\/thead>\n<tbody>\n<tr>\n<td>Dichte<\/td>\n<td>7,9-8,1 g\/cm3<\/td>\n<\/tr>\n<tr>\n<td>Schmelzpunkt<\/td>\n<td>1370-1400\u00b0C<\/td>\n<\/tr>\n<tr>\n<td>W\u00e4rmeleitf\u00e4higkeit<\/td>\n<td>16 W\/mK<\/td>\n<\/tr>\n<tr>\n<td>Elektrischer spezifischer Widerstand<\/td>\n<td>0,75 \u03bc\u03a9.cm<\/td>\n<\/tr>\n<tr>\n<td>Elastizit\u00e4tsmodul<\/td>\n<td>190-210 GPa<\/td>\n<\/tr>\n<tr>\n<td>Querkontraktionszahl<\/td>\n<td>0.27-0.30<\/td>\n<\/tr>\n<tr>\n<td>Zugfestigkeit<\/td>\n<td>485-620 MPa<\/td>\n<\/tr>\n<tr>\n<td>Streckgrenze<\/td>\n<td>170-310 MPa<\/td>\n<\/tr>\n<tr>\n<td>Dehnung<\/td>\n<td>40-50%<\/td>\n<\/tr>\n<tr>\n<td>H\u00e4rte<\/td>\n<td>79-95 HRB<\/td>\n<\/tr>\n<\/tbody>\n<\/table>\n<p class=\"whitespace-pre-wrap\">316L bietet eine hervorragende Korrosionsbest\u00e4ndigkeit in Verbindung mit guter Umformbarkeit und Schwei\u00dfbarkeit. Die austenitische Struktur bietet eine gute Z\u00e4higkeit und Duktilit\u00e4t.<\/p>\n<h2>Herstellungsverfahren f\u00fcr 316L-Pulver<\/h2>\n<p class=\"whitespace-pre-wrap\">Zu den g\u00e4ngigen Herstellungsverfahren f\u00fcr 316L-Pulver geh\u00f6ren:<\/p>\n<ul class=\"list-disc pl-8 space-y-2\">\n<li class=\"whitespace-normal\"><strong>Gaszerst\u00e4ubung<\/strong>\u00a0- Inertgasd\u00fcsen zerlegen den geschmolzenen 316L-Legierungsstrom in feine kugelf\u00f6rmige Pulver mit kontrollierter Gr\u00f6\u00dfenverteilung.<\/li>\n<li class=\"whitespace-normal\"><strong>Wasserzerst\u00e4ubung<\/strong>\u00a0- Ein Hochdruck-Wasserstrahl trifft auf geschmolzenes Metall und zersetzt es, so dass feine, unregelm\u00e4\u00dfige Pulverpartikel entstehen.<\/li>\n<li class=\"whitespace-normal\"><strong>Mechanisches Legieren<\/strong>\u00a0- Kugelmahlung von gemischten elementaren Pulvern mit anschlie\u00dfender Sinterung und Sekund\u00e4rzerst\u00e4ubung.<\/li>\n<\/ul>\n<p class=\"whitespace-pre-wrap\">Die Gaszerst\u00e4ubung erm\u00f6glicht eine hervorragende Kontrolle \u00fcber Partikeleigenschaften wie Gr\u00f6\u00dfe, Form, Sauerstoffaufnahme und Mikrostruktur.<\/p>\n<h2>Anwendungen von 316L-Pulver<\/h2>\n<p class=\"whitespace-pre-wrap\">Typische Anwendungen von 316L-Pulver sind:<\/p>\n<ul class=\"list-disc pl-8 space-y-2\">\n<li class=\"whitespace-normal\"><strong>Additive Fertigung<\/strong>\u00a0- Pulverbettschmelzverfahren und Bindemittelstrahlverfahren verwenden 316L-Pulver f\u00fcr chemische, marine und biomedizinische Teile.<\/li>\n<li class=\"whitespace-normal\"><strong>Metall-Spritzgie\u00dfen<\/strong>\u00a0- Zur Herstellung kleiner, komplexer Bauteile, die korrosionsbest\u00e4ndig sein m\u00fcssen.<\/li>\n<li class=\"whitespace-normal\"><strong>Thermische Spritzschichten<\/strong>\u00a0- Drahtlichtbogenspritzen zur Herstellung von Schutzschichten in rauen Umgebungen.<\/li>\n<li class=\"whitespace-normal\"><strong>Verbrauchsmaterial zum Schwei\u00dfen<\/strong>\u00a0- Wird als Schwei\u00dfzusatzwerkstoff zum Verbinden von 316L-Bauteilen verwendet und bietet eine hervorragende Schwei\u00dfnahtfestigkeit.<\/li>\n<li class=\"whitespace-normal\"><strong>Chemische Verarbeitung<\/strong>\u00a0- Pulvermetallurgische Beh\u00e4lter, Schalen und K\u00f6rbe f\u00fcr die chemische und pharmazeutische Industrie.<\/li>\n<\/ul>\n<h2>Spezifikationen von 316L-Pulver<\/h2>\n<p class=\"whitespace-pre-wrap\">316L-Pulver ist in verschiedenen Gr\u00f6\u00dfenbereichen, Formen und Reinheitsgraden erh\u00e4ltlich:<\/p>\n<ul class=\"list-disc pl-8 space-y-2\">\n<li class=\"whitespace-normal\"><strong>Partikelgr\u00f6\u00dfe:<\/strong>\u00a0Von 10-45 \u03bcm f\u00fcr AM-Verfahren, bis zu 150 \u03bcm f\u00fcr thermische Spritzverfahren.<\/li>\n<li class=\"whitespace-normal\"><strong>Morphologie:<\/strong>\u00a0Sph\u00e4rische, unregelm\u00e4\u00dfige und gemischte Partikelformen. Glattes, kugelf\u00f6rmiges Pulver sorgt f\u00fcr optimalen Fluss.<\/li>\n<li class=\"whitespace-normal\"><strong>Reinheit:<\/strong>\u00a0Von handels\u00fcblichem bis zu hochreinem (99,9%), das auf die Anforderungen der Anwendung zugeschnitten ist.<\/li>\n<li class=\"whitespace-normal\"><strong>Sauerstoffgehalt:<\/strong>\u00a0Bei den meisten Anwendungen wird ein Wert von 100-1000 ppm beibehalten.<\/li>\n<li class=\"whitespace-normal\"><strong>Durchflussmenge:<\/strong>\u00a0Pulver nach Ma\u00df f\u00fcr Durchflussmengen \u00fcber 25 s\/50 g.<\/li>\n<\/ul>\n<h2>Globale Lieferanten von 316L-Pulver<\/h2>\n<p class=\"whitespace-pre-wrap\">Einige der weltweit wichtigsten Lieferanten von 316L-Pulver sind:<\/p>\n<ul class=\"list-disc pl-8 space-y-2\">\n<li class=\"whitespace-normal\">Sandvik Osprey (UK)<\/li>\n<li class=\"whitespace-normal\">Hoganas (Schweden)<\/li>\n<li class=\"whitespace-normal\">Carpenter Powder Products (USA)<\/li>\n<li class=\"whitespace-normal\">Praxair (USA)<\/li>\n<li class=\"whitespace-normal\">Oerlikon Metco (Schweiz)<\/li>\n<li class=\"whitespace-normal\">LPW Technologie (UK)<\/li>\n<\/ul>\n<p class=\"whitespace-pre-wrap\">Diese Unternehmen stellen verschiedene 316L-Pulversorten her, die f\u00fcr die additive Fertigung, das thermische Spritzen, den Metallspritzguss und andere Anwendungen geeignet sind.<\/p>\n<h2>Preisgestaltung von 316L-Pulver<\/h2>\n<p class=\"whitespace-pre-wrap\">Die Preise f\u00fcr 316L-Pulver h\u00e4ngen von verschiedenen Faktoren ab:<\/p>\n<ul class=\"list-disc pl-8 space-y-2\">\n<li class=\"whitespace-normal\">Reinheitsgrade<\/li>\n<li class=\"whitespace-normal\">Partikeleigenschaften<\/li>\n<li class=\"whitespace-normal\">Bestellmenge<\/li>\n<li class=\"whitespace-normal\">Zus\u00e4tzliche Verarbeitung<\/li>\n<li class=\"whitespace-normal\">Hersteller und geografischer Standort<\/li>\n<\/ul>\n<table>\n<thead>\n<tr>\n<th>Klasse<\/th>\n<th>Preisspanne<\/th>\n<\/tr>\n<\/thead>\n<tbody>\n<tr>\n<td>Kommerziell<\/td>\n<td>$15-25 pro kg<\/td>\n<\/tr>\n<tr>\n<td>Hohe Reinheit<\/td>\n<td>$25-50 pro kg<\/td>\n<\/tr>\n<tr>\n<td>Ultrafeine<\/td>\n<td>$50-120 pro kg<\/td>\n<\/tr>\n<tr>\n<td>Besondere Note<\/td>\n<td>$120-250 pro kg<\/td>\n<\/tr>\n<\/tbody>\n<\/table>\n<p class=\"whitespace-pre-wrap\">Gaszerst\u00e4ubte Pulver mit kontrollierter Partikelgr\u00f6\u00dfe und hohem Reinheitsgrad sind wesentlich teurer als normales 316L-Pulver in Handelsqualit\u00e4t.<\/p>\n<h2>Lagerung und Handhabung von 316L-Pulver<\/h2>\n<p class=\"whitespace-pre-wrap\">316L-Pulver sollte mit Vorsicht gehandhabt werden:<\/p>\n<ul class=\"list-disc pl-8 space-y-2\">\n<li class=\"whitespace-normal\">Verhinderung des Kontakts mit Feuchtigkeit, S\u00e4uren usw., die zu Korrosion f\u00fchren<\/li>\n<li class=\"whitespace-normal\">Vermeiden Sie die Ansammlung von feinem Pulver, um das Risiko von Staubexplosionen zu minimieren.<\/li>\n<li class=\"whitespace-normal\">Angemessene Bel\u00fcftung und PSA beim Umgang mit feinen Pulvern verwenden<\/li>\n<li class=\"whitespace-normal\">Befolgen Sie die empfohlenen Praktiken aus dem SDS des Lieferanten<\/li>\n<li class=\"whitespace-normal\">Versiegelte Beh\u00e4lter in trockener, inerter Atmosph\u00e4re lagern<\/li>\n<\/ul>\n<p class=\"whitespace-pre-wrap\">Beim Umgang mit reaktiven Legierungspulvern wie 316L m\u00fcssen angemessene Schutzma\u00dfnahmen getroffen werden.<\/p>\n<h2>Inspektion und Pr\u00fcfung von 316L-Pulver<\/h2>\n<p class=\"whitespace-pre-wrap\">Die wichtigsten Tests zur Qualit\u00e4tskontrolle von 316L-Pulver:<\/p>\n<ul class=\"list-disc pl-8 space-y-2\">\n<li class=\"whitespace-normal\">Chemische Analyse mittels OES oder XRF, um sicherzustellen, dass die Zusammensetzung innerhalb der festgelegten Grenzwerte liegt<\/li>\n<li class=\"whitespace-normal\">Partikelgr\u00f6\u00dfenverteilung gem\u00e4\u00df ASTM B822 Standard<\/li>\n<li class=\"whitespace-normal\">Morphologische Analyse durch SEM-Bildgebung<\/li>\n<li class=\"whitespace-normal\">Pulverflussrate gemessen nach ASTM B213 Standard<\/li>\n<li class=\"whitespace-normal\">Dichtebestimmung durch Helium-Pyknometrie<\/li>\n<li class=\"whitespace-normal\">Pr\u00fcfung auf Verunreinigungen mittels ICP-MS<\/li>\n<li class=\"whitespace-normal\">Charakterisierung des Mikrogef\u00fcges durch R\u00f6ntgenbeugung<\/li>\n<\/ul>\n<p class=\"whitespace-pre-wrap\">Gr\u00fcndliche Tests stellen sicher, dass das Pulver die erforderlichen chemischen, physikalischen und mikrostrukturellen Eigenschaften f\u00fcr die vorgesehene Anwendung erf\u00fcllt.<\/p>\n<h2>Vergleich zwischen 316L- und 304L-Edelstahlpulvern<\/h2>\n<p class=\"whitespace-pre-wrap\">Pulver aus rostfreiem Stahl 316L und 304L im Vergleich:<\/p>\n<table>\n<thead>\n<tr>\n<th>Parameter<\/th>\n<th>316L<\/th>\n<th>304L<\/th>\n<\/tr>\n<\/thead>\n<tbody>\n<tr>\n<td>Zusammensetzung<\/td>\n<td>Fe-Cr-Ni-Mo<\/td>\n<td>Fe-Cr-Ni<\/td>\n<\/tr>\n<tr>\n<td>Korrosionsbest\u00e4ndigkeit<\/td>\n<td>Viel besser<\/td>\n<td>Gut<\/td>\n<\/tr>\n<tr>\n<td>Kosten<\/td>\n<td>H\u00f6her<\/td>\n<td>Unter<\/td>\n<\/tr>\n<tr>\n<td>Temperaturbest\u00e4ndigkeit<\/td>\n<td>Besser<\/td>\n<td>Gut<\/td>\n<\/tr>\n<tr>\n<td>Schwei\u00dfeignung<\/td>\n<td>Ausgezeichnet<\/td>\n<td>Ausgezeichnet<\/td>\n<\/tr>\n<tr>\n<td>Verf\u00fcgbarkeit<\/td>\n<td>M\u00e4\u00dfig<\/td>\n<td>Ausgezeichnet<\/td>\n<\/tr>\n<tr>\n<td>Anwendungen<\/td>\n<td>Schifffahrt, chemische Industrie<\/td>\n<td>Konsumg\u00fcter, Haushaltsger\u00e4te<\/td>\n<\/tr>\n<\/tbody>\n<\/table>\n<p class=\"whitespace-pre-wrap\">316L bietet eine wesentlich bessere Korrosionsbest\u00e4ndigkeit, w\u00e4hrend 304L f\u00fcr weniger anspruchsvolle Anwendungen wirtschaftlicher ist.<\/p>\n<h2>FAQs zu 316L-Pulver<\/h2>\n<p class=\"whitespace-pre-wrap\"><strong>F: Wie wird rostfreies 316L-Stahlpulver hergestellt?<\/strong><\/p>\n<p class=\"whitespace-pre-wrap\">A: 316L-Pulver wird kommerziell durch Gaszerst\u00e4ubung, Wasserzerst\u00e4ubung und mechanisches Legieren mit anschlie\u00dfender Sinterung hergestellt. Die Gasverd\u00fcsung bietet die beste Kontrolle \u00fcber die Pulvereigenschaften.<\/p>\n<p class=\"whitespace-pre-wrap\"><strong>F: Was sind die Hauptanwendungen von 316L-Pulver?<\/strong><\/p>\n<p class=\"whitespace-pre-wrap\">A: Zu den wichtigsten Anwendungen f\u00fcr 316L-Pulver geh\u00f6ren die additive Fertigung, der Metallspritzguss, thermische Spritzbeschichtungen und pulvermetallurgische Teile f\u00fcr die Chemie-, Schifffahrts-, Pharma- und Lebensmittelindustrie, die eine hervorragende Korrosionsbest\u00e4ndigkeit ben\u00f6tigen.<\/p>\n<p class=\"whitespace-pre-wrap\"><strong>F: Was ist die empfohlene 316L-Pulvergr\u00f6\u00dfe f\u00fcr Binder Jetting AM?<\/strong><\/p>\n<p class=\"whitespace-pre-wrap\">A: F\u00fcr das Binder-Jetting-Verfahren liegt der typische 316L-Pulvergr\u00f6\u00dfenbereich bei 20-45 Mikrometern mit kugelf\u00f6rmiger Morphologie f\u00fcr optimale Pulverbettdichte und Bindemittelinfiltration.<\/p>\n<p class=\"whitespace-pre-wrap\"><strong>F: Erfordert 316L-Pulver besondere Vorsichtsma\u00dfnahmen bei der Handhabung?<\/strong><\/p>\n<p class=\"whitespace-pre-wrap\">A: Ja, 316L ist ein reaktives Legierungspulver und sollte unter kontrollierter Luftfeuchtigkeit und inerter Atmosph\u00e4re mit angemessener Erdung, Bel\u00fcftung und PSA vorsichtig gehandhabt werden.<\/p>\n<p class=\"whitespace-pre-wrap\"><strong>F: Wo kann ich 316L-Pulver kaufen, das f\u00fcr biomedizinische Implantate geeignet ist?<\/strong><\/p>\n<p class=\"whitespace-pre-wrap\">A: Hochreines, gasverd\u00fcstes 316L-Pulver, das den biomedizinischen Spezifikationen entspricht, kann von f\u00fchrenden Herstellern wie Sandvik Osprey, Hoganas, Carpenter Powder Products und LPW Technology bezogen werden.<\/p>","protected":false},"excerpt":{"rendered":"<p>Edelstahl 316L-Pulver ist ein vielseitiges und weit verbreitetes Material in verschiedenen Branchen. Aufgrund seiner einzigartigen Eigenschaften eignet es sich f\u00fcr Anwendungen, die vom 3D-Druck bis zu biomedizinischen Implantaten reichen. In diesem Artikel werden wir die Eigenschaften, Verwendungszwecke, Herstellungsverfahren und Vorteile von Edelstahl 316L-Pulver untersuchen.<\/p>","protected":false},"featured_media":2153,"comment_status":"open","ping_status":"closed","template":"","meta":[],"product_brand":[],"product_cat":[31,38],"product_tag":[],"class_list":{"0":"post-1438","1":"product","2":"type-product","3":"status-publish","4":"has-post-thumbnail","6":"product_cat-3d-printing-metal-powder","7":"product_cat-iron-based-alloy-powder","9":"first","10":"instock","11":"shipping-taxable","12":"product-type-simple"},"_links":{"self":[{"href":"https:\/\/met3dp.sg\/de\/wp-json\/wp\/v2\/product\/1438","targetHints":{"allow":["GET"]}}],"collection":[{"href":"https:\/\/met3dp.sg\/de\/wp-json\/wp\/v2\/product"}],"about":[{"href":"https:\/\/met3dp.sg\/de\/wp-json\/wp\/v2\/types\/product"}],"replies":[{"embeddable":true,"href":"https:\/\/met3dp.sg\/de\/wp-json\/wp\/v2\/comments?post=1438"}],"wp:featuredmedia":[{"embeddable":true,"href":"https:\/\/met3dp.sg\/de\/wp-json\/wp\/v2\/media\/2153"}],"wp:attachment":[{"href":"https:\/\/met3dp.sg\/de\/wp-json\/wp\/v2\/media?parent=1438"}],"wp:term":[{"taxonomy":"product_brand","embeddable":true,"href":"https:\/\/met3dp.sg\/de\/wp-json\/wp\/v2\/product_brand?post=1438"},{"taxonomy":"product_cat","embeddable":true,"href":"https:\/\/met3dp.sg\/de\/wp-json\/wp\/v2\/product_cat?post=1438"},{"taxonomy":"product_tag","embeddable":true,"href":"https:\/\/met3dp.sg\/de\/wp-json\/wp\/v2\/product_tag?post=1438"}],"curies":[{"name":"wp","href":"https:\/\/api.w.org\/{rel}","templated":true}]}}