{"id":1432,"date":"2023-09-07T02:04:47","date_gmt":"2023-09-07T02:04:47","guid":{"rendered":"https:\/\/site3.easyceotech.com\/product\/best-hastelloy-x-powder%e4%b8%a8high-temperature-alloy-powder-for-3d-printing\/"},"modified":"2023-10-20T06:50:53","modified_gmt":"2023-10-20T06:50:53","slug":"best-hastelloy-x-powder%e4%b8%a8high-temperature-alloy-powder-for-3d-printing","status":"publish","type":"product","link":"https:\/\/met3dp.sg\/de\/product\/best-hastelloy-x-powder%e4%b8%a8high-temperature-alloy-powder-for-3d-printing\/","title":{"rendered":"Bestes Hastelloy X-Pulver\u4e28Hochtemperaturlegierungspulver f\u00fcr den 3D-Druck"},"content":{"rendered":"<h2><strong>\u00dcberblick \u00fcber Hastelloy X-Pulver<\/strong><\/h2>\n<p class=\"whitespace-pre-wrap\">Hastelloy X ist ein Superlegierungspulver auf Nickelbasis, das f\u00fcr seine hervorragende Hochtemperaturfestigkeit, Oxidationsbest\u00e4ndigkeit und Verarbeitbarkeit bekannt ist. Es findet Anwendung in der Luft- und Raumfahrt, in der Industrie und im Energiesektor, wo Teile extremen Umgebungen ausgesetzt sind.<\/p>\n<p class=\"whitespace-pre-wrap\">Dieser Artikel bietet einen umfassenden Leitfaden f\u00fcr Hastelloy X-Pulver. Er behandelt die Zusammensetzung, Eigenschaften, Anwendungen, Spezifikationen, Lieferanten, Handhabung, Pr\u00fcfung, Vergleiche, Vor- und Nachteile sowie h\u00e4ufig gestellte Fragen zu diesem vielseitigen Legierungspulver. Die quantitativen Daten werden in leicht lesbaren Tabellen zum schnellen Nachschlagen dargestellt.<\/p>\n<h3><strong>Zusammensetzung von Hastelloy X-Pulver<\/strong><\/h3>\n<p class=\"whitespace-pre-wrap\">Hastelloy X hat eine komplexe Zusammensetzung, die f\u00fcr Hochtemperaturleistungen optimiert ist. Die wichtigsten Legierungselemente sind Nickel, Chrom, Eisen und Molybd\u00e4n.<\/p>\n<table>\n<thead>\n<tr>\n<th>Element<\/th>\n<th>Gewicht %<\/th>\n<th>Rolle<\/th>\n<\/tr>\n<\/thead>\n<tbody>\n<tr>\n<td>Nickel<\/td>\n<td>Bilanz<\/td>\n<td>Matrixelement, bietet Korrosionsbest\u00e4ndigkeit<\/td>\n<\/tr>\n<tr>\n<td>Chrom<\/td>\n<td>21.5 &#8211; 23.5<\/td>\n<td>Oxidationsbest\u00e4ndigkeit, Bildung von sch\u00fctzendem Cr2O3<\/td>\n<\/tr>\n<tr>\n<td>Eisen<\/td>\n<td>17 &#8211; 20<\/td>\n<td>St\u00e4rkung der festen L\u00f6sung<\/td>\n<\/tr>\n<tr>\n<td>Molybd\u00e4n<\/td>\n<td>8 &#8211; 10<\/td>\n<td>Mischkristallverfestigung, Kriechstromfestigkeit<\/td>\n<\/tr>\n<tr>\n<td>Kobalt<\/td>\n<td>1 max<\/td>\n<td>Verbessert die Hei\u00dfverarbeitbarkeit<\/td>\n<\/tr>\n<tr>\n<td>Mangan<\/td>\n<td>1 max<\/td>\n<td>Desoxidationsmittel<\/td>\n<\/tr>\n<tr>\n<td>Silizium<\/td>\n<td>0,5 max<\/td>\n<td>Desoxidationsmittel<\/td>\n<\/tr>\n<tr>\n<td>Kohlenstoff<\/td>\n<td>0,15 max<\/td>\n<td>Hartmetall-Former<\/td>\n<\/tr>\n<\/tbody>\n<\/table>\n<p class=\"whitespace-pre-wrap\">Spuren von Bor, Zirkonium und Kohlenstoff werden ebenfalls zugesetzt, um Eigenschaften wie Kriechfestigkeit zu optimieren. Der ausgewogene Nickelgehalt sorgt f\u00fcr Korrosionsbest\u00e4ndigkeit.<\/p>\n<h3><strong>Eigenschaften von Hastelloy X-Pulver<\/strong><\/h3>\n<p class=\"whitespace-pre-wrap\">Hastelloy X weist eine hervorragende Kombination von Eigenschaften f\u00fcr Hochtemperaturanwendungen auf:<\/p>\n<table>\n<thead>\n<tr>\n<th>Eigentum<\/th>\n<th>Beschreibung<\/th>\n<\/tr>\n<\/thead>\n<tbody>\n<tr>\n<td>Hohe Temperaturbest\u00e4ndigkeit<\/td>\n<td>Ausgezeichnete Zeitstandfestigkeit bis zu 1150\u00b0C<\/td>\n<\/tr>\n<tr>\n<td>Oxidationsbest\u00e4ndigkeit<\/td>\n<td>Widersteht der Oxidation an der Luft bis zu 1200\u00b0C<\/td>\n<\/tr>\n<tr>\n<td>Widerstand gegen thermische Erm\u00fcdung<\/td>\n<td>Widerstandsf\u00e4hig gegen Rissbildung bei Temperaturschwankungen<\/td>\n<\/tr>\n<tr>\n<td>Verarbeitbarkeit<\/td>\n<td>Im Vergleich zu anderen Superlegierungen leicht zu formen und zu schwei\u00dfen<\/td>\n<\/tr>\n<tr>\n<td>Korrosionsbest\u00e4ndigkeit<\/td>\n<td>Widersteht vielen oxidierenden und reduzierenden Umgebungen<\/td>\n<\/tr>\n<\/tbody>\n<\/table>\n<p class=\"whitespace-pre-wrap\">Durch die Kontrolle der Korngr\u00f6\u00dfe und die thermomechanische Verarbeitung werden Eigenschaften wie Zugfestigkeit und Duktilit\u00e4t ver\u00e4ndert.<\/p>\n<h3><strong>Anwendungen von Hastelloy X-Pulver<\/strong><\/h3>\n<p class=\"whitespace-pre-wrap\">Die einzigartigen Eigenschaften von Hastelloy X erm\u00f6glichen kritische Anwendungen wie<\/p>\n<table>\n<thead>\n<tr>\n<th>Industrie<\/th>\n<th>Anwendungen<\/th>\n<\/tr>\n<\/thead>\n<tbody>\n<tr>\n<td>Luft- und Raumfahrt<\/td>\n<td>Verbrennungsauskleidungen f\u00fcr Strahltriebwerke, Nachbrenner, Auspuffteile<\/td>\n<\/tr>\n<tr>\n<td>Industriell<\/td>\n<td>Reformerrohre, W\u00e4rmebehandlungsanlagen<\/td>\n<\/tr>\n<tr>\n<td>Energie<\/td>\n<td>Stromerzeugung aus Kernkraft und fossilen Brennstoffen, chemische Verarbeitung<\/td>\n<\/tr>\n<tr>\n<td>Automobilindustrie<\/td>\n<td>Auspuffanlagenkomponenten, Turboladerteile<\/td>\n<\/tr>\n<\/tbody>\n<\/table>\n<p class=\"whitespace-pre-wrap\">Die Oxidationsbest\u00e4ndigkeit erm\u00f6glicht d\u00fcnne Abschnitte, die f\u00fcr Verbrennungsauskleidungen von D\u00fcsentriebwerken ben\u00f6tigt werden. Es eignet sich auch f\u00fcr die extremen Bedingungen in chemischen Verarbeitungsbeh\u00e4ltern und Rohrleitungen.<\/p>\n<h3><strong>Spezifikationen von Hastelloy X-Pulver<\/strong><\/h3>\n<p class=\"whitespace-pre-wrap\">Hastelloy X-Pulver ist im Handel mit Spezifikationen f\u00fcr jede Legierungssorte erh\u00e4ltlich:<\/p>\n<table>\n<thead>\n<tr>\n<th>Parameter<\/th>\n<th>Spezifikation<\/th>\n<\/tr>\n<\/thead>\n<tbody>\n<tr>\n<td>Legierungssorten<\/td>\n<td>Hastelloy X, B3, BC3, BN<\/td>\n<\/tr>\n<tr>\n<td>Partikelgr\u00f6\u00dfe<\/td>\n<td>15-45 Mikrometer, 45-105 Mikrometer<\/td>\n<\/tr>\n<tr>\n<td>Partikelform<\/td>\n<td>Sph\u00e4rische, unregelm\u00e4\u00dfige Morphologie<\/td>\n<\/tr>\n<tr>\n<td>Scheinbare Dichte<\/td>\n<td>2,5-4,5 g\/cc<\/td>\n<\/tr>\n<tr>\n<td>Dichte des Gewindebohrers<\/td>\n<td>4-6 g\/cc<\/td>\n<\/tr>\n<tr>\n<td>Reinheit<\/td>\n<td>&gt;99,9%<\/td>\n<\/tr>\n<tr>\n<td>Sauerstoffgehalt<\/td>\n<td>&lt;1000 ppm<\/td>\n<\/tr>\n<tr>\n<td>Feuchtigkeitsgehalt<\/td>\n<td>&lt;0,2%<\/td>\n<\/tr>\n<\/tbody>\n<\/table>\n<p class=\"whitespace-pre-wrap\">F\u00fcr spezielle Anwendungen sind auch andere kundenspezifische Gr\u00f6\u00dfenverteilungen, Reinheitsgrade, Partikelformen und Legierungs\u00e4nderungen m\u00f6glich.<\/p>\n<h3><strong>Lieferanten von Hastelloy X-Pulver<\/strong><\/h3>\n<p class=\"whitespace-pre-wrap\">Hastelloy X-Pulver ist bei den folgenden Herstellern von Speziallegierungspulver erh\u00e4ltlich:<\/p>\n<table>\n<thead>\n<tr>\n<th>Anbieter<\/th>\n<th>Standort<\/th>\n<\/tr>\n<\/thead>\n<tbody>\n<tr>\n<td>Tischlertechnik<\/td>\n<td>USA<\/td>\n<\/tr>\n<tr>\n<td>Sandvik<\/td>\n<td>Schweden<\/td>\n<\/tr>\n<tr>\n<td>Erasteel<\/td>\n<td>Frankreich<\/td>\n<\/tr>\n<tr>\n<td>Aperam<\/td>\n<td>Brasilien<\/td>\n<\/tr>\n<tr>\n<td>VDM Metalle<\/td>\n<td>Deutschland<\/td>\n<\/tr>\n<tr>\n<td>Nippon Yakin<\/td>\n<td>Japan<\/td>\n<\/tr>\n<\/tbody>\n<\/table>\n<p class=\"whitespace-pre-wrap\">Die Preise reichen von $50\/kg bis $120\/kg, abh\u00e4ngig von Faktoren wie Partikelgr\u00f6\u00dfe, Form, Legierungsgrad und Abnahmemenge.<\/p>\n<h3><strong>Handhabung und Lagerung von Hastelloy X-Pulver<\/strong><\/h3>\n<p class=\"whitespace-pre-wrap\">Als reaktives Metallpulver erfordert Hastelloy X eine kontrollierte Handhabung und Lagerung:<\/p>\n<ul class=\"list-disc pl-8 space-y-2\">\n<li class=\"whitespace-normal\">In verschlossenen Beh\u00e4ltern in einer k\u00fchlen, trockenen Umgebung aufbewahren<\/li>\n<li class=\"whitespace-normal\">Vermeiden Sie den Kontakt mit Feuchtigkeit, S\u00e4uren, Halogenverbindungen<\/li>\n<li class=\"whitespace-normal\">Erdung von Beh\u00e4ltern und Transfereinrichtungen zur Vermeidung statischer Aufladung<\/li>\n<li class=\"whitespace-normal\">Verwenden Sie funkensichere Werkzeuge und minimieren Sie die Staubentwicklung<\/li>\n<li class=\"whitespace-normal\">Verhinderung der Ansammlung von St\u00e4uben zur Verringerung der Explosionsgefahr<\/li>\n<li class=\"whitespace-normal\">Tragen Sie geeignete PSA und vermeiden Sie das Einatmen von Pulvern<\/li>\n<\/ul>\n<p class=\"whitespace-pre-wrap\">Richtige Vorsichtsma\u00dfnahmen bei der Handhabung, Lagerung und Verarbeitung sind entscheidend f\u00fcr Sicherheit und Qualit\u00e4t.<\/p>\n<h3><strong>Inspektion und Pr\u00fcfung von Hastelloy X-Pulver<\/strong><\/h3>\n<p class=\"whitespace-pre-wrap\">Hastelloy X-Pulverchargen werden getestet, um sicherzustellen, dass sie den Spezifikationen entsprechen:<\/p>\n<table>\n<thead>\n<tr>\n<th>Pr\u00fcfverfahren<\/th>\n<th>Gepr\u00fcfte Parameter<\/th>\n<\/tr>\n<\/thead>\n<tbody>\n<tr>\n<td>Siebanalyse<\/td>\n<td>Partikelgr\u00f6\u00dfenverteilung<\/td>\n<\/tr>\n<tr>\n<td>Scheinbare Dichte<\/td>\n<td>Flie\u00dff\u00e4higkeit des Pulvers<\/td>\n<\/tr>\n<tr>\n<td>Dichte des Gewindebohrers<\/td>\n<td>Packungsdichte<\/td>\n<\/tr>\n<tr>\n<td>Rasterelektronenmikroskopie<\/td>\n<td>Morphologie der Partikel<\/td>\n<\/tr>\n<tr>\n<td>Energiedispersive R\u00f6ntgenstrahlung<\/td>\n<td>Chemie, Zusammensetzung der Legierung<\/td>\n<\/tr>\n<tr>\n<td>R\u00f6ntgenbeugung<\/td>\n<td>Vorhandene Phasen<\/td>\n<\/tr>\n<tr>\n<td>Induktiv gekoppeltes Plasma<\/td>\n<td>Analyse von Spurenelementen<\/td>\n<\/tr>\n<\/tbody>\n<\/table>\n<p class=\"whitespace-pre-wrap\">Die Probenahme und Pr\u00fcfung nach ASTM-Normen gew\u00e4hrleistet die Konsistenz und Qualit\u00e4t von Charge zu Charge.<\/p>\n<h3><strong>Hastelloy X im Vergleich zu Alternativen<\/strong><\/h3>\n<p class=\"whitespace-pre-wrap\">Hastelloy X hat im Vergleich zu anderen Superlegierungen Vorteile und Einschr\u00e4nkungen:<\/p>\n<table>\n<thead>\n<tr>\n<th>Legierung<\/th>\n<th>Oxidationsbest\u00e4ndigkeit<\/th>\n<th>Verarbeitbarkeit<\/th>\n<th>Kosten<\/th>\n<\/tr>\n<\/thead>\n<tbody>\n<tr>\n<td>Hastelloy X<\/td>\n<td>Ausgezeichnet<\/td>\n<td>Gut<\/td>\n<td>Hoch<\/td>\n<\/tr>\n<tr>\n<td>Inconel 625<\/td>\n<td>Gut<\/td>\n<td>Ausgezeichnet<\/td>\n<td>Mittel<\/td>\n<\/tr>\n<tr>\n<td>Haynes 230<\/td>\n<td>Ausgezeichnet<\/td>\n<td>Schlecht<\/td>\n<td>Sehr hoch<\/td>\n<\/tr>\n<tr>\n<td>Inconel 718<\/td>\n<td>Mittel<\/td>\n<td>Messe<\/td>\n<td>Mittel<\/td>\n<\/tr>\n<\/tbody>\n<\/table>\n<p class=\"whitespace-pre-wrap\">Hastelloy X bietet die beste Kombination aus Oxidationsbest\u00e4ndigkeit, Verarbeitbarkeit und Kosten f\u00fcr viele Hochtemperaturanwendungen.<\/p>\n<h3><strong>Vor- und Nachteile von Hastelloy X-Pulver<\/strong><\/h3>\n<table>\n<thead>\n<tr>\n<th>Profis<\/th>\n<th>Nachteile<\/th>\n<\/tr>\n<\/thead>\n<tbody>\n<tr>\n<td>Ausgezeichnete Festigkeit bei hohen Temperaturen<\/td>\n<td>Teuer im Vergleich zu nichtrostenden St\u00e4hlen<\/td>\n<\/tr>\n<tr>\n<td>Hervorragende Oxidationsbest\u00e4ndigkeit<\/td>\n<td>Geringere Verarbeitbarkeit als Inconel 625<\/td>\n<\/tr>\n<tr>\n<td>Widerstand gegen thermische Erm\u00fcdung<\/td>\n<td>Anf\u00e4llig f\u00fcr Verspr\u00f6dung bei niedrigeren Temperaturen<\/td>\n<\/tr>\n<tr>\n<td>Einfaches Schwei\u00dfen und Bearbeiten<\/td>\n<td>Erfordert eine kontrollierte Handhabung und Verarbeitung<\/td>\n<\/tr>\n<tr>\n<td>Widersteht vielen korrosiven Umgebungen<\/td>\n<td>Begrenzte Daten im Vergleich zu g\u00e4ngigen Legierungen verf\u00fcgbar<\/td>\n<\/tr>\n<\/tbody>\n<\/table>\n<p class=\"whitespace-pre-wrap\">Hastelloy X bietet au\u00dfergew\u00f6hnliche Leistungen, erfordert jedoch eine sorgf\u00e4ltige Verarbeitung und hat hohe Materialkosten.<\/p>\n<h2><strong>H\u00e4ufig gestellte Fragen zu Hastelloy X-Pulver<\/strong><\/h2>\n<p class=\"whitespace-pre-wrap\">Hier finden Sie Antworten auf einige h\u00e4ufig gestellte Fragen zu Hastelloy X-Pulver:<\/p>\n<p class=\"whitespace-pre-wrap\"><strong>F: Wof\u00fcr wird Hastelloy X verwendet?<\/strong><\/p>\n<p class=\"whitespace-pre-wrap\">A: Hastelloy X wird in Flugzeugtriebwerken, Industrie\u00f6fen, in der chemischen Verarbeitung und in der Energieerzeugung eingesetzt, wo Festigkeit und Oxidationsbest\u00e4ndigkeit bei extremen Temperaturen erforderlich sind.<\/p>\n<p class=\"whitespace-pre-wrap\"><strong>F: Was ist der Unterschied zwischen Hastelloy X und Hastelloy C?<\/strong><\/p>\n<p class=\"whitespace-pre-wrap\">A: Hastelloy X hat einen Zusatz von Eisen und einen h\u00f6heren Molybd\u00e4ngehalt. Dies f\u00fchrt zu einer besseren Verarbeitbarkeit und Hochtemperaturfestigkeit im Vergleich zu Hastelloy C, bei dem die Oxidationsbest\u00e4ndigkeit nur auf Chrom beruht.<\/p>\n<p class=\"whitespace-pre-wrap\"><strong>F: Ist Hastelloy X schwei\u00dfbar?<\/strong><\/p>\n<p class=\"whitespace-pre-wrap\">A: Ja, Hastelloy X ist im Vergleich zu anderen Nickelsuperlegierungen gut schwei\u00dfbar und eignet sich daher f\u00fcr die Herstellung komplexer Bauteile. Um Rissbildung zu vermeiden, m\u00fcssen geeignete Schwei\u00dfverfahren und -parameter verwendet werden.<\/p>\n<p class=\"whitespace-pre-wrap\"><strong>F: Wie gro\u00df ist der Temperaturbereich von Hastelloy X?<\/strong><\/p>\n<p class=\"whitespace-pre-wrap\">A: Es beh\u00e4lt seine gute Festigkeit und Oxidationsbest\u00e4ndigkeit bis zu 1100\u00b0C f\u00fcr einen l\u00e4ngeren Einsatz bei. K\u00fcrzere Eins\u00e4tze bis zu 1200\u00b0C sind m\u00f6glich. Niedrigere Temperaturen k\u00f6nnen zur Verspr\u00f6dung f\u00fchren.<\/p>\n<p class=\"whitespace-pre-wrap\"><strong>F: Ist Hastelloy X magnetisch?<\/strong><\/p>\n<p class=\"whitespace-pre-wrap\">A: Nein, Hastelloy X ist nicht magnetisch, mit einer magnetischen Permeabilit\u00e4t nahe 1. Das macht es n\u00fctzlich f\u00fcr bestimmte elektronische und Hochtemperaturanwendungen.<\/p>\n<p class=\"whitespace-pre-wrap\"><strong>F: Welchen Korrosionsbedingungen kann Hastelloy X standhalten?<\/strong><\/p>\n<p class=\"whitespace-pre-wrap\">A: Es weist eine ausgezeichnete Korrosionsbest\u00e4ndigkeit gegen oxidierende S\u00e4uren, Halogene, Sulfidierung und Spannungsrisskorrosion auf, wie sie in der chemischen Verarbeitung vorkommen.<\/p>\n<p class=\"whitespace-pre-wrap\"><strong>F: Enth\u00e4lt Hastelloy X Kobalt?<\/strong><\/p>\n<p class=\"whitespace-pre-wrap\">A: Die meisten Sorten von Hastelloy X enthalten 1% oder weniger Kobalt. Kobaltfreie Varianten sind auch f\u00fcr biomedizinische Anwendungen erh\u00e4ltlich, bei denen Kobalt negative Auswirkungen auf die Gesundheit haben kann.<\/p>\n<p class=\"whitespace-pre-wrap\"><strong>F: Was sind die Inhalte eines Hastelloy X-Pulver-SDB?<\/strong><\/p>\n<p class=\"whitespace-pre-wrap\">A: Es enth\u00e4lt Angaben zur Zusammensetzung, zu den Gesundheits- und Reaktivit\u00e4tsgefahren, zur Handhabung, zu den Lagerungsanforderungen, zu den Verfahren bei Versch\u00fctten und zur Brandbek\u00e4mpfung, zu Transportinformationen und zu den Entsorgungsrichtlinien, die vor der Verwendung unbedingt \u00fcberpr\u00fcft werden m\u00fcssen.<\/p>\n<p class=\"whitespace-pre-wrap\"><strong>F: Kann Hastelloy X-Pulver in 3D gedruckt werden?<\/strong><\/p>\n<p class=\"whitespace-pre-wrap\">A: Ja, Hastelloy X-Legierungspulver k\u00f6nnen in additiven Laser- und Elektronenstrahl-Pulverbett-Fertigungsverfahren verwendet werden. Die Parameter sind so optimiert, dass dichte, rissfreie Teile entstehen.<\/p>\n<p class=\"whitespace-pre-wrap\"><strong>F: Wie wird Hastelloy X-Pulver hergestellt?<\/strong><\/p>\n<p class=\"whitespace-pre-wrap\">A: Die Gaszerst\u00e4ubung ist die g\u00e4ngige Produktionsmethode, bei der die Legierungsschmelze in feine Tr\u00f6pfchen zerlegt und schnell zu Pulver verfestigt wird. Auch die Wasserzerst\u00e4ubung wird entweder allein oder zusammen mit der Gaszerst\u00e4ubung eingesetzt.<\/p>\n<p class=\"whitespace-pre-wrap\"><strong>F: Welche Alternativen gibt es zu Hastelloy X?<\/strong><\/p>\n<p class=\"whitespace-pre-wrap\">A: Zu den Alternativen geh\u00f6ren Inconel 617, Haynes 230, Inconel 625 und nichtrostende St\u00e4hle wie 310 und 330. Sie sind kosteng\u00fcnstiger, k\u00f6nnen aber nicht mit der Oxidationsbest\u00e4ndigkeit von Hastelloy X in extremen Umgebungen mithalten.<\/p>","protected":false},"excerpt":{"rendered":"<p>Hastelloy X-Pulver nimmt eine Sonderstellung ein. Es handelt sich um eine Superlegierung auf Nickelbasis, die dank ihrer Zusammensetzung aus Chrom, Eisen und Molybd\u00e4n eine au\u00dfergew\u00f6hnliche Mischung von Eigenschaften aufweist. Der hohe Nickelgehalt bietet eine au\u00dfergew\u00f6hnliche Oxidations- und Korrosionsbest\u00e4ndigkeit.<\/p>","protected":false},"featured_media":2159,"comment_status":"open","ping_status":"closed","template":"","meta":[],"product_brand":[],"product_cat":[31,33],"product_tag":[],"class_list":{"0":"post-1432","1":"product","2":"type-product","3":"status-publish","4":"has-post-thumbnail","6":"product_cat-3d-printing-metal-powder","7":"product_cat-high-temperature-alloy-powder","9":"first","10":"instock","11":"featured","12":"shipping-taxable","13":"product-type-simple"},"_links":{"self":[{"href":"https:\/\/met3dp.sg\/de\/wp-json\/wp\/v2\/product\/1432","targetHints":{"allow":["GET"]}}],"collection":[{"href":"https:\/\/met3dp.sg\/de\/wp-json\/wp\/v2\/product"}],"about":[{"href":"https:\/\/met3dp.sg\/de\/wp-json\/wp\/v2\/types\/product"}],"replies":[{"embeddable":true,"href":"https:\/\/met3dp.sg\/de\/wp-json\/wp\/v2\/comments?post=1432"}],"wp:featuredmedia":[{"embeddable":true,"href":"https:\/\/met3dp.sg\/de\/wp-json\/wp\/v2\/media\/2159"}],"wp:attachment":[{"href":"https:\/\/met3dp.sg\/de\/wp-json\/wp\/v2\/media?parent=1432"}],"wp:term":[{"taxonomy":"product_brand","embeddable":true,"href":"https:\/\/met3dp.sg\/de\/wp-json\/wp\/v2\/product_brand?post=1432"},{"taxonomy":"product_cat","embeddable":true,"href":"https:\/\/met3dp.sg\/de\/wp-json\/wp\/v2\/product_cat?post=1432"},{"taxonomy":"product_tag","embeddable":true,"href":"https:\/\/met3dp.sg\/de\/wp-json\/wp\/v2\/product_tag?post=1432"}],"curies":[{"name":"wp","href":"https:\/\/api.w.org\/{rel}","templated":true}]}}