{"id":1426,"date":"2023-09-07T02:04:47","date_gmt":"2023-09-07T02:04:47","guid":{"rendered":"https:\/\/site3.easyceotech.com\/product\/niobium-powder\/"},"modified":"2023-10-20T06:40:31","modified_gmt":"2023-10-20T06:40:31","slug":"niobium-powder","status":"publish","type":"product","link":"https:\/\/met3dp.sg\/de\/product\/niobium-powder\/","title":{"rendered":"Niobium-Pulver"},"content":{"rendered":"<h2>\u00dcbersicht \u00fcber Niobpulver<\/h2>\n<p class=\"whitespace-pre-wrap\">Niob ist ein gl\u00e4nzendes, wei\u00dfes, feuerfestes \u00dcbergangsmetall mit hervorragender Hitzebest\u00e4ndigkeit und sehr hohem Schmelzpunkt. In Pulverform weist es eine ausgezeichnete thermische, elektrische und chemische Stabilit\u00e4t auf.<\/p>\n<p class=\"whitespace-pre-wrap\">Zu den wichtigsten Eigenschaften von Niobpulver geh\u00f6ren:<\/p>\n<ul class=\"list-disc pl-8 space-y-2\">\n<li class=\"whitespace-normal\">Hohe Hitzebest\u00e4ndigkeit und feuerfeste Beschaffenheit<\/li>\n<li class=\"whitespace-normal\">Ausgezeichnete Korrosionsbest\u00e4ndigkeit<\/li>\n<li class=\"whitespace-normal\">Supraleitend unter 9,2 K (-264 \u00b0C)<\/li>\n<li class=\"whitespace-normal\">Thermische und elektrische Stabilit\u00e4t<\/li>\n<li class=\"whitespace-normal\">Geringe Neutronenabsorption<\/li>\n<li class=\"whitespace-normal\">Pulver mit hoher Dichte und guter chemischer Reinheit<\/li>\n<li class=\"whitespace-normal\">Erh\u00e4ltlich in verschiedenen Partikelgr\u00f6\u00dfenbereichen<\/li>\n<\/ul>\n<p class=\"whitespace-pre-wrap\">Niobpulver wird dort eingesetzt, wo seine feuerfesten, leitenden und supraleitenden Eigenschaften genutzt werden k\u00f6nnen. Zu den Hauptanwendungen geh\u00f6ren Elektronik, Supraleiter, Legierungen, chemikalien-\/hitzebest\u00e4ndige Komponenten, optische Beschichtungen und Pyrotechnik.<\/p>\n<h2>Zusammensetzung von Niobpulver<\/h2>\n<p class=\"whitespace-pre-wrap\">Niobpulver hat folgende typische Zusammensetzung:<\/p>\n<table>\n<thead>\n<tr>\n<th>Element<\/th>\n<th>Reinheit<\/th>\n<\/tr>\n<\/thead>\n<tbody>\n<tr>\n<td>Niobium (Nb)<\/td>\n<td>99% min<\/td>\n<\/tr>\n<tr>\n<td>Tantal (Ta)<\/td>\n<td>0,5% max<\/td>\n<\/tr>\n<tr>\n<td>Hafnium (Hf)<\/td>\n<td>0,01% max<\/td>\n<\/tr>\n<tr>\n<td>Stickstoff (N)<\/td>\n<td>0,03% max<\/td>\n<\/tr>\n<tr>\n<td>Kohlenstoff (C)<\/td>\n<td>0,05% max<\/td>\n<\/tr>\n<tr>\n<td>Sauerstoff (O)<\/td>\n<td>0.1-0.2%<\/td>\n<\/tr>\n<tr>\n<td>Wasserstoff (H)<\/td>\n<td>0,0015% max<\/td>\n<\/tr>\n<\/tbody>\n<\/table>\n<p class=\"whitespace-pre-wrap\">Hochreines Niobpulver enth\u00e4lt \u00fcber 99% Niobmetall mit geringem Verunreinigungsgrad. Handels\u00fcbliche Sorten weisen h\u00f6here zul\u00e4ssige Verunreinigungen auf.<\/p>\n<h2>Eigenschaften von Niobpulver<\/h2>\n<p class=\"whitespace-pre-wrap\">Niobpulver weist folgende Eigenschaften auf:<\/p>\n<table>\n<thead>\n<tr>\n<th>Eigentum<\/th>\n<th>Wert<\/th>\n<\/tr>\n<\/thead>\n<tbody>\n<tr>\n<td>Dichte<\/td>\n<td>8,57 g\/cm3<\/td>\n<\/tr>\n<tr>\n<td>Schmelzpunkt<\/td>\n<td>2477\u00b0C<\/td>\n<\/tr>\n<tr>\n<td>W\u00e4rmeleitf\u00e4higkeit<\/td>\n<td>53 W\/m\u2219K<\/td>\n<\/tr>\n<tr>\n<td>Elektrischer spezifischer Widerstand<\/td>\n<td>15 \u03bc\u03a9\u2219cm<\/td>\n<\/tr>\n<tr>\n<td>Elastizit\u00e4tsmodul<\/td>\n<td>105 GPa<\/td>\n<\/tr>\n<tr>\n<td>Querkontraktionszahl<\/td>\n<td>0.40<\/td>\n<\/tr>\n<tr>\n<td>Zugfestigkeit<\/td>\n<td>550 MPa<\/td>\n<\/tr>\n<tr>\n<td>Druckfestigkeit<\/td>\n<td>200 MPa<\/td>\n<\/tr>\n<tr>\n<td>Vickers-H\u00e4rte<\/td>\n<td>600 HV<\/td>\n<\/tr>\n<\/tbody>\n<\/table>\n<p class=\"whitespace-pre-wrap\">Niob hat einen extrem hohen Schmelzpunkt und eine sehr gute Leitf\u00e4higkeit. Es bietet eine hohe Festigkeit bei niedrigen und hohen Temperaturen. Die supraleitende \u00dcbergangstemperatur betr\u00e4gt 9,2 K.<\/p>\n<p><img fetchpriority=\"high\" decoding=\"async\" class=\"size-medium wp-image-1409 aligncenter\" src=\"https:\/\/met3dp.sg\/wp-content\/uploads\/2023\/09\/ed7a94ec-3c10-4b1b-87ed--300x300.jpg\" alt=\"Niobium-Pulver\" width=\"300\" height=\"300\" title=\"\" srcset=\"https:\/\/met3dp.sg\/wp-content\/uploads\/2023\/09\/ed7a94ec-3c10-4b1b-87ed--300x300.jpg 300w, https:\/\/met3dp.sg\/wp-content\/uploads\/2023\/09\/ed7a94ec-3c10-4b1b-87ed--100x100.jpg 100w, https:\/\/met3dp.sg\/wp-content\/uploads\/2023\/09\/ed7a94ec-3c10-4b1b-87ed--150x150.jpg 150w, https:\/\/met3dp.sg\/wp-content\/uploads\/2023\/09\/ed7a94ec-3c10-4b1b-87ed-.jpg 600w\" sizes=\"(max-width: 300px) 100vw, 300px\" \/><\/p>\n<h2>Produktionsmethoden f\u00fcr Niobpulver<\/h2>\n<p class=\"whitespace-pre-wrap\">Niobpulver kann mit folgenden Methoden hergestellt werden:<\/p>\n<ul class=\"list-disc pl-8 space-y-2\">\n<li class=\"whitespace-normal\"><strong>Hydrierung-Dehydrierung<\/strong>\u00a0\u2013 Niobbarren zu grobem Pulver zerkleinert und hydriert. Das Niobhydrid wird im Vakuum dehydriert und zu feinem Pulver gemahlen.<\/li>\n<li class=\"whitespace-normal\"><strong>Calciothermische Reduktion<\/strong>\u00a0\u2013 Reduktion von Nioboxid mit Calcium, gefolgt von Konsolidierung und Zerkleinerung zu Pulver.<\/li>\n<li class=\"whitespace-normal\"><strong>Elektrolyse<\/strong>\u00a0\u2013 Elektrolyse von Nioboxid mit geschmolzenem Salz zur Herstellung von Niobschwamm, der zu Pulver zerkleinert wird.<\/li>\n<li class=\"whitespace-normal\"><strong>Kohlenstoffreduzierung<\/strong>\u00a0\u2013 Nioboxid wird mit Kohlenstoff reduziert und zu Pulver verarbeitet.<\/li>\n<\/ul>\n<p class=\"whitespace-pre-wrap\">Der Hydrierungsprozess ist am gebr\u00e4uchlichsten, aber Kohlenstoff- und elektrothermische Reduktion bieten Pulver mit h\u00f6herer Reinheit.<\/p>\n<h2>Anwendungen von Niobpulver<\/h2>\n<p class=\"whitespace-pre-wrap\">Niobpulver wird in den folgenden Hauptanwendungen verwendet:<\/p>\n<ul class=\"list-disc pl-8 space-y-2\">\n<li class=\"whitespace-normal\"><strong>Elektronik<\/strong>\u00a0\u2013 Kondensatoren, supraleitende Hochfrequenzhohlr\u00e4ume, Josephson-Kontakte, integrierte Schaltkreise.<\/li>\n<li class=\"whitespace-normal\"><strong>Metall-Legierungen<\/strong>\u00a0\u2013 Wird St\u00e4hlen und Nickelbasislegierungen f\u00fcr Festigkeit und Hitzebest\u00e4ndigkeit zugesetzt.<\/li>\n<li class=\"whitespace-normal\"><strong>Beschichtungen und Farben<\/strong>\u00a0\u2013 Wird in leitf\u00e4higen Beschichtungen, funkenfesten Farben und optischen Beschichtungen verwendet.<\/li>\n<li class=\"whitespace-normal\"><strong>Schwei\u00dfen<\/strong>\u00a0\u2013 Als Zusatzwerkstoff f\u00fcr Edelstahl, Nickellegierungen und Refrakt\u00e4rmetalle.<\/li>\n<li class=\"whitespace-normal\"><strong>Chemische Industrie<\/strong>\u00a0\u2013 Komponenten wie W\u00e4rmetauscher und Reaktorbeh\u00e4lter nutzen die Stabilit\u00e4t von Niob.<\/li>\n<li class=\"whitespace-normal\"><strong>Pyrotechnik<\/strong>\u00a0\u2013 Als Brennstoff und Oxidationsmittel in pyrotechnischen Formulierungen.<\/li>\n<\/ul>\n<h2>Spezifikationen von Niobpulver<\/h2>\n<p class=\"whitespace-pre-wrap\">Niobpulver ist in verschiedenen Spezifikationen erh\u00e4ltlich:<\/p>\n<ul class=\"list-disc pl-8 space-y-2\">\n<li class=\"whitespace-normal\"><strong>Reinheitsgrade<\/strong>\u00a0\u2013 Von kommerzieller Reinheit bis hin zu ultrahoher Reinheit (99,99%) basierend auf Verunreinigungen.<\/li>\n<li class=\"whitespace-normal\"><strong>Partikelgr\u00f6\u00dfen<\/strong>\u00a0\u2013 Im Bereich von 1 Mikrometer bis 150 Mikrometer f\u00fcr verschiedene Anwendungen.<\/li>\n<li class=\"whitespace-normal\"><strong>Morphologie<\/strong>\u00a0\u2013 Unregelm\u00e4\u00dfige, kugelf\u00f6rmige, kn\u00f6tchenf\u00f6rmige und flockige Pulverformen.<\/li>\n<li class=\"whitespace-normal\"><strong>Fl\u00e4che<\/strong>\u00a0\u2013 Von Pulversorten mit geringer Oberfl\u00e4che bis hin zu Pulversorten mit gro\u00dfer Oberfl\u00e4che.<\/li>\n<li class=\"whitespace-normal\"><strong>Sauerstoffgehalt<\/strong>\u00a0\u2013 Feine Pulverqualit\u00e4ten mit niedrigem Sauerstoffgehalt sind ebenfalls erh\u00e4ltlich.<\/li>\n<li class=\"whitespace-normal\"><strong>Benutzerdefinierte Noten<\/strong>\u00a0\u2013 Kundenspezifische Partikeleigenschaften und Reinheit.<\/li>\n<\/ul>\n<h2>Globale Lieferanten von Niobpulver<\/h2>\n<p class=\"whitespace-pre-wrap\">Zu den weltweit gr\u00f6\u00dften Anbietern von Niobpulver geh\u00f6ren:<\/p>\n<ul class=\"list-disc pl-8 space-y-2\">\n<li class=\"whitespace-normal\">HC Starck (Deutschland)<\/li>\n<li class=\"whitespace-normal\">CBMM (Brasilien)<\/li>\n<li class=\"whitespace-normal\">Niobec (Kanada)<\/li>\n<li class=\"whitespace-normal\">ESPI Metals (USA)<\/li>\n<li class=\"whitespace-normal\">Continental Steel &amp; Tube (USA)<\/li>\n<li class=\"whitespace-normal\">ZhuZhou Oriental Powder Metallurgy (China)<\/li>\n<\/ul>\n<p class=\"whitespace-pre-wrap\">Diese Unternehmen produzieren verschiedene Niobpulverqualit\u00e4ten mit unterschiedlichen Produktionsmethoden in kommerziellen bis hohen Reinheitsgraden.<\/p>\n<h2>Preise f\u00fcr Niobpulver<\/h2>\n<p class=\"whitespace-pre-wrap\">Die Preise f\u00fcr Niobpulver h\u00e4ngen von folgenden Faktoren ab:<\/p>\n<ul class=\"list-disc pl-8 space-y-2\">\n<li class=\"whitespace-normal\"><strong>Reinheitsgrad<\/strong>\u00a0\u2013 Von $50\/kg f\u00fcr kommerzielle Reinheit bis \u00fcber $500\/kg f\u00fcr ultrahohe Reinheitsgrade.<\/li>\n<li class=\"whitespace-normal\"><strong>Partikelgr\u00f6\u00dfe<\/strong>\u00a0\u2013 Nano- und Submikron-Pulver sind teurer.<\/li>\n<li class=\"whitespace-normal\"><strong>Morphologie<\/strong>\u00a0\u2013 Sph\u00e4rische und glatte Pulver erzielen Premium-Preise.<\/li>\n<li class=\"whitespace-normal\"><strong>Menge<\/strong>\u00a0\u2013 Bei Gro\u00dfmengen reduzieren sich die Preise aufgrund von Skaleneffekten.<\/li>\n<li class=\"whitespace-normal\"><strong>Hersteller<\/strong>\u00a0\u2013 Gro\u00dfe globale Lieferanten bieten wettbewerbsf\u00e4higere Preise.<\/li>\n<li class=\"whitespace-normal\"><strong>Geographie<\/strong>\u00a0\u2013 Die Preise variieren in verschiedenen Weltregionen.<\/li>\n<\/ul>\n<h2>Lagerung und Handhabung von Niobpulver<\/h2>\n<p class=\"whitespace-pre-wrap\">Niobpulver erfordert eine kontrollierte Lagerung und Handhabung, um:<\/p>\n<ul class=\"list-disc pl-8 space-y-2\">\n<li class=\"whitespace-normal\">Vermeiden Sie den Kontakt mit Luft und Feuchtigkeit, um Oxidation zu minimieren<\/li>\n<li class=\"whitespace-normal\">Z\u00fcnd- und Explosionsgefahren durch feines Pulver vermeiden<\/li>\n<li class=\"whitespace-normal\">Bei der Handhabung geeignete Bel\u00fcftung und Atemschutz verwenden<\/li>\n<li class=\"whitespace-normal\">Befolgen Sie die Vorsichtsma\u00dfnahmen im Sicherheitsdatenblatt des Lieferanten<\/li>\n<li class=\"whitespace-normal\">Bewahren Sie versiegelte Beh\u00e4lter an einem k\u00fchlen, trockenen Ort und fern von Unvertr\u00e4glichkeiten auf<\/li>\n<\/ul>\n<p class=\"whitespace-pre-wrap\">Beim Umgang mit Niobpulver sollten Inertgas-Handschuhboxen, ordnungsgem\u00e4\u00dfe Erdung und PSA verwendet werden.<\/p>\n<h2>Inspektion und Pr\u00fcfung von Niobpulver<\/h2>\n<p class=\"whitespace-pre-wrap\">Die folgenden Inspektionen und Tests werden typischerweise an Niobpulver durchgef\u00fchrt:<\/p>\n<ul class=\"list-disc pl-8 space-y-2\">\n<li class=\"whitespace-normal\"><strong>Chemische Analyse<\/strong>\u00a0\u2013 Induktiv gekoppelte Plasma- oder R\u00f6ntgenfluoreszenztechniken zur \u00dcberpr\u00fcfung der Zusammensetzung und Reinheit.<\/li>\n<li class=\"whitespace-normal\"><strong>Pr\u00fcfung der Partikelgr\u00f6\u00dfe<\/strong>\u00a0\u2013 Durchgef\u00fchrt gem\u00e4\u00df ASTM B822-Standard mittels Laserbeugungstechnik.<\/li>\n<li class=\"whitespace-normal\"><strong>Morphologie<\/strong>\u00a0\u2013 Rasterelektronenmikroskopie zur Bestimmung von Form und Oberfl\u00e4che.<\/li>\n<li class=\"whitespace-normal\"><strong>Spezifische Oberfl\u00e4che<\/strong>\u00a0\u2013 BET-Gasabsorptionsmethode zur Messung der Oberfl\u00e4che pro Masseneinheit.<\/li>\n<li class=\"whitespace-normal\"><strong>Pr\u00fcfung auf Verunreinigungen<\/strong>\u00a0\u2013 ICP-MS zur Quantifizierung des Gehalts an Tantal, Sauerstoff, Stickstoff und anderen Verunreinigungen.<\/li>\n<li class=\"whitespace-normal\"><strong>Pulverfluss<\/strong>\u00a0\u2013 Getestet mit Hall-Durchflussmesser gem\u00e4\u00df ASTM B213-Standard.<\/li>\n<\/ul>\n<h2>Vergleich von Niob- und Tantalpulver<\/h2>\n<p class=\"whitespace-pre-wrap\">Niob- und Tantalpulver sind im Vergleich zwei \u00e4hnliche hochschmelzende Metallpulver:<\/p>\n<table>\n<thead>\n<tr>\n<th>Parameter<\/th>\n<th>Niobium-Pulver<\/th>\n<th>Tantalpulver<\/th>\n<\/tr>\n<\/thead>\n<tbody>\n<tr>\n<td>Dichte<\/td>\n<td>8,57 g\/cm3<\/td>\n<td>16,6 g\/cm3<\/td>\n<\/tr>\n<tr>\n<td>Schmelzpunkt<\/td>\n<td>2477\u00b0C<\/td>\n<td>2996\u00b0C<\/td>\n<\/tr>\n<tr>\n<td>Elektrischer Widerstand<\/td>\n<td>15 \u03bc\u03a9.cm<\/td>\n<td>13 \u03bc\u03a9.cm<\/td>\n<\/tr>\n<tr>\n<td>Zugfestigkeit<\/td>\n<td>550 MPa<\/td>\n<td>400 MPa<\/td>\n<\/tr>\n<tr>\n<td>Oxidationsbest\u00e4ndigkeit<\/td>\n<td>M\u00e4\u00dfig<\/td>\n<td>Besser<\/td>\n<\/tr>\n<tr>\n<td>Kosten<\/td>\n<td>Unter<\/td>\n<td>H\u00f6her<\/td>\n<\/tr>\n<tr>\n<td>Anwendungen<\/td>\n<td>Legierungen, Kondensatoren<\/td>\n<td>Medizin, Elektronik<\/td>\n<\/tr>\n<\/tbody>\n<\/table>\n<p class=\"whitespace-pre-wrap\">Tantal hat eine h\u00f6here Dichte, einen h\u00f6heren Schmelzpunkt und eine bessere Oxidationsbest\u00e4ndigkeit, ist jedoch teurer als Niob.<\/p>\n<h2>H\u00e4ufig gestellte Fragen zu Niobpulver<\/h2>\n<p class=\"whitespace-pre-wrap\"><strong>F: Wie wird Niobpulver hergestellt?<\/strong><\/p>\n<p class=\"whitespace-pre-wrap\">A: Die wichtigsten Produktionsmethoden f\u00fcr Niobpulver sind Hydrierung-Dehydrierung, calciothermische Reduktion, Elektrolyse und Kohlenstoffreduktion von Nioboxidquellen.<\/p>\n<p class=\"whitespace-pre-wrap\"><strong>F: Wof\u00fcr wird Niobpulver verwendet?<\/strong><\/p>\n<p class=\"whitespace-pre-wrap\">A: Zu den Hauptanwendungen von Niobpulver geh\u00f6ren Elektronik, Metalllegierungen, Beschichtungen, chemische Industrie, Schwei\u00dfen, Pyrotechnik und Supraleiter.<\/p>\n<p class=\"whitespace-pre-wrap\"><strong>F: Was ist die typische Niobpulvergr\u00f6\u00dfe f\u00fcr thermische Spritzbeschichtungen?<\/strong><\/p>\n<p class=\"whitespace-pre-wrap\">A: F\u00fcr thermische Spritzverfahren wird Niobpulver typischerweise in Partikelgr\u00f6\u00dfenbereichen von 45\u2013150 Mikrometern verwendet. Feineres Pulver kann zu Oxidationsproblemen f\u00fchren.<\/p>\n<p class=\"whitespace-pre-wrap\"><strong>F: Ist Niobpulver brennbar oder explosiv?<\/strong><\/p>\n<p class=\"whitespace-pre-wrap\">A: Ja, wie andere fein verteilte Metalle kann Niobpulver potenziell entflammbar oder explosiv sein. F\u00fcr eine sichere Handhabung und Lagerung sind geeignete Vorsichtsma\u00dfnahmen erforderlich.<\/p>\n<p class=\"whitespace-pre-wrap\"><strong>F: Wo kann ich hochreines Niobpulver f\u00fcr supraleitende Anwendungen kaufen?<\/strong><\/p>\n<p class=\"whitespace-pre-wrap\">A: Ultrahochreines (99,99%) Niobpulver, das f\u00fcr supraleitende Anwendungen geeignet ist, kann von gro\u00dfen Lieferanten wie HC Starck, CBMM und ESPI Metals erworben werden.<\/p>","protected":false},"excerpt":{"rendered":"<p>Niob wird in Prothesen und Implantaten wie Herzschrittmachern verwendet, da es physiologisch inert und hypoallergen ist. Dar\u00fcber hinaus werden Niobpulver als Rohstoff f\u00fcr die Herstellung von Elektrolytkondensatoren ben\u00f6tigt.<\/p>","protected":false},"featured_media":2163,"comment_status":"open","ping_status":"closed","template":"","meta":[],"product_brand":[],"product_cat":[31,39],"product_tag":[],"class_list":{"0":"post-1426","1":"product","2":"type-product","3":"status-publish","4":"has-post-thumbnail","6":"product_cat-3d-printing-metal-powder","7":"product_cat-refractory-metal-powder","9":"first","10":"instock","11":"shipping-taxable","12":"product-type-simple"},"_links":{"self":[{"href":"https:\/\/met3dp.sg\/de\/wp-json\/wp\/v2\/product\/1426","targetHints":{"allow":["GET"]}}],"collection":[{"href":"https:\/\/met3dp.sg\/de\/wp-json\/wp\/v2\/product"}],"about":[{"href":"https:\/\/met3dp.sg\/de\/wp-json\/wp\/v2\/types\/product"}],"replies":[{"embeddable":true,"href":"https:\/\/met3dp.sg\/de\/wp-json\/wp\/v2\/comments?post=1426"}],"wp:featuredmedia":[{"embeddable":true,"href":"https:\/\/met3dp.sg\/de\/wp-json\/wp\/v2\/media\/2163"}],"wp:attachment":[{"href":"https:\/\/met3dp.sg\/de\/wp-json\/wp\/v2\/media?parent=1426"}],"wp:term":[{"taxonomy":"product_brand","embeddable":true,"href":"https:\/\/met3dp.sg\/de\/wp-json\/wp\/v2\/product_brand?post=1426"},{"taxonomy":"product_cat","embeddable":true,"href":"https:\/\/met3dp.sg\/de\/wp-json\/wp\/v2\/product_cat?post=1426"},{"taxonomy":"product_tag","embeddable":true,"href":"https:\/\/met3dp.sg\/de\/wp-json\/wp\/v2\/product_tag?post=1426"}],"curies":[{"name":"wp","href":"https:\/\/api.w.org\/{rel}","templated":true}]}}