{"id":1423,"date":"2023-09-07T02:04:46","date_gmt":"2023-09-07T02:04:46","guid":{"rendered":"https:\/\/site3.easyceotech.com\/product\/inconel-625-powder%e4%b8%a8nickel-based-superalloys\/"},"modified":"2024-05-02T00:54:43","modified_gmt":"2024-05-02T00:54:43","slug":"inconel-625-powder%e4%b8%a8nickel-based-superalloys","status":"publish","type":"product","link":"https:\/\/met3dp.sg\/de\/product\/inconel-625-powder%e4%b8%a8nickel-based-superalloys\/","title":{"rendered":"Inconel 625 Pulver\u4e28Nickelbasis-Superlegierung in625 Pulver"},"content":{"rendered":"<p>Inconel 625-Pulver ist eine Superlegierung auf Nickelbasis, die sich durch hohe Festigkeitseigenschaften und Best\u00e4ndigkeit gegen hohe Temperaturen auszeichnet. Inconel 625 (Alloy 625, UNS N06625) wird wegen seiner hohen Festigkeit, seiner ausgezeichneten Verarbeitbarkeit (auch beim F\u00fcgen) und seiner hervorragenden Korrosionsbest\u00e4ndigkeit h\u00e4ufig verwendet. Seine Einsatztemperaturen reichen von kryogenen Temperaturen bis 982\u00b0C (1800\u00b0F). Hohe Zug-, Kriech- und Bruchfestigkeit, hervorragende Erm\u00fcdungs- und Thermoerm\u00fcdungsfestigkeit, Oxidationsbest\u00e4ndigkeit und ausgezeichnete Schwei\u00df- und L\u00f6tbarkeit sind die Eigenschaften der INCONEL-Legierung 625, die sie f\u00fcr die Luft- und Raumfahrt interessant machen.<\/p>\n<p>Es wird unter anderem f\u00fcr Flugzeugkanalsysteme, Triebwerksabgassysteme, Schubumkehrsysteme, widerstandsgeschwei\u00dfte Wabenstrukturen zur Unterbringung von Triebwerkssteuerungen, Kraftstoff- und Hydraulikleitungsrohre, Spr\u00fchbalken, Faltenb\u00e4lge, Turbinenmantelringe und W\u00e4rmetauscherrohre in Umweltkontrollsystemen verwendet. Es eignet sich auch f\u00fcr \u00dcbergangsauskleidungen von Verbrennungssystemen, Turbinendichtungen, Verdichterschaufeln und Schubkammerrohre f\u00fcr Raketen.<\/p>\n<p><img fetchpriority=\"high\" decoding=\"async\" class=\"aligncenter wp-image-1407 size-full\" src=\"https:\/\/met3dp.sg\/wp-content\/uploads\/2023\/09\/Inconel-625.jpg\" alt=\"slm additive fertigung\" width=\"878\" height=\"659\" title=\"\" srcset=\"https:\/\/met3dp.sg\/wp-content\/uploads\/2023\/09\/Inconel-625.jpg 878w, https:\/\/met3dp.sg\/wp-content\/uploads\/2023\/09\/Inconel-625-600x450.jpg 600w, https:\/\/met3dp.sg\/wp-content\/uploads\/2023\/09\/Inconel-625-300x225.jpg 300w, https:\/\/met3dp.sg\/wp-content\/uploads\/2023\/09\/Inconel-625-768x576.jpg 768w\" sizes=\"(max-width: 878px) 100vw, 878px\" \/><\/p>\n<p>&nbsp;<\/p>\n<h3><strong>Inconel 625-Pulver Spezifikation<\/strong><\/h3>\n<div class=\"table-responsive\">\n<div>\n<table>\n<tbody>\n<tr>\n<td colspan=\"7\" rowspan=\"1\" data-sheets-value=\"{&quot;1&quot;:2,&quot;2&quot;:&quot;Norminal Composition\uff08wt%\uff09&quot;}\"><strong>Normale Zusammensetzung\uff08wt%\uff09<\/strong><\/td>\n<\/tr>\n<tr>\n<td colspan=\"1\" rowspan=\"4\" data-sheets-value=\"{&quot;1&quot;:2,&quot;2&quot;:&quot;In625&quot;}\">\n<div>In625<\/div>\n<\/td>\n<td data-sheets-value=\"{&quot;1&quot;:2,&quot;2&quot;:&quot;Cr&quot;}\"><strong>Cr<\/strong><\/td>\n<td data-sheets-value=\"{&quot;1&quot;:2,&quot;2&quot;:&quot;Mo&quot;}\"><strong>Mo<\/strong><\/td>\n<td data-sheets-value=\"{&quot;1&quot;:2,&quot;2&quot;:&quot;Nb&quot;}\"><strong>Nb<\/strong><\/td>\n<td data-sheets-value=\"{&quot;1&quot;:2,&quot;2&quot;:&quot;Co&quot;}\"><strong>Co<\/strong><\/td>\n<td data-sheets-value=\"{&quot;1&quot;:2,&quot;2&quot;:&quot;Fe&quot;}\"><strong>Fe<\/strong><\/td>\n<td data-sheets-value=\"{&quot;1&quot;:2,&quot;2&quot;:&quot;Al&quot;}\"><strong>Al<\/strong><\/td>\n<\/tr>\n<tr>\n<td data-sheets-value=\"{&quot;1&quot;:2,&quot;2&quot;:&quot;20-23&quot;}\">20-23<\/td>\n<td data-sheets-value=\"{&quot;1&quot;:3,&quot;3&quot;:44783}\" data-sheets-numberformat=\"{&quot;1&quot;:5,&quot;2&quot;:&quot;m-d&quot;,&quot;3&quot;:1}\">8-10<\/td>\n<td data-sheets-value=\"{&quot;1&quot;:2,&quot;2&quot;:&quot;3.15-4.15&quot;}\">3.15-4.15<\/td>\n<td data-sheets-value=\"{&quot;1&quot;:2,&quot;2&quot;:&quot;\u22641&quot;}\">\u22641<\/td>\n<td data-sheets-value=\"{&quot;1&quot;:2,&quot;2&quot;:&quot;\u22641&quot;}\">\u22641<\/td>\n<td data-sheets-value=\"{&quot;1&quot;:2,&quot;2&quot;:&quot;\u22640.4&quot;}\">\u22640.4<\/td>\n<\/tr>\n<tr>\n<td data-sheets-value=\"{&quot;1&quot;:2,&quot;2&quot;:&quot;Ti&quot;}\"><strong>Ti<\/strong><\/td>\n<td data-sheets-value=\"{&quot;1&quot;:2,&quot;2&quot;:&quot;C&quot;}\"><strong>C<\/strong><\/td>\n<td data-sheets-value=\"{&quot;1&quot;:2,&quot;2&quot;:&quot;Ni&quot;}\"><strong>Ni<\/strong><\/td>\n<td data-sheets-value=\"{&quot;1&quot;:2,&quot;2&quot;:&quot;O&quot;}\"><strong>O<\/strong><\/td>\n<td data-sheets-value=\"{&quot;1&quot;:2,&quot;2&quot;:&quot;N&quot;}\"><strong>N<\/strong><\/td>\n<td><\/td>\n<\/tr>\n<tr>\n<td data-sheets-value=\"{&quot;1&quot;:2,&quot;2&quot;:&quot;\u22640.4&quot;}\">\u22640.4<\/td>\n<td data-sheets-value=\"{&quot;1&quot;:2,&quot;2&quot;:&quot;\u22640.1&quot;}\">\u22640.1<\/td>\n<td data-sheets-value=\"{&quot;1&quot;:2,&quot;2&quot;:&quot;Bal.&quot;}\">Bal.<\/td>\n<td data-sheets-value=\"{&quot;1&quot;:2,&quot;2&quot;:&quot;\u2264500ppm&quot;}\">\u2264500ppm<\/td>\n<td data-sheets-value=\"{&quot;1&quot;:2,&quot;2&quot;:&quot;\u2264100ppm&quot;}\">\u2264100ppm<\/td>\n<td><\/td>\n<\/tr>\n<\/tbody>\n<\/table>\n<\/div>\n<p>Common Size:15-45um,15-53um,45-106um,45-150u,-200\/-300\/-400\/-500\/-600mesh etc,.<\/p>\n<p>&nbsp;<\/p>\n<div>\n<table>\n<tbody>\n<tr>\n<td data-sheets-value=\"{&quot;1&quot;:2,&quot;2&quot;:&quot;No&quot;}\"><strong>Nein<\/strong><\/td>\n<td data-sheets-value=\"{&quot;1&quot;:2,&quot;2&quot;:&quot;Name&quot;}\"><strong>Name<\/strong><\/td>\n<td data-sheets-value=\"{&quot;1&quot;:2,&quot;2&quot;:&quot;Chemical Composition(wt%)&quot;}\"><strong>Verwandte Pulverzusammensetzung(wt%)<\/strong><\/td>\n<\/tr>\n<tr>\n<td data-sheets-value=\"{&quot;1&quot;:3,&quot;3&quot;:1}\">1<\/td>\n<td data-sheets-value=\"{&quot;1&quot;:2,&quot;2&quot;:&quot;18Ni300&quot;}\">18Ni300<\/td>\n<td data-sheets-value=\"{&quot;1&quot;:2,&quot;2&quot;:&quot;Ni17-19\uff0cMo4.5-5.2\uff0cCo8.5-9.5\uff0cTi0.6-0.8\uff0cAl0.05-0.15\uff0cFe(Bal.)&quot;}\">Ni17-19\uff0cMo4.5-5.2\uff0cCo8.5-9.5\uff0cTi0.6-0.8\uff0cAl0.05-0.15\uff0cFe(Bal.)<\/td>\n<\/tr>\n<tr>\n<td data-sheets-value=\"{&quot;1&quot;:3,&quot;3&quot;:2}\">2<\/td>\n<td data-sheets-value=\"{&quot;1&quot;:2,&quot;2&quot;:&quot;Hastelloy Alloy&quot;}\">Hastelloy-Legierung<\/td>\n<td data-sheets-value=\"{&quot;1&quot;:2,&quot;2&quot;:&quot;Fe17-20\uff0cCr20.5-23\uff0cMo8-10\uff0cW0.2-1\uff0cCo0.5-2.5\uff0cC0.05-0.15\uff0cNi(Bal.)&quot;}\">Fe17-20\uff0cCr20.5-23\uff0cMo8-10\uff0cW0.2-1\uff0cCo0.5-2.5\uff0cC0.05-0.15\uff0cNi(Bal.)<\/td>\n<\/tr>\n<tr>\n<td data-sheets-value=\"{&quot;1&quot;:3,&quot;3&quot;:3}\">3<\/td>\n<td data-sheets-value=\"{&quot;1&quot;:2,&quot;2&quot;:&quot;AlSi10Mg&quot;}\">AlSi10Mg<\/td>\n<td data-sheets-value=\"{&quot;1&quot;:2,&quot;2&quot;:&quot;Si9-11\uff0cMg0.2-0.45\uff0cAl(Bal.)&quot;}\">Si9-11\uff0cMg0.2-0.45\uff0cAl(Bal.)<\/td>\n<\/tr>\n<tr>\n<td data-sheets-value=\"{&quot;1&quot;:3,&quot;3&quot;:4}\">4<\/td>\n<td data-sheets-value=\"{&quot;1&quot;:2,&quot;2&quot;:&quot;CoCrW&quot;}\">CoCrW<\/td>\n<td data-sheets-value=\"{&quot;1&quot;:2,&quot;2&quot;:&quot;Cr26.5-29\uff0cW7-9\uff0cSi1.2-1.9\uff0cCo(Bal.)&quot;}\">Cr26.5-29\uff0cW7-9\uff0cSi1.2-1.9\uff0cCo(Bal.)<\/td>\n<\/tr>\n<tr>\n<td data-sheets-value=\"{&quot;1&quot;:3,&quot;3&quot;:5}\">5<\/td>\n<td data-sheets-value=\"{&quot;1&quot;:2,&quot;2&quot;:&quot;Co28Cr6Mo&quot;}\">Co28Cr6Mo<\/td>\n<td data-sheets-value=\"{&quot;1&quot;:2,&quot;2&quot;:&quot;Cr27-29\uff0cMo5-7\uff0cCo(Bal.)&quot;}\">Cr27-29\uff0cMo5-7\uff0cCo(Bal.)<\/td>\n<\/tr>\n<tr>\n<td data-sheets-value=\"{&quot;1&quot;:3,&quot;3&quot;:6}\">6<\/td>\n<td data-sheets-value=\"{&quot;1&quot;:2,&quot;2&quot;:&quot;Spherical Ti Powder&quot;}\">Sph\u00e4risches Ti-Pulver<\/td>\n<td data-sheets-value=\"{&quot;1&quot;:2,&quot;2&quot;:&quot;Ti\u226599.9&quot;}\">Ti\u226599.9<\/td>\n<\/tr>\n<tr>\n<td data-sheets-value=\"{&quot;1&quot;:3,&quot;3&quot;:7}\">7<\/td>\n<td data-sheets-value=\"{&quot;1&quot;:2,&quot;2&quot;:&quot;TC4&quot;}\">TC4<\/td>\n<td data-sheets-value=\"{&quot;1&quot;:2,&quot;2&quot;:&quot;Al5.5-6.8\uff0cV3.5-4.5\uff0cTi(Bal.)&quot;}\">Al5.5-6.8\uff0cV3.5-4.5\uff0cTi(Bal.)<\/td>\n<\/tr>\n<tr>\n<td data-sheets-value=\"{&quot;1&quot;:3,&quot;3&quot;:8}\">8<\/td>\n<td data-sheets-value=\"{&quot;1&quot;:2,&quot;2&quot;:&quot;TA15&quot;}\">TA15<\/td>\n<td data-sheets-value=\"{&quot;1&quot;:2,&quot;2&quot;:&quot;Al5.5-7.1\uff0cV0.8-2.5\uff0cMo0.8-2\uff0cZr1.5-2.5\uff0cAl(Bal.)&quot;}\">Al5.5-7.1\uff0cV0.8-2.5\uff0cMo0.8-2\uff0cZr1.5-2.5\uff0cAl(Bal.)<\/td>\n<\/tr>\n<tr>\n<td data-sheets-value=\"{&quot;1&quot;:3,&quot;3&quot;:9}\">9<\/td>\n<td data-sheets-value=\"{&quot;1&quot;:2,&quot;2&quot;:&quot;316L&quot;}\">316L<\/td>\n<td data-sheets-value=\"{&quot;1&quot;:2,&quot;2&quot;:&quot;Cr16.00-18.00\uff0c Ni10.00-14.00\uff0cMo2.00-3.00\uff0cFe(Bal.)&quot;}\">Cr16.00-18.00\uff0c Ni10.00-14.00\uff0cMo2.00-3.00\uff0cFe(Bal.)<\/td>\n<\/tr>\n<tr>\n<td data-sheets-value=\"{&quot;1&quot;:3,&quot;3&quot;:10}\">10<\/td>\n<td data-sheets-value=\"{&quot;1&quot;:2,&quot;2&quot;:&quot;S136&quot;}\">S136<\/td>\n<td data-sheets-value=\"{&quot;1&quot;:2,&quot;2&quot;:&quot;Cr12.0-14.0\uff0cSi0.8-1.0\uff0cV0.15-0.4\uff0cC0.2-0.45\uff0cFe(Bal.)&quot;}\">Cr12.0-14.0\uff0cSi0.8-1.0\uff0cV0.15-0.4\uff0cC0.2-0.45\uff0cFe(Bal.)<\/td>\n<\/tr>\n<tr>\n<td data-sheets-value=\"{&quot;1&quot;:3,&quot;3&quot;:11}\">11<\/td>\n<td data-sheets-value=\"{&quot;1&quot;:2,&quot;2&quot;:&quot;In625&quot;}\">In625<\/td>\n<td data-sheets-value=\"{&quot;1&quot;:2,&quot;2&quot;:&quot;Cr20-23 , Mo8-10 , Nb 3.15-4.15 , Co\u22641, Fe\u22641 , Ni (bal.)&quot;}\">Cr20-23 , Mo8-10 , Nb 3,15-4,15 , Co\u22641, Fe\u22641 , Ni (bal.)<\/td>\n<\/tr>\n<tr>\n<td data-sheets-value=\"{&quot;1&quot;:3,&quot;3&quot;:12}\">12<\/td>\n<td data-sheets-value=\"{&quot;1&quot;:2,&quot;2&quot;:&quot;In718&quot;}\">In718<\/td>\n<td data-sheets-value=\"{&quot;1&quot;:2,&quot;2&quot;:&quot;Cr17-21 , Mo2.8-3.3 , Nb 4.75-5.5 , Co\u22641, Ni50-51 , Fe(Bal.)&quot;}\">Cr17-21 , Mo2.8-3.3 , Nb 4.75-5.5 , Co\u22641, Ni50-51 , Fe(Bal.)<\/td>\n<\/tr>\n<tr>\n<td data-sheets-value=\"{&quot;1&quot;:3,&quot;3&quot;:13}\">13<\/td>\n<td data-sheets-value=\"{&quot;1&quot;:2,&quot;2&quot;:&quot;Spherica WC&quot;}\">Spherica WC<\/td>\n<td data-sheets-value=\"{&quot;1&quot;:2,&quot;2&quot;:&quot;C3.7-4.2\uff0cW(Bal.)&quot;}\">C3.7-4.2\uff0cW(Bal.)<\/td>\n<\/tr>\n<tr>\n<td data-sheets-value=\"{&quot;1&quot;:3,&quot;3&quot;:14}\">14<\/td>\n<td data-sheets-value=\"{&quot;1&quot;:2,&quot;2&quot;:&quot;Spherical Cr Powder&quot;}\">Sph\u00e4risches Cr-Pulver<\/td>\n<td data-sheets-value=\"{&quot;1&quot;:2,&quot;2&quot;:&quot;Cr\u226599.9&quot;}\">Cr\u226599,9<\/td>\n<\/tr>\n<tr>\n<td data-sheets-value=\"{&quot;1&quot;:3,&quot;3&quot;:15}\">15<\/td>\n<td data-sheets-value=\"{&quot;1&quot;:2,&quot;2&quot;:&quot;Spherica Mo Powder&quot;}\">Spherica Mo-Pulver<\/td>\n<td data-sheets-value=\"{&quot;1&quot;:2,&quot;2&quot;:&quot;Mo\u226599.9&quot;}\">Mo\u226599.9<\/td>\n<\/tr>\n<tr>\n<td data-sheets-value=\"{&quot;1&quot;:3,&quot;3&quot;:16}\">16<\/td>\n<td data-sheets-value=\"{&quot;1&quot;:2,&quot;2&quot;:&quot;Spherica Ta Powder&quot;}\">Spherica Ta-Pulver<\/td>\n<td data-sheets-value=\"{&quot;1&quot;:2,&quot;2&quot;:&quot;Ta\u226599.9&quot;}\">Ta\u226599.9<\/td>\n<\/tr>\n<tr>\n<td data-sheets-value=\"{&quot;1&quot;:3,&quot;3&quot;:17}\">17<\/td>\n<td data-sheets-value=\"{&quot;1&quot;:2,&quot;2&quot;:&quot;Spherica W Powder&quot;}\">Spherica W Pulver<\/td>\n<td data-sheets-value=\"{&quot;1&quot;:2,&quot;2&quot;:&quot;W\u226599.9&quot;}\">W\u226599.9<\/td>\n<\/tr>\n<\/tbody>\n<\/table>\n<\/div>\n<p>&nbsp;<\/p>\n<h3><strong>Eigenschaften von Inconel 625-Pulver:<\/strong><\/h3>\n<ol>\n<li>Zugfestigkeit\/MPa: 910\u00b120<\/li>\n<li>Streckgrenze\/MPa: 460\u00b120<\/li>\n<li>Dehnung nach Bruch\/%: 60\u00b15<\/li>\n<li>Zugfestigkeit (815\u2103)\/MPa: 910\u00b120<\/li>\n<li>Streckgrenze(815\u2103)\/MPa: 460\u00b120<\/li>\n<li>Dehnung nach Bruch (815\u2103)\/%: 60\u00b15<\/li>\n<li>\u00c4u\u00dferes Erscheinungsbild: Graues, kugelf\u00f6rmiges Pulver<\/li>\n<li>Anzapfdichte\uff1a4,95g\/m3<\/li>\n<li>Scheinbare Dichte: 4,32g\/m3<\/li>\n<li>Flie\u00dff\u00e4higkeit\uff1a15,5s\/50g<\/li>\n<li>Gr\u00f6\u00dfe: 15-53um<\/li>\n<li>PSD: D10:17.1um, D50:30.2um, D90: 50.9um<\/li>\n<\/ol>\n<p><img decoding=\"async\" class=\"aligncenter wp-image-1734 size-full\" src=\"https:\/\/met3dp.sg\/wp-content\/uploads\/2023\/09\/5.jpg\" alt=\"Inconel 625-Pulver\" width=\"720\" height=\"720\" title=\"\" srcset=\"https:\/\/met3dp.sg\/wp-content\/uploads\/2023\/09\/5.jpg 720w, https:\/\/met3dp.sg\/wp-content\/uploads\/2023\/09\/5-300x300.jpg 300w, https:\/\/met3dp.sg\/wp-content\/uploads\/2023\/09\/5-150x150.jpg 150w, https:\/\/met3dp.sg\/wp-content\/uploads\/2023\/09\/5-600x600.jpg 600w, https:\/\/met3dp.sg\/wp-content\/uploads\/2023\/09\/5-100x100.jpg 100w\" sizes=\"(max-width: 720px) 100vw, 720px\" \/><\/p>\n<\/div>\n<h3><strong>Inconel 625 Pulver Anwendung\uff1a<\/strong><\/h3>\n<div class=\"table-responsive\">\n<p><strong>Anwendung im Meer\uff1a<\/strong><br \/>\nAufgrund seiner hohen Korrosionsbest\u00e4ndigkeit, insbesondere der Best\u00e4ndigkeit gegen Lochfra\u00df und Rissbildung, ist Inconel 625 ideal f\u00fcr salzhaltige Unterwasseranwendungen. Das Material wird als Propellerbl\u00e4tter f\u00fcr Schiffe, Verankerungsleinen f\u00fcr die Befestigung von Schiffen und \u00e4hnlichen Schiffen, Zubeh\u00f6r und Vorrichtungen f\u00fcr U-Boote und Komponenten f\u00fcr Schiffsausr\u00fcstung verwendet.<br \/>\n<strong>Luft- und Raumfahrtausr\u00fcstung\uff1a<\/strong><br \/>\nAuch in der Flugzeugindustrie hat die Superlegierung Einzug gehalten, vor allem bei Abgasanlagen, Kraftstoffleitungen, W\u00e4rmetauschergeh\u00e4usen und Raketenteilen, denn Inconel 625 funktioniert auch bei extremen Temperaturen und Dr\u00fccken gut.<br \/>\n<strong>Nukleartechnik\uff1a<\/strong><br \/>\nDie Festigkeit, Korrosions- und Spannungsbest\u00e4ndigkeit von Inconel 625 machen es zu einem geeigneten Bauteil f\u00fcr Kernreaktoren, insbesondere f\u00fcr Steuerst\u00e4be und Kerne. In Kernkraftwerken herrschen in der Regel Temperaturen von \u00fcber 650 \u00b0C, denen Inconel 625 aufgrund seiner Festigkeit standhalten kann.<br \/>\n<strong>Industrielle Prozesse\uff1a<\/strong><br \/>\nDa die Legierung leicht zu verarbeiten und best\u00e4ndig gegen hohe Temperaturen und Korrosion ist, ist sie ein n\u00fctzlicher Bestandteil bei der Herstellung von Produktionsanlagen wie Beh\u00e4ltern, W\u00e4rmetauschern, Ventilen und Fl\u00fcssigkeitsverteilungssystemen. Ihre hervorragende Schwei\u00dfbarkeit macht sie auch zu einem geeigneten Bauteil f\u00fcr Rohre, die in Produktionsanlagen verwendet werden.<\/p>\n<p><strong>\u00d6l- und Gasindustrie:\u00a0<\/strong><\/p>\n<p>In625-Pulver wird h\u00e4ufig im \u00d6l- und Gassektor eingesetzt, wo die Anlagen unter schwierigen Bedingungen arbeiten. Es wird f\u00fcr die Herstellung von Komponenten wie Ventilen, Kupplungen und Anschl\u00fcssen verwendet, die hohen Dr\u00fccken, korrosiven Fl\u00fcssigkeiten und hohen Temperaturen standhalten m\u00fcssen. Die Best\u00e4ndigkeit von In625-Pulver gegen Lochfra\u00df und Spaltkorrosion sowie seine au\u00dfergew\u00f6hnliche mechanische Festigkeit gew\u00e4hrleisten die Haltbarkeit und Langlebigkeit dieser wichtigen Komponenten.<\/p>\n<p><strong>Medizinischer Sektor:\u00a0<\/strong><\/p>\n<p>Der medizinische Bereich profitiert stark von den einzigartigen Eigenschaften von In625-Pulver. Es wird h\u00e4ufig bei der Herstellung von chirurgischen Instrumenten, orthop\u00e4dischen Implantaten und Zahnersatz verwendet. Die Biokompatibilit\u00e4t und Korrosionsbest\u00e4ndigkeit von In625-Pulver machen es zu einer ausgezeichneten Wahl f\u00fcr diese Anwendungen, die die Sicherheit und Zuverl\u00e4ssigkeit medizinischer Ger\u00e4te gew\u00e4hrleisten und gleichzeitig bessere Ergebnisse f\u00fcr die Patienten erzielen.<\/p>\n<p><strong>Vorteile von In625-Pulver<\/strong><\/p>\n<p>Hohe Festigkeit und Langlebigkeit<\/p>\n<p>In625-Pulver verf\u00fcgt \u00fcber au\u00dfergew\u00f6hnliche mechanische Eigenschaften, darunter eine hohe Zugfestigkeit und Streckgrenze, die es ihm erm\u00f6glichen, schweren Lasten standzuhalten und Verformungen zu widerstehen. Seine hervorragende Haltbarkeit gew\u00e4hrleistet die Langlebigkeit und Zuverl\u00e4ssigkeit der mit diesem Pulver hergestellten Komponenten.<\/p>\n<p>Hervorragende Korrosionsbest\u00e4ndigkeit<\/p>\n<p>Aufgrund seiner Korrosionsbest\u00e4ndigkeit eignet sich In625-Pulver hervorragend f\u00fcr Anwendungen in aggressiven Umgebungen, z. B. in der Schifffahrt oder der chemischen Industrie. Es widersteht sowohl oxidierenden als auch reduzierenden Umgebungen, verhindert den Abbau und verl\u00e4ngert die Gesamtlebensdauer der Komponenten.<\/p>\n<p>Ausgezeichnete Hitzebest\u00e4ndigkeit<\/p>\n<p>Mit einem Schmelzpunkt von etwa 1290\u00b0C (2350\u00b0F) weist In625-Pulver eine hervorragende Hitzebest\u00e4ndigkeit auf. Es kann extremen Temperaturen ohne nennenswerten Verlust an Festigkeit oder Verformung standhalten und eignet sich daher f\u00fcr Anwendungen, die hohen thermischen Belastungen ausgesetzt sind.<\/p>\n<p>Vielseitige Bearbeitbarkeit<\/p>\n<p>In625-Pulver ist gut zerspanbar und erm\u00f6glicht pr\u00e4zise und komplizierte Konstruktionen. Es l\u00e4sst sich leicht zu komplexen Geometrien formen, was Flexibilit\u00e4t bietet und die Herstellung komplizierter Bauteile erleichtert.<\/p>\n<p>Schwei\u00dfeignung<\/p>\n<p>Die Schwei\u00dfbarkeit von In625-Pulver ist ein weiterer bemerkenswerter Vorteil. Es kann mit verschiedenen Techniken geschwei\u00dft werden, z. B. mit dem Wolfram-Lichtbogenschwei\u00dfen (GTAW) und dem Elektronenstrahlschwei\u00dfen (EBW), so dass gro\u00dfe und komplexe Strukturen problemlos hergestellt werden k\u00f6nnen.<\/p>\n<p><strong>FAQs (h\u00e4ufig gestellte Fragen)<\/strong><\/p>\n<p>Q1. Ist In625-Pulver f\u00fcr Hochtemperaturanwendungen geeignet?<\/p>\n<p>Ja, In625-Pulver weist eine ausgezeichnete Hitzebest\u00e4ndigkeit auf und kann extremen Temperaturen standhalten, so dass es sich f\u00fcr Hochtemperaturanwendungen eignet.<\/p>\n<p>Q2. Welche Branchen profitieren am meisten von der Verwendung von In625-Pulver?<\/p>\n<p>In625-Pulver wird in verschiedenen Industriezweigen eingesetzt, unter anderem in der Luft- und Raumfahrt, der \u00d6l- und Gasindustrie, der Medizin und der chemischen Industrie.<\/p>\n<p>Q3. Kann In625-Pulver geschwei\u00dft werden?<\/p>\n<p>Ja, In625-Pulver kann mit verschiedenen Techniken geschwei\u00dft werden und bietet so Flexibilit\u00e4t bei der Herstellung komplexer Strukturen.<\/p>\n<p>Q4. Hat In625-Pulver eine gute Korrosionsbest\u00e4ndigkeit?<\/p>\n<p>Auf jeden Fall! In625-Pulver weist eine hervorragende Korrosionsbest\u00e4ndigkeit auf und ist daher f\u00fcr aggressive Umgebungen bestens geeignet.<\/p>\n<p>Q5. Ist In625-Pulver f\u00fcr biomedizinische Anwendungen geeignet?<\/p>\n<p>Ja, In625-Pulver ist biokompatibel und wird h\u00e4ufig bei der Herstellung von chirurgischen Instrumenten, orthop\u00e4dischen Implantaten und Zahnprothesen verwendet.<\/p>\n<\/div>","protected":false},"excerpt":{"rendered":"<p>In625-Pulver ist eine pulverisierte Form der Nickel-Chrom-Legierung Inconel 625, die sich durch hervorragende Korrosionsbest\u00e4ndigkeit, hohe Festigkeit und hervorragende W\u00e4rmebest\u00e4ndigkeit auszeichnet. Diese Superlegierung besteht aus Nickel, Chrom, Molybd\u00e4n und Niob sowie kleineren Mengen anderer Elemente. Seine einzigartige Zusammensetzung verleiht ihm bemerkenswerte mechanische Eigenschaften und macht ihn zu einem gefragten Werkstoff in zahlreichen Branchen.<\/p>","protected":false},"featured_media":2048,"comment_status":"open","ping_status":"closed","template":"","meta":[],"product_brand":[],"product_cat":[31,33],"product_tag":[],"class_list":{"0":"post-1423","1":"product","2":"type-product","3":"status-publish","4":"has-post-thumbnail","6":"product_cat-3d-printing-metal-powder","7":"product_cat-high-temperature-alloy-powder","9":"first","10":"instock","11":"featured","12":"shipping-taxable","13":"product-type-simple"},"_links":{"self":[{"href":"https:\/\/met3dp.sg\/de\/wp-json\/wp\/v2\/product\/1423","targetHints":{"allow":["GET"]}}],"collection":[{"href":"https:\/\/met3dp.sg\/de\/wp-json\/wp\/v2\/product"}],"about":[{"href":"https:\/\/met3dp.sg\/de\/wp-json\/wp\/v2\/types\/product"}],"replies":[{"embeddable":true,"href":"https:\/\/met3dp.sg\/de\/wp-json\/wp\/v2\/comments?post=1423"}],"wp:featuredmedia":[{"embeddable":true,"href":"https:\/\/met3dp.sg\/de\/wp-json\/wp\/v2\/media\/2048"}],"wp:attachment":[{"href":"https:\/\/met3dp.sg\/de\/wp-json\/wp\/v2\/media?parent=1423"}],"wp:term":[{"taxonomy":"product_brand","embeddable":true,"href":"https:\/\/met3dp.sg\/de\/wp-json\/wp\/v2\/product_brand?post=1423"},{"taxonomy":"product_cat","embeddable":true,"href":"https:\/\/met3dp.sg\/de\/wp-json\/wp\/v2\/product_cat?post=1423"},{"taxonomy":"product_tag","embeddable":true,"href":"https:\/\/met3dp.sg\/de\/wp-json\/wp\/v2\/product_tag?post=1423"}],"curies":[{"name":"wp","href":"https:\/\/api.w.org\/{rel}","templated":true}]}}