{"id":1422,"date":"2023-09-07T02:04:46","date_gmt":"2023-09-07T02:04:46","guid":{"rendered":"https:\/\/site3.easyceotech.com\/product\/best-18ni300-powder-for-3d-printing\/"},"modified":"2023-10-20T07:09:11","modified_gmt":"2023-10-20T07:09:11","slug":"best-18ni300-powder-for-3d-printing","status":"publish","type":"product","link":"https:\/\/met3dp.sg\/de\/product\/best-18ni300-powder-for-3d-printing\/","title":{"rendered":"Bestes 18Ni300-Pulver f\u00fcr den 3D-Druck"},"content":{"rendered":"<div>\n<table>\n<tbody>\n<tr>\n<td data-sheets-value=\"{&quot;1&quot;:2,&quot;2&quot;:&quot;No&quot;}\"><strong>Nein<\/strong><\/td>\n<td data-sheets-value=\"{&quot;1&quot;:2,&quot;2&quot;:&quot;Name&quot;}\"><strong>Name<\/strong><\/td>\n<td data-sheets-value=\"{&quot;1&quot;:2,&quot;2&quot;:&quot;Chemical Composition(wt%)&quot;}\"><strong>Chemische Zusammensetzung (wt%)<\/strong><\/td>\n<\/tr>\n<tr>\n<td data-sheets-value=\"{&quot;1&quot;:3,&quot;3&quot;:1}\">1<\/td>\n<td data-sheets-value=\"{&quot;1&quot;:2,&quot;2&quot;:&quot;18Ni300&quot;}\">18Ni300<\/td>\n<td data-sheets-value=\"{&quot;1&quot;:2,&quot;2&quot;:&quot;Ni17-19\uff0cMo4.5-5.2\uff0cCo8.5-9.5\uff0cTi0.6-0.8\uff0cAl0.05-0.15\uff0cFe(Bal.)&quot;}\">Ni17-19\uff0cMo4.5-5.2\uff0cCo8.5-9.5\uff0cTi0.6-0.8\uff0cAl0.05-0.15\uff0cFe(Bal.)<\/td>\n<\/tr>\n<tr>\n<td data-sheets-value=\"{&quot;1&quot;:3,&quot;3&quot;:2}\">2<\/td>\n<td data-sheets-value=\"{&quot;1&quot;:2,&quot;2&quot;:&quot;Hastelloy Alloy&quot;}\">Hastelloy-Legierung<\/td>\n<td data-sheets-value=\"{&quot;1&quot;:2,&quot;2&quot;:&quot;Fe17-20\uff0cCr20.5-23\uff0cMo8-10\uff0cW0.2-1\uff0cCo0.5-2.5\uff0cC0.05-0.15\uff0cNi(Bal.)&quot;}\">Fe17-20\uff0cCr20.5-23\uff0cMo8-10\uff0cW0.2-1\uff0cCo0.5-2.5\uff0cC0.05-0.15\uff0cNi(Bal.)<\/td>\n<\/tr>\n<tr>\n<td data-sheets-value=\"{&quot;1&quot;:3,&quot;3&quot;:3}\">3<\/td>\n<td data-sheets-value=\"{&quot;1&quot;:2,&quot;2&quot;:&quot;AlSi10Mg&quot;}\">AlSi10Mg<\/td>\n<td data-sheets-value=\"{&quot;1&quot;:2,&quot;2&quot;:&quot;Si9-11\uff0cMg0.2-0.45\uff0cAl(Bal.)&quot;}\">Si9-11\uff0cMg0.2-0.45\uff0cAl(Bal.)<\/td>\n<\/tr>\n<tr>\n<td data-sheets-value=\"{&quot;1&quot;:3,&quot;3&quot;:4}\">4<\/td>\n<td data-sheets-value=\"{&quot;1&quot;:2,&quot;2&quot;:&quot;CoCrW&quot;}\">CoCrW<\/td>\n<td data-sheets-value=\"{&quot;1&quot;:2,&quot;2&quot;:&quot;Cr26.5-29\uff0cW7-9\uff0cSi1.2-1.9\uff0cCo(Bal.)&quot;}\">Cr26.5-29\uff0cW7-9\uff0cSi1.2-1.9\uff0cCo(Bal.)<\/td>\n<\/tr>\n<tr>\n<td data-sheets-value=\"{&quot;1&quot;:3,&quot;3&quot;:5}\">5<\/td>\n<td data-sheets-value=\"{&quot;1&quot;:2,&quot;2&quot;:&quot;Co28Cr6Mo&quot;}\">Co28Cr6Mo<\/td>\n<td data-sheets-value=\"{&quot;1&quot;:2,&quot;2&quot;:&quot;Cr27-29\uff0cMo5-7\uff0cCo(Bal.)&quot;}\">Cr27-29\uff0cMo5-7\uff0cCo(Bal.)<\/td>\n<\/tr>\n<tr>\n<td data-sheets-value=\"{&quot;1&quot;:3,&quot;3&quot;:6}\">6<\/td>\n<td data-sheets-value=\"{&quot;1&quot;:2,&quot;2&quot;:&quot;Spherical Ti Powder&quot;}\">Sph\u00e4risches Ti-Pulver<\/td>\n<td data-sheets-value=\"{&quot;1&quot;:2,&quot;2&quot;:&quot;Ti\u226599.9&quot;}\">Ti\u226599.9<\/td>\n<\/tr>\n<tr>\n<td data-sheets-value=\"{&quot;1&quot;:3,&quot;3&quot;:7}\">7<\/td>\n<td data-sheets-value=\"{&quot;1&quot;:2,&quot;2&quot;:&quot;TC4&quot;}\">TC4<\/td>\n<td data-sheets-value=\"{&quot;1&quot;:2,&quot;2&quot;:&quot;Al5.5-6.8\uff0cV3.5-4.5\uff0cTi(Bal.)&quot;}\">Al5.5-6.8\uff0cV3.5-4.5\uff0cTi(Bal.)<\/td>\n<\/tr>\n<tr>\n<td data-sheets-value=\"{&quot;1&quot;:3,&quot;3&quot;:8}\">8<\/td>\n<td data-sheets-value=\"{&quot;1&quot;:2,&quot;2&quot;:&quot;TA15&quot;}\">TA15<\/td>\n<td data-sheets-value=\"{&quot;1&quot;:2,&quot;2&quot;:&quot;Al5.5-7.1\uff0cV0.8-2.5\uff0cMo0.8-2\uff0cZr1.5-2.5\uff0cAl(Bal.)&quot;}\">Al5.5-7.1\uff0cV0.8-2.5\uff0cMo0.8-2\uff0cZr1.5-2.5\uff0cAl(Bal.)<\/td>\n<\/tr>\n<tr>\n<td data-sheets-value=\"{&quot;1&quot;:3,&quot;3&quot;:9}\">9<\/td>\n<td data-sheets-value=\"{&quot;1&quot;:2,&quot;2&quot;:&quot;316L&quot;}\">316L<\/td>\n<td data-sheets-value=\"{&quot;1&quot;:2,&quot;2&quot;:&quot;Cr16.00-18.00\uff0c Ni10.00-14.00\uff0cMo2.00-3.00\uff0cFe(Bal.)&quot;}\">Cr16.00-18.00\uff0c Ni10.00-14.00\uff0cMo2.00-3.00\uff0cFe(Bal.)<\/td>\n<\/tr>\n<tr>\n<td data-sheets-value=\"{&quot;1&quot;:3,&quot;3&quot;:10}\">10<\/td>\n<td data-sheets-value=\"{&quot;1&quot;:2,&quot;2&quot;:&quot;S136&quot;}\">S136<\/td>\n<td data-sheets-value=\"{&quot;1&quot;:2,&quot;2&quot;:&quot;Cr12.0-14.0\uff0cSi0.8-1.0\uff0cV0.15-0.4\uff0cC0.2-0.45\uff0cFe(Bal.)&quot;}\">Cr12.0-14.0\uff0cSi0.8-1.0\uff0cV0.15-0.4\uff0cC0.2-0.45\uff0cFe(Bal.)<\/td>\n<\/tr>\n<tr>\n<td data-sheets-value=\"{&quot;1&quot;:3,&quot;3&quot;:11}\">11<\/td>\n<td data-sheets-value=\"{&quot;1&quot;:2,&quot;2&quot;:&quot;In625&quot;}\">In625<\/td>\n<td data-sheets-value=\"{&quot;1&quot;:2,&quot;2&quot;:&quot;Cr20-23 , Mo8-10 , Nb 3.15-4.15 , Co\u22641, Fe\u22641 , Ni (bal.)&quot;}\">Cr20-23 , Mo8-10 , Nb 3,15-4,15 , Co\u22641, Fe\u22641 , Ni (bal.)<\/td>\n<\/tr>\n<tr>\n<td data-sheets-value=\"{&quot;1&quot;:3,&quot;3&quot;:12}\">12<\/td>\n<td data-sheets-value=\"{&quot;1&quot;:2,&quot;2&quot;:&quot;In718&quot;}\">In718<\/td>\n<td data-sheets-value=\"{&quot;1&quot;:2,&quot;2&quot;:&quot;Cr17-21 , Mo2.8-3.3 , Nb 4.75-5.5 , Co\u22641, Ni50-51 , Fe(Bal.)&quot;}\">Cr17-21 , Mo2.8-3.3 , Nb 4.75-5.5 , Co\u22641, Ni50-51 , Fe(Bal.)<\/td>\n<\/tr>\n<tr>\n<td data-sheets-value=\"{&quot;1&quot;:3,&quot;3&quot;:13}\">13<\/td>\n<td data-sheets-value=\"{&quot;1&quot;:2,&quot;2&quot;:&quot;Spherica WC&quot;}\">Spherica WC<\/td>\n<td data-sheets-value=\"{&quot;1&quot;:2,&quot;2&quot;:&quot;C3.7-4.2\uff0cW(Bal.)&quot;}\">C3.7-4.2\uff0cW(Bal.)<\/td>\n<\/tr>\n<tr>\n<td data-sheets-value=\"{&quot;1&quot;:3,&quot;3&quot;:14}\">14<\/td>\n<td data-sheets-value=\"{&quot;1&quot;:2,&quot;2&quot;:&quot;Spherical Cr Powder&quot;}\">Sph\u00e4risches Cr-Pulver<\/td>\n<td data-sheets-value=\"{&quot;1&quot;:2,&quot;2&quot;:&quot;Cr\u226599.9&quot;}\">Cr\u226599,9<\/td>\n<\/tr>\n<tr>\n<td data-sheets-value=\"{&quot;1&quot;:3,&quot;3&quot;:15}\">15<\/td>\n<td data-sheets-value=\"{&quot;1&quot;:2,&quot;2&quot;:&quot;Spherica Mo Powder&quot;}\">Spherica Mo-Pulver<\/td>\n<td data-sheets-value=\"{&quot;1&quot;:2,&quot;2&quot;:&quot;Mo\u226599.9&quot;}\">Mo\u226599.9<\/td>\n<\/tr>\n<tr>\n<td data-sheets-value=\"{&quot;1&quot;:3,&quot;3&quot;:16}\">16<\/td>\n<td data-sheets-value=\"{&quot;1&quot;:2,&quot;2&quot;:&quot;Spherica Ta Powder&quot;}\">Spherica Ta-Pulver<\/td>\n<td data-sheets-value=\"{&quot;1&quot;:2,&quot;2&quot;:&quot;Ta\u226599.9&quot;}\">Ta\u226599.9<\/td>\n<\/tr>\n<tr>\n<td data-sheets-value=\"{&quot;1&quot;:3,&quot;3&quot;:17}\">17<\/td>\n<td data-sheets-value=\"{&quot;1&quot;:2,&quot;2&quot;:&quot;Spherica W Powder&quot;}\">Spherica W Pulver<\/td>\n<td data-sheets-value=\"{&quot;1&quot;:2,&quot;2&quot;:&quot;W\u226599.9&quot;}\">W\u226599.9<\/td>\n<\/tr>\n<\/tbody>\n<\/table>\n<\/div>\n<p>&nbsp;<\/p>\n<p>18Ni300 ist ein Maraging-Stahl mit niedrigem Kohlenstoffgehalt. Seine Festigkeit, Z\u00e4higkeit und Verschlei\u00dffestigkeit sind besser als bei herk\u00f6mmlichen Stahlmaterialien, die h\u00e4ufig zur Herstellung von Teilen f\u00fcr die Automobil-, Medizin- und Maschinenindustrie verwendet werden<\/p>\n<p><strong>Produkteigenschaften<\/strong><\/p>\n<ol>\n<li>Aussehen: Graues Pulver<\/li>\n<li>Gr\u00f6\u00dfe: 15-53um<\/li>\n<li>PSD: D10 = 17,8 \u03bcm, D50 = 30,9 \u03bcm, D90 = 51,5 \u03bcm<\/li>\n<li>Hinweis: Andere 3D-Druckpulver sind je nach Kundenwunsch erh\u00e4ltlich<\/li>\n<\/ol>\n<p><img fetchpriority=\"high\" decoding=\"async\" class=\"size-medium wp-image-1391 aligncenter\" src=\"https:\/\/met3dp.sg\/wp-content\/uploads\/2023\/09\/Ti22Al25Nb-Powder-300x269.png\" alt=\"18Ni300\" width=\"300\" height=\"269\" title=\"\"><\/p>\n<p><strong>Zusammensetzung und Eigenschaften von 18Ni300-Pulver<\/strong><\/p>\n<p>18Ni300-Pulver besteht typischerweise aus etwa 18% Nickel, 14% Chrom, 4% Molybd\u00e4n und 2% Mangan. Diese Elemente wirken synergetisch, um die Gesamtleistung des Materials zu verbessern. Das Pulver zeichnet sich durch au\u00dfergew\u00f6hnliche mechanische Eigenschaften aus, darunter hohe Zugfestigkeit, hervorragende Schlagfestigkeit und hervorragende Erm\u00fcdungsfestigkeit. Dar\u00fcber hinaus weist 18Ni300-Pulver eine hervorragende Best\u00e4ndigkeit gegen Oxidation, Lochfra\u00df und Spaltkorrosion auf, wodurch es sich hervorragend f\u00fcr raue Umgebungen eignet.<\/p>\n<p><strong>Herstellungsprozess von 18Ni300-Pulver<\/strong><\/p>\n<p>Die Herstellung von 18Ni300-Pulver umfasst eine komplexe Reihe von Herstellungsschritten. Zun\u00e4chst werden die Rohstoffe sorgf\u00e4ltig ausgew\u00e4hlt und sorgf\u00e4ltig gemischt, um die gew\u00fcnschte Zusammensetzung zu erreichen. Die Mischung wird dann in einer kontrollierten Umgebung unter Verwendung fortschrittlicher metallurgischer Techniken geschmolzen. Sobald die Legierung geschmolzen ist, wird sie durch einen als Zerst\u00e4ubung bezeichneten Prozess schnell abgek\u00fchlt, um ein feines Pulver zu bilden. Das resultierende Pulver wird dann sorgf\u00e4ltig gesiebt und verarbeitet, um etwaige Verunreinigungen zu entfernen und so ein hochreines Endprodukt zu gew\u00e4hrleisten.<\/p>\n<p><strong>Anwendungen von 18Ni300-Pulver<\/strong><\/p>\n<p>Die Vielseitigkeit von 18Ni300-Pulver erm\u00f6glicht seinen Einsatz in verschiedenen Branchen. Hier sind einige prominente Anwendungen:<\/p>\n<ol>\n<li>Luft- und Raumfahrtindustrie: Die Luft- und Raumfahrtindustrie ist stark auf Hochleistungsmaterialien angewiesen, und 18Ni300-Pulver ist genau das Richtige f\u00fcr Sie. Aufgrund seines au\u00dfergew\u00f6hnlichen Verh\u00e4ltnisses von Festigkeit zu Gewicht und seiner Best\u00e4ndigkeit gegen hohe Temperaturen wird es bei der Herstellung von Flugzeugkomponenten, einschlie\u00dflich Triebwerksteilen, Fahrwerken und Strukturelementen, eingesetzt.<\/li>\n<li>\u00d6l- und Gasindustrie: Im anspruchsvollen \u00d6l- und Gassektor wird 18Ni300-Pulver h\u00e4ufig zur Herstellung von Ventilen, Pumpen und Rohrleitungen eingesetzt. Aufgrund seiner hervorragenden Korrosionsbest\u00e4ndigkeit eignet es sich hervorragend f\u00fcr den Umgang mit korrosiven Fl\u00fcssigkeiten und Gasen und gew\u00e4hrleistet eine zuverl\u00e4ssige und langlebige Ausr\u00fcstung.<\/li>\n<li>Chemische Industrie: Chemische Verarbeitungsanlagen arbeiten h\u00e4ufig mit aggressiven Chemikalien und korrosiven Umgebungen. 18Ni300-Pulver findet aufgrund seiner F\u00e4higkeit, rauen chemischen Bedingungen standzuhalten, Anwendung bei der Herstellung chemischer Reaktoren, W\u00e4rmetauscher und Lagertanks.<\/li>\n<li>Energieerzeugung: Kraftwerke ben\u00f6tigen Materialien, die hohen Temperaturen und Dr\u00fccken standhalten. 18Ni300-Pulver wird beim Bau von Gas- und Dampfturbinen, Kesseln und W\u00e4rmer\u00fcckgewinnungssystemen verwendet und sorgt f\u00fcr eine verbesserte Effizienz und Haltbarkeit.<\/li>\n<\/ol>\n<p><strong>Schlussfolgerung<\/strong><\/p>\n<p>Zusammenfassend l\u00e4sst sich sagen, dass die Einf\u00fchrung von 18Ni300-Pulver die Fertigungsindustrie erheblich ver\u00e4ndert hat. Seine au\u00dfergew\u00f6hnliche Zusammensetzung, seine mechanischen Eigenschaften und seine Korrosionsbest\u00e4ndigkeit machen es zu einem gefragten Material f\u00fcr ein breites Anwendungsspektrum. Von der Luft- und Raumfahrt bis zur \u00d6l- und Gasindustrie, von der Chemie bis zur Energieerzeugung bew\u00e4hrt sich diese Hochleistungslegierung in den unterschiedlichsten Branchen. W\u00e4hrend sich die Fertigungsindustrie weiterentwickelt, werden die Fortschritte und das Potenzial von 18Ni300-Pulver wahrscheinlich die Zukunft der Materialtechnik pr\u00e4gen.<\/p>\n<p><strong>H\u00e4ufig gestellte Fragen<\/strong><\/p>\n<p><strong>1. Welche Bedeutung hat 18Ni300-Pulver in der Fertigungsindustrie?<\/strong>\u00a018Ni300-Pulver bietet au\u00dfergew\u00f6hnliche Festigkeit, Haltbarkeit und Korrosionsbest\u00e4ndigkeit und ist daher f\u00fcr verschiedene industrielle Anwendungen, einschlie\u00dflich Luft- und Raumfahrt, \u00d6l und Gas, Chemie und Energieerzeugung, \u00e4u\u00dferst wertvoll.<\/p>\n<p><strong>2. Wie wird 18Ni300-Pulver hergestellt?<\/strong>\u00a0Der Produktionsprozess umfasst die sorgf\u00e4ltige Auswahl und Mischung der Rohstoffe, das Schmelzen der Mischung, das Zerst\u00e4uben zu einem feinen Pulver und das anschlie\u00dfende Sieben und Verarbeiten, um Verunreinigungen zu entfernen.<\/p>\n<p><strong>3. Was sind die Haupteigenschaften von 18Ni300-Pulver?<\/strong>\u00a018Ni300-Pulver verf\u00fcgt \u00fcber eine hohe Zugfestigkeit, Schlagfestigkeit, Erm\u00fcdungsfestigkeit und eine ausgezeichnete Best\u00e4ndigkeit gegen Oxidation, Lochfra\u00df und Spaltkorrosion.<\/p>\n<p><strong>4. Welche Branchen profitieren von der Verwendung von 18Ni300-Pulver?<\/strong>\u00a0Branchen wie Luft- und Raumfahrt, \u00d6l und Gas, Chemie und Energieerzeugung nutzen 18Ni300-Pulver aufgrund seiner au\u00dfergew\u00f6hnlichen Eigenschaften und Korrosionsbest\u00e4ndigkeit in ihren jeweiligen Anwendungen in gro\u00dfem Umfang.<\/p>\n<p><strong>5. Wie tr\u00e4gt 18Ni300-Pulver zur Entwicklung nachhaltiger Herstellungspraktiken bei?<\/strong>\u00a0Durch die Bereitstellung von Haltbarkeit, Korrosionsbest\u00e4ndigkeit und verbesserter Leistung erm\u00f6glicht 18Ni300-Pulver die Herstellung langlebiger, zuverl\u00e4ssiger Ger\u00e4te, reduziert die Notwendigkeit h\u00e4ufiger Austausche und f\u00f6rdert die Nachhaltigkeit in Herstellungsprozessen.<\/p>","protected":false},"excerpt":{"rendered":"<p>18Ni300-Pulver ist eine Hochleistungslegierung, die haupts\u00e4chlich aus Nickel (Ni) und einer ausgewogenen Mischung aus anderen Elementen wie Chrom (Cr), Molybd\u00e4n (Mo) und Mangan (Mn) besteht. Diese Legierung verf\u00fcgt \u00fcber eine ausgezeichnete Festigkeit, Haltbarkeit und Korrosionsbest\u00e4ndigkeit und ist damit eine ideale Wahl f\u00fcr verschiedene Industriezweige.<\/p>","protected":false},"featured_media":2151,"comment_status":"open","ping_status":"closed","template":"","meta":[],"product_brand":[],"product_cat":[31,38],"product_tag":[],"class_list":{"0":"post-1422","1":"product","2":"type-product","3":"status-publish","4":"has-post-thumbnail","6":"product_cat-3d-printing-metal-powder","7":"product_cat-iron-based-alloy-powder","9":"first","10":"instock","11":"shipping-taxable","12":"product-type-simple"},"_links":{"self":[{"href":"https:\/\/met3dp.sg\/de\/wp-json\/wp\/v2\/product\/1422","targetHints":{"allow":["GET"]}}],"collection":[{"href":"https:\/\/met3dp.sg\/de\/wp-json\/wp\/v2\/product"}],"about":[{"href":"https:\/\/met3dp.sg\/de\/wp-json\/wp\/v2\/types\/product"}],"replies":[{"embeddable":true,"href":"https:\/\/met3dp.sg\/de\/wp-json\/wp\/v2\/comments?post=1422"}],"wp:featuredmedia":[{"embeddable":true,"href":"https:\/\/met3dp.sg\/de\/wp-json\/wp\/v2\/media\/2151"}],"wp:attachment":[{"href":"https:\/\/met3dp.sg\/de\/wp-json\/wp\/v2\/media?parent=1422"}],"wp:term":[{"taxonomy":"product_brand","embeddable":true,"href":"https:\/\/met3dp.sg\/de\/wp-json\/wp\/v2\/product_brand?post=1422"},{"taxonomy":"product_cat","embeddable":true,"href":"https:\/\/met3dp.sg\/de\/wp-json\/wp\/v2\/product_cat?post=1422"},{"taxonomy":"product_tag","embeddable":true,"href":"https:\/\/met3dp.sg\/de\/wp-json\/wp\/v2\/product_tag?post=1422"}],"curies":[{"name":"wp","href":"https:\/\/api.w.org\/{rel}","templated":true}]}}