{"id":1420,"date":"2023-09-07T02:04:46","date_gmt":"2023-09-07T02:04:46","guid":{"rendered":"https:\/\/site3.easyceotech.com\/product\/h13-alloy-steel-powder-for-3d-printing\/"},"modified":"2023-10-20T07:08:00","modified_gmt":"2023-10-20T07:08:00","slug":"h13-alloy-steel-powder-for-3d-printing","status":"publish","type":"product","link":"https:\/\/met3dp.sg\/de\/product\/h13-alloy-steel-powder-for-3d-printing\/","title":{"rendered":"H13 legiertes Stahlpulver f\u00fcr 3D-Druck"},"content":{"rendered":"<p>Unser mit Stickstoff zerst\u00e4ubtes H13-Legierungsstahlpulver weist eine gute H\u00e4rtbarkeit, thermische Festigkeit, Verschlei\u00dffestigkeit und hohe Schlagz\u00e4higkeit sowie thermische Erm\u00fcdung auf und wird h\u00e4ufig bei der Herstellung von Warmarbeitsformen verwendet. Verschlei\u00df ist eine der Hauptfehlerursachen bei Warmbearbeitungswerkzeugen aus H13-Stahl. Die Verbesserung der Oberfl\u00e4chenverschlei\u00dffestigkeit von H13-Stahl ist eine wirksame M\u00f6glichkeit, die Lebensdauer der Matrize zu verl\u00e4ngern. In dieser Arbeit wurden die Prozessparameter und Mikrostruktureigenschaften einer Hartmetallbeschichtung untersucht, die durch Vakuum-Pulversintern auf H13-Stahl hergestellt wurde.<\/p>\n<p>Die H13-Stahlmatrix wurde durch Laser-Additive-Fertigungstechnologie hergestellt und die Ni\/WC-Verbundbeschichtung wurde durch Laserauftragschwei\u00dfen aufgetragen. Die H\u00e4rte der Beschichtung war um 16% h\u00f6her als die der Matrix und die Verschlei\u00dffestigkeit der Beschichtung war doppelt so hoch wie die der Matrix. Der Verschlei\u00dfmechanismus von additiv gefertigtem H13-Stahl ist Adh\u00e4sionsverschlei\u00df und leichter Oxidationsverschlei\u00df, und der Verschlei\u00dfmechanismus der Beschichtung ist abrasiver Verschlei\u00df.<\/p>\n<p><strong>Produkt\u00a0<\/strong><strong>Spezifikation<\/strong><\/p>\n<div>\n<table>\n<tbody>\n<tr>\n<td data-sheets-value=\"{&quot;1&quot;:2,&quot;2&quot;:&quot;Component&quot;}\"><strong>Komponente<\/strong><\/td>\n<td data-sheets-value=\"{&quot;1&quot;:2,&quot;2&quot;:&quot;Cr&quot;}\"><strong>Cr<\/strong><\/td>\n<td data-sheets-value=\"{&quot;1&quot;:2,&quot;2&quot;:&quot;Si&quot;}\"><strong>Si<\/strong><\/td>\n<td data-sheets-value=\"{&quot;1&quot;:2,&quot;2&quot;:&quot;Mo&quot;}\"><strong>Mo<\/strong><\/td>\n<td data-sheets-value=\"{&quot;1&quot;:2,&quot;2&quot;:&quot;Mn&quot;}\"><strong>Mn<\/strong><\/td>\n<td data-sheets-value=\"{&quot;1&quot;:2,&quot;2&quot;:&quot;C&quot;}\"><strong>C<\/strong><\/td>\n<td data-sheets-value=\"{&quot;1&quot;:2,&quot;2&quot;:&quot;V&quot;}\"><strong>V<\/strong><\/td>\n<\/tr>\n<tr>\n<td data-sheets-value=\"{&quot;1&quot;:2,&quot;2&quot;:&quot;Standard %&quot;}\">Standard %<\/td>\n<td data-sheets-value=\"{&quot;1&quot;:2,&quot;2&quot;:&quot;4.75-5.5&quot;}\">4.75-5.5<\/td>\n<td data-sheets-value=\"{&quot;1&quot;:2,&quot;2&quot;:&quot;0.80-1.2&quot;}\">0.80-1.2<\/td>\n<td data-sheets-value=\"{&quot;1&quot;:2,&quot;2&quot;:&quot;1.10-1.50&quot;}\">1.10-1.50<\/td>\n<td data-sheets-value=\"{&quot;1&quot;:2,&quot;2&quot;:&quot;0.20-0.50&quot;}\">0.20-0.50<\/td>\n<td data-sheets-value=\"{&quot;1&quot;:2,&quot;2&quot;:&quot;0.32-0.45&quot;}\">0.32-0.45<\/td>\n<td data-sheets-value=\"{&quot;1&quot;:2,&quot;2&quot;:&quot;0.8-1.2&quot;}\">0.8-1.2<\/td>\n<\/tr>\n<tr>\n<td data-sheets-value=\"{&quot;1&quot;:2,&quot;2&quot;:&quot;Test%&quot;}\">Test%<\/td>\n<td data-sheets-value=\"{&quot;1&quot;:3,&quot;3&quot;:5.28}\">5.28<\/td>\n<td data-sheets-value=\"{&quot;1&quot;:3,&quot;3&quot;:0.96}\">0.96<\/td>\n<td data-sheets-value=\"{&quot;1&quot;:3,&quot;3&quot;:1.29}\">1.29<\/td>\n<td data-sheets-value=\"{&quot;1&quot;:3,&quot;3&quot;:0.39}\">0.39<\/td>\n<td data-sheets-value=\"{&quot;1&quot;:3,&quot;3&quot;:0.368}\">0.368<\/td>\n<td data-sheets-value=\"{&quot;1&quot;:3,&quot;3&quot;:1.07}\">1.07<\/td>\n<\/tr>\n<tr>\n<td data-sheets-value=\"{&quot;1&quot;:2,&quot;2&quot;:&quot;Component&quot;}\"><strong>Komponente<\/strong><\/td>\n<td data-sheets-value=\"{&quot;1&quot;:2,&quot;2&quot;:&quot;O&quot;}\"><strong>O<\/strong><\/td>\n<td data-sheets-value=\"{&quot;1&quot;:2,&quot;2&quot;:&quot;S&quot;}\"><strong>S<\/strong><\/td>\n<td data-sheets-value=\"{&quot;1&quot;:2,&quot;2&quot;:&quot;P&quot;}\"><strong>P<\/strong><\/td>\n<td data-sheets-value=\"{&quot;1&quot;:2,&quot;2&quot;:&quot;Fe&quot;}\"><strong>Fe<\/strong><\/td>\n<td><\/td>\n<td><\/td>\n<\/tr>\n<tr>\n<td data-sheets-value=\"{&quot;1&quot;:2,&quot;2&quot;:&quot;Standard %&quot;}\">Standard %<\/td>\n<td data-sheets-value=\"{&quot;1&quot;:2,&quot;2&quot;:&quot;\u2212&quot;}\">\u2212<\/td>\n<td data-sheets-value=\"{&quot;1&quot;:2,&quot;2&quot;:&quot;\u2212&quot;}\">\u2212<\/td>\n<td data-sheets-value=\"{&quot;1&quot;:2,&quot;2&quot;:&quot;\u2212&quot;}\">\u2212<\/td>\n<td data-sheets-value=\"{&quot;1&quot;:2,&quot;2&quot;:&quot;Bal.&quot;}\">Bal.<\/td>\n<td><\/td>\n<td><\/td>\n<\/tr>\n<tr>\n<td data-sheets-value=\"{&quot;1&quot;:2,&quot;2&quot;:&quot;Test%&quot;}\">Test%<\/td>\n<td data-sheets-value=\"{&quot;1&quot;:3,&quot;3&quot;:0.035}\">0.035<\/td>\n<td data-sheets-value=\"{&quot;1&quot;:3,&quot;3&quot;:0.004}\">0.004<\/td>\n<td data-sheets-value=\"{&quot;1&quot;:3,&quot;3&quot;:0.01}\">0.01<\/td>\n<td data-sheets-value=\"{&quot;1&quot;:2,&quot;2&quot;:&quot;Bal.&quot;}\">Bal.<\/td>\n<td><\/td>\n<td><\/td>\n<\/tr>\n<\/tbody>\n<\/table>\n<\/div>\n<p>&nbsp;<\/p>\n<p><strong>Produkteigenschaften<\/strong><\/p>\n<ol>\n<li>Aussehen: Graues kugelf\u00f6rmiges oder fast kugelf\u00f6rmiges Pulver<\/li>\n<li>Klopfdichte: 4,46 g\/m3<\/li>\n<li>Scheinbare Dichte: 4,01 g\/m3<\/li>\n<li>Flie\u00dff\u00e4higkeit: 27,22 s\/50 g<\/li>\n<li>Gr\u00f6\u00dfe: 15-53um<\/li>\n<li>PSD: D10 = 16,58 \u03bcm, D50 = 29,73 \u03bcm, D90 = 53,26 \u03bcm<\/li>\n<\/ol>\n<div>\n<table>\n<tbody>\n<tr>\n<td colspan=\"1\" rowspan=\"2\" data-sheets-value=\"{&quot;1&quot;:2,&quot;2&quot;:&quot;Size (um)&quot;}\">\n<div><strong>Gr\u00f6\u00dfe (um)<\/strong><\/div>\n<\/td>\n<td colspan=\"1\" rowspan=\"2\" data-sheets-value=\"{&quot;1&quot;:2,&quot;2&quot;:&quot;Tapping Density (g\/cm\u00b3)&quot;}\">\n<div><strong>Klopfdichte (g\/cm\u00b3)<\/strong><\/div>\n<\/td>\n<td colspan=\"1\" rowspan=\"2\" data-sheets-value=\"{&quot;1&quot;:2,&quot;2&quot;:&quot;Flowability (s\/50g)&quot;}\">\n<div><strong>Flie\u00dff\u00e4higkeit (s\/50g)<\/strong><\/div>\n<\/td>\n<td colspan=\"3\" rowspan=\"1\" data-sheets-value=\"{&quot;1&quot;:2,&quot;2&quot;:&quot;PSD(um)&quot;}\"><strong>PSD (\u00e4hm<\/strong>)<\/td>\n<\/tr>\n<tr>\n<td data-sheets-value=\"{&quot;1&quot;:2,&quot;2&quot;:&quot;D10&quot;}\">D10<\/td>\n<td data-sheets-value=\"{&quot;1&quot;:2,&quot;2&quot;:&quot;D50&quot;}\">D50<\/td>\n<td data-sheets-value=\"{&quot;1&quot;:2,&quot;2&quot;:&quot;D90&quot;}\">D90<\/td>\n<\/tr>\n<tr>\n<td data-sheets-value=\"{&quot;1&quot;:2,&quot;2&quot;:&quot;15-45um&quot;}\">15-45um<\/td>\n<td data-sheets-value=\"{&quot;1&quot;:2,&quot;2&quot;:&quot;4.4-4.8&quot;}\">4.4-4.8<\/td>\n<td data-sheets-value=\"{&quot;1&quot;:2,&quot;2&quot;:&quot;\u226430&quot;}\">\u226430<\/td>\n<td data-sheets-value=\"{&quot;1&quot;:2,&quot;2&quot;:&quot;20-24&quot;}\">20-24<\/td>\n<td data-sheets-value=\"{&quot;1&quot;:2,&quot;2&quot;:&quot;30-35&quot;}\">30-35<\/td>\n<td data-sheets-value=\"{&quot;1&quot;:2,&quot;2&quot;:&quot;50-55&quot;}\">50-55<\/td>\n<\/tr>\n<tr>\n<td data-sheets-value=\"{&quot;1&quot;:2,&quot;2&quot;:&quot;15-53um&quot;}\">15-53um<\/td>\n<td data-sheets-value=\"{&quot;1&quot;:2,&quot;2&quot;:&quot;4.4-4.9&quot;}\">4.4-4.9<\/td>\n<td data-sheets-value=\"{&quot;1&quot;:2,&quot;2&quot;:&quot;\u226430&quot;}\">\u226430<\/td>\n<td data-sheets-value=\"{&quot;1&quot;:2,&quot;2&quot;:&quot;21-26&quot;}\">21-26<\/td>\n<td data-sheets-value=\"{&quot;1&quot;:2,&quot;2&quot;:&quot;33-39&quot;}\">33-39<\/td>\n<td data-sheets-value=\"{&quot;1&quot;:2,&quot;2&quot;:&quot;52-58&quot;}\">52-58<\/td>\n<\/tr>\n<tr>\n<td data-sheets-value=\"{&quot;1&quot;:2,&quot;2&quot;:&quot;45-120um&quot;}\">45-120 um<\/td>\n<td data-sheets-value=\"{&quot;1&quot;:2,&quot;2&quot;:&quot;4.4-4.8&quot;}\">4.4-4.8<\/td>\n<td data-sheets-value=\"{&quot;1&quot;:2,&quot;2&quot;:&quot;\u226430&quot;}\">\u226430<\/td>\n<td data-sheets-value=\"{&quot;1&quot;:2,&quot;2&quot;:&quot;53-57&quot;}\">53-57<\/td>\n<td data-sheets-value=\"{&quot;1&quot;:2,&quot;2&quot;:&quot;89-93&quot;}\">89-93<\/td>\n<td data-sheets-value=\"{&quot;1&quot;:2,&quot;2&quot;:&quot;144-152&quot;}\">144-152<\/td>\n<\/tr>\n<\/tbody>\n<\/table>\n<\/div>\n<p>&nbsp;<\/p>\n<p><strong>Anmeldung<\/strong><\/p>\n<p>3D-gedrucktes H13-Legierungsstahlpulver wird h\u00e4ufig in der Schmuck-, Bau-, Automobil-, Luft- und Raumfahrt-, Dental- und Medizinindustrie eingesetzt.<\/p>\n<p><strong>Prozess der Pulverisierung:<\/strong><\/p>\n<p>Dosierung der Legierungsbestandteile, Schmelzen im Zwischenfrequenz-Induktionsofen, Ausgie\u00dfen der Metalll\u00f6sung aus dem Beutel, Zerst\u00e4ubung, Sammlung von Stahlpulver, Detektion, Siebung, Mischen, Wiegen, Verpacken aus dem Lager.<img fetchpriority=\"high\" decoding=\"async\" class=\"aligncenter size-full wp-image-24\" src=\"https:\/\/am-powder.com\/wp-content\/uploads\/2022\/07\/20220228115711b66ca.webp\" alt=\"\" width=\"754\" height=\"690\" title=\"\"><\/p>","protected":false},"excerpt":{"rendered":"<p>Unsere Stickstoff zerst\u00e4ubt H13 Stahlpulver hat eine gute H\u00e4rtbarkeit, thermische Festigkeit, Verschlei\u00dffestigkeit und hohe Schlagz\u00e4higkeit, thermische Erm\u00fcdung, weit verbreitet in der Herstellung von Hei\u00dfarbeitsformen verwendet.Verschlei\u00df ist eine der wichtigsten Ausfallarten von H13 Stahl Hei\u00dfarbeitsformen. Die Verbesserung der Oberfl\u00e4che Verschlei\u00dffestigkeit von H13 Stahl ist ein wirksamer Weg, um die Lebensdauer der sterben.<\/p>","protected":false},"featured_media":2158,"comment_status":"open","ping_status":"closed","template":"","meta":[],"product_brand":[],"product_cat":[31,38],"product_tag":[],"class_list":{"0":"post-1420","1":"product","2":"type-product","3":"status-publish","4":"has-post-thumbnail","6":"product_cat-3d-printing-metal-powder","7":"product_cat-iron-based-alloy-powder","9":"first","10":"instock","11":"shipping-taxable","12":"product-type-simple"},"_links":{"self":[{"href":"https:\/\/met3dp.sg\/de\/wp-json\/wp\/v2\/product\/1420","targetHints":{"allow":["GET"]}}],"collection":[{"href":"https:\/\/met3dp.sg\/de\/wp-json\/wp\/v2\/product"}],"about":[{"href":"https:\/\/met3dp.sg\/de\/wp-json\/wp\/v2\/types\/product"}],"replies":[{"embeddable":true,"href":"https:\/\/met3dp.sg\/de\/wp-json\/wp\/v2\/comments?post=1420"}],"wp:featuredmedia":[{"embeddable":true,"href":"https:\/\/met3dp.sg\/de\/wp-json\/wp\/v2\/media\/2158"}],"wp:attachment":[{"href":"https:\/\/met3dp.sg\/de\/wp-json\/wp\/v2\/media?parent=1420"}],"wp:term":[{"taxonomy":"product_brand","embeddable":true,"href":"https:\/\/met3dp.sg\/de\/wp-json\/wp\/v2\/product_brand?post=1420"},{"taxonomy":"product_cat","embeddable":true,"href":"https:\/\/met3dp.sg\/de\/wp-json\/wp\/v2\/product_cat?post=1420"},{"taxonomy":"product_tag","embeddable":true,"href":"https:\/\/met3dp.sg\/de\/wp-json\/wp\/v2\/product_tag?post=1420"}],"curies":[{"name":"wp","href":"https:\/\/api.w.org\/{rel}","templated":true}]}}