{"id":1418,"date":"2023-09-07T02:04:46","date_gmt":"2023-09-07T02:04:46","guid":{"rendered":"https:\/\/site3.easyceotech.com\/product\/ti-6al-4v-titanium-alloy-powder\/"},"modified":"2023-10-20T07:06:53","modified_gmt":"2023-10-20T07:06:53","slug":"ti-6al-4v-titanium-alloy-powder","status":"publish","type":"product","link":"https:\/\/met3dp.sg\/de\/product\/ti-6al-4v-titanium-alloy-powder\/","title":{"rendered":"Ti-6Al-4V Titanlegierungspulver"},"content":{"rendered":"<p>Reintitanpulver mit niedrigem Sauerstoffgehalt ist die Grundlage der pulvermetallurgischen Titanproduktion und eines der f\u00fchrenden Produkte des Unternehmens. Derzeit ist das Unternehmen durch HDH-Prozess und Sauerstoff-Kontroll-Technologie, die Produktion von High-End-ultra-feine Low-Sauerstoff reines Titan-Legierung Pulver in der international f\u00fchrenden Position in den Indikatoren, mit den Merkmalen der ultrafeinen Pulvergr\u00f6\u00dfe, ultra-niedrigen Sauerstoffgehalt, geringe Verunreinigungen, um die gro\u00df angelegte Produktion von High-End-Low-Sauerstoff reines Titan Pulver zu erreichen. Es kann eine Vielzahl von Titanpulverprodukten herstellen, wie 150\u03bcm, 75\u03bcm, 45\u03bcm, 10\u03bcm, 3\u03bcm und so weiter, mit einem um 50% reduzierten Sauerstoffgehalt im Vergleich zu herk\u00f6mmlichen kommerziellen Produkten. Das von dem Unternehmen hergestellte hochwertige ultrafeine Reintitanpulver mit niedrigem Sauerstoffgehalt wurde als qualifizierter Lieferant von Titanpulver in Chinas erstem nuklearchemischen Projekt aufgef\u00fchrt. Gegenw\u00e4rtig betr\u00e4gt der Anteil unseres hochwertigen sauerstoffarmen Reintitanpulvers am Inlandsmarkt mehr als 70%.<\/p>\n<p><strong>Produkt\u00a0<\/strong><strong>Spezifikation<\/strong><\/p>\n<div>\n<table>\n<tbody>\n<tr>\n<td data-sheets-value=\"{&quot;1&quot;:2,&quot;2&quot;:&quot;Pure titanium powder&quot;}\"><strong>Reines Titanpulver<\/strong><\/td>\n<td data-sheets-value=\"{&quot;1&quot;:2,&quot;2&quot;:&quot;Mesh&quot;}\"><strong>Masche<\/strong><\/td>\n<td data-sheets-value=\"{&quot;1&quot;:2,&quot;2&quot;:&quot;Particle size\u2264&quot;}\"><strong>Partikelgr\u00f6\u00dfe\u2264<\/strong><\/td>\n<td data-sheets-value=\"{&quot;1&quot;:2,&quot;2&quot;:&quot;PSD&quot;}\"><strong>PSD<\/strong><\/td>\n<td colspan=\"10\" rowspan=\"1\" data-sheets-value=\"{&quot;1&quot;:2,&quot;2&quot;:&quot;Element\uff08%\uff09\uff1c&quot;}\"><strong>Element\uff08%\uff09\uff1c<\/strong><\/td>\n<\/tr>\n<tr>\n<td data-sheets-value=\"{&quot;1&quot;:2,&quot;2&quot;:&quot;D10&quot;}\">D10<\/td>\n<td data-sheets-value=\"{&quot;1&quot;:2,&quot;2&quot;:&quot;D50&quot;}\">D50<\/td>\n<td data-sheets-value=\"{&quot;1&quot;:2,&quot;2&quot;:&quot;D90&quot;}\">D90<\/td>\n<td data-sheets-value=\"{&quot;1&quot;:2,&quot;2&quot;:&quot;Fe&quot;}\">Fe<\/td>\n<td data-sheets-value=\"{&quot;1&quot;:2,&quot;2&quot;:&quot;Cl&quot;}\">Cl<\/td>\n<td data-sheets-value=\"{&quot;1&quot;:2,&quot;2&quot;:&quot;Mg&quot;}\">Mg<\/td>\n<td data-sheets-value=\"{&quot;1&quot;:2,&quot;2&quot;:&quot;Mn&quot;}\">Mn<\/td>\n<td data-sheets-value=\"{&quot;1&quot;:2,&quot;2&quot;:&quot;Si&quot;}\">Si<\/td>\n<td data-sheets-value=\"{&quot;1&quot;:2,&quot;2&quot;:&quot;C&quot;}\">C<\/td>\n<td data-sheets-value=\"{&quot;1&quot;:2,&quot;2&quot;:&quot;N&quot;}\">N<\/td>\n<td data-sheets-value=\"{&quot;1&quot;:2,&quot;2&quot;:&quot;H&quot;}\">H<\/td>\n<td data-sheets-value=\"{&quot;1&quot;:2,&quot;2&quot;:&quot;O&quot;}\">O<\/td>\n<td><\/td>\n<td><\/td>\n<\/tr>\n<tr>\n<td data-sheets-value=\"{&quot;1&quot;:2,&quot;2&quot;:&quot;-100mesh&quot;}\">-100mesh<\/td>\n<td data-sheets-value=\"{&quot;1&quot;:2,&quot;2&quot;:&quot;150\u03bcm&quot;}\">150\u03bcm<\/td>\n<td data-sheets-value=\"{&quot;1&quot;:2,&quot;2&quot;:&quot;45-50&quot;}\">45-50<\/td>\n<td data-sheets-value=\"{&quot;1&quot;:2,&quot;2&quot;:&quot;90-95&quot;}\">90-95<\/td>\n<td data-sheets-value=\"{&quot;1&quot;:2,&quot;2&quot;:&quot;135-140&quot;}\">135-140<\/td>\n<td data-sheets-value=\"{&quot;1&quot;:3,&quot;3&quot;:0.03}\">0.03<\/td>\n<td data-sheets-value=\"{&quot;1&quot;:3,&quot;3&quot;:0.02}\">0.02<\/td>\n<td data-sheets-value=\"{&quot;1&quot;:3,&quot;3&quot;:0.01}\">0.01<\/td>\n<td data-sheets-value=\"{&quot;1&quot;:3,&quot;3&quot;:0.01}\">0.01<\/td>\n<td data-sheets-value=\"{&quot;1&quot;:3,&quot;3&quot;:0.01}\">0.01<\/td>\n<td data-sheets-value=\"{&quot;1&quot;:3,&quot;3&quot;:0.03}\">0.03<\/td>\n<td data-sheets-value=\"{&quot;1&quot;:3,&quot;3&quot;:0.03}\">0.03<\/td>\n<td data-sheets-value=\"{&quot;1&quot;:3,&quot;3&quot;:0.03}\">0.03<\/td>\n<td data-sheets-value=\"{&quot;1&quot;:3,&quot;3&quot;:0.13}\">0.13<\/td>\n<\/tr>\n<tr>\n<td data-sheets-value=\"{&quot;1&quot;:2,&quot;2&quot;:&quot;-200mesh&quot;}\">-200mesh<\/td>\n<td data-sheets-value=\"{&quot;1&quot;:2,&quot;2&quot;:&quot;75\u03bcm&quot;}\">75\u03bcm<\/td>\n<td data-sheets-value=\"{&quot;1&quot;:2,&quot;2&quot;:&quot;18-23&quot;}\">18-23<\/td>\n<td data-sheets-value=\"{&quot;1&quot;:2,&quot;2&quot;:&quot;38-45&quot;}\">38-45<\/td>\n<td data-sheets-value=\"{&quot;1&quot;:2,&quot;2&quot;:&quot;65-70&quot;}\">65-70<\/td>\n<td data-sheets-value=\"{&quot;1&quot;:3,&quot;3&quot;:0.03}\">0.03<\/td>\n<td data-sheets-value=\"{&quot;1&quot;:3,&quot;3&quot;:0.02}\">0.02<\/td>\n<td data-sheets-value=\"{&quot;1&quot;:3,&quot;3&quot;:0.01}\">0.01<\/td>\n<td data-sheets-value=\"{&quot;1&quot;:3,&quot;3&quot;:0.01}\">0.01<\/td>\n<td data-sheets-value=\"{&quot;1&quot;:3,&quot;3&quot;:0.01}\">0.01<\/td>\n<td data-sheets-value=\"{&quot;1&quot;:3,&quot;3&quot;:0.03}\">0.03<\/td>\n<td data-sheets-value=\"{&quot;1&quot;:3,&quot;3&quot;:0.03}\">0.03<\/td>\n<td data-sheets-value=\"{&quot;1&quot;:3,&quot;3&quot;:0.03}\">0.03<\/td>\n<td data-sheets-value=\"{&quot;1&quot;:3,&quot;3&quot;:0.16}\">0.16<\/td>\n<\/tr>\n<tr>\n<td data-sheets-value=\"{&quot;1&quot;:2,&quot;2&quot;:&quot;-325mesh&quot;}\">-325mesh<\/td>\n<td data-sheets-value=\"{&quot;1&quot;:2,&quot;2&quot;:&quot;45\u03bcm&quot;}\">45\u03bcm<\/td>\n<td data-sheets-value=\"{&quot;1&quot;:3,&quot;3&quot;:44849}\" data-sheets-numberformat=\"{&quot;1&quot;:5,&quot;2&quot;:&quot;m-d&quot;,&quot;3&quot;:1}\">10-15<\/td>\n<td data-sheets-value=\"{&quot;1&quot;:2,&quot;2&quot;:&quot;26-31&quot;}\">26-31<\/td>\n<td data-sheets-value=\"{&quot;1&quot;:2,&quot;2&quot;:&quot;46-51&quot;}\">46-51<\/td>\n<td data-sheets-value=\"{&quot;1&quot;:3,&quot;3&quot;:0.03}\">0.03<\/td>\n<td data-sheets-value=\"{&quot;1&quot;:3,&quot;3&quot;:0.02}\">0.02<\/td>\n<td data-sheets-value=\"{&quot;1&quot;:3,&quot;3&quot;:0.01}\">0.01<\/td>\n<td data-sheets-value=\"{&quot;1&quot;:3,&quot;3&quot;:0.01}\">0.01<\/td>\n<td data-sheets-value=\"{&quot;1&quot;:3,&quot;3&quot;:0.01}\">0.01<\/td>\n<td data-sheets-value=\"{&quot;1&quot;:3,&quot;3&quot;:0.03}\">0.03<\/td>\n<td data-sheets-value=\"{&quot;1&quot;:3,&quot;3&quot;:0.03}\">0.03<\/td>\n<td data-sheets-value=\"{&quot;1&quot;:3,&quot;3&quot;:0.03}\">0.03<\/td>\n<td data-sheets-value=\"{&quot;1&quot;:3,&quot;3&quot;:0.2}\">0.2<\/td>\n<\/tr>\n<\/tbody>\n<\/table>\n<\/div>\n<p>&nbsp;<\/p>\n<p>* Bemerkung: Unterst\u00fctzung nach Kundenwunsch<\/p>\n<p><strong>P<\/strong><strong>Produktmerkmale<\/strong><\/p>\n<ol>\n<li>Das Pulver hat einen hohen Reinheitsgrad und wenig Sauerstoff.<\/li>\n<li>Ultrafeine Pulverpartikelgr\u00f6\u00dfe.<\/li>\n<li>Massenproduktion von Produkten mit 150\u03bcm, 75\u03bcm, 45\u03bcm, 10\u03bcm, 3\u03bcm und anderen Partikelgr\u00f6\u00dfen<\/li>\n<li>Hydrid-Dehydrierung (HDH-Verfahren)<\/li>\n<li>Monatliche Produktion von 35 Tonnen, Jahresproduktion von 420 Tonnen.<\/li>\n<\/ol>\n<p><img fetchpriority=\"high\" decoding=\"async\" class=\"size-medium wp-image-1378 aligncenter\" src=\"https:\/\/met3dp.sg\/wp-content\/uploads\/2023\/09\/GA-Al-7075-300x233.png\" alt=\"Titanlegierungspulver\" width=\"300\" height=\"233\" title=\"\" srcset=\"https:\/\/met3dp.sg\/wp-content\/uploads\/2023\/09\/GA-Al-7075-300x233.png 300w, https:\/\/met3dp.sg\/wp-content\/uploads\/2023\/09\/GA-Al-7075.png 498w\" sizes=\"(max-width: 300px) 100vw, 300px\" \/><\/p>\n<p><strong>Anmeldung<\/strong><\/p>\n<p>Hauptanwendungsgebiete sind Wasserstoffbatterien, pulvermetallurgische Rohstoffe, Oberfl\u00e4chenbeschichtungsmittel, Zusatzstoffe f\u00fcr Aluminiumlegierungen, elektrische Vakuumgetter, Spritzlackierung, MIM und andere Bereiche.<\/p>\n<p><strong>Prozess der Pulverisierung:<\/strong><\/p>\n<ol>\n<li>Titan-Schwamm<\/li>\n<li>Vakuum Hoch<\/li>\n<li>Temperatur Hydrierung<\/li>\n<li>Titanhydrid-Hydrierung Granulierung<\/li>\n<li>Titanhydrid-Pulver<\/li>\n<li>Vakuum-Hochtemperatur-Dehydrierung<\/li>\n<li>Dehydrierung Titan<\/li>\n<li>Dehydrierung Granulierung<\/li>\n<li>Screening<\/li>\n<li>Inspektion<\/li>\n<li>Fertige Produkte<\/li>\n<li>Verpackung<\/li>\n<\/ol>\n<p><strong>FAQ<\/strong><\/p>\n<ul>\n<li><strong>H<\/strong><strong>ie k\u00f6nnen wir Qualit\u00e4t garantieren?<\/strong><\/li>\n<\/ul>\n<p>Vor der Massenproduktion wird immer ein Muster hergestellt;<\/p>\n<p>Immer Endkontrolle vor dem Versand;<\/p>\n<ul>\n<li><strong>W<\/strong><strong>as k\u00f6nnen Sie bei uns kaufen?<\/strong><\/li>\n<\/ul>\n<p>3D-Metallpulver, MIM-Pulver, Elektronikpaste, einschlie\u00dflich der Produkte 316L, 17-4ph, H13, Sendust, Inconel718, Inconel625m, Silberpulver, Silberpaste, Seltenerdprodukte.<\/p>","protected":false},"excerpt":{"rendered":"<p>Reintitanpulver mit niedrigem Sauerstoffgehalt ist die Grundlage der pulvermetallurgischen Titanproduktion und auch eines der f\u00fchrenden Produkte des Unternehmens. Derzeit ist das Unternehmen durch HDH-Prozess und Sauerstoff-Kontroll-Technologie, die Produktion von High-End-ultra-feine Low-Sauerstoff reines Titan-Pulver in der international f\u00fchrenden Position in den Indikatoren, mit den Eigenschaften der ultrafeinen Pulvergr\u00f6\u00dfe, ultra-niedrigen Sauerstoffgehalt, geringe Verunreinigungen, um die gro\u00df angelegte Produktion von High-End-Low-Sauerstoff reines Titan-Pulver zu erreichen.<\/p>","protected":false},"featured_media":2165,"comment_status":"open","ping_status":"closed","template":"","meta":[],"product_brand":[],"product_cat":[31,41],"product_tag":[],"class_list":{"0":"post-1418","1":"product","2":"type-product","3":"status-publish","4":"has-post-thumbnail","6":"product_cat-3d-printing-metal-powder","7":"product_cat-titanium-based-alloy-powder","9":"first","10":"instock","11":"shipping-taxable","12":"product-type-simple"},"_links":{"self":[{"href":"https:\/\/met3dp.sg\/de\/wp-json\/wp\/v2\/product\/1418","targetHints":{"allow":["GET"]}}],"collection":[{"href":"https:\/\/met3dp.sg\/de\/wp-json\/wp\/v2\/product"}],"about":[{"href":"https:\/\/met3dp.sg\/de\/wp-json\/wp\/v2\/types\/product"}],"replies":[{"embeddable":true,"href":"https:\/\/met3dp.sg\/de\/wp-json\/wp\/v2\/comments?post=1418"}],"wp:featuredmedia":[{"embeddable":true,"href":"https:\/\/met3dp.sg\/de\/wp-json\/wp\/v2\/media\/2165"}],"wp:attachment":[{"href":"https:\/\/met3dp.sg\/de\/wp-json\/wp\/v2\/media?parent=1418"}],"wp:term":[{"taxonomy":"product_brand","embeddable":true,"href":"https:\/\/met3dp.sg\/de\/wp-json\/wp\/v2\/product_brand?post=1418"},{"taxonomy":"product_cat","embeddable":true,"href":"https:\/\/met3dp.sg\/de\/wp-json\/wp\/v2\/product_cat?post=1418"},{"taxonomy":"product_tag","embeddable":true,"href":"https:\/\/met3dp.sg\/de\/wp-json\/wp\/v2\/product_tag?post=1418"}],"curies":[{"name":"wp","href":"https:\/\/api.w.org\/{rel}","templated":true}]}}