{"id":1638,"date":"2023-09-12T08:32:26","date_gmt":"2023-09-12T08:32:26","guid":{"rendered":"https:\/\/site3.easyceotech.com\/?page_id=1638"},"modified":"2023-09-12T08:33:29","modified_gmt":"2023-09-12T08:33:29","slug":"industrial-manufacturing","status":"publish","type":"page","link":"https:\/\/met3dp.sg\/de\/industrial-manufacturing\/","title":{"rendered":"Industrielle Fertigung"},"content":{"rendered":"<div data-elementor-type=\"wp-page\" data-elementor-id=\"1638\" class=\"elementor elementor-1638\" data-elementor-post-type=\"page\">\n\t\t\t\t<div class=\"elementor-element elementor-element-609ee33 e-flex e-con-boxed e-con e-parent\" data-id=\"609ee33\" data-element_type=\"container\" data-e-type=\"container\" data-settings=\"{&quot;background_background&quot;:&quot;classic&quot;}\">\n\t\t\t\t\t<div class=\"e-con-inner\">\n\t\t\t\t<div class=\"elementor-element elementor-element-523b368 elementor-widget elementor-widget-heading\" data-id=\"523b368\" data-element_type=\"widget\" data-e-type=\"widget\" data-widget_type=\"heading.default\">\n\t\t\t\t<div class=\"elementor-widget-container\">\n\t\t\t\t\t<h1 class=\"elementor-heading-title elementor-size-default\">Industrielle Fertigung<\/h1>\t\t\t\t<\/div>\n\t\t\t\t<\/div>\n\t\t\t\t\t<\/div>\n\t\t\t\t<\/div>\n\t\t<div class=\"elementor-element elementor-element-d18a754 e-flex e-con-boxed e-con e-parent\" data-id=\"d18a754\" data-element_type=\"container\" data-e-type=\"container\">\n\t\t\t\t\t<div class=\"e-con-inner\">\n\t\t<div class=\"elementor-element elementor-element-9bcb66d e-con-full e-flex e-con e-parent\" data-id=\"9bcb66d\" data-element_type=\"container\" data-e-type=\"container\">\n\t\t\t\t<div class=\"elementor-element elementor-element-041b6e9 elementor-widget elementor-widget-image\" data-id=\"041b6e9\" data-element_type=\"widget\" data-e-type=\"widget\" data-widget_type=\"image.default\">\n\t\t\t\t<div class=\"elementor-widget-container\">\n\t\t\t\t\t\t\t\t\t\t\t\t\t\t\t<img fetchpriority=\"high\" decoding=\"async\" width=\"600\" height=\"600\" src=\"https:\/\/met3dp.sg\/wp-content\/uploads\/2023\/09\/w95Fb7EEcjE.jpg\" class=\"attachment-large size-large wp-image-1584\" alt=\"\" srcset=\"https:\/\/met3dp.sg\/wp-content\/uploads\/2023\/09\/w95Fb7EEcjE.jpg 600w, https:\/\/met3dp.sg\/wp-content\/uploads\/2023\/09\/w95Fb7EEcjE-300x300.jpg 300w, https:\/\/met3dp.sg\/wp-content\/uploads\/2023\/09\/w95Fb7EEcjE-150x150.jpg 150w, https:\/\/met3dp.sg\/wp-content\/uploads\/2023\/09\/w95Fb7EEcjE-100x100.jpg 100w\" sizes=\"(max-width: 600px) 100vw, 600px\" title=\"\">\t\t\t\t\t\t\t\t\t\t\t\t\t\t\t<\/div>\n\t\t\t\t<\/div>\n\t\t\t\t<\/div>\n\t\t<div class=\"elementor-element elementor-element-23866d7 e-con-full e-flex e-con e-parent\" data-id=\"23866d7\" data-element_type=\"container\" data-e-type=\"container\">\n\t\t\t\t<div class=\"elementor-element elementor-element-c61b67c elementor-widget elementor-widget-heading\" data-id=\"c61b67c\" data-element_type=\"widget\" data-e-type=\"widget\" data-widget_type=\"heading.default\">\n\t\t\t\t<div class=\"elementor-widget-container\">\n\t\t\t\t\t<h2 class=\"elementor-heading-title elementor-size-default\">Die industrielle Fertigung ist einem st\u00e4ndigen Wandel unterworfen. <\/h2>\t\t\t\t<\/div>\n\t\t\t\t<\/div>\n\t\t\t\t<div class=\"elementor-element elementor-element-b59118a elementor-widget elementor-widget-text-editor\" data-id=\"b59118a\" data-element_type=\"widget\" data-e-type=\"widget\" data-widget_type=\"text-editor.default\">\n\t\t\t\t<div class=\"elementor-widget-container\">\n\t\t\t\t\t\t\t\t\t<p class=\"whitespace-pre-wrap\">Die additive Fertigung erm\u00f6glicht es industriellen Herstellern, komplexe, optimierte Komponenten herzustellen. Der 3D-Metalldruck erm\u00f6glicht Konstruktionen, die mit subtraktiven Verfahren nicht m\u00f6glich sind, und fasst Baugruppen zu einzelnen gedruckten Teilen zusammen. Dadurch werden Produktionsschritte reduziert und die Leistung verbessert.<\/p><p class=\"whitespace-pre-wrap\">Metal 3DP ist der ideale Partner f\u00fcr Industrieunternehmen, die Metall-AM einsetzen. Unsere fortschrittlichen Systeme f\u00fcr das selektive Elektronenstrahlschmelzen eignen sich hervorragend f\u00fcr die Verarbeitung von Stahl, Aluminium, Nickel, Titan und anderen Fertigungslegierungen. Mit unserem Verfahren erzielen wir die mechanischen Eigenschaften, die Pr\u00e4zision und die Oberfl\u00e4cheng\u00fcte, die f\u00fcr industrielle Endprodukte und Werkzeuge erforderlich sind.<\/p><p class=\"whitespace-pre-wrap\">Dar\u00fcber hinaus bietet Metal 3DP eine gro\u00dfe Auswahl an Metallpulvern, die f\u00fcr unsere Drucker optimiert sind. Dazu geh\u00f6ren Edelstahl, martensitaush\u00e4rtender Stahl, Aluminiumlegierungen, Kupferlegierungen und mehr. Unsere hochwertigen Pulver gew\u00e4hrleisten einen zuverl\u00e4ssigen, wiederholbaren Druck von dichten, langlebigen Industriekomponenten.<\/p><p class=\"whitespace-pre-wrap\">Mit seiner branchen\u00fcbergreifenden Erfahrung unterst\u00fctzt Metal 3DP Hersteller bei der Validierung und Qualifizierung gedruckter Teile f\u00fcr die Produktion. Durch den Einsatz unserer f\u00fchrenden L\u00f6sungen f\u00fcr die additive Fertigung k\u00f6nnen Industrieunternehmen den 3D-Metalldruck nutzen, um die Produktion zu rationalisieren und die Leistung der Teile zu verbessern.<\/p><p class=\"whitespace-pre-wrap\">Metal 3DP arbeitet mit Industrieunternehmen zusammen, um Metall-AM zu implementieren und dessen Vorteile zu nutzen. Unsere umfassenden F\u00e4higkeiten bringen additive Techniken f\u00fcr die Fertigung der n\u00e4chsten Generation voran.<\/p>\t\t\t\t\t\t\t\t<\/div>\n\t\t\t\t<\/div>\n\t\t\t\t<\/div>\n\t\t\t\t\t<\/div>\n\t\t\t\t<\/div>\n\t\t\t\t<\/div>","protected":false},"excerpt":{"rendered":"<p>Industrial Manufacturing The Industrial Manufacturing is one of constant change. Additive manufacturing enables industrial manufacturers to produce complex, optimized components. Metal 3D printing facilitates designs not possible with subtractive techniques, consolidating assemblies into single printed parts. This reduces production steps while improving performance. Metal 3DP is the ideal partner for industrial companies implementing metal AM. [&hellip;]<\/p>\n","protected":false},"author":1,"featured_media":0,"parent":0,"menu_order":0,"comment_status":"closed","ping_status":"closed","template":"","meta":{"footnotes":""},"class_list":["post-1638","page","type-page","status-publish","hentry"],"blocksy_meta":[],"_links":{"self":[{"href":"https:\/\/met3dp.sg\/de\/wp-json\/wp\/v2\/pages\/1638","targetHints":{"allow":["GET"]}}],"collection":[{"href":"https:\/\/met3dp.sg\/de\/wp-json\/wp\/v2\/pages"}],"about":[{"href":"https:\/\/met3dp.sg\/de\/wp-json\/wp\/v2\/types\/page"}],"author":[{"embeddable":true,"href":"https:\/\/met3dp.sg\/de\/wp-json\/wp\/v2\/users\/1"}],"replies":[{"embeddable":true,"href":"https:\/\/met3dp.sg\/de\/wp-json\/wp\/v2\/comments?post=1638"}],"version-history":[{"count":4,"href":"https:\/\/met3dp.sg\/de\/wp-json\/wp\/v2\/pages\/1638\/revisions"}],"predecessor-version":[{"id":1645,"href":"https:\/\/met3dp.sg\/de\/wp-json\/wp\/v2\/pages\/1638\/revisions\/1645"}],"wp:attachment":[{"href":"https:\/\/met3dp.sg\/de\/wp-json\/wp\/v2\/media?parent=1638"}],"curies":[{"name":"wp","href":"https:\/\/api.w.org\/{rel}","templated":true}]}}