{"id":1633,"date":"2023-09-12T08:31:20","date_gmt":"2023-09-12T08:31:20","guid":{"rendered":"https:\/\/site3.easyceotech.com\/?page_id=1633"},"modified":"2023-09-12T08:33:23","modified_gmt":"2023-09-12T08:33:23","slug":"energy-sector","status":"publish","type":"page","link":"https:\/\/met3dp.sg\/de\/energy-sector\/","title":{"rendered":"Energiesektor"},"content":{"rendered":"<div data-elementor-type=\"wp-page\" data-elementor-id=\"1633\" class=\"elementor elementor-1633\" data-elementor-post-type=\"page\">\n\t\t\t\t<div class=\"elementor-element elementor-element-4b91bc7 e-flex e-con-boxed e-con e-parent\" data-id=\"4b91bc7\" data-element_type=\"container\" data-e-type=\"container\" data-settings=\"{&quot;background_background&quot;:&quot;classic&quot;}\">\n\t\t\t\t\t<div class=\"e-con-inner\">\n\t\t\t\t<div class=\"elementor-element elementor-element-8565365 elementor-widget elementor-widget-heading\" data-id=\"8565365\" data-element_type=\"widget\" data-e-type=\"widget\" data-widget_type=\"heading.default\">\n\t\t\t\t<div class=\"elementor-widget-container\">\n\t\t\t\t\t<h1 class=\"elementor-heading-title elementor-size-default\">Energiesektor<\/h1>\t\t\t\t<\/div>\n\t\t\t\t<\/div>\n\t\t\t\t\t<\/div>\n\t\t\t\t<\/div>\n\t\t<div class=\"elementor-element elementor-element-aecc530 e-flex e-con-boxed e-con e-parent\" data-id=\"aecc530\" data-element_type=\"container\" data-e-type=\"container\">\n\t\t\t\t\t<div class=\"e-con-inner\">\n\t\t<div class=\"elementor-element elementor-element-0f98921 e-con-full e-flex e-con e-parent\" data-id=\"0f98921\" data-element_type=\"container\" data-e-type=\"container\">\n\t\t\t\t<div class=\"elementor-element elementor-element-1a9c1d7 elementor-widget elementor-widget-image\" data-id=\"1a9c1d7\" data-element_type=\"widget\" data-e-type=\"widget\" data-widget_type=\"image.default\">\n\t\t\t\t<div class=\"elementor-widget-container\">\n\t\t\t\t\t\t\t\t\t\t\t\t\t\t\t<img fetchpriority=\"high\" decoding=\"async\" width=\"600\" height=\"600\" src=\"https:\/\/met3dp.sg\/wp-content\/uploads\/2023\/09\/energy-1.jpg\" class=\"attachment-large size-large wp-image-1583\" alt=\"\" srcset=\"https:\/\/met3dp.sg\/wp-content\/uploads\/2023\/09\/energy-1.jpg 600w, https:\/\/met3dp.sg\/wp-content\/uploads\/2023\/09\/energy-1-300x300.jpg 300w, https:\/\/met3dp.sg\/wp-content\/uploads\/2023\/09\/energy-1-150x150.jpg 150w, https:\/\/met3dp.sg\/wp-content\/uploads\/2023\/09\/energy-1-100x100.jpg 100w\" sizes=\"(max-width: 600px) 100vw, 600px\" title=\"\">\t\t\t\t\t\t\t\t\t\t\t\t\t\t\t<\/div>\n\t\t\t\t<\/div>\n\t\t\t\t<\/div>\n\t\t<div class=\"elementor-element elementor-element-2618746 e-con-full e-flex e-con e-parent\" data-id=\"2618746\" data-element_type=\"container\" data-e-type=\"container\">\n\t\t\t\t<div class=\"elementor-element elementor-element-36c8521 elementor-widget elementor-widget-heading\" data-id=\"36c8521\" data-element_type=\"widget\" data-e-type=\"widget\" data-widget_type=\"heading.default\">\n\t\t\t\t<div class=\"elementor-widget-container\">\n\t\t\t\t\t<h2 class=\"elementor-heading-title elementor-size-default\">Der Energiesektor ist einem st\u00e4ndigen Wandel unterworfen. <\/h2>\t\t\t\t<\/div>\n\t\t\t\t<\/div>\n\t\t\t\t<div class=\"elementor-element elementor-element-bba5b55 elementor-widget elementor-widget-text-editor\" data-id=\"bba5b55\" data-element_type=\"widget\" data-e-type=\"widget\" data-widget_type=\"text-editor.default\">\n\t\t\t\t<div class=\"elementor-widget-container\">\n\t\t\t\t\t\t\t\t\t<p class=\"whitespace-pre-wrap\">Die Energiebranche nutzt die additive Fertigung, um Komponenten mit verbesserter Leistung herzustellen. Der 3D-Metalldruck erm\u00f6glicht komplexe Geometrien zur Verbesserung des W\u00e4rme- und Fl\u00fcssigkeitsflusses in Turbinen, Ventilen und anderen \u00d6l- und Gasbauteilen. Durch die Konsolidierung von Baugruppen in einzelne gedruckte Teile werden auch die Fertigungsschritte reduziert.<\/p><p class=\"whitespace-pre-wrap\">Metal 3DP ist ein idealer Partner f\u00fcr Energieunternehmen, die Metall-AM-Techniken erforschen. Unsere fortschrittlichen Systeme f\u00fcr das selektive Elektronenstrahlschmelzen eignen sich hervorragend f\u00fcr die Bearbeitung von Nickellegierungen, Kobaltlegierungen und rostfreien St\u00e4hlen, die in Energieanwendungen h\u00e4ufig verwendet werden. Mit unserem Verfahren lassen sich die mechanischen Eigenschaften, die Oberfl\u00e4cheng\u00fcte und die Ma\u00dfgenauigkeit erzielen, die f\u00fcr \u00d6l- und Gaskomponenten erforderlich sind.<\/p><p class=\"whitespace-pre-wrap\">Dar\u00fcber hinaus bietet Metal 3DP ein breites Portfolio an Metallpulvern, die f\u00fcr unsere Drucker optimiert sind. Dazu geh\u00f6ren Nickel-, Kobalt- und Edelstahllegierungen, die h\u00e4ufig in der Energieerzeugung sowie in der \u00d6l- und Gasindustrie verwendet werden. Unsere hochwertigen Pulver gew\u00e4hrleisten einen zuverl\u00e4ssigen, wiederholbaren Druck von dichten, langlebigen Energieteilen.<\/p><p class=\"whitespace-pre-wrap\">Mit seiner Erfahrung in regulierten Branchen unterst\u00fctzt Metal 3DP Energieunternehmen bei der Validierung gedruckter Komponenten f\u00fcr den Einsatz in der Praxis. Durch den Einsatz unserer f\u00fchrenden 3D-Drucksysteme und ma\u00dfgeschneiderten Pulver k\u00f6nnen Energieunternehmen Metall-AM zur Verbesserung der Anlagenleistung einsetzen.<\/p><p class=\"whitespace-pre-wrap\">Metal 3DP arbeitet mit dem Energiesektor zusammen, um additive Metalltechniken voranzutreiben. Unsere umfassenden L\u00f6sungen erschlie\u00dfen die Vorteile des 3D-Drucks f\u00fcr Energie-Hardware der n\u00e4chsten Generation.<\/p>\t\t\t\t\t\t\t\t<\/div>\n\t\t\t\t<\/div>\n\t\t\t\t<\/div>\n\t\t\t\t\t<\/div>\n\t\t\t\t<\/div>\n\t\t\t\t<\/div>","protected":false},"excerpt":{"rendered":"<p>Energy Sector The Energy Sector is one of constant change. The energy industry is leveraging additive manufacturing to produce components with enhanced performance. Metal 3D printing enables complex geometries to improve heat and fluid flow in turbines, valves, and other oil and gas hardware. Consolidating assemblies into single printed parts also reduces manufacturing steps. Metal [&hellip;]<\/p>\n","protected":false},"author":1,"featured_media":0,"parent":0,"menu_order":0,"comment_status":"closed","ping_status":"closed","template":"","meta":{"footnotes":""},"class_list":["post-1633","page","type-page","status-publish","hentry"],"blocksy_meta":[],"_links":{"self":[{"href":"https:\/\/met3dp.sg\/de\/wp-json\/wp\/v2\/pages\/1633","targetHints":{"allow":["GET"]}}],"collection":[{"href":"https:\/\/met3dp.sg\/de\/wp-json\/wp\/v2\/pages"}],"about":[{"href":"https:\/\/met3dp.sg\/de\/wp-json\/wp\/v2\/types\/page"}],"author":[{"embeddable":true,"href":"https:\/\/met3dp.sg\/de\/wp-json\/wp\/v2\/users\/1"}],"replies":[{"embeddable":true,"href":"https:\/\/met3dp.sg\/de\/wp-json\/wp\/v2\/comments?post=1633"}],"version-history":[{"count":7,"href":"https:\/\/met3dp.sg\/de\/wp-json\/wp\/v2\/pages\/1633\/revisions"}],"predecessor-version":[{"id":1642,"href":"https:\/\/met3dp.sg\/de\/wp-json\/wp\/v2\/pages\/1633\/revisions\/1642"}],"wp:attachment":[{"href":"https:\/\/met3dp.sg\/de\/wp-json\/wp\/v2\/media?parent=1633"}],"curies":[{"name":"wp","href":"https:\/\/api.w.org\/{rel}","templated":true}]}}