{"id":1628,"date":"2023-09-12T08:29:59","date_gmt":"2023-09-12T08:29:59","guid":{"rendered":"https:\/\/site3.easyceotech.com\/?page_id=1628"},"modified":"2023-09-12T08:30:56","modified_gmt":"2023-09-12T08:30:56","slug":"jewelry-industry","status":"publish","type":"page","link":"https:\/\/met3dp.sg\/de\/jewelry-industry\/","title":{"rendered":"Schmuckindustrie"},"content":{"rendered":"<div data-elementor-type=\"wp-page\" data-elementor-id=\"1628\" class=\"elementor elementor-1628\" data-elementor-post-type=\"page\">\n\t\t\t\t<div class=\"elementor-element elementor-element-0d8c6ff e-flex e-con-boxed e-con e-parent\" data-id=\"0d8c6ff\" data-element_type=\"container\" data-e-type=\"container\" data-settings=\"{&quot;background_background&quot;:&quot;classic&quot;}\">\n\t\t\t\t\t<div class=\"e-con-inner\">\n\t\t\t\t<div class=\"elementor-element elementor-element-cb18ad8 elementor-widget elementor-widget-heading\" data-id=\"cb18ad8\" data-element_type=\"widget\" data-e-type=\"widget\" data-widget_type=\"heading.default\">\n\t\t\t\t<div class=\"elementor-widget-container\">\n\t\t\t\t\t<h1 class=\"elementor-heading-title elementor-size-default\">Schmuckindustrie<\/h1>\t\t\t\t<\/div>\n\t\t\t\t<\/div>\n\t\t\t\t\t<\/div>\n\t\t\t\t<\/div>\n\t\t<div class=\"elementor-element elementor-element-ac3046e e-flex e-con-boxed e-con e-parent\" data-id=\"ac3046e\" data-element_type=\"container\" data-e-type=\"container\">\n\t\t\t\t\t<div class=\"e-con-inner\">\n\t\t<div class=\"elementor-element elementor-element-ce0a1ce e-con-full e-flex e-con e-parent\" data-id=\"ce0a1ce\" data-element_type=\"container\" data-e-type=\"container\">\n\t\t\t\t<div class=\"elementor-element elementor-element-c3a1634 elementor-widget elementor-widget-image\" data-id=\"c3a1634\" data-element_type=\"widget\" data-e-type=\"widget\" data-widget_type=\"image.default\">\n\t\t\t\t<div class=\"elementor-widget-container\">\n\t\t\t\t\t\t\t\t\t\t\t\t\t\t\t<img fetchpriority=\"high\" decoding=\"async\" width=\"600\" height=\"600\" src=\"https:\/\/met3dp.sg\/wp-content\/uploads\/2023\/09\/5ngCICAXiH0.jpg\" class=\"attachment-large size-large wp-image-1591\" alt=\"\" srcset=\"https:\/\/met3dp.sg\/wp-content\/uploads\/2023\/09\/5ngCICAXiH0.jpg 600w, https:\/\/met3dp.sg\/wp-content\/uploads\/2023\/09\/5ngCICAXiH0-300x300.jpg 300w, https:\/\/met3dp.sg\/wp-content\/uploads\/2023\/09\/5ngCICAXiH0-150x150.jpg 150w, https:\/\/met3dp.sg\/wp-content\/uploads\/2023\/09\/5ngCICAXiH0-100x100.jpg 100w\" sizes=\"(max-width: 600px) 100vw, 600px\" title=\"\">\t\t\t\t\t\t\t\t\t\t\t\t\t\t\t<\/div>\n\t\t\t\t<\/div>\n\t\t\t\t<\/div>\n\t\t<div class=\"elementor-element elementor-element-239b6a5 e-con-full e-flex e-con e-parent\" data-id=\"239b6a5\" data-element_type=\"container\" data-e-type=\"container\">\n\t\t\t\t<div class=\"elementor-element elementor-element-2d7bcd9 elementor-widget elementor-widget-heading\" data-id=\"2d7bcd9\" data-element_type=\"widget\" data-e-type=\"widget\" data-widget_type=\"heading.default\">\n\t\t\t\t<div class=\"elementor-widget-container\">\n\t\t\t\t\t<h2 class=\"elementor-heading-title elementor-size-default\">Die Schmuckindustrie ist einem st\u00e4ndigen Wandel unterworfen. <\/h2>\t\t\t\t<\/div>\n\t\t\t\t<\/div>\n\t\t\t\t<div class=\"elementor-element elementor-element-f39b11f elementor-widget elementor-widget-text-editor\" data-id=\"f39b11f\" data-element_type=\"widget\" data-e-type=\"widget\" data-widget_type=\"text-editor.default\">\n\t\t\t\t<div class=\"elementor-widget-container\">\n\t\t\t\t\t\t\t\t\t<p class=\"whitespace-pre-wrap\">Die additive Fertigung erm\u00f6glicht neue Designfreiheiten in der Schmuckherstellung. Der 3D-Druck von Metall erm\u00f6glicht komplizierte, organische Formen, die mit Guss oder CNC-Bearbeitung nicht m\u00f6glich sind. So k\u00f6nnen Juweliere leichte, bequeme und auf den Kunden zugeschnittene St\u00fccke herstellen. Die Technologie erm\u00f6glicht auch die Konsolidierung von Komponenten in einem einzigen gedruckten Teil.<\/p><p class=\"whitespace-pre-wrap\">Metal 3DP ist der ideale Partner f\u00fcr Juweliere, die Metall-AM-Techniken anwenden. Unsere fortschrittlichen Systeme zum selektiven Elektronenstrahlschmelzen eignen sich hervorragend zum Drucken von Edelmetallen wie Gold, Silber und Platinlegierungen. Mit unserem Verfahren erreichen wir die f\u00fcr Schmuck erforderliche feine Oberfl\u00e4chenbeschaffenheit und Ma\u00dfgenauigkeit.<\/p><p class=\"whitespace-pre-wrap\">Dar\u00fcber hinaus bietet Metal 3DP Edelmetallpulver an, die f\u00fcr unsere Drucker optimiert sind. Dazu geh\u00f6ren Gold, Silber, Bronze und mehr. Unsere hochwertigen Pulver gew\u00e4hrleisten einen zuverl\u00e4ssigen, wiederholbaren Druck von dichten, polierten Schmuckst\u00fccken.<\/p><p class=\"whitespace-pre-wrap\">Mit seiner Erfahrung in der Kleinserienfertigung unterst\u00fctzt Metal 3DP Juweliere bei der Einf\u00fchrung des 3D-Drucks von Metall, um die Designm\u00f6glichkeiten zu erweitern. Durch den Einsatz unserer f\u00fchrenden Drucker und ma\u00dfgeschneiderten Edelmetallpulver k\u00f6nnen Juweliere additive Verfahren nutzen, um personalisierte, hochwertige St\u00fccke anzubieten.<\/p><p class=\"whitespace-pre-wrap\">Metal 3DP bietet umfassende L\u00f6sungen, um Metall-AM in der Schmuckproduktion voranzutreiben. Unsere F\u00e4higkeiten erschlie\u00dfen neue Potenziale im Schmuckdesign und in der Fertigung.<\/p>\t\t\t\t\t\t\t\t<\/div>\n\t\t\t\t<\/div>\n\t\t\t\t<\/div>\n\t\t\t\t\t<\/div>\n\t\t\t\t<\/div>\n\t\t\t\t<\/div>","protected":false},"excerpt":{"rendered":"<p>Jewelry Industry The Jewelry Industry is one of constant change. Additive manufacturing is enabling new design freedoms in jewelry production. Metal 3D printing facilitates intricate, organic shapes not possible with castings or CNC machining. This allows jewelers to create lightweight, comfortable pieces tailored to customers. The technology also permits consolidation of components into a single [&hellip;]<\/p>\n","protected":false},"author":1,"featured_media":0,"parent":0,"menu_order":0,"comment_status":"closed","ping_status":"closed","template":"","meta":{"footnotes":""},"class_list":["post-1628","page","type-page","status-publish","hentry"],"blocksy_meta":[],"_links":{"self":[{"href":"https:\/\/met3dp.sg\/de\/wp-json\/wp\/v2\/pages\/1628","targetHints":{"allow":["GET"]}}],"collection":[{"href":"https:\/\/met3dp.sg\/de\/wp-json\/wp\/v2\/pages"}],"about":[{"href":"https:\/\/met3dp.sg\/de\/wp-json\/wp\/v2\/types\/page"}],"author":[{"embeddable":true,"href":"https:\/\/met3dp.sg\/de\/wp-json\/wp\/v2\/users\/1"}],"replies":[{"embeddable":true,"href":"https:\/\/met3dp.sg\/de\/wp-json\/wp\/v2\/comments?post=1628"}],"version-history":[{"count":4,"href":"https:\/\/met3dp.sg\/de\/wp-json\/wp\/v2\/pages\/1628\/revisions"}],"predecessor-version":[{"id":1632,"href":"https:\/\/met3dp.sg\/de\/wp-json\/wp\/v2\/pages\/1628\/revisions\/1632"}],"wp:attachment":[{"href":"https:\/\/met3dp.sg\/de\/wp-json\/wp\/v2\/media?parent=1628"}],"curies":[{"name":"wp","href":"https:\/\/api.w.org\/{rel}","templated":true}]}}