{"id":1620,"date":"2023-09-12T08:28:47","date_gmt":"2023-09-12T08:28:47","guid":{"rendered":"https:\/\/site3.easyceotech.com\/?page_id=1620"},"modified":"2023-09-12T08:29:49","modified_gmt":"2023-09-12T08:29:49","slug":"automotive-industry","status":"publish","type":"page","link":"https:\/\/met3dp.sg\/de\/automotive-industry\/","title":{"rendered":"Autoindustrie"},"content":{"rendered":"<div data-elementor-type=\"wp-page\" data-elementor-id=\"1620\" class=\"elementor elementor-1620\" data-elementor-post-type=\"page\">\n\t\t\t\t<div class=\"elementor-element elementor-element-3231981 e-flex e-con-boxed e-con e-parent\" data-id=\"3231981\" data-element_type=\"container\" data-e-type=\"container\" data-settings=\"{&quot;background_background&quot;:&quot;classic&quot;}\">\n\t\t\t\t\t<div class=\"e-con-inner\">\n\t\t\t\t<div class=\"elementor-element elementor-element-d54008a elementor-widget elementor-widget-heading\" data-id=\"d54008a\" data-element_type=\"widget\" data-e-type=\"widget\" data-widget_type=\"heading.default\">\n\t\t\t\t<div class=\"elementor-widget-container\">\n\t\t\t\t\t<h1 class=\"elementor-heading-title elementor-size-default\">Autoindustrie<\/h1>\t\t\t\t<\/div>\n\t\t\t\t<\/div>\n\t\t\t\t\t<\/div>\n\t\t\t\t<\/div>\n\t\t<div class=\"elementor-element elementor-element-fe7ca0a e-flex e-con-boxed e-con e-parent\" data-id=\"fe7ca0a\" data-element_type=\"container\" data-e-type=\"container\">\n\t\t\t\t\t<div class=\"e-con-inner\">\n\t\t<div class=\"elementor-element elementor-element-60fac3c e-con-full e-flex e-con e-parent\" data-id=\"60fac3c\" data-element_type=\"container\" data-e-type=\"container\">\n\t\t\t\t<div class=\"elementor-element elementor-element-de72268 elementor-widget elementor-widget-image\" data-id=\"de72268\" data-element_type=\"widget\" data-e-type=\"widget\" data-widget_type=\"image.default\">\n\t\t\t\t<div class=\"elementor-widget-container\">\n\t\t\t\t\t\t\t\t\t\t\t\t\t\t\t<img fetchpriority=\"high\" decoding=\"async\" width=\"600\" height=\"600\" src=\"https:\/\/met3dp.sg\/wp-content\/uploads\/2023\/09\/car.jpg\" class=\"attachment-large size-large wp-image-1585\" alt=\"\" srcset=\"https:\/\/met3dp.sg\/wp-content\/uploads\/2023\/09\/car.jpg 600w, https:\/\/met3dp.sg\/wp-content\/uploads\/2023\/09\/car-300x300.jpg 300w, https:\/\/met3dp.sg\/wp-content\/uploads\/2023\/09\/car-150x150.jpg 150w, https:\/\/met3dp.sg\/wp-content\/uploads\/2023\/09\/car-100x100.jpg 100w\" sizes=\"(max-width: 600px) 100vw, 600px\" title=\"\">\t\t\t\t\t\t\t\t\t\t\t\t\t\t\t<\/div>\n\t\t\t\t<\/div>\n\t\t\t\t<\/div>\n\t\t<div class=\"elementor-element elementor-element-df5aeac e-con-full e-flex e-con e-parent\" data-id=\"df5aeac\" data-element_type=\"container\" data-e-type=\"container\">\n\t\t\t\t<div class=\"elementor-element elementor-element-c10db38 elementor-widget elementor-widget-heading\" data-id=\"c10db38\" data-element_type=\"widget\" data-e-type=\"widget\" data-widget_type=\"heading.default\">\n\t\t\t\t<div class=\"elementor-widget-container\">\n\t\t\t\t\t<h2 class=\"elementor-heading-title elementor-size-default\">Die Automobilindustrie befindet sich in einem st\u00e4ndigen Wandel. <\/h2>\t\t\t\t<\/div>\n\t\t\t\t<\/div>\n\t\t\t\t<div class=\"elementor-element elementor-element-c1fc19b elementor-widget elementor-widget-text-editor\" data-id=\"c1fc19b\" data-element_type=\"widget\" data-e-type=\"widget\" data-widget_type=\"text-editor.default\">\n\t\t\t\t<div class=\"elementor-widget-container\">\n\t\t\t\t\t\t\t\t\t<p class=\"whitespace-pre-wrap\">Die additive Fertigung gewinnt in der Automobilindustrie zunehmend an Bedeutung f\u00fcr die Herstellung leichter, optimierter Komponenten. Der 3D-Druck von Metall erm\u00f6glicht es, bei komplexen Konstruktionen das Gewicht zu reduzieren und gleichzeitig die Festigkeit zu erhalten. Dies ist entscheidend f\u00fcr die Verbesserung der Kraftstoffeffizienz und Leistung von Fahrzeugen. Die Konsolidierung von Baugruppen in einzelne gedruckte Teile rationalisiert auch die Produktion.<\/p><p class=\"whitespace-pre-wrap\">Metal 3DP ist der ideale Partner f\u00fcr Automobilunternehmen, die Metall-AM einsetzen. Unsere fortschrittlichen Drucker f\u00fcr das selektive Elektronenstrahlschmelzen eignen sich hervorragend f\u00fcr die Verarbeitung von Aluminium-, Titan- und Stahllegierungen, die in der Automobilherstellung h\u00e4ufig verwendet werden. Unsere Systeme erreichen die Pr\u00e4zision, die Oberfl\u00e4chenbeschaffenheit und die mechanischen Eigenschaften, die f\u00fcr die Endnutzung von Automobilteilen und Werkzeugen erforderlich sind.<\/p><p class=\"whitespace-pre-wrap\">Dar\u00fcber hinaus bietet Metal 3DP eine gro\u00dfe Auswahl an Metallpulvern, die f\u00fcr unsere Drucker optimiert sind. Dazu geh\u00f6ren Aluminium, Titan, Nickel, Edelstahl und mehr. Unsere hochwertigen Pulver gew\u00e4hrleisten einen zuverl\u00e4ssigen, wiederholbaren Druck von dichten, langlebigen Automobilkomponenten.<\/p><p class=\"whitespace-pre-wrap\">Mit seiner umfassenden Erfahrung im Bereich der additiven Metallverfahren unterst\u00fctzt Metal 3DP Automobilhersteller dabei, gedruckte Teile f\u00fcr die Massenproduktion zu validieren. Durch den Einsatz unserer f\u00fchrenden 3D-Drucker und ma\u00dfgeschneiderten Pulver k\u00f6nnen Automobilunternehmen die Metall-AM nutzen, um die Flexibilit\u00e4t der Fertigung und die Leistung der Fahrzeuge zu verbessern.<\/p><p class=\"whitespace-pre-wrap\">Metal 3DP arbeitet mit Automobilherstellern zusammen, um den 3D-Druck von Metall zu implementieren und seine Vorteile zu nutzen. Unsere umfassenden L\u00f6sungen bringen die additive Fertigung in der Automobilbranche voran.<\/p>\t\t\t\t\t\t\t\t<\/div>\n\t\t\t\t<\/div>\n\t\t\t\t<\/div>\n\t\t\t\t\t<\/div>\n\t\t\t\t<\/div>\n\t\t\t\t<\/div>","protected":false},"excerpt":{"rendered":"<p>Automotive Industry The Automotive Industry is one of constant change. Additive manufacturing is gaining traction in automotive for producing lightweight, optimized components. Metal 3D printing enables complex designs to reduce weight while retaining strength. This is crucial for improving vehicle fuel efficiency and performance. Consolidating assemblies into single printed parts also streamlines production. Metal 3DP [&hellip;]<\/p>\n","protected":false},"author":1,"featured_media":0,"parent":0,"menu_order":0,"comment_status":"closed","ping_status":"closed","template":"","meta":{"footnotes":""},"class_list":["post-1620","page","type-page","status-publish","hentry"],"blocksy_meta":[],"_links":{"self":[{"href":"https:\/\/met3dp.sg\/de\/wp-json\/wp\/v2\/pages\/1620","targetHints":{"allow":["GET"]}}],"collection":[{"href":"https:\/\/met3dp.sg\/de\/wp-json\/wp\/v2\/pages"}],"about":[{"href":"https:\/\/met3dp.sg\/de\/wp-json\/wp\/v2\/types\/page"}],"author":[{"embeddable":true,"href":"https:\/\/met3dp.sg\/de\/wp-json\/wp\/v2\/users\/1"}],"replies":[{"embeddable":true,"href":"https:\/\/met3dp.sg\/de\/wp-json\/wp\/v2\/comments?post=1620"}],"version-history":[{"count":7,"href":"https:\/\/met3dp.sg\/de\/wp-json\/wp\/v2\/pages\/1620\/revisions"}],"predecessor-version":[{"id":1627,"href":"https:\/\/met3dp.sg\/de\/wp-json\/wp\/v2\/pages\/1620\/revisions\/1627"}],"wp:attachment":[{"href":"https:\/\/met3dp.sg\/de\/wp-json\/wp\/v2\/media?parent=1620"}],"curies":[{"name":"wp","href":"https:\/\/api.w.org\/{rel}","templated":true}]}}